{"id":13382,"date":"2024-05-03T06:35:29","date_gmt":"2024-05-03T06:35:29","guid":{"rendered":"https:\/\/elfsight.com\/fr\/?page_id=13382"},"modified":"2025-07-09T17:21:37","modified_gmt":"2025-07-09T17:21:37","slug":"magento","status":"publish","type":"page","link":"https:\/\/elfsight.com\/fr\/facebook-chat-widget\/magento\/","title":{"rendered":"Facebook Chat &#8211; Magento"},"content":{"rendered":"<div class=\"application-platform-content-item-description application-platform-content-item\" id=\"description\" data-nav-section=\"description\"> <h2>Description<\/h2> <p>Facebook Chat Box d\u00e9velopp\u00e9 par Elfsight est le moyen le plus pratique permettant aux utilisateurs de votre site Web de vous envoyer un message et d&rsquo;entendre r\u00e9ponses \u00e0 leurs questions et demandes. Vous \u00eates d\u00e9sormais disponible d\u00e8s maintenant pour les visiteurs dans l&rsquo;un des messagers les plus pr\u00e9f\u00e9r\u00e9s \u00e0 tout moment. Placez le chat en direct sur votre page Web et il peut appara\u00eetre sur les pages les plus importantes ou pour des cat\u00e9gories particuli\u00e8res de client\u00e8le, choisir des d\u00e9clencheurs de d\u00e9marrage du chat, afficher votre propre message de bienvenue, aligner les ic\u00f4nes et bien plus encore. Avec l&rsquo;aide de Facebook Messenger fonctionnant sur le site Web, vous serez connect\u00e9 \u00e0 vos clients \u00e0 tout moment et o\u00f9 que vous soyez. <\/p> <div class=\"faq\" data-component=\"FAQ\"><div class=\"faq-item\">\r\n\t\t\t\t\t<div class=\"faq-item-question\">\r\n\t\t\t\t\t\t<h3 class=\"faq-item-question-text\">De quelle mani\u00e8re puis-je int\u00e9grer un chat Facebook Messenger au site Magento ? <\/h3>\r\n\r\n\t\t\t\t\t\t<div class=\"faq-item-question-icon\"><\/div>\r\n\t\t\t\t\t<\/div>\r\n\r\n\t\t\t\t\t<div class=\"faq-item-answer\">\r\n\t\t\t\t\t\t<div class=\"faq-item-answer-text\"><p>La cr\u00e9ation de l&rsquo;outil se d\u00e9roule sur Elfsight pages et vous n&rsquo;avez pas besoin de coder. Acc\u00e9dez \u00e0 la d\u00e9mo en ligne pour cr\u00e9er votre application, acqu\u00e9rez le code et int\u00e9grez-le dans votre site. <\/p><\/div>\r\n\t\t\t\t\t<\/div>\r\n\t\t\t\t<\/div><div class=\"faq-item\">\r\n\t\t\t\t\t<div class=\"faq-item-question\">\r\n\t\t\t\t\t\t<h3 class=\"faq-item-question-text\">Les meilleures fa\u00e7ons d'utiliser l'int\u00e9gration du chat en direct de Facebook<\/h3>\r\n\r\n\t\t\t\t\t\t<div class=\"faq-item-question-icon\"><\/div>\r\n\t\t\t\t\t<\/div>\r\n\r\n\t\t\t\t\t<div class=\"faq-item-answer\">\r\n\t\t\t\t\t\t<div class=\"faq-item-answer-text\"><p>Nous proposons une multitude d&rsquo;opportunit\u00e9s de personnalisation\u00a0: des widgets \u00e0 grande \u00e9chelle \u00e0 ins\u00e9rer dans la zone de contenu , des plugins flottants avec des options de d\u00e9filement, des vignettes pour le pied de page de votre site Web, la section d&rsquo;en-t\u00eate et toutes les variantes d&rsquo;opportunit\u00e9s verticales pour les barres lat\u00e9rales et les menus. <\/p><\/div>\r\n\t\t\t\t\t<\/div>\r\n\t\t\t\t<\/div><div class=\"faq-item\">\r\n\t\t\t\t\t<div class=\"faq-item-question\">\r\n\t\t\t\t\t\t<h3 class=\"faq-item-question-text\">Comment puis-je cr\u00e9er un chat Facebook de commentaires ou d'int\u00e9gration avec l'aide de votre \u00e9diteur ? <\/h3>\r\n\r\n\t\t\t\t\t\t<div class=\"faq-item-question-icon\"><\/div>\r\n\t\t\t\t\t<\/div>\r\n\r\n\t\t\t\t\t<div class=\"faq-item-answer\">\r\n\t\t\t\t\t\t<div class=\"faq-item-answer-text\"><p>Vous \u00eates invit\u00e9s \u00e0 fa\u00e7onner les modifications de n&rsquo;importe quel widget. Il existe un large \u00e9ventail de mises en page applicables dans l&rsquo;\u00e9diteur, et toutes peuvent \u00eatre facilement personnalis\u00e9es selon vos besoins. <\/p><\/div>\r\n\t\t\t\t\t<\/div>\r\n\t\t\t\t<\/div><\/div><\/div> <div class=\"application-platform-content-item-features application-platform-content-item\" id=\"features\" data-nav-section=\"features\"> <h2>Fonctionnalit\u00e9s<\/h2> <p>Afin d&rsquo;acqu\u00e9rir une connaissance compl\u00e8te de l&rsquo;extension, vous pouvez \u00e9tudier la liste de ses fonctions les plus importantes. Ils rendent ce widget incroyablement efficace pour votre magasin\u00a0:<\/p> <ul><li>Configurez Facebook Messenger sur votre site Web pour discuter avec les clients\u00a0;<\/li><li>Continuez \u00e0 discuter directement depuis votre page Facebook\u00a0;<\/li><li> Trois types de position de discussion\u00a0: bulle flottante, bulle int\u00e9gr\u00e9e et fen\u00eatre de discussion int\u00e9gr\u00e9e\u00a0;<\/li><li> Choisissez votre variante d&rsquo;ic\u00f4ne de bulle dans la biblioth\u00e8que d&rsquo;ic\u00f4nes disponibles\u00a0; <\/li><li>Entrez le texte personnalis\u00e9 de la bulle de discussion.<\/li><\/ul><p><a href=\"#demo\">D\u00e9couvrez plus de fonctionnalit\u00e9s dans notre d\u00e9mo<\/a><\/p> <\/div> <div class=\"application-platform-content-item-installation application-platform-content-item\" id=\"installation\" data-nav-section=\"installation\"> <h2>Comment ajouter le chat Facebook sur votre site Web Magento<\/h2> <p>Suivez simplement les instructions ci-dessous pour commencer \u00e0 travailler avec l&rsquo;extension sur Magento.<\/p> <ol><li><b>Ex\u00e9cutez notre \u00e9diteur gratuit et commencez \u00e0 cr\u00e9er votre propre extension de chat Facebook. <\/b><br> D\u00e9terminez l&rsquo;interface personnalis\u00e9e et les sp\u00e9cifications de l&rsquo;outil et appliquez les corrections. <\/li> <li><b>Copiez le code individuel expos\u00e9 dans la fen\u00eatre sur les applications Elfsight. <\/b><br> D\u00e8s que la personnalisation de votre widget est termin\u00e9e, copiez le code individuel dans la fen\u00eatre qui appara\u00eet et conservez-le pour d&rsquo;autres besoins. <\/li> <li><b>Initiez l&rsquo;utilisation de l&rsquo;outil sur la page Web de Magento. <\/b><br> Impl\u00e9mentez le code que vous avez enregistr\u00e9 r\u00e9cemment dans votre page Web et enregistrez les modifications. <\/li> <li><b>Vous avez termin\u00e9\u00a0! L&rsquo;int\u00e9gration est enti\u00e8rement r\u00e9alis\u00e9e. <\/b><br> Acc\u00e9dez \u00e0 votre site Web pour v\u00e9rifier les performances du widget. <\/li><\/ol><p>Vous avez encore des doutes\u00a0? Ou vous \u00eates tomb\u00e9 sur quelque chose ? Une simple demande \u00e0 notre \u00e9quipe d\u2019assistance r\u00e9pondra \u00e0 chaque question. <\/p> <\/div>","protected":false},"excerpt":{"rendered":"","protected":false},"author":9,"featured_media":0,"parent":1415,"menu_order":0,"comment_status":"closed","ping_status":"closed","template":"templates\/template-application-platform.php","meta":{"publish_to_discourse":"","publish_post_category":"","wpdc_auto_publish_overridden":"","wpdc_topic_tags":"","wpdc_pin_topic":"","wpdc_pin_until":"","discourse_post_id":"","discourse_permalink":"","wpdc_publishing_response":"","wpdc_publishing_error":"","footnotes":""},"class_list":["post-13382","page","type-page","status-publish","hentry"],"yoast_head":"<!-- This site is optimized with the Yoast SEO plugin v25.3.1 - https:\/\/yoast.com\/wordpress\/plugins\/seo\/ -->\n<title>Facebook Chat - ajouter l&#039;extension Messenger au site Web Magento (2026)<\/title>\n<meta name=\"description\" content=\"Il est tr\u00e8s simple de cr\u00e9er votre widget Facebook Chat et de le placer sur la page Web Magento. Le service client Elfsight est gratuit.\" \/>\n<meta name=\"robots\" content=\"index, follow, max-snippet:-1, max-image-preview:large, max-video-preview:-1\" \/>\n<link rel=\"canonical\" href=\"https:\/\/elfsight.com\/fr\/facebook-chat-widget\/magento\/\" \/>\n<meta property=\"og:locale\" content=\"fr_FR\" \/>\n<meta property=\"og:type\" content=\"article\" \/>\n<meta property=\"og:title\" content=\"Facebook Chat - ajouter l&#039;extension Messenger au site Web Magento (2026)\" \/>\n<meta property=\"og:description\" content=\"Il est tr\u00e8s simple de cr\u00e9er votre widget Facebook Chat et de le placer sur la page Web Magento. Le service client Elfsight est gratuit.\" \/>\n<meta property=\"og:url\" content=\"https:\/\/elfsight.com\/fr\/facebook-chat-widget\/magento\/\" \/>\n<meta property=\"og:site_name\" content=\"Elfsight FR\" \/>\n<meta property=\"article:modified_time\" content=\"2025-07-09T17:21:37+00:00\" \/>\n<meta name=\"twitter:card\" content=\"summary_large_image\" \/>\n<meta name=\"twitter:label1\" content=\"Dur\u00e9e de lecture estim\u00e9e\" \/>\n\t<meta name=\"twitter:data1\" content=\"3 minutes\" \/>\n<!-- \/ Yoast SEO plugin. -->","yoast_head_json":{"title":"Facebook Chat - ajouter l'extension Messenger au site Web Magento (2026)","description":"Il est tr\u00e8s simple de cr\u00e9er votre widget Facebook Chat et de le placer sur la page Web Magento. Le service client Elfsight est gratuit.","robots":{"index":"index","follow":"follow","max-snippet":"max-snippet:-1","max-image-preview":"max-image-preview:large","max-video-preview":"max-video-preview:-1"},"canonical":"https:\/\/elfsight.com\/fr\/facebook-chat-widget\/magento\/","og_locale":"fr_FR","og_type":"article","og_title":"Facebook Chat - ajouter l'extension Messenger au site Web Magento (2026)","og_description":"Il est tr\u00e8s simple de cr\u00e9er votre widget Facebook Chat et de le placer sur la page Web Magento. Le service client Elfsight est gratuit.","og_url":"https:\/\/elfsight.com\/fr\/facebook-chat-widget\/magento\/","og_site_name":"Elfsight FR","article_modified_time":"2025-07-09T17:21:37+00:00","twitter_card":"summary_large_image","twitter_misc":{"Dur\u00e9e de lecture estim\u00e9e":"3 minutes"},"schema":{"@context":"https:\/\/schema.org","@graph":[{"@type":"WebPage","@id":"https:\/\/elfsight.com\/fr\/facebook-chat-widget\/magento\/","url":"https:\/\/elfsight.com\/fr\/facebook-chat-widget\/magento\/","name":"Facebook Chat - ajouter l'extension Messenger au site Web Magento (2026)","isPartOf":{"@id":"https:\/\/elfsight.com\/fr\/#website"},"datePublished":"2024-05-03T06:35:29+00:00","dateModified":"2025-07-09T17:21:37+00:00","description":"Il est tr\u00e8s simple de cr\u00e9er votre widget Facebook Chat et de le placer sur la page Web Magento. Le service client Elfsight est gratuit.","breadcrumb":{"@id":"https:\/\/elfsight.com\/fr\/facebook-chat-widget\/magento\/#breadcrumb"},"inLanguage":"fr-FR","potentialAction":[{"@type":"ReadAction","target":["https:\/\/elfsight.com\/fr\/facebook-chat-widget\/magento\/"]}]},{"@type":"BreadcrumbList","@id":"https:\/\/elfsight.com\/fr\/facebook-chat-widget\/magento\/#breadcrumb","itemListElement":[{"@type":"ListItem","position":1,"name":"Home","item":"https:\/\/elfsight.com\/fr\/"},{"@type":"ListItem","position":2,"name":"Facebook Chat","item":"https:\/\/elfsight.com\/fr\/facebook-chat-widget\/"},{"@type":"ListItem","position":3,"name":"Facebook Chat &#8211; Magento"}]},{"@type":"WebSite","@id":"https:\/\/elfsight.com\/fr\/#website","url":"https:\/\/elfsight.com\/fr\/","name":"Elfsight FR","description":"","potentialAction":[{"@type":"SearchAction","target":{"@type":"EntryPoint","urlTemplate":"https:\/\/elfsight.com\/fr\/?s={search_term_string}"},"query-input":{"@type":"PropertyValueSpecification","valueRequired":true,"valueName":"search_term_string"}}],"inLanguage":"fr-FR"}]}},"meta_box":{"industry":"","seo_heading":"","heading":"","description":"","cta_heading":"","cta_description":"","application":"1406","h1":"Chat Magento Facebook Messenger","h1_caption":"Ajoutez une extension de chat Facebook Messenger \u00e0 votre site Web, offrant ainsi aux utilisateurs un moyen simple de vous contacter sans effort sur votre site Web Magento.","application_category":[],"applications_title":"","applications_request_title":"","applications_request_button_text":"","hero_text":"","hero_video":"","hero_video_schema_markup":"","selling_points_title":"","selling_points_caption":"","selling_points":[],"selling_points_cta_text":"","features_title":"","features":"","ed_cta_examples_text":"","ed_cta_examples_hidden":"","ed_cta_demo_text":"","ed_cta_demo_hidden":"","why_caption":"","why_editor_title":"","why_editor_text":"","why_team_title":"","why_team_text":"","why_service_title":"","why_service_text":"","template_catalog_visible":"","template_catalog_title":"","template_catalog_text":"","template_catalog_categories_visible":"","demo_title":"Cr\u00e9ez votre extension de chat Facebook","demo_caption":"Configurez votre chat Facebook et ajoutez-le \u00e0 votre site Magento gratuitement !","default_faq_hidden":"","app_template_category":[],"platform":"357","template_public_id":"","codecanyon_url":"","codecanyon_item_id":"","codecanyon_price":"","pricing_caption":"","pricing_elfsight_apps_hide_column":"","pricing_elfsight_apps_url":"","pricing_codecanyon_price_caption":"","integration_category":[],"integration_request_title":"","integration_request_cta":"","integration_platform":"","integrations":[],"platform_category":[],"video_schema_markup":"","price":"\u00e0 partir de 0$ \/ mois","trial":"","benefits":[{"text":"Aide \u00e0 l'installation gratuite"},{"text":"Service client professionnel"},{"text":"Garantie de remboursement de 14 jours"},{"text":"Am\u00e9liorations continues"}],"button_url":"#demo","button_target_blank":"","button_nofollow":"","attributes":[{"name":"Installations","content":"10,000 - 100,000"},{"name":"Sensible","content":"Oui"},{"name":"Navigateurs compatibles","content":"Firefox, Safari, Opera, Chrome, Edge"}],"tags":[],"tags_disable_links":"","hide_more_platforms":"","video_object":"","demo_hide_cta":"","demo_hide_cloud_options":"","pricing_title":"","pricing":[{"pricing_icon":"platform","pricing_title":"Elfsight Apps","pricing_title_caption":"Version multiplateforme qui fonctionne sur n'importe quel site","pricing_price":"from $0 \/ month","pricing_price_caption":"commencez avec un forfait gratuit","pricing_benefits":[{"text":"Sites Web illimit\u00e9s"},{"text":"Assistance professionnelle, ponctuelle et bien document\u00e9e"},{"text":"Assistance \u00e0 l'installation gratuite"},{"text":"Enti\u00e8rement personnalisable"}],"pricing_button_text":"Ajouter au site Web","pricing_button_url":"#demo"}],"related_apps_title":"","related_apps_hidden":"","author":"","image":[],"title":"","job":"","social_networks":[]},"_links":{"self":[{"href":"https:\/\/elfsight.com\/fr\/wp-json\/wp\/v2\/pages\/13382","targetHints":{"allow":["GET"]}}],"collection":[{"href":"https:\/\/elfsight.com\/fr\/wp-json\/wp\/v2\/pages"}],"about":[{"href":"https:\/\/elfsight.com\/fr\/wp-json\/wp\/v2\/types\/page"}],"author":[{"embeddable":true,"href":"https:\/\/elfsight.com\/fr\/wp-json\/wp\/v2\/users\/9"}],"replies":[{"embeddable":true,"href":"https:\/\/elfsight.com\/fr\/wp-json\/wp\/v2\/comments?post=13382"}],"version-history":[{"count":1,"href":"https:\/\/elfsight.com\/fr\/wp-json\/wp\/v2\/pages\/13382\/revisions"}],"predecessor-version":[{"id":13386,"href":"https:\/\/elfsight.com\/fr\/wp-json\/wp\/v2\/pages\/13382\/revisions\/13386"}],"up":[{"embeddable":true,"href":"https:\/\/elfsight.com\/fr\/wp-json\/wp\/v2\/pages\/1415"}],"wp:attachment":[{"href":"https:\/\/elfsight.com\/fr\/wp-json\/wp\/v2\/media?parent=13382"}],"curies":[{"name":"wp","href":"https:\/\/api.w.org\/{rel}","templated":true}]}}