{"id":13379,"date":"2024-05-03T06:35:26","date_gmt":"2024-05-03T06:35:26","guid":{"rendered":"https:\/\/elfsight.com\/fr\/?page_id=13379"},"modified":"2025-07-09T17:21:59","modified_gmt":"2025-07-09T17:21:59","slug":"shopify","status":"publish","type":"page","link":"https:\/\/elfsight.com\/fr\/facebook-chat-widget\/shopify\/","title":{"rendered":"Facebook Chat &#8211; Shopify"},"content":{"rendered":"<div class=\"application-platform-content-item-description application-platform-content-item\" id=\"description\" data-nav-section=\"description\"> <h2>Int\u00e9grez le chat Facebook sur Shopify avec le widget Elfsight<\/h2><p>Le chat Facebook par Elfsight est un moyen simple et rapide pour votre site Web client\u00e8le pour discuter avec vous et obtenir des r\u00e9ponses \u00e0 leurs questions. Restez disponible pour votre client\u00e8le dans sa messagerie la plus appr\u00e9ci\u00e9e toute la journ\u00e9e. Int\u00e9grez notre application dans votre page Web et configurez-la pour qu&rsquo;elle apparaisse sur toutes les pages, ou choisissez des pages sp\u00e9cifiques ou des groupes de clients qui la verront\u00a0; activer les d\u00e9clencheurs de d\u00e9marrage du chat\u00a0; afficher votre message de bienvenue personnel\u00a0; choisissez des ic\u00f4nes et appliquez d\u2019autres personnalisations. Int\u00e9grez Facebook Messenger sur votre boutique pour rester en contact avec vos spectateurs \u00e0 toute heure et quel que soit votre emplacement.<\/p> <div class=\"faq\" data-component=\"FAQ\"> <div class=\"faq-item\">\r\n\t\t\t\t\t<div class=\"faq-item-question\">\r\n\t\t\t\t\t\t<h3 class=\"faq-item-question-text\">O\u00f9 sur mon site puis-je l'int\u00e9grer<\/h3>\r\n\r\n\t\t\t\t\t\t<div class=\"faq-item-question-icon\"><\/div>\r\n\t\t\t\t\t<\/div>\r\n\r\n\t\t\t\t\t<div class=\"faq-item-answer\">\r\n\t\t\t\t\t\t<div class=\"faq-item-answer-text\"> <p>Vous pouvez placer Chat Facebook sur toutes les pages de votre site Web, ou uniquement sur les pages s\u00e9lectionn\u00e9es. Vous pouvez \u00e9galement le restreindre sur les pages choisies si vous le souhaitez sans le messager.<\/p> <\/div>\r\n\t\t\t\t\t<\/div>\r\n\t\t\t\t<\/div> <div class=\"faq-item\">\r\n\t\t\t\t\t<div class=\"faq-item-question\">\r\n\t\t\t\t\t\t<h3 class=\"faq-item-question-text\">Quels sont les avantages d'avoir l'application Chat pour moi ?<\/h3>\r\n\r\n\t\t\t\t\t\t<div class=\"faq-item-question-icon\"><\/div>\r\n\t\t\t\t\t<\/div>\r\n\r\n\t\t\t\t\t<div class=\"faq-item-answer\">\r\n\t\t\t\t\t\t<div class=\"faq-item-answer-text\"> <p>Ce messager fera il est facile pour les clients de vous envoyer leurs demandes et de d\u00e9marrer des discussions. Cela peut vous aider \u00e0 augmenter le nombre de prospects et d\u2019achats. De plus, une r\u00e9ponse rapide et une approche personnalis\u00e9e am\u00e9lioreront la qualit\u00e9 de votre interaction client.<\/p> <\/div>\r\n\t\t\t\t\t<\/div>\r\n\t\t\t\t<\/div> <div class=\"faq-item\">\r\n\t\t\t\t\t<div class=\"faq-item-question\">\r\n\t\t\t\t\t\t<h3 class=\"faq-item-question-text\">Comment puis-je ajouter Facebook Messenger sur mon site ?<\/h3>\r\n\r\n\t\t\t\t\t\t<div class=\"faq-item-question-icon\"><\/div>\r\n\t\t\t\t\t<\/div>\r\n\r\n\t\t\t\t\t<div class=\"faq-item-answer\">\r\n\t\t\t\t\t\t<div class=\"faq-item-answer-text\"> <p>Cela ne prend que deux minutes il est temps de commencer \u00e0 utiliser le widget. L&rsquo;int\u00e9gration est extr\u00eamement rapide, gratuite et sans codage.<\/p> <p>Le widget peut \u00eatre ajout\u00e9 via notre service ou via la place de march\u00e9. Ici, vous pouvez voir les avantages de ces options et s\u00e9lectionner la v\u00f4tre.<\/p> <\/div>\r\n\t\t\t\t\t<\/div>\r\n\t\t\t\t<\/div> <\/div> <\/div> <div class=\"application-platform-content-item-features application-platform-content-item\" id=\"features\" data-nav-section=\"features\"> <h2>Principales fonctionnalit\u00e9s du widget Facebook Chat<\/h2> <p>Pour mieux comprendre le fonctionnement de l&rsquo;application Shopify Facebook Messenger, examinez la liste de ses principales caract\u00e9ristiques. Ils rendent le widget vraiment efficace pour vous\u00a0:<\/p> <ul><li>Int\u00e9grez Facebook sur votre site Web pour rester en contact avec les utilisateurs\u00a0;<\/li><li>Continuez \u00e0 communiquer directement depuis votre page Facebook\u00a0;<\/li> <li>Essayez 3\u00a0types de position de discussion\u00a0: bulle flottante, bulle int\u00e9gr\u00e9e et fen\u00eatre de discussion int\u00e9gr\u00e9e\u00a0;<\/li><li> S\u00e9lectionnez l&rsquo;ic\u00f4ne de votre bulle dans notre collection d&rsquo;ic\u00f4nes disponibles\u00a0;<\/li><li>Modifiez le texte de la bulle de discussion.<\/li><\/ul><p><a href=\"#demo\">La d\u00e9mo en direct vous r\u00e9v\u00e9lera toutes les fonctionnalit\u00e9s<\/a><\/p> <\/div> <div class=\"application-platform-content-item-installation  application-platform-content-item\" id=\"installation \" data-nav-section=\"installation \"> <h2>Comment int\u00e9grer l&rsquo;application Facebook Messenger sur votre boutique Shopify<\/h2><div class=\"video-container\"> <iframe width=\"720\" height=\"405\" src=\"https:\/\/www.youtube.com\/embed\/tiQWuXkWUiA\" frameborder=\"0\" allowfullscreen=\"\"><\/iframe><\/div><p>La seule chose dont vous avez besoin est de suivre ces \u00e9tapes simples\u00a0:<\/p> <ol><li><b>Ouvrez notre d\u00e9mo gratuite et commencez \u00e0 cr\u00e9er votre application unique. <\/b><br> Recherchez l&rsquo;interface et les param\u00e8tres pr\u00e9f\u00e9r\u00e9s de l&rsquo;application et appliquez toutes les corrections. <\/li> <li><b>Copiez le code unique pr\u00e9sent\u00e9 dans le formulaire sp\u00e9cial sur les applications Elfsight. <\/b><br> Une fois la personnalisation de votre application termin\u00e9e, copiez le code personnel dans la fen\u00eatre qui appara\u00eet et conservez-le pour une utilisation ult\u00e9rieure. <\/li> <li><b>Initiez l&rsquo;utilisation de l&rsquo;application sur le site Web Shopify. <\/b><br> Impl\u00e9mentez le code que vous avez enregistr\u00e9 auparavant dans votre site Web et enregistrez les am\u00e9liorations. <\/li> <li><b>Vous avez termin\u00e9\u00a0! L&rsquo;int\u00e9gration est enti\u00e8rement termin\u00e9e. <\/b><br> Acc\u00e9dez \u00e0 votre site Web pour examiner les performances de l&rsquo;application. <\/li><\/ol><p>Toujours instable\u00a0? Ou vous avez des probl\u00e8mes ? Une seule demande \u00e0 notre service client r\u00e9soudra tous les probl\u00e8mes.<\/p> <\/div>","protected":false},"excerpt":{"rendered":"","protected":false},"author":9,"featured_media":0,"parent":1415,"menu_order":0,"comment_status":"closed","ping_status":"closed","template":"templates\/template-application-platform.php","meta":{"publish_to_discourse":"","publish_post_category":"","wpdc_auto_publish_overridden":"","wpdc_topic_tags":"","wpdc_pin_topic":"","wpdc_pin_until":"","discourse_post_id":"","discourse_permalink":"","wpdc_publishing_response":"","wpdc_publishing_error":"","footnotes":""},"class_list":["post-13379","page","type-page","status-publish","hentry"],"yoast_head":"<!-- This site is optimized with the Yoast SEO plugin v25.3.1 - https:\/\/yoast.com\/wordpress\/plugins\/seo\/ -->\n<title>Facebook Chat - ajouter l&#039;application Facebook Messenger au site Web Shopify (2026)<\/title>\n<meta name=\"description\" content=\"Il est facile de cr\u00e9er votre messagerie Facebook personnelle et de l&#039;int\u00e9grer \u00e0 la boutique Shopify. Le support client Elfsight est gratuit et rapide.\" \/>\n<meta name=\"robots\" content=\"index, follow, max-snippet:-1, max-image-preview:large, max-video-preview:-1\" \/>\n<link rel=\"canonical\" href=\"https:\/\/elfsight.com\/fr\/facebook-chat-widget\/shopify\/\" \/>\n<meta property=\"og:locale\" content=\"fr_FR\" \/>\n<meta property=\"og:type\" content=\"article\" \/>\n<meta property=\"og:title\" content=\"Facebook Chat - ajouter l&#039;application Facebook Messenger au site Web Shopify (2026)\" \/>\n<meta property=\"og:description\" content=\"Il est facile de cr\u00e9er votre messagerie Facebook personnelle et de l&#039;int\u00e9grer \u00e0 la boutique Shopify. Le support client Elfsight est gratuit et rapide.\" \/>\n<meta property=\"og:url\" content=\"https:\/\/elfsight.com\/fr\/facebook-chat-widget\/shopify\/\" \/>\n<meta property=\"og:site_name\" content=\"Elfsight FR\" \/>\n<meta property=\"article:modified_time\" content=\"2025-07-09T17:21:59+00:00\" \/>\n<meta name=\"twitter:card\" content=\"summary_large_image\" \/>\n<meta name=\"twitter:label1\" content=\"Dur\u00e9e de lecture estim\u00e9e\" \/>\n\t<meta name=\"twitter:data1\" content=\"3 minutes\" \/>\n<!-- \/ Yoast SEO plugin. -->","yoast_head_json":{"title":"Facebook Chat - ajouter l'application Facebook Messenger au site Web Shopify (2026)","description":"Il est facile de cr\u00e9er votre messagerie Facebook personnelle et de l'int\u00e9grer \u00e0 la boutique Shopify. Le support client Elfsight est gratuit et rapide.","robots":{"index":"index","follow":"follow","max-snippet":"max-snippet:-1","max-image-preview":"max-image-preview:large","max-video-preview":"max-video-preview:-1"},"canonical":"https:\/\/elfsight.com\/fr\/facebook-chat-widget\/shopify\/","og_locale":"fr_FR","og_type":"article","og_title":"Facebook Chat - ajouter l'application Facebook Messenger au site Web Shopify (2026)","og_description":"Il est facile de cr\u00e9er votre messagerie Facebook personnelle et de l'int\u00e9grer \u00e0 la boutique Shopify. Le support client Elfsight est gratuit et rapide.","og_url":"https:\/\/elfsight.com\/fr\/facebook-chat-widget\/shopify\/","og_site_name":"Elfsight FR","article_modified_time":"2025-07-09T17:21:59+00:00","twitter_card":"summary_large_image","twitter_misc":{"Dur\u00e9e de lecture estim\u00e9e":"3 minutes"},"schema":{"@context":"https:\/\/schema.org","@graph":[{"@type":"WebPage","@id":"https:\/\/elfsight.com\/fr\/facebook-chat-widget\/shopify\/","url":"https:\/\/elfsight.com\/fr\/facebook-chat-widget\/shopify\/","name":"Facebook Chat - ajouter l'application Facebook Messenger au site Web Shopify (2026)","isPartOf":{"@id":"https:\/\/elfsight.com\/fr\/#website"},"datePublished":"2024-05-03T06:35:26+00:00","dateModified":"2025-07-09T17:21:59+00:00","description":"Il est facile de cr\u00e9er votre messagerie Facebook personnelle et de l'int\u00e9grer \u00e0 la boutique Shopify. Le support client Elfsight est gratuit et rapide.","breadcrumb":{"@id":"https:\/\/elfsight.com\/fr\/facebook-chat-widget\/shopify\/#breadcrumb"},"inLanguage":"fr-FR","potentialAction":[{"@type":"ReadAction","target":["https:\/\/elfsight.com\/fr\/facebook-chat-widget\/shopify\/"]}]},{"@type":"BreadcrumbList","@id":"https:\/\/elfsight.com\/fr\/facebook-chat-widget\/shopify\/#breadcrumb","itemListElement":[{"@type":"ListItem","position":1,"name":"Home","item":"https:\/\/elfsight.com\/fr\/"},{"@type":"ListItem","position":2,"name":"Facebook Chat","item":"https:\/\/elfsight.com\/fr\/facebook-chat-widget\/"},{"@type":"ListItem","position":3,"name":"Facebook Chat &#8211; Shopify"}]},{"@type":"WebSite","@id":"https:\/\/elfsight.com\/fr\/#website","url":"https:\/\/elfsight.com\/fr\/","name":"Elfsight FR","description":"","potentialAction":[{"@type":"SearchAction","target":{"@type":"EntryPoint","urlTemplate":"https:\/\/elfsight.com\/fr\/?s={search_term_string}"},"query-input":{"@type":"PropertyValueSpecification","valueRequired":true,"valueName":"search_term_string"}}],"inLanguage":"fr-FR"}]}},"meta_box":{"industry":"","seo_heading":"","heading":"","description":"","cta_heading":"","cta_description":"","application":"1406","h1":"Application Shopify Facebook Messenger","h1_caption":"Ajoutez une application de chat Facebook Messenger \u00e0 votre site Web, offrant ainsi aux utilisateurs un moyen simple de vous contacter sans effort sur votre site Web Shopify.","application_category":[],"applications_title":"","applications_request_title":"","applications_request_button_text":"","hero_text":"","hero_video":"","hero_video_schema_markup":"","selling_points_title":"","selling_points_caption":"","selling_points":[],"selling_points_cta_text":"","features_title":"","features":"","ed_cta_examples_text":"","ed_cta_examples_hidden":"","ed_cta_demo_text":"","ed_cta_demo_hidden":"","why_caption":"","why_editor_title":"","why_editor_text":"","why_team_title":"","why_team_text":"","why_service_title":"","why_service_text":"","template_catalog_visible":"","template_catalog_title":"","template_catalog_text":"","template_catalog_categories_visible":"","demo_title":"Cr\u00e9ez votre application Facebook Chat","demo_caption":"Configurez votre chat Facebook et ajoutez-le \u00e0 votre site Web Shopify gratuitement !","default_faq_hidden":"","app_template_category":[],"platform":"360","template_public_id":"","codecanyon_url":"","codecanyon_item_id":"","codecanyon_price":"","pricing_caption":"","pricing_elfsight_apps_hide_column":"","pricing_elfsight_apps_url":"","pricing_codecanyon_price_caption":"","integration_category":[],"integration_request_title":"","integration_request_cta":"","integration_platform":"","integrations":[],"platform_category":[],"video_schema_markup":"","price":"\u00e0 partir de 0$ \/ mois","trial":"","benefits":[{"text":"Service d'installation gratuit"},{"text":"Assistance premium"},{"text":"Garantie de remboursement de 14 jours"},{"text":"Mises \u00e0 jour gratuites et continues"}],"button_url":"#demo","button_target_blank":"","button_nofollow":"","attributes":[{"name":"Installations","content":"10,000 - 100,000"},{"name":"Sensible","content":"Oui"},{"name":"Navigateurs compatibles","content":"Firefox, Safari, Opera, Chrome, Edge"}],"tags":[],"tags_disable_links":"","hide_more_platforms":"","video_object":"","demo_hide_cta":"","demo_hide_cloud_options":"","pricing_title":"","pricing":[{"pricing_icon":"cloud","pricing_title":"Elfsight Apps","pricing_title_caption":"Version multiplateforme qui fonctionne sur n'importe quel site Web","pricing_price":"from $0 \/ month","pricing_price_caption":"commencez avec un forfait gratuit","pricing_benefits":[{"text":"Sites Web illimit\u00e9s"},{"text":"Assistance premium"},{"text":"Service d'installation gratuit"},{"text":"Offre sp\u00e9ciale pour plusieurs applications"}],"pricing_button_text":"Ajouter au site Web","pricing_button_url":"#demo"}],"related_apps_title":"","related_apps_hidden":"","author":"","image":[],"title":"","job":"","social_networks":[]},"_links":{"self":[{"href":"https:\/\/elfsight.com\/fr\/wp-json\/wp\/v2\/pages\/13379","targetHints":{"allow":["GET"]}}],"collection":[{"href":"https:\/\/elfsight.com\/fr\/wp-json\/wp\/v2\/pages"}],"about":[{"href":"https:\/\/elfsight.com\/fr\/wp-json\/wp\/v2\/types\/page"}],"author":[{"embeddable":true,"href":"https:\/\/elfsight.com\/fr\/wp-json\/wp\/v2\/users\/9"}],"replies":[{"embeddable":true,"href":"https:\/\/elfsight.com\/fr\/wp-json\/wp\/v2\/comments?post=13379"}],"version-history":[{"count":2,"href":"https:\/\/elfsight.com\/fr\/wp-json\/wp\/v2\/pages\/13379\/revisions"}],"predecessor-version":[{"id":15194,"href":"https:\/\/elfsight.com\/fr\/wp-json\/wp\/v2\/pages\/13379\/revisions\/15194"}],"up":[{"embeddable":true,"href":"https:\/\/elfsight.com\/fr\/wp-json\/wp\/v2\/pages\/1415"}],"wp:attachment":[{"href":"https:\/\/elfsight.com\/fr\/wp-json\/wp\/v2\/media?parent=13379"}],"curies":[{"name":"wp","href":"https:\/\/api.w.org\/{rel}","templated":true}]}}