{"id":13373,"date":"2024-05-03T06:35:24","date_gmt":"2024-05-03T06:35:24","guid":{"rendered":"https:\/\/elfsight.com\/fr\/?page_id=13373"},"modified":"2024-12-20T08:19:55","modified_gmt":"2024-12-20T08:19:55","slug":"elementor","status":"publish","type":"page","link":"https:\/\/elfsight.com\/fr\/facebook-chat-widget\/elementor\/","title":{"rendered":"Facebook Chat &#8211; Elementor"},"content":{"rendered":"\n<div class=\"application-platform-content-item-description application-platform-content-item\" id=\"description\" data-nav-section=\"description\"> \n  <h2>Int\u00e9grez le chat Facebook sur Elementor avec le widget Elfsight<\/h2> \n  <p>Facebook Messenger cr\u00e9\u00e9 par Elfsight est la variante la plus pratique pour les clients de votre site Web pour entamer une conversation avec vous et recevoir des r\u00e9ponses \u00e0 leurs questions et demandes. Vous pouvez d\u00e9sormais \u00eatre disponible en direct pour vos t\u00e9l\u00e9spectateurs dans leur messagerie pr\u00e9f\u00e9r\u00e9e. Ajoutez un widget Chat pour Facebook \u00e0 toutes les pages de votre boutique, s\u00e9lectionnez certaines pages pour cela ; laissez-le s&rsquo;afficher pour tous les visiteurs ou uniquement pour des types sp\u00e9cifi\u00e9s de clients ; \u00e9tablissez des d\u00e9clencheurs de d\u00e9marrage de discussion, incluez votre message de bienvenue personnalis\u00e9, s\u00e9lectionnez des ic\u00f4nes et bien plus encore. Avec le chat Facebook sur votre page Web, vous resterez en contact avec vos utilisateurs \u00e0 tout moment et depuis n&rsquo;importe quel endroit.<\/p> \n\n  <div class=\"faq\" data-component=\"FAQ\"> \n    <div class=\"faq-item\">\r\n\t\t\t\t\t<div class=\"faq-item-question\">\r\n\t\t\t\t\t\t<h3 class=\"faq-item-question-text\">O\u00f9 sur mon site puis-je int\u00e9grer ce plugin<\/h3>\r\n\r\n\t\t\t\t\t\t<div class=\"faq-item-question-icon\"><\/div>\r\n\t\t\t\t\t<\/div>\r\n\r\n\t\t\t\t\t<div class=\"faq-item-answer\">\r\n\t\t\t\t\t\t<div class=\"faq-item-answer-text\"> \n      <p>Vous pouvez int\u00e9grer Facebook Chat dans chaque page de votre site, ou uniquement dans des pages s\u00e9lectionn\u00e9es. Une autre option consiste \u00e0 l&rsquo;exclure des pages choisies, l\u00e0 o\u00f9 vous ne le souhaitez pas.<\/p> \n    <\/div>\r\n\t\t\t\t\t<\/div>\r\n\t\t\t\t<\/div> \n\n    <div class=\"faq-item\">\r\n\t\t\t\t\t<div class=\"faq-item-question\">\r\n\t\t\t\t\t\t<h3 class=\"faq-item-question-text\">Quels avantages cela peut-il m'apporter ?<\/h3>\r\n\r\n\t\t\t\t\t\t<div class=\"faq-item-question-icon\"><\/div>\r\n\t\t\t\t\t<\/div>\r\n\r\n\t\t\t\t\t<div class=\"faq-item-answer\">\r\n\t\t\t\t\t\t<div class=\"faq-item-answer-text\"> \n      <p>Cela permettra aux clients de vous atteindre avec leurs questions, demandes ou probl\u00e8mes. Cela peut contribuer \u00e0 augmenter le nombre de prospects et de ventes sur votre site. De plus, des r\u00e9ponses rapides et une approche individuelle augmenteront le niveau de vos relations clients.<\/p> \n    <\/div>\r\n\t\t\t\t\t<\/div>\r\n\t\t\t\t<\/div> \n\n    <div class=\"faq-item\">\r\n\t\t\t\t\t<div class=\"faq-item-question\">\r\n\t\t\t\t\t\t<h3 class=\"faq-item-question-text\">De quoi ai-je besoin pour int\u00e9grer Facebook Messenger \u00e0 mon site Web Elementor ?<\/h3>\r\n\r\n\t\t\t\t\t\t<div class=\"faq-item-question-icon\"><\/div>\r\n\t\t\t\t\t<\/div>\r\n\r\n\t\t\t\t\t<div class=\"faq-item-answer\">\r\n\t\t\t\t\t\t<div class=\"faq-item-answer-text\"> \n      <p>Il ne faudra que deux minutes pour commencer \u00e0 utiliser le widget. L&rsquo;installation est extr\u00eamement rapide, gratuite et sans codage.<\/p> \n      <p>Elfsight Facebook Chat peut \u00eatre ins\u00e9r\u00e9 dans votre site via notre service ou via la place de march\u00e9. Vous pouvez choisir les deux options et en choisir une plus adapt\u00e9e.<\/p> \n    <\/div>\r\n\t\t\t\t\t<\/div>\r\n\t\t\t\t<\/div> \n  <\/div> \n<\/div> \n\n<div class=\"application-platform-content-item-features application-platform-content-item\" id=\"features\" data-nav-section=\"features\"> \n  <h2>Principales fonctionnalit\u00e9s du widget Facebook Chat<\/h2> \n  <p>Pour mieux comprendre le widget Chat, consultez la liste des fonctions essentielles dont il dispose. Elles rendent ce widget extr\u00eamement b\u00e9n\u00e9fique pour vous :<\/p> \n  <ul>\n    <li>Ins\u00e9rez Facebook Messenger dans votre boutique pour vous connecter avec les spectateurs ;<\/li>\n    <li>Conservez la messagerie directement depuis votre compte Facebook ;<\/li>\n    <li>Choisissez entre trois variantes de pr\u00e9sentation du chat : sous forme de bulle flottante, de bulle int\u00e9gr\u00e9e et de fen\u00eatre de discussion int\u00e9gr\u00e9e ;<\/li>\n    <li>Utilisez une collection d&rsquo;ic\u00f4nes de bulle parmi lesquelles choisir ;<\/li>\n    <li>Entrez votre nom personnel et texte de la bulle de discussion.<\/li>\n  <\/ul>\n  <p><a href=\"#demo\">La d\u00e9mo en direct vous montrera une liste compl\u00e8te des fonctionnalit\u00e9s<\/a><\/p>\n<\/div>\n\n<div class=\"application-platform-content-item-installation application-platform-content-item\" id=\"installation\" data-nav-section=\"installation\"> \n  <h2>Voyons comment ajouter le chat Facebook \u00e0 votre site Web Elementor<\/h2>\n  <div class=\"video-container\">\n    <iframe width=\"720\" height=\"405\" src=\"https:\/\/www.youtube.com\/embed\/mcaqM0XgAvs\" frameborder=\"0\" allowfullscreen><\/iframe>\n  <\/div>\n  <p>Suivez simplement quelques \u00e9tapes d\u00e9crites ci-dessous pour ajouter le widget \u00e0 votre site.<\/p>\n  <ul>\n    <li><b>Cr\u00e9ez votre widget de chat personnalis\u00e9<\/b><br>Avec l&rsquo;aide de notre \u00e9diteur gratuit, g\u00e9n\u00e9rez un plugin avec un design et des capacit\u00e9s pr\u00e9f\u00e9rables.<\/li>\n    <li><b>Acqu\u00e9rir un code pour installer le plugin<\/b><br>Apr\u00e8s le param\u00e9trage du widget, recevez un code pour le widget Chat \u00e0 partir de la notification apparaissant sur les applications Elfsight.<\/li>\n    <li><b>Int\u00e9grer le plugin sur le site Web<\/b><br>Affichez le plugin \u00e0 l&rsquo;endroit souhait\u00e9 du site Web et enregistrez les r\u00e9sultats.<\/li>\n    <li><b>Termin\u00e9 !<\/b><br>Visitez votre site Web Elementor pour voir votre plugin.<\/li>\n  <\/ul>\n  <p>Vous n&rsquo;arrivez toujours pas \u00e0 vous d\u00e9cider ? Ou avez-vous quelque chose \u00e0 demander ? Une simple demande \u00e0 notre service client vous aidera \u00e0 r\u00e9soudre tout probl\u00e8me.<\/p>\n<\/div>\n\n","protected":false},"excerpt":{"rendered":"","protected":false},"author":9,"featured_media":0,"parent":1415,"menu_order":0,"comment_status":"closed","ping_status":"closed","template":"templates\/template-application-platform.php","meta":{"publish_to_discourse":"","publish_post_category":"","wpdc_auto_publish_overridden":"","wpdc_topic_tags":"","wpdc_pin_topic":"","wpdc_pin_until":"","discourse_post_id":"","discourse_permalink":"","wpdc_publishing_response":"","wpdc_publishing_error":"","footnotes":""},"class_list":["post-13373","page","type-page","status-publish","hentry"],"yoast_head":"<!-- This site is optimized with the Yoast SEO plugin v25.3.1 - https:\/\/yoast.com\/wordpress\/plugins\/seo\/ -->\n<title>Facebook Messenger - ajoutez un chat en direct au site Web Elementor<\/title>\n<meta name=\"description\" content=\"Avec Elfsight, concevez votre widget Facebook Chat et affichez-le sur votre site Web Elementor rapidement et facilement. Nous offrons un service client gratuit et plus de bonus.\" \/>\n<meta name=\"robots\" content=\"index, follow, max-snippet:-1, max-image-preview:large, max-video-preview:-1\" \/>\n<link rel=\"canonical\" href=\"https:\/\/elfsight.com\/fr\/facebook-chat-widget\/elementor\/\" \/>\n<meta property=\"og:locale\" content=\"fr_FR\" \/>\n<meta property=\"og:type\" content=\"article\" \/>\n<meta property=\"og:title\" content=\"Facebook Messenger - ajoutez un chat en direct au site Web Elementor\" \/>\n<meta property=\"og:description\" content=\"Avec Elfsight, concevez votre widget Facebook Chat et affichez-le sur votre site Web Elementor rapidement et facilement. Nous offrons un service client gratuit et plus de bonus.\" \/>\n<meta property=\"og:url\" content=\"https:\/\/elfsight.com\/fr\/facebook-chat-widget\/elementor\/\" \/>\n<meta property=\"og:site_name\" content=\"Elfsight FR\" \/>\n<meta property=\"article:modified_time\" content=\"2024-12-20T08:19:55+00:00\" \/>\n<meta name=\"twitter:card\" content=\"summary_large_image\" \/>\n<meta name=\"twitter:label1\" content=\"Dur\u00e9e de lecture estim\u00e9e\" \/>\n\t<meta name=\"twitter:data1\" content=\"3 minutes\" \/>\n<!-- \/ Yoast SEO plugin. -->","yoast_head_json":{"title":"Facebook Messenger - ajoutez un chat en direct au site Web Elementor","description":"Avec Elfsight, concevez votre widget Facebook Chat et affichez-le sur votre site Web Elementor rapidement et facilement. Nous offrons un service client gratuit et plus de bonus.","robots":{"index":"index","follow":"follow","max-snippet":"max-snippet:-1","max-image-preview":"max-image-preview:large","max-video-preview":"max-video-preview:-1"},"canonical":"https:\/\/elfsight.com\/fr\/facebook-chat-widget\/elementor\/","og_locale":"fr_FR","og_type":"article","og_title":"Facebook Messenger - ajoutez un chat en direct au site Web Elementor","og_description":"Avec Elfsight, concevez votre widget Facebook Chat et affichez-le sur votre site Web Elementor rapidement et facilement. Nous offrons un service client gratuit et plus de bonus.","og_url":"https:\/\/elfsight.com\/fr\/facebook-chat-widget\/elementor\/","og_site_name":"Elfsight FR","article_modified_time":"2024-12-20T08:19:55+00:00","twitter_card":"summary_large_image","twitter_misc":{"Dur\u00e9e de lecture estim\u00e9e":"3 minutes"},"schema":{"@context":"https:\/\/schema.org","@graph":[{"@type":"WebPage","@id":"https:\/\/elfsight.com\/fr\/facebook-chat-widget\/elementor\/","url":"https:\/\/elfsight.com\/fr\/facebook-chat-widget\/elementor\/","name":"Facebook Messenger - ajoutez un chat en direct au site Web Elementor","isPartOf":{"@id":"https:\/\/elfsight.com\/fr\/#website"},"datePublished":"2024-05-03T06:35:24+00:00","dateModified":"2024-12-20T08:19:55+00:00","description":"Avec Elfsight, concevez votre widget Facebook Chat et affichez-le sur votre site Web Elementor rapidement et facilement. Nous offrons un service client gratuit et plus de bonus.","breadcrumb":{"@id":"https:\/\/elfsight.com\/fr\/facebook-chat-widget\/elementor\/#breadcrumb"},"inLanguage":"fr-FR","potentialAction":[{"@type":"ReadAction","target":["https:\/\/elfsight.com\/fr\/facebook-chat-widget\/elementor\/"]}]},{"@type":"BreadcrumbList","@id":"https:\/\/elfsight.com\/fr\/facebook-chat-widget\/elementor\/#breadcrumb","itemListElement":[{"@type":"ListItem","position":1,"name":"Home","item":"https:\/\/elfsight.com\/fr\/"},{"@type":"ListItem","position":2,"name":"Facebook Chat","item":"https:\/\/elfsight.com\/fr\/facebook-chat-widget\/"},{"@type":"ListItem","position":3,"name":"Facebook Chat &#8211; Elementor"}]},{"@type":"WebSite","@id":"https:\/\/elfsight.com\/fr\/#website","url":"https:\/\/elfsight.com\/fr\/","name":"Elfsight FR","description":"","potentialAction":[{"@type":"SearchAction","target":{"@type":"EntryPoint","urlTemplate":"https:\/\/elfsight.com\/fr\/?s={search_term_string}"},"query-input":{"@type":"PropertyValueSpecification","valueRequired":true,"valueName":"search_term_string"}}],"inLanguage":"fr-FR"}]}},"meta_box":{"industry":"","seo_heading":"","heading":"","description":"","cta_heading":"","cta_description":"","application":"1406","h1":"Widget Elementor Facebook Messenger","h1_caption":"Ajoutez un widget de chat Facebook Messenger \u00e0 votre site Web, offrant ainsi aux utilisateurs un moyen simple de vous contacter sans effort sur votre site Web Elementor.","application_category":[],"applications_title":"","applications_request_title":"","applications_request_button_text":"","hero_text":"","hero_video":"","hero_video_schema_markup":"","selling_points_title":"","selling_points_caption":"","selling_points":[],"selling_points_cta_text":"","features_title":"","features":"","ed_cta_examples_text":"","ed_cta_examples_hidden":"","ed_cta_demo_text":"","ed_cta_demo_hidden":"","why_caption":"","why_editor_title":"","why_editor_text":"","why_team_title":"","why_team_text":"","why_service_title":"","why_service_text":"","template_catalog_visible":"0","template_catalog_title":"","template_catalog_text":"","template_catalog_categories_visible":"","demo_title":"Cr\u00e9ez votre widget de chat Facebook","demo_caption":"Configurez votre chat Facebook et ajoutez-le \u00e0 votre site Web Elementor gratuitement !","default_faq_hidden":"","app_template_category":[],"platform":"385","template_public_id":"","codecanyon_url":"","codecanyon_item_id":"","codecanyon_price":"","pricing_caption":"","pricing_elfsight_apps_hide_column":"","pricing_elfsight_apps_url":"","pricing_codecanyon_price_caption":"","integration_category":[],"integration_request_title":"","integration_request_cta":"","integration_platform":"","integrations":[],"platform_category":[],"video_schema_markup":"","price":"\u00e0 partir de 0$ \/ mois","trial":"","benefits":[{"text":"Service d'installation gratuit"},{"text":"Soutien exceptionnel"},{"text":"Garantie de remboursement de 14 jours"},{"text":"Mises \u00e0 jour gratuites en continu"}],"button_url":"#demo","button_target_blank":"0","button_nofollow":"0","attributes":[{"name":"Installations","content":"10,000 - 100,000"},{"name":"Sensible","content":"Conception adaptative"},{"name":"Navigateurs compatibles","content":"Firefox, Safari, Opera, Chrome, Edge"}],"tags":[],"tags_disable_links":"0","hide_more_platforms":"","video_object":"","demo_hide_cta":"0","demo_hide_cloud_options":"0","pricing_title":"","pricing":[{"pricing_icon":"platform","pricing_title":"Elfsight Apps","pricing_title_caption":"Solution num\u00e9rique multiplateforme","pricing_price":"from $0 \/ month","pricing_price_caption":"commencez avec un forfait gratuit","pricing_benefits":[{"text":"Domaines illimit\u00e9s"},{"text":"Support client premium et bien document\u00e9"},{"text":"Service d'installation gratuit"},{"text":"Prix \u200b\u200bsp\u00e9cial pour plusieurs applications"}],"pricing_button_text":"Ajouter au site Web","pricing_button_url":"#demo"}],"related_apps_title":"","related_apps_hidden":"0","author":"","image":[],"title":"","job":"","social_networks":[]},"_links":{"self":[{"href":"https:\/\/elfsight.com\/fr\/wp-json\/wp\/v2\/pages\/13373","targetHints":{"allow":["GET"]}}],"collection":[{"href":"https:\/\/elfsight.com\/fr\/wp-json\/wp\/v2\/pages"}],"about":[{"href":"https:\/\/elfsight.com\/fr\/wp-json\/wp\/v2\/types\/page"}],"author":[{"embeddable":true,"href":"https:\/\/elfsight.com\/fr\/wp-json\/wp\/v2\/users\/9"}],"replies":[{"embeddable":true,"href":"https:\/\/elfsight.com\/fr\/wp-json\/wp\/v2\/comments?post=13373"}],"version-history":[{"count":2,"href":"https:\/\/elfsight.com\/fr\/wp-json\/wp\/v2\/pages\/13373\/revisions"}],"predecessor-version":[{"id":15942,"href":"https:\/\/elfsight.com\/fr\/wp-json\/wp\/v2\/pages\/13373\/revisions\/15942"}],"up":[{"embeddable":true,"href":"https:\/\/elfsight.com\/fr\/wp-json\/wp\/v2\/pages\/1415"}],"wp:attachment":[{"href":"https:\/\/elfsight.com\/fr\/wp-json\/wp\/v2\/media?parent=13373"}],"curies":[{"name":"wp","href":"https:\/\/api.w.org\/{rel}","templated":true}]}}