{"id":13372,"date":"2024-05-03T06:35:23","date_gmt":"2024-05-03T06:35:23","guid":{"rendered":"https:\/\/elfsight.com\/fr\/?page_id=13372"},"modified":"2025-07-09T17:21:08","modified_gmt":"2025-07-09T17:21:08","slug":"iframe","status":"publish","type":"page","link":"https:\/\/elfsight.com\/fr\/facebook-chat-widget\/iframe\/","title":{"rendered":"Facebook Chat &#8211; iFrame"},"content":{"rendered":"<div class=\"application-platform-content-item-description application-platform-content-item\" id=\"description\" data-nav-section=\"description\"><h2>Int\u00e9grez Facebook Chat sur iFrame avec le widget Elfsight<\/h2><p>Facebook Chat cr\u00e9\u00e9 par Elfsight est le moyen le plus simple pour les utilisateurs de votre site Web pour communiquer avec vous et obtenir des r\u00e9ponses \u00e0 leurs questions. Vous \u00eates d\u00e9sormais disponible en ligne pour votre public dans la messagerie la plus confortable toute la journ\u00e9e. Collez Messenger sur une page Web et faites-le appara\u00eetre sur les pages les plus importantes ou pour certains types de client\u00e8le, attribuez des d\u00e9clencheurs de d\u00e9marrage de discussion, affichez votre message de bienvenue unique, choisissez des ic\u00f4nes et faites plus encore. Avec notre chat sur votre site, vous resterez inform\u00e9 par vos visiteurs \u00e0 tout moment et de n&rsquo;importe o\u00f9.<\/p><p><b>Choisissez le chat Facebook et am\u00e9liorez votre service client !<\/b><\/p> <\/div> <div class=\"application-platform-content-item-features application-platform-content-item\" id=\"features\" data-nav-section=\"features\"><h2>Principales fonctionnalit\u00e9s du widget Facebook Chat<\/h2><p>Pour une meilleure compr\u00e9hension de Facebook Chat, consultez la liste de ses fonctionnalit\u00e9s les plus importantes. Ils rendent notre widget incroyablement efficace pour votre promotion\u00a0: <\/p> <ul><li>Int\u00e9grez Facebook Messenger sur votre site pour rester toujours disponible pour les utilisateurs\u00a0;<\/li><li>R\u00e9pondez aux messages directement depuis votre page Facebook\u00a0;<\/li><li>Utilisez 3 types de pr\u00e9sentation de discussion\u00a0: sous forme de bulle flottante, de bulle int\u00e9gr\u00e9e et de fen\u00eatre de discussion int\u00e9gr\u00e9e\u00a0;<\/li><li>Explorez une collection d&rsquo;ic\u00f4nes de bulles \u00e0 partir desquelles vous pouvez extraire| Recherchez votre ic\u00f4ne de bulle dans la biblioth\u00e8que d&rsquo;ic\u00f4nes disponibles\u00a0;<\/li><li>Modifiez le texte de la bulle de discussion.<\/li><\/ul><p><a href=\"#demo\">V\u00e9rifiez tous les fonctionnalit\u00e9s dans la d\u00e9mo en direct<\/a><\/p><\/div><div class=\"application-platform-content-item-installation application-platform-content-item\" id=\"installation\" data-nav-section=\"installation\"><h2>Comment ajouter Facebook Messenger au site Web iFrame<\/h2><p>Pour activer le widget, suivez simplement les \u00e9tapes ci-dessous. <\/p> <ol><li><b>Cr\u00e9ez votre propre plugin Messenger<\/b><br> \u00c0 l&rsquo;aide de notre d\u00e9mo gratuite, cr\u00e9ez un plugin avec une mise en page et des caract\u00e9ristiques fonctionnelles pr\u00e9f\u00e9rables. <\/li><li><b>Copiez le code personnel pour int\u00e9grer le plugin<\/b><br> Apr\u00e8s avoir configur\u00e9 votre widget, vous recevrez le code individuel de la notification contextuelle sur les applications Elfsight. Copiez ce code pour une utilisation ult\u00e9rieure. <\/li> <li><b>Ajoutez le plugin sur votre site iFrame<\/b><br> Choisissez l&rsquo;endroit sur lequel vous pr\u00e9voyez d&rsquo;afficher le plugin et collez-y le code copi\u00e9. Appliquez les r\u00e9sultats. <\/li> <li><b>Vous avez r\u00e9ussi l&rsquo;installation<\/b><br> Acc\u00e9dez \u00e0 votre site Web pour afficher votre messagerie. <\/li> <\/ol><p>N&rsquo;h\u00e9sitez pas \u00e0 contacter notre \u00e9quipe de support client si vous avez des questions. Nos sp\u00e9cialistes vous aideront en cas de probl\u00e8me. <\/p> <div class=\"faq\" data-component=\"FAQ\"> <div class=\"faq-item\">\r\n\t\t\t\t\t<div class=\"faq-item-question\">\r\n\t\t\t\t\t\t<h3 class=\"faq-item-question-text\">Comment ajouter Facebook Chat \u00e0 mon site iFrame sans comp\u00e9tences en codage ?<\/h3>\r\n\r\n\t\t\t\t\t\t<div class=\"faq-item-question-icon\"><\/div>\r\n\t\t\t\t\t<\/div>\r\n\r\n\t\t\t\t\t<div class=\"faq-item-answer\">\r\n\t\t\t\t\t\t<div class=\"faq-item-answer-text\"> <p>Elfsight fournit une solution SaaS qui vous permet de cr\u00e9er vous-m\u00eame un widget Facebook Chat, voyez \u00e0 quel point le processus est simple est\u00a0: travaillez directement dans l&rsquo;\u00e9diteur en ligne pour cr\u00e9er un widget de chat Facebook que vous aimeriez voir sur votre site Web iFrame. Choisissez l&rsquo;un des mod\u00e8les pr\u00e9d\u00e9finis et ajustez les param\u00e8tres du chat Facebook, ajoutez votre contenu, modifiez la mise en page et les couleurs sans aucune comp\u00e9tence en codage. Enregistrez le chat Facebook et copiez son code d&rsquo;installation, que vous pouvez facilement ajouter \u00e0 votre site Web iFrame sans acheter de version payante. Gr\u00e2ce \u00e0 notre \u00e9diteur intuitif, tout internaute peut cr\u00e9er un widget Facebook Chat en ligne et l&rsquo;int\u00e9grer facilement \u00e0 son site Web iFrame. Il n&rsquo;est pas n\u00e9cessaire de payer ou de saisir les informations d&rsquo;identification de votre carte pour acc\u00e9der au service. Si vous rencontrez des probl\u00e8mes \u00e0 n&rsquo;importe quelle \u00e9tape, n&rsquo;h\u00e9sitez pas \u00e0 contacter notre \u00e9quipe d&rsquo;assistance technique.<\/p> <\/div>\r\n\t\t\t\t\t<\/div>\r\n\t\t\t\t<\/div> <\/div> <\/div>","protected":false},"excerpt":{"rendered":"","protected":false},"author":9,"featured_media":0,"parent":1415,"menu_order":0,"comment_status":"closed","ping_status":"closed","template":"templates\/template-application-platform.php","meta":{"publish_to_discourse":"","publish_post_category":"","wpdc_auto_publish_overridden":"","wpdc_topic_tags":"","wpdc_pin_topic":"","wpdc_pin_until":"","discourse_post_id":"","discourse_permalink":"","wpdc_publishing_response":"","wpdc_publishing_error":"","footnotes":""},"class_list":["post-13372","page","type-page","status-publish","hentry"],"yoast_head":"<!-- This site is optimized with the Yoast SEO plugin v25.3.1 - https:\/\/yoast.com\/wordpress\/plugins\/seo\/ -->\n<title>iFrame Facebook Messenger Chat pour votre site Web (gratuit et rapide)<\/title>\n<meta name=\"description\" content=\"Il est tr\u00e8s simple de concevoir votre chat Facebook Messenger et de le publier sur votre site Web iFrame. Le support client Elfsight est gratuit et rapide.\" \/>\n<meta name=\"robots\" content=\"index, follow, max-snippet:-1, max-image-preview:large, max-video-preview:-1\" \/>\n<link rel=\"canonical\" href=\"https:\/\/elfsight.com\/fr\/facebook-chat-widget\/iframe\/\" \/>\n<meta property=\"og:locale\" content=\"fr_FR\" \/>\n<meta property=\"og:type\" content=\"article\" \/>\n<meta property=\"og:title\" content=\"iFrame Facebook Messenger Chat pour votre site Web (gratuit et rapide)\" \/>\n<meta property=\"og:description\" content=\"Il est tr\u00e8s simple de concevoir votre chat Facebook Messenger et de le publier sur votre site Web iFrame. Le support client Elfsight est gratuit et rapide.\" \/>\n<meta property=\"og:url\" content=\"https:\/\/elfsight.com\/fr\/facebook-chat-widget\/iframe\/\" \/>\n<meta property=\"og:site_name\" content=\"Elfsight FR\" \/>\n<meta property=\"article:modified_time\" content=\"2025-07-09T17:21:08+00:00\" \/>\n<meta name=\"twitter:card\" content=\"summary_large_image\" \/>\n<meta name=\"twitter:label1\" content=\"Dur\u00e9e de lecture estim\u00e9e\" \/>\n\t<meta name=\"twitter:data1\" content=\"3 minutes\" \/>\n<!-- \/ Yoast SEO plugin. -->","yoast_head_json":{"title":"iFrame Facebook Messenger Chat pour votre site Web (gratuit et rapide)","description":"Il est tr\u00e8s simple de concevoir votre chat Facebook Messenger et de le publier sur votre site Web iFrame. Le support client Elfsight est gratuit et rapide.","robots":{"index":"index","follow":"follow","max-snippet":"max-snippet:-1","max-image-preview":"max-image-preview:large","max-video-preview":"max-video-preview:-1"},"canonical":"https:\/\/elfsight.com\/fr\/facebook-chat-widget\/iframe\/","og_locale":"fr_FR","og_type":"article","og_title":"iFrame Facebook Messenger Chat pour votre site Web (gratuit et rapide)","og_description":"Il est tr\u00e8s simple de concevoir votre chat Facebook Messenger et de le publier sur votre site Web iFrame. Le support client Elfsight est gratuit et rapide.","og_url":"https:\/\/elfsight.com\/fr\/facebook-chat-widget\/iframe\/","og_site_name":"Elfsight FR","article_modified_time":"2025-07-09T17:21:08+00:00","twitter_card":"summary_large_image","twitter_misc":{"Dur\u00e9e de lecture estim\u00e9e":"3 minutes"},"schema":{"@context":"https:\/\/schema.org","@graph":[{"@type":"WebPage","@id":"https:\/\/elfsight.com\/fr\/facebook-chat-widget\/iframe\/","url":"https:\/\/elfsight.com\/fr\/facebook-chat-widget\/iframe\/","name":"iFrame Facebook Messenger Chat pour votre site Web (gratuit et rapide)","isPartOf":{"@id":"https:\/\/elfsight.com\/fr\/#website"},"datePublished":"2024-05-03T06:35:23+00:00","dateModified":"2025-07-09T17:21:08+00:00","description":"Il est tr\u00e8s simple de concevoir votre chat Facebook Messenger et de le publier sur votre site Web iFrame. Le support client Elfsight est gratuit et rapide.","breadcrumb":{"@id":"https:\/\/elfsight.com\/fr\/facebook-chat-widget\/iframe\/#breadcrumb"},"inLanguage":"fr-FR","potentialAction":[{"@type":"ReadAction","target":["https:\/\/elfsight.com\/fr\/facebook-chat-widget\/iframe\/"]}]},{"@type":"BreadcrumbList","@id":"https:\/\/elfsight.com\/fr\/facebook-chat-widget\/iframe\/#breadcrumb","itemListElement":[{"@type":"ListItem","position":1,"name":"Home","item":"https:\/\/elfsight.com\/fr\/"},{"@type":"ListItem","position":2,"name":"Facebook Chat","item":"https:\/\/elfsight.com\/fr\/facebook-chat-widget\/"},{"@type":"ListItem","position":3,"name":"Facebook Chat &#8211; iFrame"}]},{"@type":"WebSite","@id":"https:\/\/elfsight.com\/fr\/#website","url":"https:\/\/elfsight.com\/fr\/","name":"Elfsight FR","description":"","potentialAction":[{"@type":"SearchAction","target":{"@type":"EntryPoint","urlTemplate":"https:\/\/elfsight.com\/fr\/?s={search_term_string}"},"query-input":{"@type":"PropertyValueSpecification","valueRequired":true,"valueName":"search_term_string"}}],"inLanguage":"fr-FR"}]}},"meta_box":{"industry":"","seo_heading":"","heading":"","description":"","cta_heading":"","cta_description":"","application":"1406","h1":"iFrame Facebook Messenger widget","h1_caption":"Ajoutez un widget de chat Facebook Messenger \u00e0 votre site Web, offrant ainsi aux utilisateurs un moyen simple de vous contacter sans effort sur votre site Web iFrame.","application_category":[],"applications_title":"","applications_request_title":"","applications_request_button_text":"","hero_text":"","hero_video":"","hero_video_schema_markup":"","selling_points_title":"","selling_points_caption":"","selling_points":[],"selling_points_cta_text":"","features_title":"","features":"","ed_cta_examples_text":"","ed_cta_examples_hidden":"","ed_cta_demo_text":"","ed_cta_demo_hidden":"","why_caption":"","why_editor_title":"","why_editor_text":"","why_team_title":"","why_team_text":"","why_service_title":"","why_service_text":"","template_catalog_visible":"","template_catalog_title":"","template_catalog_text":"","template_catalog_categories_visible":"","demo_title":"Cr\u00e9ez votre widget de chat Facebook","demo_caption":"Configurez votre chat Facebook et ajoutez-le gratuitement \u00e0 votre site Web iFrame\u00a0!","default_faq_hidden":"","app_template_category":[],"platform":"371","template_public_id":"","codecanyon_url":"","codecanyon_item_id":"","codecanyon_price":"","pricing_caption":"","pricing_elfsight_apps_hide_column":"","pricing_elfsight_apps_url":"","pricing_codecanyon_price_caption":"","integration_category":[],"integration_request_title":"","integration_request_cta":"","integration_platform":"","integrations":[],"platform_category":[],"video_schema_markup":"","price":"\u00e0 partir de 0$ \/ mois","trial":"","benefits":[{"text":"Aide \u00e0 l'installation gratuite"},{"text":"Service client comp\u00e9tent"},{"text":"Garantie de remboursement de 14 jours"},{"text":"Mises \u00e0 jour gratuites r\u00e9guli\u00e8res"}],"button_url":"#demo","button_target_blank":"","button_nofollow":"","attributes":[{"name":"Installations","content":"10,000 - 100,000"},{"name":"Sensible","content":"Oui"},{"name":"Navigateurs compatibles","content":"Edge, Chrome, Opera, Safari, Firefox"}],"tags":[],"tags_disable_links":"","hide_more_platforms":"","video_object":"","demo_hide_cta":"","demo_hide_cloud_options":"","pricing_title":"","pricing":[{"pricing_icon":"platform","pricing_title":"Elfsight Apps","pricing_title_caption":"Solution num\u00e9rique multiplateforme qui fonctionne sur n'importe quel site Web","pricing_price":"from $0 \/ month","pricing_price_caption":"commencez avec un forfait gratuit","pricing_benefits":[{"text":"Sites Web illimit\u00e9s"},{"text":"Assistance rapide et ponctuelle"},{"text":"Service d'installation gratuit"},{"text":"Prix \u200b\u200bsp\u00e9cial pour plusieurs applications"}],"pricing_button_text":"Ajouter au site Web","pricing_button_url":"#demo"}],"related_apps_title":"","related_apps_hidden":"","author":"","image":[],"title":"","job":"","social_networks":[]},"_links":{"self":[{"href":"https:\/\/elfsight.com\/fr\/wp-json\/wp\/v2\/pages\/13372","targetHints":{"allow":["GET"]}}],"collection":[{"href":"https:\/\/elfsight.com\/fr\/wp-json\/wp\/v2\/pages"}],"about":[{"href":"https:\/\/elfsight.com\/fr\/wp-json\/wp\/v2\/types\/page"}],"author":[{"embeddable":true,"href":"https:\/\/elfsight.com\/fr\/wp-json\/wp\/v2\/users\/9"}],"replies":[{"embeddable":true,"href":"https:\/\/elfsight.com\/fr\/wp-json\/wp\/v2\/comments?post=13372"}],"version-history":[{"count":1,"href":"https:\/\/elfsight.com\/fr\/wp-json\/wp\/v2\/pages\/13372\/revisions"}],"predecessor-version":[{"id":13376,"href":"https:\/\/elfsight.com\/fr\/wp-json\/wp\/v2\/pages\/13372\/revisions\/13376"}],"up":[{"embeddable":true,"href":"https:\/\/elfsight.com\/fr\/wp-json\/wp\/v2\/pages\/1415"}],"wp:attachment":[{"href":"https:\/\/elfsight.com\/fr\/wp-json\/wp\/v2\/media?parent=13372"}],"curies":[{"name":"wp","href":"https:\/\/api.w.org\/{rel}","templated":true}]}}