{"id":13366,"date":"2024-05-03T06:35:21","date_gmt":"2024-05-03T06:35:21","guid":{"rendered":"https:\/\/elfsight.com\/fr\/?page_id=13366"},"modified":"2025-07-09T17:22:37","modified_gmt":"2025-07-09T17:22:37","slug":"woocommerce","status":"publish","type":"page","link":"https:\/\/elfsight.com\/fr\/facebook-chat-widget\/woocommerce\/","title":{"rendered":"Facebook Chat &#8211; WooCommerce"},"content":{"rendered":"<div class=\"application-platform-content-item-description application-platform-content-item\" id=\"description\" data-nav-section=\"description\"><h2>Description<\/h2><p>Le plug-in Facebook Messenger d\u00e9velopp\u00e9 par Elfsight est une m\u00e9thode transparente permettant aux visiteurs de votre site Web de vous communiquer et d&rsquo;entendre les r\u00e9ponses \u00e0 vos questions. leurs questions et demandes. Restez disponible en ligne pour votre client\u00e8le dans l&rsquo;un des messagers les plus appr\u00e9ci\u00e9s 24h\/24 et 7j\/7. Int\u00e9grez Facebook Chat sur votre site Web et il appara\u00eetra sur les pages choisies ou pour des groupes particuliers de clients, attribuez des d\u00e9clencheurs de d\u00e9marrage de chat, composez votre message de bienvenue personnalis\u00e9, choisissez des ic\u00f4nes et appliquez toute autre modification.<\/p><p><b>Utilisez Facebook Messenger pour atteindre vos objectifs commerciaux plus rapidement\u00a0!<\/b><\/p><\/div> <div class=\"application-platform-content-item-features application-platform-content-item\" id=\"features\" data-nav-section=\"features\"><h2>L&rsquo;offre de fonctionnalit\u00e9s essentielles du widget<\/h2><ul><li>D\u00e9finir Installez Facebook Messenger sur votre site Web pour \u00e9tablir la communication avec les t\u00e9l\u00e9spectateurs\u00a0; <\/li><li>Continuez \u00e0 communiquer directement depuis votre page Facebook\u00a0; <\/li><li>Choisissez entre trois options d&#8217;emplacement de discussion\u00a0: bulle flottante, bulle int\u00e9gr\u00e9e et fen\u00eatre de discussion int\u00e9gr\u00e9e\u00a0; <\/li><li>Explorez une collection d&rsquo;ic\u00f4nes de bulles parmi lesquelles choisir\u00a0; <\/li><li>Entrez votre propre texte de la bulle de discussion. <\/li><\/ul><p><a href=\"#demo\">Vous pouvez tester si le widget est fait pour vous \u00e0 l&rsquo;aide de la d\u00e9mo<\/a><\/p><\/div><div class=\"application-platform-content-item-installation application-platform-content-item\" id=\"installation\" data-nav-section=\"installation\"><h2>Comment puis-je ajouter Facebook Chat \u00e0 mon site WooCommerce ?<\/h2><p>Suivez simplement les \u00e9tapes suivantes d\u00e9crites ci-dessous pour commencer \u00e0 utiliser le widget.<\/p><ol><li><b>R\u00e9alisez notre d\u00e9mo gratuite et commencez \u00e0 cr\u00e9er votre propre plugin.<\/b><br>Sp\u00e9cifiez l&rsquo;interface et les fonctionnalit\u00e9s souhait\u00e9es du plugin et enregistrez les modifications.<\/li><li><b>Copiez le code personnel expos\u00e9 dans la bo\u00eete sur Elfsight Apps.<\/b><br>D\u00e8s que la cr\u00e9ation de votre plugin est termin\u00e9e, copiez le code personnel dans la popup qui appara\u00eet et conservez-le pour une occasion ult\u00e9rieure.<\/li><li><b>Initier utilisation de l&rsquo;outil sur votre site Web de plateforme.<\/b><br>Int\u00e9grez le code enregistr\u00e9 r\u00e9cemment dans votre site Web et enregistrez les ajustements.<\/li><li><b>Vous avez termin\u00e9\u00a0! L&rsquo;int\u00e9gration est termin\u00e9e avec succ\u00e8s.<\/b><br>Visitez votre page Web pour inspecter le fonctionnement de l&rsquo;outil.<\/li><\/ol><p>Si vous rencontrez des difficult\u00e9s, n&rsquo;h\u00e9sitez pas \u00e0 contacter notre support. personnel. Nos consultants se feront un plaisir de r\u00e9soudre tous les probl\u00e8mes que vous pourriez rencontrer avec le plugin.<\/p><div class=\"faq\" data-component=\"FAQ\"> <div class=\"faq-item\">\r\n\t\t\t\t\t<div class=\"faq-item-question\">\r\n\t\t\t\t\t\t<h3 class=\"faq-item-question-text\">Comment ajouter Facebook Chat \u00e0 mon site WooCommerce sans comp\u00e9tences en codage ?<\/h3>\r\n\r\n\t\t\t\t\t\t<div class=\"faq-item-question-icon\"><\/div>\r\n\t\t\t\t\t<\/div>\r\n\r\n\t\t\t\t\t<div class=\"faq-item-answer\">\r\n\t\t\t\t\t\t<div class=\"faq-item-answer-text\"> <p>Elfsight fournit un Solution SaaS qui vous permet de cr\u00e9er vous-m\u00eame un widget Facebook Chat, voyez \u00e0 quel point le processus est simple\u00a0: travaillez directement dans l&rsquo;\u00e9diteur en ligne pour cr\u00e9er un widget Facebook Chat que vous aimeriez voir sur votre site Web WooCommerce. Choisissez l&rsquo;un des mod\u00e8les pr\u00e9d\u00e9finis et ajustez les param\u00e8tres du chat Facebook, ajoutez votre contenu, modifiez la mise en page et les couleurs sans aucune comp\u00e9tence en codage. Enregistrez le chat Facebook et copiez son code d&rsquo;installation, afin que vous puissiez facilement l&rsquo;ajouter \u00e0 votre site Web WooCommerce sans avoir besoin d&rsquo;acheter un forfait payant. Avec notre \u00e9diteur intuitif, tout internaute peut cr\u00e9er un widget Facebook Chat en ligne et l&rsquo;int\u00e9grer facilement \u00e0 son site Web WooCommerce. Il n&rsquo;est pas n\u00e9cessaire de payer ou de saisir les informations d&rsquo;identification de votre carte pour acc\u00e9der au service. Si vous rencontrez des probl\u00e8mes \u00e0 n&rsquo;importe quelle \u00e9tape, n&rsquo;h\u00e9sitez pas \u00e0 contacter notre \u00e9quipe d&rsquo;assistance technique.<\/p> <\/div>\r\n\t\t\t\t\t<\/div>\r\n\t\t\t\t<\/div> <\/div> <\/div>","protected":false},"excerpt":{"rendered":"","protected":false},"author":9,"featured_media":0,"parent":1415,"menu_order":0,"comment_status":"closed","ping_status":"closed","template":"templates\/template-application-platform.php","meta":{"publish_to_discourse":"","publish_post_category":"","wpdc_auto_publish_overridden":"","wpdc_topic_tags":"","wpdc_pin_topic":"","wpdc_pin_until":"","discourse_post_id":"","discourse_permalink":"","wpdc_publishing_response":"","wpdc_publishing_error":"","footnotes":""},"class_list":["post-13366","page","type-page","status-publish","hentry"],"yoast_head":"<!-- This site is optimized with the Yoast SEO plugin v25.3.1 - https:\/\/yoast.com\/wordpress\/plugins\/seo\/ -->\n<title>Plugin WooCommerce Facebook Chat pour votre site Web (2025)<\/title>\n<meta name=\"description\" content=\"Profitez de l&#039;occasion pour ajuster le plugin Facebook Chat dans l&#039;\u00e9diteur et ajoutez-le \u00e0 votre site Web WooCommerce d\u00e8s la sortie de la d\u00e9mo.\" \/>\n<meta name=\"robots\" content=\"index, follow, max-snippet:-1, max-image-preview:large, max-video-preview:-1\" \/>\n<link rel=\"canonical\" href=\"https:\/\/elfsight.com\/fr\/facebook-chat-widget\/woocommerce\/\" \/>\n<meta property=\"og:locale\" content=\"fr_FR\" \/>\n<meta property=\"og:type\" content=\"article\" \/>\n<meta property=\"og:title\" content=\"Plugin WooCommerce Facebook Chat pour votre site Web (2025)\" \/>\n<meta property=\"og:description\" content=\"Profitez de l&#039;occasion pour ajuster le plugin Facebook Chat dans l&#039;\u00e9diteur et ajoutez-le \u00e0 votre site Web WooCommerce d\u00e8s la sortie de la d\u00e9mo.\" \/>\n<meta property=\"og:url\" content=\"https:\/\/elfsight.com\/fr\/facebook-chat-widget\/woocommerce\/\" \/>\n<meta property=\"og:site_name\" content=\"Elfsight FR\" \/>\n<meta property=\"article:modified_time\" content=\"2025-07-09T17:22:37+00:00\" \/>\n<meta name=\"twitter:card\" content=\"summary_large_image\" \/>\n<meta name=\"twitter:label1\" content=\"Dur\u00e9e de lecture estim\u00e9e\" \/>\n\t<meta name=\"twitter:data1\" content=\"3 minutes\" \/>\n<!-- \/ Yoast SEO plugin. -->","yoast_head_json":{"title":"Plugin WooCommerce Facebook Chat pour votre site Web (2025)","description":"Profitez de l'occasion pour ajuster le plugin Facebook Chat dans l'\u00e9diteur et ajoutez-le \u00e0 votre site Web WooCommerce d\u00e8s la sortie de la d\u00e9mo.","robots":{"index":"index","follow":"follow","max-snippet":"max-snippet:-1","max-image-preview":"max-image-preview:large","max-video-preview":"max-video-preview:-1"},"canonical":"https:\/\/elfsight.com\/fr\/facebook-chat-widget\/woocommerce\/","og_locale":"fr_FR","og_type":"article","og_title":"Plugin WooCommerce Facebook Chat pour votre site Web (2025)","og_description":"Profitez de l'occasion pour ajuster le plugin Facebook Chat dans l'\u00e9diteur et ajoutez-le \u00e0 votre site Web WooCommerce d\u00e8s la sortie de la d\u00e9mo.","og_url":"https:\/\/elfsight.com\/fr\/facebook-chat-widget\/woocommerce\/","og_site_name":"Elfsight FR","article_modified_time":"2025-07-09T17:22:37+00:00","twitter_card":"summary_large_image","twitter_misc":{"Dur\u00e9e de lecture estim\u00e9e":"3 minutes"},"schema":{"@context":"https:\/\/schema.org","@graph":[{"@type":"WebPage","@id":"https:\/\/elfsight.com\/fr\/facebook-chat-widget\/woocommerce\/","url":"https:\/\/elfsight.com\/fr\/facebook-chat-widget\/woocommerce\/","name":"Plugin WooCommerce Facebook Chat pour votre site Web (2025)","isPartOf":{"@id":"https:\/\/elfsight.com\/fr\/#website"},"datePublished":"2024-05-03T06:35:21+00:00","dateModified":"2025-07-09T17:22:37+00:00","description":"Profitez de l'occasion pour ajuster le plugin Facebook Chat dans l'\u00e9diteur et ajoutez-le \u00e0 votre site Web WooCommerce d\u00e8s la sortie de la d\u00e9mo.","breadcrumb":{"@id":"https:\/\/elfsight.com\/fr\/facebook-chat-widget\/woocommerce\/#breadcrumb"},"inLanguage":"fr-FR","potentialAction":[{"@type":"ReadAction","target":["https:\/\/elfsight.com\/fr\/facebook-chat-widget\/woocommerce\/"]}]},{"@type":"BreadcrumbList","@id":"https:\/\/elfsight.com\/fr\/facebook-chat-widget\/woocommerce\/#breadcrumb","itemListElement":[{"@type":"ListItem","position":1,"name":"Home","item":"https:\/\/elfsight.com\/fr\/"},{"@type":"ListItem","position":2,"name":"Facebook Chat","item":"https:\/\/elfsight.com\/fr\/facebook-chat-widget\/"},{"@type":"ListItem","position":3,"name":"Facebook Chat &#8211; WooCommerce"}]},{"@type":"WebSite","@id":"https:\/\/elfsight.com\/fr\/#website","url":"https:\/\/elfsight.com\/fr\/","name":"Elfsight FR","description":"","potentialAction":[{"@type":"SearchAction","target":{"@type":"EntryPoint","urlTemplate":"https:\/\/elfsight.com\/fr\/?s={search_term_string}"},"query-input":{"@type":"PropertyValueSpecification","valueRequired":true,"valueName":"search_term_string"}}],"inLanguage":"fr-FR"}]}},"meta_box":{"industry":"","seo_heading":"","heading":"","description":"","cta_heading":"","cta_description":"","application":"1406","h1":"Plugin de chat Facebook WooCommerce","h1_caption":"Ajoutez une application de chat Facebook Messenger \u00e0 votre site Web, offrant ainsi aux utilisateurs un moyen simple de vous contacter sans effort sur votre site Web WooCommerce.","application_category":[],"applications_title":"","applications_request_title":"","applications_request_button_text":"","hero_text":"","hero_video":"","hero_video_schema_markup":"","selling_points_title":"","selling_points_caption":"","selling_points":[],"selling_points_cta_text":"","features_title":"","features":"","ed_cta_examples_text":"","ed_cta_examples_hidden":"","ed_cta_demo_text":"","ed_cta_demo_hidden":"","why_caption":"","why_editor_title":"","why_editor_text":"","why_team_title":"","why_team_text":"","why_service_title":"","why_service_text":"","template_catalog_visible":"","template_catalog_title":"","template_catalog_text":"","template_catalog_categories_visible":"","demo_title":"Cr\u00e9ez votre application Facebook Chat","demo_caption":"Configurez votre chat Facebook et ajoutez-le \u00e0 votre site WooCommerce gratuitement !","default_faq_hidden":"","app_template_category":[],"platform":"397","template_public_id":"","codecanyon_url":"","codecanyon_item_id":"","codecanyon_price":"","pricing_caption":"","pricing_elfsight_apps_hide_column":"","pricing_elfsight_apps_url":"","pricing_codecanyon_price_caption":"","integration_category":[],"integration_request_title":"","integration_request_cta":"","integration_platform":"","integrations":[],"platform_category":[],"video_schema_markup":"","price":"\u00e0 partir de 0$ \/ mois","trial":"","benefits":[{"text":"Service d'installation gratuit"},{"text":"Assistance premium"},{"text":"Garantie de remboursement de 14 jours"},{"text":"D\u00e9veloppement continu"}],"button_url":"#demo","button_target_blank":"","button_nofollow":"","attributes":[{"name":"Installations","content":"10,000 - 100,000"},{"name":"Sensible","content":"Oui"},{"name":"Navigateurs compatibles","content":"Firefox, Safari, Opera, Chrome, Edge"}],"tags":[],"tags_disable_links":"","hide_more_platforms":"","video_object":"","demo_hide_cta":"","demo_hide_cloud_options":"","pricing_title":"","pricing":[{"pricing_icon":"platform","pricing_title":"Elfsight Apps","pricing_title_caption":"Version multiplateforme","pricing_price":"from $0 \/ month","pricing_price_caption":"commencez avec un forfait gratuit","pricing_benefits":[{"text":"Domaines illimit\u00e9s"},{"text":"Assistance premium et ponctuelle"},{"text":"Assistance \u00e0 l'installation gratuite"},{"text":"Conception flexible"}],"pricing_button_text":"Ajouter au site Web","pricing_button_url":"#demo"}],"related_apps_title":"","related_apps_hidden":"","author":"","image":[],"title":"","job":"","social_networks":[]},"_links":{"self":[{"href":"https:\/\/elfsight.com\/fr\/wp-json\/wp\/v2\/pages\/13366","targetHints":{"allow":["GET"]}}],"collection":[{"href":"https:\/\/elfsight.com\/fr\/wp-json\/wp\/v2\/pages"}],"about":[{"href":"https:\/\/elfsight.com\/fr\/wp-json\/wp\/v2\/types\/page"}],"author":[{"embeddable":true,"href":"https:\/\/elfsight.com\/fr\/wp-json\/wp\/v2\/users\/9"}],"replies":[{"embeddable":true,"href":"https:\/\/elfsight.com\/fr\/wp-json\/wp\/v2\/comments?post=13366"}],"version-history":[{"count":1,"href":"https:\/\/elfsight.com\/fr\/wp-json\/wp\/v2\/pages\/13366\/revisions"}],"predecessor-version":[{"id":13370,"href":"https:\/\/elfsight.com\/fr\/wp-json\/wp\/v2\/pages\/13366\/revisions\/13370"}],"up":[{"embeddable":true,"href":"https:\/\/elfsight.com\/fr\/wp-json\/wp\/v2\/pages\/1415"}],"wp:attachment":[{"href":"https:\/\/elfsight.com\/fr\/wp-json\/wp\/v2\/media?parent=13366"}],"curies":[{"name":"wp","href":"https:\/\/api.w.org\/{rel}","templated":true}]}}