{"id":13364,"date":"2024-05-03T06:35:19","date_gmt":"2024-05-03T06:35:19","guid":{"rendered":"https:\/\/elfsight.com\/fr\/?page_id=13364"},"modified":"2025-07-09T17:20:59","modified_gmt":"2025-07-09T17:20:59","slug":"google-sites","status":"publish","type":"page","link":"https:\/\/elfsight.com\/fr\/facebook-chat-widget\/google-sites\/","title":{"rendered":"Facebook Chat &#8211; Google Sites"},"content":{"rendered":"<div class=\"application-platform-content-item-description application-platform-content-item\" id=\"description\" data-nav-section=\"description\"> <h2>Int\u00e9grer le chat Facebook sur Google Sites avec le widget Elfsight<\/h2> <p>Le widget de messagerie Facebook pour Google Sites d\u00e9velopp\u00e9 par Elfsight est le plus simple moyen permettant aux utilisateurs de votre site Web de communiquer avec vous et d&rsquo;obtenir des r\u00e9ponses \u00e0 leurs questions. Soyez disponible en direct pour vos clients dans la messagerie la plus appr\u00e9ci\u00e9e \u00e0 tout moment. Configurez le chat sur votre site Web et laissez-le appara\u00eetre sur les pages les plus importantes ou pour des types particuliers de clients, choisissez les d\u00e9clencheurs de d\u00e9marrage du chat, affichez votre message de bienvenue unique, modifiez les ic\u00f4nes et bien plus encore. Gr\u00e2ce au chat en direct Facebook int\u00e9gr\u00e9 au site, vous resterez disponible pour vos visiteurs \u00e0 tout moment et quel que soit votre lieu.<\/p> <p><b>Rendez votre site plus efficace pour atteindre vos objectifs commerciaux avec Facebook Chat<\/b><\/p> <\/div> <div class=\"application-platform-content-item-features application-platform-content-item\" id=\"features\" data-nav-section=\"features\"> <h2>Voici la liste des fonctionnalit\u00e9s les plus utiles\u00a0: <\/h2> <ul><li>Collez Facebook Messenger sur votre site Web pour rester connect\u00e9 avec les t\u00e9l\u00e9spectateurs\u00a0; <\/li><li>Continuez \u00e0 communiquer directement depuis votre compte Facebook\u00a0; <\/li><li>Essayez trois variantes de pr\u00e9sentation de discussion\u00a0: sous forme de bulle flottante, de bulle int\u00e9gr\u00e9e et de fen\u00eatre de discussion int\u00e9gr\u00e9e\u00a0; <\/li><li>D\u00e9couvrez une collection d&rsquo;ic\u00f4nes de bulles parmi lesquelles choisir\u00a0; <\/li><li>Texte de bulle modifiable. <\/li><\/ul><p><a href=\"#demo\">Examinez toutes les fonctionnalit\u00e9s de personnalisation dans une d\u00e9mo enti\u00e8rement fonctionnelle<\/a><\/p> <\/div> <div class=\"application-platform-content-item-installation application-platform-content-item\" id=\"installation\" data-nav-section=\"installation\"> <h2>Comment puis-je ajouter Facebook Chat sur mes sites Google\u00a0? <\/h2> <p>Appliquez simplement les instructions ci-dessous pour int\u00e9grer le widget. <\/p> <ol><li><b>Ouvrez notre d\u00e9mo gratuite et commencez \u00e0 former votre instrument sur mesure. <\/b><br> D\u00e9terminez la conception et les sp\u00e9cifications appropri\u00e9es du widget et enregistrez les modifications. <\/li> <li><b>Obtenez votre code unique qui appara\u00eet dans la case sur les applications Elfsight. <\/b><br> Juste apr\u00e8s la cr\u00e9ation de votre outil, copiez le code exclusif dans la fen\u00eatre qui appara\u00eet et enregistrez-le pour une utilisation ult\u00e9rieure. <\/li> <li><b>Initier l&rsquo;utilisation de Facebook Messenger sur la page Web de Google Sites. <\/b><br> Saisissez le code que vous avez pr\u00e9c\u00e9demment enregistr\u00e9 dans votre page et enregistrez les modifications. <\/li> <li><b>Vous avez termin\u00e9\u00a0! L&rsquo;int\u00e9gration est enti\u00e8rement r\u00e9alis\u00e9e. <\/b><br> Acc\u00e9dez \u00e0 votre site pour v\u00e9rifier comment fonctionne l&rsquo;outil. <\/li><\/ol> <div class=\"tip-yellow tip\"><b>En raison des particularit\u00e9s du fonctionnement de Google Sites, le widget peut \u00eatre diff\u00e9rent de la d\u00e9mo en ligne. Nous nous excusons pour tout inconv\u00e9nient caus\u00e9.<\/b><\/div><p>Si vous avez des questions ou rencontrez des probl\u00e8mes, n&rsquo;h\u00e9sitez pas \u00e0 faire appel \u00e0 notre \u00e9quipe d&rsquo;assistance. Nos collaborateurs seront ravis de r\u00e9soudre tous les probl\u00e8mes que vous pourriez rencontrer avec le plugin. <\/p> <div class=\"faq\" data-component=\"FAQ\"> <div class=\"faq-item\">\r\n\t\t\t\t\t<div class=\"faq-item-question\">\r\n\t\t\t\t\t\t<h3 class=\"faq-item-question-text\">Comment puis-je ajouter Facebook Chat \u00e0 mon site Web Google Sites sans comp\u00e9tences en codage ?<\/h3>\r\n\r\n\t\t\t\t\t\t<div class=\"faq-item-question-icon\"><\/div>\r\n\t\t\t\t\t<\/div>\r\n\r\n\t\t\t\t\t<div class=\"faq-item-answer\">\r\n\t\t\t\t\t\t<div class=\"faq-item-answer-text\"> <p>Elfsight fournit une solution SaaS qui vous permet de cr\u00e9er vous-m\u00eame un widget Facebook Chat. Voyez \u00e0 quel point il est facile le processus est le suivant\u00a0: travaillez directement dans l&rsquo;\u00e9diteur en ligne pour cr\u00e9er un widget de chat Facebook que vous aimeriez voir sur votre site Web Google Sites. Choisissez l&rsquo;un des mod\u00e8les pr\u00e9d\u00e9finis et ajustez les param\u00e8tres du chat Facebook, ajoutez votre contenu, modifiez la mise en page et les couleurs sans aucune comp\u00e9tence en codage. Enregistrez le chat Facebook et copiez son code d&rsquo;installation, que vous pouvez facilement ajouter \u00e0 votre site Web Google Sites sans acheter de version payante. Gr\u00e2ce \u00e0 notre \u00e9diteur intuitif, tout internaute peut cr\u00e9er un widget Facebook Chat en ligne et l&rsquo;int\u00e9grer facilement \u00e0 son site Web Google Sites. Il n&rsquo;est pas n\u00e9cessaire de payer ou de saisir les informations d&rsquo;identification de votre carte pour acc\u00e9der au service. Si vous rencontrez des probl\u00e8mes \u00e0 n&rsquo;importe quelle \u00e9tape, n&rsquo;h\u00e9sitez pas \u00e0 contacter notre \u00e9quipe d&rsquo;assistance technique.<\/p> <\/div>\r\n\t\t\t\t\t<\/div>\r\n\t\t\t\t<\/div> <\/div> <\/div><p><\/p>","protected":false},"excerpt":{"rendered":"","protected":false},"author":9,"featured_media":0,"parent":1415,"menu_order":0,"comment_status":"closed","ping_status":"closed","template":"templates\/template-application-platform.php","meta":{"publish_to_discourse":"","publish_post_category":"","wpdc_auto_publish_overridden":"","wpdc_topic_tags":"","wpdc_pin_topic":"","wpdc_pin_until":"","discourse_post_id":"","discourse_permalink":"","wpdc_publishing_response":"","wpdc_publishing_error":"","footnotes":""},"class_list":["post-13364","page","type-page","status-publish","hentry"],"yoast_head":"<!-- This site is optimized with the Yoast SEO plugin v25.3.1 - https:\/\/yoast.com\/wordpress\/plugins\/seo\/ -->\n<title>Facebook Chat - Ajouter le widget Facebook Messenger \u00e0 Google Sites (2025)<\/title>\n<meta name=\"description\" content=\"Impl\u00e9mentez un widget Facebook Chat r\u00e9actif sur vos sites Google. Utilisez la d\u00e9mo Elfsight Facebook Messenger pour cr\u00e9er votre fonctionnalit\u00e9 personnalis\u00e9e.\" \/>\n<meta name=\"robots\" content=\"index, follow, max-snippet:-1, max-image-preview:large, max-video-preview:-1\" \/>\n<link rel=\"canonical\" href=\"https:\/\/elfsight.com\/fr\/facebook-chat-widget\/google-sites\/\" \/>\n<meta property=\"og:locale\" content=\"fr_FR\" \/>\n<meta property=\"og:type\" content=\"article\" \/>\n<meta property=\"og:title\" content=\"Facebook Chat - Ajouter le widget Facebook Messenger \u00e0 Google Sites (2025)\" \/>\n<meta property=\"og:description\" content=\"Impl\u00e9mentez un widget Facebook Chat r\u00e9actif sur vos sites Google. Utilisez la d\u00e9mo Elfsight Facebook Messenger pour cr\u00e9er votre fonctionnalit\u00e9 personnalis\u00e9e.\" \/>\n<meta property=\"og:url\" content=\"https:\/\/elfsight.com\/fr\/facebook-chat-widget\/google-sites\/\" \/>\n<meta property=\"og:site_name\" content=\"Elfsight FR\" \/>\n<meta property=\"article:modified_time\" content=\"2025-07-09T17:20:59+00:00\" \/>\n<meta name=\"twitter:card\" content=\"summary_large_image\" \/>\n<meta name=\"twitter:label1\" content=\"Dur\u00e9e de lecture estim\u00e9e\" \/>\n\t<meta name=\"twitter:data1\" content=\"3 minutes\" \/>\n<!-- \/ Yoast SEO plugin. -->","yoast_head_json":{"title":"Facebook Chat - Ajouter le widget Facebook Messenger \u00e0 Google Sites (2025)","description":"Impl\u00e9mentez un widget Facebook Chat r\u00e9actif sur vos sites Google. Utilisez la d\u00e9mo Elfsight Facebook Messenger pour cr\u00e9er votre fonctionnalit\u00e9 personnalis\u00e9e.","robots":{"index":"index","follow":"follow","max-snippet":"max-snippet:-1","max-image-preview":"max-image-preview:large","max-video-preview":"max-video-preview:-1"},"canonical":"https:\/\/elfsight.com\/fr\/facebook-chat-widget\/google-sites\/","og_locale":"fr_FR","og_type":"article","og_title":"Facebook Chat - Ajouter le widget Facebook Messenger \u00e0 Google Sites (2025)","og_description":"Impl\u00e9mentez un widget Facebook Chat r\u00e9actif sur vos sites Google. Utilisez la d\u00e9mo Elfsight Facebook Messenger pour cr\u00e9er votre fonctionnalit\u00e9 personnalis\u00e9e.","og_url":"https:\/\/elfsight.com\/fr\/facebook-chat-widget\/google-sites\/","og_site_name":"Elfsight FR","article_modified_time":"2025-07-09T17:20:59+00:00","twitter_card":"summary_large_image","twitter_misc":{"Dur\u00e9e de lecture estim\u00e9e":"3 minutes"},"schema":{"@context":"https:\/\/schema.org","@graph":[{"@type":"WebPage","@id":"https:\/\/elfsight.com\/fr\/facebook-chat-widget\/google-sites\/","url":"https:\/\/elfsight.com\/fr\/facebook-chat-widget\/google-sites\/","name":"Facebook Chat - Ajouter le widget Facebook Messenger \u00e0 Google Sites (2025)","isPartOf":{"@id":"https:\/\/elfsight.com\/fr\/#website"},"datePublished":"2024-05-03T06:35:19+00:00","dateModified":"2025-07-09T17:20:59+00:00","description":"Impl\u00e9mentez un widget Facebook Chat r\u00e9actif sur vos sites Google. Utilisez la d\u00e9mo Elfsight Facebook Messenger pour cr\u00e9er votre fonctionnalit\u00e9 personnalis\u00e9e.","breadcrumb":{"@id":"https:\/\/elfsight.com\/fr\/facebook-chat-widget\/google-sites\/#breadcrumb"},"inLanguage":"fr-FR","potentialAction":[{"@type":"ReadAction","target":["https:\/\/elfsight.com\/fr\/facebook-chat-widget\/google-sites\/"]}]},{"@type":"BreadcrumbList","@id":"https:\/\/elfsight.com\/fr\/facebook-chat-widget\/google-sites\/#breadcrumb","itemListElement":[{"@type":"ListItem","position":1,"name":"Home","item":"https:\/\/elfsight.com\/fr\/"},{"@type":"ListItem","position":2,"name":"Facebook Chat","item":"https:\/\/elfsight.com\/fr\/facebook-chat-widget\/"},{"@type":"ListItem","position":3,"name":"Facebook Chat &#8211; Google Sites"}]},{"@type":"WebSite","@id":"https:\/\/elfsight.com\/fr\/#website","url":"https:\/\/elfsight.com\/fr\/","name":"Elfsight FR","description":"","potentialAction":[{"@type":"SearchAction","target":{"@type":"EntryPoint","urlTemplate":"https:\/\/elfsight.com\/fr\/?s={search_term_string}"},"query-input":{"@type":"PropertyValueSpecification","valueRequired":true,"valueName":"search_term_string"}}],"inLanguage":"fr-FR"}]}},"meta_box":{"industry":"","seo_heading":"","heading":"","description":"","cta_heading":"","cta_description":"","application":"1406","h1":"Widget de chat Facebook de Google Sites","h1_caption":"Ajoutez un widget de chat Facebook Messenger \u00e0 votre site Web, offrant ainsi aux utilisateurs un moyen simple de vous contacter sans effort sur vos sites Google.","application_category":[],"applications_title":"","applications_request_title":"","applications_request_button_text":"","hero_text":"","hero_video":"","hero_video_schema_markup":"","selling_points_title":"","selling_points_caption":"","selling_points":[],"selling_points_cta_text":"","features_title":"","features":"","ed_cta_examples_text":"","ed_cta_examples_hidden":"","ed_cta_demo_text":"","ed_cta_demo_hidden":"","why_caption":"","why_editor_title":"","why_editor_text":"","why_team_title":"","why_team_text":"","why_service_title":"","why_service_text":"","template_catalog_visible":"","template_catalog_title":"","template_catalog_text":"","template_catalog_categories_visible":"","demo_title":"Cr\u00e9ez votre widget de chat Facebook","demo_caption":"Configurez votre chat Facebook et ajoutez-le gratuitement \u00e0 votre site Google Sites !","default_faq_hidden":"","app_template_category":[],"platform":"423","template_public_id":"","codecanyon_url":"","codecanyon_item_id":"","codecanyon_price":"","pricing_caption":"","pricing_elfsight_apps_hide_column":"","pricing_elfsight_apps_url":"","pricing_codecanyon_price_caption":"","integration_category":[],"integration_request_title":"","integration_request_cta":"","integration_platform":"","integrations":[],"platform_category":[],"video_schema_markup":"","price":"\u00e0 partir de 0$ \/ mois","trial":"","benefits":[{"text":"Assistance \u00e0 l'installation gratuite"},{"text":"Service client comp\u00e9tent"},{"text":"Garantie de remboursement de 14 jours"},{"text":"Am\u00e9liorations futures"}],"button_url":"#demo","button_target_blank":"","button_nofollow":"","attributes":[{"name":"Installations","content":"10,000 - 100,000"},{"name":"Sensible","content":"Optimis\u00e9 pour les mobiles"},{"name":"Navigateurs compatibles","content":"Chrome, Safari, Opera, Firefox, Edge"}],"tags":[],"tags_disable_links":"","hide_more_platforms":"","video_object":"","demo_hide_cta":"","demo_hide_cloud_options":"","pricing_title":"","pricing":[{"pricing_icon":"platform","pricing_title":"Elfsight Apps","pricing_title_caption":"Solution num\u00e9rique multiplateforme","pricing_price":"from $0 \/ month","pricing_price_caption":"commencez avec un forfait gratuit","pricing_benefits":[{"text":"Sites Web illimit\u00e9s"},{"text":"Support client professionnel"},{"text":"Service d'installation gratuit"},{"text":"Prix \u200b\u200bsp\u00e9cial pour plusieurs applications"}],"pricing_button_text":"Ajouter au site Web","pricing_button_url":"#demo"}],"related_apps_title":"","related_apps_hidden":"","author":"","image":[],"title":"","job":"","social_networks":[]},"_links":{"self":[{"href":"https:\/\/elfsight.com\/fr\/wp-json\/wp\/v2\/pages\/13364","targetHints":{"allow":["GET"]}}],"collection":[{"href":"https:\/\/elfsight.com\/fr\/wp-json\/wp\/v2\/pages"}],"about":[{"href":"https:\/\/elfsight.com\/fr\/wp-json\/wp\/v2\/types\/page"}],"author":[{"embeddable":true,"href":"https:\/\/elfsight.com\/fr\/wp-json\/wp\/v2\/users\/9"}],"replies":[{"embeddable":true,"href":"https:\/\/elfsight.com\/fr\/wp-json\/wp\/v2\/comments?post=13364"}],"version-history":[{"count":1,"href":"https:\/\/elfsight.com\/fr\/wp-json\/wp\/v2\/pages\/13364\/revisions"}],"predecessor-version":[{"id":13368,"href":"https:\/\/elfsight.com\/fr\/wp-json\/wp\/v2\/pages\/13364\/revisions\/13368"}],"up":[{"embeddable":true,"href":"https:\/\/elfsight.com\/fr\/wp-json\/wp\/v2\/pages\/1415"}],"wp:attachment":[{"href":"https:\/\/elfsight.com\/fr\/wp-json\/wp\/v2\/media?parent=13364"}],"curies":[{"name":"wp","href":"https:\/\/api.w.org\/{rel}","templated":true}]}}