{"id":13237,"date":"2024-05-03T06:32:37","date_gmt":"2024-05-03T06:32:37","guid":{"rendered":"https:\/\/elfsight.com\/fr\/?page_id=13237"},"modified":"2025-07-09T17:03:32","modified_gmt":"2025-07-09T17:03:32","slug":"bigcommerce","status":"publish","type":"page","link":"https:\/\/elfsight.com\/fr\/click-to-call-widget\/bigcommerce\/","title":{"rendered":"Click to Call &#8211; BigCommerce"},"content":{"rendered":"<div class=\"application-platform-content-item-description application-platform-content-item\" id=\"description\" data-nav-section=\"description\"><h2>Description<\/h2><p>Le bouton Appeler maintenant d&rsquo;Elfsight est un widget de site Web simple, qui permettra au public du site de vous joindre plus rapidement. au t\u00e9l\u00e9phone. Lorsqu&rsquo;il est utilis\u00e9 sur un t\u00e9l\u00e9phone mobile, le widget compose le num\u00e9ro lorsqu&rsquo;un utilisateur clique sur l&rsquo;ic\u00f4ne du t\u00e9l\u00e9phone. Sur PC et tablettes, le clic affiche votre num\u00e9ro sur le site et aide les utilisateurs \u00e0 le composer instantan\u00e9ment. Il est possible non seulement de r\u00e9v\u00e9ler votre num\u00e9ro de t\u00e9l\u00e9phone, mais \u00e9galement d&rsquo;afficher la fen\u00eatre d&rsquo;appel qui comporte le nom et l&rsquo;image de votre contact client ainsi qu&rsquo;une l\u00e9gende. Toutes ces parties sont flexibles, ce qui vous permet de configurer diff\u00e9rentes apparences de l&rsquo;interface. Vous pouvez \u00e9galement d\u00e9finir un d\u00e9clencheur qui fait appara\u00eetre la bulle t\u00e9l\u00e9phonique et d\u00e9finir une cat\u00e9gorie d&rsquo;audience du site Web pour laquelle elle sera active.<\/p><div class=\"faq\" data-component=\"FAQ\"><div class=\"faq-item\">\r\n\t\t\t\t\t<div class=\"faq-item-question\">\r\n\t\t\t\t\t\t<h3 class=\"faq-item-question-text\">O\u00f9 sur mon site puis-je l'ins\u00e9rer<\/h3>\r\n\r\n\t\t\t\t\t\t<div class=\"faq-item-question-icon\"><\/div>\r\n\t\t\t\t\t<\/div>\r\n\r\n\t\t\t\t\t<div class=\"faq-item-answer\">\r\n\t\t\t\t\t\t<div class=\"faq-item-answer-text\"><p>Vous pouvez pr\u00e9senter Elfsight Click To Call sur la page dont vous avez besoin ou sur toutes les pages Web. Dans les param\u00e8tres du widget, vous pouvez saisir les URL des pages sur lesquelles vous devez activer le widget. Ou appliquez la fonctionnalit\u00e9 Exclure et saisissez les URL des pages sur lesquelles vous choisissez de limiter la d\u00e9monstration du widget.<\/p><\/div>\r\n\t\t\t\t\t<\/div>\r\n\t\t\t\t<\/div><div class=\"faq-item\">\r\n\t\t\t\t\t<div class=\"faq-item-question\">\r\n\t\t\t\t\t\t<h3 class=\"faq-item-question-text\">Quels avantages cela m'apportera-t-il ?<\/h3>\r\n\r\n\t\t\t\t\t\t<div class=\"faq-item-question-icon\"><\/div>\r\n\t\t\t\t\t<\/div>\r\n\r\n\t\t\t\t\t<div class=\"faq-item-answer\">\r\n\t\t\t\t\t\t<div class=\"faq-item-answer-text\"><p>Vous pouvez recevoir plus d&rsquo;appels des visiteurs du site Web \u00e0 l&rsquo;aide d&rsquo;un moyen imm\u00e9diat et simple de vous appeler, sans quitter le site Web. Cela contribuera \u00e0 avoir davantage de conversations directes et \u00e0 convertir les visiteurs en clients. Vous pouvez \u00e9galement cr\u00e9er votre base de clients de prospects.<\/p><\/div>\r\n\t\t\t\t\t<\/div>\r\n\t\t\t\t<\/div><div class=\"faq-item\">\r\n\t\t\t\t\t<div class=\"faq-item-question\">\r\n\t\t\t\t\t\t<h3 class=\"faq-item-question-text\">Comment puis-je int\u00e9grer le bouton d'appel \u00e0 mon site Web BigCommerce ?<\/h3>\r\n\r\n\t\t\t\t\t\t<div class=\"faq-item-question-icon\"><\/div>\r\n\t\t\t\t\t<\/div>\r\n\r\n\t\t\t\t\t<div class=\"faq-item-answer\">\r\n\t\t\t\t\t\t<div class=\"faq-item-answer-text\"><p>Cela prendra une minute de votre temps pour d\u00e9finir le widget. L&rsquo;int\u00e9gration est tr\u00e8s rapide, gratuite et ne n\u00e9cessite aucun codage.<\/p><p>Le widget peut \u00eatre int\u00e9gr\u00e9 sur notre service ou via la place de march\u00e9. Ici, vous pouvez lire tous les d\u00e9tails sur ces variantes et s\u00e9lectionner la v\u00f4tre.<\/p><\/div>\r\n\t\t\t\t\t<\/div>\r\n\t\t\t\t<\/div><\/div><\/div><div class=\"application-platform-content-item-features application-platform-content-item\" id=\"features\" data-nav-section=\"features\"><h2>Fonctionnalit\u00e9s<\/h2><p>Pour y parvenir Pour avoir une meilleure id\u00e9e de l&rsquo;application Click to Call, examinez la liste des fonctions essentielles. Ils rendent le widget vraiment b\u00e9n\u00e9fique pour votre entreprise\u00a0:<\/p><ul><li>Num\u00e9rotation instantan\u00e9e sur mobiles\u00a0;<\/li> <li>Trois options de position du widget\u00a0: flottant \u00e0 gauche ou \u00e0 droite ou personnalis\u00e9\u00a0;<\/li> <li>La possibilit\u00e9 de placer le widget sur les pages s\u00e9lectionn\u00e9es ou d&rsquo;exclure des pages Web\u00a0;<\/li> <li>Choisissez des variantes de visiteurs pour voir le widget\u00a0: tous, nouveaux et anciens\u00a0;<\/li> <li> D\u00e9clencheurs de widget int\u00e9gr\u00e9s\u00a0: heure pass\u00e9 sur la page, le temps pass\u00e9 sur le site, le pourcentage de d\u00e9filement et l&rsquo;intention de sortie.<\/li> <\/ul><p><a href=\"#demo\">V\u00e9rifiez toutes les fonctionnalit\u00e9s dans notre d\u00e9mo en direct<\/a><\/p><\/div> <div class=\"application-platform-content-item-installation application-platform-content-item\" id=\"installation\" data-nav-section=\"installation\"> <h2>Comment ajouter le bouton Click To Call \u00e0 votre site Web BigCommerce<\/h2><p>Suivez simplement les instructions ci-dessous pour commencer \u00e0 utiliser le widget sur BigCommerce. <\/p> <ol><li><b>Utilisez notre configurateur gratuit et commencez \u00e0 cr\u00e9er votre application personnalis\u00e9e. <\/b><br> Recherchez l&rsquo;interface et les fonctionnalit\u00e9s appropri\u00e9es de l&rsquo;outil et enregistrez les corrections. <\/li> <li><b>Recevez votre code unique r\u00e9v\u00e9l\u00e9 dans la fen\u00eatre sur Elfsight Apps. <\/b><br> D\u00e8s que la personnalisation de votre widget Click to Call est termin\u00e9e, copiez le code personnel dans la popup apparue et conservez-le pour une utilisation ult\u00e9rieure. <\/li> <li><b>Entrez en utilisant le widget sur le site BigCommerce. <\/b><br> Saisissez le code copi\u00e9 auparavant dans votre site et enregistrez les ajustements. <\/li> <li><b>L&rsquo;installation est termin\u00e9e avec succ\u00e8s. <\/b><br> Visitez votre site pour observer le fonctionnement de l&rsquo;application. <\/li><\/ol><p>Vous avez encore des doutes sur quelque chose\u00a0? Ou avez-vous des questions \u00e0 poser ? \u00c9crivez simplement une demande \u00e0 notre service client, nous r\u00e9glerons tout probl\u00e8me.<\/p><\/div>","protected":false},"excerpt":{"rendered":"","protected":false},"author":9,"featured_media":0,"parent":2403,"menu_order":0,"comment_status":"closed","ping_status":"closed","template":"templates\/template-application-platform.php","meta":{"publish_to_discourse":"","publish_post_category":"","wpdc_auto_publish_overridden":"","wpdc_topic_tags":"","wpdc_pin_topic":"","wpdc_pin_until":"","discourse_post_id":"","discourse_permalink":"","wpdc_publishing_response":"","wpdc_publishing_error":"","footnotes":""},"class_list":["post-13237","page","type-page","status-publish","hentry"],"yoast_head":"<!-- This site is optimized with the Yoast SEO plugin v25.3.1 - https:\/\/yoast.com\/wordpress\/plugins\/seo\/ -->\n<title>Bouton d\u2019appel Bigcommerce | Ajouter l&#039;application Click to Call Button sur le site Web [2026]<\/title>\n<meta name=\"description\" content=\"Cr\u00e9ez l&#039;application Click to Call Button et ajoutez-la \u00e0 votre site Web BigCommerce. B\u00e9n\u00e9ficiez d&#039;un support client gratuit et d&#039;autres bonus d&#039;Elfsight.\" \/>\n<meta name=\"robots\" content=\"index, follow, max-snippet:-1, max-image-preview:large, max-video-preview:-1\" \/>\n<link rel=\"canonical\" href=\"https:\/\/elfsight.com\/fr\/click-to-call-widget\/bigcommerce\/\" \/>\n<meta property=\"og:locale\" content=\"fr_FR\" \/>\n<meta property=\"og:type\" content=\"article\" \/>\n<meta property=\"og:title\" content=\"Bouton d\u2019appel Bigcommerce | Ajouter l&#039;application Click to Call Button sur le site Web [2026]\" \/>\n<meta property=\"og:description\" content=\"Cr\u00e9ez l&#039;application Click to Call Button et ajoutez-la \u00e0 votre site Web BigCommerce. B\u00e9n\u00e9ficiez d&#039;un support client gratuit et d&#039;autres bonus d&#039;Elfsight.\" \/>\n<meta property=\"og:url\" content=\"https:\/\/elfsight.com\/fr\/click-to-call-widget\/bigcommerce\/\" \/>\n<meta property=\"og:site_name\" content=\"Elfsight FR\" \/>\n<meta property=\"article:modified_time\" content=\"2025-07-09T17:03:32+00:00\" \/>\n<meta name=\"twitter:card\" content=\"summary_large_image\" \/>\n<meta name=\"twitter:label1\" content=\"Dur\u00e9e de lecture estim\u00e9e\" \/>\n\t<meta name=\"twitter:data1\" content=\"3 minutes\" \/>\n<!-- \/ Yoast SEO plugin. -->","yoast_head_json":{"title":"Bouton d\u2019appel Bigcommerce | Ajouter l'application Click to Call Button sur le site Web [2026]","description":"Cr\u00e9ez l'application Click to Call Button et ajoutez-la \u00e0 votre site Web BigCommerce. B\u00e9n\u00e9ficiez d'un support client gratuit et d'autres bonus d'Elfsight.","robots":{"index":"index","follow":"follow","max-snippet":"max-snippet:-1","max-image-preview":"max-image-preview:large","max-video-preview":"max-video-preview:-1"},"canonical":"https:\/\/elfsight.com\/fr\/click-to-call-widget\/bigcommerce\/","og_locale":"fr_FR","og_type":"article","og_title":"Bouton d\u2019appel Bigcommerce | Ajouter l'application Click to Call Button sur le site Web [2026]","og_description":"Cr\u00e9ez l'application Click to Call Button et ajoutez-la \u00e0 votre site Web BigCommerce. B\u00e9n\u00e9ficiez d'un support client gratuit et d'autres bonus d'Elfsight.","og_url":"https:\/\/elfsight.com\/fr\/click-to-call-widget\/bigcommerce\/","og_site_name":"Elfsight FR","article_modified_time":"2025-07-09T17:03:32+00:00","twitter_card":"summary_large_image","twitter_misc":{"Dur\u00e9e de lecture estim\u00e9e":"3 minutes"},"schema":{"@context":"https:\/\/schema.org","@graph":[{"@type":"WebPage","@id":"https:\/\/elfsight.com\/fr\/click-to-call-widget\/bigcommerce\/","url":"https:\/\/elfsight.com\/fr\/click-to-call-widget\/bigcommerce\/","name":"Bouton d\u2019appel Bigcommerce | Ajouter l'application Click to Call Button sur le site Web [2026]","isPartOf":{"@id":"https:\/\/elfsight.com\/fr\/#website"},"datePublished":"2024-05-03T06:32:37+00:00","dateModified":"2025-07-09T17:03:32+00:00","description":"Cr\u00e9ez l'application Click to Call Button et ajoutez-la \u00e0 votre site Web BigCommerce. B\u00e9n\u00e9ficiez d'un support client gratuit et d'autres bonus d'Elfsight.","breadcrumb":{"@id":"https:\/\/elfsight.com\/fr\/click-to-call-widget\/bigcommerce\/#breadcrumb"},"inLanguage":"fr-FR","potentialAction":[{"@type":"ReadAction","target":["https:\/\/elfsight.com\/fr\/click-to-call-widget\/bigcommerce\/"]}]},{"@type":"BreadcrumbList","@id":"https:\/\/elfsight.com\/fr\/click-to-call-widget\/bigcommerce\/#breadcrumb","itemListElement":[{"@type":"ListItem","position":1,"name":"Home","item":"https:\/\/elfsight.com\/fr\/"},{"@type":"ListItem","position":2,"name":"Click to Call","item":"https:\/\/elfsight.com\/fr\/click-to-call-widget\/"},{"@type":"ListItem","position":3,"name":"Click to Call &#8211; BigCommerce"}]},{"@type":"WebSite","@id":"https:\/\/elfsight.com\/fr\/#website","url":"https:\/\/elfsight.com\/fr\/","name":"Elfsight FR","description":"","potentialAction":[{"@type":"SearchAction","target":{"@type":"EntryPoint","urlTemplate":"https:\/\/elfsight.com\/fr\/?s={search_term_string}"},"query-input":{"@type":"PropertyValueSpecification","valueRequired":true,"valueName":"search_term_string"}}],"inLanguage":"fr-FR"}]}},"meta_box":{"industry":"","seo_heading":"","heading":"","description":"","cta_heading":"","cta_description":"","application":"2402","h1":"Bouton Cliquez pour appeler BigCommerce","h1_caption":"Permettez aux utilisateurs de vous contacter instantan\u00e9ment avec un simple bouton \u00ab\u00a0Cliquer pour appeler\u00a0\u00bb, ce qui facilite l'acc\u00e8s direct \u00e0 votre site Web BigCommerce, sans effort.","application_category":[],"applications_title":"","applications_request_title":"","applications_request_button_text":"","hero_text":"","hero_video":"","hero_video_schema_markup":"","selling_points_title":"","selling_points_caption":"","selling_points":[],"selling_points_cta_text":"","features_title":"","features":"","ed_cta_examples_text":"","ed_cta_examples_hidden":"","ed_cta_demo_text":"","ed_cta_demo_hidden":"","why_caption":"","why_editor_title":"","why_editor_text":"","why_team_title":"","why_team_text":"","why_service_title":"","why_service_text":"","template_catalog_visible":"","template_catalog_title":"","template_catalog_text":"","template_catalog_categories_visible":"","demo_title":"Cr\u00e9ez votre application Click to Call","demo_caption":"Configurez votre Click to Call et ajoutez-le gratuitement \u00e0 votre site BigCommerce !","default_faq_hidden":"","app_template_category":[],"platform":"347","template_public_id":"","codecanyon_url":"","codecanyon_item_id":"","codecanyon_price":"","pricing_caption":"","pricing_elfsight_apps_hide_column":"","pricing_elfsight_apps_url":"","pricing_codecanyon_price_caption":"","integration_category":[],"integration_request_title":"","integration_request_cta":"","integration_platform":"","integrations":[],"platform_category":[],"video_schema_markup":"","price":"\u00e0 partir de 0$ \/ mois","trial":"","benefits":[{"text":"Service d'installation gratuit"},{"text":"Service client professionnel"},{"text":"Garantie de remboursement de 14 jours"},{"text":"Mise \u00e0 jour constante"}],"button_url":"#demo","button_target_blank":"","button_nofollow":"","attributes":[{"name":"Installations","content":"10,000 - 100,000"},{"name":"Sensible","content":"Oui"},{"name":"Navigateurs compatibles","content":"Firefox, Safari, Opera, Chrome, Edge"}],"tags":[],"tags_disable_links":"","hide_more_platforms":"","video_object":"","demo_hide_cta":"","demo_hide_cloud_options":"","pricing_title":"","pricing":[{"pricing_icon":"platform","pricing_title":"Elfsight Apps","pricing_title_caption":"Solution ind\u00e9pendante de la plateforme qui fonctionne sur n'importe quel site","pricing_price":"from $0 \/ month","pricing_price_caption":"commencez avec un forfait gratuit","pricing_benefits":[{"text":"Sites Web illimit\u00e9s"},{"text":"Support d'entreprise gratuit et bien document\u00e9"},{"text":"Service d'installation gratuit"},{"text":"100% personnalisable"}],"pricing_button_text":"Ajouter au site Web","pricing_button_url":"#demo"}],"related_apps_title":"","related_apps_hidden":"","author":"","image":[],"title":"","job":"","social_networks":[]},"_links":{"self":[{"href":"https:\/\/elfsight.com\/fr\/wp-json\/wp\/v2\/pages\/13237","targetHints":{"allow":["GET"]}}],"collection":[{"href":"https:\/\/elfsight.com\/fr\/wp-json\/wp\/v2\/pages"}],"about":[{"href":"https:\/\/elfsight.com\/fr\/wp-json\/wp\/v2\/types\/page"}],"author":[{"embeddable":true,"href":"https:\/\/elfsight.com\/fr\/wp-json\/wp\/v2\/users\/9"}],"replies":[{"embeddable":true,"href":"https:\/\/elfsight.com\/fr\/wp-json\/wp\/v2\/comments?post=13237"}],"version-history":[{"count":1,"href":"https:\/\/elfsight.com\/fr\/wp-json\/wp\/v2\/pages\/13237\/revisions"}],"predecessor-version":[{"id":13241,"href":"https:\/\/elfsight.com\/fr\/wp-json\/wp\/v2\/pages\/13237\/revisions\/13241"}],"up":[{"embeddable":true,"href":"https:\/\/elfsight.com\/fr\/wp-json\/wp\/v2\/pages\/2403"}],"wp:attachment":[{"href":"https:\/\/elfsight.com\/fr\/wp-json\/wp\/v2\/media?parent=13237"}],"curies":[{"name":"wp","href":"https:\/\/api.w.org\/{rel}","templated":true}]}}