{"id":13236,"date":"2024-05-03T06:32:36","date_gmt":"2024-05-03T06:32:36","guid":{"rendered":"https:\/\/elfsight.com\/fr\/?page_id=13236"},"modified":"2025-07-09T17:03:36","modified_gmt":"2025-07-09T17:03:36","slug":"blogger","status":"publish","type":"page","link":"https:\/\/elfsight.com\/fr\/click-to-call-widget\/blogger\/","title":{"rendered":"Click to Call &#8211; Blogger"},"content":{"rendered":"<div class=\"application-platform-content-item-description application-platform-content-item\" id=\"description\" data-nav-section=\"description\"> <h2>Description<\/h2> <p>Elfsight Call Now Button est un simple widget pour n&rsquo;importe quel site, qui permettra \u00e0 vos visiteurs d&rsquo;acc\u00e9der plus rapidement \u00e0 vous t\u00e9l\u00e9phone. Vu depuis un mobile, le widget commence \u00e0 composer le num\u00e9ro s\u00e9lectionn\u00e9, juste apr\u00e8s qu&rsquo;une personne clique sur la bulle du t\u00e9l\u00e9phone. Lorsqu&rsquo;il est utilis\u00e9 \u00e0 partir d&rsquo;un PC et d&rsquo;une tablette, le clic r\u00e9v\u00e9lera votre num\u00e9ro sur la page et aidera les utilisateurs \u00e0 vous appeler imm\u00e9diatement. Il existe une option permettant non seulement d&rsquo;afficher votre num\u00e9ro de t\u00e9l\u00e9phone, mais \u00e9galement d&rsquo;afficher la fen\u00eatre d&rsquo;appel o\u00f9 les utilisateurs peuvent voir le nom et la photo de la personne de contact du client ainsi qu&rsquo;une l\u00e9gende. Toutes les parties sont flexibles, ce qui permet de cr\u00e9er des looks vari\u00e9s pour l&rsquo;interface. Vous pouvez \u00e9galement attribuer un d\u00e9clencheur qui active la bulle t\u00e9l\u00e9phonique et d\u00e9cider quelle cat\u00e9gorie de t\u00e9l\u00e9spectateurs la verra. <\/p> <div class=\"faq\" data-component=\"FAQ\"><div class=\"faq-item\">\r\n\t\t\t\t\t<div class=\"faq-item-question\">\r\n\t\t\t\t\t\t<h3 class=\"faq-item-question-text\">O\u00f9 sur mon site puis-je publier ce plugin<\/h3>\r\n\r\n\t\t\t\t\t\t<div class=\"faq-item-question-icon\"><\/div>\r\n\t\t\t\t\t<\/div>\r\n\r\n\t\t\t\t\t<div class=\"faq-item-answer\">\r\n\t\t\t\t\t\t<div class=\"faq-item-answer-text\"> <p>Vous pouvez l&rsquo;ins\u00e9rer sur n&rsquo;importe quelle page de votre site ainsi que sur toutes les pages. Dans les param\u00e8tres Click To Call, vous pouvez ins\u00e9rer les URL des pages sur lesquelles vous devez placer le widget. Vous pouvez \u00e9galement utiliser la fonction Exclure et ajouter les URL des pages exactes sur lesquelles vous souhaitez interdire l&rsquo;affichage du widget. <\/p> <\/div>\r\n\t\t\t\t\t<\/div>\r\n\t\t\t\t<\/div><div class=\"faq-item\">\r\n\t\t\t\t\t<div class=\"faq-item-question\">\r\n\t\t\t\t\t\t<h3 class=\"faq-item-question-text\">Comment b\u00e9n\u00e9ficier du widget d'appel ?<\/h3>\r\n\r\n\t\t\t\t\t\t<div class=\"faq-item-question-icon\"><\/div>\r\n\t\t\t\t\t<\/div>\r\n\r\n\t\t\t\t\t<div class=\"faq-item-answer\">\r\n\t\t\t\t\t\t<div class=\"faq-item-answer-text\"> <p>Vous pouvez commencer \u00e0 recevoir plus d&rsquo;appels de clients gr\u00e2ce \u00e0 un moyen rapide et pratique de vous appeler au t\u00e9l\u00e9phone, sans quitter la page Web. Cela peut contribuer \u00e0 avoir davantage de conversations directes et \u00e0 transformer les visiteurs en clients. De plus, vous pouvez collecter votre client\u00e8le de prospects. <\/p> <\/div>\r\n\t\t\t\t\t<\/div>\r\n\t\t\t\t<\/div> <div class=\"faq-item\">\r\n\t\t\t\t\t<div class=\"faq-item-question\">\r\n\t\t\t\t\t\t<h3 class=\"faq-item-question-text\">Comment installer le widget d'appel sur mon site Blogger ?<\/h3>\r\n\r\n\t\t\t\t\t\t<div class=\"faq-item-question-icon\"><\/div>\r\n\t\t\t\t\t<\/div>\r\n\r\n\t\t\t\t\t<div class=\"faq-item-answer\">\r\n\t\t\t\t\t\t<div class=\"faq-item-answer-text\"> <p>Vous n&rsquo;avez besoin que de deux minutes de votre temps pour le configurer. L\u2019int\u00e9gration est vraiment rapide, gratuite et ne n\u00e9cessite aucun codage. <\/p> <p>&gt;Vous pouvez int\u00e9grer le widget Appel \u00e0 votre site Web directement dans notre service. Pour cela, appliquez le guide ci-dessous sur cette page.<\/p> <\/div>\r\n\t\t\t\t\t<\/div>\r\n\t\t\t\t<\/div> <\/div> <\/div> <div class=\"application-platform-content-item-features application-platform-content-item\" id=\"features\" data-nav-section=\"features\"> <h2>Fonctionnalit\u00e9s<\/h2> <p>Pour fa\u00e7onner un id\u00e9e du widget, consultez la liste de ses fonctions les plus importantes. Ils rendent ce widget incroyablement b\u00e9n\u00e9fique pour vous\u00a0: <\/p> <ul><li>Num\u00e9rotation imm\u00e9diate sur les mobiles\u00a0; <\/li> <li>S\u00e9lectionnez l&rsquo;une des options de position du widget\u00a0: flottant \u00e0 gauche ou \u00e0 droite ou personnalis\u00e9\u00a0; <\/li> <li>L&rsquo;option permettant de pr\u00e9senter le widget sur des pages Web sp\u00e9cifiques ou d&rsquo;exclure des pages\u00a0; <\/li> <li>Trois types de visiteurs pour lesquels le widget appara\u00eetra\u00a0: tous, nouveaux ou anciens\u00a0; <\/li> <li> Quatre d\u00e9clencheurs d&rsquo;ouverture de widget int\u00e9gr\u00e9s\u00a0: temps pass\u00e9 sur la page, temps sur le site, quantit\u00e9 de d\u00e9filement et tentative de sortie du site. <\/li> <\/ul><p><a href=\"#demo\">Pour explorer plus de fonctionnalit\u00e9s, voir la d\u00e9mo<\/a><\/p> <\/div> <div class=\"application-platform-content-item-installation application-platform-content-item\" id=\"installation\" data-nav-section=\"installation\"> <h2> Comment ajouter le widget Click To Call \u00e0 votre site Web Blogger<\/h2> <p>Les \u00e9tapes ci-dessous sont les seules choses que vous devez faire pour activer le widget. <\/p> <ol><li><b>Construisez votre plugin Call sur mesure<\/b><br> Avec l&rsquo;aide de notre \u00e9diteur gratuit, cr\u00e9ez un plugin avec une mise en page et des fonctionnalit\u00e9s personnalis\u00e9es. <\/li><li><b>Recevez le code individuel pour installer le plugin<\/b><br> Apr\u00e8s avoir d\u00e9fini votre widget, vous obtiendrez votre code d&rsquo;installation \u00e0 partir de la fen\u00eatre apparue sur Elfsight Apps. Copiez-le. <\/li> <li><b>Int\u00e9grez le plugin dans votre site Blogger<\/b><br> Acc\u00e9dez \u00e0 la zone dans laquelle vous pr\u00e9voyez d&rsquo;int\u00e9grer le plugin et ajoutez-y le code copi\u00e9. Publiez les modifications. <\/li> <li><b>L&rsquo;installation est termin\u00e9e<\/b><br> Entrez dans la page pour jeter un \u0153il \u00e0 votre plugin Call. <\/li> <\/ol><p>Vous avez encore des doutes sur quelque chose\u00a0? Ou vous avez des probl\u00e8mes ? Une simple demande \u00e0 notre service client r\u00e9glera tout type de probl\u00e8me. <\/p> <\/div>","protected":false},"excerpt":{"rendered":"","protected":false},"author":9,"featured_media":0,"parent":2403,"menu_order":0,"comment_status":"closed","ping_status":"closed","template":"templates\/template-application-platform.php","meta":{"publish_to_discourse":"","publish_post_category":"","wpdc_auto_publish_overridden":"","wpdc_topic_tags":"","wpdc_pin_topic":"","wpdc_pin_until":"","discourse_post_id":"","discourse_permalink":"","wpdc_publishing_response":"","wpdc_publishing_error":"","footnotes":""},"class_list":["post-13236","page","type-page","status-publish","hentry"],"yoast_head":"<!-- This site is optimized with the Yoast SEO plugin v25.3.1 - https:\/\/yoast.com\/wordpress\/plugins\/seo\/ -->\n<title>Ajouter un widget Click to Call Button sur le site Web Blogger (gratuit et rapide)<\/title>\n<meta name=\"description\" content=\"Avec Elfsight, r\u00e9alisez votre Click to Call et ajoutez-le au site Blogger en un rien de temps. Nous avons un service client gratuit et plus de bonus.\" \/>\n<meta name=\"robots\" content=\"index, follow, max-snippet:-1, max-image-preview:large, max-video-preview:-1\" \/>\n<link rel=\"canonical\" href=\"https:\/\/elfsight.com\/fr\/click-to-call-widget\/blogger\/\" \/>\n<meta property=\"og:locale\" content=\"fr_FR\" \/>\n<meta property=\"og:type\" content=\"article\" \/>\n<meta property=\"og:title\" content=\"Ajouter un widget Click to Call Button sur le site Web Blogger (gratuit et rapide)\" \/>\n<meta property=\"og:description\" content=\"Avec Elfsight, r\u00e9alisez votre Click to Call et ajoutez-le au site Blogger en un rien de temps. Nous avons un service client gratuit et plus de bonus.\" \/>\n<meta property=\"og:url\" content=\"https:\/\/elfsight.com\/fr\/click-to-call-widget\/blogger\/\" \/>\n<meta property=\"og:site_name\" content=\"Elfsight FR\" \/>\n<meta property=\"article:modified_time\" content=\"2025-07-09T17:03:36+00:00\" \/>\n<meta name=\"twitter:card\" content=\"summary_large_image\" \/>\n<meta name=\"twitter:label1\" content=\"Dur\u00e9e de lecture estim\u00e9e\" \/>\n\t<meta name=\"twitter:data1\" content=\"3 minutes\" \/>\n<!-- \/ Yoast SEO plugin. -->","yoast_head_json":{"title":"Ajouter un widget Click to Call Button sur le site Web Blogger (gratuit et rapide)","description":"Avec Elfsight, r\u00e9alisez votre Click to Call et ajoutez-le au site Blogger en un rien de temps. Nous avons un service client gratuit et plus de bonus.","robots":{"index":"index","follow":"follow","max-snippet":"max-snippet:-1","max-image-preview":"max-image-preview:large","max-video-preview":"max-video-preview:-1"},"canonical":"https:\/\/elfsight.com\/fr\/click-to-call-widget\/blogger\/","og_locale":"fr_FR","og_type":"article","og_title":"Ajouter un widget Click to Call Button sur le site Web Blogger (gratuit et rapide)","og_description":"Avec Elfsight, r\u00e9alisez votre Click to Call et ajoutez-le au site Blogger en un rien de temps. Nous avons un service client gratuit et plus de bonus.","og_url":"https:\/\/elfsight.com\/fr\/click-to-call-widget\/blogger\/","og_site_name":"Elfsight FR","article_modified_time":"2025-07-09T17:03:36+00:00","twitter_card":"summary_large_image","twitter_misc":{"Dur\u00e9e de lecture estim\u00e9e":"3 minutes"},"schema":{"@context":"https:\/\/schema.org","@graph":[{"@type":"WebPage","@id":"https:\/\/elfsight.com\/fr\/click-to-call-widget\/blogger\/","url":"https:\/\/elfsight.com\/fr\/click-to-call-widget\/blogger\/","name":"Ajouter un widget Click to Call Button sur le site Web Blogger (gratuit et rapide)","isPartOf":{"@id":"https:\/\/elfsight.com\/fr\/#website"},"datePublished":"2024-05-03T06:32:36+00:00","dateModified":"2025-07-09T17:03:36+00:00","description":"Avec Elfsight, r\u00e9alisez votre Click to Call et ajoutez-le au site Blogger en un rien de temps. Nous avons un service client gratuit et plus de bonus.","breadcrumb":{"@id":"https:\/\/elfsight.com\/fr\/click-to-call-widget\/blogger\/#breadcrumb"},"inLanguage":"fr-FR","potentialAction":[{"@type":"ReadAction","target":["https:\/\/elfsight.com\/fr\/click-to-call-widget\/blogger\/"]}]},{"@type":"BreadcrumbList","@id":"https:\/\/elfsight.com\/fr\/click-to-call-widget\/blogger\/#breadcrumb","itemListElement":[{"@type":"ListItem","position":1,"name":"Home","item":"https:\/\/elfsight.com\/fr\/"},{"@type":"ListItem","position":2,"name":"Click to Call","item":"https:\/\/elfsight.com\/fr\/click-to-call-widget\/"},{"@type":"ListItem","position":3,"name":"Click to Call &#8211; Blogger"}]},{"@type":"WebSite","@id":"https:\/\/elfsight.com\/fr\/#website","url":"https:\/\/elfsight.com\/fr\/","name":"Elfsight FR","description":"","potentialAction":[{"@type":"SearchAction","target":{"@type":"EntryPoint","urlTemplate":"https:\/\/elfsight.com\/fr\/?s={search_term_string}"},"query-input":{"@type":"PropertyValueSpecification","valueRequired":true,"valueName":"search_term_string"}}],"inLanguage":"fr-FR"}]}},"meta_box":{"industry":"","seo_heading":"","heading":"","description":"","cta_heading":"","cta_description":"","application":"2402","h1":"Widget Blogger\u00a0Cliquer pour appeler","h1_caption":"Permettez aux utilisateurs de vous contacter instantan\u00e9ment avec un simple bouton \u00ab\u00a0Cliquer pour appeler\u00a0\u00bb, ce qui facilite l'acc\u00e8s direct \u00e0 votre site Web Blogger, sans effort.","application_category":[],"applications_title":"","applications_request_title":"","applications_request_button_text":"","hero_text":"","hero_video":"","hero_video_schema_markup":"","selling_points_title":"","selling_points_caption":"","selling_points":[],"selling_points_cta_text":"","features_title":"","features":"","ed_cta_examples_text":"","ed_cta_examples_hidden":"","ed_cta_demo_text":"","ed_cta_demo_hidden":"","why_caption":"","why_editor_title":"","why_editor_text":"","why_team_title":"","why_team_text":"","why_service_title":"","why_service_text":"","template_catalog_visible":"","template_catalog_title":"","template_catalog_text":"","template_catalog_categories_visible":"","demo_title":"Cr\u00e9ez votre widget Click to Call","demo_caption":"Configurez votre Click to Call et ajoutez-le gratuitement \u00e0 votre site Blogger\u00a0!","default_faq_hidden":"","app_template_category":[],"platform":"348","template_public_id":"","codecanyon_url":"","codecanyon_item_id":"","codecanyon_price":"","pricing_caption":"","pricing_elfsight_apps_hide_column":"","pricing_elfsight_apps_url":"","pricing_codecanyon_price_caption":"","integration_category":[],"integration_request_title":"","integration_request_cta":"","integration_platform":"","integrations":[],"platform_category":[],"video_schema_markup":"","price":"\u00e0 partir de 0$ \/ mois","trial":"","benefits":[{"text":"Service d'installation gratuit"},{"text":"Service client professionnel"},{"text":"Garantie de remboursement de 14 jours"},{"text":"Mise \u00e0 jour constante"}],"button_url":"#demo","button_target_blank":"","button_nofollow":"","attributes":[{"name":"Installations","content":"10,000 - 100,000"},{"name":"Sensible","content":"Oui"},{"name":"Navigateurs compatibles","content":"Firefox, Safari, Opera, Chrome, Edge"}],"tags":[],"tags_disable_links":"","hide_more_platforms":"","video_object":"","demo_hide_cta":"","demo_hide_cloud_options":"","pricing_title":"","pricing":[{"pricing_icon":"platform","pricing_title":"Elfsight Apps","pricing_title_caption":"Version ind\u00e9pendante de la plateforme","pricing_price":"from $0 \/ month","pricing_price_caption":"commencez avec un forfait gratuit","pricing_benefits":[{"text":"Sites Web illimit\u00e9s"},{"text":"Support d'entreprise premium et bien document\u00e9"},{"text":"Aide \u00e0 l'installation gratuite"},{"text":"100% personnalisable"}],"pricing_button_text":"Ajouter au site Web","pricing_button_url":"#demo"}],"related_apps_title":"","related_apps_hidden":"","author":"","image":[],"title":"","job":"","social_networks":[]},"_links":{"self":[{"href":"https:\/\/elfsight.com\/fr\/wp-json\/wp\/v2\/pages\/13236","targetHints":{"allow":["GET"]}}],"collection":[{"href":"https:\/\/elfsight.com\/fr\/wp-json\/wp\/v2\/pages"}],"about":[{"href":"https:\/\/elfsight.com\/fr\/wp-json\/wp\/v2\/types\/page"}],"author":[{"embeddable":true,"href":"https:\/\/elfsight.com\/fr\/wp-json\/wp\/v2\/users\/9"}],"replies":[{"embeddable":true,"href":"https:\/\/elfsight.com\/fr\/wp-json\/wp\/v2\/comments?post=13236"}],"version-history":[{"count":1,"href":"https:\/\/elfsight.com\/fr\/wp-json\/wp\/v2\/pages\/13236\/revisions"}],"predecessor-version":[{"id":13240,"href":"https:\/\/elfsight.com\/fr\/wp-json\/wp\/v2\/pages\/13236\/revisions\/13240"}],"up":[{"embeddable":true,"href":"https:\/\/elfsight.com\/fr\/wp-json\/wp\/v2\/pages\/2403"}],"wp:attachment":[{"href":"https:\/\/elfsight.com\/fr\/wp-json\/wp\/v2\/media?parent=13236"}],"curies":[{"name":"wp","href":"https:\/\/api.w.org\/{rel}","templated":true}]}}