{"id":13230,"date":"2024-05-03T06:32:34","date_gmt":"2024-05-03T06:32:34","guid":{"rendered":"https:\/\/elfsight.com\/fr\/?page_id=13230"},"modified":"2025-07-09T17:03:47","modified_gmt":"2025-07-09T17:03:47","slug":"elementor","status":"publish","type":"page","link":"https:\/\/elfsight.com\/fr\/click-to-call-widget\/elementor\/","title":{"rendered":"Click to Call &#8211; Elementor"},"content":{"rendered":"<div class=\"application-platform-content-item-description application-platform-content-item\" id=\"description\" data-nav-section=\"description\"> <h2>Int\u00e9grer Cliquez pour appeler Elementor avec le widget Elfsight<\/h2> <p>Le bouton Appeler maintenant d&rsquo;Elementor est le widget le plus pratique pour votre site, ce qui permet aux visiteurs de vous joindre plus facilement par t\u00e9l\u00e9phone. Lorsque les utilisateurs parcourent votre site sur leur t\u00e9l\u00e9phone mobile, le widget commence \u00e0 composer votre num\u00e9ro apr\u00e8s qu&rsquo;une personne ait cliqu\u00e9 sur la bulle du t\u00e9l\u00e9phone. Lorsqu&rsquo;il est affich\u00e9 depuis un ordinateur de bureau, le clic affiche votre num\u00e9ro sur la page et aide les utilisateurs \u00e0 d\u00e9marrer un appel instantan\u00e9ment. Vous pouvez non seulement ajouter votre num\u00e9ro, mais \u00e9galement afficher la fen\u00eatre d&rsquo;appel avec le nom et l&rsquo;image de votre personne de contact et un bref texte. Toutes les parties de la fen\u00eatre d&rsquo;appel sont commutables et vous permettent de concevoir diff\u00e9rents looks de l&rsquo;interface. Il existe \u00e9galement une fonctionnalit\u00e9 permettant de choisir un d\u00e9clencheur qui fera appara\u00eetre la bulle du t\u00e9l\u00e9phone et de choisir une cat\u00e9gorie de t\u00e9l\u00e9spectateurs pour laquelle elle appara\u00eetra.<\/p> <div class=\"faq\" data-component=\"FAQ\"><div class=\"faq-item\">\r\n\t\t\t\t\t<div class=\"faq-item-question\">\r\n\t\t\t\t\t\t<h3 class=\"faq-item-question-text\">O\u00f9 sur mon site puis-je l'afficher<\/h3>\r\n\r\n\t\t\t\t\t\t<div class=\"faq-item-question-icon\"><\/div>\r\n\t\t\t\t\t<\/div>\r\n\r\n\t\t\t\t\t<div class=\"faq-item-answer\">\r\n\t\t\t\t\t\t<div class=\"faq-item-answer-text\"> <p>Le widget Elfsight Call peut \u00eatre introduit sur n\u2019importe quelle page de votre site Web ou sur toutes les pages. Dans les param\u00e8tres Click To Call, vous pouvez ajouter les URL des pages distinctes o\u00f9 vous devez int\u00e9grer le bouton Appeler maintenant dans le widget. Ou appliquez l&rsquo;option Exclure et ins\u00e9rez les URL des pages sur lesquelles vous devez restreindre l&rsquo;affichage du widget. <\/p> <\/div>\r\n\t\t\t\t\t<\/div>\r\n\t\t\t\t<\/div><div class=\"faq-item\">\r\n\t\t\t\t\t<div class=\"faq-item-question\">\r\n\t\t\t\t\t\t<h3 class=\"faq-item-question-text\">Comment b\u00e9n\u00e9ficierais-je du widget bouton d'appel Elementor ?<\/h3>\r\n\r\n\t\t\t\t\t\t<div class=\"faq-item-question-icon\"><\/div>\r\n\t\t\t\t\t<\/div>\r\n\r\n\t\t\t\t\t<div class=\"faq-item-answer\">\r\n\t\t\t\t\t\t<div class=\"faq-item-answer-text\"> <p>Vous pouvez commencer \u00e0 recevoir plus d&rsquo;appels d&rsquo;utilisateurs gr\u00e2ce \u00e0 un moyen rapide et pratique de vous appeler en restant sur la page Web. . Cela vous aidera \u00e0 obtenir davantage de conversations personnelles et \u00e0 convertir les utilisateurs en nouveaux clients. En outre, vous pouvez collecter votre base de donn\u00e9es de prospects. <\/p> <\/div>\r\n\t\t\t\t\t<\/div>\r\n\t\t\t\t<\/div> <div class=\"faq-item\">\r\n\t\t\t\t\t<div class=\"faq-item-question\">\r\n\t\t\t\t\t\t<h3 class=\"faq-item-question-text\">Comment int\u00e9grer le widget d'appel sur mon site Web Elementor ?<\/h3>\r\n\r\n\t\t\t\t\t\t<div class=\"faq-item-question-icon\"><\/div>\r\n\t\t\t\t\t<\/div>\r\n\r\n\t\t\t\t\t<div class=\"faq-item-answer\">\r\n\t\t\t\t\t\t<div class=\"faq-item-answer-text\"> <p>Vous n&rsquo;aurez besoin que d&rsquo;une minute pour l&rsquo;activer. L\u2019installation est ultra-rapide, gratuite et ne n\u00e9cessite aucun codage. <\/p> <p>Vous pouvez ajouter le widget Bouton d&rsquo;appel \u00e0 votre page Web via notre service. Pour lui faire effectuer la br\u00e8ve description ci-apr\u00e8s sur cette page. <\/p> <\/div>\r\n\t\t\t\t\t<\/div>\r\n\t\t\t\t<\/div> <\/div> <\/div> <div class=\"application-platform-content-item-features application-platform-content-item\" id=\"features\" data-nav-section=\"features\"> <h2>Principales fonctionnalit\u00e9s du widget Click to Call<\/h2> <p>Afin de mieux conna\u00eetre Cliquez pour appeler, voici une liste des traits essentiels. Ils rendent ce widget incroyablement efficace pour vous\u00a0:<\/p> <ul><li>Num\u00e9rotation en un clic sur les mobiles\u00a0; <\/li> <li>3 options de position du widget\u00a0: flottant \u00e0 gauche ou \u00e0 droite ou personnalis\u00e9\u00a0; <\/li> <li>La possibilit\u00e9 d&rsquo;afficher le widget sur les pages Web s\u00e9lectionn\u00e9es ou d&rsquo;exclure des pages Web\u00a0; <\/li> <li>3 groupes d&rsquo;utilisateurs pour voir le widget\u00a0: tous, nouveaux ou anciens\u00a0; <\/li> <li> D\u00e9clencheurs d&rsquo;ouverture de widget int\u00e9gr\u00e9s\u00a0: temps pass\u00e9 sur la page, temps pass\u00e9 sur le site Web, pourcentage de d\u00e9filement et tentative de quitter le site. <\/li> <\/ul><p><a href=\"#demo\">Pour d\u00e9couvrir toutes les fonctionnalit\u00e9s, voir la d\u00e9mo en direct<\/a><\/p> <\/div> <div class=\"application-platform-content-item-installation application-platform-content-item\" id=\"installation\" data-nav-section=\"installation\"> <h2>comment ajouter le widget Click To Call Button sur votre site Web Elementor<\/h2> <p>Quelques \u00e9tapes rapides suffisent pour afficher le widget.<\/p> <ol><li><b> Concevez votre plugin Call sur mesure<\/b><br> Gr\u00e2ce \u00e0 notre \u00e9diteur gratuit, obtenez un plugin avec un look et des caract\u00e9ristiques fonctionnelles s\u00e9lectionn\u00e9s. <\/li><li><b>Copiez le code individuel pour configurer le plugin<\/b><br> Apr\u00e8s avoir configur\u00e9 votre widget, vous obtiendrez votre code personnel dans la fen\u00eatre apparue sur Elfsight Apps. Copiez-le pour une utilisation ult\u00e9rieure. <\/li><li><b>Ajoutez le plugin sur votre site Web Elementor<\/b><br> Choisissez la zone \u00e0 laquelle vous souhaitez ajouter le plugin et collez-y le code copi\u00e9. Publiez les modifications. <\/li> <li><b>Vous avez termin\u00e9\u00a0! <\/b><br> Entrez dans votre boutique pour v\u00e9rifier votre plugin. <\/li> <\/ol><p>Toujours instable ? Ou avez-vous des questions \u00e0 poser ? Une simple demande \u00e0 notre \u00e9quipe d&rsquo;assistance r\u00e9soudra tout probl\u00e8me. <\/p> <\/div>","protected":false},"excerpt":{"rendered":"","protected":false},"author":9,"featured_media":0,"parent":2403,"menu_order":0,"comment_status":"closed","ping_status":"closed","template":"templates\/template-application-platform.php","meta":{"publish_to_discourse":"","publish_post_category":"","wpdc_auto_publish_overridden":"","wpdc_topic_tags":"","wpdc_pin_topic":"","wpdc_pin_until":"","discourse_post_id":"","discourse_permalink":"","wpdc_publishing_response":"","wpdc_publishing_error":"","footnotes":""},"class_list":["post-13230","page","type-page","status-publish","hentry"],"yoast_head":"<!-- This site is optimized with the Yoast SEO plugin v25.3.1 - https:\/\/yoast.com\/wordpress\/plugins\/seo\/ -->\n<title>Ajouter un widget de bouton Click to Call au site Web Elementor (2025)<\/title>\n<meta name=\"description\" content=\"Avec Elfsight, fa\u00e7onnez votre bouton Click to Call et ajoutez-le facilement sur le site Web Elementor. Nous avons un service client gratuit et d&#039;autres bonus.\" \/>\n<meta name=\"robots\" content=\"index, follow, max-snippet:-1, max-image-preview:large, max-video-preview:-1\" \/>\n<link rel=\"canonical\" href=\"https:\/\/elfsight.com\/fr\/click-to-call-widget\/elementor\/\" \/>\n<meta property=\"og:locale\" content=\"fr_FR\" \/>\n<meta property=\"og:type\" content=\"article\" \/>\n<meta property=\"og:title\" content=\"Ajouter un widget de bouton Click to Call au site Web Elementor (2025)\" \/>\n<meta property=\"og:description\" content=\"Avec Elfsight, fa\u00e7onnez votre bouton Click to Call et ajoutez-le facilement sur le site Web Elementor. Nous avons un service client gratuit et d&#039;autres bonus.\" \/>\n<meta property=\"og:url\" content=\"https:\/\/elfsight.com\/fr\/click-to-call-widget\/elementor\/\" \/>\n<meta property=\"og:site_name\" content=\"Elfsight FR\" \/>\n<meta property=\"article:modified_time\" content=\"2025-07-09T17:03:47+00:00\" \/>\n<meta name=\"twitter:card\" content=\"summary_large_image\" \/>\n<meta name=\"twitter:label1\" content=\"Dur\u00e9e de lecture estim\u00e9e\" \/>\n\t<meta name=\"twitter:data1\" content=\"3 minutes\" \/>\n<!-- \/ Yoast SEO plugin. -->","yoast_head_json":{"title":"Ajouter un widget de bouton Click to Call au site Web Elementor (2025)","description":"Avec Elfsight, fa\u00e7onnez votre bouton Click to Call et ajoutez-le facilement sur le site Web Elementor. Nous avons un service client gratuit et d'autres bonus.","robots":{"index":"index","follow":"follow","max-snippet":"max-snippet:-1","max-image-preview":"max-image-preview:large","max-video-preview":"max-video-preview:-1"},"canonical":"https:\/\/elfsight.com\/fr\/click-to-call-widget\/elementor\/","og_locale":"fr_FR","og_type":"article","og_title":"Ajouter un widget de bouton Click to Call au site Web Elementor (2025)","og_description":"Avec Elfsight, fa\u00e7onnez votre bouton Click to Call et ajoutez-le facilement sur le site Web Elementor. Nous avons un service client gratuit et d'autres bonus.","og_url":"https:\/\/elfsight.com\/fr\/click-to-call-widget\/elementor\/","og_site_name":"Elfsight FR","article_modified_time":"2025-07-09T17:03:47+00:00","twitter_card":"summary_large_image","twitter_misc":{"Dur\u00e9e de lecture estim\u00e9e":"3 minutes"},"schema":{"@context":"https:\/\/schema.org","@graph":[{"@type":"WebPage","@id":"https:\/\/elfsight.com\/fr\/click-to-call-widget\/elementor\/","url":"https:\/\/elfsight.com\/fr\/click-to-call-widget\/elementor\/","name":"Ajouter un widget de bouton Click to Call au site Web Elementor (2025)","isPartOf":{"@id":"https:\/\/elfsight.com\/fr\/#website"},"datePublished":"2024-05-03T06:32:34+00:00","dateModified":"2025-07-09T17:03:47+00:00","description":"Avec Elfsight, fa\u00e7onnez votre bouton Click to Call et ajoutez-le facilement sur le site Web Elementor. Nous avons un service client gratuit et d'autres bonus.","breadcrumb":{"@id":"https:\/\/elfsight.com\/fr\/click-to-call-widget\/elementor\/#breadcrumb"},"inLanguage":"fr-FR","potentialAction":[{"@type":"ReadAction","target":["https:\/\/elfsight.com\/fr\/click-to-call-widget\/elementor\/"]}]},{"@type":"BreadcrumbList","@id":"https:\/\/elfsight.com\/fr\/click-to-call-widget\/elementor\/#breadcrumb","itemListElement":[{"@type":"ListItem","position":1,"name":"Home","item":"https:\/\/elfsight.com\/fr\/"},{"@type":"ListItem","position":2,"name":"Click to Call","item":"https:\/\/elfsight.com\/fr\/click-to-call-widget\/"},{"@type":"ListItem","position":3,"name":"Click to Call &#8211; Elementor"}]},{"@type":"WebSite","@id":"https:\/\/elfsight.com\/fr\/#website","url":"https:\/\/elfsight.com\/fr\/","name":"Elfsight FR","description":"","potentialAction":[{"@type":"SearchAction","target":{"@type":"EntryPoint","urlTemplate":"https:\/\/elfsight.com\/fr\/?s={search_term_string}"},"query-input":{"@type":"PropertyValueSpecification","valueRequired":true,"valueName":"search_term_string"}}],"inLanguage":"fr-FR"}]}},"meta_box":{"industry":"","seo_heading":"","heading":"","description":"","cta_heading":"","cta_description":"","application":"2402","h1":"Widget Elementor Cliquez pour appeler","h1_caption":"Permettez aux utilisateurs de vous contacter instantan\u00e9ment avec un simple bouton \u00ab\u00a0Cliquer pour appeler\u00a0\u00bb, ce qui facilite l'acc\u00e8s direct \u00e0 votre site Web Elementor, sans effort.","application_category":[],"applications_title":"","applications_request_title":"","applications_request_button_text":"","hero_text":"","hero_video":"","hero_video_schema_markup":"","selling_points_title":"","selling_points_caption":"","selling_points":[],"selling_points_cta_text":"","features_title":"","features":"","ed_cta_examples_text":"","ed_cta_examples_hidden":"","ed_cta_demo_text":"","ed_cta_demo_hidden":"","why_caption":"","why_editor_title":"","why_editor_text":"","why_team_title":"","why_team_text":"","why_service_title":"","why_service_text":"","template_catalog_visible":"","template_catalog_title":"","template_catalog_text":"","template_catalog_categories_visible":"","demo_title":"Cr\u00e9ez votre widget Click to Call","demo_caption":"Configurez votre Click to Call et ajoutez-le \u00e0 votre site Web Elementor gratuitement !","default_faq_hidden":"","app_template_category":[],"platform":"385","template_public_id":"","codecanyon_url":"","codecanyon_item_id":"","codecanyon_price":"","pricing_caption":"","pricing_elfsight_apps_hide_column":"","pricing_elfsight_apps_url":"","pricing_codecanyon_price_caption":"","integration_category":[],"integration_request_title":"","integration_request_cta":"","integration_platform":"","integrations":[],"platform_category":[],"video_schema_markup":"","price":"\u00e0 partir de 0$ \/ mois","trial":"","benefits":[{"text":"Aide \u00e0 l'installation gratuite"},{"text":"Service client comp\u00e9tent"},{"text":"Garantie de remboursement de 14 jours"},{"text":"Mises \u00e0 jour continues"}],"button_url":"#demo","button_target_blank":"","button_nofollow":"","attributes":[{"name":"Installations","content":"10,000 - 100,000"},{"name":"Sensible","content":"Oui"},{"name":"Navigateurs compatibles","content":"IE11, Firefox, Safari, Opera, Chrome, Edge"}],"tags":[],"tags_disable_links":"","hide_more_platforms":"","video_object":"","demo_hide_cta":"","demo_hide_cloud_options":"","pricing_title":"","pricing":[{"pricing_icon":"platform","pricing_title":"Elfsight  Apps","pricing_title_caption":"Solution multiplateforme","pricing_price":"from $0 \/ month","pricing_price_caption":"commencez avec un forfait gratuit","pricing_benefits":[{"text":"Domaines illimit\u00e9s"},{"text":"Assistance 24h\/24 et 7j\/7"},{"text":"Assistance \u00e0 l'installation gratuite"},{"text":"Offre sp\u00e9ciale pour plusieurs applications"}],"pricing_button_text":"Ajouter au site Web","pricing_button_url":"#demo"}],"related_apps_title":"","related_apps_hidden":"","author":"","image":[],"title":"","job":"","social_networks":[]},"_links":{"self":[{"href":"https:\/\/elfsight.com\/fr\/wp-json\/wp\/v2\/pages\/13230","targetHints":{"allow":["GET"]}}],"collection":[{"href":"https:\/\/elfsight.com\/fr\/wp-json\/wp\/v2\/pages"}],"about":[{"href":"https:\/\/elfsight.com\/fr\/wp-json\/wp\/v2\/types\/page"}],"author":[{"embeddable":true,"href":"https:\/\/elfsight.com\/fr\/wp-json\/wp\/v2\/users\/9"}],"replies":[{"embeddable":true,"href":"https:\/\/elfsight.com\/fr\/wp-json\/wp\/v2\/comments?post=13230"}],"version-history":[{"count":1,"href":"https:\/\/elfsight.com\/fr\/wp-json\/wp\/v2\/pages\/13230\/revisions"}],"predecessor-version":[{"id":13234,"href":"https:\/\/elfsight.com\/fr\/wp-json\/wp\/v2\/pages\/13230\/revisions\/13234"}],"up":[{"embeddable":true,"href":"https:\/\/elfsight.com\/fr\/wp-json\/wp\/v2\/pages\/2403"}],"wp:attachment":[{"href":"https:\/\/elfsight.com\/fr\/wp-json\/wp\/v2\/media?parent=13230"}],"curies":[{"name":"wp","href":"https:\/\/api.w.org\/{rel}","templated":true}]}}