{"id":13229,"date":"2024-05-03T06:32:33","date_gmt":"2024-05-03T06:32:33","guid":{"rendered":"https:\/\/elfsight.com\/fr\/?page_id=13229"},"modified":"2025-07-09T17:04:36","modified_gmt":"2025-07-09T17:04:36","slug":"joomla","status":"publish","type":"page","link":"https:\/\/elfsight.com\/fr\/click-to-call-widget\/joomla\/","title":{"rendered":"Click to Call &#8211; Joomla"},"content":{"rendered":"<div class=\"application-platform-content-item-description application-platform-content-item\" id=\"description\" data-nav-section=\"description\"><h2>Description<\/h2><p>Elfsight Call Now Button est une simple extension pour votre site Web, qui permettra \u00e0 vos clients de contacter plus rapidement je t&rsquo;appelle au t\u00e9l\u00e9phone. Utilis\u00e9 sur les t\u00e9l\u00e9phones mobiles, le plugin commence \u00e0 composer le num\u00e9ro s\u00e9lectionn\u00e9 d\u00e8s qu&rsquo;un utilisateur clique sur l&rsquo;ic\u00f4ne du t\u00e9l\u00e9phone. Lorsqu&rsquo;il est affich\u00e9 depuis un ordinateur de bureau, le clic affiche votre num\u00e9ro sur le site et aide les utilisateurs \u00e0 le composer instantan\u00e9ment. Il est possible non seulement d&rsquo;afficher le num\u00e9ro, mais \u00e9galement d&rsquo;afficher la fen\u00eatre d&rsquo;appel qui comprend le nom et la photo de votre contact client ainsi qu&rsquo;un bref texte. Toutes les pi\u00e8ces sont commutables, ce qui vous permet d&rsquo;obtenir diff\u00e9rents looks de l&rsquo;interface. Vous pouvez \u00e9galement choisir un d\u00e9clencheur qui fera sortir la bulle t\u00e9l\u00e9phonique et d\u00e9finir une cat\u00e9gorie de t\u00e9l\u00e9spectateurs pour laquelle elle appara\u00eetra.<\/p><div class=\"faq\" data-component=\"FAQ\"><div class=\"faq-item\">\r\n\t\t\t\t\t<div class=\"faq-item-question\">\r\n\t\t\t\t\t\t<h3 class=\"faq-item-question-text\">O\u00f9 puis-je ajouter le plugin<\/h3>\r\n\r\n\t\t\t\t\t\t<div class=\"faq-item-question-icon\"><\/div>\r\n\t\t\t\t\t<\/div>\r\n\r\n\t\t\t\t\t<div class=\"faq-item-answer\">\r\n\t\t\t\t\t\t<div class=\"faq-item-answer-text\"> <p>Elfsight Click To Call peut \u00eatre int\u00e9gr\u00e9 sur n\u2019importe quelle page de votre site internet ainsi que sur toutes les pages. Dans les param\u00e8tres du plugin, il existe une fonctionnalit\u00e9 permettant d&rsquo;ins\u00e9rer les URL des pages sur lesquelles vous devez placer le bouton. Ou utilisez la fonctionnalit\u00e9 Exclure et saisissez les URL des pages exactes sur lesquelles vous souhaitez interdire l&rsquo;affichage de l&rsquo;extension.<\/p> <\/div>\r\n\t\t\t\t\t<\/div>\r\n\t\t\t\t<\/div><div class=\"faq-item\">\r\n\t\t\t\t\t<div class=\"faq-item-question\">\r\n\t\t\t\t\t\t<h3 class=\"faq-item-question-text\">Quels avantages cela peut-il m'apporter ?<\/h3>\r\n\r\n\t\t\t\t\t\t<div class=\"faq-item-question-icon\"><\/div>\r\n\t\t\t\t\t<\/div>\r\n\r\n\t\t\t\t\t<div class=\"faq-item-answer\">\r\n\t\t\t\t\t\t<div class=\"faq-item-answer-text\"> <p>Vous pouvez attirer davantage de t\u00e9l\u00e9phones. appels des clients gr\u00e2ce \u00e0 un moyen simple et rapide de vous appeler, en restant sur le site. Cela contribuera \u00e0 avoir davantage de communications directes et \u00e0 transformer les visiteurs en clients. Vous pouvez \u00e9galement collecter votre base de donn\u00e9es de prospects.<\/p> <\/div>\r\n\t\t\t\t\t<\/div>\r\n\t\t\t\t<\/div> <div class=\"faq-item\">\r\n\t\t\t\t\t<div class=\"faq-item-question\">\r\n\t\t\t\t\t\t<h3 class=\"faq-item-question-text\">De quoi ai-je besoin pour int\u00e9grer le bouton Appeler maintenant \u00e0 mon site Web Joomla ?<\/h3>\r\n\r\n\t\t\t\t\t\t<div class=\"faq-item-question-icon\"><\/div>\r\n\t\t\t\t\t<\/div>\r\n\r\n\t\t\t\t\t<div class=\"faq-item-answer\">\r\n\t\t\t\t\t\t<div class=\"faq-item-answer-text\"> <p>Cela ne prend qu&rsquo;une minute de votre temps. pour commencer \u00e0 utiliser le plugin. Le processus d&rsquo;int\u00e9gration est tr\u00e8s rapide, gratuit et sans codage. <\/p> <p>Elfsight Click to Call peut \u00eatre ajout\u00e9 \u00e0 votre site via notre service ou via la place de march\u00e9. Ici, vous pouvez comparer les options et d\u00e9cider laquelle est la v\u00f4tre.<\/p><\/div>\r\n\t\t\t\t\t<\/div>\r\n\t\t\t\t<\/div> <\/div> <\/div><div class=\"application-platform-content-item-features application-platform-content-item\" id=\"features\" data-nav-section=\"features\"> <h2>Fonctionnalit\u00e9s<\/h2> <p>Afin de Pour obtenir une meilleure perception du plugin Call, examinez la liste de ses fonctionnalit\u00e9s essentielles. Ils rendent notre extension incroyablement efficace pour vous\u00a0: <\/p> <ul><li>Appels t\u00e9l\u00e9phoniques imm\u00e9diats sur les appareils mobiles\u00a0; <\/li> <li>3 variantes de placement du plugin\u00a0: flottant \u00e0 gauche ou \u00e0 droite ou personnalis\u00e9\u00a0; <\/li> <li>L&rsquo;option d&rsquo;afficher le plugin sur certaines pages ou d&rsquo;exclure des pages\u00a0; <\/li> <li>Choisissez les cat\u00e9gories d&rsquo;utilisateurs pour voir le plugin\u00a0: tous, nouveaux ou anciens uniquement\u00a0; <\/li> <li> Quatre d\u00e9clencheurs d&rsquo;activation du plugin\u00a0: temps pass\u00e9 sur la page, temps pass\u00e9 sur le site Web, position de d\u00e9filement et tentative de sortie du site. <\/li> <\/ul><p><a href=\"#demo\">Explorez toutes les fonctionnalit\u00e9s de notre d\u00e9mo<\/a><\/p> <\/div><div class=\"application-platform-content-item-installation application-platform-content-item\" id=\"installation\" data-nav-section=\"installation\"> <h2>Comment pour ajouter le plugin Call Button \u00e0 votre site Web Joomla<\/h2> <p>Suivez simplement les \u00e9tapes ci-dessous pour int\u00e9grer l&rsquo;outil sur Joomla.<\/p> <ol><li><b>Effectuez notre d\u00e9mo gratuite et commencez \u00e0 cr\u00e9er votre extension Click to Call unique pour Joomla. <\/b><br> D\u00e9terminez la forme et les sp\u00e9cifications appropri\u00e9es de l&rsquo;outil et enregistrez les modifications. <\/li> <li><b>Copiez le code unique apparaissant dans la fen\u00eatre sur Elfsight Apps. <\/b><br> D\u00e8s que la configuration de votre outil est termin\u00e9e, copiez le code exclusif dans la fen\u00eatre qui appara\u00eet et conservez-le pour une utilisation ult\u00e9rieure. <\/li> <li><b>Initiez l&rsquo;utilisation de l&rsquo;outil sur votre site Web Joomla. <\/b><br> Impl\u00e9mentez le code enregistr\u00e9 r\u00e9cemment dans votre site et appliquez les am\u00e9liorations. <\/li> <li><b>L&rsquo;installation est enti\u00e8rement termin\u00e9e. <\/b><br> Rendez-vous sur votre site pour voir en action le fonctionnement de l&rsquo;outil. <\/li><\/ol><p>Vous n&rsquo;arrivez toujours pas \u00e0 vous d\u00e9cider\u00a0? Ou vous avez des questions ? Adressez simplement une demande \u00e0 notre \u00e9quipe d\u2019assistance. Ils r\u00e9soudront n\u2019importe quel probl\u00e8me. <\/p> <\/div><p><\/p>","protected":false},"excerpt":{"rendered":"","protected":false},"author":9,"featured_media":0,"parent":2403,"menu_order":0,"comment_status":"closed","ping_status":"closed","template":"templates\/template-application-platform.php","meta":{"publish_to_discourse":"","publish_post_category":"","wpdc_auto_publish_overridden":"","wpdc_topic_tags":"","wpdc_pin_topic":"","wpdc_pin_until":"","discourse_post_id":"","discourse_permalink":"","wpdc_publishing_response":"","wpdc_publishing_error":"","footnotes":""},"class_list":["post-13229","page","type-page","status-publish","hentry"],"yoast_head":"<!-- This site is optimized with the Yoast SEO plugin v25.3.1 - https:\/\/yoast.com\/wordpress\/plugins\/seo\/ -->\n<title>Plugin d&#039;appel Joomla | Ajouter l&#039;extension du bouton Cliquez pour appeler maintenant au site Web<\/title>\n<meta name=\"description\" content=\"Concevez votre plugin Click to Call Button et ajoutez-le rapidement \u00e0 votre site Web Joomla. Nous disposons d&#039;un support client gratuit et d&#039;autres bonus.\" \/>\n<meta name=\"robots\" content=\"index, follow, max-snippet:-1, max-image-preview:large, max-video-preview:-1\" \/>\n<link rel=\"canonical\" href=\"https:\/\/elfsight.com\/fr\/click-to-call-widget\/joomla\/\" \/>\n<meta property=\"og:locale\" content=\"fr_FR\" \/>\n<meta property=\"og:type\" content=\"article\" \/>\n<meta property=\"og:title\" content=\"Plugin d&#039;appel Joomla | Ajouter l&#039;extension du bouton Cliquez pour appeler maintenant au site Web\" \/>\n<meta property=\"og:description\" content=\"Concevez votre plugin Click to Call Button et ajoutez-le rapidement \u00e0 votre site Web Joomla. Nous disposons d&#039;un support client gratuit et d&#039;autres bonus.\" \/>\n<meta property=\"og:url\" content=\"https:\/\/elfsight.com\/fr\/click-to-call-widget\/joomla\/\" \/>\n<meta property=\"og:site_name\" content=\"Elfsight FR\" \/>\n<meta property=\"article:modified_time\" content=\"2025-07-09T17:04:36+00:00\" \/>\n<meta name=\"twitter:card\" content=\"summary_large_image\" \/>\n<meta name=\"twitter:label1\" content=\"Dur\u00e9e de lecture estim\u00e9e\" \/>\n\t<meta name=\"twitter:data1\" content=\"3 minutes\" \/>\n<!-- \/ Yoast SEO plugin. -->","yoast_head_json":{"title":"Plugin d'appel Joomla | Ajouter l'extension du bouton Cliquez pour appeler maintenant au site Web","description":"Concevez votre plugin Click to Call Button et ajoutez-le rapidement \u00e0 votre site Web Joomla. Nous disposons d'un support client gratuit et d'autres bonus.","robots":{"index":"index","follow":"follow","max-snippet":"max-snippet:-1","max-image-preview":"max-image-preview:large","max-video-preview":"max-video-preview:-1"},"canonical":"https:\/\/elfsight.com\/fr\/click-to-call-widget\/joomla\/","og_locale":"fr_FR","og_type":"article","og_title":"Plugin d'appel Joomla | Ajouter l'extension du bouton Cliquez pour appeler maintenant au site Web","og_description":"Concevez votre plugin Click to Call Button et ajoutez-le rapidement \u00e0 votre site Web Joomla. Nous disposons d'un support client gratuit et d'autres bonus.","og_url":"https:\/\/elfsight.com\/fr\/click-to-call-widget\/joomla\/","og_site_name":"Elfsight FR","article_modified_time":"2025-07-09T17:04:36+00:00","twitter_card":"summary_large_image","twitter_misc":{"Dur\u00e9e de lecture estim\u00e9e":"3 minutes"},"schema":{"@context":"https:\/\/schema.org","@graph":[{"@type":"WebPage","@id":"https:\/\/elfsight.com\/fr\/click-to-call-widget\/joomla\/","url":"https:\/\/elfsight.com\/fr\/click-to-call-widget\/joomla\/","name":"Plugin d'appel Joomla | Ajouter l'extension du bouton Cliquez pour appeler maintenant au site Web","isPartOf":{"@id":"https:\/\/elfsight.com\/fr\/#website"},"datePublished":"2024-05-03T06:32:33+00:00","dateModified":"2025-07-09T17:04:36+00:00","description":"Concevez votre plugin Click to Call Button et ajoutez-le rapidement \u00e0 votre site Web Joomla. Nous disposons d'un support client gratuit et d'autres bonus.","breadcrumb":{"@id":"https:\/\/elfsight.com\/fr\/click-to-call-widget\/joomla\/#breadcrumb"},"inLanguage":"fr-FR","potentialAction":[{"@type":"ReadAction","target":["https:\/\/elfsight.com\/fr\/click-to-call-widget\/joomla\/"]}]},{"@type":"BreadcrumbList","@id":"https:\/\/elfsight.com\/fr\/click-to-call-widget\/joomla\/#breadcrumb","itemListElement":[{"@type":"ListItem","position":1,"name":"Home","item":"https:\/\/elfsight.com\/fr\/"},{"@type":"ListItem","position":2,"name":"Click to Call","item":"https:\/\/elfsight.com\/fr\/click-to-call-widget\/"},{"@type":"ListItem","position":3,"name":"Click to Call &#8211; Joomla"}]},{"@type":"WebSite","@id":"https:\/\/elfsight.com\/fr\/#website","url":"https:\/\/elfsight.com\/fr\/","name":"Elfsight FR","description":"","potentialAction":[{"@type":"SearchAction","target":{"@type":"EntryPoint","urlTemplate":"https:\/\/elfsight.com\/fr\/?s={search_term_string}"},"query-input":{"@type":"PropertyValueSpecification","valueRequired":true,"valueName":"search_term_string"}}],"inLanguage":"fr-FR"}]}},"meta_box":{"industry":"","seo_heading":"","heading":"","description":"","cta_heading":"","cta_description":"","application":"2402","h1":"Extension du bouton d'appel Joomla","h1_caption":"Permettez aux utilisateurs de vous contacter instantan\u00e9ment avec un simple bouton \u00ab\u00a0Cliquer pour appeler\u00a0\u00bb, ce qui facilite l'acc\u00e8s direct \u00e0 votre site Web Joomla, sans effort.","application_category":[],"applications_title":"","applications_request_title":"","applications_request_button_text":"","hero_text":"","hero_video":"","hero_video_schema_markup":"","selling_points_title":"","selling_points_caption":"","selling_points":[],"selling_points_cta_text":"","features_title":"","features":"","ed_cta_examples_text":"","ed_cta_examples_hidden":"","ed_cta_demo_text":"","ed_cta_demo_hidden":"","why_caption":"","why_editor_title":"","why_editor_text":"","why_team_title":"","why_team_text":"","why_service_title":"","why_service_text":"","template_catalog_visible":"","template_catalog_title":"","template_catalog_text":"","template_catalog_categories_visible":"","demo_title":"Cr\u00e9ez votre plugin Click to Call","demo_caption":"Configurez votre Click to Call et ajoutez-le \u00e0 votre site Joomla gratuitement !","default_faq_hidden":"","app_template_category":[],"platform":"354","template_public_id":"","codecanyon_url":"","codecanyon_item_id":"","codecanyon_price":"","pricing_caption":"","pricing_elfsight_apps_hide_column":"","pricing_elfsight_apps_url":"","pricing_codecanyon_price_caption":"","integration_category":[],"integration_request_title":"","integration_request_cta":"","integration_platform":"","integrations":[],"platform_category":[],"video_schema_markup":"","price":"\u00e0 partir de 0$ \/ mois","trial":"","benefits":[{"text":"Aide \u00e0 l'installation gratuite"},{"text":"Soutien exceptionnel"},{"text":"Garantie de remboursement de 14 jours"},{"text":"Am\u00e9liorations r\u00e9guli\u00e8res"}],"button_url":"#demo","button_target_blank":"","button_nofollow":"","attributes":[{"name":"Installations","content":"10,000 - 100,000"},{"name":"Sensible","content":"Oui"},{"name":"Navigateurs compatibles","content":"IE11, Firefox, Safari, Opera, Chrome, Edge"}],"tags":[],"tags_disable_links":"","hide_more_platforms":"","video_object":"","demo_hide_cta":"","demo_hide_cloud_options":"","pricing_title":"","pricing":[{"pricing_icon":"platform","pricing_title":"Elfsight Apps","pricing_title_caption":"Version multiplateforme adapt\u00e9e \u00e0 n'importe quel site Web","pricing_price":"from $0 \/ month","pricing_price_caption":"commencez avec un forfait gratuit","pricing_benefits":[{"text":"Sites Web illimit\u00e9s"},{"text":"Support d\u2019entreprise d\u00e9di\u00e9 et bien document\u00e9"},{"text":"Aide \u00e0 l'installation gratuite"},{"text":"Prix \u200b\u200bsp\u00e9cial pour plusieurs applications"}],"pricing_button_text":"Ajouter au site Web","pricing_button_url":"#demo"}],"related_apps_title":"","related_apps_hidden":"","author":"","image":[],"title":"","job":"","social_networks":[]},"_links":{"self":[{"href":"https:\/\/elfsight.com\/fr\/wp-json\/wp\/v2\/pages\/13229","targetHints":{"allow":["GET"]}}],"collection":[{"href":"https:\/\/elfsight.com\/fr\/wp-json\/wp\/v2\/pages"}],"about":[{"href":"https:\/\/elfsight.com\/fr\/wp-json\/wp\/v2\/types\/page"}],"author":[{"embeddable":true,"href":"https:\/\/elfsight.com\/fr\/wp-json\/wp\/v2\/users\/9"}],"replies":[{"embeddable":true,"href":"https:\/\/elfsight.com\/fr\/wp-json\/wp\/v2\/comments?post=13229"}],"version-history":[{"count":1,"href":"https:\/\/elfsight.com\/fr\/wp-json\/wp\/v2\/pages\/13229\/revisions"}],"predecessor-version":[{"id":13233,"href":"https:\/\/elfsight.com\/fr\/wp-json\/wp\/v2\/pages\/13229\/revisions\/13233"}],"up":[{"embeddable":true,"href":"https:\/\/elfsight.com\/fr\/wp-json\/wp\/v2\/pages\/2403"}],"wp:attachment":[{"href":"https:\/\/elfsight.com\/fr\/wp-json\/wp\/v2\/media?parent=13229"}],"curies":[{"name":"wp","href":"https:\/\/api.w.org\/{rel}","templated":true}]}}