{"id":13227,"date":"2024-05-03T06:32:31","date_gmt":"2024-05-03T06:32:31","guid":{"rendered":"https:\/\/elfsight.com\/fr\/?page_id=13227"},"modified":"2025-07-09T17:04:55","modified_gmt":"2025-07-09T17:04:55","slug":"magento","status":"publish","type":"page","link":"https:\/\/elfsight.com\/fr\/click-to-call-widget\/magento\/","title":{"rendered":"Click to Call &#8211; Magento"},"content":{"rendered":"<div class=\"application-platform-content-item-description application-platform-content-item\" id=\"description\" data-nav-section=\"description\"> <h2>Description<\/h2> <p>Elfsight Call Now Button est le plugin le plus simple pour un site, ce qui permet \u00e0 vos utilisateurs de d\u00e9marrer plus rapidement. un appel t\u00e9l\u00e9phonique. Lorsque les utilisateurs parcourent votre site sur mobile, le plugin compose votre num\u00e9ro lorsqu&rsquo;une personne clique sur l&rsquo;ic\u00f4ne du t\u00e9l\u00e9phone. Sur PC et tablettes, le clic affichera votre num\u00e9ro de t\u00e9l\u00e9phone sur le site pour aider les utilisateurs \u00e0 le composer directement. Il est possible non seulement d&rsquo;afficher le num\u00e9ro, mais \u00e9galement d&rsquo;afficher la fen\u00eatre d&rsquo;appel avec le nom et la photo de la personne \u00e0 contacter et une l\u00e9gende. Tous ces \u00e9l\u00e9ments sont commutables et vous permettent d&rsquo;obtenir n&rsquo;importe quelle variante de l&rsquo;interface. Il existe \u00e9galement une fonctionnalit\u00e9 permettant de d\u00e9finir un d\u00e9clencheur qui active la bulle t\u00e9l\u00e9phonique et de d\u00e9finir une cat\u00e9gorie de visiteurs pour lesquels elle sera active.<\/p><div class=\"faq\" data-component=\"FAQ\"><div class=\"faq-item\">\r\n\t\t\t\t\t<div class=\"faq-item-question\">\r\n\t\t\t\t\t\t<h3 class=\"faq-item-question-text\">O\u00f9 puis-je l'installer<\/h3>\r\n\r\n\t\t\t\t\t\t<div class=\"faq-item-question-icon\"><\/div>\r\n\t\t\t\t\t<\/div>\r\n\r\n\t\t\t\t\t<div class=\"faq-item-answer\">\r\n\t\t\t\t\t\t<div class=\"faq-item-answer-text\"><p>Vous pouvez ajoutez-le sur n&rsquo;importe quelle page du site ainsi que sur toutes les pages. Dans les param\u00e8tres du plugin, vous pouvez ins\u00e9rer les URL des pages sur lesquelles vous devez faire pour int\u00e9grer Click To Call le plugin. Alternativement, vous pouvez utiliser la fonctionnalit\u00e9 Exclure et ins\u00e9rer les URL des pages exactes sur lesquelles vous choisissez d&rsquo;interdire l&rsquo;affichage du plugin.<\/p><\/div>\r\n\t\t\t\t\t<\/div>\r\n\t\t\t\t<\/div><div class=\"faq-item\">\r\n\t\t\t\t\t<div class=\"faq-item-question\">\r\n\t\t\t\t\t\t<h3 class=\"faq-item-question-text\">Comment puis-je b\u00e9n\u00e9ficier de ce plugin ?<\/h3>\r\n\r\n\t\t\t\t\t\t<div class=\"faq-item-question-icon\"><\/div>\r\n\t\t\t\t\t<\/div>\r\n\r\n\t\t\t\t\t<div class=\"faq-item-answer\">\r\n\t\t\t\t\t\t<div class=\"faq-item-answer-text\"> <p>Vous peut commencer \u00e0 recevoir davantage d&rsquo;appels t\u00e9l\u00e9phoniques d&rsquo;utilisateurs disposant d&rsquo;un moyen rapide et pratique de vous contacter, sans quitter le site Web. Cela peut vous aider \u00e0 obtenir davantage de conversations personnelles et \u00e0 convertir les utilisateurs en nouveaux achats. En outre, vous pouvez collecter votre base de donn\u00e9es de prospects. <\/p> <\/div>\r\n\t\t\t\t\t<\/div>\r\n\t\t\t\t<\/div><div class=\"faq-item\">\r\n\t\t\t\t\t<div class=\"faq-item-question\">\r\n\t\t\t\t\t\t<h3 class=\"faq-item-question-text\">Comment puis-je ajouter un bouton d'appel \u00e0 mon site Web Magento ?<\/h3>\r\n\r\n\t\t\t\t\t\t<div class=\"faq-item-question-icon\"><\/div>\r\n\t\t\t\t\t<\/div>\r\n\r\n\t\t\t\t\t<div class=\"faq-item-answer\">\r\n\t\t\t\t\t\t<div class=\"faq-item-answer-text\"><p>Cela ne prendra qu&rsquo;une minute de votre temps pour commencer \u00e0 utiliser le plugin. L&rsquo;int\u00e9gration est tr\u00e8s rapide, gratuite et sans codage. <\/p> <p>Le plugin Elfsight Call peut \u00eatre int\u00e9gr\u00e9 sur notre service ou via la marketplace. Vous pouvez voir plus de d\u00e9tails sur les deux options et en s\u00e9lectionner une plus appropri\u00e9e.<\/p><\/div>\r\n\t\t\t\t\t<\/div>\r\n\t\t\t\t<\/div><\/div><\/div><div class=\"application-platform-content-item-features application-platform-content-item\" id=\"features\" data-nav-section=\"features\"> <h2>Fonctionnalit\u00e9s<\/h2> <p>Dans l&rsquo;ordre pour avoir une meilleure id\u00e9e de Call, examinez la liste de ses traits les plus remarquables. Ils rendent ce plugin plus efficace pour votre entreprise\u00a0: <\/p> <ul><li>Appels t\u00e9l\u00e9phoniques rapides sur mobiles\u00a0;<\/li><li>Choisissez l&rsquo;une des 3 variantes de position du widget\u00a0: flottant \u00e0 gauche ou \u00e0 droite ou personnalis\u00e9\u00a0;<\/li><li>L&rsquo;option permettant de pr\u00e9senter le widget sur des pages Web sp\u00e9cifiques ou d&rsquo;exclure des pages\u00a0;<\/li><li>Choisissez des variantes d&rsquo;utilisateurs pour voir le widget\u00a0: tous, nouveaux et anciens\u00a0;<\/li><li>Quatre d\u00e9clencheurs du widget\u00a0: temps pass\u00e9 sur la page, temps pass\u00e9 sur le site, position de d\u00e9filement ou intention de sortie.<\/li><\/ul><p><a href=\"#demo\">La d\u00e9mo en direct vous ouvrira plus de fonctionnalit\u00e9s<\/a><\/p> <\/div> <div class=\"application-platform-content-item-installation application-platform-content-item\" id=\"installation\" data-nav-section=\"installation\"> <h2>Comment ajouter le plugin Call Button \u00e0 votre site Magento<\/h2> <p> Quelques \u00e9tapes simples suffisent faire. <\/p> <ol><li><b>Ouvrez notre configurateur gratuit et commencez \u00e0 cr\u00e9er votre propre extension. <\/b><br> Recherchez la conception souhaitable et les caract\u00e9ristiques fonctionnelles de l&rsquo;extension et appliquez toutes les modifications. <\/li> <li><b>Acqu\u00e9rez votre code individuel qui appara\u00eet dans la fen\u00eatre des applications Elfsight. <\/b><br> D\u00e8s que la g\u00e9n\u00e9ration de votre extension est termin\u00e9e, copiez le code individuel dans la popup qui appara\u00eet et conservez-le pour une occasion ult\u00e9rieure. <\/li> <li><b>Initier l&rsquo;utilisation de l&rsquo;extension sur le site Magento. <\/b><br> Int\u00e9grez le code enregistr\u00e9 pr\u00e9c\u00e9demment dans votre site et appliquez les modifications. <\/li> <li><b>Vous avez termin\u00e9\u00a0! L&rsquo;int\u00e9gration est termin\u00e9e avec succ\u00e8s. <\/b><br> Ouvrez votre site pour examiner le fonctionnement de l&rsquo;extension. <\/li><\/ol><p>Toujours instable\u00a0? Ou rencontrez des probl\u00e8mes ? Adressez simplement une demande \u00e0 notre \u00e9quipe d\u2019assistance. Ils vous aideront avec chaque probl\u00e8me. <\/p> <\/div>","protected":false},"excerpt":{"rendered":"","protected":false},"author":9,"featured_media":0,"parent":2403,"menu_order":0,"comment_status":"closed","ping_status":"closed","template":"templates\/template-application-platform.php","meta":{"publish_to_discourse":"","publish_post_category":"","wpdc_auto_publish_overridden":"","wpdc_topic_tags":"","wpdc_pin_topic":"","wpdc_pin_until":"","discourse_post_id":"","discourse_permalink":"","wpdc_publishing_response":"","wpdc_publishing_error":"","footnotes":""},"class_list":["post-13227","page","type-page","status-publish","hentry"],"yoast_head":"<!-- This site is optimized with the Yoast SEO plugin v25.3.1 - https:\/\/yoast.com\/wordpress\/plugins\/seo\/ -->\n<title>Ajoutez le plugin Call Now Button \u00e0 votre site Web Magento (en 2 minutes)<\/title>\n<meta name=\"description\" content=\"Voici une opportunit\u00e9 de cr\u00e9er une extension Click to Call Button et de l\u2019ajouter \u00e0 votre Magento. Profitez du service client gratuit et d&#039;autres bonus d&#039;Elfsight.\" \/>\n<meta name=\"robots\" content=\"index, follow, max-snippet:-1, max-image-preview:large, max-video-preview:-1\" \/>\n<link rel=\"canonical\" href=\"https:\/\/elfsight.com\/fr\/click-to-call-widget\/magento\/\" \/>\n<meta property=\"og:locale\" content=\"fr_FR\" \/>\n<meta property=\"og:type\" content=\"article\" \/>\n<meta property=\"og:title\" content=\"Ajoutez le plugin Call Now Button \u00e0 votre site Web Magento (en 2 minutes)\" \/>\n<meta property=\"og:description\" content=\"Voici une opportunit\u00e9 de cr\u00e9er une extension Click to Call Button et de l\u2019ajouter \u00e0 votre Magento. Profitez du service client gratuit et d&#039;autres bonus d&#039;Elfsight.\" \/>\n<meta property=\"og:url\" content=\"https:\/\/elfsight.com\/fr\/click-to-call-widget\/magento\/\" \/>\n<meta property=\"og:site_name\" content=\"Elfsight FR\" \/>\n<meta property=\"article:modified_time\" content=\"2025-07-09T17:04:55+00:00\" \/>\n<meta name=\"twitter:card\" content=\"summary_large_image\" \/>\n<meta name=\"twitter:label1\" content=\"Dur\u00e9e de lecture estim\u00e9e\" \/>\n\t<meta name=\"twitter:data1\" content=\"3 minutes\" \/>\n<!-- \/ Yoast SEO plugin. -->","yoast_head_json":{"title":"Ajoutez le plugin Call Now Button \u00e0 votre site Web Magento (en 2 minutes)","description":"Voici une opportunit\u00e9 de cr\u00e9er une extension Click to Call Button et de l\u2019ajouter \u00e0 votre Magento. Profitez du service client gratuit et d'autres bonus d'Elfsight.","robots":{"index":"index","follow":"follow","max-snippet":"max-snippet:-1","max-image-preview":"max-image-preview:large","max-video-preview":"max-video-preview:-1"},"canonical":"https:\/\/elfsight.com\/fr\/click-to-call-widget\/magento\/","og_locale":"fr_FR","og_type":"article","og_title":"Ajoutez le plugin Call Now Button \u00e0 votre site Web Magento (en 2 minutes)","og_description":"Voici une opportunit\u00e9 de cr\u00e9er une extension Click to Call Button et de l\u2019ajouter \u00e0 votre Magento. Profitez du service client gratuit et d'autres bonus d'Elfsight.","og_url":"https:\/\/elfsight.com\/fr\/click-to-call-widget\/magento\/","og_site_name":"Elfsight FR","article_modified_time":"2025-07-09T17:04:55+00:00","twitter_card":"summary_large_image","twitter_misc":{"Dur\u00e9e de lecture estim\u00e9e":"3 minutes"},"schema":{"@context":"https:\/\/schema.org","@graph":[{"@type":"WebPage","@id":"https:\/\/elfsight.com\/fr\/click-to-call-widget\/magento\/","url":"https:\/\/elfsight.com\/fr\/click-to-call-widget\/magento\/","name":"Ajoutez le plugin Call Now Button \u00e0 votre site Web Magento (en 2 minutes)","isPartOf":{"@id":"https:\/\/elfsight.com\/fr\/#website"},"datePublished":"2024-05-03T06:32:31+00:00","dateModified":"2025-07-09T17:04:55+00:00","description":"Voici une opportunit\u00e9 de cr\u00e9er une extension Click to Call Button et de l\u2019ajouter \u00e0 votre Magento. Profitez du service client gratuit et d'autres bonus d'Elfsight.","breadcrumb":{"@id":"https:\/\/elfsight.com\/fr\/click-to-call-widget\/magento\/#breadcrumb"},"inLanguage":"fr-FR","potentialAction":[{"@type":"ReadAction","target":["https:\/\/elfsight.com\/fr\/click-to-call-widget\/magento\/"]}]},{"@type":"BreadcrumbList","@id":"https:\/\/elfsight.com\/fr\/click-to-call-widget\/magento\/#breadcrumb","itemListElement":[{"@type":"ListItem","position":1,"name":"Home","item":"https:\/\/elfsight.com\/fr\/"},{"@type":"ListItem","position":2,"name":"Click to Call","item":"https:\/\/elfsight.com\/fr\/click-to-call-widget\/"},{"@type":"ListItem","position":3,"name":"Click to Call &#8211; Magento"}]},{"@type":"WebSite","@id":"https:\/\/elfsight.com\/fr\/#website","url":"https:\/\/elfsight.com\/fr\/","name":"Elfsight FR","description":"","potentialAction":[{"@type":"SearchAction","target":{"@type":"EntryPoint","urlTemplate":"https:\/\/elfsight.com\/fr\/?s={search_term_string}"},"query-input":{"@type":"PropertyValueSpecification","valueRequired":true,"valueName":"search_term_string"}}],"inLanguage":"fr-FR"}]}},"meta_box":{"industry":"","seo_heading":"","heading":"","description":"","cta_heading":"","cta_description":"","application":"2402","h1":"Extension du bouton d'appel Magento","h1_caption":"Permettez aux utilisateurs de vous contacter instantan\u00e9ment avec un simple bouton \u00ab\u00a0Cliquer pour appeler\u00a0\u00bb, ce qui facilite l'acc\u00e8s direct \u00e0 votre site Web Magento, sans effort.","application_category":[],"applications_title":"","applications_request_title":"","applications_request_button_text":"","hero_text":"","hero_video":"","hero_video_schema_markup":"","selling_points_title":"","selling_points_caption":"","selling_points":[],"selling_points_cta_text":"","features_title":"","features":"","ed_cta_examples_text":"","ed_cta_examples_hidden":"","ed_cta_demo_text":"","ed_cta_demo_hidden":"","why_caption":"","why_editor_title":"","why_editor_text":"","why_team_title":"","why_team_text":"","why_service_title":"","why_service_text":"","template_catalog_visible":"","template_catalog_title":"","template_catalog_text":"","template_catalog_categories_visible":"","demo_title":"Cr\u00e9ez votre extension Click to Call","demo_caption":"Configurez votre Click to Call et ajoutez-le \u00e0 votre site Magento gratuitement !","default_faq_hidden":"","app_template_category":[],"platform":"357","template_public_id":"","codecanyon_url":"","codecanyon_item_id":"","codecanyon_price":"","pricing_caption":"","pricing_elfsight_apps_hide_column":"","pricing_elfsight_apps_url":"","pricing_codecanyon_price_caption":"","integration_category":[],"integration_request_title":"","integration_request_cta":"","integration_platform":"","integrations":[],"platform_category":[],"video_schema_markup":"","price":"\u00e0 partir de 0$ \/ mois","trial":"","benefits":[{"text":"Assistance \u00e0 l'installation gratuite"},{"text":"Support client exp\u00e9riment\u00e9"},{"text":"Garantie de remboursement de 14 jours"},{"text":"Am\u00e9liorations gratuites \u00e0 vie"}],"button_url":"#demo","button_target_blank":"","button_nofollow":"","attributes":[{"name":"Installations","content":"10,000 - 100,000"},{"name":"Sensible","content":"Oui"},{"name":"Navigateurs compatibles","content":"Firefox, Safari, Opera, Chrome, Edge"}],"tags":[],"tags_disable_links":"","hide_more_platforms":"","video_object":"","demo_hide_cta":"","demo_hide_cloud_options":"","pricing_title":"","pricing":[{"pricing_icon":"platform","pricing_title":"Elfsight Apps","pricing_title_caption":"Solution num\u00e9rique multiplateforme qui fonctionne sur n'importe quel site","pricing_price":"from $0 \/ month","pricing_price_caption":"commencez avec un forfait gratuit","pricing_benefits":[{"text":"Domaines illimit\u00e9s"},{"text":"Accompagnement professionnel"},{"text":"Aide \u00e0 l'installation gratuite"},{"text":"100% personnalisable"}],"pricing_button_text":"Ajouter au site Web","pricing_button_url":"#demo"}],"related_apps_title":"","related_apps_hidden":"","author":"","image":[],"title":"","job":"","social_networks":[]},"_links":{"self":[{"href":"https:\/\/elfsight.com\/fr\/wp-json\/wp\/v2\/pages\/13227","targetHints":{"allow":["GET"]}}],"collection":[{"href":"https:\/\/elfsight.com\/fr\/wp-json\/wp\/v2\/pages"}],"about":[{"href":"https:\/\/elfsight.com\/fr\/wp-json\/wp\/v2\/types\/page"}],"author":[{"embeddable":true,"href":"https:\/\/elfsight.com\/fr\/wp-json\/wp\/v2\/users\/9"}],"replies":[{"embeddable":true,"href":"https:\/\/elfsight.com\/fr\/wp-json\/wp\/v2\/comments?post=13227"}],"version-history":[{"count":1,"href":"https:\/\/elfsight.com\/fr\/wp-json\/wp\/v2\/pages\/13227\/revisions"}],"predecessor-version":[{"id":13231,"href":"https:\/\/elfsight.com\/fr\/wp-json\/wp\/v2\/pages\/13227\/revisions\/13231"}],"up":[{"embeddable":true,"href":"https:\/\/elfsight.com\/fr\/wp-json\/wp\/v2\/pages\/2403"}],"wp:attachment":[{"href":"https:\/\/elfsight.com\/fr\/wp-json\/wp\/v2\/media?parent=13227"}],"curies":[{"name":"wp","href":"https:\/\/api.w.org\/{rel}","templated":true}]}}