{"id":13220,"date":"2024-05-03T06:32:28","date_gmt":"2024-05-03T06:32:28","guid":{"rendered":"https:\/\/elfsight.com\/fr\/?page_id=13220"},"modified":"2025-07-09T17:05:02","modified_gmt":"2025-07-09T17:05:02","slug":"opencart","status":"publish","type":"page","link":"https:\/\/elfsight.com\/fr\/click-to-call-widget\/opencart\/","title":{"rendered":"Click to Call &#8211; OpenCart"},"content":{"rendered":"<div class=\"application-platform-content-item-description application-platform-content-item\" id=\"description\" data-nav-section=\"description\"> <h2>Description<\/h2> <p>Elfsight Call Now Button est un module simple pour n&rsquo;importe quel site Web, qui permettra aux utilisateurs d&rsquo;y acc\u00e9der plus rapidement. toi au t\u00e9l\u00e9phone. Lors de l&rsquo;utilisation d&rsquo;appareils mobiles, le module compose le num\u00e9ro s\u00e9lectionn\u00e9 d\u00e8s qu&rsquo;une personne clique sur la bulle du t\u00e9l\u00e9phone. Sur les PC et les tablettes, le clic affiche votre num\u00e9ro de t\u00e9l\u00e9phone sur la page et aide les utilisateurs \u00e0 commencer \u00e0 composer dans la m\u00eame seconde. Il existe une option permettant non seulement d&rsquo;afficher votre num\u00e9ro, mais \u00e9galement de configurer la fen\u00eatre d&rsquo;appel, qui contient le nom et l&rsquo;image de la personne de contact client ainsi qu&rsquo;une l\u00e9gende. Toutes les parties de la fen\u00eatre d&rsquo;appel sont commutables et permettent de concevoir n&rsquo;importe quelle variante de l&rsquo;interface. Vous pouvez \u00e9galement activer un d\u00e9clencheur, qui fera appara\u00eetre la bulle du t\u00e9l\u00e9phone et choisira une cat\u00e9gorie d&rsquo;utilisateurs qui la verront. <\/p> <div class=\"faq\" data-component=\"FAQ\"><div class=\"faq-item\">\r\n\t\t\t\t\t<div class=\"faq-item-question\">\r\n\t\t\t\t\t\t<h3 class=\"faq-item-question-text\">O\u00f9 sur mon site puis-je ins\u00e9rer le module<\/h3>\r\n\r\n\t\t\t\t\t\t<div class=\"faq-item-question-icon\"><\/div>\r\n\t\t\t\t\t<\/div>\r\n\r\n\t\t\t\t\t<div class=\"faq-item-answer\">\r\n\t\t\t\t\t\t<div class=\"faq-item-answer-text\"> <p>Vous pouvez l&rsquo;int\u00e9grer sur n&rsquo;importe quelle page du site ainsi que sur toutes les pages. Dans les param\u00e8tres du module, il existe une option pour ins\u00e9rer les URL des pages sur lesquelles vous devez placer le module. Alternativement, vous pouvez utiliser la fonction Exclure et ajouter les URL des pages sur lesquelles vous choisissez de restreindre l&rsquo;affichage du module. <\/p> <\/div>\r\n\t\t\t\t\t<\/div>\r\n\t\t\t\t<\/div><div class=\"faq-item\">\r\n\t\t\t\t\t<div class=\"faq-item-question\">\r\n\t\t\t\t\t\t<h3 class=\"faq-item-question-text\">Quels avantages cela peut-il m'apporter ?<\/h3>\r\n\r\n\t\t\t\t\t\t<div class=\"faq-item-question-icon\"><\/div>\r\n\t\t\t\t\t<\/div>\r\n\r\n\t\t\t\t\t<div class=\"faq-item-answer\">\r\n\t\t\t\t\t\t<div class=\"faq-item-answer-text\"> <p>Vous pouvez recevoir plus d&rsquo;appels de clients gr\u00e2ce \u00e0 un moyen instantan\u00e9 et simple de vous appeler, sans quitter le site Web. Cela contribuera \u00e0 avoir davantage de communications personnelles et transformera les utilisateurs en de nouveaux achats. De plus, vous pouvez cr\u00e9er votre base de donn\u00e9es de leads. <\/p> <\/div>\r\n\t\t\t\t\t<\/div>\r\n\t\t\t\t<\/div><div class=\"faq-item\">\r\n\t\t\t\t\t<div class=\"faq-item-question\">\r\n\t\t\t\t\t\t<h3 class=\"faq-item-question-text\">Comment puis-je installer le module de bouton d'appel sur mon site Web OpenCart ?<\/h3>\r\n\r\n\t\t\t\t\t\t<div class=\"faq-item-question-icon\"><\/div>\r\n\t\t\t\t\t<\/div>\r\n\r\n\t\t\t\t\t<div class=\"faq-item-answer\">\r\n\t\t\t\t\t\t<div class=\"faq-item-answer-text\"> <p>L&rsquo;activation du module prendra trois minutes. L&rsquo;int\u00e9gration est extr\u00eamement rapide, gratuite et n&rsquo;inclut pas de codage.<\/p> <p>Elfsight Click to Call peut \u00eatre ajout\u00e9 \u00e0 votre site via notre service ou via la place de march\u00e9. Vous pouvez afficher plus de d\u00e9tails sur ces options et d\u00e9cider laquelle vous appartient.<\/p><\/div>\r\n\t\t\t\t\t<\/div>\r\n\t\t\t\t<\/div><\/div> <\/div><div class=\"application-platform-content-item-features application-platform-content-item\" id=\"features\" data-nav-section=\"features\"> <h2>Fonctionnalit\u00e9s<\/h2> <p>Pour avoir une connaissance plus claire du bouton Appeler maintenant, consulter la liste des principales caract\u00e9ristiques. Ils rendent notre module plus efficace pour vous\u00a0: <\/p> <ul><li>Num\u00e9rotation rapide sur les appareils mobiles\u00a0; <\/li> <li>Trois variantes int\u00e9gr\u00e9es de placement des widgets\u00a0: flottant \u00e0 gauche ou \u00e0 droite ou personnalis\u00e9\u00a0; <\/li> <li>La possibilit\u00e9 d&rsquo;afficher le widget sur certaines pages Web ou d&rsquo;exclure des pages Web\u00a0; <\/li> <li>Choisissez les cat\u00e9gories de visiteurs auxquels afficher le widget\u00a0: tous, nouveaux et anciens\u00a0; <\/li> <li> 4 widgets activant des d\u00e9clencheurs\u00a0: temps pass\u00e9 sur la page, temps pass\u00e9 sur le site Web, pourcentage de d\u00e9filement ou tentative de sortie. <\/li> <\/ul><p><a href=\"#demo\">Explorez une liste compl\u00e8te des fonctionnalit\u00e9s dans la d\u00e9mo en direct<\/a><\/p> <\/div><div class=\"application-platform-content-item-installation application-platform-content-item\" id=\"installation\" data-nav-section=\"installation\"> <h2>Comment ajouter l&rsquo;extension Click to Call Button \u00e0 votre site Web OpenCart<\/h2><p>Suivez simplement les \u00e9tapes ci-dessous pour ajouter l&rsquo;outil sur OpenCart.<\/p> <ol><li><b>Utilisez-le de notre configurateur gratuit et commencez \u00e0 cr\u00e9er votre propre widget. <\/b><br> D\u00e9terminez l&rsquo;interface et les fonctionnalit\u00e9s pr\u00e9f\u00e9r\u00e9es de l&rsquo;outil et appliquez les modifications. <\/li> <li><b>Obtenez le code individuel qui appara\u00eet dans le formulaire sp\u00e9cial sur les applications Elfsight. <\/b><br> Une fois la cr\u00e9ation de votre extension Click to Call personnelle termin\u00e9e, copiez le code personnel dans la fen\u00eatre qui appara\u00eet et conservez-le pour vos besoins futurs. <\/li> <li><b>Commencez \u00e0 utiliser l&rsquo;outil sur votre site Web OpenCart. <\/b><br> Placez le code copi\u00e9 r\u00e9cemment dans votre page et enregistrez les modifications. <\/li> <li><b>Vous avez termin\u00e9\u00a0! L&rsquo;int\u00e9gration est r\u00e9alis\u00e9e avec succ\u00e8s. <\/b><br> Rendez-vous sur votre site Internet pour observer le fonctionnement de l&rsquo;outil. <\/li><\/ol> <p>Toujours instable\u00a0? Ou rencontrez des probl\u00e8mes ? Une seule demande \u00e0 notre \u00e9quipe de support client r\u00e9glera tous les probl\u00e8mes. <\/p> <\/div>","protected":false},"excerpt":{"rendered":"","protected":false},"author":9,"featured_media":0,"parent":2403,"menu_order":0,"comment_status":"closed","ping_status":"closed","template":"templates\/template-application-platform.php","meta":{"publish_to_discourse":"","publish_post_category":"","wpdc_auto_publish_overridden":"","wpdc_topic_tags":"","wpdc_pin_topic":"","wpdc_pin_until":"","discourse_post_id":"","discourse_permalink":"","wpdc_publishing_response":"","wpdc_publishing_error":"","footnotes":""},"class_list":["post-13220","page","type-page","status-publish","hentry"],"yoast_head":"<!-- This site is optimized with the Yoast SEO plugin v25.3.1 - https:\/\/yoast.com\/wordpress\/plugins\/seo\/ -->\n<title>Ajoutez le module Click to Call Button \u00e0 votre site Web OpenCart (gratuit et rapide)<\/title>\n<meta name=\"description\" content=\"Cr\u00e9ez un bouton Click to Call et ajoutez-le \u00e0 votre site Web OpenCart. B\u00e9n\u00e9ficiez d&#039;un support client gratuit et d&#039;autres bonus d&#039;Elfsight.\" \/>\n<meta name=\"robots\" content=\"index, follow, max-snippet:-1, max-image-preview:large, max-video-preview:-1\" \/>\n<link rel=\"canonical\" href=\"https:\/\/elfsight.com\/fr\/click-to-call-widget\/opencart\/\" \/>\n<meta property=\"og:locale\" content=\"fr_FR\" \/>\n<meta property=\"og:type\" content=\"article\" \/>\n<meta property=\"og:title\" content=\"Ajoutez le module Click to Call Button \u00e0 votre site Web OpenCart (gratuit et rapide)\" \/>\n<meta property=\"og:description\" content=\"Cr\u00e9ez un bouton Click to Call et ajoutez-le \u00e0 votre site Web OpenCart. B\u00e9n\u00e9ficiez d&#039;un support client gratuit et d&#039;autres bonus d&#039;Elfsight.\" \/>\n<meta property=\"og:url\" content=\"https:\/\/elfsight.com\/fr\/click-to-call-widget\/opencart\/\" \/>\n<meta property=\"og:site_name\" content=\"Elfsight FR\" \/>\n<meta property=\"article:modified_time\" content=\"2025-07-09T17:05:02+00:00\" \/>\n<meta name=\"twitter:card\" content=\"summary_large_image\" \/>\n<meta name=\"twitter:label1\" content=\"Dur\u00e9e de lecture estim\u00e9e\" \/>\n\t<meta name=\"twitter:data1\" content=\"3 minutes\" \/>\n<!-- \/ Yoast SEO plugin. -->","yoast_head_json":{"title":"Ajoutez le module Click to Call Button \u00e0 votre site Web OpenCart (gratuit et rapide)","description":"Cr\u00e9ez un bouton Click to Call et ajoutez-le \u00e0 votre site Web OpenCart. B\u00e9n\u00e9ficiez d'un support client gratuit et d'autres bonus d'Elfsight.","robots":{"index":"index","follow":"follow","max-snippet":"max-snippet:-1","max-image-preview":"max-image-preview:large","max-video-preview":"max-video-preview:-1"},"canonical":"https:\/\/elfsight.com\/fr\/click-to-call-widget\/opencart\/","og_locale":"fr_FR","og_type":"article","og_title":"Ajoutez le module Click to Call Button \u00e0 votre site Web OpenCart (gratuit et rapide)","og_description":"Cr\u00e9ez un bouton Click to Call et ajoutez-le \u00e0 votre site Web OpenCart. B\u00e9n\u00e9ficiez d'un support client gratuit et d'autres bonus d'Elfsight.","og_url":"https:\/\/elfsight.com\/fr\/click-to-call-widget\/opencart\/","og_site_name":"Elfsight FR","article_modified_time":"2025-07-09T17:05:02+00:00","twitter_card":"summary_large_image","twitter_misc":{"Dur\u00e9e de lecture estim\u00e9e":"3 minutes"},"schema":{"@context":"https:\/\/schema.org","@graph":[{"@type":"WebPage","@id":"https:\/\/elfsight.com\/fr\/click-to-call-widget\/opencart\/","url":"https:\/\/elfsight.com\/fr\/click-to-call-widget\/opencart\/","name":"Ajoutez le module Click to Call Button \u00e0 votre site Web OpenCart (gratuit et rapide)","isPartOf":{"@id":"https:\/\/elfsight.com\/fr\/#website"},"datePublished":"2024-05-03T06:32:28+00:00","dateModified":"2025-07-09T17:05:02+00:00","description":"Cr\u00e9ez un bouton Click to Call et ajoutez-le \u00e0 votre site Web OpenCart. B\u00e9n\u00e9ficiez d'un support client gratuit et d'autres bonus d'Elfsight.","breadcrumb":{"@id":"https:\/\/elfsight.com\/fr\/click-to-call-widget\/opencart\/#breadcrumb"},"inLanguage":"fr-FR","potentialAction":[{"@type":"ReadAction","target":["https:\/\/elfsight.com\/fr\/click-to-call-widget\/opencart\/"]}]},{"@type":"BreadcrumbList","@id":"https:\/\/elfsight.com\/fr\/click-to-call-widget\/opencart\/#breadcrumb","itemListElement":[{"@type":"ListItem","position":1,"name":"Home","item":"https:\/\/elfsight.com\/fr\/"},{"@type":"ListItem","position":2,"name":"Click to Call","item":"https:\/\/elfsight.com\/fr\/click-to-call-widget\/"},{"@type":"ListItem","position":3,"name":"Click to Call &#8211; OpenCart"}]},{"@type":"WebSite","@id":"https:\/\/elfsight.com\/fr\/#website","url":"https:\/\/elfsight.com\/fr\/","name":"Elfsight FR","description":"","potentialAction":[{"@type":"SearchAction","target":{"@type":"EntryPoint","urlTemplate":"https:\/\/elfsight.com\/fr\/?s={search_term_string}"},"query-input":{"@type":"PropertyValueSpecification","valueRequired":true,"valueName":"search_term_string"}}],"inLanguage":"fr-FR"}]}},"meta_box":{"industry":"","seo_heading":"","heading":"","description":"","cta_heading":"","cta_description":"","application":"2402","h1":"Module de bouton d'appel OpenCart","h1_caption":"Permettez aux utilisateurs de vous contacter instantan\u00e9ment avec un simple bouton \u00ab\u00a0Cliquer pour appeler\u00a0\u00bb, ce qui facilite l'acc\u00e8s direct \u00e0 votre site Web Opencart, sans effort.","application_category":[],"applications_title":"","applications_request_title":"","applications_request_button_text":"","hero_text":"","hero_video":"","hero_video_schema_markup":"","selling_points_title":"","selling_points_caption":"","selling_points":[],"selling_points_cta_text":"","features_title":"","features":"","ed_cta_examples_text":"","ed_cta_examples_hidden":"","ed_cta_demo_text":"","ed_cta_demo_hidden":"","why_caption":"","why_editor_title":"","why_editor_text":"","why_team_title":"","why_team_text":"","why_service_title":"","why_service_text":"","template_catalog_visible":"","template_catalog_title":"","template_catalog_text":"","template_catalog_categories_visible":"","demo_title":"Cr\u00e9ez votre extension Click to Call","demo_caption":"Configurez votre Click to Call et ajoutez-le gratuitement \u00e0 votre site Web OpenCart\u00a0!","default_faq_hidden":"","app_template_category":[],"platform":"359","template_public_id":"","codecanyon_url":"","codecanyon_item_id":"","codecanyon_price":"","pricing_caption":"","pricing_elfsight_apps_hide_column":"","pricing_elfsight_apps_url":"","pricing_codecanyon_price_caption":"","integration_category":[],"integration_request_title":"","integration_request_cta":"","integration_platform":"","integrations":[],"platform_category":[],"video_schema_markup":"","price":"\u00e0 partir de 0$ \/ mois","trial":"","benefits":[{"text":"Aide \u00e0 l'installation gratuite"},{"text":"Service client comp\u00e9tent"},{"text":"Garantie de remboursement de 14 jours"},{"text":"Mises \u00e0 jour gratuites en continu"}],"button_url":"#demo","button_target_blank":"","button_nofollow":"","attributes":[{"name":"Installations","content":"10,000 - 100,000"},{"name":"Sensible","content":"Oui"},{"name":"Navigateurs compatibles","content":"Chrome, Firefox, Opera, Safari, Edge"}],"tags":[],"tags_disable_links":"","hide_more_platforms":"","video_object":"","demo_hide_cta":"","demo_hide_cloud_options":"","pricing_title":"","pricing":[{"pricing_icon":"platform","pricing_title":"Elfsight Apps","pricing_title_caption":"Version multiplateforme","pricing_price":"from $0 \/ month","pricing_price_caption":"commencez avec un forfait gratuit","pricing_benefits":[{"text":"Domaines illimit\u00e9s"},{"text":"Assistance premium"},{"text":"Assistance \u00e0 l'installation gratuite"},{"text":"Conception flexible"}],"pricing_button_text":"Ajouter au site Web","pricing_button_url":"#demo"}],"related_apps_title":"","related_apps_hidden":"","author":"","image":[],"title":"","job":"","social_networks":[]},"_links":{"self":[{"href":"https:\/\/elfsight.com\/fr\/wp-json\/wp\/v2\/pages\/13220","targetHints":{"allow":["GET"]}}],"collection":[{"href":"https:\/\/elfsight.com\/fr\/wp-json\/wp\/v2\/pages"}],"about":[{"href":"https:\/\/elfsight.com\/fr\/wp-json\/wp\/v2\/types\/page"}],"author":[{"embeddable":true,"href":"https:\/\/elfsight.com\/fr\/wp-json\/wp\/v2\/users\/9"}],"replies":[{"embeddable":true,"href":"https:\/\/elfsight.com\/fr\/wp-json\/wp\/v2\/comments?post=13220"}],"version-history":[{"count":1,"href":"https:\/\/elfsight.com\/fr\/wp-json\/wp\/v2\/pages\/13220\/revisions"}],"predecessor-version":[{"id":13224,"href":"https:\/\/elfsight.com\/fr\/wp-json\/wp\/v2\/pages\/13220\/revisions\/13224"}],"up":[{"embeddable":true,"href":"https:\/\/elfsight.com\/fr\/wp-json\/wp\/v2\/pages\/2403"}],"wp:attachment":[{"href":"https:\/\/elfsight.com\/fr\/wp-json\/wp\/v2\/media?parent=13220"}],"curies":[{"name":"wp","href":"https:\/\/api.w.org\/{rel}","templated":true}]}}