{"id":13214,"date":"2024-05-03T06:32:26","date_gmt":"2024-05-03T06:32:26","guid":{"rendered":"https:\/\/elfsight.com\/fr\/?page_id=13214"},"modified":"2025-07-09T17:05:23","modified_gmt":"2025-07-09T17:05:23","slug":"squarespace","status":"publish","type":"page","link":"https:\/\/elfsight.com\/fr\/click-to-call-widget\/squarespace\/","title":{"rendered":"Click to Call &#8211; Squarespace"},"content":{"rendered":"<div class=\"application-platform-content-item-description application-platform-content-item\" id=\"description\" data-nav-section=\"description\"> <h2>Int\u00e9grer Cliquez pour appeler sur Squarespace avec le widget Elfsight<\/h2> <p>Elfsight Call Now Button est le plugin le plus simple pour un site, cela permettra aux utilisateurs de vous appeler plus facilement. Utilis\u00e9 sur les t\u00e9l\u00e9phones mobiles, le plugin commence \u00e0 composer votre num\u00e9ro lorsqu&rsquo;une personne clique sur l&rsquo;ic\u00f4ne du t\u00e9l\u00e9phone. Sur les ordinateurs de bureau, le clic r\u00e9v\u00e9lera votre num\u00e9ro de t\u00e9l\u00e9phone sur le site et aidera les utilisateurs \u00e0 vous appeler directement. Vous pouvez non seulement r\u00e9v\u00e9ler le num\u00e9ro de t\u00e9l\u00e9phone, mais \u00e9galement afficher la fen\u00eatre d&rsquo;appel qui contient le nom et la photo de votre personne de contact ainsi qu&rsquo;une l\u00e9gende. Toutes ces parties sont commutables, ce qui permet de cr\u00e9er n&rsquo;importe quelle variante de l&rsquo;interface. Vous pouvez \u00e9galement s\u00e9lectionner un d\u00e9clencheur qui active la bulle t\u00e9l\u00e9phonique et d\u00e9cider quelle cat\u00e9gorie de t\u00e9l\u00e9spectateurs la verra.<\/p><div class=\"faq\" data-component=\"FAQ\"><div class=\"faq-item\">\r\n\t\t\t\t\t<div class=\"faq-item-question\">\r\n\t\t\t\t\t\t<h3 class=\"faq-item-question-text\">O\u00f9 puis-je installer Click to Call<\/h3>\r\n\r\n\t\t\t\t\t\t<div class=\"faq-item-question-icon\"><\/div>\r\n\t\t\t\t\t<\/div>\r\n\r\n\t\t\t\t\t<div class=\"faq-item-answer\">\r\n\t\t\t\t\t\t<div class=\"faq-item-answer-text\"> <p>Plugin Elfsight Call peut \u00eatre mis en place sur n\u2019importe quelle page de votre site Web ou sur toutes les pages Web. Dans les param\u00e8tres du bouton d&rsquo;appel, il existe une fonctionnalit\u00e9 permettant d&rsquo;ins\u00e9rer les URL de pages distinctes sur lesquelles vous devez activer le widget. Ou utilisez la fonctionnalit\u00e9 Exclure et ins\u00e9rez les URL des pages sur lesquelles vous souhaitez limiter l&rsquo;affichage du widget.<\/p> <\/div>\r\n\t\t\t\t\t<\/div>\r\n\t\t\t\t<\/div><div class=\"faq-item\">\r\n\t\t\t\t\t<div class=\"faq-item-question\">\r\n\t\t\t\t\t\t<h3 class=\"faq-item-question-text\">Comment puis-je en b\u00e9n\u00e9ficier ?<\/h3>\r\n\r\n\t\t\t\t\t\t<div class=\"faq-item-question-icon\"><\/div>\r\n\t\t\t\t\t<\/div>\r\n\r\n\t\t\t\t\t<div class=\"faq-item-answer\">\r\n\t\t\t\t\t\t<div class=\"faq-item-answer-text\"> <p>Vous pouvez recevoir plus de t\u00e9l\u00e9phones appels de clients potentiels gr\u00e2ce \u00e0 un moyen instantan\u00e9 et simple de vous appeler, sans quitter le site. Cela peut contribuer \u00e0 avoir davantage de communications personnelles et \u00e0 transformer les visiteurs en nouveaux achats. De plus, vous pouvez collecter votre client\u00e8le de leads. <\/p> <\/div>\r\n\t\t\t\t\t<\/div>\r\n\t\t\t\t<\/div> <div class=\"faq-item\">\r\n\t\t\t\t\t<div class=\"faq-item-question\">\r\n\t\t\t\t\t\t<h3 class=\"faq-item-question-text\">Comment puis-je int\u00e9grer le bouton Click to Call sur mon site Web Squarespace ?<\/h3>\r\n\r\n\t\t\t\t\t\t<div class=\"faq-item-question-icon\"><\/div>\r\n\t\t\t\t\t<\/div>\r\n\r\n\t\t\t\t\t<div class=\"faq-item-answer\">\r\n\t\t\t\t\t\t<div class=\"faq-item-answer-text\"> <p>Vous n&rsquo;aurez besoin que de deux minutes de votre temps pour int\u00e9grer le plugin. Ce processus est tr\u00e8s rapide, gratuit et sans codage.<\/p> <p>Vous pouvez int\u00e9grer le plugin au site Web directement dans notre service. Suivez simplement le guide ci-dessous sur cette page.<\/p> <\/div>\r\n\t\t\t\t\t<\/div>\r\n\t\t\t\t<\/div> <\/div> <\/div> <div class=\"application-platform-content-item-features application-platform-content-item\" id=\"features\" data-nav-section=\"features\"> <h2>Principales fonctionnalit\u00e9s du widget Click to Call<\/h2> <p>Pour avoir une meilleure perception du bouton Appeler maintenant, voici une liste des principales fonctions. Ils rendent notre plugin vraiment efficace pour vous\u00a0: <\/p> <ul><li>Num\u00e9rotation rapide sur mobiles\u00a0;<\/li> <li>3 variantes de placement des widgets\u00a0: Flottant \u00e0 gauche, Flottant \u00e0 droite ou personnalis\u00e9\u00a0;<\/li> <li>La possibilit\u00e9 d&rsquo;afficher le widget sur des pages Web particuli\u00e8res ou d&rsquo;exclure des pages Web\u00a0;<\/li> <li>Trois variantes de visiteurs pour afficher le widget\u00a0: tous, nouveaux et anciens\u00a0;<\/li> <li> 4 ouvertures de widgets d\u00e9clencheurs\u00a0: temps pass\u00e9 sur la page, temps pass\u00e9 sur le site Web, pourcentage de d\u00e9filement ou tentative de sortie.<\/li> <\/ul><p><a href=\"#demo\">D\u00e9couvrez plus de fonctionnalit\u00e9s dans la d\u00e9mo en direct<\/a> <\/p> <\/div><div class=\"application-platform-content-item-installation application-platform-content-item\" id=\"installation\" data-nav-section=\"installation\"> <h2>Comment ajouter le bouton Click To Call \u00e0 votre site Web Squarespace<\/h2> <p>Les \u00e9tapes suivantes sont la seule chose dont vous avez besoin pour \u00e9tablir. <\/p> <ol><li><b>G\u00e9n\u00e9rez votre plugin Call sur mesure<\/b><br> Dans notre configurateur gratuit, cr\u00e9ez un plugin avec un design et des fonctions pr\u00e9f\u00e9r\u00e9es.<\/li><li><b>Acqu\u00e9rir le code individuel pour ajouter le plugin<\/b><br> Apr\u00e8s avoir g\u00e9n\u00e9r\u00e9 votre plugin, vous obtiendrez le code d&rsquo;installation \u00e0 partir de la fen\u00eatre apparue sur Elfsight Apps. Copiez ce code. <\/li> <li><b>Int\u00e9grez le plugin sur votre site Squarespace<\/b><br> D\u00e9finissez l&rsquo;endroit o\u00f9 vous souhaitez r\u00e9v\u00e9ler le plugin et ajoutez-y le code enregistr\u00e9. Appliquez les modifications. <\/li> <li><b>L&rsquo;int\u00e9gration est r\u00e9ussie\u00a0!<\/b><br> Visitez votre site pour voir votre travail. <\/li> <\/ol><p>Vous n&rsquo;\u00eates toujours pas s\u00fbr\u00a0? Ou rencontrez des probl\u00e8mes ? Envoyez simplement une demande \u00e0 notre \u00e9quipe d&rsquo;assistance pour vous aider \u00e0 r\u00e9soudre tout probl\u00e8me. <\/p> <\/div>","protected":false},"excerpt":{"rendered":"","protected":false},"author":9,"featured_media":0,"parent":2403,"menu_order":0,"comment_status":"closed","ping_status":"closed","template":"templates\/template-application-platform.php","meta":{"publish_to_discourse":"","publish_post_category":"","wpdc_auto_publish_overridden":"","wpdc_topic_tags":"","wpdc_pin_topic":"","wpdc_pin_until":"","discourse_post_id":"","discourse_permalink":"","wpdc_publishing_response":"","wpdc_publishing_error":"","footnotes":""},"class_list":["post-13214","page","type-page","status-publish","hentry"],"yoast_head":"<!-- This site is optimized with the Yoast SEO plugin v25.3.1 - https:\/\/yoast.com\/wordpress\/plugins\/seo\/ -->\n<title>Bouton d&#039;appel Squarespace | Ajouter le plugin Click to Call Button au site Web [2026]<\/title>\n<meta name=\"description\" content=\"Cr\u00e9ez votre plugin Click to Call Button et ajoutez-le \u00e0 votre site Web Squarespace. Nous avons un service client gratuit et d&#039;autres bonus.\" \/>\n<meta name=\"robots\" content=\"index, follow, max-snippet:-1, max-image-preview:large, max-video-preview:-1\" \/>\n<link rel=\"canonical\" href=\"https:\/\/elfsight.com\/fr\/click-to-call-widget\/squarespace\/\" \/>\n<meta property=\"og:locale\" content=\"fr_FR\" \/>\n<meta property=\"og:type\" content=\"article\" \/>\n<meta property=\"og:title\" content=\"Bouton d&#039;appel Squarespace | Ajouter le plugin Click to Call Button au site Web [2026]\" \/>\n<meta property=\"og:description\" content=\"Cr\u00e9ez votre plugin Click to Call Button et ajoutez-le \u00e0 votre site Web Squarespace. Nous avons un service client gratuit et d&#039;autres bonus.\" \/>\n<meta property=\"og:url\" content=\"https:\/\/elfsight.com\/fr\/click-to-call-widget\/squarespace\/\" \/>\n<meta property=\"og:site_name\" content=\"Elfsight FR\" \/>\n<meta property=\"article:modified_time\" content=\"2025-07-09T17:05:23+00:00\" \/>\n<meta name=\"twitter:card\" content=\"summary_large_image\" \/>\n<meta name=\"twitter:label1\" content=\"Dur\u00e9e de lecture estim\u00e9e\" \/>\n\t<meta name=\"twitter:data1\" content=\"3 minutes\" \/>\n<!-- \/ Yoast SEO plugin. -->","yoast_head_json":{"title":"Bouton d'appel Squarespace | Ajouter le plugin Click to Call Button au site Web [2026]","description":"Cr\u00e9ez votre plugin Click to Call Button et ajoutez-le \u00e0 votre site Web Squarespace. Nous avons un service client gratuit et d'autres bonus.","robots":{"index":"index","follow":"follow","max-snippet":"max-snippet:-1","max-image-preview":"max-image-preview:large","max-video-preview":"max-video-preview:-1"},"canonical":"https:\/\/elfsight.com\/fr\/click-to-call-widget\/squarespace\/","og_locale":"fr_FR","og_type":"article","og_title":"Bouton d'appel Squarespace | Ajouter le plugin Click to Call Button au site Web [2026]","og_description":"Cr\u00e9ez votre plugin Click to Call Button et ajoutez-le \u00e0 votre site Web Squarespace. Nous avons un service client gratuit et d'autres bonus.","og_url":"https:\/\/elfsight.com\/fr\/click-to-call-widget\/squarespace\/","og_site_name":"Elfsight FR","article_modified_time":"2025-07-09T17:05:23+00:00","twitter_card":"summary_large_image","twitter_misc":{"Dur\u00e9e de lecture estim\u00e9e":"3 minutes"},"schema":{"@context":"https:\/\/schema.org","@graph":[{"@type":"WebPage","@id":"https:\/\/elfsight.com\/fr\/click-to-call-widget\/squarespace\/","url":"https:\/\/elfsight.com\/fr\/click-to-call-widget\/squarespace\/","name":"Bouton d'appel Squarespace | Ajouter le plugin Click to Call Button au site Web [2026]","isPartOf":{"@id":"https:\/\/elfsight.com\/fr\/#website"},"datePublished":"2024-05-03T06:32:26+00:00","dateModified":"2025-07-09T17:05:23+00:00","description":"Cr\u00e9ez votre plugin Click to Call Button et ajoutez-le \u00e0 votre site Web Squarespace. Nous avons un service client gratuit et d'autres bonus.","breadcrumb":{"@id":"https:\/\/elfsight.com\/fr\/click-to-call-widget\/squarespace\/#breadcrumb"},"inLanguage":"fr-FR","potentialAction":[{"@type":"ReadAction","target":["https:\/\/elfsight.com\/fr\/click-to-call-widget\/squarespace\/"]}]},{"@type":"BreadcrumbList","@id":"https:\/\/elfsight.com\/fr\/click-to-call-widget\/squarespace\/#breadcrumb","itemListElement":[{"@type":"ListItem","position":1,"name":"Home","item":"https:\/\/elfsight.com\/fr\/"},{"@type":"ListItem","position":2,"name":"Click to Call","item":"https:\/\/elfsight.com\/fr\/click-to-call-widget\/"},{"@type":"ListItem","position":3,"name":"Click to Call &#8211; Squarespace"}]},{"@type":"WebSite","@id":"https:\/\/elfsight.com\/fr\/#website","url":"https:\/\/elfsight.com\/fr\/","name":"Elfsight FR","description":"","potentialAction":[{"@type":"SearchAction","target":{"@type":"EntryPoint","urlTemplate":"https:\/\/elfsight.com\/fr\/?s={search_term_string}"},"query-input":{"@type":"PropertyValueSpecification","valueRequired":true,"valueName":"search_term_string"}}],"inLanguage":"fr-FR"}]}},"meta_box":{"industry":"","seo_heading":"","heading":"","description":"","cta_heading":"","cta_description":"","application":"2402","h1":"Squarespace Cliquez pour appeler le bouton","h1_caption":"Permettez aux utilisateurs de vous contacter instantan\u00e9ment avec un simple bouton \u00ab\u00a0Cliquer pour appeler\u00a0\u00bb, ce qui facilite l'acc\u00e8s direct \u00e0 votre site Web Squarespace, sans effort.","application_category":[],"applications_title":"","applications_request_title":"","applications_request_button_text":"","hero_text":"","hero_video":"","hero_video_schema_markup":"","selling_points_title":"","selling_points_caption":"","selling_points":[],"selling_points_cta_text":"","features_title":"","features":"","ed_cta_examples_text":"","ed_cta_examples_hidden":"","ed_cta_demo_text":"","ed_cta_demo_hidden":"","why_caption":"","why_editor_title":"","why_editor_text":"","why_team_title":"","why_team_text":"","why_service_title":"","why_service_text":"","template_catalog_visible":"","template_catalog_title":"","template_catalog_text":"","template_catalog_categories_visible":"","demo_title":"Cr\u00e9ez votre plugin Click to Call","demo_caption":"Configurez votre Click to Call et ajoutez-le gratuitement \u00e0 votre site Squarespace !","default_faq_hidden":"","app_template_category":[],"platform":"361","template_public_id":"","codecanyon_url":"","codecanyon_item_id":"","codecanyon_price":"","pricing_caption":"","pricing_elfsight_apps_hide_column":"","pricing_elfsight_apps_url":"","pricing_codecanyon_price_caption":"","integration_category":[],"integration_request_title":"","integration_request_cta":"","integration_platform":"","integrations":[],"platform_category":[],"video_schema_markup":"","price":"\u00e0 partir de 0$ \/ mois","trial":"","benefits":[{"text":"Assistance premium"},{"text":"Service d'installation gratuit"},{"text":"Garantie de remboursement de 14 jours"},{"text":"D\u00e9veloppement continu"}],"button_url":"#demo","button_target_blank":"","button_nofollow":"","attributes":[{"name":"Installations","content":"10,000 - 100,000"},{"name":"Sensible","content":"Oui"},{"name":"Navigateurs compatibles","content":"Firefox, Safari, Opera, Chrome, Edge"}],"tags":[],"tags_disable_links":"","hide_more_platforms":"","video_object":"","demo_hide_cta":"","demo_hide_cloud_options":"","pricing_title":"","pricing":[{"pricing_icon":"platform","pricing_title":"Elfsight Apps","pricing_title_caption":"Logiciel multiplateforme adapt\u00e9 \u00e0 n'importe quel site Web","pricing_price":"from $0 \/ month","pricing_price_caption":"commencez avec un forfait gratuit","pricing_benefits":[{"text":"Sites Web illimit\u00e9s"},{"text":"Assistance rapide de l'entreprise"},{"text":"Aide \u00e0 l'installation gratuite"},{"text":"Conception flexible"}],"pricing_button_text":"Ajouter au site Web","pricing_button_url":"#demo"}],"related_apps_title":"","related_apps_hidden":"","author":"","image":[],"title":"","job":"","social_networks":[]},"_links":{"self":[{"href":"https:\/\/elfsight.com\/fr\/wp-json\/wp\/v2\/pages\/13214","targetHints":{"allow":["GET"]}}],"collection":[{"href":"https:\/\/elfsight.com\/fr\/wp-json\/wp\/v2\/pages"}],"about":[{"href":"https:\/\/elfsight.com\/fr\/wp-json\/wp\/v2\/types\/page"}],"author":[{"embeddable":true,"href":"https:\/\/elfsight.com\/fr\/wp-json\/wp\/v2\/users\/9"}],"replies":[{"embeddable":true,"href":"https:\/\/elfsight.com\/fr\/wp-json\/wp\/v2\/comments?post=13214"}],"version-history":[{"count":1,"href":"https:\/\/elfsight.com\/fr\/wp-json\/wp\/v2\/pages\/13214\/revisions"}],"predecessor-version":[{"id":13218,"href":"https:\/\/elfsight.com\/fr\/wp-json\/wp\/v2\/pages\/13214\/revisions\/13218"}],"up":[{"embeddable":true,"href":"https:\/\/elfsight.com\/fr\/wp-json\/wp\/v2\/pages\/2403"}],"wp:attachment":[{"href":"https:\/\/elfsight.com\/fr\/wp-json\/wp\/v2\/media?parent=13214"}],"curies":[{"name":"wp","href":"https:\/\/api.w.org\/{rel}","templated":true}]}}