{"id":13212,"date":"2024-05-03T06:32:24","date_gmt":"2024-05-03T06:32:24","guid":{"rendered":"https:\/\/elfsight.com\/fr\/?page_id=13212"},"modified":"2025-07-09T17:05:38","modified_gmt":"2025-07-09T17:05:38","slug":"webnode","status":"publish","type":"page","link":"https:\/\/elfsight.com\/fr\/click-to-call-widget\/webnode\/","title":{"rendered":"Click to Call &#8211; Webnode"},"content":{"rendered":"<div class=\"application-platform-content-item-description application-platform-content-item\" id=\"description\" data-nav-section=\"description\"> <h2>Description<\/h2> <p>Le widget Elfsight Click To Call pour Webnode est un outil efficace permettant aux visiteurs de votre site Web d&rsquo;acc\u00e9der plus rapidement. Ils peuvent vous appeler en appuyant sur l&rsquo;ic\u00f4ne du t\u00e9l\u00e9phone sur mobile et sur le bureau, votre num\u00e9ro appara\u00eet accrocheur pour une connexion simplifi\u00e9e. La bulle et la fen\u00eatre d&rsquo;appel sont absolument configurables et vous permettent de cr\u00e9er un style absolument unique pour votre widget. Vous \u00eates libre de modifier toutes les parties du widget pour l&rsquo;adapter parfaitement \u00e0 la gamme de couleurs du site Web.<\/p> <div class=\"faq\" data-component=\"FAQ\"><div class=\"faq-item\">\r\n\t\t\t\t\t<div class=\"faq-item-question\">\r\n\t\t\t\t\t\t<h3 class=\"faq-item-question-text\">O\u00f9 sur mon site Web puis-je l'int\u00e9grer ?<\/h3>\r\n\r\n\t\t\t\t\t\t<div class=\"faq-item-question-icon\"><\/div>\r\n\t\t\t\t\t<\/div>\r\n\r\n\t\t\t\t\t<div class=\"faq-item-answer\">\r\n\t\t\t\t\t\t<div class=\"faq-item-answer-text\"> <p>Vous \u00eates Libre de choisir les pages dont vous avez besoin pour afficher la bulle de num\u00e9rotation et d\u00e9montrer leurs URL dans les param\u00e8tres. Ou vous pouvez exclure des pages particuli\u00e8res, \u00e9galement par URL.<\/p> <\/div>\r\n\t\t\t\t\t<\/div>\r\n\t\t\t\t<\/div><div class=\"faq-item\">\r\n\t\t\t\t\t<div class=\"faq-item-question\">\r\n\t\t\t\t\t\t<h3 class=\"faq-item-question-text\">Quels avantages cela m'apporte-t-il ?<\/h3>\r\n\r\n\t\t\t\t\t\t<div class=\"faq-item-question-icon\"><\/div>\r\n\t\t\t\t\t<\/div>\r\n\r\n\t\t\t\t\t<div class=\"faq-item-answer\">\r\n\t\t\t\t\t\t<div class=\"faq-item-answer-text\"> <p>Une communication simple via les appels t\u00e9l\u00e9phoniques permet de convertir davantage d&rsquo;acheteurs potentiels en produits r\u00e9els. clients. De plus, une simple d\u00e9monstration de num\u00e9rotation et de num\u00e9ro de t\u00e9l\u00e9phone vous permettra de vous composer plus facilement.<\/p> <\/div>\r\n\t\t\t\t\t<\/div>\r\n\t\t\t\t<\/div> <div class=\"faq-item\">\r\n\t\t\t\t\t<div class=\"faq-item-question\">\r\n\t\t\t\t\t\t<h3 class=\"faq-item-question-text\">Comment puis-je obtenir Click to Call sur mon site Webnode ?<\/h3>\r\n\r\n\t\t\t\t\t\t<div class=\"faq-item-question-icon\"><\/div>\r\n\t\t\t\t\t<\/div>\r\n\r\n\t\t\t\t\t<div class=\"faq-item-answer\">\r\n\t\t\t\t\t\t<div class=\"faq-item-answer-text\"> <p>Tout ce que vous devez faire faire est de former votre widget, de s\u00e9lectionner les couleurs et la hauteur, puis de sauvegarder votre travail et de copier le code qui appara\u00eetra dans la fen\u00eatre contextuelle \u00e0 la fin du processus de formation. Ins\u00e9rez ce code dans votre site.<\/p> <\/div>\r\n\t\t\t\t\t<\/div>\r\n\t\t\t\t<\/div> <\/div> <\/div> <div class=\"application-platform-content-item-features application-platform-content-item\" id=\"features\" data-nav-section=\"features\"> <h2>Fonctionnalit\u00e9s<\/h2> <p>Pour avoir une meilleure connaissance du widget Bouton d&rsquo;appel , consultez la liste de ses fonctionnalit\u00e9s les plus remarquables. Ils rendent notre widget incroyablement efficace pour vous\u00a0: <\/p> <ul><li>Num\u00e9rotation instantan\u00e9e sur mobiles\u00a0; <\/li> <li>Trois options int\u00e9gr\u00e9es de position du widget\u00a0: Flottant \u00e0 gauche, Flottant \u00e0 droite ou personnalis\u00e9\u00a0; <\/li> <li>L&rsquo;option pour afficher le widget sur certaines pages ou exclure des pages\u00a0; <\/li> <li>Choisissez les cat\u00e9gories de visiteurs pour voir le widget\u00a0: tous, nouveaux ou anciens\u00a0; <\/li> <li> D\u00e9clencheurs d&rsquo;ouverture de widget int\u00e9gr\u00e9s\u00a0: temps pass\u00e9 sur la page, temps sur le site, pourcentage de d\u00e9filement ou tentative de sortie. <\/li> <\/ul><p><a href=\"#demo\">Pour d\u00e9couvrir plus de fonctionnalit\u00e9s, consultez notre d\u00e9mo<\/a><\/p> <\/div> <div class=\"application-platform-content-item-installation application-platform-content-item\" id=\"installation\" data-nav-section=\"installation\"> <h2>Comment ajouter le widget Click To Call Button \u00e0 votre page Webnode<\/h2> <p>Les actions ci-dessous sont la seule chose que vous devez faire pour une isolation r\u00e9ussie. <\/p> <ol><li><b>Ouvrez notre \u00e9diteur gratuit et commencez \u00e0 cr\u00e9er votre plugin sur mesure. <\/b><br> Sp\u00e9cifiez la conception personnalis\u00e9e et les sp\u00e9cifications du widget et appliquez les corrections. <\/li> <li><b>Acqu\u00e9rir le code personnel expos\u00e9 dans la bo\u00eete sur Elfsight Apps. <\/b><br> D\u00e8s que la mise en place de votre outil est termin\u00e9e, copiez le code individuel de la popup qui appara\u00eet et conservez-le pour une occasion ult\u00e9rieure. <\/li> <li><b>Lancer l&rsquo;utilisation de l&rsquo;outil sur le site Webnode. <\/b><br> Saisissez le code que vous avez copi\u00e9 auparavant dans votre page Web et enregistrez les modifications. <\/li> <li><b>Vous avez termin\u00e9\u00a0! L&rsquo;int\u00e9gration est termin\u00e9e avec succ\u00e8s. <\/b><br> Acc\u00e9dez \u00e0 votre page Web pour voir comment fonctionne le plugin. <\/li><\/ol> <p>Vous n&rsquo;\u00eates toujours pas s\u00fbr\u00a0? Ou vous avez des probl\u00e8mes ? \u00c9crivez simplement une demande \u00e0 notre service client, nos sp\u00e9cialistes r\u00e9gleront chaque probl\u00e8me. <\/p> <\/div>","protected":false},"excerpt":{"rendered":"","protected":false},"author":9,"featured_media":0,"parent":2403,"menu_order":0,"comment_status":"closed","ping_status":"closed","template":"templates\/template-application-platform.php","meta":{"publish_to_discourse":"","publish_post_category":"","wpdc_auto_publish_overridden":"","wpdc_topic_tags":"","wpdc_pin_topic":"","wpdc_pin_until":"","discourse_post_id":"","discourse_permalink":"","wpdc_publishing_response":"","wpdc_publishing_error":"","footnotes":""},"class_list":["post-13212","page","type-page","status-publish","hentry"],"yoast_head":"<!-- This site is optimized with the Yoast SEO plugin v25.3.1 - https:\/\/yoast.com\/wordpress\/plugins\/seo\/ -->\n<title>Ajouter le widget Click to Call Button au site Webnode (gratuit et rapide)<\/title>\n<meta name=\"description\" content=\"Ins\u00e9rez un plugin Click to Call pratique sur votre site Webnode. Utilisez la d\u00e9mo facile \u00e0 utiliser d&#039;Elfsight et fa\u00e7onnez votre plugin unique en 1-2-3.\" \/>\n<meta name=\"robots\" content=\"index, follow, max-snippet:-1, max-image-preview:large, max-video-preview:-1\" \/>\n<link rel=\"canonical\" href=\"https:\/\/elfsight.com\/fr\/click-to-call-widget\/webnode\/\" \/>\n<meta property=\"og:locale\" content=\"fr_FR\" \/>\n<meta property=\"og:type\" content=\"article\" \/>\n<meta property=\"og:title\" content=\"Ajouter le widget Click to Call Button au site Webnode (gratuit et rapide)\" \/>\n<meta property=\"og:description\" content=\"Ins\u00e9rez un plugin Click to Call pratique sur votre site Webnode. Utilisez la d\u00e9mo facile \u00e0 utiliser d&#039;Elfsight et fa\u00e7onnez votre plugin unique en 1-2-3.\" \/>\n<meta property=\"og:url\" content=\"https:\/\/elfsight.com\/fr\/click-to-call-widget\/webnode\/\" \/>\n<meta property=\"og:site_name\" content=\"Elfsight FR\" \/>\n<meta property=\"article:modified_time\" content=\"2025-07-09T17:05:38+00:00\" \/>\n<meta name=\"twitter:card\" content=\"summary_large_image\" \/>\n<meta name=\"twitter:label1\" content=\"Dur\u00e9e de lecture estim\u00e9e\" \/>\n\t<meta name=\"twitter:data1\" content=\"3 minutes\" \/>\n<!-- \/ Yoast SEO plugin. -->","yoast_head_json":{"title":"Ajouter le widget Click to Call Button au site Webnode (gratuit et rapide)","description":"Ins\u00e9rez un plugin Click to Call pratique sur votre site Webnode. Utilisez la d\u00e9mo facile \u00e0 utiliser d'Elfsight et fa\u00e7onnez votre plugin unique en 1-2-3.","robots":{"index":"index","follow":"follow","max-snippet":"max-snippet:-1","max-image-preview":"max-image-preview:large","max-video-preview":"max-video-preview:-1"},"canonical":"https:\/\/elfsight.com\/fr\/click-to-call-widget\/webnode\/","og_locale":"fr_FR","og_type":"article","og_title":"Ajouter le widget Click to Call Button au site Webnode (gratuit et rapide)","og_description":"Ins\u00e9rez un plugin Click to Call pratique sur votre site Webnode. Utilisez la d\u00e9mo facile \u00e0 utiliser d'Elfsight et fa\u00e7onnez votre plugin unique en 1-2-3.","og_url":"https:\/\/elfsight.com\/fr\/click-to-call-widget\/webnode\/","og_site_name":"Elfsight FR","article_modified_time":"2025-07-09T17:05:38+00:00","twitter_card":"summary_large_image","twitter_misc":{"Dur\u00e9e de lecture estim\u00e9e":"3 minutes"},"schema":{"@context":"https:\/\/schema.org","@graph":[{"@type":"WebPage","@id":"https:\/\/elfsight.com\/fr\/click-to-call-widget\/webnode\/","url":"https:\/\/elfsight.com\/fr\/click-to-call-widget\/webnode\/","name":"Ajouter le widget Click to Call Button au site Webnode (gratuit et rapide)","isPartOf":{"@id":"https:\/\/elfsight.com\/fr\/#website"},"datePublished":"2024-05-03T06:32:24+00:00","dateModified":"2025-07-09T17:05:38+00:00","description":"Ins\u00e9rez un plugin Click to Call pratique sur votre site Webnode. Utilisez la d\u00e9mo facile \u00e0 utiliser d'Elfsight et fa\u00e7onnez votre plugin unique en 1-2-3.","breadcrumb":{"@id":"https:\/\/elfsight.com\/fr\/click-to-call-widget\/webnode\/#breadcrumb"},"inLanguage":"fr-FR","potentialAction":[{"@type":"ReadAction","target":["https:\/\/elfsight.com\/fr\/click-to-call-widget\/webnode\/"]}]},{"@type":"BreadcrumbList","@id":"https:\/\/elfsight.com\/fr\/click-to-call-widget\/webnode\/#breadcrumb","itemListElement":[{"@type":"ListItem","position":1,"name":"Home","item":"https:\/\/elfsight.com\/fr\/"},{"@type":"ListItem","position":2,"name":"Click to Call","item":"https:\/\/elfsight.com\/fr\/click-to-call-widget\/"},{"@type":"ListItem","position":3,"name":"Click to Call &#8211; Webnode"}]},{"@type":"WebSite","@id":"https:\/\/elfsight.com\/fr\/#website","url":"https:\/\/elfsight.com\/fr\/","name":"Elfsight FR","description":"","potentialAction":[{"@type":"SearchAction","target":{"@type":"EntryPoint","urlTemplate":"https:\/\/elfsight.com\/fr\/?s={search_term_string}"},"query-input":{"@type":"PropertyValueSpecification","valueRequired":true,"valueName":"search_term_string"}}],"inLanguage":"fr-FR"}]}},"meta_box":{"industry":"","seo_heading":"","heading":"","description":"","cta_heading":"","cta_description":"","application":"2402","h1":"Cliquez pour appeler Webnode","h1_caption":"Permettez aux utilisateurs de vous contacter instantan\u00e9ment avec un simple bouton \u00ab\u00a0Cliquer pour appeler\u00a0\u00bb, ce qui facilite l'acc\u00e8s direct \u00e0 votre site Web Webnode, sans effort.","application_category":[],"applications_title":"","applications_request_title":"","applications_request_button_text":"","hero_text":"","hero_video":"","hero_video_schema_markup":"","selling_points_title":"","selling_points_caption":"","selling_points":[],"selling_points_cta_text":"","features_title":"","features":"","ed_cta_examples_text":"","ed_cta_examples_hidden":"","ed_cta_demo_text":"","ed_cta_demo_hidden":"","why_caption":"","why_editor_title":"","why_editor_text":"","why_team_title":"","why_team_text":"","why_service_title":"","why_service_text":"","template_catalog_visible":"","template_catalog_title":"","template_catalog_text":"","template_catalog_categories_visible":"","demo_title":"Cr\u00e9ez votre widget Click to Call","demo_caption":"Configurez votre Click to Call et ajoutez-le gratuitement \u00e0 votre site Webnode !","default_faq_hidden":"","app_template_category":[],"platform":"364","template_public_id":"","codecanyon_url":"","codecanyon_item_id":"","codecanyon_price":"","pricing_caption":"","pricing_elfsight_apps_hide_column":"","pricing_elfsight_apps_url":"","pricing_codecanyon_price_caption":"","integration_category":[],"integration_request_title":"","integration_request_cta":"","integration_platform":"","integrations":[],"platform_category":[],"video_schema_markup":"","price":"\u00e0 partir de 0$ \/ mois","trial":"","benefits":[{"text":"Aide \u00e0 l'installation gratuite"},{"text":"Service client professionnel"},{"text":"Garantie de remboursement de 14 jours"},{"text":"Mise \u00e0 jour constante"}],"button_url":"#demo","button_target_blank":"","button_nofollow":"","attributes":[{"name":"Installations","content":"10,000 - 100,000"},{"name":"Sensible","content":"Oui"},{"name":"Navigateurs compatibles","content":"Firefox, Safari, Opera, Chrome, Edge"}],"tags":[],"tags_disable_links":"","hide_more_platforms":"","video_object":"","demo_hide_cta":"","demo_hide_cloud_options":"","pricing_title":"","pricing":[{"pricing_icon":"platform","pricing_title":"Elfsight Apps","pricing_title_caption":"Solution multiplateforme","pricing_price":"from $0 \/ month","pricing_price_caption":"commencez avec un forfait gratuit","pricing_benefits":[{"text":"Sites Web illimit\u00e9s"},{"text":"Support client premium et bien document\u00e9"},{"text":"Assistance \u00e0 l'installation gratuite"},{"text":"Prix \u200b\u200bsp\u00e9cial pour plusieurs applications"}],"pricing_button_text":"Ajouter au site Web","pricing_button_url":"#demo"}],"related_apps_title":"","related_apps_hidden":"","author":"","image":[],"title":"","job":"","social_networks":[]},"_links":{"self":[{"href":"https:\/\/elfsight.com\/fr\/wp-json\/wp\/v2\/pages\/13212","targetHints":{"allow":["GET"]}}],"collection":[{"href":"https:\/\/elfsight.com\/fr\/wp-json\/wp\/v2\/pages"}],"about":[{"href":"https:\/\/elfsight.com\/fr\/wp-json\/wp\/v2\/types\/page"}],"author":[{"embeddable":true,"href":"https:\/\/elfsight.com\/fr\/wp-json\/wp\/v2\/users\/9"}],"replies":[{"embeddable":true,"href":"https:\/\/elfsight.com\/fr\/wp-json\/wp\/v2\/comments?post=13212"}],"version-history":[{"count":1,"href":"https:\/\/elfsight.com\/fr\/wp-json\/wp\/v2\/pages\/13212\/revisions"}],"predecessor-version":[{"id":13216,"href":"https:\/\/elfsight.com\/fr\/wp-json\/wp\/v2\/pages\/13212\/revisions\/13216"}],"up":[{"embeddable":true,"href":"https:\/\/elfsight.com\/fr\/wp-json\/wp\/v2\/pages\/2403"}],"wp:attachment":[{"href":"https:\/\/elfsight.com\/fr\/wp-json\/wp\/v2\/media?parent=13212"}],"curies":[{"name":"wp","href":"https:\/\/api.w.org\/{rel}","templated":true}]}}