{"id":13211,"date":"2024-05-03T06:32:23","date_gmt":"2024-05-03T06:32:23","guid":{"rendered":"https:\/\/elfsight.com\/fr\/?page_id=13211"},"modified":"2025-07-09T17:05:44","modified_gmt":"2025-07-09T17:05:44","slug":"weebly","status":"publish","type":"page","link":"https:\/\/elfsight.com\/fr\/click-to-call-widget\/weebly\/","title":{"rendered":"Click to Call &#8211; Weebly"},"content":{"rendered":"<div class=\"application-platform-content-item-description application-platform-content-item\" id=\"description\" data-nav-section=\"description\"> <h2>Description<\/h2> <p>Le plugin Click To Call pour Weebly est un outil facile \u00e0 utiliser qui permet \u00e0 l&rsquo;audience de votre site de vous composer plus facilement plus vite. Vos visiteurs peuvent vous appeler en appuyant sur l&rsquo;image du t\u00e9l\u00e9phone sur les appareils mobiles et pour le PC, votre num\u00e9ro appara\u00eet de mani\u00e8re accrocheuse pour une num\u00e9rotation pratique. La bulle et la fen\u00eatre du t\u00e9l\u00e9phone sont extr\u00eamement configurables et vous permettent de cr\u00e9er un style absolument exclusif de votre widget. Vous \u00eates libre de peindre toutes les parties de l&rsquo;outil pour l&rsquo;ajuster compl\u00e8tement \u00e0 la gamme de couleurs du site Web.<\/p> <div class=\"faq\" data-component=\"FAQ\"><div class=\"faq-item\">\r\n\t\t\t\t\t<div class=\"faq-item-question\">\r\n\t\t\t\t\t\t<h3 class=\"faq-item-question-text\">O\u00f9 puis-je publier Click to Call<\/h3>\r\n\r\n\t\t\t\t\t\t<div class=\"faq-item-question-icon\"><\/div>\r\n\t\t\t\t\t<\/div>\r\n\r\n\t\t\t\t\t<div class=\"faq-item-answer\">\r\n\t\t\t\t\t\t<div class=\"faq-item-answer-text\"> <p>Vous \u00eates libre de s\u00e9lectionnez les pages sur lesquelles vous souhaitez r\u00e9v\u00e9ler la bulle du t\u00e9l\u00e9phone et affichez leur URL dans les param\u00e8tres. Ou vous pouvez bloquer des pages particuli\u00e8res, par URL.<\/p> <\/div>\r\n\t\t\t\t\t<\/div>\r\n\t\t\t\t<\/div><div class=\"faq-item\">\r\n\t\t\t\t\t<div class=\"faq-item-question\">\r\n\t\t\t\t\t\t<h3 class=\"faq-item-question-text\">Comment puis-je b\u00e9n\u00e9ficier du bouton d'appel ?<\/h3>\r\n\r\n\t\t\t\t\t\t<div class=\"faq-item-question-icon\"><\/div>\r\n\t\t\t\t\t<\/div>\r\n\r\n\t\t\t\t\t<div class=\"faq-item-answer\">\r\n\t\t\t\t\t\t<div class=\"faq-item-answer-text\"> <p>La conversation directe au t\u00e9l\u00e9phone permet de transformer davantage d&rsquo;acheteurs potentiels en clients physiques. . De plus, une simple num\u00e9rotation et une d\u00e9monstration de votre num\u00e9ro de t\u00e9l\u00e9phone vous faciliteront la t\u00e2che.<\/p> <\/div>\r\n\t\t\t\t\t<\/div>\r\n\t\t\t\t<\/div> <div class=\"faq-item\">\r\n\t\t\t\t\t<div class=\"faq-item-question\">\r\n\t\t\t\t\t\t<h3 class=\"faq-item-question-text\">Comment int\u00e9grer l'application Call sur mon site Weebly ?<\/h3>\r\n\r\n\t\t\t\t\t\t<div class=\"faq-item-question-icon\"><\/div>\r\n\t\t\t\t\t<\/div>\r\n\r\n\t\t\t\t\t<div class=\"faq-item-answer\">\r\n\t\t\t\t\t\t<div class=\"faq-item-answer-text\"> <p>La seule chose que vous Ce que vous avez \u00e0 faire est de cr\u00e9er votre outil, de choisir les couleurs et la taille, puis de l&rsquo;enregistrer et de copier le code qui s&rsquo;affichera dans la fen\u00eatre contextuelle \u00e0 la fin du processus de cr\u00e9ation. Impl\u00e9mentez le code dans votre site Web.<\/p> <\/div>\r\n\t\t\t\t\t<\/div>\r\n\t\t\t\t<\/div> <\/div> <\/div> <div class=\"application-platform-content-item-features application-platform-content-item\" id=\"features\" data-nav-section=\"features\"> <h2>Fonctionnalit\u00e9s<\/h2> <p>Afin d&rsquo;avoir une id\u00e9e claire de Click to Call, voici la liste des fonctions principales. Ils rendent l&rsquo;application incroyablement efficace pour vous\u00a0: <\/p> <ul><li>Num\u00e9rotation rapide sur mobiles\u00a0;<\/li> <li>Trois options de position du widget\u00a0: flottant \u00e0 gauche ou \u00e0 droite ou personnalis\u00e9\u00a0;<\/li> <li>La possibilit\u00e9 d&rsquo;int\u00e9grer le widget sur les pages Web s\u00e9lectionn\u00e9es ou d&rsquo;exclure des pages Web\u00a0;<\/li> <li>Trois groupes de visiteurs pour afficher le widget\u00a0: \u00e0 tous, aux nouveaux ou aux anciens uniquement\u00a0;<\/li> <li> 4 widgets activation des d\u00e9clencheurs\u00a0: temps pass\u00e9 sur la page, temps pass\u00e9 sur le site Web, pourcentage de d\u00e9filement ou tentative de sortie.<\/li> <\/ul><p><a href=\"#demo\">D\u00e9couvrez la liste compl\u00e8te des fonctionnalit\u00e9s en d\u00e9mo <\/a><\/p> <\/div> <div class=\"application-platform-content-item-installation application-platform-content-item\" id=\"installation\" data-nav-section=\"installation\"> <h2>Comment ajouter le bouton Click to Call sur votre site Weebly<\/h2> <p>Les actions suivantes sont la seule chose que vous besoin de faire. <\/p> <ol><li><b>Utilisez notre d\u00e9mo gratuite et commencez \u00e0 cr\u00e9er votre widget unique. <\/b><br> Sp\u00e9cifiez l&rsquo;apparence et les fonctionnalit\u00e9s personnalis\u00e9es de l&rsquo;outil et appliquez les modifications. <\/li> <li><b>Recevez votre code individuel qui appara\u00eet dans la case sur les applications Elfsight. <\/b><br> Juste apr\u00e8s la cr\u00e9ation de votre plugin personnel, copiez le code individuel de la fen\u00eatre contextuelle qui appara\u00eet et conservez-le pour une occasion ult\u00e9rieure. <\/li> <li><b>Entrez pour utiliser l&rsquo;outil sur le site Weebly. <\/b><br> Int\u00e9grez le code copi\u00e9 r\u00e9cemment dans votre site Web et appliquez les modifications. <\/li> <li><b>Fait\u00a0! L&rsquo;int\u00e9gration est enti\u00e8rement r\u00e9alis\u00e9e. <\/b><br> Acc\u00e9dez \u00e0 votre site Web pour inspecter le fonctionnement de l&rsquo;outil. <\/li><\/ol><p>Vous n&rsquo;arrivez toujours pas \u00e0 vous d\u00e9cider\u00a0? Ou vous avez des probl\u00e8mes ? \u00c9crivez simplement une demande \u00e0 notre service client. Nous r\u00e9soudrons tout type de question.<\/p> <\/div>","protected":false},"excerpt":{"rendered":"","protected":false},"author":9,"featured_media":0,"parent":2403,"menu_order":0,"comment_status":"closed","ping_status":"closed","template":"templates\/template-application-platform.php","meta":{"publish_to_discourse":"","publish_post_category":"","wpdc_auto_publish_overridden":"","wpdc_topic_tags":"","wpdc_pin_topic":"","wpdc_pin_until":"","discourse_post_id":"","discourse_permalink":"","wpdc_publishing_response":"","wpdc_publishing_error":"","footnotes":""},"class_list":["post-13211","page","type-page","status-publish","hentry"],"yoast_head":"<!-- This site is optimized with the Yoast SEO plugin v25.3.1 - https:\/\/yoast.com\/wordpress\/plugins\/seo\/ -->\n<title>Bouton d\u2019appel Weebly | Ajoutez l&#039;application Click to Call Button au site Web (gratuit et rapide)<\/title>\n<meta name=\"description\" content=\"Ajoutez un plugin Click to Call pratique sur votre site Web Weebly. Appliquez la d\u00e9mo g\u00e9rable d&#039;Elfsight et cr\u00e9ez votre plugin unique en 1-2-3.\" \/>\n<meta name=\"robots\" content=\"index, follow, max-snippet:-1, max-image-preview:large, max-video-preview:-1\" \/>\n<link rel=\"canonical\" href=\"https:\/\/elfsight.com\/fr\/click-to-call-widget\/weebly\/\" \/>\n<meta property=\"og:locale\" content=\"fr_FR\" \/>\n<meta property=\"og:type\" content=\"article\" \/>\n<meta property=\"og:title\" content=\"Bouton d\u2019appel Weebly | Ajoutez l&#039;application Click to Call Button au site Web (gratuit et rapide)\" \/>\n<meta property=\"og:description\" content=\"Ajoutez un plugin Click to Call pratique sur votre site Web Weebly. Appliquez la d\u00e9mo g\u00e9rable d&#039;Elfsight et cr\u00e9ez votre plugin unique en 1-2-3.\" \/>\n<meta property=\"og:url\" content=\"https:\/\/elfsight.com\/fr\/click-to-call-widget\/weebly\/\" \/>\n<meta property=\"og:site_name\" content=\"Elfsight FR\" \/>\n<meta property=\"article:modified_time\" content=\"2025-07-09T17:05:44+00:00\" \/>\n<meta name=\"twitter:card\" content=\"summary_large_image\" \/>\n<meta name=\"twitter:label1\" content=\"Dur\u00e9e de lecture estim\u00e9e\" \/>\n\t<meta name=\"twitter:data1\" content=\"3 minutes\" \/>\n<!-- \/ Yoast SEO plugin. -->","yoast_head_json":{"title":"Bouton d\u2019appel Weebly | Ajoutez l'application Click to Call Button au site Web (gratuit et rapide)","description":"Ajoutez un plugin Click to Call pratique sur votre site Web Weebly. Appliquez la d\u00e9mo g\u00e9rable d'Elfsight et cr\u00e9ez votre plugin unique en 1-2-3.","robots":{"index":"index","follow":"follow","max-snippet":"max-snippet:-1","max-image-preview":"max-image-preview:large","max-video-preview":"max-video-preview:-1"},"canonical":"https:\/\/elfsight.com\/fr\/click-to-call-widget\/weebly\/","og_locale":"fr_FR","og_type":"article","og_title":"Bouton d\u2019appel Weebly | Ajoutez l'application Click to Call Button au site Web (gratuit et rapide)","og_description":"Ajoutez un plugin Click to Call pratique sur votre site Web Weebly. Appliquez la d\u00e9mo g\u00e9rable d'Elfsight et cr\u00e9ez votre plugin unique en 1-2-3.","og_url":"https:\/\/elfsight.com\/fr\/click-to-call-widget\/weebly\/","og_site_name":"Elfsight FR","article_modified_time":"2025-07-09T17:05:44+00:00","twitter_card":"summary_large_image","twitter_misc":{"Dur\u00e9e de lecture estim\u00e9e":"3 minutes"},"schema":{"@context":"https:\/\/schema.org","@graph":[{"@type":"WebPage","@id":"https:\/\/elfsight.com\/fr\/click-to-call-widget\/weebly\/","url":"https:\/\/elfsight.com\/fr\/click-to-call-widget\/weebly\/","name":"Bouton d\u2019appel Weebly | Ajoutez l'application Click to Call Button au site Web (gratuit et rapide)","isPartOf":{"@id":"https:\/\/elfsight.com\/fr\/#website"},"datePublished":"2024-05-03T06:32:23+00:00","dateModified":"2025-07-09T17:05:44+00:00","description":"Ajoutez un plugin Click to Call pratique sur votre site Web Weebly. Appliquez la d\u00e9mo g\u00e9rable d'Elfsight et cr\u00e9ez votre plugin unique en 1-2-3.","breadcrumb":{"@id":"https:\/\/elfsight.com\/fr\/click-to-call-widget\/weebly\/#breadcrumb"},"inLanguage":"fr-FR","potentialAction":[{"@type":"ReadAction","target":["https:\/\/elfsight.com\/fr\/click-to-call-widget\/weebly\/"]}]},{"@type":"BreadcrumbList","@id":"https:\/\/elfsight.com\/fr\/click-to-call-widget\/weebly\/#breadcrumb","itemListElement":[{"@type":"ListItem","position":1,"name":"Home","item":"https:\/\/elfsight.com\/fr\/"},{"@type":"ListItem","position":2,"name":"Click to Call","item":"https:\/\/elfsight.com\/fr\/click-to-call-widget\/"},{"@type":"ListItem","position":3,"name":"Click to Call &#8211; Weebly"}]},{"@type":"WebSite","@id":"https:\/\/elfsight.com\/fr\/#website","url":"https:\/\/elfsight.com\/fr\/","name":"Elfsight FR","description":"","potentialAction":[{"@type":"SearchAction","target":{"@type":"EntryPoint","urlTemplate":"https:\/\/elfsight.com\/fr\/?s={search_term_string}"},"query-input":{"@type":"PropertyValueSpecification","valueRequired":true,"valueName":"search_term_string"}}],"inLanguage":"fr-FR"}]}},"meta_box":{"industry":"","seo_heading":"","heading":"","description":"","cta_heading":"","cta_description":"","application":"2402","h1":"Application Weebly Cliquez pour appeler","h1_caption":"Permettez aux utilisateurs de vous contacter instantan\u00e9ment avec un simple bouton \u00ab\u00a0Cliquer pour appeler\u00a0\u00bb, ce qui facilite l'acc\u00e8s direct \u00e0 votre site Web Weebly, sans effort.","application_category":[],"applications_title":"","applications_request_title":"","applications_request_button_text":"","hero_text":"","hero_video":"","hero_video_schema_markup":"","selling_points_title":"","selling_points_caption":"","selling_points":[],"selling_points_cta_text":"","features_title":"","features":"","ed_cta_examples_text":"","ed_cta_examples_hidden":"","ed_cta_demo_text":"","ed_cta_demo_hidden":"","why_caption":"","why_editor_title":"","why_editor_text":"","why_team_title":"","why_team_text":"","why_service_title":"","why_service_text":"","template_catalog_visible":"","template_catalog_title":"","template_catalog_text":"","template_catalog_categories_visible":"","demo_title":"Cr\u00e9ez votre application Click to Call","demo_caption":"Configurez votre Click to Call et ajoutez-le \u00e0 votre site Web Weebly gratuitement !","default_faq_hidden":"","app_template_category":[],"platform":"363","template_public_id":"","codecanyon_url":"","codecanyon_item_id":"","codecanyon_price":"","pricing_caption":"","pricing_elfsight_apps_hide_column":"","pricing_elfsight_apps_url":"","pricing_codecanyon_price_caption":"","integration_category":[],"integration_request_title":"","integration_request_cta":"","integration_platform":"","integrations":[],"platform_category":[],"video_schema_markup":"","price":"\u00e0 partir de 0$ \/ mois","trial":"","benefits":[{"text":"Aide \u00e0 l'installation gratuite"},{"text":"Service client efficace"},{"text":"Garantie de remboursement de 14 jours"},{"text":"D\u00e9veloppement continu"}],"button_url":"#demo","button_target_blank":"","button_nofollow":"","attributes":[{"name":"Installations","content":"10,000 - 100,000"},{"name":"Sensible","content":"Oui"},{"name":"Navigateurs compatibles","content":"Firefox, Safari, Opera, Chrome, Edge"}],"tags":[],"tags_disable_links":"","hide_more_platforms":"","video_object":"","demo_hide_cta":"","demo_hide_cloud_options":"","pricing_title":"","pricing":[{"pricing_icon":"platform","pricing_title":"Elfsight Apps","pricing_title_caption":"Solution num\u00e9rique multiplateforme qui fonctionne sur n'importe quel site","pricing_price":"from $0 \/ month","pricing_price_caption":"commencez avec un forfait gratuit","pricing_benefits":[{"text":"Sites Web illimit\u00e9s"},{"text":"Support premium et bien document\u00e9"},{"text":"Aide \u00e0 l'installation gratuite"},{"text":"Enti\u00e8rement personnalisable"}],"pricing_button_text":"Ajouter au site Web","pricing_button_url":"#demo"}],"related_apps_title":"","related_apps_hidden":"","author":"","image":[],"title":"","job":"","social_networks":[]},"_links":{"self":[{"href":"https:\/\/elfsight.com\/fr\/wp-json\/wp\/v2\/pages\/13211","targetHints":{"allow":["GET"]}}],"collection":[{"href":"https:\/\/elfsight.com\/fr\/wp-json\/wp\/v2\/pages"}],"about":[{"href":"https:\/\/elfsight.com\/fr\/wp-json\/wp\/v2\/types\/page"}],"author":[{"embeddable":true,"href":"https:\/\/elfsight.com\/fr\/wp-json\/wp\/v2\/users\/9"}],"replies":[{"embeddable":true,"href":"https:\/\/elfsight.com\/fr\/wp-json\/wp\/v2\/comments?post=13211"}],"version-history":[{"count":1,"href":"https:\/\/elfsight.com\/fr\/wp-json\/wp\/v2\/pages\/13211\/revisions"}],"predecessor-version":[{"id":13215,"href":"https:\/\/elfsight.com\/fr\/wp-json\/wp\/v2\/pages\/13211\/revisions\/13215"}],"up":[{"embeddable":true,"href":"https:\/\/elfsight.com\/fr\/wp-json\/wp\/v2\/pages\/2403"}],"wp:attachment":[{"href":"https:\/\/elfsight.com\/fr\/wp-json\/wp\/v2\/media?parent=13211"}],"curies":[{"name":"wp","href":"https:\/\/api.w.org\/{rel}","templated":true}]}}