{"id":13206,"date":"2024-05-03T06:32:22","date_gmt":"2024-05-03T06:32:22","guid":{"rendered":"https:\/\/elfsight.com\/fr\/?page_id=13206"},"modified":"2025-07-09T17:05:48","modified_gmt":"2025-07-09T17:05:48","slug":"wix","status":"publish","type":"page","link":"https:\/\/elfsight.com\/fr\/click-to-call-widget\/wix\/","title":{"rendered":"Click to Call &#8211; Wix"},"content":{"rendered":"<div class=\"application-platform-content-item-description application-platform-content-item\" id=\"description\" data-nav-section=\"description\"> <h2>Description<\/h2> <p>Elfsight Call Now Button est une application simple pour n&rsquo;importe quel site Web, qui permet \u00e0 vos visiteurs de d\u00e9marrer facilement. un appel t\u00e9l\u00e9phonique \u00e0 votre num\u00e9ro. Lorsque les utilisateurs parcourent votre site sur des t\u00e9l\u00e9phones mobiles, l&rsquo;application compose automatiquement le num\u00e9ro attribu\u00e9 lorsqu&rsquo;une personne clique sur l&rsquo;ic\u00f4ne du t\u00e9l\u00e9phone. Vu depuis un PC et une tablette, le clic r\u00e9v\u00e8le votre num\u00e9ro sur la page pour aider les utilisateurs \u00e0 vous appeler instantan\u00e9ment. Vous pouvez non seulement r\u00e9v\u00e9ler le num\u00e9ro, mais \u00e9galement afficher la fen\u00eatre d&rsquo;appel, qui comprend le nom et l&rsquo;image de la personne \u00e0 contacter ainsi qu&rsquo;une l\u00e9gende. Tous les \u00e9l\u00e9ments sont flexibles, ce qui vous permet d&rsquo;avoir diff\u00e9rents looks de l&rsquo;interface. Il existe \u00e9galement une option permettant de d\u00e9finir un d\u00e9clencheur qui affiche la bulle du t\u00e9l\u00e9phone et de choisir une cat\u00e9gorie de visiteurs pour laquelle elle appara\u00eetra. <\/p> <div class=\"faq\" data-component=\"FAQ\"><div class=\"faq-item\">\r\n\t\t\t\t\t<div class=\"faq-item-question\">\r\n\t\t\t\t\t\t<h3 class=\"faq-item-question-text\">O\u00f9 puis-je publier le bouton d'appel<\/h3>\r\n\r\n\t\t\t\t\t\t<div class=\"faq-item-question-icon\"><\/div>\r\n\t\t\t\t\t<\/div>\r\n\r\n\t\t\t\t\t<div class=\"faq-item-answer\">\r\n\t\t\t\t\t\t<div class=\"faq-item-answer-text\"> <p>Vous pouvez ajouter l&rsquo;application sur n&rsquo;importe quelle page du site ou sur toutes les pages Web. Dans les param\u00e8tres du widget, il existe une fonctionnalit\u00e9 permettant d&rsquo;ajouter les URL des pages distinctes sur lesquelles vous devez activer l&rsquo;application. Ou appliquez l&rsquo;option Exclure et entrez les URL des pages sur lesquelles vous souhaitez limiter l&rsquo;affichage du widget. <\/p> <\/div>\r\n\t\t\t\t\t<\/div>\r\n\t\t\t\t<\/div><div class=\"faq-item\">\r\n\t\t\t\t\t<div class=\"faq-item-question\">\r\n\t\t\t\t\t\t<h3 class=\"faq-item-question-text\">Comment b\u00e9n\u00e9ficierais-je de l'application ?<\/h3>\r\n\r\n\t\t\t\t\t\t<div class=\"faq-item-question-icon\"><\/div>\r\n\t\t\t\t\t<\/div>\r\n\r\n\t\t\t\t\t<div class=\"faq-item-answer\">\r\n\t\t\t\t\t\t<div class=\"faq-item-answer-text\"> <p>Vous pouvez attirer davantage d&rsquo;appels t\u00e9l\u00e9phoniques de la part des visiteurs du site Web en ayant un moyen rapide et pratique de vous appeler au t\u00e9l\u00e9phone, sans quitter le site Web. . Cela peut contribuer \u00e0 avoir davantage de communications personnelles et transformer les utilisateurs en de nouveaux achats. De plus, vous pouvez collecter votre base de donn\u00e9es de leads.<\/p> <\/div>\r\n\t\t\t\t\t<\/div>\r\n\t\t\t\t<\/div><div class=\"faq-item\">\r\n\t\t\t\t\t<div class=\"faq-item-question\">\r\n\t\t\t\t\t\t<h3 class=\"faq-item-question-text\">Comment puis-je ajouter l'application Call sur mon site Wix ?<\/h3>\r\n\r\n\t\t\t\t\t\t<div class=\"faq-item-question-icon\"><\/div>\r\n\t\t\t\t\t<\/div>\r\n\r\n\t\t\t\t\t<div class=\"faq-item-answer\">\r\n\t\t\t\t\t\t<div class=\"faq-item-answer-text\"><p>L&rsquo;int\u00e9gration du widget prend une minute de votre temps. . C\u2019est extr\u00eamement rapide, gratuit et ne n\u00e9cessite aucun codage. <\/p> <p>Vous pouvez introduire une application sur votre site Web via notre service. Appliquez simplement le guide ci-dessous sur cette page.<\/p> <\/div>\r\n\t\t\t\t\t<\/div>\r\n\t\t\t\t<\/div><\/div><\/div><div class=\"application-platform-content-item-features application-platform-content-item\" id=\"features\" data-nav-section=\"features\"> <h2>Fonctionnalit\u00e9s<\/h2> <p>Afin de fa\u00e7onner un meilleur Connaissance de l&rsquo;application, d\u00e9couvrez la liste de ses fonctionnalit\u00e9s majeures. Ils rendent ce widget extr\u00eamement efficace pour votre entreprise\u00a0:<\/p><ul><li>Num\u00e9rotation rapide sur les appareils mobiles\u00a0;<\/li><li>S\u00e9lectionnez l&rsquo;une des options de position du widget\u00a0: flottant \u00e0 gauche ou \u00e0 droite ou personnalis\u00e9\u00a0;<\/li><li>La possibilit\u00e9 de placer le widget sur des pages Web sp\u00e9cifiques ou d&rsquo;exclure des pages\u00a0;<\/li><li>3 groupes d&rsquo;utilisateurs pour afficher le widget\u00a0: \u00e0 tous, aux nouveaux ou aux anciens utilisateurs uniquement\u00a0;<\/li><li> Quatre d\u00e9clencheurs de widget int\u00e9gr\u00e9s\u00a0: temps pass\u00e9 sur la page, temps pass\u00e9 sur le site Web, quantit\u00e9 de d\u00e9filement ou intention de sortie.<\/li><\/ul><p><a href=\"#demo\">Pour en savoir plus sur les fonctionnalit\u00e9s, voir notre d\u00e9mo en direct<\/a><\/p><\/div><div class=\"application-platform-content-item-installation application-platform-content-item\" id=\"installation\" data-nav-section=\"installation\"> <h2>Comment ajouter le bouton Click To Call \u00e0 votre site Web Wix<\/h2> <p>Quelques m\u00e9thodes simples Les \u00e9tapes sont la seule chose dont vous avez besoin pour activer l&rsquo;application Appel. <\/p> <ol><li><b>Concevez votre propre bouton Appeler maintenant<\/b><br> Gr\u00e2ce \u00e0 notre d\u00e9mo gratuite, configurez une application avec un design et des fonctions pr\u00e9f\u00e9rables. <\/li><li><b>Copiez le code personnel pour afficher l&rsquo;application<\/b><br> Apr\u00e8s avoir configur\u00e9 votre widget, vous obtiendrez le code individuel dans la fen\u00eatre qui appara\u00eet sur Elfsight Apps. Copiez-le pour une utilisation ult\u00e9rieure.<\/li> <li><b>Affichez l&rsquo;application sur votre site Web Wix<\/b><br>Trouvez l&rsquo;endroit o\u00f9 vous souhaitez afficher le widget et collez-y le code enregistr\u00e9. Appliquez les modifications.<\/li><li><b>Termin\u00e9\u00a0!<\/b><br>Visitez votre site Web pour voir votre bouton d&rsquo;appel.<\/li> <\/ol><p>Vous avez encore des doutes sur quelque chose\u00a0? Ou vous \u00eates tomb\u00e9 sur quelque chose ? \u00c9crivez simplement une demande \u00e0 notre service client. Nos sp\u00e9cialistes r\u00e9gleront tous les probl\u00e8mes. <\/p> <\/div>","protected":false},"excerpt":{"rendered":"","protected":false},"author":9,"featured_media":0,"parent":2403,"menu_order":0,"comment_status":"closed","ping_status":"closed","template":"templates\/template-application-platform.php","meta":{"publish_to_discourse":"","publish_post_category":"","wpdc_auto_publish_overridden":"","wpdc_topic_tags":"","wpdc_pin_topic":"","wpdc_pin_until":"","discourse_post_id":"","discourse_permalink":"","wpdc_publishing_response":"","wpdc_publishing_error":"","footnotes":""},"class_list":["post-13206","page","type-page","status-publish","hentry"],"yoast_head":"<!-- This site is optimized with the Yoast SEO plugin v25.3.1 - https:\/\/yoast.com\/wordpress\/plugins\/seo\/ -->\n<title>Bouton d&#039;appel Wix | Ajouter l&#039;application Click to Call Button au site Web [2025]<\/title>\n<meta name=\"description\" content=\"Il est tr\u00e8s simple de fa\u00e7onner votre application Click to Call Button et de l&#039;ajouter au site Web Wix. Le support client Elfsight est gratuit et rapide.\" \/>\n<meta name=\"robots\" content=\"index, follow, max-snippet:-1, max-image-preview:large, max-video-preview:-1\" \/>\n<link rel=\"canonical\" href=\"https:\/\/elfsight.com\/fr\/click-to-call-widget\/wix\/\" \/>\n<meta property=\"og:locale\" content=\"fr_FR\" \/>\n<meta property=\"og:type\" content=\"article\" \/>\n<meta property=\"og:title\" content=\"Bouton d&#039;appel Wix | Ajouter l&#039;application Click to Call Button au site Web [2025]\" \/>\n<meta property=\"og:description\" content=\"Il est tr\u00e8s simple de fa\u00e7onner votre application Click to Call Button et de l&#039;ajouter au site Web Wix. Le support client Elfsight est gratuit et rapide.\" \/>\n<meta property=\"og:url\" content=\"https:\/\/elfsight.com\/fr\/click-to-call-widget\/wix\/\" \/>\n<meta property=\"og:site_name\" content=\"Elfsight FR\" \/>\n<meta property=\"article:modified_time\" content=\"2025-07-09T17:05:48+00:00\" \/>\n<meta name=\"twitter:card\" content=\"summary_large_image\" \/>\n<meta name=\"twitter:label1\" content=\"Dur\u00e9e de lecture estim\u00e9e\" \/>\n\t<meta name=\"twitter:data1\" content=\"3 minutes\" \/>\n<!-- \/ Yoast SEO plugin. -->","yoast_head_json":{"title":"Bouton d'appel Wix | Ajouter l'application Click to Call Button au site Web [2025]","description":"Il est tr\u00e8s simple de fa\u00e7onner votre application Click to Call Button et de l'ajouter au site Web Wix. Le support client Elfsight est gratuit et rapide.","robots":{"index":"index","follow":"follow","max-snippet":"max-snippet:-1","max-image-preview":"max-image-preview:large","max-video-preview":"max-video-preview:-1"},"canonical":"https:\/\/elfsight.com\/fr\/click-to-call-widget\/wix\/","og_locale":"fr_FR","og_type":"article","og_title":"Bouton d'appel Wix | Ajouter l'application Click to Call Button au site Web [2025]","og_description":"Il est tr\u00e8s simple de fa\u00e7onner votre application Click to Call Button et de l'ajouter au site Web Wix. Le support client Elfsight est gratuit et rapide.","og_url":"https:\/\/elfsight.com\/fr\/click-to-call-widget\/wix\/","og_site_name":"Elfsight FR","article_modified_time":"2025-07-09T17:05:48+00:00","twitter_card":"summary_large_image","twitter_misc":{"Dur\u00e9e de lecture estim\u00e9e":"3 minutes"},"schema":{"@context":"https:\/\/schema.org","@graph":[{"@type":"WebPage","@id":"https:\/\/elfsight.com\/fr\/click-to-call-widget\/wix\/","url":"https:\/\/elfsight.com\/fr\/click-to-call-widget\/wix\/","name":"Bouton d'appel Wix | Ajouter l'application Click to Call Button au site Web [2025]","isPartOf":{"@id":"https:\/\/elfsight.com\/fr\/#website"},"datePublished":"2024-05-03T06:32:22+00:00","dateModified":"2025-07-09T17:05:48+00:00","description":"Il est tr\u00e8s simple de fa\u00e7onner votre application Click to Call Button et de l'ajouter au site Web Wix. Le support client Elfsight est gratuit et rapide.","breadcrumb":{"@id":"https:\/\/elfsight.com\/fr\/click-to-call-widget\/wix\/#breadcrumb"},"inLanguage":"fr-FR","potentialAction":[{"@type":"ReadAction","target":["https:\/\/elfsight.com\/fr\/click-to-call-widget\/wix\/"]}]},{"@type":"BreadcrumbList","@id":"https:\/\/elfsight.com\/fr\/click-to-call-widget\/wix\/#breadcrumb","itemListElement":[{"@type":"ListItem","position":1,"name":"Home","item":"https:\/\/elfsight.com\/fr\/"},{"@type":"ListItem","position":2,"name":"Click to Call","item":"https:\/\/elfsight.com\/fr\/click-to-call-widget\/"},{"@type":"ListItem","position":3,"name":"Click to Call &#8211; Wix"}]},{"@type":"WebSite","@id":"https:\/\/elfsight.com\/fr\/#website","url":"https:\/\/elfsight.com\/fr\/","name":"Elfsight FR","description":"","potentialAction":[{"@type":"SearchAction","target":{"@type":"EntryPoint","urlTemplate":"https:\/\/elfsight.com\/fr\/?s={search_term_string}"},"query-input":{"@type":"PropertyValueSpecification","valueRequired":true,"valueName":"search_term_string"}}],"inLanguage":"fr-FR"}]}},"meta_box":{"industry":"","seo_heading":"","heading":"","description":"","cta_heading":"","cta_description":"","application":"2402","h1":"Wix Cliquez pour appeler le bouton","h1_caption":"Permettez aux utilisateurs de vous contacter instantan\u00e9ment avec un simple bouton \u00ab\u00a0Cliquer pour appeler\u00a0\u00bb, ce qui facilite l'acc\u00e8s direct \u00e0 votre site Web Wix, sans effort.","application_category":[],"applications_title":"","applications_request_title":"","applications_request_button_text":"","hero_text":"","hero_video":"","hero_video_schema_markup":"","selling_points_title":"","selling_points_caption":"","selling_points":[],"selling_points_cta_text":"","features_title":"","features":"","ed_cta_examples_text":"","ed_cta_examples_hidden":"","ed_cta_demo_text":"","ed_cta_demo_hidden":"","why_caption":"","why_editor_title":"","why_editor_text":"","why_team_title":"","why_team_text":"","why_service_title":"","why_service_text":"","template_catalog_visible":"","template_catalog_title":"","template_catalog_text":"","template_catalog_categories_visible":"","demo_title":"Cr\u00e9ez votre application Click to Call","demo_caption":"Configurez votre Click to Call et ajoutez-le \u00e0 votre site Wix gratuitement !","default_faq_hidden":"","app_template_category":[],"platform":"345","template_public_id":"","codecanyon_url":"","codecanyon_item_id":"","codecanyon_price":"","pricing_caption":"","pricing_elfsight_apps_hide_column":"","pricing_elfsight_apps_url":"","pricing_codecanyon_price_caption":"","integration_category":[],"integration_request_title":"","integration_request_cta":"","integration_platform":"","integrations":[],"platform_category":[],"video_schema_markup":"","price":"\u00e0 partir de 0$ \/ mois","trial":"","benefits":[{"text":"Aide \u00e0 l'installation gratuite"},{"text":"Service client professionnel"},{"text":"Garantie de remboursement de 14 jours"},{"text":"D\u00e9veloppement continu"}],"button_url":"#demo","button_target_blank":"","button_nofollow":"","attributes":[{"name":"Installations","content":"10,000 - 100,000"},{"name":"Sensible","content":"Oui"},{"name":"Navigateurs compatibles","content":"Chrome, Opera, Firefox, Safari, Edge"}],"tags":[],"tags_disable_links":"","hide_more_platforms":"","video_object":"","demo_hide_cta":"","demo_hide_cloud_options":"","pricing_title":"","pricing":[{"pricing_icon":"platform","pricing_title":"Elfsight Apps","pricing_title_caption":"Solution multiplateforme","pricing_price":"from $0 \/ month","pricing_price_caption":"commencez avec un forfait gratuit","pricing_benefits":[{"text":"Domaines illimit\u00e9s"},{"text":"Support client professionnel"},{"text":"Aide \u00e0 l'installation gratuite"},{"text":"Prix \u200b\u200bsp\u00e9cial pour plusieurs applications"}],"pricing_button_text":"Ajouter au site Web","pricing_button_url":"#demo"}],"related_apps_title":"","related_apps_hidden":"","author":"","image":[],"title":"","job":"","social_networks":[]},"_links":{"self":[{"href":"https:\/\/elfsight.com\/fr\/wp-json\/wp\/v2\/pages\/13206","targetHints":{"allow":["GET"]}}],"collection":[{"href":"https:\/\/elfsight.com\/fr\/wp-json\/wp\/v2\/pages"}],"about":[{"href":"https:\/\/elfsight.com\/fr\/wp-json\/wp\/v2\/types\/page"}],"author":[{"embeddable":true,"href":"https:\/\/elfsight.com\/fr\/wp-json\/wp\/v2\/users\/9"}],"replies":[{"embeddable":true,"href":"https:\/\/elfsight.com\/fr\/wp-json\/wp\/v2\/comments?post=13206"}],"version-history":[{"count":1,"href":"https:\/\/elfsight.com\/fr\/wp-json\/wp\/v2\/pages\/13206\/revisions"}],"predecessor-version":[{"id":13210,"href":"https:\/\/elfsight.com\/fr\/wp-json\/wp\/v2\/pages\/13206\/revisions\/13210"}],"up":[{"embeddable":true,"href":"https:\/\/elfsight.com\/fr\/wp-json\/wp\/v2\/pages\/2403"}],"wp:attachment":[{"href":"https:\/\/elfsight.com\/fr\/wp-json\/wp\/v2\/media?parent=13206"}],"curies":[{"name":"wp","href":"https:\/\/api.w.org\/{rel}","templated":true}]}}