{"id":13204,"date":"2024-05-03T06:32:20","date_gmt":"2024-05-03T06:32:20","guid":{"rendered":"https:\/\/elfsight.com\/fr\/?page_id=13204"},"modified":"2025-07-09T17:04:11","modified_gmt":"2025-07-09T17:04:11","slug":"iframe","status":"publish","type":"page","link":"https:\/\/elfsight.com\/fr\/click-to-call-widget\/iframe\/","title":{"rendered":"Click to Call &#8211; iFrame"},"content":{"rendered":"<div class=\"application-platform-content-item-description application-platform-content-item\" id=\"description\" data-nav-section=\"description\"> <h2>Int\u00e9grer Cliquez pour appeler sur iFrame avec le widget Elfsight<\/h2> <p>Le bouton Appeler maintenant d&rsquo;Elfsight est le widget le plus pratique pour n&rsquo;importe quel site, cela permettra aux utilisateurs de passer plus facilement un appel t\u00e9l\u00e9phonique. Sur mobile, le widget compose le num\u00e9ro int\u00e9gr\u00e9 lorsqu&rsquo;un utilisateur clique sur la bulle du t\u00e9l\u00e9phone. Sur PC et tablettes, le clic affiche votre num\u00e9ro de t\u00e9l\u00e9phone sur le site et aide les utilisateurs \u00e0 passer un appel instantan\u00e9ment. Il existe une option permettant non seulement d&rsquo;afficher votre num\u00e9ro de t\u00e9l\u00e9phone, mais \u00e9galement d&rsquo;afficher la fen\u00eatre d&rsquo;appel avec le nom et la photo de la personne \u00e0 contacter et un texte personnalis\u00e9. Toutes ces parties sont commutables, ce qui permet de configurer n&rsquo;importe quelle variante de l&rsquo;interface. Il existe \u00e9galement une option permettant de s\u00e9lectionner un d\u00e9clencheur qui affiche la bulle du t\u00e9l\u00e9phone et de choisir une cat\u00e9gorie d&rsquo;audience du site Web qui la verra. <\/p> <div class=\"faq\" data-component=\"FAQ\"><div class=\"faq-item\">\r\n\t\t\t\t\t<div class=\"faq-item-question\">\r\n\t\t\t\t\t\t<h3 class=\"faq-item-question-text\">O\u00f9 puis-je publier le widget<\/h3>\r\n\r\n\t\t\t\t\t\t<div class=\"faq-item-question-icon\"><\/div>\r\n\t\t\t\t\t<\/div>\r\n\r\n\t\t\t\t\t<div class=\"faq-item-answer\">\r\n\t\t\t\t\t\t<div class=\"faq-item-answer-text\"> <p>Vous pouvez ajouter Elfsight Click To Call sur n&rsquo;importe quelle page du site Web dont vous avez besoin ainsi que sur toutes les pages. Dans les param\u00e8tres du widget, vous pouvez ins\u00e9rer les URL des pages s\u00e9lectionn\u00e9es sur lesquelles vous devez activer le widget. Ou utilisez la fonction Exclure et ins\u00e9rez les URL des pages exactes o\u00f9 vous souhaitez limiter la d\u00e9monstration du widget. <\/p> <\/div>\r\n\t\t\t\t\t<\/div>\r\n\t\t\t\t<\/div><div class=\"faq-item\">\r\n\t\t\t\t\t<div class=\"faq-item-question\">\r\n\t\t\t\t\t\t<h3 class=\"faq-item-question-text\">Quels avantages cela m'apportera-t-il ?<\/h3>\r\n\r\n\t\t\t\t\t\t<div class=\"faq-item-question-icon\"><\/div>\r\n\t\t\t\t\t<\/div>\r\n\r\n\t\t\t\t\t<div class=\"faq-item-answer\">\r\n\t\t\t\t\t\t<div class=\"faq-item-answer-text\"> <p>Vous pouvez recevoir plus d&rsquo;appels t\u00e9l\u00e9phoniques des visiteurs du site Web en ayant un moyen rapide et facile de vous appeler au t\u00e9l\u00e9phone, sans quitter le site Web. . Cela peut vous aider \u00e0 avoir davantage de conversations personnelles et \u00e0 transformer les utilisateurs en clients. Vous pouvez \u00e9galement cr\u00e9er votre client\u00e8le. <\/p> <\/div>\r\n\t\t\t\t\t<\/div>\r\n\t\t\t\t<\/div> <div class=\"faq-item\">\r\n\t\t\t\t\t<div class=\"faq-item-question\">\r\n\t\t\t\t\t\t<h3 class=\"faq-item-question-text\">Comment puis-je avoir Click to Call sur mon site iFrame ?<\/h3>\r\n\r\n\t\t\t\t\t\t<div class=\"faq-item-question-icon\"><\/div>\r\n\t\t\t\t\t<\/div>\r\n\r\n\t\t\t\t\t<div class=\"faq-item-answer\">\r\n\t\t\t\t\t\t<div class=\"faq-item-answer-text\"> <p>L&rsquo;activation du widget prend une minute. Le processus d&rsquo;int\u00e9gration est extr\u00eamement rapide, gratuit et sans codage. <\/p> <p>Vous pouvez int\u00e9grer le bouton Click dans votre page Web via notre service. Pour le r\u00e9aliser, suivez les instructions ci-dessous sur cette page. <\/p> <\/div>\r\n\t\t\t\t\t<\/div>\r\n\t\t\t\t<\/div> <\/div> <\/div> <div class=\"application-platform-content-item-features application-platform-content-item\" id=\"features\" data-nav-section=\"features\"> <h2>Principales fonctionnalit\u00e9s du widget Click to Call<\/h2> <p>Pour mieux conna\u00eetre le widget , regardez la liste de ses principales caract\u00e9ristiques. Ils rendent le widget incroyablement efficace pour votre site Web\u00a0: <\/p> <ul><li>Num\u00e9rotation instantan\u00e9e sur les appareils mobiles\u00a0; <\/li> <li>Choisissez l&rsquo;une des trois options de placement du widget\u00a0: Flottant \u00e0 gauche, Flottant \u00e0 droite ou personnalis\u00e9\u00a0; <\/li> <li>L&rsquo;option permettant de d\u00e9montrer le widget sur les pages s\u00e9lectionn\u00e9es ou d&rsquo;exclure des pages Web\u00a0; <\/li> <li>Trois groupes de visiteurs auxquels afficher le widget\u00a0: tous, nouveaux et anciens uniquement\u00a0; <\/li> <li> D\u00e9clencheurs de widget int\u00e9gr\u00e9s\u00a0: temps pass\u00e9 sur la page, temps pass\u00e9 sur le site, quantit\u00e9 de d\u00e9filement et tentative de sortie. <\/li> <\/ul><p><a href=\"#demo\">Pour consulter la liste compl\u00e8te des fonctionnalit\u00e9s, voir la d\u00e9mo<\/a><\/p> <\/div> <div class=\"application-platform-content-item-installation application-platform-content-item\" id=\"installation\" data-nav-section=\"installation\"> <h2>Comment ajouter le widget Click To Call Button au site Web iFrame<\/h2> <p>Les actions ci-dessous sont la seule chose que vous devez faire pour publier le widget. <\/p> <ol><li><b>Concevez votre plugin Call Now unique<\/b><br> Dans notre \u00e9diteur gratuit, g\u00e9n\u00e9rez un plugin avec une mise en page et des fonctionnalit\u00e9s personnalis\u00e9es. <\/li><li><b>Acqu\u00e9rir le code individuel pour int\u00e9grer le plugin<\/b><br> Apr\u00e8s avoir configur\u00e9 votre widget, vous recevrez le code unique de la notification contextuelle sur les applications Elfsight. Copiez-le pour une utilisation ult\u00e9rieure. <\/li> <li><b> Le plugin sur votre site iFrame<\/b><br> D\u00e9finissez la zone dans laquelle vous pr\u00e9voyez d&rsquo;afficher le plugin et ajoutez-y le code enregistr\u00e9. Enregistrez les modifications. <\/li> <li><b>La configuration est termin\u00e9e<\/b><br> Visitez la page pour jeter un \u0153il \u00e0 votre plugin Call.<\/li> <\/ol><p>Toujours insatisfait\u00a0? Ou vous avez des questions ? Une simple demande \u00e0 notre service client r\u00e9glera tout probl\u00e8me. <\/p> <div class=\"faq\" data-component=\"FAQ\"><div class=\"faq-item\">\r\n\t\t\t\t\t<div class=\"faq-item-question\">\r\n\t\t\t\t\t\t<h3 class=\"faq-item-question-text\">Comment int\u00e9grer une galerie vid\u00e9o YouTube sur mon site Web Squarespace sans comp\u00e9tences en codage ?<\/h3>\r\n\r\n\t\t\t\t\t\t<div class=\"faq-item-question-icon\"><\/div>\r\n\t\t\t\t\t<\/div>\r\n\r\n\t\t\t\t\t<div class=\"faq-item-answer\">\r\n\t\t\t\t\t\t<div class=\"faq-item-answer-text\"><p>Elfsight fournit une solution bas\u00e9e sur le cloud pour int\u00e9grer de mani\u00e8re transparente une galerie vid\u00e9o YouTube dans votre Squarespace. site web. Voici comment proc\u00e9der\u00a0:<\/p><ul><li>Acc\u00e9dez \u00e0 l&rsquo;\u00e9diteur en ligne pour g\u00e9n\u00e9rer une section de galerie de vid\u00e9os YouTube que vous souhaitez ajouter \u00e0 votre site Squarespace.<\/li><li>Choisissez l&rsquo;une de nos pr\u00e9- concevez des mod\u00e8les et configurez les param\u00e8tres de la galerie de vid\u00e9os YouTube, personnalisez la mise en page et la palette de couleurs, et saisissez votre contenu sans aucune comp\u00e9tence en codage.<\/li><li>Enregistrez les param\u00e8tres que vous avez personnalis\u00e9s pour la galerie de vid\u00e9os YouTube et obtenez le code. extrait \u00e0 int\u00e9grer, qui peut \u00eatre facilement int\u00e9gr\u00e9 gratuitement \u00e0 votre site Squarespace.<\/li><\/ul><p>En utilisant l&rsquo;\u00e9diteur convivial, n&rsquo;importe qui, quelle que soit son expertise technique, peut facilement int\u00e9grer une vid\u00e9o YouTube. Section Galerie sur leur site Squarespace. Il n&rsquo;est pas n\u00e9cessaire de payer ni de fournir les informations de votre carte de cr\u00e9dit pour acc\u00e9der \u00e0 l&rsquo;\u00e9diteur Elfsight. Si vous rencontrez des difficult\u00e9s au cours du processus, n&rsquo;h\u00e9sitez pas \u00e0 contacter notre support client pour obtenir de l&rsquo;aide.<\/p><\/div>\r\n\t\t\t\t\t<\/div>\r\n\t\t\t\t<\/div><\/div><\/div>","protected":false},"excerpt":{"rendered":"","protected":false},"author":9,"featured_media":0,"parent":2403,"menu_order":0,"comment_status":"closed","ping_status":"closed","template":"templates\/template-application-platform.php","meta":{"publish_to_discourse":"","publish_post_category":"","wpdc_auto_publish_overridden":"","wpdc_topic_tags":"","wpdc_pin_topic":"","wpdc_pin_until":"","discourse_post_id":"","discourse_permalink":"","wpdc_publishing_response":"","wpdc_publishing_error":"","footnotes":""},"class_list":["post-13204","page","type-page","status-publish","hentry"],"yoast_head":"<!-- This site is optimized with the Yoast SEO plugin v25.3.1 - https:\/\/yoast.com\/wordpress\/plugins\/seo\/ -->\n<title>Ajoutez le widget Bouton Appeler maintenant \u00e0 votre site Web iFrame (gratuit et rapide)<\/title>\n<meta name=\"description\" content=\"Voici une possibilit\u00e9 de fa\u00e7onner le bouton Cliquez pour appeler maintenant et d\u2019ajouter un widget \u00e0 votre site Web iFrame. B\u00e9n\u00e9ficiez d\u2019une assistance client gratuite et d\u2019autres avantages d\u2019Elfsight.\" \/>\n<meta name=\"robots\" content=\"index, follow, max-snippet:-1, max-image-preview:large, max-video-preview:-1\" \/>\n<link rel=\"canonical\" href=\"https:\/\/elfsight.com\/fr\/click-to-call-widget\/iframe\/\" \/>\n<meta property=\"og:locale\" content=\"fr_FR\" \/>\n<meta property=\"og:type\" content=\"article\" \/>\n<meta property=\"og:title\" content=\"Ajoutez le widget Bouton Appeler maintenant \u00e0 votre site Web iFrame (gratuit et rapide)\" \/>\n<meta property=\"og:description\" content=\"Voici une possibilit\u00e9 de fa\u00e7onner le bouton Cliquez pour appeler maintenant et d\u2019ajouter un widget \u00e0 votre site Web iFrame. B\u00e9n\u00e9ficiez d\u2019une assistance client gratuite et d\u2019autres avantages d\u2019Elfsight.\" \/>\n<meta property=\"og:url\" content=\"https:\/\/elfsight.com\/fr\/click-to-call-widget\/iframe\/\" \/>\n<meta property=\"og:site_name\" content=\"Elfsight FR\" \/>\n<meta property=\"article:modified_time\" content=\"2025-07-09T17:04:11+00:00\" \/>\n<meta name=\"twitter:card\" content=\"summary_large_image\" \/>\n<meta name=\"twitter:label1\" content=\"Dur\u00e9e de lecture estim\u00e9e\" \/>\n\t<meta name=\"twitter:data1\" content=\"5 minutes\" \/>\n<!-- \/ Yoast SEO plugin. -->","yoast_head_json":{"title":"Ajoutez le widget Bouton Appeler maintenant \u00e0 votre site Web iFrame (gratuit et rapide)","description":"Voici une possibilit\u00e9 de fa\u00e7onner le bouton Cliquez pour appeler maintenant et d\u2019ajouter un widget \u00e0 votre site Web iFrame. B\u00e9n\u00e9ficiez d\u2019une assistance client gratuite et d\u2019autres avantages d\u2019Elfsight.","robots":{"index":"index","follow":"follow","max-snippet":"max-snippet:-1","max-image-preview":"max-image-preview:large","max-video-preview":"max-video-preview:-1"},"canonical":"https:\/\/elfsight.com\/fr\/click-to-call-widget\/iframe\/","og_locale":"fr_FR","og_type":"article","og_title":"Ajoutez le widget Bouton Appeler maintenant \u00e0 votre site Web iFrame (gratuit et rapide)","og_description":"Voici une possibilit\u00e9 de fa\u00e7onner le bouton Cliquez pour appeler maintenant et d\u2019ajouter un widget \u00e0 votre site Web iFrame. B\u00e9n\u00e9ficiez d\u2019une assistance client gratuite et d\u2019autres avantages d\u2019Elfsight.","og_url":"https:\/\/elfsight.com\/fr\/click-to-call-widget\/iframe\/","og_site_name":"Elfsight FR","article_modified_time":"2025-07-09T17:04:11+00:00","twitter_card":"summary_large_image","twitter_misc":{"Dur\u00e9e de lecture estim\u00e9e":"5 minutes"},"schema":{"@context":"https:\/\/schema.org","@graph":[{"@type":"WebPage","@id":"https:\/\/elfsight.com\/fr\/click-to-call-widget\/iframe\/","url":"https:\/\/elfsight.com\/fr\/click-to-call-widget\/iframe\/","name":"Ajoutez le widget Bouton Appeler maintenant \u00e0 votre site Web iFrame (gratuit et rapide)","isPartOf":{"@id":"https:\/\/elfsight.com\/fr\/#website"},"datePublished":"2024-05-03T06:32:20+00:00","dateModified":"2025-07-09T17:04:11+00:00","description":"Voici une possibilit\u00e9 de fa\u00e7onner le bouton Cliquez pour appeler maintenant et d\u2019ajouter un widget \u00e0 votre site Web iFrame. B\u00e9n\u00e9ficiez d\u2019une assistance client gratuite et d\u2019autres avantages d\u2019Elfsight.","breadcrumb":{"@id":"https:\/\/elfsight.com\/fr\/click-to-call-widget\/iframe\/#breadcrumb"},"inLanguage":"fr-FR","potentialAction":[{"@type":"ReadAction","target":["https:\/\/elfsight.com\/fr\/click-to-call-widget\/iframe\/"]}]},{"@type":"BreadcrumbList","@id":"https:\/\/elfsight.com\/fr\/click-to-call-widget\/iframe\/#breadcrumb","itemListElement":[{"@type":"ListItem","position":1,"name":"Home","item":"https:\/\/elfsight.com\/fr\/"},{"@type":"ListItem","position":2,"name":"Click to Call","item":"https:\/\/elfsight.com\/fr\/click-to-call-widget\/"},{"@type":"ListItem","position":3,"name":"Click to Call &#8211; iFrame"}]},{"@type":"WebSite","@id":"https:\/\/elfsight.com\/fr\/#website","url":"https:\/\/elfsight.com\/fr\/","name":"Elfsight FR","description":"","potentialAction":[{"@type":"SearchAction","target":{"@type":"EntryPoint","urlTemplate":"https:\/\/elfsight.com\/fr\/?s={search_term_string}"},"query-input":{"@type":"PropertyValueSpecification","valueRequired":true,"valueName":"search_term_string"}}],"inLanguage":"fr-FR"}]}},"meta_box":{"industry":"","seo_heading":"","heading":"","description":"","cta_heading":"","cta_description":"","application":"2402","h1":"iFrame Cliquez pour appeler maintenant bouton","h1_caption":"Permettez aux utilisateurs de vous contacter instantan\u00e9ment avec un simple bouton \u00ab\u00a0Cliquer pour appeler\u00a0\u00bb, ce qui facilite l'acc\u00e8s direct \u00e0 votre site Web iFrame, sans effort.","application_category":[],"applications_title":"","applications_request_title":"","applications_request_button_text":"","hero_text":"","hero_video":"","hero_video_schema_markup":"","selling_points_title":"","selling_points_caption":"","selling_points":[],"selling_points_cta_text":"","features_title":"","features":"","ed_cta_examples_text":"","ed_cta_examples_hidden":"","ed_cta_demo_text":"","ed_cta_demo_hidden":"","why_caption":"","why_editor_title":"","why_editor_text":"","why_team_title":"","why_team_text":"","why_service_title":"","why_service_text":"","template_catalog_visible":"","template_catalog_title":"","template_catalog_text":"","template_catalog_categories_visible":"","demo_title":"Cr\u00e9ez votre widget Click to Call","demo_caption":"Configurez votre Click to Call et ajoutez-le gratuitement \u00e0 votre site Web iFrame\u00a0!","default_faq_hidden":"","app_template_category":[],"platform":"371","template_public_id":"","codecanyon_url":"","codecanyon_item_id":"","codecanyon_price":"","pricing_caption":"","pricing_elfsight_apps_hide_column":"","pricing_elfsight_apps_url":"","pricing_codecanyon_price_caption":"","integration_category":[],"integration_request_title":"","integration_request_cta":"","integration_platform":"","integrations":[],"platform_category":[],"video_schema_markup":"","price":"\u00e0 partir de 0$ \/ mois","trial":"","benefits":[{"text":"Aide \u00e0 l'installation gratuite"},{"text":"Assistance premium"},{"text":"Garantie de remboursement de 14 jours"},{"text":"Futures am\u00e9liorations gratuites"}],"button_url":"#demo","button_target_blank":"","button_nofollow":"","attributes":[{"name":"Installations","content":"10,000 - 100,000"},{"name":"Sensible","content":"Oui"},{"name":"Navigateurs compatibles","content":"Chrome, Edge, Opera, Firefox, Safari"}],"tags":[],"tags_disable_links":"","hide_more_platforms":"","video_object":"","demo_hide_cta":"","demo_hide_cloud_options":"","pricing_title":"","pricing":[{"pricing_icon":"platform","pricing_title":"Elfsight Apps","pricing_title_caption":"Solution multiplateforme qui fonctionne sur n'importe quel site Web","pricing_price":"from $0 \/ month","pricing_price_caption":"commencez avec un forfait gratuit","pricing_benefits":[{"text":"Sites Web illimit\u00e9s"},{"text":"Assistance rapide"},{"text":"Assistance \u00e0 l'installation gratuite"},{"text":"Prix \u200b\u200bsp\u00e9cial pour plusieurs applications"}],"pricing_button_text":"Ajouter au site Web","pricing_button_url":"#demo"}],"related_apps_title":"","related_apps_hidden":"","author":"","image":[],"title":"","job":"","social_networks":[]},"_links":{"self":[{"href":"https:\/\/elfsight.com\/fr\/wp-json\/wp\/v2\/pages\/13204","targetHints":{"allow":["GET"]}}],"collection":[{"href":"https:\/\/elfsight.com\/fr\/wp-json\/wp\/v2\/pages"}],"about":[{"href":"https:\/\/elfsight.com\/fr\/wp-json\/wp\/v2\/types\/page"}],"author":[{"embeddable":true,"href":"https:\/\/elfsight.com\/fr\/wp-json\/wp\/v2\/users\/9"}],"replies":[{"embeddable":true,"href":"https:\/\/elfsight.com\/fr\/wp-json\/wp\/v2\/comments?post=13204"}],"version-history":[{"count":1,"href":"https:\/\/elfsight.com\/fr\/wp-json\/wp\/v2\/pages\/13204\/revisions"}],"predecessor-version":[{"id":13208,"href":"https:\/\/elfsight.com\/fr\/wp-json\/wp\/v2\/pages\/13204\/revisions\/13208"}],"up":[{"embeddable":true,"href":"https:\/\/elfsight.com\/fr\/wp-json\/wp\/v2\/pages\/2403"}],"wp:attachment":[{"href":"https:\/\/elfsight.com\/fr\/wp-json\/wp\/v2\/media?parent=13204"}],"curies":[{"name":"wp","href":"https:\/\/api.w.org\/{rel}","templated":true}]}}