{"id":13203,"date":"2024-05-03T06:32:19","date_gmt":"2024-05-03T06:32:19","guid":{"rendered":"https:\/\/elfsight.com\/fr\/?page_id=13203"},"modified":"2024-12-23T08:19:32","modified_gmt":"2024-12-23T08:19:32","slug":"facebook","status":"publish","type":"page","link":"https:\/\/elfsight.com\/fr\/click-to-call-widget\/facebook\/","title":{"rendered":"Click to Call &#8211; Facebook Page"},"content":{"rendered":"\n<div class=\"application-platform-content-item-description application-platform-content-item\" id=\"description\" data-nav-section=\"description\"><h2>Description<\/h2><p>Le widget Click To Call pour la page Facebook est un outil efficace permettant \u00e0 l&rsquo;audience de votre site Web de vous contacter plus rapidement. Vos visiteurs peuvent vous t\u00e9l\u00e9phoner en appuyant sur l&rsquo;image du t\u00e9l\u00e9phone sur mobile et comme pour le PC, votre num\u00e9ro est pr\u00e9sent\u00e9 en gras pour une num\u00e9rotation plus facile. La bulle elle-m\u00eame et la fen\u00eatre du cadran sont extr\u00eamement configurables et vous permettent de cr\u00e9er un style vraiment exclusif du plugin. De plus, vous \u00eates libre de modifier toutes les parties de votre widget pour qu&rsquo;il s&rsquo;int\u00e8gre parfaitement \u00e0 la conception globale du site Web.<\/p><div class=\"faq\" data-component=\"FAQ\"><div class=\"faq-item\">\r\n\t\t\t\t\t<div class=\"faq-item-question\">\r\n\t\t\t\t\t\t<h3 class=\"faq-item-question-text\">O\u00f9 puis-je int\u00e9grer le bouton Click to Call<\/h3>\r\n\r\n\t\t\t\t\t\t<div class=\"faq-item-question-icon\"><\/div>\r\n\t\t\t\t\t<\/div>\r\n\r\n\t\t\t\t\t<div class=\"faq-item-answer\">\r\n\t\t\t\t\t\t<div class=\"faq-item-answer-text\"> <p>Vous Vous pouvez s\u00e9lectionner les pages sur lesquelles vous souhaitez afficher la bulle t\u00e9l\u00e9phonique et saisir leurs URL dans la section des param\u00e8tres. Ou vous pouvez \u00e9liminer des pages pr\u00e9cises, \u00e9galement par URL.<\/p> <\/div>\r\n\t\t\t\t\t<\/div>\r\n\t\t\t\t<\/div><div class=\"faq-item\">\r\n\t\t\t\t\t<div class=\"faq-item-question\">\r\n\t\t\t\t\t\t<h3 class=\"faq-item-question-text\">Comment puis-je b\u00e9n\u00e9ficier du widget ?<\/h3>\r\n\r\n\t\t\t\t\t\t<div class=\"faq-item-question-icon\"><\/div>\r\n\t\t\t\t\t<\/div>\r\n\r\n\t\t\t\t\t<div class=\"faq-item-answer\">\r\n\t\t\t\t\t\t<div class=\"faq-item-answer-text\"> <p>Une discussion simple au t\u00e9l\u00e9phone permet de changer davantage d&rsquo;acheteurs potentiels en temps r\u00e9el. clients. De plus, une pr\u00e9sentation plus simple des appels et du num\u00e9ro de t\u00e9l\u00e9phone permettra de vous appeler plus facilement.<\/p> <\/div>\r\n\t\t\t\t\t<\/div>\r\n\t\t\t\t<\/div> <div class=\"faq-item\">\r\n\t\t\t\t\t<div class=\"faq-item-question\">\r\n\t\t\t\t\t\t<h3 class=\"faq-item-question-text\">De quoi ai-je besoin pour int\u00e9grer le bouton Appeler maintenant \u00e0 ma page Facebook ?<\/h3>\r\n\r\n\t\t\t\t\t\t<div class=\"faq-item-question-icon\"><\/div>\r\n\t\t\t\t\t<\/div>\r\n\r\n\t\t\t\t\t<div class=\"faq-item-answer\">\r\n\t\t\t\t\t\t<div class=\"faq-item-answer-text\"> <p>Tout vous Ce que vous avez \u00e0 faire est de concevoir votre plugin, de choisir les param\u00e8tres de couleurs et de taille, puis de l&rsquo;enregistrer et de copier le code qui appara\u00eetra dans la fen\u00eatre contextuelle \u00e0 la fin du processus de cr\u00e9ation. Int\u00e9grez ce code dans le mod\u00e8le de votre site Web.<\/p> <\/div>\r\n\t\t\t\t\t<\/div>\r\n\t\t\t\t<\/div> <\/div> <p><b>Faites en sorte qu&rsquo;il soit facile de vous appeler depuis le site en un seul clic\u00a0!<\/b><\/p><\/div> <div class=\"application-platform-content-item-features application-platform-content-item\" id=\"features\" data-nav-section=\"features\"><h2>Fonctionnalit\u00e9s<\/h2><p>Pour bien comprendre le bouton d&rsquo;appel, consultez la liste des fonctions les plus importantes. Ils rendent notre widget incroyablement efficace pour votre promotion\u00a0: <\/p><ul><li>Appels t\u00e9l\u00e9phoniques rapides sur les appareils mobiles\u00a0; <\/li><li>3 options de placement des widgets\u00a0: Flottant \u00e0 gauche, Flottant \u00e0 droite ou personnalis\u00e9\u00a0; <\/li><li>La possibilit\u00e9 de placer le widget sur des pages particuli\u00e8res ou d&rsquo;exclure des pages Web\u00a0; <\/li><li>3 variantes d&rsquo;utilisateurs auxquels afficher le widget\u00a0: tous, nouveaux et anciens uniquement\u00a0; <\/li><li> D\u00e9clencheurs de widget int\u00e9gr\u00e9s\u00a0: temps pass\u00e9 sur la page, temps pass\u00e9 sur la page, position de d\u00e9filement et intention de sortie. <\/li><\/ul><p><a href=\"#demo\">Une d\u00e9mo en direct vous montrera toutes les fonctionnalit\u00e9s<\/a><\/p><\/div> <div class=\"application-platform-content-item-installation application-platform-content-item\" id=\"installation\" data-nav-section=\"installation\"><h2>Comment ajouter le bouton d&rsquo;appel \u00e0 votre page d&rsquo;entreprise Facebook<\/h2><p> Quelques actions rapides sont la seule chose que vous devez faire pour ajouter le widget \u00e0 votre page.<\/p><ol><li> <b>Utilisez notre configurateur gratuit et commencez \u00e0 cr\u00e9er votre plugin personnalis\u00e9. <\/b><br> Recherchez le formulaire personnalis\u00e9 et les fonctionnalit\u00e9s de l&rsquo;outil et appliquez les modifications. <\/li> <li><b>Copiez le code individuel qui s&rsquo;affiche dans la fen\u00eatre des applications Elfsight. <\/b><br> Une fois la g\u00e9n\u00e9ration de votre outil personnel termin\u00e9e, copiez le code individuel dans la case qui appara\u00eet et conservez-le pour d&rsquo;autres besoins. <\/li> <li><b>Commencez \u00e0 appliquer l&rsquo;outil sur votre site de page Facebook. <\/b><br> Int\u00e9grez le code que vous avez enregistr\u00e9 r\u00e9cemment dans votre page d&rsquo;accueil et enregistrez les corrections. <\/li> <li><b>L&rsquo;installation est enti\u00e8rement effectu\u00e9e. <\/b><br> Acc\u00e9dez \u00e0 votre site Web pour v\u00e9rifier comment fonctionne le plugin. <\/li><\/ol> <p>Toujours pas encore d\u00e9cid\u00e9\u00a0? Ou vous avez des probl\u00e8mes ? Une simple demande \u00e0 notre service client permettra de r\u00e9soudre tout probl\u00e8me.<\/p><\/div>\n","protected":false},"excerpt":{"rendered":"","protected":false},"author":9,"featured_media":0,"parent":2403,"menu_order":0,"comment_status":"closed","ping_status":"closed","template":"templates\/template-application-platform.php","meta":{"publish_to_discourse":"","publish_post_category":"","wpdc_auto_publish_overridden":"","wpdc_topic_tags":"","wpdc_pin_topic":"","wpdc_pin_until":"","discourse_post_id":"","discourse_permalink":"","wpdc_publishing_response":"","wpdc_publishing_error":"","footnotes":""},"class_list":["post-13203","page","type-page","status-publish","hentry"],"yoast_head":"<!-- This site is optimized with the Yoast SEO plugin v25.3.1 - https:\/\/yoast.com\/wordpress\/plugins\/seo\/ -->\n<title>Bouton d&#039;appel Facebook | Ajouter le bouton Cliquez pour appeler \u00e0 la page Facebook (2026)<\/title>\n<meta name=\"description\" content=\"Int\u00e9grez un widget Click to Call actif sur votre site de page Facebook. Utilisez Elfsight une d\u00e9mo gratuite et cr\u00e9ez votre plugin personnalis\u00e9.\" \/>\n<meta name=\"robots\" content=\"index, follow, max-snippet:-1, max-image-preview:large, max-video-preview:-1\" \/>\n<link rel=\"canonical\" href=\"https:\/\/elfsight.com\/fr\/click-to-call-widget\/facebook\/\" \/>\n<meta property=\"og:locale\" content=\"fr_FR\" \/>\n<meta property=\"og:type\" content=\"article\" \/>\n<meta property=\"og:title\" content=\"Bouton d&#039;appel Facebook | Ajouter le bouton Cliquez pour appeler \u00e0 la page Facebook (2026)\" \/>\n<meta property=\"og:description\" content=\"Int\u00e9grez un widget Click to Call actif sur votre site de page Facebook. Utilisez Elfsight une d\u00e9mo gratuite et cr\u00e9ez votre plugin personnalis\u00e9.\" \/>\n<meta property=\"og:url\" content=\"https:\/\/elfsight.com\/fr\/click-to-call-widget\/facebook\/\" \/>\n<meta property=\"og:site_name\" content=\"Elfsight FR\" \/>\n<meta property=\"article:modified_time\" content=\"2024-12-23T08:19:32+00:00\" \/>\n<meta name=\"twitter:card\" content=\"summary_large_image\" \/>\n<meta name=\"twitter:label1\" content=\"Dur\u00e9e de lecture estim\u00e9e\" \/>\n\t<meta name=\"twitter:data1\" content=\"3 minutes\" \/>\n<!-- \/ Yoast SEO plugin. -->","yoast_head_json":{"title":"Bouton d'appel Facebook | Ajouter le bouton Cliquez pour appeler \u00e0 la page Facebook (2026)","description":"Int\u00e9grez un widget Click to Call actif sur votre site de page Facebook. Utilisez Elfsight une d\u00e9mo gratuite et cr\u00e9ez votre plugin personnalis\u00e9.","robots":{"index":"index","follow":"follow","max-snippet":"max-snippet:-1","max-image-preview":"max-image-preview:large","max-video-preview":"max-video-preview:-1"},"canonical":"https:\/\/elfsight.com\/fr\/click-to-call-widget\/facebook\/","og_locale":"fr_FR","og_type":"article","og_title":"Bouton d'appel Facebook | Ajouter le bouton Cliquez pour appeler \u00e0 la page Facebook (2026)","og_description":"Int\u00e9grez un widget Click to Call actif sur votre site de page Facebook. Utilisez Elfsight une d\u00e9mo gratuite et cr\u00e9ez votre plugin personnalis\u00e9.","og_url":"https:\/\/elfsight.com\/fr\/click-to-call-widget\/facebook\/","og_site_name":"Elfsight FR","article_modified_time":"2024-12-23T08:19:32+00:00","twitter_card":"summary_large_image","twitter_misc":{"Dur\u00e9e de lecture estim\u00e9e":"3 minutes"},"schema":{"@context":"https:\/\/schema.org","@graph":[{"@type":"WebPage","@id":"https:\/\/elfsight.com\/fr\/click-to-call-widget\/facebook\/","url":"https:\/\/elfsight.com\/fr\/click-to-call-widget\/facebook\/","name":"Bouton d'appel Facebook | Ajouter le bouton Cliquez pour appeler \u00e0 la page Facebook (2026)","isPartOf":{"@id":"https:\/\/elfsight.com\/fr\/#website"},"datePublished":"2024-05-03T06:32:19+00:00","dateModified":"2024-12-23T08:19:32+00:00","description":"Int\u00e9grez un widget Click to Call actif sur votre site de page Facebook. Utilisez Elfsight une d\u00e9mo gratuite et cr\u00e9ez votre plugin personnalis\u00e9.","breadcrumb":{"@id":"https:\/\/elfsight.com\/fr\/click-to-call-widget\/facebook\/#breadcrumb"},"inLanguage":"fr-FR","potentialAction":[{"@type":"ReadAction","target":["https:\/\/elfsight.com\/fr\/click-to-call-widget\/facebook\/"]}]},{"@type":"BreadcrumbList","@id":"https:\/\/elfsight.com\/fr\/click-to-call-widget\/facebook\/#breadcrumb","itemListElement":[{"@type":"ListItem","position":1,"name":"Home","item":"https:\/\/elfsight.com\/fr\/"},{"@type":"ListItem","position":2,"name":"Click to Call","item":"https:\/\/elfsight.com\/fr\/click-to-call-widget\/"},{"@type":"ListItem","position":3,"name":"Click to Call &#8211; Facebook Page"}]},{"@type":"WebSite","@id":"https:\/\/elfsight.com\/fr\/#website","url":"https:\/\/elfsight.com\/fr\/","name":"Elfsight FR","description":"","potentialAction":[{"@type":"SearchAction","target":{"@type":"EntryPoint","urlTemplate":"https:\/\/elfsight.com\/fr\/?s={search_term_string}"},"query-input":{"@type":"PropertyValueSpecification","valueRequired":true,"valueName":"search_term_string"}}],"inLanguage":"fr-FR"}]}},"meta_box":{"industry":"","seo_heading":"","heading":"","description":"","cta_heading":"","cta_description":"","application":"2402","h1":"Cliquez pour appeler le bouton pour la page Facebook","h1_caption":"Permettez aux utilisateurs de vous contacter instantan\u00e9ment avec un simple bouton \u00ab\u00a0Cliquer pour appeler\u00a0\u00bb, ce qui facilite l'acc\u00e8s direct au site Web de votre page Facebook, sans effort.","application_category":[],"applications_title":"","applications_request_title":"","applications_request_button_text":"","hero_text":"","hero_video":"","hero_video_schema_markup":"","selling_points_title":"","selling_points_caption":"","selling_points":[],"selling_points_cta_text":"","features_title":"","features":"","ed_cta_examples_text":"","ed_cta_examples_hidden":"","ed_cta_demo_text":"","ed_cta_demo_hidden":"","why_caption":"","why_editor_title":"","why_editor_text":"","why_team_title":"","why_team_text":"","why_service_title":"","why_service_text":"","template_catalog_visible":"0","template_catalog_title":"","template_catalog_text":"","template_catalog_categories_visible":"","demo_title":"Cr\u00e9ez votre widget Click to Call","demo_caption":"Configurez votre Click to Call et ajoutez-le gratuitement \u00e0 votre page Facebook !","default_faq_hidden":"","app_template_category":[],"platform":"394","template_public_id":"","codecanyon_url":"","codecanyon_item_id":"","codecanyon_price":"","pricing_caption":"","pricing_elfsight_apps_hide_column":"","pricing_elfsight_apps_url":"","pricing_codecanyon_price_caption":"","integration_category":[],"integration_request_title":"","integration_request_cta":"","integration_platform":"","integrations":[],"platform_category":[],"video_schema_markup":"","price":"\u00e0 partir de 0$ \/ mois","trial":"","benefits":[{"text":"Aide \u00e0 l'installation gratuite"},{"text":"Support client exp\u00e9riment\u00e9"},{"text":"Garantie de remboursement de 14 jours"},{"text":"Mises \u00e0 jour futures"}],"button_url":"#demo","button_target_blank":"0","button_nofollow":"0","attributes":[{"name":"Installations","content":"10,000 - 100,000"},{"name":"Sensible","content":"Oui"},{"name":"Navigateurs compatibles","content":"Chrome, Safari, Opera, Firefox, Edge"}],"tags":[],"tags_disable_links":"0","hide_more_platforms":"","video_object":"","demo_hide_cta":"0","demo_hide_cloud_options":"0","pricing_title":"","pricing":[{"pricing_icon":"platform","pricing_title":"Elfsight Apps","pricing_title_caption":"Logiciel multiplateforme","pricing_price":"from $0 \/ month","pricing_price_caption":"commencez avec un forfait gratuit","pricing_benefits":[{"text":"Sites Web illimit\u00e9s"},{"text":"Assistance premium"},{"text":"Assistance \u00e0 l'installation gratuite"},{"text":"100% personnalisable"}],"pricing_button_text":"Ajouter au site Web","pricing_button_url":"#demo"}],"related_apps_title":"","related_apps_hidden":"0","author":"","image":[],"title":"","job":"","social_networks":[]},"_links":{"self":[{"href":"https:\/\/elfsight.com\/fr\/wp-json\/wp\/v2\/pages\/13203","targetHints":{"allow":["GET"]}}],"collection":[{"href":"https:\/\/elfsight.com\/fr\/wp-json\/wp\/v2\/pages"}],"about":[{"href":"https:\/\/elfsight.com\/fr\/wp-json\/wp\/v2\/types\/page"}],"author":[{"embeddable":true,"href":"https:\/\/elfsight.com\/fr\/wp-json\/wp\/v2\/users\/9"}],"replies":[{"embeddable":true,"href":"https:\/\/elfsight.com\/fr\/wp-json\/wp\/v2\/comments?post=13203"}],"version-history":[{"count":2,"href":"https:\/\/elfsight.com\/fr\/wp-json\/wp\/v2\/pages\/13203\/revisions"}],"predecessor-version":[{"id":16004,"href":"https:\/\/elfsight.com\/fr\/wp-json\/wp\/v2\/pages\/13203\/revisions\/16004"}],"up":[{"embeddable":true,"href":"https:\/\/elfsight.com\/fr\/wp-json\/wp\/v2\/pages\/2403"}],"wp:attachment":[{"href":"https:\/\/elfsight.com\/fr\/wp-json\/wp\/v2\/media?parent=13203"}],"curies":[{"name":"wp","href":"https:\/\/api.w.org\/{rel}","templated":true}]}}