{"id":13190,"date":"2024-05-03T06:32:14","date_gmt":"2024-05-03T06:32:14","guid":{"rendered":"https:\/\/elfsight.com\/fr\/?page_id=13190"},"modified":"2025-07-09T17:05:09","modified_gmt":"2025-07-09T17:05:09","slug":"prestashop","status":"publish","type":"page","link":"https:\/\/elfsight.com\/fr\/click-to-call-widget\/prestashop\/","title":{"rendered":"Click to Call &#8211; PrestaShop"},"content":{"rendered":"<div class=\"application-platform-content-item-description application-platform-content-item\" id=\"description\" data-nav-section=\"description\"> <h2>Description<\/h2> <p>Click To Call d&rsquo;Elfsight est un outil qui permet aux utilisateurs de votre site Web de contacter le plus simplement possible. vous par t\u00e9l\u00e9phone directement depuis la page web. Un simple clic sur le signe du t\u00e9l\u00e9phone lancera un appel | compose automatiquement le num\u00e9ro sur les appareils mobiles, tandis que sur le bureau, il affiche le num\u00e9ro choisi dans la fen\u00eatre d&rsquo;appel, o\u00f9 vous pouvez \u00e9galement afficher une image de votre personne de contact et un texte et l\u00e9gende. Pour obtenir le travail le plus efficace du widget, vous pouvez s\u00e9lectionner les pages particuli\u00e8res sur lesquelles il appara\u00eetra, le type d&rsquo;utilisateurs qui pourront seulement le voir et une condition d&rsquo;activation qui contr\u00f4lera son affichage. <\/p><\/div> <div class=\"application-platform-content-item-features application-platform-content-item\" id=\"features\" data-nav-section=\"features\"> <h2>Voici les fonctionnalit\u00e9s fondamentales de l&rsquo;addon\u00a0: <\/h2> <ul><li>Affichez votre num\u00e9ro de t\u00e9l\u00e9phone sur le site pour une num\u00e9rotation facile<\/li><li>Num\u00e9rotation en un clic sur les appareils mobiles<\/li><li>La possibilit\u00e9 d&rsquo;afficher la photo et le nom de votre personne de contact<\/li><li>Ajouter une l\u00e9gende et un texte de la fen\u00eatre d&rsquo;appel<\/li><li>Afficher la bulle du t\u00e9l\u00e9phone avec l&rsquo;ic\u00f4ne et le texte<\/li><li>Choisissez la taille de la bulle du t\u00e9l\u00e9phone<\/li><li>L&rsquo;option pour modifier le texte de la bulle<\/li><li>Activer l&rsquo;animation du ic\u00f4ne de bulle<\/li><li>Trois options de position du widget\u00a0: flottant \u00e0 droite ou \u00e0 gauche ou personnalis\u00e9<\/li><li>L&rsquo;option permettant d&rsquo;afficher le widget sur les pages s\u00e9lectionn\u00e9es ou d&rsquo;exclure des pages<\/li><li>Choisissez d&rsquo;activer l&rsquo;option widget sur ordinateur ou mobile<\/li><\/ul><p><a href=\"#demo\">Testez toutes les options de personnalisation dans une d\u00e9mo compl\u00e8te<\/a><\/p> <\/div> <div class=\"application-platform-content-item-installation application-platform-content-item\" id=\"installation\" data-nav-section=\"installation\"> <h2>Comment puis-je int\u00e9grer Click to Call sur ma page Web PrestaShop\u00a0? <\/h2> <p>Suivez simplement les instructions ci-dessous pour ajouter le widget. <\/p> <ol><li><b>Utilisez notre d\u00e9mo gratuite et commencez \u00e0 fa\u00e7onner votre module compl\u00e9mentaire personnalis\u00e9. <\/b><br> Sp\u00e9cifiez l&rsquo;interface et les param\u00e8tres souhait\u00e9s de l&rsquo;outil et enregistrez les modifications. <\/li> <li><b>Acqu\u00e9rez votre code personnel qui appara\u00eet dans la fen\u00eatre des applications Elfsight. <\/b><br> Juste apr\u00e8s la configuration de votre module compl\u00e9mentaire personnel, copiez le code personnel dans la bo\u00eete qui appara\u00eet et enregistrez-le pour une utilisation ult\u00e9rieure. <\/li> <li><b>Commencez \u00e0 utiliser l&rsquo;addon sur votre page d&rsquo;accueil PrestaShop. <\/b><br> Impl\u00e9mentez le code que vous avez enregistr\u00e9 auparavant dans votre site Web et enregistrez les modifications. <\/li> <li><b>L&rsquo;installation est enti\u00e8rement termin\u00e9e. <\/b><br> Visitez votre site pour voir comment fonctionne l&rsquo;addon. <\/li><\/ol> <p>Si vous avez des questions ou rencontrez des difficult\u00e9s, n&rsquo;h\u00e9sitez pas \u00e0 faire appel \u00e0 notre service client. Nos collaborateurs se feront un plaisir de r\u00e9soudre tous les probl\u00e8mes que vous pourriez rencontrer avec l&rsquo;outil. <\/p> <div class=\"faq\" data-component=\"FAQ\"> <div class=\"faq-item\">\r\n\t\t\t\t\t<div class=\"faq-item-question\">\r\n\t\t\t\t\t\t<h3 class=\"faq-item-question-text\">Comment puis-je ajouter Click to call \u00e0 mon site PrestaShop sans comp\u00e9tences en codage ?<\/h3>\r\n\r\n\t\t\t\t\t\t<div class=\"faq-item-question-icon\"><\/div>\r\n\t\t\t\t\t<\/div>\r\n\r\n\t\t\t\t\t<div class=\"faq-item-answer\">\r\n\t\t\t\t\t\t<div class=\"faq-item-answer-text\"> <p>Elfsight fournit une solution SaaS qui vous permet de cr\u00e9er vous-m\u00eame un widget Click to call, voyez comment Le processus est simple : travaillez directement dans l&rsquo;\u00e9diteur en ligne pour cr\u00e9er un widget Click to call que vous aimeriez voir sur votre site PrestaShop. Choisissez l&rsquo;un des mod\u00e8les pr\u00e9d\u00e9finis et ajustez les param\u00e8tres Click to call, ajoutez votre contenu, modifiez la mise en page et la palette de couleurs sans comp\u00e9tences en codage. Enregistrez le Click to call et copiez son code d&rsquo;installation, que vous pouvez facilement ajouter sur votre site PrestaShop sans acheter d&rsquo;abonnement payant. Avec notre \u00e9diteur intuitif, tout internaute peut cr\u00e9er un widget Click to call en ligne et l&rsquo;int\u00e9grer facilement \u00e0 son site PrestaShop. Il n&rsquo;est pas n\u00e9cessaire de payer ou de saisir les informations d&rsquo;identification de votre carte pour acc\u00e9der au service. Si vous rencontrez des probl\u00e8mes \u00e0 n&rsquo;importe quelle \u00e9tape, n&rsquo;h\u00e9sitez pas \u00e0 contacter notre \u00e9quipe d&rsquo;assistance technique.<\/p> <\/div>\r\n\t\t\t\t\t<\/div>\r\n\t\t\t\t<\/div> <\/div> <\/div>","protected":false},"excerpt":{"rendered":"","protected":false},"author":9,"featured_media":0,"parent":2403,"menu_order":0,"comment_status":"closed","ping_status":"closed","template":"templates\/template-application-platform.php","meta":{"publish_to_discourse":"","publish_post_category":"","wpdc_auto_publish_overridden":"","wpdc_topic_tags":"","wpdc_pin_topic":"","wpdc_pin_until":"","discourse_post_id":"","discourse_permalink":"","wpdc_publishing_response":"","wpdc_publishing_error":"","footnotes":""},"class_list":["post-13190","page","type-page","status-publish","hentry"],"yoast_head":"<!-- This site is optimized with the Yoast SEO plugin v25.3.1 - https:\/\/yoast.com\/wordpress\/plugins\/seo\/ -->\n<title>Bouton d&#039;appel PrestaShop | Ajouter le module compl\u00e9mentaire Click to Call Button au site Web [2026]<\/title>\n<meta name=\"description\" content=\"Cr\u00e9ez votre module compl\u00e9mentaire Click to Call Button et ajoutez-le \u00e0 votre site Web PrestaShop. Nous avons un service client gratuit et d&#039;autres bonus.\" \/>\n<meta name=\"robots\" content=\"index, follow, max-snippet:-1, max-image-preview:large, max-video-preview:-1\" \/>\n<link rel=\"canonical\" href=\"https:\/\/elfsight.com\/fr\/click-to-call-widget\/prestashop\/\" \/>\n<meta property=\"og:locale\" content=\"fr_FR\" \/>\n<meta property=\"og:type\" content=\"article\" \/>\n<meta property=\"og:title\" content=\"Bouton d&#039;appel PrestaShop | Ajouter le module compl\u00e9mentaire Click to Call Button au site Web [2026]\" \/>\n<meta property=\"og:description\" content=\"Cr\u00e9ez votre module compl\u00e9mentaire Click to Call Button et ajoutez-le \u00e0 votre site Web PrestaShop. Nous avons un service client gratuit et d&#039;autres bonus.\" \/>\n<meta property=\"og:url\" content=\"https:\/\/elfsight.com\/fr\/click-to-call-widget\/prestashop\/\" \/>\n<meta property=\"og:site_name\" content=\"Elfsight FR\" \/>\n<meta property=\"article:modified_time\" content=\"2025-07-09T17:05:09+00:00\" \/>\n<meta name=\"twitter:card\" content=\"summary_large_image\" \/>\n<meta name=\"twitter:label1\" content=\"Dur\u00e9e de lecture estim\u00e9e\" \/>\n\t<meta name=\"twitter:data1\" content=\"3 minutes\" \/>\n<!-- \/ Yoast SEO plugin. -->","yoast_head_json":{"title":"Bouton d'appel PrestaShop | Ajouter le module compl\u00e9mentaire Click to Call Button au site Web [2026]","description":"Cr\u00e9ez votre module compl\u00e9mentaire Click to Call Button et ajoutez-le \u00e0 votre site Web PrestaShop. Nous avons un service client gratuit et d'autres bonus.","robots":{"index":"index","follow":"follow","max-snippet":"max-snippet:-1","max-image-preview":"max-image-preview:large","max-video-preview":"max-video-preview:-1"},"canonical":"https:\/\/elfsight.com\/fr\/click-to-call-widget\/prestashop\/","og_locale":"fr_FR","og_type":"article","og_title":"Bouton d'appel PrestaShop | Ajouter le module compl\u00e9mentaire Click to Call Button au site Web [2026]","og_description":"Cr\u00e9ez votre module compl\u00e9mentaire Click to Call Button et ajoutez-le \u00e0 votre site Web PrestaShop. Nous avons un service client gratuit et d'autres bonus.","og_url":"https:\/\/elfsight.com\/fr\/click-to-call-widget\/prestashop\/","og_site_name":"Elfsight FR","article_modified_time":"2025-07-09T17:05:09+00:00","twitter_card":"summary_large_image","twitter_misc":{"Dur\u00e9e de lecture estim\u00e9e":"3 minutes"},"schema":{"@context":"https:\/\/schema.org","@graph":[{"@type":"WebPage","@id":"https:\/\/elfsight.com\/fr\/click-to-call-widget\/prestashop\/","url":"https:\/\/elfsight.com\/fr\/click-to-call-widget\/prestashop\/","name":"Bouton d'appel PrestaShop | Ajouter le module compl\u00e9mentaire Click to Call Button au site Web [2026]","isPartOf":{"@id":"https:\/\/elfsight.com\/fr\/#website"},"datePublished":"2024-05-03T06:32:14+00:00","dateModified":"2025-07-09T17:05:09+00:00","description":"Cr\u00e9ez votre module compl\u00e9mentaire Click to Call Button et ajoutez-le \u00e0 votre site Web PrestaShop. Nous avons un service client gratuit et d'autres bonus.","breadcrumb":{"@id":"https:\/\/elfsight.com\/fr\/click-to-call-widget\/prestashop\/#breadcrumb"},"inLanguage":"fr-FR","potentialAction":[{"@type":"ReadAction","target":["https:\/\/elfsight.com\/fr\/click-to-call-widget\/prestashop\/"]}]},{"@type":"BreadcrumbList","@id":"https:\/\/elfsight.com\/fr\/click-to-call-widget\/prestashop\/#breadcrumb","itemListElement":[{"@type":"ListItem","position":1,"name":"Home","item":"https:\/\/elfsight.com\/fr\/"},{"@type":"ListItem","position":2,"name":"Click to Call","item":"https:\/\/elfsight.com\/fr\/click-to-call-widget\/"},{"@type":"ListItem","position":3,"name":"Click to Call &#8211; PrestaShop"}]},{"@type":"WebSite","@id":"https:\/\/elfsight.com\/fr\/#website","url":"https:\/\/elfsight.com\/fr\/","name":"Elfsight FR","description":"","potentialAction":[{"@type":"SearchAction","target":{"@type":"EntryPoint","urlTemplate":"https:\/\/elfsight.com\/fr\/?s={search_term_string}"},"query-input":{"@type":"PropertyValueSpecification","valueRequired":true,"valueName":"search_term_string"}}],"inLanguage":"fr-FR"}]}},"meta_box":{"industry":"","seo_heading":"","heading":"","description":"","cta_heading":"","cta_description":"","application":"2402","h1":"PrestaShop Cliquez pour appeler le bouton","h1_caption":"Permettez aux utilisateurs de vous contacter instantan\u00e9ment avec un simple bouton \u00ab\u00a0Cliquer pour appeler\u00a0\u00bb, ce qui facilite l'acc\u00e8s direct \u00e0 votre site Web Prestashop, sans effort.","application_category":[],"applications_title":"","applications_request_title":"","applications_request_button_text":"","hero_text":"","hero_video":"","hero_video_schema_markup":"","selling_points_title":"","selling_points_caption":"","selling_points":[],"selling_points_cta_text":"","features_title":"","features":"","ed_cta_examples_text":"","ed_cta_examples_hidden":"","ed_cta_demo_text":"","ed_cta_demo_hidden":"","why_caption":"","why_editor_title":"","why_editor_text":"","why_team_title":"","why_team_text":"","why_service_title":"","why_service_text":"","template_catalog_visible":"","template_catalog_title":"","template_catalog_text":"","template_catalog_categories_visible":"","demo_title":"Cr\u00e9ez votre module Click to Call","demo_caption":"Configurez votre Click to Call et ajoutez-le gratuitement \u00e0 votre site PrestaShop !","default_faq_hidden":"","app_template_category":[],"platform":"3190","template_public_id":"","codecanyon_url":"","codecanyon_item_id":"","codecanyon_price":"","pricing_caption":"","pricing_elfsight_apps_hide_column":"","pricing_elfsight_apps_url":"","pricing_codecanyon_price_caption":"","integration_category":[],"integration_request_title":"","integration_request_cta":"","integration_platform":"","integrations":[],"platform_category":[],"video_schema_markup":"","price":"\u00e0 partir de 0$ \/ mois","trial":"","benefits":[{"text":"Service client professionnel"},{"text":"Service d'installation gratuit"},{"text":"Garantie de remboursement de 14 jours"},{"text":"D\u00e9veloppement continu"}],"button_url":"#demo","button_target_blank":"","button_nofollow":"","attributes":[{"name":"Installations","content":"10,000 - 100,000"},{"name":"Sensible","content":"Oui"},{"name":"Navigateurs compatibles","content":"Firefox, Safari, Opera, Chrome, Edge"}],"tags":[],"tags_disable_links":"","hide_more_platforms":"","video_object":"","demo_hide_cta":"","demo_hide_cloud_options":"","pricing_title":"","pricing":[{"pricing_icon":"platform","pricing_title":"Elfsight Apps","pricing_title_caption":"Logiciel ind\u00e9pendant de la plate-forme qui convient \u00e0 n'importe quel site Web","pricing_price":"from $0 \/ month","pricing_price_caption":"commencez avec un forfait gratuit","pricing_benefits":[{"text":"Domaines illimit\u00e9s"},{"text":"Support client rapide et bien document\u00e9"},{"text":"Service d'installation gratuit"},{"text":"Conception flexible"}],"pricing_button_text":"Ajouter au site Web","pricing_button_url":"#demo"}],"related_apps_title":"","related_apps_hidden":"","author":"","image":[],"title":"","job":"","social_networks":[]},"_links":{"self":[{"href":"https:\/\/elfsight.com\/fr\/wp-json\/wp\/v2\/pages\/13190","targetHints":{"allow":["GET"]}}],"collection":[{"href":"https:\/\/elfsight.com\/fr\/wp-json\/wp\/v2\/pages"}],"about":[{"href":"https:\/\/elfsight.com\/fr\/wp-json\/wp\/v2\/types\/page"}],"author":[{"embeddable":true,"href":"https:\/\/elfsight.com\/fr\/wp-json\/wp\/v2\/users\/9"}],"replies":[{"embeddable":true,"href":"https:\/\/elfsight.com\/fr\/wp-json\/wp\/v2\/comments?post=13190"}],"version-history":[{"count":1,"href":"https:\/\/elfsight.com\/fr\/wp-json\/wp\/v2\/pages\/13190\/revisions"}],"predecessor-version":[{"id":13194,"href":"https:\/\/elfsight.com\/fr\/wp-json\/wp\/v2\/pages\/13190\/revisions\/13194"}],"up":[{"embeddable":true,"href":"https:\/\/elfsight.com\/fr\/wp-json\/wp\/v2\/pages\/2403"}],"wp:attachment":[{"href":"https:\/\/elfsight.com\/fr\/wp-json\/wp\/v2\/media?parent=13190"}],"curies":[{"name":"wp","href":"https:\/\/api.w.org\/{rel}","templated":true}]}}