{"id":13179,"date":"2024-05-03T06:31:42","date_gmt":"2024-05-03T06:31:42","guid":{"rendered":"https:\/\/elfsight.com\/fr\/?page_id=13179"},"modified":"2024-12-23T13:00:19","modified_gmt":"2024-12-23T13:00:19","slug":"joomla","status":"publish","type":"page","link":"https:\/\/elfsight.com\/fr\/button-widget\/joomla\/","title":{"rendered":"Button &#8211; Joomla"},"content":{"rendered":"\n<div class=\"application-platform-content-item-description application-platform-content-item\" id=\"description\" data-nav-section=\"description\"> <h2>Description<\/h2> <p>Le Button est une extension pour Joomla vous donnant la possibilit\u00e9 de cr\u00e9er diff\u00e9rents boutons pour de nombreux objectifs sur votre site Web. . De nombreuses actions peuvent \u00eatre entreprises apr\u00e8s que le visiteur de votre site Web a cliqu\u00e9 sur le bouton. Par exemple, ils peuvent \u00eatre redirig\u00e9s vers un site Web tiers, composer votre num\u00e9ro de t\u00e9l\u00e9phone, discuter dans une messagerie populaire et bien plus encore. Notre bouton est remarquablement personnalisable : vous pouvez utiliser n&rsquo;importe quel texte, contenu au-dessus et en dessous de votre bouton, et ajuster sa taille et son style. <\/p> <p><b>Utilisez un bouton attrayant pour augmenter les ventes sur votre site, attirer plus d&rsquo;abonn\u00e9s sur vos comptes de r\u00e9seaux sociaux et bien plus encore\u00a0! <\/b><\/p> <\/div> <div class=\"application-platform-content-item-features application-platform-content-item\" id=\"features\" data-nav-section=\"features\"> <h2>Voici les principales fonctionnalit\u00e9s de l&rsquo;extension\u00a0: <\/h2> <ul><li>Modifier les couleurs et les polices<\/li><li>Deux types de positionnement des boutons\u00a0: int\u00e9gr\u00e9 et flottant<\/li><li>Une option pour ajouter du contenu autour de votre bouton<\/li><li>Vous pouvez occuper deux lignes<\/li><li>Plus de 8 variantes de sc\u00e9narios apr\u00e8s un clic<\/li><\/ul><p><a href=\"#demo\">Vous pouvez d\u00e9couvrir toutes les capacit\u00e9s du widget dans la d\u00e9mo d\u00e8s maintenant<\/a><\/p> <\/div> <div class=\"application-platform-content-item-installation application-platform-content-item\" id=\"installation\" data-nav-section=\"installation\"> <h2>Comment ajouter Button \u00e0 mon site Joomla\u00a0? <\/h2> <p>Suivez simplement les \u00e9tapes d\u00e9crites ci-dessous pour ins\u00e9rer l&rsquo;extension. <\/p> <ol><li><b>Utilisez notre d\u00e9mo gratuite et commencez \u00e0 cr\u00e9er votre extension personnalis\u00e9e. <\/b><br> D\u00e9terminez la pr\u00e9sentation et les fonctionnalit\u00e9s pr\u00e9f\u00e9r\u00e9es du widget et enregistrez les modifications. <\/li> <li><b>Recevez le code personnel apparaissant dans la fen\u00eatre sur Elfsight Apps. <\/b><br> Une fois la personnalisation de votre outil personnel termin\u00e9e, copiez le code personnel dans la case qui appara\u00eet et conservez-le pour un besoin ult\u00e9rieur. <\/li> <li><b>Commencez \u00e0 utiliser l&rsquo;extension sur votre site Joomla. <\/b><br> Collez le code enregistr\u00e9 pr\u00e9c\u00e9demment dans votre site Web et appliquez les am\u00e9liorations. <\/li> <li><b>Vous avez termin\u00e9\u00a0! La configuration est enti\u00e8rement r\u00e9alis\u00e9e. <\/b><br> Acc\u00e9dez \u00e0 votre site Web pour voir en action le travail de l&rsquo;extension. <\/li><\/ol> <p>En cas de questions ou de complications, n&rsquo;h\u00e9sitez pas \u00e0 contacter notre \u00e9quipe d&rsquo;assistance. Nos sp\u00e9cialistes ont h\u00e2te de vous aider avec tous les probl\u00e8mes que vous pourriez rencontrer avec le widget. <\/p> <div class=\"faq\" data-component=\"FAQ\"><div class=\"faq-item\">\r\n\t\t\t\t\t<div class=\"faq-item-question\">\r\n\t\t\t\t\t\t<h3 class=\"faq-item-question-text\">Comment ajouter un bouton \u00e0 mon site Joomla sans comp\u00e9tences en codage ?<\/h3>\r\n\r\n\t\t\t\t\t\t<div class=\"faq-item-question-icon\"><\/div>\r\n\t\t\t\t\t<\/div>\r\n\r\n\t\t\t\t\t<div class=\"faq-item-answer\">\r\n\t\t\t\t\t\t<div class=\"faq-item-answer-text\"> <p>Elfsight fournit une solution SaaS qui vous permet de cr\u00e9er vous-m\u00eame un widget Bouton, voyez \u00e0 quel point le processus est simple\u00a0: Travaillez directement dans l&rsquo;\u00e9diteur en ligne pour cr\u00e9er un widget Bouton que vous aimeriez voir sur votre site Web Joomla. Choisissez l&rsquo;un des mod\u00e8les pr\u00e9d\u00e9finis et ajustez les param\u00e8tres du bouton, ajoutez votre contenu, modifiez la mise en page et les couleurs sans aucune comp\u00e9tence en codage. Enregistrez le bouton et copiez son code d&rsquo;installation, que vous pourrez facilement inclure dans votre site Joomla sans avoir besoin d&rsquo;acheter un abonnement payant. Gr\u00e2ce \u00e0 notre \u00e9diteur intuitif, tout internaute peut cr\u00e9er un widget Bouton en ligne et l&rsquo;int\u00e9grer facilement \u00e0 son site Web Joomla. Il n&rsquo;est pas n\u00e9cessaire de payer ou de saisir les informations d&rsquo;identification de votre carte pour acc\u00e9der au service. Si vous rencontrez des probl\u00e8mes \u00e0 n&rsquo;importe quelle \u00e9tape, n&rsquo;h\u00e9sitez pas \u00e0 contacter notre \u00e9quipe d&rsquo;assistance technique.<\/p> <\/div>\r\n\t\t\t\t\t<\/div>\r\n\t\t\t\t<\/div> <\/div><\/div>\n","protected":false},"excerpt":{"rendered":"","protected":false},"author":9,"featured_media":0,"parent":3715,"menu_order":0,"comment_status":"closed","ping_status":"closed","template":"templates\/template-application-platform.php","meta":{"publish_to_discourse":"","publish_post_category":"","wpdc_auto_publish_overridden":"","wpdc_topic_tags":"","wpdc_pin_topic":"","wpdc_pin_until":"","discourse_post_id":"","discourse_permalink":"","wpdc_publishing_response":"","wpdc_publishing_error":"","footnotes":""},"class_list":["post-13179","page","type-page","status-publish","hentry"],"yoast_head":"<!-- This site is optimized with the Yoast SEO plugin v25.3.1 - https:\/\/yoast.com\/wordpress\/plugins\/seo\/ -->\n<title>Extension de g\u00e9n\u00e9rateur de boutons - Ajouter une extension de bouton \u00e0 Joomla (2025)<\/title>\n<meta name=\"description\" content=\"Essayez l&#039;extension Button pour Joomla. Obtenez plus de nouveaux abonn\u00e9s, augmentez vos ventes et rendez votre entreprise populaire avec l&#039;aide des outils Elfsight !\" \/>\n<meta name=\"robots\" content=\"index, follow, max-snippet:-1, max-image-preview:large, max-video-preview:-1\" \/>\n<link rel=\"canonical\" href=\"https:\/\/elfsight.com\/fr\/button-widget\/joomla\/\" \/>\n<meta property=\"og:locale\" content=\"fr_FR\" \/>\n<meta property=\"og:type\" content=\"article\" \/>\n<meta property=\"og:title\" content=\"Extension de g\u00e9n\u00e9rateur de boutons - Ajouter une extension de bouton \u00e0 Joomla (2025)\" \/>\n<meta property=\"og:description\" content=\"Essayez l&#039;extension Button pour Joomla. Obtenez plus de nouveaux abonn\u00e9s, augmentez vos ventes et rendez votre entreprise populaire avec l&#039;aide des outils Elfsight !\" \/>\n<meta property=\"og:url\" content=\"https:\/\/elfsight.com\/fr\/button-widget\/joomla\/\" \/>\n<meta property=\"og:site_name\" content=\"Elfsight FR\" \/>\n<meta property=\"article:modified_time\" content=\"2024-12-23T13:00:19+00:00\" \/>\n<meta name=\"twitter:card\" content=\"summary_large_image\" \/>\n<meta name=\"twitter:label1\" content=\"Dur\u00e9e de lecture estim\u00e9e\" \/>\n\t<meta name=\"twitter:data1\" content=\"3 minutes\" \/>\n<!-- \/ Yoast SEO plugin. -->","yoast_head_json":{"title":"Extension de g\u00e9n\u00e9rateur de boutons - Ajouter une extension de bouton \u00e0 Joomla (2025)","description":"Essayez l'extension Button pour Joomla. Obtenez plus de nouveaux abonn\u00e9s, augmentez vos ventes et rendez votre entreprise populaire avec l'aide des outils Elfsight !","robots":{"index":"index","follow":"follow","max-snippet":"max-snippet:-1","max-image-preview":"max-image-preview:large","max-video-preview":"max-video-preview:-1"},"canonical":"https:\/\/elfsight.com\/fr\/button-widget\/joomla\/","og_locale":"fr_FR","og_type":"article","og_title":"Extension de g\u00e9n\u00e9rateur de boutons - Ajouter une extension de bouton \u00e0 Joomla (2025)","og_description":"Essayez l'extension Button pour Joomla. Obtenez plus de nouveaux abonn\u00e9s, augmentez vos ventes et rendez votre entreprise populaire avec l'aide des outils Elfsight !","og_url":"https:\/\/elfsight.com\/fr\/button-widget\/joomla\/","og_site_name":"Elfsight FR","article_modified_time":"2024-12-23T13:00:19+00:00","twitter_card":"summary_large_image","twitter_misc":{"Dur\u00e9e de lecture estim\u00e9e":"3 minutes"},"schema":{"@context":"https:\/\/schema.org","@graph":[{"@type":"WebPage","@id":"https:\/\/elfsight.com\/fr\/button-widget\/joomla\/","url":"https:\/\/elfsight.com\/fr\/button-widget\/joomla\/","name":"Extension de g\u00e9n\u00e9rateur de boutons - Ajouter une extension de bouton \u00e0 Joomla (2025)","isPartOf":{"@id":"https:\/\/elfsight.com\/fr\/#website"},"datePublished":"2024-05-03T06:31:42+00:00","dateModified":"2024-12-23T13:00:19+00:00","description":"Essayez l'extension Button pour Joomla. Obtenez plus de nouveaux abonn\u00e9s, augmentez vos ventes et rendez votre entreprise populaire avec l'aide des outils Elfsight !","breadcrumb":{"@id":"https:\/\/elfsight.com\/fr\/button-widget\/joomla\/#breadcrumb"},"inLanguage":"fr-FR","potentialAction":[{"@type":"ReadAction","target":["https:\/\/elfsight.com\/fr\/button-widget\/joomla\/"]}]},{"@type":"BreadcrumbList","@id":"https:\/\/elfsight.com\/fr\/button-widget\/joomla\/#breadcrumb","itemListElement":[{"@type":"ListItem","position":1,"name":"Home","item":"https:\/\/elfsight.com\/fr\/"},{"@type":"ListItem","position":2,"name":"Button","item":"https:\/\/elfsight.com\/fr\/button-widget\/"},{"@type":"ListItem","position":3,"name":"Button &#8211; Joomla"}]},{"@type":"WebSite","@id":"https:\/\/elfsight.com\/fr\/#website","url":"https:\/\/elfsight.com\/fr\/","name":"Elfsight FR","description":"","potentialAction":[{"@type":"SearchAction","target":{"@type":"EntryPoint","urlTemplate":"https:\/\/elfsight.com\/fr\/?s={search_term_string}"},"query-input":{"@type":"PropertyValueSpecification","valueRequired":true,"valueName":"search_term_string"}}],"inLanguage":"fr-FR"}]}},"meta_box":{"industry":"","seo_heading":"","heading":"","description":"","cta_heading":"","cta_description":"","application":"3714","h1":"Extension du bouton Joomla","h1_caption":"Ajoutez un bouton d'appel \u00e0 l'action personnalisable pour encourager les clics et guider vos utilisateurs vers des conversions vers votre site Web Joomla sans effort.","application_category":[],"applications_title":"","applications_request_title":"","applications_request_button_text":"","hero_text":"","hero_video":"","hero_video_schema_markup":"","selling_points_title":"","selling_points_caption":"","selling_points":[],"selling_points_cta_text":"","features_title":"","features":"","ed_cta_examples_text":"","ed_cta_examples_hidden":"","ed_cta_demo_text":"","ed_cta_demo_hidden":"","why_caption":"","why_editor_title":"","why_editor_text":"","why_team_title":"","why_team_text":"","why_service_title":"","why_service_text":"","template_catalog_visible":"0","template_catalog_title":"","template_catalog_text":"","template_catalog_categories_visible":"","demo_title":"Cr\u00e9ez votre plugin Bouton","demo_caption":"Configurez votre Button et ajoutez-le \u00e0 votre site Joomla gratuitement !","default_faq_hidden":"","app_template_category":[],"platform":"354","template_public_id":"","codecanyon_url":"","codecanyon_item_id":"","codecanyon_price":"","pricing_caption":"","pricing_elfsight_apps_hide_column":"","pricing_elfsight_apps_url":"","pricing_codecanyon_price_caption":"","integration_category":[],"integration_request_title":"","integration_request_cta":"","integration_platform":"","integrations":[],"platform_category":[],"video_schema_markup":"","price":"\u00e0 partir de 0$ \/ mois","trial":"","benefits":[{"text":"Service d'installation gratuit"},{"text":"Soutien exceptionnel"},{"text":"Garantie de remboursement de 14 jours"},{"text":"D\u00e9veloppement continu"}],"button_url":"#demo","button_target_blank":"0","button_nofollow":"0","attributes":[{"name":"Installations","content":"10,000 - 100,000"},{"name":"Sensible","content":"Oui"},{"name":"Navigateurs compatibles","content":"Firefox, Safari, Opera, Chrome, Edge"}],"tags":[],"tags_disable_links":"0","hide_more_platforms":"","video_object":"","demo_hide_cta":"0","demo_hide_cloud_options":"0","pricing_title":"","pricing":[{"pricing_icon":"platform","pricing_title":"Elfsight Apps","pricing_title_caption":"Logiciel multiplateforme","pricing_price":"from $0 \/ month","pricing_price_caption":"commencez avec un forfait gratuit","pricing_benefits":[{"text":"Sites Web illimit\u00e9s"},{"text":"Assistance entreprise 24h\/24 et 7j\/7"},{"text":"Assistance \u00e0 l'installation gratuite"},{"text":"Enti\u00e8rement personnalisable"}],"pricing_button_text":"Ajouter au site Web","pricing_button_url":"#demo"}],"related_apps_title":"","related_apps_hidden":"0","author":"","image":[],"title":"","job":"","social_networks":[]},"_links":{"self":[{"href":"https:\/\/elfsight.com\/fr\/wp-json\/wp\/v2\/pages\/13179","targetHints":{"allow":["GET"]}}],"collection":[{"href":"https:\/\/elfsight.com\/fr\/wp-json\/wp\/v2\/pages"}],"about":[{"href":"https:\/\/elfsight.com\/fr\/wp-json\/wp\/v2\/types\/page"}],"author":[{"embeddable":true,"href":"https:\/\/elfsight.com\/fr\/wp-json\/wp\/v2\/users\/9"}],"replies":[{"embeddable":true,"href":"https:\/\/elfsight.com\/fr\/wp-json\/wp\/v2\/comments?post=13179"}],"version-history":[{"count":2,"href":"https:\/\/elfsight.com\/fr\/wp-json\/wp\/v2\/pages\/13179\/revisions"}],"predecessor-version":[{"id":16037,"href":"https:\/\/elfsight.com\/fr\/wp-json\/wp\/v2\/pages\/13179\/revisions\/16037"}],"up":[{"embeddable":true,"href":"https:\/\/elfsight.com\/fr\/wp-json\/wp\/v2\/pages\/3715"}],"wp:attachment":[{"href":"https:\/\/elfsight.com\/fr\/wp-json\/wp\/v2\/media?parent=13179"}],"curies":[{"name":"wp","href":"https:\/\/api.w.org\/{rel}","templated":true}]}}