{"id":13172,"date":"2024-05-03T06:31:39","date_gmt":"2024-05-03T06:31:39","guid":{"rendered":"https:\/\/elfsight.com\/fr\/?page_id=13172"},"modified":"2025-07-09T16:59:08","modified_gmt":"2025-07-09T16:59:08","slug":"iframe","status":"publish","type":"page","link":"https:\/\/elfsight.com\/fr\/button-widget\/iframe\/","title":{"rendered":"Button &#8211; iFrame"},"content":{"rendered":"<div class=\"application-platform-content-item-description application-platform-content-item\" id=\"description\" data-nav-section=\"description\"> <h2>Int\u00e9grer le bouton sur iFrame avec le widget Elfsight<\/h2> <p>Le bouton est un widget pour iFrame vous offrant la possibilit\u00e9 de cr\u00e9er divers boutons \u00e0 des fins diff\u00e9rentes sur votre site Web. De nombreuses actions peuvent \u00eatre entreprises apr\u00e8s qu&rsquo;un utilisateur a cliqu\u00e9 sur le bouton. Par exemple, ils peuvent \u00eatre envoy\u00e9s vers une page de destination, composer votre num\u00e9ro de t\u00e9l\u00e9phone, discuter dans un messager bien connu et bien plus encore. Le bouton est hautement personnalisable : vous pouvez utiliser n&rsquo;importe quel texte, contenu autour de votre bouton et modifier sa taille et son style. <\/p> <p><b>Appliquez un bouton attrayant pour augmenter les ventes sur votre site Web, attirer plus de followers sur vos r\u00e9seaux sociaux et bien plus encore ! <\/b><\/p> <\/div> <div class=\"application-platform-content-item-features application-platform-content-item\" id=\"features\" data-nav-section=\"features\"> <h2>Voici seulement quelques-unes des nombreuses fonctionnalit\u00e9s du widget\u00a0: <\/h2> <ul><li>Modifier les couleurs et les polices<\/li><li>Deux types de positionnement des boutons\u00a0: int\u00e9gr\u00e9 et flottant<\/li><li>Une opportunit\u00e9 d&rsquo;ajouter du contenu au-dessus et en dessous de votre bouton<\/li><li>Votre peut occuper deux lignes<\/li><li> Plus de huit variantes de sc\u00e9narios apr\u00e8s un clic<\/li><\/ul><p><a href=\"#demo\">Vous pouvez tester toutes les capacit\u00e9s du widget dans la d\u00e9mo d\u00e8s maintenant<\/a><\/p> <\/div> <div class=\"application-platform-content-item-installation application-platform-content-item\" id=\"installation\" data-nav-section=\"installation\"> <h2>Comment ajouter un bouton dans mon site Web iFrame\u00a0? <\/h2> <p>Appliquez simplement les instructions ci-dessous pour ajouter le widget. <\/p> <ol><li><b>Utilisez notre \u00e9diteur gratuit et commencez \u00e0 fa\u00e7onner votre widget unique. <\/b><br> D\u00e9terminez la forme et les fonctionnalit\u00e9s s\u00e9lectionn\u00e9es de l&rsquo;outil et appliquez les corrections. <\/li> <li><b>Acqu\u00e9rir le code unique r\u00e9v\u00e9l\u00e9 dans la fen\u00eatre sur Elfsight Apps. <\/b><br> Juste apr\u00e8s la cr\u00e9ation de votre outil personnel, copiez le code personnel dans la fen\u00eatre qui appara\u00eet et enregistrez-le pour une utilisation ult\u00e9rieure. <\/li> <li><b>Commencez \u00e0 utiliser le widget sur votre page d&rsquo;accueil iFrame. <\/b><br> Ins\u00e9rez le code que vous avez copi\u00e9 auparavant dans votre page et appliquez les ajustements. <\/li> <li><b>Fait\u00a0! L&rsquo;int\u00e9gration est pleinement r\u00e9alis\u00e9e. <\/b><br> Acc\u00e9dez \u00e0 votre site Web pour voir les performances du widget. <\/li><\/ol> <p>Si vous rencontrez des difficult\u00e9s, n&rsquo;h\u00e9sitez pas \u00e0 contacter notre \u00e9quipe d&rsquo;assistance. Nos collaborateurs ont h\u00e2te de vous aider avec toutes les difficult\u00e9s que vous pourriez rencontrer avec le produit. <\/p> <div class=\"faq\" data-component=\"FAQ\"><div class=\"faq-item\">\r\n\t\t\t\t\t<div class=\"faq-item-question\">\r\n\t\t\t\t\t\t<h3 class=\"faq-item-question-text\">Comment puis-je ajouter un bouton \u00e0 mon site Web iFrame sans comp\u00e9tences en codage ?<\/h3>\r\n\r\n\t\t\t\t\t\t<div class=\"faq-item-question-icon\"><\/div>\r\n\t\t\t\t\t<\/div>\r\n\r\n\t\t\t\t\t<div class=\"faq-item-answer\">\r\n\t\t\t\t\t\t<div class=\"faq-item-answer-text\"> <p>Elfsight fournit une solution SaaS qui vous permet de cr\u00e9er vous-m\u00eame un widget Bouton, voyez \u00e0 quel point le processus est simple : Travaillez directement dans l&rsquo;\u00e9diteur en ligne pour cr\u00e9er un widget Bouton que vous aimeriez voir sur votre site Web iFrame. Choisissez l&rsquo;un des mod\u00e8les pr\u00e9d\u00e9finis et ajustez les param\u00e8tres du bouton, ajoutez votre contenu, modifiez la mise en page et les couleurs sans aucune comp\u00e9tence en codage. Enregistrez le bouton et copiez son code d&rsquo;installation, que vous pouvez facilement coller dans votre site Web iFrame sans acheter de forfait payant. Gr\u00e2ce \u00e0 notre \u00e9diteur intuitif, tout internaute peut cr\u00e9er un widget Bouton en ligne et l&rsquo;int\u00e9grer facilement \u00e0 son site Web iFrame. Il n&rsquo;est pas n\u00e9cessaire de payer ou de saisir les informations d&rsquo;identification de votre carte pour acc\u00e9der au service. Si vous rencontrez des probl\u00e8mes \u00e0 n&rsquo;importe quelle \u00e9tape, n&rsquo;h\u00e9sitez pas \u00e0 contacter notre \u00e9quipe d&rsquo;assistance technique.<\/p> <\/div>\r\n\t\t\t\t\t<\/div>\r\n\t\t\t\t<\/div> <\/div><\/div>","protected":false},"excerpt":{"rendered":"","protected":false},"author":9,"featured_media":0,"parent":3715,"menu_order":0,"comment_status":"closed","ping_status":"closed","template":"templates\/template-application-platform.php","meta":{"publish_to_discourse":"","publish_post_category":"","wpdc_auto_publish_overridden":"","wpdc_topic_tags":"","wpdc_pin_topic":"","wpdc_pin_until":"","discourse_post_id":"","discourse_permalink":"","wpdc_publishing_response":"","wpdc_publishing_error":"","footnotes":""},"class_list":["post-13172","page","type-page","status-publish","hentry"],"yoast_head":"<!-- This site is optimized with the Yoast SEO plugin v25.3.1 - https:\/\/yoast.com\/wordpress\/plugins\/seo\/ -->\n<title>Widget g\u00e9n\u00e9rateur de boutons - Ajouter un widget bouton \u00e0 iFrame (2025)<\/title>\n<meta name=\"description\" content=\"Essayez le widget Elfsight Button pour iFrame. Gagnez de nouveaux abonn\u00e9s, augmentez vos ventes et rendez votre entreprise populaire avec l&#039;aide des outils Elfsight !\" \/>\n<meta name=\"robots\" content=\"index, follow, max-snippet:-1, max-image-preview:large, max-video-preview:-1\" \/>\n<link rel=\"canonical\" href=\"https:\/\/elfsight.com\/fr\/button-widget\/iframe\/\" \/>\n<meta property=\"og:locale\" content=\"fr_FR\" \/>\n<meta property=\"og:type\" content=\"article\" \/>\n<meta property=\"og:title\" content=\"Widget g\u00e9n\u00e9rateur de boutons - Ajouter un widget bouton \u00e0 iFrame (2025)\" \/>\n<meta property=\"og:description\" content=\"Essayez le widget Elfsight Button pour iFrame. Gagnez de nouveaux abonn\u00e9s, augmentez vos ventes et rendez votre entreprise populaire avec l&#039;aide des outils Elfsight !\" \/>\n<meta property=\"og:url\" content=\"https:\/\/elfsight.com\/fr\/button-widget\/iframe\/\" \/>\n<meta property=\"og:site_name\" content=\"Elfsight FR\" \/>\n<meta property=\"article:modified_time\" content=\"2025-07-09T16:59:08+00:00\" \/>\n<meta name=\"twitter:card\" content=\"summary_large_image\" \/>\n<meta name=\"twitter:label1\" content=\"Dur\u00e9e de lecture estim\u00e9e\" \/>\n\t<meta name=\"twitter:data1\" content=\"3 minutes\" \/>\n<!-- \/ Yoast SEO plugin. -->","yoast_head_json":{"title":"Widget g\u00e9n\u00e9rateur de boutons - Ajouter un widget bouton \u00e0 iFrame (2025)","description":"Essayez le widget Elfsight Button pour iFrame. Gagnez de nouveaux abonn\u00e9s, augmentez vos ventes et rendez votre entreprise populaire avec l'aide des outils Elfsight !","robots":{"index":"index","follow":"follow","max-snippet":"max-snippet:-1","max-image-preview":"max-image-preview:large","max-video-preview":"max-video-preview:-1"},"canonical":"https:\/\/elfsight.com\/fr\/button-widget\/iframe\/","og_locale":"fr_FR","og_type":"article","og_title":"Widget g\u00e9n\u00e9rateur de boutons - Ajouter un widget bouton \u00e0 iFrame (2025)","og_description":"Essayez le widget Elfsight Button pour iFrame. Gagnez de nouveaux abonn\u00e9s, augmentez vos ventes et rendez votre entreprise populaire avec l'aide des outils Elfsight !","og_url":"https:\/\/elfsight.com\/fr\/button-widget\/iframe\/","og_site_name":"Elfsight FR","article_modified_time":"2025-07-09T16:59:08+00:00","twitter_card":"summary_large_image","twitter_misc":{"Dur\u00e9e de lecture estim\u00e9e":"3 minutes"},"schema":{"@context":"https:\/\/schema.org","@graph":[{"@type":"WebPage","@id":"https:\/\/elfsight.com\/fr\/button-widget\/iframe\/","url":"https:\/\/elfsight.com\/fr\/button-widget\/iframe\/","name":"Widget g\u00e9n\u00e9rateur de boutons - Ajouter un widget bouton \u00e0 iFrame (2025)","isPartOf":{"@id":"https:\/\/elfsight.com\/fr\/#website"},"datePublished":"2024-05-03T06:31:39+00:00","dateModified":"2025-07-09T16:59:08+00:00","description":"Essayez le widget Elfsight Button pour iFrame. Gagnez de nouveaux abonn\u00e9s, augmentez vos ventes et rendez votre entreprise populaire avec l'aide des outils Elfsight !","breadcrumb":{"@id":"https:\/\/elfsight.com\/fr\/button-widget\/iframe\/#breadcrumb"},"inLanguage":"fr-FR","potentialAction":[{"@type":"ReadAction","target":["https:\/\/elfsight.com\/fr\/button-widget\/iframe\/"]}]},{"@type":"BreadcrumbList","@id":"https:\/\/elfsight.com\/fr\/button-widget\/iframe\/#breadcrumb","itemListElement":[{"@type":"ListItem","position":1,"name":"Home","item":"https:\/\/elfsight.com\/fr\/"},{"@type":"ListItem","position":2,"name":"Button","item":"https:\/\/elfsight.com\/fr\/button-widget\/"},{"@type":"ListItem","position":3,"name":"Button &#8211; iFrame"}]},{"@type":"WebSite","@id":"https:\/\/elfsight.com\/fr\/#website","url":"https:\/\/elfsight.com\/fr\/","name":"Elfsight FR","description":"","potentialAction":[{"@type":"SearchAction","target":{"@type":"EntryPoint","urlTemplate":"https:\/\/elfsight.com\/fr\/?s={search_term_string}"},"query-input":{"@type":"PropertyValueSpecification","valueRequired":true,"valueName":"search_term_string"}}],"inLanguage":"fr-FR"}]}},"meta_box":{"industry":"","seo_heading":"","heading":"","description":"","cta_heading":"","cta_description":"","application":"3714","h1":"Widget du bouton iFrame","h1_caption":"Ajoutez un bouton d'appel \u00e0 l'action personnalisable pour encourager les clics et guider vos utilisateurs vers des conversions vers votre site Web iFrame sans effort.","application_category":[],"applications_title":"","applications_request_title":"","applications_request_button_text":"","hero_text":"","hero_video":"","hero_video_schema_markup":"","selling_points_title":"","selling_points_caption":"","selling_points":[],"selling_points_cta_text":"","features_title":"","features":"","ed_cta_examples_text":"","ed_cta_examples_hidden":"","ed_cta_demo_text":"","ed_cta_demo_hidden":"","why_caption":"","why_editor_title":"","why_editor_text":"","why_team_title":"","why_team_text":"","why_service_title":"","why_service_text":"","template_catalog_visible":"","template_catalog_title":"","template_catalog_text":"","template_catalog_categories_visible":"","demo_title":"Cr\u00e9ez votre widget Bouton","demo_caption":"Configurez votre Button et ajoutez-le \u00e0 votre site Web iFrame gratuitement\u00a0!","default_faq_hidden":"","app_template_category":[],"platform":"371","template_public_id":"","codecanyon_url":"","codecanyon_item_id":"","codecanyon_price":"","pricing_caption":"","pricing_elfsight_apps_hide_column":"","pricing_elfsight_apps_url":"","pricing_codecanyon_price_caption":"","integration_category":[],"integration_request_title":"","integration_request_cta":"","integration_platform":"","integrations":[],"platform_category":[],"video_schema_markup":"","price":"\u00e0 partir de 0$ \/ mois","trial":"","benefits":[{"text":"Assistance \u00e0 l'installation gratuite"},{"text":"Service client comp\u00e9tent"},{"text":"Garantie de remboursement de 14 jours"},{"text":"D\u00e9veloppement continu"}],"button_url":"#demo","button_target_blank":"","button_nofollow":"","attributes":[{"name":"Installations","content":"10,000 - 100,000"},{"name":"Sensible","content":"Oui"},{"name":"Navigateurs compatibles","content":"Firefox, Safari, Opera, Chrome, Edge"}],"tags":[],"tags_disable_links":"","hide_more_platforms":"","video_object":"","demo_hide_cta":"","demo_hide_cloud_options":"","pricing_title":"","pricing":[{"pricing_icon":"platform","pricing_title":"Elfsight Apps","pricing_title_caption":"Logiciel ind\u00e9pendant de la plate-forme qui fonctionne sur n'importe quel site Web","pricing_price":"from $0 \/ month","pricing_price_caption":"commencez avec un forfait gratuit","pricing_benefits":[{"text":"Sites Web illimit\u00e9s"},{"text":"Assistance 24h\/24 et 7j\/7, ponctuelle et bien document\u00e9e"},{"text":"Aide \u00e0 l'installation gratuite"},{"text":"Enti\u00e8rement personnalisable"}],"pricing_button_text":"Ajouter au site Web","pricing_button_url":"#demo"}],"related_apps_title":"","related_apps_hidden":"","author":"","image":[],"title":"","job":"","social_networks":[]},"_links":{"self":[{"href":"https:\/\/elfsight.com\/fr\/wp-json\/wp\/v2\/pages\/13172","targetHints":{"allow":["GET"]}}],"collection":[{"href":"https:\/\/elfsight.com\/fr\/wp-json\/wp\/v2\/pages"}],"about":[{"href":"https:\/\/elfsight.com\/fr\/wp-json\/wp\/v2\/types\/page"}],"author":[{"embeddable":true,"href":"https:\/\/elfsight.com\/fr\/wp-json\/wp\/v2\/users\/9"}],"replies":[{"embeddable":true,"href":"https:\/\/elfsight.com\/fr\/wp-json\/wp\/v2\/comments?post=13172"}],"version-history":[{"count":1,"href":"https:\/\/elfsight.com\/fr\/wp-json\/wp\/v2\/pages\/13172\/revisions"}],"predecessor-version":[{"id":13176,"href":"https:\/\/elfsight.com\/fr\/wp-json\/wp\/v2\/pages\/13172\/revisions\/13176"}],"up":[{"embeddable":true,"href":"https:\/\/elfsight.com\/fr\/wp-json\/wp\/v2\/pages\/3715"}],"wp:attachment":[{"href":"https:\/\/elfsight.com\/fr\/wp-json\/wp\/v2\/media?parent=13172"}],"curies":[{"name":"wp","href":"https:\/\/api.w.org\/{rel}","templated":true}]}}