{"id":13163,"date":"2024-05-03T06:31:34","date_gmt":"2024-05-03T06:31:34","guid":{"rendered":"https:\/\/elfsight.com\/fr\/?page_id=13163"},"modified":"2026-01-20T13:15:47","modified_gmt":"2026-01-20T13:15:47","slug":"shopify","status":"publish","type":"page","link":"https:\/\/elfsight.com\/fr\/button-widget\/shopify\/","title":{"rendered":"Button &#8211; Shopify"},"content":{"rendered":"\n<div class=\"application-platform-content-item-description application-platform-content-item\" id=\"description\" data-nav-section=\"description\"> <h2>Int\u00e9grer un bouton sur Shopify avec le widget Elfsight<\/h2> <p>The Button est une application pour Shopify vous permettant de cr\u00e9er diff\u00e9rents boutons pour \u00e0 des fins multiples sur votre site Web. De nombreuses actions peuvent \u00eatre entreprises apr\u00e8s que le visiteur de votre site Web a cliqu\u00e9 sur le bouton. Par exemple, ils peuvent \u00eatre redirig\u00e9s vers une page de destination, composer un num\u00e9ro, discuter via un messager bien connu et bien plus encore. Le bouton est hautement personnalisable\u00a0: vous \u00eates libre d&rsquo;\u00e9crire n&rsquo;importe quel texte, contenu au-dessus et en dessous du bouton, et de modifier sa taille et ses couleurs. <\/p> <p><b>Utilisez un bouton attrayant pour augmenter les ventes sur votre site, attirer plus de nouveaux abonn\u00e9s sur les r\u00e9seaux sociaux et bien plus encore\u00a0! <\/b><\/p> <\/div> <div class=\"application-platform-content-item-features application-platform-content-item\" id=\"features\" data-nav-section=\"features\"> <h2>Consultez la liste des fonctionnalit\u00e9s les plus puissantes\u00a0: <\/h2> <ul><li>Modifiez les couleurs et les polices<\/li><li>2\u00a0types de disposition des boutons\u00a0: int\u00e9gr\u00e9 et flottant<\/li><li>Une possibilit\u00e9 d&rsquo;ajouter du contenu au-dessus et au-dessous du bouton<\/li><li>Vous pouvez occuper deux lignes<\/li><li>Au-dessus de huit variantes d&rsquo;actions apr\u00e8s un clic<\/li><\/ul><p><a href=\"#demo\">Vous pouvez explorer toutes les capacit\u00e9s du widget dans la d\u00e9mo sur cette page<\/a><\/p> <\/div> <div class=\"application-platform-content-item-installation application-platform-content-item\" id=\"installation\" data-nav-section=\"installation\"> <h2>Comment ajouter Button \u00e0 mon site Shopify ? <\/h2> <div class=\"video-container\">\n<iframe width=\"720\" height=\"405\" src=\"https:\/\/www.youtube.com\/embed\/3xjdd0HxBNo?si=9U-3U6zIM_0F16aO\" frameborder=\"0\" allowfullscreen=\"\"><\/iframe>\n<\/div><p>Suivez simplement les instructions ci-dessous pour int\u00e9grer l&rsquo;application. <\/p> <ol><li><b>Utilisez notre configurateur gratuit et commencez \u00e0 fa\u00e7onner votre application personnalis\u00e9e. <\/b><br> Sp\u00e9cifiez l&rsquo;apparence souhaitable et les caract\u00e9ristiques fonctionnelles de l&rsquo;application et appliquez les modifications. <\/li> <li><b>Recevez le code personnel apparaissant dans la case sur Elfsight Apps. <\/b><br> Une fois la personnalisation de votre outil termin\u00e9e, copiez le code exclusif dans la fen\u00eatre qui appara\u00eet et enregistrez-le pour des occasions ult\u00e9rieures. <\/li> <li><b>Commencez l&rsquo;application de l&rsquo;application sur votre site Web Shopify. <\/b><br> Ajoutez le code que vous avez copi\u00e9 auparavant dans votre page et enregistrez les modifications. <\/li> <li><b>Fait\u00a0! L&rsquo;installation s&rsquo;est termin\u00e9e avec succ\u00e8s. <\/b><br> Acc\u00e9dez \u00e0 votre page Web pour voir en action le travail de l&rsquo;application. <\/li><\/ol> <p>Supposons que vous rencontriez des probl\u00e8mes, n&rsquo;h\u00e9sitez pas \u00e0 contacter notre \u00e9quipe d&rsquo;assistance. Nos consultants se feront un plaisir de vous aider avec tous les probl\u00e8mes que vous pourriez rencontrer avec l&rsquo;application. <\/p> <div class=\"faq\" data-component=\"FAQ\"><div class=\"faq-item\">\r\n\t\t\t\t\t<div class=\"faq-item-question\">\r\n\t\t\t\t\t\t<h3 class=\"faq-item-question-text\">Comment puis-je ajouter un bouton \u00e0 mon site Shopify sans comp\u00e9tences en codage ?<\/h3>\r\n\r\n\t\t\t\t\t\t<div class=\"faq-item-question-icon\"><\/div>\r\n\t\t\t\t\t<\/div>\r\n\r\n\t\t\t\t\t<div class=\"faq-item-answer\">\r\n\t\t\t\t\t\t<div class=\"faq-item-answer-text\"> <p>Elfsight fournit une solution SaaS qui vous permet de cr\u00e9er vous-m\u00eame un widget Bouton, voyez \u00e0 quel point le processus est simple : Travaillez directement dans l&rsquo;\u00e9diteur en ligne pour cr\u00e9er un widget Bouton que vous aimeriez voir sur votre site Web Shopify. Choisissez l&rsquo;un des mod\u00e8les pr\u00e9d\u00e9finis et ajustez les param\u00e8tres du bouton, ajoutez votre contenu, modifiez la mise en page et les couleurs sans comp\u00e9tences en codage. Enregistrez le bouton et copiez son code d&rsquo;installation, afin de pouvoir l&rsquo;ajouter facilement \u00e0 votre site Web Shopify sans avoir besoin d&rsquo;acheter un forfait payant. Gr\u00e2ce \u00e0 notre \u00e9diteur intuitif, tout internaute peut cr\u00e9er un widget Bouton en ligne et l&rsquo;int\u00e9grer facilement \u00e0 son site Web Shopify. Il n&rsquo;est pas n\u00e9cessaire de payer ou de saisir les informations d&rsquo;identification de votre carte pour acc\u00e9der au service. Si vous rencontrez des probl\u00e8mes \u00e0 n&rsquo;importe quelle \u00e9tape, n&rsquo;h\u00e9sitez pas \u00e0 contacter notre \u00e9quipe d&rsquo;assistance technique.<\/p> <\/div>\r\n\t\t\t\t\t<\/div>\r\n\t\t\t\t<\/div> <\/div><\/div>\n","protected":false},"excerpt":{"rendered":"","protected":false},"author":9,"featured_media":0,"parent":3715,"menu_order":0,"comment_status":"closed","ping_status":"closed","template":"templates\/template-application-platform.php","meta":{"publish_to_discourse":"","publish_post_category":"","wpdc_auto_publish_overridden":"","wpdc_topic_tags":"","wpdc_pin_topic":"","wpdc_pin_until":"","discourse_post_id":"","discourse_permalink":"","wpdc_publishing_response":"","wpdc_publishing_error":"","footnotes":""},"class_list":["post-13163","page","type-page","status-publish","hentry"],"yoast_head":"<!-- This site is optimized with the Yoast SEO plugin v25.3.1 - https:\/\/yoast.com\/wordpress\/plugins\/seo\/ -->\n<title>Widget d&#039;application de bouton - Int\u00e9grer un widget d&#039;application \u00e0 Shopify ( 2025 )<\/title>\n<meta name=\"description\" content=\"Testez l&#039;application Elfsight Button pour Shopify. Acqu\u00e9rez plus d&#039;abonn\u00e9s, augmentez vos ventes et rendez votre entreprise encore plus populaire en utilisant les outils Elfsight\u00a0!\" \/>\n<meta name=\"robots\" content=\"index, follow, max-snippet:-1, max-image-preview:large, max-video-preview:-1\" \/>\n<link rel=\"canonical\" href=\"https:\/\/elfsight.com\/fr\/button-widget\/shopify\/\" \/>\n<meta property=\"og:locale\" content=\"fr_FR\" \/>\n<meta property=\"og:type\" content=\"article\" \/>\n<meta property=\"og:title\" content=\"Widget d&#039;application de bouton - Int\u00e9grer un widget d&#039;application \u00e0 Shopify ( 2025 )\" \/>\n<meta property=\"og:description\" content=\"Testez l&#039;application Elfsight Button pour Shopify. Acqu\u00e9rez plus d&#039;abonn\u00e9s, augmentez vos ventes et rendez votre entreprise encore plus populaire en utilisant les outils Elfsight\u00a0!\" \/>\n<meta property=\"og:url\" content=\"https:\/\/elfsight.com\/fr\/button-widget\/shopify\/\" \/>\n<meta property=\"og:site_name\" content=\"Elfsight FR\" \/>\n<meta property=\"article:modified_time\" content=\"2026-01-20T13:15:47+00:00\" \/>\n<meta name=\"twitter:card\" content=\"summary_large_image\" \/>\n<meta name=\"twitter:label1\" content=\"Dur\u00e9e de lecture estim\u00e9e\" \/>\n\t<meta name=\"twitter:data1\" content=\"3 minutes\" \/>\n<!-- \/ Yoast SEO plugin. -->","yoast_head_json":{"title":"Widget d'application de bouton - Int\u00e9grer un widget d'application \u00e0 Shopify ( 2025 )","description":"Testez l'application Elfsight Button pour Shopify. Acqu\u00e9rez plus d'abonn\u00e9s, augmentez vos ventes et rendez votre entreprise encore plus populaire en utilisant les outils Elfsight\u00a0!","robots":{"index":"index","follow":"follow","max-snippet":"max-snippet:-1","max-image-preview":"max-image-preview:large","max-video-preview":"max-video-preview:-1"},"canonical":"https:\/\/elfsight.com\/fr\/button-widget\/shopify\/","og_locale":"fr_FR","og_type":"article","og_title":"Widget d'application de bouton - Int\u00e9grer un widget d'application \u00e0 Shopify ( 2025 )","og_description":"Testez l'application Elfsight Button pour Shopify. Acqu\u00e9rez plus d'abonn\u00e9s, augmentez vos ventes et rendez votre entreprise encore plus populaire en utilisant les outils Elfsight\u00a0!","og_url":"https:\/\/elfsight.com\/fr\/button-widget\/shopify\/","og_site_name":"Elfsight FR","article_modified_time":"2026-01-20T13:15:47+00:00","twitter_card":"summary_large_image","twitter_misc":{"Dur\u00e9e de lecture estim\u00e9e":"3 minutes"},"schema":{"@context":"https:\/\/schema.org","@graph":[{"@type":"WebPage","@id":"https:\/\/elfsight.com\/fr\/button-widget\/shopify\/","url":"https:\/\/elfsight.com\/fr\/button-widget\/shopify\/","name":"Widget d'application de bouton - Int\u00e9grer un widget d'application \u00e0 Shopify ( 2025 )","isPartOf":{"@id":"https:\/\/elfsight.com\/fr\/#website"},"datePublished":"2024-05-03T06:31:34+00:00","dateModified":"2026-01-20T13:15:47+00:00","description":"Testez l'application Elfsight Button pour Shopify. Acqu\u00e9rez plus d'abonn\u00e9s, augmentez vos ventes et rendez votre entreprise encore plus populaire en utilisant les outils Elfsight\u00a0!","breadcrumb":{"@id":"https:\/\/elfsight.com\/fr\/button-widget\/shopify\/#breadcrumb"},"inLanguage":"fr-FR","potentialAction":[{"@type":"ReadAction","target":["https:\/\/elfsight.com\/fr\/button-widget\/shopify\/"]}]},{"@type":"BreadcrumbList","@id":"https:\/\/elfsight.com\/fr\/button-widget\/shopify\/#breadcrumb","itemListElement":[{"@type":"ListItem","position":1,"name":"Home","item":"https:\/\/elfsight.com\/fr\/"},{"@type":"ListItem","position":2,"name":"Button","item":"https:\/\/elfsight.com\/fr\/button-widget\/"},{"@type":"ListItem","position":3,"name":"Button &#8211; Shopify"}]},{"@type":"WebSite","@id":"https:\/\/elfsight.com\/fr\/#website","url":"https:\/\/elfsight.com\/fr\/","name":"Elfsight FR","description":"","potentialAction":[{"@type":"SearchAction","target":{"@type":"EntryPoint","urlTemplate":"https:\/\/elfsight.com\/fr\/?s={search_term_string}"},"query-input":{"@type":"PropertyValueSpecification","valueRequired":true,"valueName":"search_term_string"}}],"inLanguage":"fr-FR"}]}},"meta_box":{"industry":"","seo_heading":"","heading":"","description":"","cta_heading":"","cta_description":"","application":"3714","h1":"Application Bouton Shopify","h1_caption":"Ajoutez un bouton d'appel \u00e0 l'action personnalisable pour encourager les clics et guider vos utilisateurs vers des conversions vers votre site Web Shopify sans effort.","application_category":[],"applications_title":"","applications_request_title":"","applications_request_button_text":"","hero_text":"","hero_video":"","hero_video_schema_markup":"","selling_points_title":"","selling_points_caption":"","selling_points":[],"selling_points_cta_text":"","features_title":"","features":"","ed_cta_examples_text":"","ed_cta_examples_hidden":"","ed_cta_demo_text":"","ed_cta_demo_hidden":"","why_caption":"","why_editor_title":"","why_editor_text":"","why_team_title":"","why_team_text":"","why_service_title":"","why_service_text":"","template_catalog_visible":"0","template_catalog_title":"","template_catalog_text":"","template_catalog_categories_visible":"","demo_title":"Cr\u00e9ez votre application Button","demo_caption":"Configurez votre bouton et ajoutez-le \u00e0 votre site Web Shopify gratuitement\u00a0!","default_faq_hidden":"","app_template_category":[],"platform":"360","template_public_id":"","codecanyon_url":"","codecanyon_item_id":"","codecanyon_price":"","pricing_caption":"","pricing_elfsight_apps_hide_column":"","pricing_elfsight_apps_url":"","pricing_codecanyon_price_caption":"","integration_category":[],"integration_request_title":"","integration_request_cta":"","integration_platform":"","integrations":[],"platform_category":[],"video_schema_markup":"","price":"\u00e0 partir de 0$ \/ mois","trial":"","benefits":[{"text":"Aide \u00e0 l'installation gratuite"},{"text":"Service client professionnel"},{"text":"Garantie de remboursement de 14 jours"},{"text":"Am\u00e9liorations gratuites \u00e0 vie"}],"button_url":"#demo","button_target_blank":"0","button_nofollow":"0","attributes":[{"name":"Installations","content":"10,000 - 100,000"},{"name":"Sensible","content":"Oui"},{"name":"Navigateurs compatibles","content":"Firefox, Safari, Opera, Chrome, Edge"}],"tags":[],"tags_disable_links":"0","hide_more_platforms":"0","video_object":"","demo_hide_cta":"0","demo_hide_cloud_options":"0","pricing_title":"","pricing":[{"pricing_icon":"platform","pricing_title":"Elfsight Apps","pricing_title_caption":"Solution num\u00e9rique multiplateforme qui fonctionne sur n'importe quel site","pricing_price":"from $0 \/ month","pricing_price_caption":"commencez avec un forfait gratuit","pricing_benefits":[{"text":"Domaines illimit\u00e9s"},{"text":"Assistance gratuite"},{"text":"Assistance \u00e0 l'installation gratuite"},{"text":"100% personnalisable"}],"pricing_button_text":"Ajouter au site Web","pricing_button_url":"#demo"}],"related_apps_title":"","related_apps_hidden":"0","author":"","image":[],"title":"","job":"","social_networks":[]},"_links":{"self":[{"href":"https:\/\/elfsight.com\/fr\/wp-json\/wp\/v2\/pages\/13163","targetHints":{"allow":["GET"]}}],"collection":[{"href":"https:\/\/elfsight.com\/fr\/wp-json\/wp\/v2\/pages"}],"about":[{"href":"https:\/\/elfsight.com\/fr\/wp-json\/wp\/v2\/types\/page"}],"author":[{"embeddable":true,"href":"https:\/\/elfsight.com\/fr\/wp-json\/wp\/v2\/users\/9"}],"replies":[{"embeddable":true,"href":"https:\/\/elfsight.com\/fr\/wp-json\/wp\/v2\/comments?post=13163"}],"version-history":[{"count":3,"href":"https:\/\/elfsight.com\/fr\/wp-json\/wp\/v2\/pages\/13163\/revisions"}],"predecessor-version":[{"id":16789,"href":"https:\/\/elfsight.com\/fr\/wp-json\/wp\/v2\/pages\/13163\/revisions\/16789"}],"up":[{"embeddable":true,"href":"https:\/\/elfsight.com\/fr\/wp-json\/wp\/v2\/pages\/3715"}],"wp:attachment":[{"href":"https:\/\/elfsight.com\/fr\/wp-json\/wp\/v2\/media?parent=13163"}],"curies":[{"name":"wp","href":"https:\/\/api.w.org\/{rel}","templated":true}]}}