{"id":13157,"date":"2024-05-03T06:31:32","date_gmt":"2024-05-03T06:31:32","guid":{"rendered":"https:\/\/elfsight.com\/fr\/?page_id=13157"},"modified":"2025-07-09T16:59:51","modified_gmt":"2025-07-09T16:59:51","slug":"webflow","status":"publish","type":"page","link":"https:\/\/elfsight.com\/fr\/button-widget\/webflow\/","title":{"rendered":"Button &#8211; Webflow"},"content":{"rendered":"<div class=\"application-platform-content-item-description application-platform-content-item\" id=\"description\" data-nav-section=\"description\"> <h2>Int\u00e9grer le bouton sur Webflow avec le widget Elfsight<\/h2> <p>Elfsight Button est un widget pour Webflow vous donnant la possibilit\u00e9 de cr\u00e9er divers boutons \u00e0 des fins diff\u00e9rentes sur votre site. De nombreuses actions peuvent \u00eatre entreprises d\u00e8s que le visiteur de votre site Web clique sur le bouton. Par exemple, ils peuvent \u00eatre envoy\u00e9s vers un site Web tiers, composer un num\u00e9ro, communiquer via une messagerie populaire, etc. Notre bouton est hautement personnalisable &#8211; vous \u00eates invit\u00e9s \u00e0 utiliser n&rsquo;importe quel texte, contenu au-dessus et au-dessous du bouton, et \u00e0 ajuster sa taille et ses couleurs. <\/p> <p><b>Utilisez un bouton attrayant pour augmenter les ventes sur votre site Web, attirer plus de nouveaux abonn\u00e9s sur les comptes de r\u00e9seaux sociaux et bien plus encore\u00a0! <\/b><\/p> <\/div> <div class=\"application-platform-content-item-features application-platform-content-item\" id=\"features\" data-nav-section=\"features\"> <h2>Retrouvez ci-dessous les fonctionnalit\u00e9s fondamentales du widget\u00a0: <\/h2> <ul><li>Modifier les couleurs et les polices<\/li><li>Deux variantes de disposition des boutons\u00a0: int\u00e9gr\u00e9 et flottant<\/li><li>Une opportunit\u00e9 d&rsquo;ajouter du contenu autour de votre bouton<\/li><li>Vous pouvez occuper 2\u00a0lignes<\/li><li>Au-dessus de huit variantes de sc\u00e9narios apr\u00e8s un clic<\/li><\/ul><p><a href=\"#demo\">Essayez simplement cette d\u00e9mo pour voir ce que vaut le widget<\/a><\/p> <\/div> <div class=\"application-platform-content-item-installation application-platform-content-item\" id=\"installation\" data-nav-section=\"installation\"> <h2>Comment int\u00e9grer Button sur mon site Webflow\u00a0? <\/h2> <p>Appliquez simplement les instructions ci-dessous pour int\u00e9grer le widget. <\/p> <ol><li><b>Utilisez notre \u00e9diteur gratuit et commencez \u00e0 cr\u00e9er votre propre widget. <\/b><br> Recherchez le design et les aspects s\u00e9lectionn\u00e9s du widget et enregistrez les corrections. <\/li> <li><b>Recevez votre code personnel r\u00e9v\u00e9l\u00e9 dans le formulaire sp\u00e9cial sur Elfsight Apps. <\/b><br> D\u00e8s que la personnalisation de votre outil personnel est termin\u00e9e, copiez le code individuel dans la fen\u00eatre qui appara\u00eet et enregistrez-le pour de futures occasions. <\/li> <li><b>Entrez sur l&rsquo;utilisation de l&rsquo;outil sur le site Web Webflow. <\/b><br> Ajoutez le code que vous avez copi\u00e9 auparavant dans votre page d&rsquo;accueil et appliquez les ajustements. <\/li> <li><b>Vous avez termin\u00e9\u00a0! L&rsquo;int\u00e9gration est effectu\u00e9e avec succ\u00e8s. <\/b><br> Visitez votre site pour examiner les performances de l&rsquo;outil. <\/li><\/ol> <p>Si vous rencontrez des probl\u00e8mes, n&rsquo;h\u00e9sitez pas \u00e0 faire appel \u00e0 notre \u00e9quipe d&rsquo;assistance. Nos consultants sont impatients de r\u00e9soudre tous les probl\u00e8mes que vous pourriez rencontrer avec le widget. <\/p> <div class=\"faq\" data-component=\"FAQ\"><div class=\"faq-item\">\r\n\t\t\t\t\t<div class=\"faq-item-question\">\r\n\t\t\t\t\t\t<h3 class=\"faq-item-question-text\">Comment puis-je ajouter un bouton \u00e0 mon site Web Webflow sans comp\u00e9tences en codage ?<\/h3>\r\n\r\n\t\t\t\t\t\t<div class=\"faq-item-question-icon\"><\/div>\r\n\t\t\t\t\t<\/div>\r\n\r\n\t\t\t\t\t<div class=\"faq-item-answer\">\r\n\t\t\t\t\t\t<div class=\"faq-item-answer-text\"> <p>Elfsight fournit une solution SaaS qui vous permet de cr\u00e9er vous-m\u00eame un widget Bouton, voyez \u00e0 quel point le processus est simple : Travaillez directement dans l&rsquo;\u00e9diteur en ligne pour cr\u00e9er un widget Bouton que vous aimeriez voir sur votre site Web Webflow. Choisissez l&rsquo;un des mod\u00e8les pr\u00e9d\u00e9finis et ajustez les param\u00e8tres du bouton, ajoutez votre contenu, modifiez la mise en page et les couleurs sans aucune comp\u00e9tence en codage. Enregistrez le bouton et copiez son code d&rsquo;installation, que vous pouvez simplement ajouter sur votre site Webflow sans avoir besoin d&rsquo;acheter une version payante. Gr\u00e2ce \u00e0 notre \u00e9diteur intuitif, tout internaute peut cr\u00e9er un widget Bouton en ligne et l&rsquo;int\u00e9grer facilement \u00e0 son site Web Webflow. Il n&rsquo;est pas n\u00e9cessaire de payer ou de saisir les informations d&rsquo;identification de votre carte pour acc\u00e9der au service. Si vous rencontrez des probl\u00e8mes \u00e0 n&rsquo;importe quelle \u00e9tape, n&rsquo;h\u00e9sitez pas \u00e0 contacter notre \u00e9quipe d&rsquo;assistance technique.<\/p> <\/div>\r\n\t\t\t\t\t<\/div>\r\n\t\t\t\t<\/div> <\/div><\/div>","protected":false},"excerpt":{"rendered":"","protected":false},"author":9,"featured_media":0,"parent":3715,"menu_order":0,"comment_status":"closed","ping_status":"closed","template":"templates\/template-application-platform.php","meta":{"publish_to_discourse":"","publish_post_category":"","wpdc_auto_publish_overridden":"","wpdc_topic_tags":"","wpdc_pin_topic":"","wpdc_pin_until":"","discourse_post_id":"","discourse_permalink":"","wpdc_publishing_response":"","wpdc_publishing_error":"","footnotes":""},"class_list":["post-13157","page","type-page","status-publish","hentry"],"yoast_head":"<!-- This site is optimized with the Yoast SEO plugin v25.3.1 - https:\/\/yoast.com\/wordpress\/plugins\/seo\/ -->\n<title>Widget de cr\u00e9ation de boutons - Ajouter un widget de bouton \u00e0 Webflow (2025)<\/title>\n<meta name=\"description\" content=\"Utilisez le nouveau widget Elfsight Button pour Webflow. Obtenez de nouveaux abonn\u00e9s, augmentez vos ventes et faites prosp\u00e9rer votre entreprise avec les outils Elfsight\u00a0!\" \/>\n<meta name=\"robots\" content=\"index, follow, max-snippet:-1, max-image-preview:large, max-video-preview:-1\" \/>\n<link rel=\"canonical\" href=\"https:\/\/elfsight.com\/fr\/button-widget\/webflow\/\" \/>\n<meta property=\"og:locale\" content=\"fr_FR\" \/>\n<meta property=\"og:type\" content=\"article\" \/>\n<meta property=\"og:title\" content=\"Widget de cr\u00e9ation de boutons - Ajouter un widget de bouton \u00e0 Webflow (2025)\" \/>\n<meta property=\"og:description\" content=\"Utilisez le nouveau widget Elfsight Button pour Webflow. Obtenez de nouveaux abonn\u00e9s, augmentez vos ventes et faites prosp\u00e9rer votre entreprise avec les outils Elfsight\u00a0!\" \/>\n<meta property=\"og:url\" content=\"https:\/\/elfsight.com\/fr\/button-widget\/webflow\/\" \/>\n<meta property=\"og:site_name\" content=\"Elfsight FR\" \/>\n<meta property=\"article:modified_time\" content=\"2025-07-09T16:59:51+00:00\" \/>\n<meta name=\"twitter:card\" content=\"summary_large_image\" \/>\n<meta name=\"twitter:label1\" content=\"Dur\u00e9e de lecture estim\u00e9e\" \/>\n\t<meta name=\"twitter:data1\" content=\"3 minutes\" \/>\n<!-- \/ Yoast SEO plugin. -->","yoast_head_json":{"title":"Widget de cr\u00e9ation de boutons - Ajouter un widget de bouton \u00e0 Webflow (2025)","description":"Utilisez le nouveau widget Elfsight Button pour Webflow. Obtenez de nouveaux abonn\u00e9s, augmentez vos ventes et faites prosp\u00e9rer votre entreprise avec les outils Elfsight\u00a0!","robots":{"index":"index","follow":"follow","max-snippet":"max-snippet:-1","max-image-preview":"max-image-preview:large","max-video-preview":"max-video-preview:-1"},"canonical":"https:\/\/elfsight.com\/fr\/button-widget\/webflow\/","og_locale":"fr_FR","og_type":"article","og_title":"Widget de cr\u00e9ation de boutons - Ajouter un widget de bouton \u00e0 Webflow (2025)","og_description":"Utilisez le nouveau widget Elfsight Button pour Webflow. Obtenez de nouveaux abonn\u00e9s, augmentez vos ventes et faites prosp\u00e9rer votre entreprise avec les outils Elfsight\u00a0!","og_url":"https:\/\/elfsight.com\/fr\/button-widget\/webflow\/","og_site_name":"Elfsight FR","article_modified_time":"2025-07-09T16:59:51+00:00","twitter_card":"summary_large_image","twitter_misc":{"Dur\u00e9e de lecture estim\u00e9e":"3 minutes"},"schema":{"@context":"https:\/\/schema.org","@graph":[{"@type":"WebPage","@id":"https:\/\/elfsight.com\/fr\/button-widget\/webflow\/","url":"https:\/\/elfsight.com\/fr\/button-widget\/webflow\/","name":"Widget de cr\u00e9ation de boutons - Ajouter un widget de bouton \u00e0 Webflow (2025)","isPartOf":{"@id":"https:\/\/elfsight.com\/fr\/#website"},"datePublished":"2024-05-03T06:31:32+00:00","dateModified":"2025-07-09T16:59:51+00:00","description":"Utilisez le nouveau widget Elfsight Button pour Webflow. Obtenez de nouveaux abonn\u00e9s, augmentez vos ventes et faites prosp\u00e9rer votre entreprise avec les outils Elfsight\u00a0!","breadcrumb":{"@id":"https:\/\/elfsight.com\/fr\/button-widget\/webflow\/#breadcrumb"},"inLanguage":"fr-FR","potentialAction":[{"@type":"ReadAction","target":["https:\/\/elfsight.com\/fr\/button-widget\/webflow\/"]}]},{"@type":"BreadcrumbList","@id":"https:\/\/elfsight.com\/fr\/button-widget\/webflow\/#breadcrumb","itemListElement":[{"@type":"ListItem","position":1,"name":"Home","item":"https:\/\/elfsight.com\/fr\/"},{"@type":"ListItem","position":2,"name":"Button","item":"https:\/\/elfsight.com\/fr\/button-widget\/"},{"@type":"ListItem","position":3,"name":"Button &#8211; Webflow"}]},{"@type":"WebSite","@id":"https:\/\/elfsight.com\/fr\/#website","url":"https:\/\/elfsight.com\/fr\/","name":"Elfsight FR","description":"","potentialAction":[{"@type":"SearchAction","target":{"@type":"EntryPoint","urlTemplate":"https:\/\/elfsight.com\/fr\/?s={search_term_string}"},"query-input":{"@type":"PropertyValueSpecification","valueRequired":true,"valueName":"search_term_string"}}],"inLanguage":"fr-FR"}]}},"meta_box":{"industry":"","seo_heading":"","heading":"","description":"","cta_heading":"","cta_description":"","application":"3714","h1":"Widget de bouton Webflow","h1_caption":"Ajoutez un bouton d'appel \u00e0 l'action personnalisable pour encourager les clics et guider vos utilisateurs vers des conversions vers votre site Web Webflow sans effort.","application_category":[],"applications_title":"","applications_request_title":"","applications_request_button_text":"","hero_text":"","hero_video":"","hero_video_schema_markup":"","selling_points_title":"","selling_points_caption":"","selling_points":[],"selling_points_cta_text":"","features_title":"","features":"","ed_cta_examples_text":"","ed_cta_examples_hidden":"","ed_cta_demo_text":"","ed_cta_demo_hidden":"","why_caption":"","why_editor_title":"","why_editor_text":"","why_team_title":"","why_team_text":"","why_service_title":"","why_service_text":"","template_catalog_visible":"","template_catalog_title":"","template_catalog_text":"","template_catalog_categories_visible":"","demo_title":"Cr\u00e9ez votre widget Bouton","demo_caption":"Configurez votre bouton et ajoutez-le \u00e0 votre site Web Webflow gratuitement\u00a0!","default_faq_hidden":"","app_template_category":[],"platform":"362","template_public_id":"","codecanyon_url":"","codecanyon_item_id":"","codecanyon_price":"","pricing_caption":"","pricing_elfsight_apps_hide_column":"","pricing_elfsight_apps_url":"","pricing_codecanyon_price_caption":"","integration_category":[],"integration_request_title":"","integration_request_cta":"","integration_platform":"","integrations":[],"platform_category":[],"video_schema_markup":"","price":"\u00e0 partir de 0$ \/ mois","trial":"","benefits":[{"text":"Service d'installation gratuit"},{"text":"Service client professionnel"},{"text":"Garantie de remboursement de 14 jours"},{"text":"Am\u00e9liorations gratuites et continues"}],"button_url":"#demo","button_target_blank":"","button_nofollow":"","attributes":[{"name":"Installations","content":"10,000 - 100,000"},{"name":"Sensible","content":"Oui"},{"name":"Navigateurs compatibles","content":"Firefox, Safari, Opera, Chrome, Edge"}],"tags":[],"tags_disable_links":"","hide_more_platforms":"","video_object":"","demo_hide_cta":"","demo_hide_cloud_options":"","pricing_title":"","pricing":[{"pricing_icon":"platform","pricing_title":"Elfsight Apps","pricing_title_caption":"Version ind\u00e9pendante de la plate-forme qui convient \u00e0 n'importe quel site","pricing_price":"from $0 \/ month","pricing_price_caption":"commencez avec un forfait gratuit","pricing_benefits":[{"text":"Sites Web illimit\u00e9s"},{"text":"Assistance rapide et ponctuelle et bien document\u00e9e"},{"text":"Aide \u00e0 l'installation gratuite"},{"text":"Enti\u00e8rement personnalisable"}],"pricing_button_text":"Ajouter au site Web","pricing_button_url":"#demo"}],"related_apps_title":"","related_apps_hidden":"","author":"","image":[],"title":"","job":"","social_networks":[]},"_links":{"self":[{"href":"https:\/\/elfsight.com\/fr\/wp-json\/wp\/v2\/pages\/13157","targetHints":{"allow":["GET"]}}],"collection":[{"href":"https:\/\/elfsight.com\/fr\/wp-json\/wp\/v2\/pages"}],"about":[{"href":"https:\/\/elfsight.com\/fr\/wp-json\/wp\/v2\/types\/page"}],"author":[{"embeddable":true,"href":"https:\/\/elfsight.com\/fr\/wp-json\/wp\/v2\/users\/9"}],"replies":[{"embeddable":true,"href":"https:\/\/elfsight.com\/fr\/wp-json\/wp\/v2\/comments?post=13157"}],"version-history":[{"count":1,"href":"https:\/\/elfsight.com\/fr\/wp-json\/wp\/v2\/pages\/13157\/revisions"}],"predecessor-version":[{"id":13161,"href":"https:\/\/elfsight.com\/fr\/wp-json\/wp\/v2\/pages\/13157\/revisions\/13161"}],"up":[{"embeddable":true,"href":"https:\/\/elfsight.com\/fr\/wp-json\/wp\/v2\/pages\/3715"}],"wp:attachment":[{"href":"https:\/\/elfsight.com\/fr\/wp-json\/wp\/v2\/media?parent=13157"}],"curies":[{"name":"wp","href":"https:\/\/api.w.org\/{rel}","templated":true}]}}