{"id":1311,"date":"2020-07-20T15:17:04","date_gmt":"2020-07-20T15:17:04","guid":{"rendered":"https:\/\/elfsight.com\/fr\/?page_id=1311"},"modified":"2024-07-17T12:53:51","modified_gmt":"2024-07-17T12:53:51","slug":"examples","status":"publish","type":"page","link":"https:\/\/elfsight.com\/fr\/event-calendar-widget\/examples\/","title":{"rendered":"Event Calendar &#8211; Examples"},"content":{"rendered":"\n<div class=\"application-examples-item application-examples-item-loading\">\n                            <div class=\"col-row\">\n                                <div class=\"col-6 col-m-8 col-s-12\"><h3 class=\"application-examples-item-title\">Exemple 1. Matchs d'\u00e9quipe de baseball<\/h3><div class=\"application-examples-item-description\">Pr\u00e9sentez vos \u00e9v\u00e9nements \u00e0 venir de la mani\u00e8re la plus imposante. Une liste d'\u00e9v\u00e9nements ici est utilis\u00e9e pour montrer tous les d\u00e9tails importants sans rendre le calendrier trop lourd. Les jeux \u00e0 domicile et \u00e0 l'ext\u00e9rieur ont une couleur d'arri\u00e8re-plan diff\u00e9rente pour permettre aux utilisateurs de trouver plus facilement ce qu'ils recherchent. Et le bouton CTA propose d'acheter des billets, ce qui est extr\u00eamement pratique pour les utilisateurs, car ils n'ont pas besoin de quitter le site Web pour trouver les billets eux-m\u00eames.<\/div><\/div>\n                <\/div>\n\n                <div class=\"application-examples-item-iframe-container browser-frame\">\n                    <div class=\"application-examples-item-iframe-wrapper\">\n                        <iframe class=\"application-examples-item-iframe\" data-src=\"https:\/\/elfsight.com\/examples?widget_id=43f2336e-48d2-4c7c-b17f-003f045e20ce\" width=\"100%\" allow=\"autoplay; fullscreen\"><\/iframe>\n                    <\/div>\n\n                    <div class=\"application-examples-item-loader\"><\/div>\n                <\/div>\n            <\/div>\n\n<div class=\"application-examples-item application-examples-item-loading\">\n                            <div class=\"col-row\">\n                                <div class=\"col-6 col-m-8 col-s-12\"><h3 class=\"application-examples-item-title\">Exemple 2. \u00c9v\u00e9nements \u00e0 venir<\/h3><div class=\"application-examples-item-description\">Ce calendrier est con\u00e7u dans un style minimaliste et ne montre que les dates et les noms des \u00e9v\u00e9nements \u00e0 venir. Toutes les informations suppl\u00e9mentaires sont cach\u00e9es dans la popup qui s'ouvre en cliquant sur l'\u00e9v\u00e9nement. C'est un bon choix pour ceux qui ont un espace limit\u00e9 sur la page.<\/div><\/div>\n                <\/div>\n\n                <div class=\"application-examples-item-iframe-container browser-frame\">\n                    <div class=\"application-examples-item-iframe-wrapper\">\n                        <iframe class=\"application-examples-item-iframe\" data-src=\"https:\/\/elfsight.com\/examples?widget_id=da4fbdc1-5e26-4388-93e5-f00e6c75567d\" width=\"100%\" allow=\"autoplay; fullscreen\"><\/iframe>\n                    <\/div>\n\n                    <div class=\"application-examples-item-loader\"><\/div>\n                <\/div>\n            <\/div>\n\n<div class=\"application-examples-item application-examples-item-loading\">\n                            <div class=\"col-row\">\n                                <div class=\"col-6 col-m-8 col-s-12\"><h3 class=\"application-examples-item-title\">Exemple 3. Prochains webinaires<\/h3><div class=\"application-examples-item-description\">Les \u00e9v\u00e9nements forment ici une grille qui semble lisse et peut \u00eatre parfaitement int\u00e9gr\u00e9e dans une zone de contenu. Chaque \u00e9v\u00e9nement comprend un bouton actif proposant l'inscription, la date, le nom de l'intervenant et la dur\u00e9e de l'\u00e9v\u00e9nement. Les cartes d'\u00e9v\u00e9nements contiennent toutes les informations n\u00e9cessaires pour que les utilisateurs puissent rapidement d\u00e9cider de participer \u00e0 l'un d'entre eux.<\/div><\/div>\n                <\/div>\n\n                <div class=\"application-examples-item-iframe-container browser-frame\">\n                    <div class=\"application-examples-item-iframe-wrapper\">\n                        <iframe class=\"application-examples-item-iframe\" data-src=\"https:\/\/elfsight.com\/examples?widget_id=19443857-bcd1-4d27-8bfa-efe39acf826d\" width=\"100%\" allow=\"autoplay; fullscreen\"><\/iframe>\n                    <\/div>\n\n                    <div class=\"application-examples-item-loader\"><\/div>\n                <\/div>\n            <\/div>\n\n<div class=\"application-examples-item application-examples-item-loading\">\n                            <div class=\"col-row\">\n                                <div class=\"col-6 col-m-8 col-s-12\"><h3 class=\"application-examples-item-title\">Exemple 4. \u00c9v\u00e9nements universitaires<\/h3><div class=\"application-examples-item-description\">Promouvoir les activit\u00e9s du campus universitaire? Une liste informative des \u00e9v\u00e9nements est la meilleure solution ici. Ce calendrier est peint en noir et blanc et semble dynamique et \u00e9l\u00e9gant. L\u2019absence de photos permet d\u2019accentuer l\u2019attention des utilisateurs sur les noms des \u00e9v\u00e9nements r\u00e9pertori\u00e9s et des l\u00e9gendes color\u00e9es indiquent le type d\u2019\u00e9v\u00e9nement.<\/div><\/div>\n                <\/div>\n\n                <div class=\"application-examples-item-iframe-container browser-frame\">\n                    <div class=\"application-examples-item-iframe-wrapper\">\n                        <iframe class=\"application-examples-item-iframe\" data-src=\"https:\/\/elfsight.com\/examples?widget_id=da5222c1-bfaa-4058-b8cb-7f8a545aad26\" width=\"100%\" allow=\"autoplay; fullscreen\"><\/iframe>\n                    <\/div>\n\n                    <div class=\"application-examples-item-loader\"><\/div>\n                <\/div>\n            <\/div>\n\n<div class=\"application-examples-item application-examples-item-loading\">\n                            <div class=\"col-row\">\n                                <div class=\"col-6 col-m-8 col-s-12\"><h3 class=\"application-examples-item-title\">Exemple 5. Cours \u00e0 venir<\/h3><div class=\"application-examples-item-description\">Malgr\u00e9 son design minimaliste, ce calendrier contient toutes les informations n\u00e9cessaires sur les \u00e9v\u00e9nements \u00e0 venir. Les utilisateurs peuvent trier les \u00e9v\u00e9nements par type en choisissant ceux dont ils ont besoin. Les boutons CTA sont peints en noir pour faire le contraste avec le fond blanc et la l\u00e9gende montre le prix et facilite la d\u00e9cision d'achat pour les utilisateurs.<\/div><\/div>\n                <\/div>\n\n                <div class=\"application-examples-item-iframe-container browser-frame\">\n                    <div class=\"application-examples-item-iframe-wrapper\">\n                        <iframe class=\"application-examples-item-iframe\" data-src=\"https:\/\/elfsight.com\/examples?widget_id=264e97b0-6d51-4c4c-9bb0-c4a1d0a0abeb\" width=\"100%\" allow=\"autoplay; fullscreen\"><\/iframe>\n                    <\/div>\n\n                    <div class=\"application-examples-item-loader\"><\/div>\n                <\/div>\n            <\/div>\n\n<div class=\"application-examples-item application-examples-item-loading\">\n                            <div class=\"col-row\">\n                                <div class=\"col-6 col-m-8 col-s-12\"><h3 class=\"application-examples-item-title\">Exemple 6. \u00c9v\u00e9nements de la ville<\/h3><div class=\"application-examples-item-description\">Vous voulez que votre calendrier soit mod\u00e9r\u00e9 mais toujours engageant? Alors cette variante est pour vous. Chaque \u00e9v\u00e9nement a ici une l\u00e9gende indiquant son type et une vignette qui attire l'attention du public. Tous les \u00e9v\u00e9nements sont class\u00e9s et une couleur diff\u00e9rente est attribu\u00e9e \u00e0 chaque cat\u00e9gorie. Cela permet aux utilisateurs de comprendre plus facilement quels \u00e9v\u00e9nements m\u00e9ritent d'\u00eatre visit\u00e9s.<\/div><\/div>\n                <\/div>\n\n                <div class=\"application-examples-item-iframe-container browser-frame\">\n                    <div class=\"application-examples-item-iframe-wrapper\">\n                        <iframe class=\"application-examples-item-iframe\" data-src=\"https:\/\/elfsight.com\/examples?widget_id=aa869490-314c-4713-b58e-0e6b8277bd95\" width=\"100%\" allow=\"autoplay; fullscreen\"><\/iframe>\n                    <\/div>\n\n                    <div class=\"application-examples-item-loader\"><\/div>\n                <\/div>\n            <\/div>\n\n<div class=\"application-cta-create\">\n                    <div class=\"application-cta-create-bg\">\n                        <div class=\"application-cta-create-bg-left\"><\/div>\n\n                        <div class=\"application-cta-create-bg-right\">\n                            <img decoding=\"async\" src=\"https:\/\/elfsight.com\/fr\/wp-content\/themes\/elfsight\/frontend\/assets\/img\/application-cta-create.jpg\" alt=\"Commencez par cr\u00e9er votre widget\">\n                        <\/div>\n                    <\/div>\n\n                    <div class=\"application-cta-create-content inner\">\n                        <div class=\"application-cta-create-content-inner\">\n                            <div class=\"application-cta-create-content-icon\">\n                                <svg viewBox=\"0 0 25 25\" width=\"100%\" height=\"100%\">\n                                    <use xlink:href=\"#icon-settings\"><\/use>\n                                <\/svg>\n                            <\/div>\n\n                            <div class=\"application-cta-create-content-title\">Commencez par cr\u00e9er votre widget<\/div>\n\n                            <div class=\"application-cta-create-content-text\">Vite. Facile. Pas de codage.<\/div>\n\n                            <a class=\"application-cta-create-content-button button-48 button-has-right-icon button-black button\" href=\"\">\n                                <span class=\"button-label\">Cr\u00e9er un widget<\/span>\n\n                                <svg class=\"button-icon\">\n                                    <use xlink:href=\"#icon-arrow-link\"><\/use>\n                                <\/svg>\n                            <\/a>\n                        <\/div>\n                    <\/div>\n                <\/div>\n\n<div class=\"application-examples-item application-examples-item-loading\">\n                            <div class=\"col-row\">\n                                <div class=\"col-6 col-m-8 col-s-12\"><h3 class=\"application-examples-item-title\">Exemple 7. Mus\u00e9e<\/h3><div class=\"application-examples-item-description\">Cr\u00e9ez un calendrier formidable qui s'int\u00e9grera parfaitement \u00e0 la conception de votre site Web et attirera l'attention des utilisateurs sans effort. En utilisant la disposition Grille, vous pouvez facilement pr\u00e9senter tous les \u00e9v\u00e9nements rassembl\u00e9s en un seul endroit. Pour plus de commodit\u00e9 pour les utilisateurs, vous pouvez attribuer une couleur \u00e0 chaque cat\u00e9gorie d'\u00e9v\u00e9nement. Le bloc de couleur occupe la plus grande partie de la carte d'\u00e9v\u00e9nement et attire l'attention.<\/div><\/div>\n                <\/div>\n\n                <div class=\"application-examples-item-iframe-container browser-frame\">\n                    <div class=\"application-examples-item-iframe-wrapper\">\n                        <iframe class=\"application-examples-item-iframe\" data-src=\"https:\/\/elfsight.com\/examples?widget_id=3febd190-ad8a-4211-8373-ab57df1cc6da\" width=\"100%\" allow=\"autoplay; fullscreen\"><\/iframe>\n                    <\/div>\n\n                    <div class=\"application-examples-item-loader\"><\/div>\n                <\/div>\n            <\/div>\n\n<div class=\"application-examples-item application-examples-item-loading\">\n                            <div class=\"col-row\">\n                                <div class=\"col-6 col-m-8 col-s-12\"><h3 class=\"application-examples-item-title\">Exemple 8.Horaire des spectacles et des divertissements de l'h\u00f4tel<\/h3><div class=\"application-examples-item-description\">La disposition en ma\u00e7onnerie est un choix parfait pour la d\u00e9monstration d'\u00e9v\u00e9nements de divertissement. Se concentrer sur les dates peintes en jaune et noir et une image lumineuse ne permettra pas aux utilisateurs de manquer l'\u00e9v\u00e9nement. Tous les \u00e9v\u00e9nements sont mis en position optimale en fonction de l'espace vertical disponible. Cet agencement de blocs n'a pas l'air standard et attire l'attention.<\/div><\/div>\n                <\/div>\n\n                <div class=\"application-examples-item-iframe-container browser-frame\">\n                    <div class=\"application-examples-item-iframe-wrapper\">\n                        <iframe class=\"application-examples-item-iframe\" data-src=\"https:\/\/elfsight.com\/examples?widget_id=b2c7c63b-cb9f-4db8-a985-927f3556e501\" width=\"100%\" allow=\"autoplay; fullscreen\"><\/iframe>\n                    <\/div>\n\n                    <div class=\"application-examples-item-loader\"><\/div>\n                <\/div>\n            <\/div>\n\n<div class=\"application-examples-item application-examples-item-loading\">\n                            <div class=\"col-row\">\n                                <div class=\"col-6 col-m-8 col-s-12\"><h3 class=\"application-examples-item-title\">Exemple 9. \u00c9v\u00e9nements du club<\/h3><div class=\"application-examples-item-description\">Cr\u00e9ez votre calendrier \u00e9l\u00e9gant en quelques clics. Il vous suffit de choisir l'image de fond pour mettre en valeur les \u00e9v\u00e9nements con\u00e7us dans le m\u00eame style. Le calendrier comporte la date color\u00e9e en rouge, le titre et l'heure. Tous ces d\u00e9tails aident les utilisateurs \u00e0 d\u00e9cider rapidement de leur participation \u00e0 l'\u00e9v\u00e9nement.<\/div><\/div>\n                <\/div>\n\n                <div class=\"application-examples-item-iframe-container browser-frame\">\n                    <div class=\"application-examples-item-iframe-wrapper\">\n                        <iframe class=\"application-examples-item-iframe\" data-src=\"https:\/\/elfsight.com\/examples?widget_id=1eb02c9d-601b-44dd-adab-488fe2c05115\" width=\"100%\" allow=\"autoplay; fullscreen\"><\/iframe>\n                    <\/div>\n\n                    <div class=\"application-examples-item-loader\"><\/div>\n                <\/div>\n            <\/div>\n\n<div class=\"application-examples-item application-examples-item-loading\">\n                            <div class=\"col-row\">\n                                <div class=\"col-6 col-m-8 col-s-12\"><h3 class=\"application-examples-item-title\">Exemple 10. Programmation du festival<\/h3><div class=\"application-examples-item-description\">Ce calendrier utilise des couleurs d\u00e9color\u00e9es pour indiquer les \u00e9tapes. C'est une mani\u00e8re simple et intuitive qui semble toujours incroyablement impressionnante. \u00c0 l'aide d'un bouton sp\u00e9cial, les utilisateurs peuvent \u00e9galement filtrer les \u00e9v\u00e9nements et choisir ceux qui les int\u00e9ressent le plus.<\/div><\/div>\n                <\/div>\n\n                <div class=\"application-examples-item-iframe-container browser-frame\">\n                    <div class=\"application-examples-item-iframe-wrapper\">\n                        <iframe class=\"application-examples-item-iframe\" data-src=\"https:\/\/elfsight.com\/examples?widget_id=bac4aee8-7256-482b-b942-5a8c45364011\" width=\"100%\" allow=\"autoplay; fullscreen\"><\/iframe>\n                    <\/div>\n\n                    <div class=\"application-examples-item-loader\"><\/div>\n                <\/div>\n            <\/div>\n\n<div class=\"application-examples-item application-examples-item-loading\">\n                            <div class=\"col-row\">\n                                <div class=\"col-6 col-m-8 col-s-12\"><h3 class=\"application-examples-item-title\">Exemple 11. Salle de concert<\/h3><div class=\"application-examples-item-description\">Ici, nous avons un exemple de calendrier de salle de concert parfaitement arrang\u00e9. Tous les \u00e9v\u00e9nements peuvent \u00eatre tri\u00e9s par date. Chacun d'eux comporte une image, la date et un bouton CTA proposant d'acheter des billets et menant \u00e0 la page de paiement. L'utilisation du calendrier est incroyablement simple car tous les \u00e9v\u00e9nements sont class\u00e9s par ordre chronologique.<\/div><\/div>\n                <\/div>\n\n                <div class=\"application-examples-item-iframe-container browser-frame\">\n                    <div class=\"application-examples-item-iframe-wrapper\">\n                        <iframe class=\"application-examples-item-iframe\" data-src=\"https:\/\/elfsight.com\/examples?widget_id=a3b46df8-9ae5-4961-bc39-35743ab3e55d\" width=\"100%\" allow=\"autoplay; fullscreen\"><\/iframe>\n                    <\/div>\n\n                    <div class=\"application-examples-item-loader\"><\/div>\n                <\/div>\n            <\/div>\n\n<div class=\"application-examples-item application-examples-item-loading\">\n                            <div class=\"col-row\">\n                                <div class=\"col-6 col-m-8 col-s-12\"><h3 class=\"application-examples-item-title\">Exemple 12. Exposition-curseur<\/h3><div class=\"application-examples-item-description\">Slider est une excellente option pour ceux qui ont un espace limit\u00e9 sur la page ou qui ne peuvent pas offrir de nombreux \u00e9v\u00e9nements \u00e0 la fois. Ici, nous voyons trois diapositives, chacune d'elles est d'une nouvelle couleur. En cliquant sur le bouton CTA, les utilisateurs peuvent acc\u00e9der \u00e0 la page de paiement et acheter des billets. Le curseur s'int\u00e9grera parfaitement dans la zone de contenu du site Web et ne n\u00e9cessitera pas trop d'espace.<\/div><\/div>\n                <\/div>\n\n                <div class=\"application-examples-item-iframe-container browser-frame\">\n                    <div class=\"application-examples-item-iframe-wrapper\">\n                        <iframe class=\"application-examples-item-iframe\" data-src=\"https:\/\/elfsight.com\/examples?widget_id=decff575-2b28-4fc6-9ab9-ff8663d22d81\" width=\"100%\" allow=\"autoplay; fullscreen\"><\/iframe>\n                    <\/div>\n\n                    <div class=\"application-examples-item-loader\"><\/div>\n                <\/div>\n            <\/div>\n\n<div class=\"application-examples-item application-examples-item-loading\">\n                            <div class=\"col-row\">\n                                <div class=\"col-6 col-m-8 col-s-12\"><h3 class=\"application-examples-item-title\">Exemple 13. Palais des Congr\u00e8s<\/h3><div class=\"application-examples-item-description\">Ce calendrier est peint en noir et jaune et est incroyablement \u00e9l\u00e9gant. La disposition en ma\u00e7onnerie est utilis\u00e9e ici pour rendre le contenu attrayant et attrayant. Les boutons CTA lumineux encouragent les utilisateurs \u00e0 acheter des billets. Pour chaque \u00e9v\u00e9nement, une l\u00e9gende avec une information de r\u00e9duction peut \u00eatre ajout\u00e9e.<\/div><\/div>\n                <\/div>\n\n                <div class=\"application-examples-item-iframe-container browser-frame\">\n                    <div class=\"application-examples-item-iframe-wrapper\">\n                        <iframe class=\"application-examples-item-iframe\" data-src=\"https:\/\/elfsight.com\/examples?widget_id=1cb5abc2-11ae-451c-891f-ae9c864fbb17\" width=\"100%\" allow=\"autoplay; fullscreen\"><\/iframe>\n                    <\/div>\n\n                    <div class=\"application-examples-item-loader\"><\/div>\n                <\/div>\n            <\/div>\n","protected":false},"excerpt":{"rendered":"","protected":false},"author":9,"featured_media":0,"parent":1299,"menu_order":0,"comment_status":"closed","ping_status":"closed","template":"templates\/template-application-examples.php","meta":{"publish_to_discourse":"","publish_post_category":"","wpdc_auto_publish_overridden":"","wpdc_topic_tags":"","wpdc_pin_topic":"","wpdc_pin_until":"","discourse_post_id":"","discourse_permalink":"","wpdc_publishing_response":"","wpdc_publishing_error":"","footnotes":""},"class_list":["post-1311","page","type-page","status-publish","hentry"],"yoast_head":"<!-- This site is optimized with the Yoast SEO plugin v25.3.1 - https:\/\/yoast.com\/wordpress\/plugins\/seo\/ -->\n<title>Les meilleurs exemples de widgets de calendrier sur un site Web<\/title>\n<meta name=\"description\" content=\"TOP 13 exemples de calendrier du site web: calendrier des jeux d&#039;\u00e9quipe, \u00e9v\u00e9nements \u00e0 venir, programmation du festival et autres mod\u00e8les de widgets.\" \/>\n<meta name=\"robots\" content=\"index, follow, max-snippet:-1, max-image-preview:large, max-video-preview:-1\" \/>\n<link rel=\"canonical\" href=\"https:\/\/elfsight.com\/fr\/event-calendar-widget\/examples\/\" \/>\n<meta property=\"og:locale\" content=\"fr_FR\" \/>\n<meta property=\"og:type\" content=\"article\" \/>\n<meta property=\"og:title\" content=\"Les meilleurs exemples de widgets de calendrier sur un site Web\" \/>\n<meta property=\"og:description\" content=\"TOP 13 exemples de calendrier du site web: calendrier des jeux d&#039;\u00e9quipe, \u00e9v\u00e9nements \u00e0 venir, programmation du festival et autres mod\u00e8les de widgets.\" \/>\n<meta property=\"og:url\" content=\"https:\/\/elfsight.com\/fr\/event-calendar-widget\/examples\/\" \/>\n<meta property=\"og:site_name\" content=\"Elfsight FR\" \/>\n<meta property=\"article:modified_time\" content=\"2024-07-17T12:53:51+00:00\" \/>\n<meta name=\"twitter:card\" content=\"summary_large_image\" \/>\n<meta name=\"twitter:label1\" content=\"Dur\u00e9e de lecture estim\u00e9e\" \/>\n\t<meta name=\"twitter:data1\" content=\"5 minutes\" \/>\n<!-- \/ Yoast SEO plugin. -->","yoast_head_json":{"title":"Les meilleurs exemples de widgets de calendrier sur un site Web","description":"TOP 13 exemples de calendrier du site web: calendrier des jeux d'\u00e9quipe, \u00e9v\u00e9nements \u00e0 venir, programmation du festival et autres mod\u00e8les de widgets.","robots":{"index":"index","follow":"follow","max-snippet":"max-snippet:-1","max-image-preview":"max-image-preview:large","max-video-preview":"max-video-preview:-1"},"canonical":"https:\/\/elfsight.com\/fr\/event-calendar-widget\/examples\/","og_locale":"fr_FR","og_type":"article","og_title":"Les meilleurs exemples de widgets de calendrier sur un site Web","og_description":"TOP 13 exemples de calendrier du site web: calendrier des jeux d'\u00e9quipe, \u00e9v\u00e9nements \u00e0 venir, programmation du festival et autres mod\u00e8les de widgets.","og_url":"https:\/\/elfsight.com\/fr\/event-calendar-widget\/examples\/","og_site_name":"Elfsight FR","article_modified_time":"2024-07-17T12:53:51+00:00","twitter_card":"summary_large_image","twitter_misc":{"Dur\u00e9e de lecture estim\u00e9e":"5 minutes"},"schema":{"@context":"https:\/\/schema.org","@graph":[{"@type":"WebPage","@id":"https:\/\/elfsight.com\/fr\/event-calendar-widget\/examples\/","url":"https:\/\/elfsight.com\/fr\/event-calendar-widget\/examples\/","name":"Les meilleurs exemples de widgets de calendrier sur un site Web","isPartOf":{"@id":"https:\/\/elfsight.com\/fr\/#website"},"datePublished":"2020-07-20T15:17:04+00:00","dateModified":"2024-07-17T12:53:51+00:00","description":"TOP 13 exemples de calendrier du site web: calendrier des jeux d'\u00e9quipe, \u00e9v\u00e9nements \u00e0 venir, programmation du festival et autres mod\u00e8les de widgets.","breadcrumb":{"@id":"https:\/\/elfsight.com\/fr\/event-calendar-widget\/examples\/#breadcrumb"},"inLanguage":"fr-FR","potentialAction":[{"@type":"ReadAction","target":["https:\/\/elfsight.com\/fr\/event-calendar-widget\/examples\/"]}]},{"@type":"BreadcrumbList","@id":"https:\/\/elfsight.com\/fr\/event-calendar-widget\/examples\/#breadcrumb","itemListElement":[{"@type":"ListItem","position":1,"name":"Home","item":"https:\/\/elfsight.com\/fr\/"},{"@type":"ListItem","position":2,"name":"Event Calendar","item":"https:\/\/elfsight.com\/fr\/event-calendar-widget\/"},{"@type":"ListItem","position":3,"name":"Event Calendar &#8211; Examples"}]},{"@type":"WebSite","@id":"https:\/\/elfsight.com\/fr\/#website","url":"https:\/\/elfsight.com\/fr\/","name":"Elfsight FR","description":"","potentialAction":[{"@type":"SearchAction","target":{"@type":"EntryPoint","urlTemplate":"https:\/\/elfsight.com\/fr\/?s={search_term_string}"},"query-input":{"@type":"PropertyValueSpecification","valueRequired":true,"valueName":"search_term_string"}}],"inLanguage":"fr-FR"}]}},"meta_box":{"industry":"","seo_heading":"","heading":"","description":"","cta_heading":"","cta_description":"","application":"1298","h1":"","h1_caption":"Consultez les exemples de calendrier pour r\u00e9v\u00e9ler tout le potentiel du widget d'\u00e9v\u00e9nements. Assurez-vous qu'il conviendra \u00e0 tous vos objectifs.","application_category":[],"applications_title":"","applications_request_title":"","applications_request_button_text":"","hero_text":"","hero_video":"","hero_video_schema_markup":"","selling_points_title":"","selling_points_caption":"","selling_points":[],"selling_points_cta_text":"","features_title":"","features":"","ed_cta_examples_text":"","ed_cta_examples_hidden":"","ed_cta_demo_text":"","ed_cta_demo_hidden":"","why_caption":"","why_editor_title":"","why_editor_text":"","why_team_title":"","why_team_text":"","why_service_title":"","why_service_text":"","template_catalog_visible":"","template_catalog_title":"","template_catalog_text":"","template_catalog_categories_visible":"","demo_title":"","demo_caption":"","default_faq_hidden":"","app_template_category":[],"platform":"","template_public_id":"","codecanyon_url":"","codecanyon_item_id":"","codecanyon_price":"","pricing_caption":"","pricing_elfsight_apps_hide_column":"","pricing_elfsight_apps_url":"","pricing_codecanyon_price_caption":"","integration_category":[],"integration_request_title":"","integration_request_cta":"","integration_platform":"","integrations":[],"platform_category":[],"video_schema_markup":"","price":"","trial":"","benefits":[],"button_url":"","button_target_blank":"","button_nofollow":"","attributes":[],"tags":[],"tags_disable_links":"","hide_more_platforms":"","video_object":"","demo_hide_cta":"","demo_hide_cloud_options":"","pricing_title":"","pricing":[],"related_apps_title":"","related_apps_hidden":"","author":"","image":[],"title":"","job":"","social_networks":[]},"_links":{"self":[{"href":"https:\/\/elfsight.com\/fr\/wp-json\/wp\/v2\/pages\/1311","targetHints":{"allow":["GET"]}}],"collection":[{"href":"https:\/\/elfsight.com\/fr\/wp-json\/wp\/v2\/pages"}],"about":[{"href":"https:\/\/elfsight.com\/fr\/wp-json\/wp\/v2\/types\/page"}],"author":[{"embeddable":true,"href":"https:\/\/elfsight.com\/fr\/wp-json\/wp\/v2\/users\/9"}],"replies":[{"embeddable":true,"href":"https:\/\/elfsight.com\/fr\/wp-json\/wp\/v2\/comments?post=1311"}],"version-history":[{"count":9,"href":"https:\/\/elfsight.com\/fr\/wp-json\/wp\/v2\/pages\/1311\/revisions"}],"predecessor-version":[{"id":14177,"href":"https:\/\/elfsight.com\/fr\/wp-json\/wp\/v2\/pages\/1311\/revisions\/14177"}],"up":[{"embeddable":true,"href":"https:\/\/elfsight.com\/fr\/wp-json\/wp\/v2\/pages\/1299"}],"wp:attachment":[{"href":"https:\/\/elfsight.com\/fr\/wp-json\/wp\/v2\/media?parent=1311"}],"curies":[{"name":"wp","href":"https:\/\/api.w.org\/{rel}","templated":true}]}}