{"id":11165,"date":"1970-01-01T00:00:00","date_gmt":"1970-01-01T00:00:00","guid":{"rendered":"https:\/\/elfsight.com\/fr\/?page_id=11165"},"modified":"2025-07-10T15:04:11","modified_gmt":"2025-07-10T15:04:11","slug":"blogger","status":"publish","type":"page","link":"https:\/\/elfsight.com\/fr\/yelp-reviews-widget\/blogger\/","title":{"rendered":"Yelp Reviews &#8211; Blogger"},"content":{"rendered":"<div class=\"application-platform-content-item-description application-platform-content-item\" id=\"description\" data-nav-section=\"description\"> <h2>Description<\/h2> <p>Si vous souhaitez d\u00e9montrer votre note \u00e9lev\u00e9e et convaincre les visiteurs de votre site Web que vos produits ou services pr\u00e9sentent un bon rapport qualit\u00e9-prix de l&rsquo;argent, le widget Elfsight Yelp Reviews sera la solution. Avec l&rsquo;aide de notre widget, vous placerez rapidement les avis des clients de Yelp sur votre site Web avec des informations sur leurs auteurs, utiliserez des filtres pour r\u00e9v\u00e9ler uniquement les meilleurs, afficherez les notes et un bouton actif qui dirigera les gens vers votre compte Yelp, o\u00f9 ils pourront ajouter un autre avis. <\/p><div class=\"faq\" data-component=\"FAQ\"> <div class=\"faq-item\">\r\n\t\t\t\t\t<div class=\"faq-item-question\">\r\n\t\t\t\t\t\t<h3 class=\"faq-item-question-text\">O\u00f9 puis-je ins\u00e9rer ce plugin<\/h3>\r\n\r\n\t\t\t\t\t\t<div class=\"faq-item-question-icon\"><\/div>\r\n\t\t\t\t\t<\/div>\r\n\r\n\t\t\t\t\t<div class=\"faq-item-answer\">\r\n\t\t\t\t\t\t<div class=\"faq-item-answer-text\"> <p>Vous \u00eates libre d&rsquo;ins\u00e9rer le widget d&rsquo;avis dans n&rsquo;importe quelle page du site Web, ou de l&rsquo;ajouter dans le mod\u00e8le du site Web, dans ce cas s&rsquo;affichera sur toutes les pages. Les avis feront du bon travail sur les pages de produits ou sur la page \u00c0 propos de nous, o\u00f9 vous souhaitez prouver votre haute \u00e9valuation. <\/p><\/div>\r\n\t\t\t\t\t<\/div>\r\n\t\t\t\t<\/div> <div class=\"faq-item\">\r\n\t\t\t\t\t<div class=\"faq-item-question\">\r\n\t\t\t\t\t\t<h3 class=\"faq-item-question-text\">Quels sont les avantages d'avoir un widget Avis pour moi ?<\/h3>\r\n\r\n\t\t\t\t\t\t<div class=\"faq-item-question-icon\"><\/div>\r\n\t\t\t\t\t<\/div>\r\n\r\n\t\t\t\t\t<div class=\"faq-item-answer\">\r\n\t\t\t\t\t\t<div class=\"faq-item-answer-text\"> <p>Les avis de personnes r\u00e9elles sont extr\u00eamement dignes de confiance pour les clients de votre site et signifient pour eux que votre entreprise est fiable. partenaire. Une note \u00e9lev\u00e9e et de bonnes critiques peuvent aider \u00e0 renforcer le niveau d&rsquo;achats sur votre site. De plus, le bouton de redirection peut contribuer \u00e0 obtenir davantage d&rsquo;avis de clients sur vos offres ou services sur Yelp.<\/p> <\/div>\r\n\t\t\t\t\t<\/div>\r\n\t\t\t\t<\/div> <div class=\"faq-item\">\r\n\t\t\t\t\t<div class=\"faq-item-question\">\r\n\t\t\t\t\t\t<h3 class=\"faq-item-question-text\">Comment int\u00e9grer le widget Avis sur mon site Blogger ?<\/h3>\r\n\r\n\t\t\t\t\t\t<div class=\"faq-item-question-icon\"><\/div>\r\n\t\t\t\t\t<\/div>\r\n\r\n\t\t\t\t\t<div class=\"faq-item-answer\">\r\n\t\t\t\t\t\t<div class=\"faq-item-answer-text\"> <p>Ce sera le cas. prenez une minute pour commencer \u00e0 utiliser le widget. Son ajout est tr\u00e8s rapide, gratuit et sans codage.<\/p> <p>Vous pouvez int\u00e9grer le widget Avis \u00e0 votre site Web dans notre service. Pour cela, vous devez suivre les instructions ci-apr\u00e8s sur cette page.<\/p><\/div>\r\n\t\t\t\t\t<\/div>\r\n\t\t\t\t<\/div> <\/div> <\/div> <div class=\"application-platform-content-item-features application-platform-content-item\" id=\"features\" data-nav-section=\"features\"> <h2>Fonctionnalit\u00e9s<\/h2> <p>Pour fa\u00e7onnez une compr\u00e9hension plus claire du widget, d\u00e9couvrez la liste des fonctions les plus importantes. Ils rendent notre widget vraiment efficace pour votre boutique\u00a0: <\/p> <ul> <li>Trois filtres disponibles\u00a0: par type, pour exclure par mots-cl\u00e9s et nombre d&rsquo;avis \u00e0 afficher\u00a0;<\/li> <li>Quatre options de mise en page : Liste, Grille, Ma\u00e7onnerie et Slider\u00a0;<\/li> <li>Une opportunit\u00e9 d&rsquo;afficher ou de masquer l&rsquo;en-t\u00eate du widget\u00a0;<\/li> <li>Le bouton pour demander un avis am\u00e8ne les clients \u00e0 la page Yelp\u00a0;<\/li> <li>6 \u00e9l\u00e9ments flexibles du widget\u00a0: le nom de l&rsquo;auteur et sa photo, la recommandation, la date de publication, l&rsquo;ic\u00f4ne Yelp et le nombre d&rsquo;\u00e9toiles\u00a0;<\/li> <li>Deux alternatives de sc\u00e9narios de refus de demande d&rsquo;avis\u00a0: afficher un message texte ou masquer le bouton.<\/li> <\/ul><p><a href=\"#demo\">D\u00e9couvrez toutes les fonctionnalit\u00e9s de notre d\u00e9mo<\/a><\/p> <\/div> <div class=\"application-platform-content-item-installation application-platform-content-item\" id=\"installation\" data-nav-section=\"installation\"> <h2>Voici comment ajouter les avis Yelp \u00e0 votre site Web Blogger. C&rsquo;est simple et rapide.<\/h2><div class=\"video-container\"><iframe width=\"720\" height=\"405\" src=\"https:\/\/www.youtube.com\/embed\/QoH9IYWhXPA\" frameborder=\"0\" allowfullscreen=\"\"><\/iframe><\/div><p> Quelques actions simples sont la seule chose dont vous avez besoin pour configurer le widget Avis sur votre site. Cela prendra une minute et ne n\u00e9cessite pas de codage.<\/p> <ul><li><b>G\u00e9n\u00e9rez votre widget personnalis\u00e9<\/b><br> En g\u00e9rant notre \u00e9diteur gratuit, obtenez un plugin avec une composition pr\u00e9f\u00e9r\u00e9e et fonctions. <\/li><li><b>Recevez le code individuel pour afficher le widget<\/b><br> Apr\u00e8s avoir configur\u00e9 votre widget, vous obtiendrez le code individuel de la notification apparue sur les applications Elfsight. Copiez-le. <\/li> <li><b> Int\u00e9grez le widget sur votre site Web<\/b><br> Recherchez la zone o\u00f9 vous pr\u00e9voyez d&rsquo;afficher le widget et ajoutez-y le code enregistr\u00e9. Enregistrez les modifications. <\/li> <li><b>Vous avez termin\u00e9\u00a0!<\/b><br> Entrez sur le site pour consulter vos avis.<\/li> <\/ul><p>Toujours incertain\u00a0? Ou rencontrez des probl\u00e8mes ? Une seule demande \u00e0 notre \u00e9quipe d&rsquo;assistance r\u00e9glera tous les probl\u00e8mes.<\/p> <\/div>","protected":false},"excerpt":{"rendered":"","protected":false},"author":9,"featured_media":0,"parent":1899,"menu_order":0,"comment_status":"closed","ping_status":"closed","template":"templates\/template-application-platform.php","meta":{"publish_to_discourse":"","publish_post_category":"","wpdc_auto_publish_overridden":"","wpdc_topic_tags":"","wpdc_pin_topic":"","wpdc_pin_until":"","discourse_post_id":"","discourse_permalink":"","wpdc_publishing_response":"","wpdc_publishing_error":"","footnotes":""},"class_list":["post-11165","page","type-page","status-publish","hentry"],"yoast_head":"<!-- This site is optimized with the Yoast SEO plugin v25.3.1 - https:\/\/yoast.com\/wordpress\/plugins\/seo\/ -->\n<title>Ajoutez le widget Yelp Reviews \u00e0 votre site Web Blogger (en 2 minutes)<\/title>\n<meta name=\"description\" content=\"Voici une opportunit\u00e9 de cr\u00e9er un widget Yelp Reviews personnalis\u00e9 et de l\u2019afficher sur votre site Web Blogger. B\u00e9n\u00e9ficiez d&#039;une assistance client gratuite et d&#039;autres bonus d&#039;Elfsight.\" \/>\n<meta name=\"robots\" content=\"index, follow, max-snippet:-1, max-image-preview:large, max-video-preview:-1\" \/>\n<link rel=\"canonical\" href=\"https:\/\/elfsight.com\/fr\/yelp-reviews-widget\/blogger\/\" \/>\n<meta property=\"og:locale\" content=\"fr_FR\" \/>\n<meta property=\"og:type\" content=\"article\" \/>\n<meta property=\"og:title\" content=\"Ajoutez le widget Yelp Reviews \u00e0 votre site Web Blogger (en 2 minutes)\" \/>\n<meta property=\"og:description\" content=\"Voici une opportunit\u00e9 de cr\u00e9er un widget Yelp Reviews personnalis\u00e9 et de l\u2019afficher sur votre site Web Blogger. B\u00e9n\u00e9ficiez d&#039;une assistance client gratuite et d&#039;autres bonus d&#039;Elfsight.\" \/>\n<meta property=\"og:url\" content=\"https:\/\/elfsight.com\/fr\/yelp-reviews-widget\/blogger\/\" \/>\n<meta property=\"og:site_name\" content=\"Elfsight FR\" \/>\n<meta property=\"article:modified_time\" content=\"2025-07-10T15:04:11+00:00\" \/>\n<meta name=\"twitter:card\" content=\"summary_large_image\" \/>\n<meta name=\"twitter:label1\" content=\"Dur\u00e9e de lecture estim\u00e9e\" \/>\n\t<meta name=\"twitter:data1\" content=\"3 minutes\" \/>\n<!-- \/ Yoast SEO plugin. -->","yoast_head_json":{"title":"Ajoutez le widget Yelp Reviews \u00e0 votre site Web Blogger (en 2 minutes)","description":"Voici une opportunit\u00e9 de cr\u00e9er un widget Yelp Reviews personnalis\u00e9 et de l\u2019afficher sur votre site Web Blogger. B\u00e9n\u00e9ficiez d'une assistance client gratuite et d'autres bonus d'Elfsight.","robots":{"index":"index","follow":"follow","max-snippet":"max-snippet:-1","max-image-preview":"max-image-preview:large","max-video-preview":"max-video-preview:-1"},"canonical":"https:\/\/elfsight.com\/fr\/yelp-reviews-widget\/blogger\/","og_locale":"fr_FR","og_type":"article","og_title":"Ajoutez le widget Yelp Reviews \u00e0 votre site Web Blogger (en 2 minutes)","og_description":"Voici une opportunit\u00e9 de cr\u00e9er un widget Yelp Reviews personnalis\u00e9 et de l\u2019afficher sur votre site Web Blogger. B\u00e9n\u00e9ficiez d'une assistance client gratuite et d'autres bonus d'Elfsight.","og_url":"https:\/\/elfsight.com\/fr\/yelp-reviews-widget\/blogger\/","og_site_name":"Elfsight FR","article_modified_time":"2025-07-10T15:04:11+00:00","twitter_card":"summary_large_image","twitter_misc":{"Dur\u00e9e de lecture estim\u00e9e":"3 minutes"},"schema":{"@context":"https:\/\/schema.org","@graph":[{"@type":"WebPage","@id":"https:\/\/elfsight.com\/fr\/yelp-reviews-widget\/blogger\/","url":"https:\/\/elfsight.com\/fr\/yelp-reviews-widget\/blogger\/","name":"Ajoutez le widget Yelp Reviews \u00e0 votre site Web Blogger (en 2 minutes)","isPartOf":{"@id":"https:\/\/elfsight.com\/fr\/#website"},"datePublished":"1970-01-01T00:00:00+00:00","dateModified":"2025-07-10T15:04:11+00:00","description":"Voici une opportunit\u00e9 de cr\u00e9er un widget Yelp Reviews personnalis\u00e9 et de l\u2019afficher sur votre site Web Blogger. B\u00e9n\u00e9ficiez d'une assistance client gratuite et d'autres bonus d'Elfsight.","breadcrumb":{"@id":"https:\/\/elfsight.com\/fr\/yelp-reviews-widget\/blogger\/#breadcrumb"},"inLanguage":"fr-FR","potentialAction":[{"@type":"ReadAction","target":["https:\/\/elfsight.com\/fr\/yelp-reviews-widget\/blogger\/"]}]},{"@type":"BreadcrumbList","@id":"https:\/\/elfsight.com\/fr\/yelp-reviews-widget\/blogger\/#breadcrumb","itemListElement":[{"@type":"ListItem","position":1,"name":"Home","item":"https:\/\/elfsight.com\/fr\/"},{"@type":"ListItem","position":2,"name":"Yelp Reviews","item":"https:\/\/elfsight.com\/fr\/yelp-reviews-widget\/"},{"@type":"ListItem","position":3,"name":"Yelp Reviews &#8211; Blogger"}]},{"@type":"WebSite","@id":"https:\/\/elfsight.com\/fr\/#website","url":"https:\/\/elfsight.com\/fr\/","name":"Elfsight FR","description":"","potentialAction":[{"@type":"SearchAction","target":{"@type":"EntryPoint","urlTemplate":"https:\/\/elfsight.com\/fr\/?s={search_term_string}"},"query-input":{"@type":"PropertyValueSpecification","valueRequired":true,"valueName":"search_term_string"}}],"inLanguage":"fr-FR"}]}},"meta_box":{"industry":"","seo_heading":"","heading":"","description":"","cta_heading":"","cta_description":"","application":"1891","h1":"Widget Avis Blogger sur Yelp","h1_caption":"Pr\u00e9sentez les avis des clients de Yelp pour renforcer votre cr\u00e9dibilit\u00e9 et fournir sans effort une preuve sociale de votre entreprise sur votre site Web Blogger.","application_category":[],"applications_title":"","applications_request_title":"","applications_request_button_text":"","hero_text":"","hero_video":"","hero_video_schema_markup":"","selling_points_title":"","selling_points_caption":"","selling_points":[],"selling_points_cta_text":"","features_title":"","features":"","ed_cta_examples_text":"","ed_cta_examples_hidden":"","ed_cta_demo_text":"","ed_cta_demo_hidden":"","why_caption":"","why_editor_title":"","why_editor_text":"","why_team_title":"","why_team_text":"","why_service_title":"","why_service_text":"","template_catalog_visible":"","template_catalog_title":"","template_catalog_text":"","template_catalog_categories_visible":"","demo_title":"Cr\u00e9ez votre widget Avis Yelp","demo_caption":"Configurez vos avis Yelp et ajoutez-les gratuitement \u00e0 votre site Web Blogger\u00a0!","default_faq_hidden":"","app_template_category":[],"platform":"348","template_public_id":"","codecanyon_url":"","codecanyon_item_id":"","codecanyon_price":"","pricing_caption":"","pricing_elfsight_apps_hide_column":"","pricing_elfsight_apps_url":"","pricing_codecanyon_price_caption":"","integration_category":[],"integration_request_title":"","integration_request_cta":"","integration_platform":"","integrations":[],"platform_category":[],"video_schema_markup":"","price":"\u00e0 partir de 0$ \/ mois","trial":"","benefits":[{"text":"Service d'installation gratuit"},{"text":"Soutien exceptionnel"},{"text":"Garantie de remboursement de 14 jours"},{"text":"Mises \u00e0 jour r\u00e9guli\u00e8res"}],"button_url":"","button_target_blank":"","button_nofollow":"","attributes":[{"name":"Installations","content":"10,000 - 100,000"},{"name":"Sensible","content":"Oui"},{"name":"Navigateurs compatibles","content":"Firefox, Safari, Opera, Chrome, Edge"}],"tags":[],"tags_disable_links":"","hide_more_platforms":"","video_object":"","demo_hide_cta":"","demo_hide_cloud_options":"","pricing_title":"","pricing":[{"pricing_icon":"platform","pricing_title":"Elfsight Apps","pricing_title_caption":"Version multiplateforme qui fonctionne sur n'importe quel site Web","pricing_price":"from $0 \/ month","pricing_price_caption":"commencez avec un forfait gratuit","pricing_benefits":[{"text":"Sites Web illimit\u00e9s"},{"text":"Assistance professionnelle, ponctuelle et bien document\u00e9e"},{"text":"Aide \u00e0 l'installation gratuite"},{"text":"Enti\u00e8rement personnalisable"}],"pricing_button_text":"Ajouter au site Web","pricing_button_url":"#demo"}],"related_apps_title":"","related_apps_hidden":"","author":"","image":[],"title":"","job":"","social_networks":[]},"_links":{"self":[{"href":"https:\/\/elfsight.com\/fr\/wp-json\/wp\/v2\/pages\/11165","targetHints":{"allow":["GET"]}}],"collection":[{"href":"https:\/\/elfsight.com\/fr\/wp-json\/wp\/v2\/pages"}],"about":[{"href":"https:\/\/elfsight.com\/fr\/wp-json\/wp\/v2\/types\/page"}],"author":[{"embeddable":true,"href":"https:\/\/elfsight.com\/fr\/wp-json\/wp\/v2\/users\/9"}],"replies":[{"embeddable":true,"href":"https:\/\/elfsight.com\/fr\/wp-json\/wp\/v2\/comments?post=11165"}],"version-history":[{"count":1,"href":"https:\/\/elfsight.com\/fr\/wp-json\/wp\/v2\/pages\/11165\/revisions"}],"predecessor-version":[{"id":11169,"href":"https:\/\/elfsight.com\/fr\/wp-json\/wp\/v2\/pages\/11165\/revisions\/11169"}],"up":[{"embeddable":true,"href":"https:\/\/elfsight.com\/fr\/wp-json\/wp\/v2\/pages\/1899"}],"wp:attachment":[{"href":"https:\/\/elfsight.com\/fr\/wp-json\/wp\/v2\/media?parent=11165"}],"curies":[{"name":"wp","href":"https:\/\/api.w.org\/{rel}","templated":true}]}}