{"id":11164,"date":"1970-01-01T00:00:00","date_gmt":"1970-01-01T00:00:00","guid":{"rendered":"https:\/\/elfsight.com\/fr\/?page_id=11164"},"modified":"2025-07-10T15:05:04","modified_gmt":"2025-07-10T15:05:04","slug":"jquery","status":"publish","type":"page","link":"https:\/\/elfsight.com\/fr\/yelp-reviews-widget\/jquery\/","title":{"rendered":"Yelp Reviews &#8211; jQuery"},"content":{"rendered":"<div class=\"application-platform-content-item-description application-platform-content-item\" id=\"description\" data-nav-section=\"description\"> <h2>Description<\/h2> <p>Elfsight Yelp Reviews est un outil pratique qui vous permettra de placer facilement des avis sur votre site Web depuis Yappez \u00e0 propos de vos offres. Gr\u00e2ce \u00e0 notre widget, vous pourrez utiliser des filtres pour masquer les avis ind\u00e9sirables, afficher vos notes par \u00e9toiles et par num\u00e9ros, afficher des informations sur les auteurs et introduire un bouton qui aidera les visiteurs \u00e0 publier un nouvel avis sur Yelp. Le widget Elfsight Yelp Reviews vous aidera \u00e0 pr\u00e9senter votre preuve sociale parfaite sur votre site personnel et \u00e0 augmenter vos ventes. <\/p><div class=\"faq\" data-component=\"FAQ\"> <div class=\"faq-item\">\r\n\t\t\t\t\t<div class=\"faq-item-question\">\r\n\t\t\t\t\t\t<h3 class=\"faq-item-question-text\">O\u00f9 sur mon site Web puis-je int\u00e9grer ce plugin<\/h3>\r\n\r\n\t\t\t\t\t\t<div class=\"faq-item-question-icon\"><\/div>\r\n\t\t\t\t\t<\/div>\r\n\r\n\t\t\t\t\t<div class=\"faq-item-answer\">\r\n\t\t\t\t\t\t<div class=\"faq-item-answer-text\"> <p>Le widget peut \u00eatre affich\u00e9 sur n&rsquo;importe quelle page, o\u00f9 vous souhaitez vanter votre grande appr\u00e9ciation et votre popularit\u00e9 parmi les clients. Si vous en avez besoin sur toutes les pages du site, vous pouvez facilement l&rsquo;introduire dans le mod\u00e8le de site Web. <\/p><\/div>\r\n\t\t\t\t\t<\/div>\r\n\t\t\t\t<\/div> <div class=\"faq-item\">\r\n\t\t\t\t\t<div class=\"faq-item-question\">\r\n\t\t\t\t\t\t<h3 class=\"faq-item-question-text\">Quels avantages cela m'apportera-t-il ? <\/h3>\r\n\r\n\t\t\t\t\t\t<div class=\"faq-item-question-icon\"><\/div>\r\n\t\t\t\t\t<\/div>\r\n\r\n\t\t\t\t\t<div class=\"faq-item-answer\">\r\n\t\t\t\t\t\t<div class=\"faq-item-answer-text\"> <p>Les avis ajout\u00e9s par de vraies personnes semblent parfaitement dignes de confiance aux visiteurs de votre site Web et leur prouvent qu&rsquo;on peut faire confiance \u00e0 votre entreprise. Une note \u00e9lev\u00e9e et d\u2019excellentes impressions peuvent contribuer \u00e0 augmenter le niveau des ventes sur votre site Web. De plus, le bouton actif contribuera \u00e0 augmenter le nombre d&rsquo;avis clients sur vos offres ou services sur Yelp. <\/p> <\/div>\r\n\t\t\t\t\t<\/div>\r\n\t\t\t\t<\/div> <div class=\"faq-item\">\r\n\t\t\t\t\t<div class=\"faq-item-question\">\r\n\t\t\t\t\t\t<h3 class=\"faq-item-question-text\">Comment puis-je ajouter le widget Avis de Yelp \u00e0 mon site Web jQuery ? <\/h3>\r\n\r\n\t\t\t\t\t\t<div class=\"faq-item-question-icon\"><\/div>\r\n\t\t\t\t\t<\/div>\r\n\r\n\t\t\t\t\t<div class=\"faq-item-answer\">\r\n\t\t\t\t\t\t<div class=\"faq-item-answer-text\"> <p>L&rsquo;int\u00e9gration du widget prend trois minutes de votre temps. L&rsquo;installation est ultra rapide, gratuite et sans codage. <\/p> <p>Vous pouvez coller le widget Avis sur votre page Web via notre service. Consultez simplement la br\u00e8ve description sur cette page<\/p><\/div>\r\n\t\t\t\t\t<\/div>\r\n\t\t\t\t<\/div> <\/div> <\/div> <div class=\"application-platform-content-item-features application-platform-content-item\" id=\"features\" data-nav-section=\"features\"> <h2>Fonctionnalit\u00e9s<\/h2> <p>Pour vous faire une id\u00e9e plus claire de le widget, affichez la liste de ses principales fonctionnalit\u00e9s. Ils rendent notre widget plus efficace pour votre entreprise\u00a0: <\/p> <ul> <li>3 types de filtres\u00a0: par type, exclusion par et nombre d&rsquo;avis \u00e0 afficher\u00a0; <\/li> <li>4 options de mise en page disponibles\u00a0: liste, grille, ma\u00e7onnerie et curseur\u00a0; <\/li> <li> En-t\u00eate enti\u00e8rement flexible du widget\u00a0; <\/li> <li>Le bouton actif pour publier un avis dirige les utilisateurs vers votre page Yelp\u00a0; <\/li> <li>6 \u00e9l\u00e9ments personnalisables des avis\u00a0: le nom de l&rsquo;auteur et sa photo, la recommandation, la date de sortie, l&rsquo;ic\u00f4ne Yelp et le nombre d&rsquo;\u00e9toiles\u00a0; <\/li> <li>Deux sc\u00e9narios possibles de refus de demande d&rsquo;avis\u00a0: afficher un message personnalis\u00e9 ou masquer le bouton. <\/li> <\/ul><p><a href=\"#demo\">D\u00e9couvrez plus de fonctionnalit\u00e9s dans la d\u00e9mo<\/a><\/p> <\/div> <div class=\"application-platform-content-item-installation application-platform-content-item\" id=\"installation\" data-nav-section=\"installation\"> <h2>D\u00e9couvrez comment pour int\u00e9grer les avis Yelp \u00e0 votre page jQuery. C&rsquo;est un-deux-trois facile.<\/h2> <p>Les \u00e9tapes ci-dessous sont la seule chose dont vous avez besoin pour que cela soit sans codage. <\/p> <ul><li><b>G\u00e9n\u00e9rez votre plugin Yelp personnalis\u00e9<\/b><br> En g\u00e9rant notre \u00e9diteur gratuit, obtenez un plugin avec une mise en page et des fonctions pr\u00e9f\u00e9rables. <\/li><li><b>Recevez le code individuel pour configurer le plugin<\/b><br> Apr\u00e8s avoir cr\u00e9\u00e9 votre widget, vous recevrez votre code d&rsquo;installation \u00e0 partir de la notification apparue sur Elfsight Apps. Copiez-le. <\/li> <li><b>Int\u00e9grez le plugin sur votre site<\/b><br> Allez \u00e0 l&rsquo;endroit o\u00f9 vous souhaitez ajouter le plugin et ajoutez-y le code enregistr\u00e9. Enregistrez les modifications. <\/li> <li><b>Vous avez termin\u00e9\u00a0! <\/b><br> Visitez votre page pour v\u00e9rifier vos avis. <\/li> <\/ul><p>Il y a encore quelque chose qui vous rend incertain\u00a0? Rencontrez-vous des probl\u00e8mes ? Une simple demande \u00e0 notre \u00e9quipe d&rsquo;assistance r\u00e9soudra tout probl\u00e8me. <\/p> <\/div>","protected":false},"excerpt":{"rendered":"","protected":false},"author":9,"featured_media":0,"parent":1899,"menu_order":0,"comment_status":"closed","ping_status":"closed","template":"templates\/template-application-platform.php","meta":{"publish_to_discourse":"","publish_post_category":"","wpdc_auto_publish_overridden":"","wpdc_topic_tags":"","wpdc_pin_topic":"","wpdc_pin_until":"","discourse_post_id":"","discourse_permalink":"","wpdc_publishing_response":"","wpdc_publishing_error":"","footnotes":""},"class_list":["post-11164","page","type-page","status-publish","hentry"],"yoast_head":"<!-- This site is optimized with the Yoast SEO plugin v25.3.1 - https:\/\/yoast.com\/wordpress\/plugins\/seo\/ -->\n<title>Ajoutez le plugin Yelp Reviews \u00e0 votre site Web jQuery (2026)<\/title>\n<meta name=\"description\" content=\"Il est absolument simple de cr\u00e9er votre widget Yelp Reviews et de l&#039;afficher sur votre site Web jQuery. Le service client Elfsight est gratuit.\" \/>\n<meta name=\"robots\" content=\"index, follow, max-snippet:-1, max-image-preview:large, max-video-preview:-1\" \/>\n<link rel=\"canonical\" href=\"https:\/\/elfsight.com\/fr\/yelp-reviews-widget\/jquery\/\" \/>\n<meta property=\"og:locale\" content=\"fr_FR\" \/>\n<meta property=\"og:type\" content=\"article\" \/>\n<meta property=\"og:title\" content=\"Ajoutez le plugin Yelp Reviews \u00e0 votre site Web jQuery (2026)\" \/>\n<meta property=\"og:description\" content=\"Il est absolument simple de cr\u00e9er votre widget Yelp Reviews et de l&#039;afficher sur votre site Web jQuery. Le service client Elfsight est gratuit.\" \/>\n<meta property=\"og:url\" content=\"https:\/\/elfsight.com\/fr\/yelp-reviews-widget\/jquery\/\" \/>\n<meta property=\"og:site_name\" content=\"Elfsight FR\" \/>\n<meta property=\"article:modified_time\" content=\"2025-07-10T15:05:04+00:00\" \/>\n<meta name=\"twitter:card\" content=\"summary_large_image\" \/>\n<meta name=\"twitter:label1\" content=\"Dur\u00e9e de lecture estim\u00e9e\" \/>\n\t<meta name=\"twitter:data1\" content=\"3 minutes\" \/>\n<!-- \/ Yoast SEO plugin. -->","yoast_head_json":{"title":"Ajoutez le plugin Yelp Reviews \u00e0 votre site Web jQuery (2026)","description":"Il est absolument simple de cr\u00e9er votre widget Yelp Reviews et de l'afficher sur votre site Web jQuery. Le service client Elfsight est gratuit.","robots":{"index":"index","follow":"follow","max-snippet":"max-snippet:-1","max-image-preview":"max-image-preview:large","max-video-preview":"max-video-preview:-1"},"canonical":"https:\/\/elfsight.com\/fr\/yelp-reviews-widget\/jquery\/","og_locale":"fr_FR","og_type":"article","og_title":"Ajoutez le plugin Yelp Reviews \u00e0 votre site Web jQuery (2026)","og_description":"Il est absolument simple de cr\u00e9er votre widget Yelp Reviews et de l'afficher sur votre site Web jQuery. Le service client Elfsight est gratuit.","og_url":"https:\/\/elfsight.com\/fr\/yelp-reviews-widget\/jquery\/","og_site_name":"Elfsight FR","article_modified_time":"2025-07-10T15:05:04+00:00","twitter_card":"summary_large_image","twitter_misc":{"Dur\u00e9e de lecture estim\u00e9e":"3 minutes"},"schema":{"@context":"https:\/\/schema.org","@graph":[{"@type":"WebPage","@id":"https:\/\/elfsight.com\/fr\/yelp-reviews-widget\/jquery\/","url":"https:\/\/elfsight.com\/fr\/yelp-reviews-widget\/jquery\/","name":"Ajoutez le plugin Yelp Reviews \u00e0 votre site Web jQuery (2026)","isPartOf":{"@id":"https:\/\/elfsight.com\/fr\/#website"},"datePublished":"1970-01-01T00:00:00+00:00","dateModified":"2025-07-10T15:05:04+00:00","description":"Il est absolument simple de cr\u00e9er votre widget Yelp Reviews et de l'afficher sur votre site Web jQuery. Le service client Elfsight est gratuit.","breadcrumb":{"@id":"https:\/\/elfsight.com\/fr\/yelp-reviews-widget\/jquery\/#breadcrumb"},"inLanguage":"fr-FR","potentialAction":[{"@type":"ReadAction","target":["https:\/\/elfsight.com\/fr\/yelp-reviews-widget\/jquery\/"]}]},{"@type":"BreadcrumbList","@id":"https:\/\/elfsight.com\/fr\/yelp-reviews-widget\/jquery\/#breadcrumb","itemListElement":[{"@type":"ListItem","position":1,"name":"Home","item":"https:\/\/elfsight.com\/fr\/"},{"@type":"ListItem","position":2,"name":"Yelp Reviews","item":"https:\/\/elfsight.com\/fr\/yelp-reviews-widget\/"},{"@type":"ListItem","position":3,"name":"Yelp Reviews &#8211; jQuery"}]},{"@type":"WebSite","@id":"https:\/\/elfsight.com\/fr\/#website","url":"https:\/\/elfsight.com\/fr\/","name":"Elfsight FR","description":"","potentialAction":[{"@type":"SearchAction","target":{"@type":"EntryPoint","urlTemplate":"https:\/\/elfsight.com\/fr\/?s={search_term_string}"},"query-input":{"@type":"PropertyValueSpecification","valueRequired":true,"valueName":"search_term_string"}}],"inLanguage":"fr-FR"}]}},"meta_box":{"industry":"","seo_heading":"","heading":"","description":"","cta_heading":"","cta_description":"","application":"1891","h1":"Plugin jQuery Yelp Avis","h1_caption":"Pr\u00e9sentez les avis des clients de Yelp pour renforcer votre cr\u00e9dibilit\u00e9 et fournir sans effort une preuve sociale de votre entreprise sur votre site Web jQuery.","application_category":[],"applications_title":"","applications_request_title":"","applications_request_button_text":"","hero_text":"","hero_video":"","hero_video_schema_markup":"","selling_points_title":"","selling_points_caption":"","selling_points":[],"selling_points_cta_text":"","features_title":"","features":"","ed_cta_examples_text":"","ed_cta_examples_hidden":"","ed_cta_demo_text":"","ed_cta_demo_hidden":"","why_caption":"","why_editor_title":"","why_editor_text":"","why_team_title":"","why_team_text":"","why_service_title":"","why_service_text":"","template_catalog_visible":"","template_catalog_title":"","template_catalog_text":"","template_catalog_categories_visible":"","demo_title":"Cr\u00e9ez votre plugin Yelp Reviews","demo_caption":"Configurez vos avis Yelp et ajoutez-les \u00e0 votre site Web jQuery gratuitement\u00a0!","default_faq_hidden":"","app_template_category":[],"platform":"355","template_public_id":"","codecanyon_url":"","codecanyon_item_id":"","codecanyon_price":"","pricing_caption":"","pricing_elfsight_apps_hide_column":"","pricing_elfsight_apps_url":"","pricing_codecanyon_price_caption":"","integration_category":[],"integration_request_title":"","integration_request_cta":"","integration_platform":"","integrations":[],"platform_category":[],"video_schema_markup":"","price":"\u00e0 partir de 0$ \/ mois","trial":"","benefits":[{"text":"Service d'installation gratuit"},{"text":"Support client exp\u00e9riment\u00e9"},{"text":"Garantie de remboursement de 14 jours"},{"text":"Mises \u00e0 jour r\u00e9guli\u00e8res"}],"button_url":"","button_target_blank":"","button_nofollow":"","attributes":[{"name":"Installations","content":"10,000 - 100,000"},{"name":"Sensible","content":"Oui"},{"name":"Navigateurs compatibles","content":"Firefox, Safari, Opera, Chrome, Edge"}],"tags":[],"tags_disable_links":"","hide_more_platforms":"","video_object":"","demo_hide_cta":"","demo_hide_cloud_options":"","pricing_title":"","pricing":[{"pricing_icon":"platform","pricing_title":"Elfsight Apps","pricing_title_caption":"Solution num\u00e9rique ind\u00e9pendante de la plateforme qui fonctionne sur n'importe quel site","pricing_price":"from $0 \/ month","pricing_price_caption":"commencez avec un forfait gratuit","pricing_benefits":[{"text":"Domaines illimit\u00e9s"},{"text":"Support client rapide"},{"text":"Aide \u00e0 l'installation gratuite"},{"text":"100% personnalisable"}],"pricing_button_text":"Ajouter au site Web","pricing_button_url":"#demo"}],"related_apps_title":"","related_apps_hidden":"","author":"","image":[],"title":"","job":"","social_networks":[]},"_links":{"self":[{"href":"https:\/\/elfsight.com\/fr\/wp-json\/wp\/v2\/pages\/11164","targetHints":{"allow":["GET"]}}],"collection":[{"href":"https:\/\/elfsight.com\/fr\/wp-json\/wp\/v2\/pages"}],"about":[{"href":"https:\/\/elfsight.com\/fr\/wp-json\/wp\/v2\/types\/page"}],"author":[{"embeddable":true,"href":"https:\/\/elfsight.com\/fr\/wp-json\/wp\/v2\/users\/9"}],"replies":[{"embeddable":true,"href":"https:\/\/elfsight.com\/fr\/wp-json\/wp\/v2\/comments?post=11164"}],"version-history":[{"count":1,"href":"https:\/\/elfsight.com\/fr\/wp-json\/wp\/v2\/pages\/11164\/revisions"}],"predecessor-version":[{"id":11168,"href":"https:\/\/elfsight.com\/fr\/wp-json\/wp\/v2\/pages\/11164\/revisions\/11168"}],"up":[{"embeddable":true,"href":"https:\/\/elfsight.com\/fr\/wp-json\/wp\/v2\/pages\/1899"}],"wp:attachment":[{"href":"https:\/\/elfsight.com\/fr\/wp-json\/wp\/v2\/media?parent=11164"}],"curies":[{"name":"wp","href":"https:\/\/api.w.org\/{rel}","templated":true}]}}