{"id":11163,"date":"1970-01-01T00:00:00","date_gmt":"1970-01-01T00:00:00","guid":{"rendered":"https:\/\/elfsight.com\/fr\/?page_id=11163"},"modified":"2025-07-10T15:04:43","modified_gmt":"2025-07-10T15:04:43","slug":"html","status":"publish","type":"page","link":"https:\/\/elfsight.com\/fr\/yelp-reviews-widget\/html\/","title":{"rendered":"Yelp Reviews &#8211; HTML"},"content":{"rendered":"<div class=\"application-platform-content-item-description application-platform-content-item\" id=\"description\" data-nav-section=\"description\"> <h2>Description<\/h2> <p>Si vous souhaitez montrer votre appr\u00e9ciation \u00e9lev\u00e9e par les utilisateurs et convaincre les visiteurs du site que vos offres valent la peine d&rsquo;\u00eatre d\u00e9pens\u00e9es de l&rsquo;argent, Elfsight Yelp Reviews est fait pour vous. Gr\u00e2ce \u00e0 cet outil, vous pouvez afficher les avis des clients de Yelp sur votre site avec des informations sur leurs auteurs, les trier pour n&rsquo;afficher que les bons, ajouter des notes et un bouton de redirection qui dirigera les utilisateurs sur votre page Yelp, afin qu&rsquo;ils puissent r\u00e9diger un nouvelle critique. <\/p><div class=\"faq\" data-component=\"FAQ\"> <div class=\"faq-item\">\r\n\t\t\t\t\t<div class=\"faq-item-question\">\r\n\t\t\t\t\t\t<h3 class=\"faq-item-question-text\">O\u00f9 puis-je installer ce plugin<\/h3>\r\n\r\n\t\t\t\t\t\t<div class=\"faq-item-question-icon\"><\/div>\r\n\t\t\t\t\t<\/div>\r\n\r\n\t\t\t\t\t<div class=\"faq-item-answer\">\r\n\t\t\t\t\t\t<div class=\"faq-item-answer-text\"> <p>Vous pouvez coller le widget dans n&rsquo;importe quelle page de votre site, ou le mettre dans le mod\u00e8le du site, afin qu&rsquo;il soit affich\u00e9 sur toutes les pages de votre site. pages. Les avis peuvent \u00eatre efficaces sur les pages de produits ou sur la page \u00c0 propos de nous, les endroits o\u00f9 vous souhaitez d\u00e9montrer votre note \u00e9lev\u00e9e. <\/p><\/div>\r\n\t\t\t\t\t<\/div>\r\n\t\t\t\t<\/div> <div class=\"faq-item\">\r\n\t\t\t\t\t<div class=\"faq-item-question\">\r\n\t\t\t\t\t\t<h3 class=\"faq-item-question-text\">Comment b\u00e9n\u00e9ficierais-je de ce plugin ? <\/h3>\r\n\r\n\t\t\t\t\t\t<div class=\"faq-item-question-icon\"><\/div>\r\n\t\t\t\t\t<\/div>\r\n\r\n\t\t\t\t\t<div class=\"faq-item-answer\">\r\n\t\t\t\t\t\t<div class=\"faq-item-answer-text\"> <p>Les avis de personnes r\u00e9elles sont extr\u00eamement cr\u00e9dibles pour les utilisateurs de votre site et leur montrent que vous pouvez faire confiance \u00e0 votre entreprise. Une note \u00e9lev\u00e9e et des avis positifs peuvent aider \u00e0 augmenter les achats sur votre site. De plus, le bouton de redirection contribuera \u00e0 obtenir davantage d&rsquo;avis clients li\u00e9s \u00e0 votre entreprise sur Yelp. <\/p> <\/div>\r\n\t\t\t\t\t<\/div>\r\n\t\t\t\t<\/div> <div class=\"faq-item\">\r\n\t\t\t\t\t<div class=\"faq-item-question\">\r\n\t\t\t\t\t\t<h3 class=\"faq-item-question-text\">De quoi ai-je besoin pour int\u00e9grer le widget Avis de Yelp \u00e0 mon site Web HTML ? <\/h3>\r\n\r\n\t\t\t\t\t\t<div class=\"faq-item-question-icon\"><\/div>\r\n\t\t\t\t\t<\/div>\r\n\r\n\t\t\t\t\t<div class=\"faq-item-answer\">\r\n\t\t\t\t\t\t<div class=\"faq-item-answer-text\"> <p>Cela prend quelques minutes pour commencer \u00e0 utiliser le widget. L&rsquo;installation est tr\u00e8s rapide, gratuite et sans codage. <\/p> <p>Vous pouvez introduire le widget dans votre site via notre service. Pour cela, consultez une br\u00e8ve description sur cette page. <\/p><\/div>\r\n\t\t\t\t\t<\/div>\r\n\t\t\t\t<\/div> <\/div> <\/div> <div class=\"application-platform-content-item-features application-platform-content-item\" id=\"features\" data-nav-section=\"features\"> <h2>Fonctionnalit\u00e9s<\/h2> <p>Afin d&rsquo;avoir une id\u00e9e compl\u00e8te du widget, vous pouvez \u00e9tudier les liste de ses fonctions principales. Ils rendent ce widget plus efficace pour votre entreprise\u00a0: <\/p> <ul> <li>Trois filtres pr\u00e9d\u00e9finis\u00a0: par type, exclusion par et quantit\u00e9 d&rsquo;avis \u00e0 afficher\u00a0; <\/li> <li>Quatre dispositions pr\u00e9d\u00e9finies\u00a0: liste, grille, ma\u00e7onnerie et curseur\u00a0; <\/li> <li>Une option pour contr\u00f4ler l&rsquo;affichage de l&rsquo;en-t\u00eate du widget\u00a0; <\/li> <li>Le bouton permettant de demander un avis dirige les utilisateurs vers la page Yelp\u00a0; <\/li> <li>Six \u00e9l\u00e9ments flexibles des avis\u00a0: nom et photo de l&rsquo;auteur, texte de recommandation, date, ic\u00f4ne Yelp et note par \u00e9toiles\u00a0; <\/li> <li>Deux options de sc\u00e9narios apr\u00e8s le refus d&rsquo;une demande d&rsquo;examen\u00a0: d\u00e9montrer un message personnalis\u00e9 ou supprimer le bouton. <\/li> <\/ul><p><a href=\"#demo\">Notre d\u00e9mo vous ouvrira davantage de fonctionnalit\u00e9s<\/a><\/p> <\/div> <div class=\"application-platform-content-item-installation application-platform-content-item\" id=\"installation\" data-nav-section=\"installation\"> <h2>D\u00e9couvrez comment configurer les avis Yelp sur votre site Web HTML. C&rsquo;est incroyablement simple<\/h2><div class=\"video-container\"><iframe width=\"720\" height=\"405\" src=\"https:\/\/www.youtube.com\/embed\/sQ6JiiAwT2g\" frameborder=\"0\" allowfullscreen=\"\"><\/iframe><\/div><p>Les \u00e9tapes ci-dessous sont la seule chose que vous devez faire pour ajouter le widget. <\/p> <ul><li><b>G\u00e9n\u00e9rez votre widget Yelp sur mesure<\/b><br> En g\u00e9rant notre \u00e9diteur gratuit, g\u00e9n\u00e9rez un plugin avec un design et des fonctionnalit\u00e9s pr\u00e9f\u00e9rables. <\/li><li><b>Copiez le code individuel pour publier le widget<\/b><br> Apr\u00e8s avoir personnalis\u00e9 votre widget, vous obtiendrez le code individuel dans la fen\u00eatre contextuelle d&rsquo;Elfsight Apps. Copiez-le pour une utilisation ult\u00e9rieure. <\/li> <li><b>Int\u00e9grez le widget sur votre site Web<\/b><br> Choisissez la zone dans laquelle vous souhaitez afficher le widget et ajoutez-y le code copi\u00e9. Appliquez les modifications. <\/li> <li><b>La configuration est r\u00e9ussie\u00a0! <\/b><br> Acc\u00e9dez \u00e0 la page Web pour consulter vos avis. <\/li> <\/ul><p>Vous n&rsquo;arrivez toujours pas \u00e0 vous d\u00e9cider\u00a0? Ou vous \u00eates tomb\u00e9 sur quelque chose ? Envoyez simplement une demande \u00e0 notre service client, nous vous aiderons \u00e0 r\u00e9soudre chaque probl\u00e8me. <\/p> <\/div>","protected":false},"excerpt":{"rendered":"","protected":false},"author":9,"featured_media":0,"parent":1899,"menu_order":0,"comment_status":"closed","ping_status":"closed","template":"templates\/template-application-platform.php","meta":{"publish_to_discourse":"","publish_post_category":"","wpdc_auto_publish_overridden":"","wpdc_topic_tags":"","wpdc_pin_topic":"","wpdc_pin_until":"","discourse_post_id":"","discourse_permalink":"","wpdc_publishing_response":"","wpdc_publishing_error":"","footnotes":""},"class_list":["post-11163","page","type-page","status-publish","hentry"],"yoast_head":"<!-- This site is optimized with the Yoast SEO plugin v25.3.1 - https:\/\/yoast.com\/wordpress\/plugins\/seo\/ -->\n<title>Ajoutez le widget Yelp Reviews \u00e0 votre site Web HTML (rapide et facile)<\/title>\n<meta name=\"description\" content=\"Voici une opportunit\u00e9 de concevoir un widget Yelp Reviews efficace et de l\u2019int\u00e9grer \u00e0 votre site Web HTML. Profitez du service client gratuit et d\u2019autres avantages d\u2019Elfsight.\" \/>\n<meta name=\"robots\" content=\"index, follow, max-snippet:-1, max-image-preview:large, max-video-preview:-1\" \/>\n<link rel=\"canonical\" href=\"https:\/\/elfsight.com\/fr\/yelp-reviews-widget\/html\/\" \/>\n<meta property=\"og:locale\" content=\"fr_FR\" \/>\n<meta property=\"og:type\" content=\"article\" \/>\n<meta property=\"og:title\" content=\"Ajoutez le widget Yelp Reviews \u00e0 votre site Web HTML (rapide et facile)\" \/>\n<meta property=\"og:description\" content=\"Voici une opportunit\u00e9 de concevoir un widget Yelp Reviews efficace et de l\u2019int\u00e9grer \u00e0 votre site Web HTML. Profitez du service client gratuit et d\u2019autres avantages d\u2019Elfsight.\" \/>\n<meta property=\"og:url\" content=\"https:\/\/elfsight.com\/fr\/yelp-reviews-widget\/html\/\" \/>\n<meta property=\"og:site_name\" content=\"Elfsight FR\" \/>\n<meta property=\"article:modified_time\" content=\"2025-07-10T15:04:43+00:00\" \/>\n<meta name=\"twitter:card\" content=\"summary_large_image\" \/>\n<meta name=\"twitter:label1\" content=\"Dur\u00e9e de lecture estim\u00e9e\" \/>\n\t<meta name=\"twitter:data1\" content=\"3 minutes\" \/>\n<!-- \/ Yoast SEO plugin. -->","yoast_head_json":{"title":"Ajoutez le widget Yelp Reviews \u00e0 votre site Web HTML (rapide et facile)","description":"Voici une opportunit\u00e9 de concevoir un widget Yelp Reviews efficace et de l\u2019int\u00e9grer \u00e0 votre site Web HTML. Profitez du service client gratuit et d\u2019autres avantages d\u2019Elfsight.","robots":{"index":"index","follow":"follow","max-snippet":"max-snippet:-1","max-image-preview":"max-image-preview:large","max-video-preview":"max-video-preview:-1"},"canonical":"https:\/\/elfsight.com\/fr\/yelp-reviews-widget\/html\/","og_locale":"fr_FR","og_type":"article","og_title":"Ajoutez le widget Yelp Reviews \u00e0 votre site Web HTML (rapide et facile)","og_description":"Voici une opportunit\u00e9 de concevoir un widget Yelp Reviews efficace et de l\u2019int\u00e9grer \u00e0 votre site Web HTML. Profitez du service client gratuit et d\u2019autres avantages d\u2019Elfsight.","og_url":"https:\/\/elfsight.com\/fr\/yelp-reviews-widget\/html\/","og_site_name":"Elfsight FR","article_modified_time":"2025-07-10T15:04:43+00:00","twitter_card":"summary_large_image","twitter_misc":{"Dur\u00e9e de lecture estim\u00e9e":"3 minutes"},"schema":{"@context":"https:\/\/schema.org","@graph":[{"@type":"WebPage","@id":"https:\/\/elfsight.com\/fr\/yelp-reviews-widget\/html\/","url":"https:\/\/elfsight.com\/fr\/yelp-reviews-widget\/html\/","name":"Ajoutez le widget Yelp Reviews \u00e0 votre site Web HTML (rapide et facile)","isPartOf":{"@id":"https:\/\/elfsight.com\/fr\/#website"},"datePublished":"1970-01-01T00:00:00+00:00","dateModified":"2025-07-10T15:04:43+00:00","description":"Voici une opportunit\u00e9 de concevoir un widget Yelp Reviews efficace et de l\u2019int\u00e9grer \u00e0 votre site Web HTML. Profitez du service client gratuit et d\u2019autres avantages d\u2019Elfsight.","breadcrumb":{"@id":"https:\/\/elfsight.com\/fr\/yelp-reviews-widget\/html\/#breadcrumb"},"inLanguage":"fr-FR","potentialAction":[{"@type":"ReadAction","target":["https:\/\/elfsight.com\/fr\/yelp-reviews-widget\/html\/"]}]},{"@type":"BreadcrumbList","@id":"https:\/\/elfsight.com\/fr\/yelp-reviews-widget\/html\/#breadcrumb","itemListElement":[{"@type":"ListItem","position":1,"name":"Home","item":"https:\/\/elfsight.com\/fr\/"},{"@type":"ListItem","position":2,"name":"Yelp Reviews","item":"https:\/\/elfsight.com\/fr\/yelp-reviews-widget\/"},{"@type":"ListItem","position":3,"name":"Yelp Reviews &#8211; HTML"}]},{"@type":"WebSite","@id":"https:\/\/elfsight.com\/fr\/#website","url":"https:\/\/elfsight.com\/fr\/","name":"Elfsight FR","description":"","potentialAction":[{"@type":"SearchAction","target":{"@type":"EntryPoint","urlTemplate":"https:\/\/elfsight.com\/fr\/?s={search_term_string}"},"query-input":{"@type":"PropertyValueSpecification","valueRequired":true,"valueName":"search_term_string"}}],"inLanguage":"fr-FR"}]}},"meta_box":{"industry":"","seo_heading":"","heading":"","description":"","cta_heading":"","cta_description":"","application":"1891","h1":"Widget HTML Avis Yelp","h1_caption":"Pr\u00e9sentez les avis des clients de Yelp pour renforcer votre cr\u00e9dibilit\u00e9 et fournir sans effort une preuve sociale de votre entreprise sur votre site Web HTML.","application_category":[],"applications_title":"","applications_request_title":"","applications_request_button_text":"","hero_text":"","hero_video":"","hero_video_schema_markup":"","selling_points_title":"","selling_points_caption":"","selling_points":[],"selling_points_cta_text":"","features_title":"","features":"","ed_cta_examples_text":"","ed_cta_examples_hidden":"","ed_cta_demo_text":"","ed_cta_demo_hidden":"","why_caption":"","why_editor_title":"","why_editor_text":"","why_team_title":"","why_team_text":"","why_service_title":"","why_service_text":"","template_catalog_visible":"","template_catalog_title":"","template_catalog_text":"","template_catalog_categories_visible":"","demo_title":"Cr\u00e9ez votre widget Avis Yelp","demo_caption":"Configurez vos avis Yelp et ajoutez-les \u00e0 votre site Web HTML gratuitement\u00a0!","default_faq_hidden":"","app_template_category":[],"platform":"352","template_public_id":"","codecanyon_url":"","codecanyon_item_id":"","codecanyon_price":"","pricing_caption":"","pricing_elfsight_apps_hide_column":"","pricing_elfsight_apps_url":"","pricing_codecanyon_price_caption":"","integration_category":[],"integration_request_title":"","integration_request_cta":"","integration_platform":"","integrations":[],"platform_category":[],"video_schema_markup":"","price":"\u00e0 partir de 0$ \/ mois","trial":"","benefits":[{"text":"Service d'installation gratuit"},{"text":"Support client professionnel"},{"text":"Garantie de remboursement de 14 jours"},{"text":"Futures mises \u00e0 jour gratuites"}],"button_url":"","button_target_blank":"","button_nofollow":"","attributes":[{"name":"Installations","content":"10,000 - 100,000"},{"name":"Sensible","content":"Oui"},{"name":"Navigateurs compatibles","content":"Firefox, Safari, Opera, Chrome, Edge"}],"tags":[],"tags_disable_links":"","hide_more_platforms":"","video_object":"","demo_hide_cta":"","demo_hide_cloud_options":"","pricing_title":"","pricing":[{"pricing_icon":"platform","pricing_title":"Elfsight Apps","pricing_title_caption":"Logiciel multiplateforme","pricing_price":"from $0 \/ month","pricing_price_caption":"commencez avec un forfait gratuit","pricing_benefits":[{"text":"Domaines illimit\u00e9s"},{"text":"Assistance client 24h\/24 et 7j\/7"},{"text":"Assistance \u00e0 l'installation gratuite"},{"text":"Tr\u00e8s bonne affaire pour plusieurs applications"}],"pricing_button_text":"Ajouter au site Web","pricing_button_url":"#demo"}],"related_apps_title":"","related_apps_hidden":"","author":"","image":[],"title":"","job":"","social_networks":[]},"_links":{"self":[{"href":"https:\/\/elfsight.com\/fr\/wp-json\/wp\/v2\/pages\/11163","targetHints":{"allow":["GET"]}}],"collection":[{"href":"https:\/\/elfsight.com\/fr\/wp-json\/wp\/v2\/pages"}],"about":[{"href":"https:\/\/elfsight.com\/fr\/wp-json\/wp\/v2\/types\/page"}],"author":[{"embeddable":true,"href":"https:\/\/elfsight.com\/fr\/wp-json\/wp\/v2\/users\/9"}],"replies":[{"embeddable":true,"href":"https:\/\/elfsight.com\/fr\/wp-json\/wp\/v2\/comments?post=11163"}],"version-history":[{"count":2,"href":"https:\/\/elfsight.com\/fr\/wp-json\/wp\/v2\/pages\/11163\/revisions"}],"predecessor-version":[{"id":14592,"href":"https:\/\/elfsight.com\/fr\/wp-json\/wp\/v2\/pages\/11163\/revisions\/14592"}],"up":[{"embeddable":true,"href":"https:\/\/elfsight.com\/fr\/wp-json\/wp\/v2\/pages\/1899"}],"wp:attachment":[{"href":"https:\/\/elfsight.com\/fr\/wp-json\/wp\/v2\/media?parent=11163"}],"curies":[{"name":"wp","href":"https:\/\/api.w.org\/{rel}","templated":true}]}}