{"id":11162,"date":"1970-01-01T00:00:00","date_gmt":"1970-01-01T00:00:00","guid":{"rendered":"https:\/\/elfsight.com\/fr\/?page_id=11162"},"modified":"2025-07-10T15:05:57","modified_gmt":"2025-07-10T15:05:57","slug":"squarespace","status":"publish","type":"page","link":"https:\/\/elfsight.com\/fr\/yelp-reviews-widget\/squarespace\/","title":{"rendered":"Yelp Reviews &#8211; Squarespace"},"content":{"rendered":"<div class=\"application-platform-content-item-description application-platform-content-item\" id=\"description\" data-nav-section=\"description\"> <h2>Int\u00e9grez les avis Yelp sur Squarespace avec le widget Elfsight<\/h2> <p>Si vous avez besoin d&rsquo;un moyen de r\u00e9v\u00e9ler votre appr\u00e9ciation aupr\u00e8s des clients et de convaincre visiteurs que vos produits ou services valent la peine d&rsquo;\u00eatre achet\u00e9s, le widget Elfsight Yelp Reviews vous convient parfaitement. Avec cet outil, vous pourrez int\u00e9grer les avis des utilisateurs de Yelp sur votre site avec des d\u00e9tails sur leurs auteurs, les filtrer pour n&rsquo;afficher que des avis positifs, ajouter des \u00e9valuations et un bouton de demande d&rsquo;avis, qui am\u00e8nera les utilisateurs sur votre compte Yelp, o\u00f9 ils pourront partager une nouvelle critique. <\/p><div class=\"faq\" data-component=\"FAQ\"> <div class=\"faq-item\">\r\n\t\t\t\t\t<div class=\"faq-item-question\">\r\n\t\t\t\t\t\t<h3 class=\"faq-item-question-text\">O\u00f9 sur mon site puis-je ajouter le widget<\/h3>\r\n\r\n\t\t\t\t\t\t<div class=\"faq-item-question-icon\"><\/div>\r\n\t\t\t\t\t<\/div>\r\n\r\n\t\t\t\t\t<div class=\"faq-item-answer\">\r\n\t\t\t\t\t\t<div class=\"faq-item-answer-text\"> <p>Vous \u00eates libre d&rsquo;ajouter le widget \u00e0 n&rsquo;importe quelle page de votre site, ou de l&rsquo;ins\u00e9rer dans le mod\u00e8le, et il le fera. apparaissent sur toutes les pages. Les avis sont efficaces sur les pages produits ou sur la page \u00c0 propos de nous, o\u00f9 vous souhaitez afficher votre note \u00e9lev\u00e9e. <\/p><\/div>\r\n\t\t\t\t\t<\/div>\r\n\t\t\t\t<\/div> <div class=\"faq-item\">\r\n\t\t\t\t\t<div class=\"faq-item-question\">\r\n\t\t\t\t\t\t<h3 class=\"faq-item-question-text\">Quels avantages cela m'apportera-t-il ? <\/h3>\r\n\r\n\t\t\t\t\t\t<div class=\"faq-item-question-icon\"><\/div>\r\n\t\t\t\t\t<\/div>\r\n\r\n\t\t\t\t\t<div class=\"faq-item-answer\">\r\n\t\t\t\t\t\t<div class=\"faq-item-answer-text\"> <p>Les avis partag\u00e9s par de vraies personnes semblent parfaitement cr\u00e9dibles aux clients de votre site et leur d\u00e9montrent que votre entreprise est un partenaire fiable. Une note \u00e9lev\u00e9e et de bonnes impressions peuvent contribuer \u00e0 augmenter les achats sur votre site. En outre, le bouton de redirection peut contribuer \u00e0 davantage d\u2019avis d\u2019utilisateurs li\u00e9s \u00e0 votre entreprise sur Yelp. <\/p> <\/div>\r\n\t\t\t\t\t<\/div>\r\n\t\t\t\t<\/div> <div class=\"faq-item\">\r\n\t\t\t\t\t<div class=\"faq-item-question\">\r\n\t\t\t\t\t\t<h3 class=\"faq-item-question-text\">Comment puis-je int\u00e9grer le widget Avis de Yelp sur mon site Squarespace ? <\/h3>\r\n\r\n\t\t\t\t\t\t<div class=\"faq-item-question-icon\"><\/div>\r\n\t\t\t\t\t<\/div>\r\n\r\n\t\t\t\t\t<div class=\"faq-item-answer\">\r\n\t\t\t\t\t\t<div class=\"faq-item-answer-text\"> <p>La configuration ne prend qu&rsquo;une minute. L&rsquo;int\u00e9gration est tr\u00e8s rapide, gratuite et sans codage. <\/p> <p>Il existe une option pour introduire le widget Avis sur votre site via notre service. Appliquez simplement la br\u00e8ve description ci-dessous sur cette page. <\/p><\/div>\r\n\t\t\t\t\t<\/div>\r\n\t\t\t\t<\/div> <\/div> <\/div> <div class=\"application-platform-content-item-features application-platform-content-item\" id=\"features\" data-nav-section=\"features\"> <h2>Principales fonctionnalit\u00e9s du widget Avis Yelp<\/h2> <p>Afin de vous faire une meilleure id\u00e9e des avis widget, affichez la liste de ses principales caract\u00e9ristiques. Ils rendent le widget le plus b\u00e9n\u00e9fique possible pour votre promotion\u00a0: <\/p> <ul> <li>3 filtres pr\u00e9d\u00e9finis\u00a0: par type, exclusion par et quantit\u00e9 d&rsquo;avis \u00e0 afficher\u00a0; <\/li> <li>Quatre mises en page pr\u00eates \u00e0 l&#8217;emploi\u00a0: liste, grille, ma\u00e7onnerie et curseur\u00a0; <\/li> <li>Une opportunit\u00e9 d&rsquo;activer\/d\u00e9sactiver l&rsquo;en-t\u00eate du widget\u00a0; <\/li> <li>Le bouton actif pour ajouter un avis suppl\u00e9mentaire am\u00e8ne les clients \u00e0 la page Yelp\u00a0; <\/li> <li>6 \u00e9l\u00e9ments r\u00e9glables du widget\u00a0: le nom de l&rsquo;auteur et la photo, le texte de recommandation, la date de partage, l&rsquo;ic\u00f4ne Yelp et le nombre d&rsquo;\u00e9toiles\u00a0; <\/li> <li>Deux options de sc\u00e9narios de refus de demande de r\u00e9vision : afficher un message texte ou supprimer le bouton. <\/li> <\/ul><p><a href=\"#demo\">La d\u00e9mo vous montrera une liste compl\u00e8te des fonctionnalit\u00e9s<\/a><\/p> <\/div> <div class=\"application-platform-content-item-installation application-platform-content-item\" id=\"installation\" data-nav-section=\"installation\"> <h2>Voyons comment int\u00e9grer les avis Yelp \u00e0 votre page Squarespace. Il n&rsquo;y a pas de codage<\/h2><div class=\"video-container\"><iframe width=\"720\" height=\"405\" src=\"https:\/\/www.youtube.com\/embed\/KqGi9XRkYpQ\" frameborder=\"0\" allowfullscreen=\"\"><\/iframe><\/div><p>Les actions ci-dessous sont la seule chose que vous devez publier. <\/p> <ul><li><b>Construisez votre plugin Yelp personnel<\/b><br> Gr\u00e2ce \u00e0 notre d\u00e9mo gratuite, fa\u00e7onnez un plugin avec un look et des caract\u00e9ristiques fonctionnelles s\u00e9lectionn\u00e9s. <\/li><li><b>Copiez le code personnel pour afficher le plugin<\/b><br> Apr\u00e8s avoir personnalis\u00e9 votre widget, vous obtiendrez votre code personnel \u00e0 partir de la notification apparue sur Elfsight Apps. Copiez ce code. <\/li> <li><b>Affichez le plugin sur votre site Web<\/b><br> S\u00e9lectionnez l&rsquo;endroit o\u00f9 vous pr\u00e9voyez d&rsquo;afficher le plugin et collez-y le code enregistr\u00e9. Enregistrez les modifications. <\/li> <li><b>Fait\u00a0! <\/b><br> Acc\u00e9dez \u00e0 votre site Web pour visualiser votre travail. <\/li> <\/ul><p>Vous avez encore des doutes ? Ou vous avez des questions ? \u00c9crivez simplement une demande \u00e0 notre service client pour vous aider \u00e0 r\u00e9soudre n&rsquo;importe quel probl\u00e8me. <\/p> <\/div>","protected":false},"excerpt":{"rendered":"","protected":false},"author":9,"featured_media":0,"parent":1899,"menu_order":0,"comment_status":"closed","ping_status":"closed","template":"templates\/template-application-platform.php","meta":{"publish_to_discourse":"","publish_post_category":"","wpdc_auto_publish_overridden":"","wpdc_topic_tags":"","wpdc_pin_topic":"","wpdc_pin_until":"","discourse_post_id":"","discourse_permalink":"","wpdc_publishing_response":"","wpdc_publishing_error":"","footnotes":""},"class_list":["post-11162","page","type-page","status-publish","hentry"],"yoast_head":"<!-- This site is optimized with the Yoast SEO plugin v25.3.1 - https:\/\/yoast.com\/wordpress\/plugins\/seo\/ -->\n<title>Ajoutez le plugin Yelp Reviews \u00e0 votre site Web Squarespace (en 2 minutes)<\/title>\n<meta name=\"description\" content=\"Cr\u00e9er votre widget Yelp Reviews et l&#039;ajouter sur le site Web Squarespace est un jeu d&#039;enfant. Le support client Elfsight est gratuit.\" \/>\n<meta name=\"robots\" content=\"index, follow, max-snippet:-1, max-image-preview:large, max-video-preview:-1\" \/>\n<link rel=\"canonical\" href=\"https:\/\/elfsight.com\/fr\/yelp-reviews-widget\/squarespace\/\" \/>\n<meta property=\"og:locale\" content=\"fr_FR\" \/>\n<meta property=\"og:type\" content=\"article\" \/>\n<meta property=\"og:title\" content=\"Ajoutez le plugin Yelp Reviews \u00e0 votre site Web Squarespace (en 2 minutes)\" \/>\n<meta property=\"og:description\" content=\"Cr\u00e9er votre widget Yelp Reviews et l&#039;ajouter sur le site Web Squarespace est un jeu d&#039;enfant. Le support client Elfsight est gratuit.\" \/>\n<meta property=\"og:url\" content=\"https:\/\/elfsight.com\/fr\/yelp-reviews-widget\/squarespace\/\" \/>\n<meta property=\"og:site_name\" content=\"Elfsight FR\" \/>\n<meta property=\"article:modified_time\" content=\"2025-07-10T15:05:57+00:00\" \/>\n<meta name=\"twitter:card\" content=\"summary_large_image\" \/>\n<meta name=\"twitter:label1\" content=\"Dur\u00e9e de lecture estim\u00e9e\" \/>\n\t<meta name=\"twitter:data1\" content=\"3 minutes\" \/>\n<!-- \/ Yoast SEO plugin. -->","yoast_head_json":{"title":"Ajoutez le plugin Yelp Reviews \u00e0 votre site Web Squarespace (en 2 minutes)","description":"Cr\u00e9er votre widget Yelp Reviews et l'ajouter sur le site Web Squarespace est un jeu d'enfant. Le support client Elfsight est gratuit.","robots":{"index":"index","follow":"follow","max-snippet":"max-snippet:-1","max-image-preview":"max-image-preview:large","max-video-preview":"max-video-preview:-1"},"canonical":"https:\/\/elfsight.com\/fr\/yelp-reviews-widget\/squarespace\/","og_locale":"fr_FR","og_type":"article","og_title":"Ajoutez le plugin Yelp Reviews \u00e0 votre site Web Squarespace (en 2 minutes)","og_description":"Cr\u00e9er votre widget Yelp Reviews et l'ajouter sur le site Web Squarespace est un jeu d'enfant. Le support client Elfsight est gratuit.","og_url":"https:\/\/elfsight.com\/fr\/yelp-reviews-widget\/squarespace\/","og_site_name":"Elfsight FR","article_modified_time":"2025-07-10T15:05:57+00:00","twitter_card":"summary_large_image","twitter_misc":{"Dur\u00e9e de lecture estim\u00e9e":"3 minutes"},"schema":{"@context":"https:\/\/schema.org","@graph":[{"@type":"WebPage","@id":"https:\/\/elfsight.com\/fr\/yelp-reviews-widget\/squarespace\/","url":"https:\/\/elfsight.com\/fr\/yelp-reviews-widget\/squarespace\/","name":"Ajoutez le plugin Yelp Reviews \u00e0 votre site Web Squarespace (en 2 minutes)","isPartOf":{"@id":"https:\/\/elfsight.com\/fr\/#website"},"datePublished":"1970-01-01T00:00:00+00:00","dateModified":"2025-07-10T15:05:57+00:00","description":"Cr\u00e9er votre widget Yelp Reviews et l'ajouter sur le site Web Squarespace est un jeu d'enfant. Le support client Elfsight est gratuit.","breadcrumb":{"@id":"https:\/\/elfsight.com\/fr\/yelp-reviews-widget\/squarespace\/#breadcrumb"},"inLanguage":"fr-FR","potentialAction":[{"@type":"ReadAction","target":["https:\/\/elfsight.com\/fr\/yelp-reviews-widget\/squarespace\/"]}]},{"@type":"BreadcrumbList","@id":"https:\/\/elfsight.com\/fr\/yelp-reviews-widget\/squarespace\/#breadcrumb","itemListElement":[{"@type":"ListItem","position":1,"name":"Home","item":"https:\/\/elfsight.com\/fr\/"},{"@type":"ListItem","position":2,"name":"Yelp Reviews","item":"https:\/\/elfsight.com\/fr\/yelp-reviews-widget\/"},{"@type":"ListItem","position":3,"name":"Yelp Reviews &#8211; Squarespace"}]},{"@type":"WebSite","@id":"https:\/\/elfsight.com\/fr\/#website","url":"https:\/\/elfsight.com\/fr\/","name":"Elfsight FR","description":"","potentialAction":[{"@type":"SearchAction","target":{"@type":"EntryPoint","urlTemplate":"https:\/\/elfsight.com\/fr\/?s={search_term_string}"},"query-input":{"@type":"PropertyValueSpecification","valueRequired":true,"valueName":"search_term_string"}}],"inLanguage":"fr-FR"}]}},"meta_box":{"industry":"","seo_heading":"","heading":"","description":"","cta_heading":"","cta_description":"","application":"1891","h1":"Plugin Squarespace Yelp Avis","h1_caption":"Pr\u00e9sentez les avis des clients de Yelp pour renforcer votre cr\u00e9dibilit\u00e9 et fournir sans effort une preuve sociale de votre entreprise sur votre site Web Squarespace.","application_category":[],"applications_title":"","applications_request_title":"","applications_request_button_text":"","hero_text":"","hero_video":"","hero_video_schema_markup":"","selling_points_title":"","selling_points_caption":"","selling_points":[],"selling_points_cta_text":"","features_title":"","features":"","ed_cta_examples_text":"","ed_cta_examples_hidden":"","ed_cta_demo_text":"","ed_cta_demo_hidden":"","why_caption":"","why_editor_title":"","why_editor_text":"","why_team_title":"","why_team_text":"","why_service_title":"","why_service_text":"","template_catalog_visible":"","template_catalog_title":"","template_catalog_text":"","template_catalog_categories_visible":"","demo_title":"Cr\u00e9ez votre plugin Yelp Reviews","demo_caption":"Configurez vos avis Yelp et ajoutez-les gratuitement \u00e0 votre site Web Squarespace\u00a0!","default_faq_hidden":"","app_template_category":[],"platform":"361","template_public_id":"","codecanyon_url":"","codecanyon_item_id":"","codecanyon_price":"","pricing_caption":"","pricing_elfsight_apps_hide_column":"","pricing_elfsight_apps_url":"","pricing_codecanyon_price_caption":"","integration_category":[],"integration_request_title":"","integration_request_cta":"","integration_platform":"","integrations":[],"platform_category":[],"video_schema_markup":"","price":"\u00e0 partir de 0$ \/ mois","trial":"","benefits":[{"text":"Aide \u00e0 l'installation gratuite"},{"text":"Support client exp\u00e9riment\u00e9"},{"text":"Garantie de remboursement de 14 jours"},{"text":"Futures mises \u00e0 jour gratuites"}],"button_url":"","button_target_blank":"","button_nofollow":"","attributes":[{"name":"Installations","content":"10,000 - 100,000"},{"name":"Sensible","content":"Oui"},{"name":"Navigateurs compatibles","content":"Firefox, Safari, Opera, Chrome, Edge"}],"tags":[],"tags_disable_links":"","hide_more_platforms":"","video_object":"","demo_hide_cta":"","demo_hide_cloud_options":"","pricing_title":"","pricing":[{"pricing_icon":"platform","pricing_title":"Elfsight Apps","pricing_title_caption":"Logiciel multiplateforme","pricing_price":"from $0 \/ month","pricing_price_caption":"commencez avec un forfait gratuit","pricing_benefits":[{"text":"Domaines illimit\u00e9s"},{"text":"Accompagnement professionnel et bien document\u00e9"},{"text":"Assistance \u00e0 l'installation gratuite"},{"text":"Enti\u00e8rement personnalisable"}],"pricing_button_text":"Ajouter au site Web","pricing_button_url":"#demo"}],"related_apps_title":"","related_apps_hidden":"","author":"","image":[],"title":"","job":"","social_networks":[]},"_links":{"self":[{"href":"https:\/\/elfsight.com\/fr\/wp-json\/wp\/v2\/pages\/11162","targetHints":{"allow":["GET"]}}],"collection":[{"href":"https:\/\/elfsight.com\/fr\/wp-json\/wp\/v2\/pages"}],"about":[{"href":"https:\/\/elfsight.com\/fr\/wp-json\/wp\/v2\/types\/page"}],"author":[{"embeddable":true,"href":"https:\/\/elfsight.com\/fr\/wp-json\/wp\/v2\/users\/9"}],"replies":[{"embeddable":true,"href":"https:\/\/elfsight.com\/fr\/wp-json\/wp\/v2\/comments?post=11162"}],"version-history":[{"count":1,"href":"https:\/\/elfsight.com\/fr\/wp-json\/wp\/v2\/pages\/11162\/revisions"}],"predecessor-version":[{"id":11166,"href":"https:\/\/elfsight.com\/fr\/wp-json\/wp\/v2\/pages\/11162\/revisions\/11166"}],"up":[{"embeddable":true,"href":"https:\/\/elfsight.com\/fr\/wp-json\/wp\/v2\/pages\/1899"}],"wp:attachment":[{"href":"https:\/\/elfsight.com\/fr\/wp-json\/wp\/v2\/media?parent=11162"}],"curies":[{"name":"wp","href":"https:\/\/api.w.org\/{rel}","templated":true}]}}