{"id":11157,"date":"1970-01-01T00:00:00","date_gmt":"1970-01-01T00:00:00","guid":{"rendered":"https:\/\/elfsight.com\/fr\/?page_id=11157"},"modified":"2025-07-10T15:06:09","modified_gmt":"2025-07-10T15:06:09","slug":"webflow","status":"publish","type":"page","link":"https:\/\/elfsight.com\/fr\/yelp-reviews-widget\/webflow\/","title":{"rendered":"Yelp Reviews &#8211; Webflow"},"content":{"rendered":"<div class=\"application-platform-content-item-description application-platform-content-item\" id=\"description\" data-nav-section=\"description\"> <h2>Int\u00e9grer les avis Yelp sur Webflow avec le widget Elfsight<\/h2> <p>Elfsight Yelp Reviews est un widget simple qui vous permet de publier sur les avis de votre site Web sur vos produits ou services \u00e0 partir de publications sur Yelp. Avec ce widget, vous pouvez appliquer des filtres pour trier les avis ind\u00e9sirables, r\u00e9v\u00e9ler vos notes et num\u00e9ros sur Yelp, ajouter des d\u00e9tails sur les auteurs et int\u00e9grer un bouton qui am\u00e8nera les visiteurs \u00e0 r\u00e9diger un avis suppl\u00e9mentaire sur Yelp. Le widget Elfsight Yelp Reviews vous aidera \u00e0 afficher votre preuve sociale \u00e9lev\u00e9e sur le site Web et \u00e0 augmenter vos ventes. <\/p><div class=\"faq\" data-component=\"FAQ\"> <div class=\"faq-item\">\r\n\t\t\t\t\t<div class=\"faq-item-question\">\r\n\t\t\t\t\t\t<h3 class=\"faq-item-question-text\">O\u00f9 sur mon site puis-je installer le widget<\/h3>\r\n\r\n\t\t\t\t\t\t<div class=\"faq-item-question-icon\"><\/div>\r\n\t\t\t\t\t<\/div>\r\n\r\n\t\t\t\t\t<div class=\"faq-item-answer\">\r\n\t\t\t\t\t\t<div class=\"faq-item-answer-text\"> <p>Ce widget peut \u00eatre int\u00e9gr\u00e9 sur n&rsquo;importe quelle page Web, sur laquelle vous souhaitez d\u00e9montrer votre grande appr\u00e9ciation et votre popularit\u00e9 aupr\u00e8s des clients. Si vous souhaitez publier le widget sur toutes les pages du site, vous pouvez simplement le coller dans le mod\u00e8le du site Web. <\/p><\/div>\r\n\t\t\t\t\t<\/div>\r\n\t\t\t\t<\/div> <div class=\"faq-item\">\r\n\t\t\t\t\t<div class=\"faq-item-question\">\r\n\t\t\t\t\t\t<h3 class=\"faq-item-question-text\">Quels sont les avantages de l'avoir pour moi ? <\/h3>\r\n\r\n\t\t\t\t\t\t<div class=\"faq-item-question-icon\"><\/div>\r\n\t\t\t\t\t<\/div>\r\n\r\n\t\t\t\t\t<div class=\"faq-item-answer\">\r\n\t\t\t\t\t\t<div class=\"faq-item-answer-text\"> <p>Les avis de vraies personnes sont parfaitement dignes de confiance pour les visiteurs de votre site Web et leur montrent que votre entreprise est fiable. Une note \u00e9lev\u00e9e et d\u2019excellentes critiques peuvent contribuer \u00e0 augmenter le niveau de ventes sur votre site Web. De plus, un bouton actif peut contribuer \u00e0 augmenter le nombre d&rsquo;avis clients sur vos offres ou services sur Yelp. <\/p> <\/div>\r\n\t\t\t\t\t<\/div>\r\n\t\t\t\t<\/div> <div class=\"faq-item\">\r\n\t\t\t\t\t<div class=\"faq-item-question\">\r\n\t\t\t\t\t\t<h3 class=\"faq-item-question-text\">Comment puis-je ajouter le widget Avis de Yelp \u00e0 mon site Web Webflow ? <\/h3>\r\n\r\n\t\t\t\t\t\t<div class=\"faq-item-question-icon\"><\/div>\r\n\t\t\t\t\t<\/div>\r\n\r\n\t\t\t\t\t<div class=\"faq-item-answer\">\r\n\t\t\t\t\t\t<div class=\"faq-item-answer-text\"> <p>Cela ne prendra que quelques minutes pour que le widget soit op\u00e9rationnel. L&rsquo;int\u00e9gration est vraiment rapide, gratuite et sans codage. <\/p> <p>Vous pouvez int\u00e9grer le widget Avis au site Web via notre service. Pour cela, effectuez une br\u00e8ve description ci-dessous sur cette page. <\/p><\/div>\r\n\t\t\t\t\t<\/div>\r\n\t\t\t\t<\/div> <\/div> <\/div> <div class=\"application-platform-content-item-features application-platform-content-item\" id=\"features\" data-nav-section=\"features\"> <h2>Principales fonctionnalit\u00e9s du widget Avis Yelp<\/h2> <p>Afin de permettre une compr\u00e9hension claire du widget, d\u00e9couvrez la liste des fonctionnalit\u00e9s essentielles. Ils rendent le widget vraiment efficace pour vous\u00a0: <\/p> <ul> <li>Trois filtres disponibles\u00a0: par type, exclusion par et nombre d&rsquo;avis \u00e0 afficher\u00a0; <\/li> <li>4 dispositions pr\u00e9d\u00e9finies\u00a0: liste, grille, ma\u00e7onnerie et curseur\u00a0; <\/li> <li> En-t\u00eate enti\u00e8rement flexible du widget\u00a0; <\/li> <li>Le bouton de demande de r\u00e9vision redirige les visiteurs vers votre page Yelp\u00a0; <\/li> <li>Six \u00e9l\u00e9ments personnalisables de l&rsquo;interface\u00a0: nom et photo de l&rsquo;auteur, recommandation, date, ic\u00f4ne Yelp et note par \u00e9toiles\u00a0; <\/li> <li>Deux sc\u00e9narios possibles apr\u00e8s le rejet d&rsquo;une demande d&rsquo;avis\u00a0: d\u00e9montrer votre message ou masquer le bouton. <\/li> <\/ul><p><a href=\"#demo\">D\u00e9couvrez toutes les fonctionnalit\u00e9s dans notre d\u00e9mo en direct<\/a><\/p> <\/div> <div class=\"application-platform-content-item-installation application-platform-content-item\" id=\"installation\" data-nav-section=\"installation\"> <h2> V\u00e9rifiez comment ajouter les avis Yelp \u00e0 votre page Webflow. C&rsquo;est un-deux-trois facile<\/h2><div class=\"video-container\"><iframe width=\"720\" height=\"405\" src=\"https:\/\/www.youtube.com\/embed\/lf6p3UAeO0o\" frameborder=\"0\" allowfullscreen=\"\"><\/iframe><\/div><p>Ces plusieurs actions sont la seule chose que vous devez faire pour l&rsquo;installation.<\/p> <ul><li><b>Conception votre plugin Yelp unique<\/b><br> Gr\u00e2ce \u00e0 notre configurateur gratuit, g\u00e9n\u00e9rez un plugin avec une composition et des caract\u00e9ristiques fonctionnelles s\u00e9lectionn\u00e9es. <\/li><li><b>Acqu\u00e9rir le code personnel pour afficher le plugin<\/b><br> Apr\u00e8s avoir configur\u00e9 votre widget, vous recevrez le code individuel de la notification apparaissant sur Elfsight Apps. Copiez-le pour une utilisation future. <\/li> <li><b>Publiez le plugin sur votre site<\/b><br> Choisissez la zone de la page o\u00f9 vous pr\u00e9voyez de r\u00e9v\u00e9ler le plugin et ajoutez-y le code enregistr\u00e9. Appliquez les modifications. <\/li> <li><b>Vous avez r\u00e9ussi l&rsquo;installation<\/b><br> Visitez votre boutique pour v\u00e9rifier votre plugin. <\/li> <\/ul><p>Toujours pas s\u00fbr\u00a0? Ou vous avez des probl\u00e8mes ? \u00c9crivez simplement une demande \u00e0 notre service client et nous r\u00e9glerons tout type de probl\u00e8me. <\/p> <\/div>","protected":false},"excerpt":{"rendered":"","protected":false},"author":9,"featured_media":0,"parent":1899,"menu_order":0,"comment_status":"closed","ping_status":"closed","template":"templates\/template-application-platform.php","meta":{"publish_to_discourse":"","publish_post_category":"","wpdc_auto_publish_overridden":"","wpdc_topic_tags":"","wpdc_pin_topic":"","wpdc_pin_until":"","discourse_post_id":"","discourse_permalink":"","wpdc_publishing_response":"","wpdc_publishing_error":"","footnotes":""},"class_list":["post-11157","page","type-page","status-publish","hentry"],"yoast_head":"<!-- This site is optimized with the Yoast SEO plugin v25.3.1 - https:\/\/yoast.com\/wordpress\/plugins\/seo\/ -->\n<title>Ajoutez le widget Yelp Reviews \u00e0 votre site Web Webflow (2025)<\/title>\n<meta name=\"description\" content=\"Avec Elfsight, produisez vos avis Yelp et placez-les sur le site Webflow en un rien de temps. Nous avons un service client gratuit et d&#039;autres bonus.\" \/>\n<meta name=\"robots\" content=\"index, follow, max-snippet:-1, max-image-preview:large, max-video-preview:-1\" \/>\n<link rel=\"canonical\" href=\"https:\/\/elfsight.com\/fr\/yelp-reviews-widget\/webflow\/\" \/>\n<meta property=\"og:locale\" content=\"fr_FR\" \/>\n<meta property=\"og:type\" content=\"article\" \/>\n<meta property=\"og:title\" content=\"Ajoutez le widget Yelp Reviews \u00e0 votre site Web Webflow (2025)\" \/>\n<meta property=\"og:description\" content=\"Avec Elfsight, produisez vos avis Yelp et placez-les sur le site Webflow en un rien de temps. Nous avons un service client gratuit et d&#039;autres bonus.\" \/>\n<meta property=\"og:url\" content=\"https:\/\/elfsight.com\/fr\/yelp-reviews-widget\/webflow\/\" \/>\n<meta property=\"og:site_name\" content=\"Elfsight FR\" \/>\n<meta property=\"article:modified_time\" content=\"2025-07-10T15:06:09+00:00\" \/>\n<meta name=\"twitter:card\" content=\"summary_large_image\" \/>\n<meta name=\"twitter:label1\" content=\"Dur\u00e9e de lecture estim\u00e9e\" \/>\n\t<meta name=\"twitter:data1\" content=\"3 minutes\" \/>\n<!-- \/ Yoast SEO plugin. -->","yoast_head_json":{"title":"Ajoutez le widget Yelp Reviews \u00e0 votre site Web Webflow (2025)","description":"Avec Elfsight, produisez vos avis Yelp et placez-les sur le site Webflow en un rien de temps. Nous avons un service client gratuit et d'autres bonus.","robots":{"index":"index","follow":"follow","max-snippet":"max-snippet:-1","max-image-preview":"max-image-preview:large","max-video-preview":"max-video-preview:-1"},"canonical":"https:\/\/elfsight.com\/fr\/yelp-reviews-widget\/webflow\/","og_locale":"fr_FR","og_type":"article","og_title":"Ajoutez le widget Yelp Reviews \u00e0 votre site Web Webflow (2025)","og_description":"Avec Elfsight, produisez vos avis Yelp et placez-les sur le site Webflow en un rien de temps. Nous avons un service client gratuit et d'autres bonus.","og_url":"https:\/\/elfsight.com\/fr\/yelp-reviews-widget\/webflow\/","og_site_name":"Elfsight FR","article_modified_time":"2025-07-10T15:06:09+00:00","twitter_card":"summary_large_image","twitter_misc":{"Dur\u00e9e de lecture estim\u00e9e":"3 minutes"},"schema":{"@context":"https:\/\/schema.org","@graph":[{"@type":"WebPage","@id":"https:\/\/elfsight.com\/fr\/yelp-reviews-widget\/webflow\/","url":"https:\/\/elfsight.com\/fr\/yelp-reviews-widget\/webflow\/","name":"Ajoutez le widget Yelp Reviews \u00e0 votre site Web Webflow (2025)","isPartOf":{"@id":"https:\/\/elfsight.com\/fr\/#website"},"datePublished":"1970-01-01T00:00:00+00:00","dateModified":"2025-07-10T15:06:09+00:00","description":"Avec Elfsight, produisez vos avis Yelp et placez-les sur le site Webflow en un rien de temps. Nous avons un service client gratuit et d'autres bonus.","breadcrumb":{"@id":"https:\/\/elfsight.com\/fr\/yelp-reviews-widget\/webflow\/#breadcrumb"},"inLanguage":"fr-FR","potentialAction":[{"@type":"ReadAction","target":["https:\/\/elfsight.com\/fr\/yelp-reviews-widget\/webflow\/"]}]},{"@type":"BreadcrumbList","@id":"https:\/\/elfsight.com\/fr\/yelp-reviews-widget\/webflow\/#breadcrumb","itemListElement":[{"@type":"ListItem","position":1,"name":"Home","item":"https:\/\/elfsight.com\/fr\/"},{"@type":"ListItem","position":2,"name":"Yelp Reviews","item":"https:\/\/elfsight.com\/fr\/yelp-reviews-widget\/"},{"@type":"ListItem","position":3,"name":"Yelp Reviews &#8211; Webflow"}]},{"@type":"WebSite","@id":"https:\/\/elfsight.com\/fr\/#website","url":"https:\/\/elfsight.com\/fr\/","name":"Elfsight FR","description":"","potentialAction":[{"@type":"SearchAction","target":{"@type":"EntryPoint","urlTemplate":"https:\/\/elfsight.com\/fr\/?s={search_term_string}"},"query-input":{"@type":"PropertyValueSpecification","valueRequired":true,"valueName":"search_term_string"}}],"inLanguage":"fr-FR"}]}},"meta_box":{"industry":"","seo_heading":"","heading":"","description":"","cta_heading":"","cta_description":"","application":"1891","h1":"Widget Webflow Avis Yelp","h1_caption":"Pr\u00e9sentez les avis des clients de Yelp pour renforcer votre cr\u00e9dibilit\u00e9 et fournir sans effort une preuve sociale de votre entreprise sur votre site Web Webflow.","application_category":[],"applications_title":"","applications_request_title":"","applications_request_button_text":"","hero_text":"","hero_video":"","hero_video_schema_markup":"","selling_points_title":"","selling_points_caption":"","selling_points":[],"selling_points_cta_text":"","features_title":"","features":"","ed_cta_examples_text":"","ed_cta_examples_hidden":"","ed_cta_demo_text":"","ed_cta_demo_hidden":"","why_caption":"","why_editor_title":"","why_editor_text":"","why_team_title":"","why_team_text":"","why_service_title":"","why_service_text":"","template_catalog_visible":"","template_catalog_title":"","template_catalog_text":"","template_catalog_categories_visible":"","demo_title":"Cr\u00e9ez votre widget Avis Yelp","demo_caption":"Configurez vos avis Yelp et ajoutez-les \u00e0 votre site Web Webflow gratuitement\u00a0!","default_faq_hidden":"","app_template_category":[],"platform":"362","template_public_id":"","codecanyon_url":"","codecanyon_item_id":"","codecanyon_price":"","pricing_caption":"","pricing_elfsight_apps_hide_column":"","pricing_elfsight_apps_url":"","pricing_codecanyon_price_caption":"","integration_category":[],"integration_request_title":"","integration_request_cta":"","integration_platform":"","integrations":[],"platform_category":[],"video_schema_markup":"","price":"\u00e0 partir de 0$ \/ mois","trial":"","benefits":[{"text":"Service d'installation gratuit"},{"text":"Assistance premium"},{"text":"Garantie de remboursement de 14 jours"},{"text":"D\u00e9veloppement continu"}],"button_url":"","button_target_blank":"","button_nofollow":"","attributes":[{"name":"Installations","content":"10,000 - 100,000"},{"name":"Sensible","content":"Oui"},{"name":"Navigateurs compatibles","content":"Safari, Edge, Chrome, Firefox, Opera"}],"tags":[],"tags_disable_links":"","hide_more_platforms":"","video_object":"","demo_hide_cta":"","demo_hide_cloud_options":"","pricing_title":"","pricing":[{"pricing_icon":"platform","pricing_title":"Elfsight Apps","pricing_title_caption":"Solution num\u00e9rique multiplateforme qui fonctionne sur n'importe quel site Web","pricing_price":"from $0 \/ month","pricing_price_caption":"commencez avec un forfait gratuit","pricing_benefits":[{"text":"Domaines illimit\u00e9s"},{"text":"Accompagnement professionnel"},{"text":"Service d'installation gratuit"},{"text":"Offre sp\u00e9ciale pour plusieurs applications"}],"pricing_button_text":"Ajouter au site Web","pricing_button_url":"#demo"}],"related_apps_title":"","related_apps_hidden":"","author":"","image":[],"title":"","job":"","social_networks":[]},"_links":{"self":[{"href":"https:\/\/elfsight.com\/fr\/wp-json\/wp\/v2\/pages\/11157","targetHints":{"allow":["GET"]}}],"collection":[{"href":"https:\/\/elfsight.com\/fr\/wp-json\/wp\/v2\/pages"}],"about":[{"href":"https:\/\/elfsight.com\/fr\/wp-json\/wp\/v2\/types\/page"}],"author":[{"embeddable":true,"href":"https:\/\/elfsight.com\/fr\/wp-json\/wp\/v2\/users\/9"}],"replies":[{"embeddable":true,"href":"https:\/\/elfsight.com\/fr\/wp-json\/wp\/v2\/comments?post=11157"}],"version-history":[{"count":2,"href":"https:\/\/elfsight.com\/fr\/wp-json\/wp\/v2\/pages\/11157\/revisions"}],"predecessor-version":[{"id":14590,"href":"https:\/\/elfsight.com\/fr\/wp-json\/wp\/v2\/pages\/11157\/revisions\/14590"}],"up":[{"embeddable":true,"href":"https:\/\/elfsight.com\/fr\/wp-json\/wp\/v2\/pages\/1899"}],"wp:attachment":[{"href":"https:\/\/elfsight.com\/fr\/wp-json\/wp\/v2\/media?parent=11157"}],"curies":[{"name":"wp","href":"https:\/\/api.w.org\/{rel}","templated":true}]}}