{"id":11156,"date":"1970-01-01T00:00:00","date_gmt":"1970-01-01T00:00:00","guid":{"rendered":"https:\/\/elfsight.com\/fr\/?page_id=11156"},"modified":"2025-07-10T15:06:14","modified_gmt":"2025-07-10T15:06:14","slug":"webnode","status":"publish","type":"page","link":"https:\/\/elfsight.com\/fr\/yelp-reviews-widget\/webnode\/","title":{"rendered":"Yelp Reviews &#8211; Webnode"},"content":{"rendered":"<div class=\"application-platform-content-item-description application-platform-content-item\" id=\"description\" data-nav-section=\"description\"> <h2>Description<\/h2> <p>Si vous souhaitez vanter votre appr\u00e9ciation aupr\u00e8s des utilisateurs et convaincre les visiteurs du site que vos offres pr\u00e9sentent un bon rapport qualit\u00e9-prix , Elfsight Yelp Reviews fera le travail. Gr\u00e2ce \u00e0 notre widget, vous ins\u00e9rerez facilement les avis des clients de Yelp sur votre site Web avec des d\u00e9tails sur leurs auteurs, les filtrerez pour n&rsquo;afficher que les bons, afficherez les notes et un bouton actif qui redirigera les gens vers votre page Yelp, afin qu&rsquo;ils puissent publier leur revoir. <\/p><div class=\"faq\" data-component=\"FAQ\"> <div class=\"faq-item\">\r\n\t\t\t\t\t<div class=\"faq-item-question\">\r\n\t\t\t\t\t\t<h3 class=\"faq-item-question-text\">O\u00f9 puis-je publier ce plugin<\/h3>\r\n\r\n\t\t\t\t\t\t<div class=\"faq-item-question-icon\"><\/div>\r\n\t\t\t\t\t<\/div>\r\n\r\n\t\t\t\t\t<div class=\"faq-item-answer\">\r\n\t\t\t\t\t\t<div class=\"faq-item-answer-text\"> <p>Notre widget peut \u00eatre install\u00e9 sur n&rsquo;importe quelle page, o\u00f9 vous devez montrer votre grande appr\u00e9ciation et votre popularit\u00e9 parmi les clients. Si vous en avez besoin sur toutes les pages de votre site, vous pouvez facilement l&rsquo;ins\u00e9rer dans le mod\u00e8le de site Web. <\/p><\/div>\r\n\t\t\t\t\t<\/div>\r\n\t\t\t\t<\/div> <div class=\"faq-item\">\r\n\t\t\t\t\t<div class=\"faq-item-question\">\r\n\t\t\t\t\t\t<h3 class=\"faq-item-question-text\">Comment puis-je en b\u00e9n\u00e9ficier ? <\/h3>\r\n\r\n\t\t\t\t\t\t<div class=\"faq-item-question-icon\"><\/div>\r\n\t\t\t\t\t<\/div>\r\n\r\n\t\t\t\t\t<div class=\"faq-item-answer\">\r\n\t\t\t\t\t\t<div class=\"faq-item-answer-text\"> <p>Les avis de vraies personnes sont parfaitement dignes de confiance pour les utilisateurs de votre site et leur d\u00e9montrent que votre entreprise est fiable. Une note \u00e9lev\u00e9e et de bonnes critiques peuvent contribuer \u00e0 renforcer le niveau de ventes sur votre site. De plus, le bouton de redirection contribuera \u00e0 davantage d&rsquo;avis de clients li\u00e9s \u00e0 votre entreprise sur Yelp. <\/p> <\/div>\r\n\t\t\t\t\t<\/div>\r\n\t\t\t\t<\/div> <div class=\"faq-item\">\r\n\t\t\t\t\t<div class=\"faq-item-question\">\r\n\t\t\t\t\t\t<h3 class=\"faq-item-question-text\">Comment ajouter le widget Avis de Yelp sur mon site Webnode ? <\/h3>\r\n\r\n\t\t\t\t\t\t<div class=\"faq-item-question-icon\"><\/div>\r\n\t\t\t\t\t<\/div>\r\n\r\n\t\t\t\t\t<div class=\"faq-item-answer\">\r\n\t\t\t\t\t\t<div class=\"faq-item-answer-text\"> <p>L&rsquo;int\u00e9gration du widget ne prendra qu&rsquo;une minute. Le processus d&rsquo;int\u00e9gration est tr\u00e8s rapide, gratuit et sans codage. <\/p> <p>Vous pouvez ajouter un widget Avis \u00e0 la page Web directement via notre service. V\u00e9rifiez simplement une br\u00e8ve description sur cette page. <\/p><\/div>\r\n\t\t\t\t\t<\/div>\r\n\t\t\t\t<\/div> <\/div> <\/div> <div class=\"application-platform-content-item-features application-platform-content-item\" id=\"features\" data-nav-section=\"features\"> <h2>Fonctionnalit\u00e9s<\/h2> <p>Pour mieux comprendre le widget, d\u00e9couvrez la liste de ses plus traits pr\u00e9cieux. Ils rendent le widget plus efficace pour vous\u00a0: <\/p> <ul> <li>3 types de filtres\u00a0: par type, exclusion par et nombre d&rsquo;avis \u00e0 afficher\u00a0; <\/li> <li>Quatre pr\u00e9sentations disponibles\u00a0: liste, grille, ma\u00e7onnerie et curseur\u00a0; <\/li> <li> En-t\u00eate commutable du widget\u00a0; <\/li> <li>Le bouton de demande de r\u00e9vision dirige les utilisateurs vers la page Yelp\u00a0; <\/li> <li>6 \u00e9l\u00e9ments r\u00e9glables des avis\u00a0: le nom de l&rsquo;auteur et l&rsquo;image, la recommandation, la date, l&rsquo;ic\u00f4ne Yelp et le nombre d&rsquo;\u00e9toiles\u00a0; <\/li> <li>Deux alternatives de sc\u00e9narios apr\u00e8s refus d&rsquo;une demande de r\u00e9vision : r\u00e9v\u00e9ler votre message ou masquer le bouton. <\/li> <\/ul><p><a href=\"#demo\">Voir toutes les fonctionnalit\u00e9s dans notre d\u00e9mo en direct<\/a><\/p> <\/div> <div class=\"application-platform-content-item-installation application-platform-content-item\" id=\"installation\" data-nav-section=\"installation\"> <h2> Voyons comment ajouter les avis Yelp \u00e0 votre page Webnode. C\u2019est simple et ne prend pas beaucoup de temps. <\/h2> <p> Quelques \u00e9tapes simples suffisent pour afficher le widget sur votre site. <\/p> <ul><li><b>Cr\u00e9ez votre widget Yelp personnalis\u00e9<\/b><br> Dans notre d\u00e9mo gratuite, g\u00e9n\u00e9rez un plugin avec une mise en page et des fonctionnalit\u00e9s pr\u00e9f\u00e9r\u00e9es. <\/li><li><b>Copiez le code personnel pour publier le plugin<\/b><br> Apr\u00e8s avoir configur\u00e9 votre widget, vous obtiendrez le code d&rsquo;installation de la notification apparue sur Elfsight Apps. Copiez ce code pour une utilisation ult\u00e9rieure. <\/li> <li><b> Publiez le plugin sur votre site Web<\/b><br> D\u00e9finissez la zone dans laquelle vous souhaitez ajouter le plugin et ins\u00e9rez-y le code enregistr\u00e9. Publiez les modifications. <\/li> <li><b>L&rsquo;int\u00e9gration est r\u00e9ussie\u00a0! <\/b><br> Entrez dans la boutique pour v\u00e9rifier votre plugin. <\/li> <\/ul><p>Vous avez encore des doutes sur quelque chose\u00a0? Ou vous rencontrez des probl\u00e8mes ? Une seule demande \u00e0 notre service client vous aidera \u00e0 r\u00e9soudre chaque probl\u00e8me. <\/p> <\/div>","protected":false},"excerpt":{"rendered":"","protected":false},"author":9,"featured_media":0,"parent":1899,"menu_order":0,"comment_status":"closed","ping_status":"closed","template":"templates\/template-application-platform.php","meta":{"publish_to_discourse":"","publish_post_category":"","wpdc_auto_publish_overridden":"","wpdc_topic_tags":"","wpdc_pin_topic":"","wpdc_pin_until":"","discourse_post_id":"","discourse_permalink":"","wpdc_publishing_response":"","wpdc_publishing_error":"","footnotes":""},"class_list":["post-11156","page","type-page","status-publish","hentry"],"yoast_head":"<!-- This site is optimized with the Yoast SEO plugin v25.3.1 - https:\/\/yoast.com\/wordpress\/plugins\/seo\/ -->\n<title>Ajoutez le widget Yelp Reviews \u00e0 votre site Webnode (rapide et facile)<\/title>\n<meta name=\"description\" content=\"Avec Elfsight, concevez vos avis Yelp et ajoutez-les facilement sur le site Webnode. Nous avons un support client gratuit et plus de bonus.\" \/>\n<meta name=\"robots\" content=\"index, follow, max-snippet:-1, max-image-preview:large, max-video-preview:-1\" \/>\n<link rel=\"canonical\" href=\"https:\/\/elfsight.com\/fr\/yelp-reviews-widget\/webnode\/\" \/>\n<meta property=\"og:locale\" content=\"fr_FR\" \/>\n<meta property=\"og:type\" content=\"article\" \/>\n<meta property=\"og:title\" content=\"Ajoutez le widget Yelp Reviews \u00e0 votre site Webnode (rapide et facile)\" \/>\n<meta property=\"og:description\" content=\"Avec Elfsight, concevez vos avis Yelp et ajoutez-les facilement sur le site Webnode. Nous avons un support client gratuit et plus de bonus.\" \/>\n<meta property=\"og:url\" content=\"https:\/\/elfsight.com\/fr\/yelp-reviews-widget\/webnode\/\" \/>\n<meta property=\"og:site_name\" content=\"Elfsight FR\" \/>\n<meta property=\"article:modified_time\" content=\"2025-07-10T15:06:14+00:00\" \/>\n<meta name=\"twitter:card\" content=\"summary_large_image\" \/>\n<meta name=\"twitter:label1\" content=\"Dur\u00e9e de lecture estim\u00e9e\" \/>\n\t<meta name=\"twitter:data1\" content=\"3 minutes\" \/>\n<!-- \/ Yoast SEO plugin. -->","yoast_head_json":{"title":"Ajoutez le widget Yelp Reviews \u00e0 votre site Webnode (rapide et facile)","description":"Avec Elfsight, concevez vos avis Yelp et ajoutez-les facilement sur le site Webnode. Nous avons un support client gratuit et plus de bonus.","robots":{"index":"index","follow":"follow","max-snippet":"max-snippet:-1","max-image-preview":"max-image-preview:large","max-video-preview":"max-video-preview:-1"},"canonical":"https:\/\/elfsight.com\/fr\/yelp-reviews-widget\/webnode\/","og_locale":"fr_FR","og_type":"article","og_title":"Ajoutez le widget Yelp Reviews \u00e0 votre site Webnode (rapide et facile)","og_description":"Avec Elfsight, concevez vos avis Yelp et ajoutez-les facilement sur le site Webnode. Nous avons un support client gratuit et plus de bonus.","og_url":"https:\/\/elfsight.com\/fr\/yelp-reviews-widget\/webnode\/","og_site_name":"Elfsight FR","article_modified_time":"2025-07-10T15:06:14+00:00","twitter_card":"summary_large_image","twitter_misc":{"Dur\u00e9e de lecture estim\u00e9e":"3 minutes"},"schema":{"@context":"https:\/\/schema.org","@graph":[{"@type":"WebPage","@id":"https:\/\/elfsight.com\/fr\/yelp-reviews-widget\/webnode\/","url":"https:\/\/elfsight.com\/fr\/yelp-reviews-widget\/webnode\/","name":"Ajoutez le widget Yelp Reviews \u00e0 votre site Webnode (rapide et facile)","isPartOf":{"@id":"https:\/\/elfsight.com\/fr\/#website"},"datePublished":"1970-01-01T00:00:00+00:00","dateModified":"2025-07-10T15:06:14+00:00","description":"Avec Elfsight, concevez vos avis Yelp et ajoutez-les facilement sur le site Webnode. Nous avons un support client gratuit et plus de bonus.","breadcrumb":{"@id":"https:\/\/elfsight.com\/fr\/yelp-reviews-widget\/webnode\/#breadcrumb"},"inLanguage":"fr-FR","potentialAction":[{"@type":"ReadAction","target":["https:\/\/elfsight.com\/fr\/yelp-reviews-widget\/webnode\/"]}]},{"@type":"BreadcrumbList","@id":"https:\/\/elfsight.com\/fr\/yelp-reviews-widget\/webnode\/#breadcrumb","itemListElement":[{"@type":"ListItem","position":1,"name":"Home","item":"https:\/\/elfsight.com\/fr\/"},{"@type":"ListItem","position":2,"name":"Yelp Reviews","item":"https:\/\/elfsight.com\/fr\/yelp-reviews-widget\/"},{"@type":"ListItem","position":3,"name":"Yelp Reviews &#8211; Webnode"}]},{"@type":"WebSite","@id":"https:\/\/elfsight.com\/fr\/#website","url":"https:\/\/elfsight.com\/fr\/","name":"Elfsight FR","description":"","potentialAction":[{"@type":"SearchAction","target":{"@type":"EntryPoint","urlTemplate":"https:\/\/elfsight.com\/fr\/?s={search_term_string}"},"query-input":{"@type":"PropertyValueSpecification","valueRequired":true,"valueName":"search_term_string"}}],"inLanguage":"fr-FR"}]}},"meta_box":{"industry":"","seo_heading":"","heading":"","description":"","cta_heading":"","cta_description":"","application":"1891","h1":"Widget Avis Yelp Webnode","h1_caption":"Pr\u00e9sentez les avis des clients de Yelp pour renforcer votre cr\u00e9dibilit\u00e9 et fournir sans effort une preuve sociale de votre entreprise sur votre site Web Webnode.","application_category":[],"applications_title":"","applications_request_title":"","applications_request_button_text":"","hero_text":"","hero_video":"","hero_video_schema_markup":"","selling_points_title":"","selling_points_caption":"","selling_points":[],"selling_points_cta_text":"","features_title":"","features":"","ed_cta_examples_text":"","ed_cta_examples_hidden":"","ed_cta_demo_text":"","ed_cta_demo_hidden":"","why_caption":"","why_editor_title":"","why_editor_text":"","why_team_title":"","why_team_text":"","why_service_title":"","why_service_text":"","template_catalog_visible":"","template_catalog_title":"","template_catalog_text":"","template_catalog_categories_visible":"","demo_title":"Cr\u00e9ez votre widget Avis Yelp","demo_caption":"Configurez vos avis Yelp et ajoutez-les gratuitement \u00e0 votre site Webnode !","default_faq_hidden":"","app_template_category":[],"platform":"364","template_public_id":"","codecanyon_url":"","codecanyon_item_id":"","codecanyon_price":"","pricing_caption":"","pricing_elfsight_apps_hide_column":"","pricing_elfsight_apps_url":"","pricing_codecanyon_price_caption":"","integration_category":[],"integration_request_title":"","integration_request_cta":"","integration_platform":"","integrations":[],"platform_category":[],"video_schema_markup":"","price":"\u00e0 partir de 0$ \/ mois","trial":"","benefits":[{"text":"Service d'installation gratuit"},{"text":"Support client exp\u00e9riment\u00e9"},{"text":"Garantie de remboursement de 14 jours"},{"text":"Am\u00e9liorations gratuites r\u00e9guli\u00e8res"}],"button_url":"","button_target_blank":"","button_nofollow":"","attributes":[{"name":"Installations","content":"10,000 - 100,000"},{"name":"Sensible","content":"Oui"},{"name":"Navigateurs compatibles","content":"Firefox, Safari, Opera, Chrome, Edge"}],"tags":[],"tags_disable_links":"","hide_more_platforms":"","video_object":"","demo_hide_cta":"","demo_hide_cloud_options":"","pricing_title":"","pricing":[{"pricing_icon":"platform","pricing_title":"Elfsight Apps","pricing_title_caption":"Solution num\u00e9rique ind\u00e9pendante de la plateforme","pricing_price":"from $0 \/ month","pricing_price_caption":"commencez avec un forfait gratuit","pricing_benefits":[{"text":"Sites Web illimit\u00e9s"},{"text":"Assistance entreprise 24h\/24 et 7j\/7"},{"text":"Aide \u00e0 l'installation gratuite"},{"text":"Tr\u00e8s bonne affaire pour plusieurs applications"}],"pricing_button_text":"Ajouter au site Web","pricing_button_url":"#demo"}],"related_apps_title":"","related_apps_hidden":"","author":"","image":[],"title":"","job":"","social_networks":[]},"_links":{"self":[{"href":"https:\/\/elfsight.com\/fr\/wp-json\/wp\/v2\/pages\/11156","targetHints":{"allow":["GET"]}}],"collection":[{"href":"https:\/\/elfsight.com\/fr\/wp-json\/wp\/v2\/pages"}],"about":[{"href":"https:\/\/elfsight.com\/fr\/wp-json\/wp\/v2\/types\/page"}],"author":[{"embeddable":true,"href":"https:\/\/elfsight.com\/fr\/wp-json\/wp\/v2\/users\/9"}],"replies":[{"embeddable":true,"href":"https:\/\/elfsight.com\/fr\/wp-json\/wp\/v2\/comments?post=11156"}],"version-history":[{"count":1,"href":"https:\/\/elfsight.com\/fr\/wp-json\/wp\/v2\/pages\/11156\/revisions"}],"predecessor-version":[{"id":11160,"href":"https:\/\/elfsight.com\/fr\/wp-json\/wp\/v2\/pages\/11156\/revisions\/11160"}],"up":[{"embeddable":true,"href":"https:\/\/elfsight.com\/fr\/wp-json\/wp\/v2\/pages\/1899"}],"wp:attachment":[{"href":"https:\/\/elfsight.com\/fr\/wp-json\/wp\/v2\/media?parent=11156"}],"curies":[{"name":"wp","href":"https:\/\/api.w.org\/{rel}","templated":true}]}}