{"id":11149,"date":"1970-01-01T00:00:00","date_gmt":"1970-01-01T00:00:00","guid":{"rendered":"https:\/\/elfsight.com\/fr\/?page_id=11149"},"modified":"2025-07-10T15:04:15","modified_gmt":"2025-07-10T15:04:15","slug":"drupal","status":"publish","type":"page","link":"https:\/\/elfsight.com\/fr\/yelp-reviews-widget\/drupal\/","title":{"rendered":"Yelp Reviews &#8211; Drupal"},"content":{"rendered":"<div class=\"application-platform-content-item-description application-platform-content-item\" id=\"description\" data-nav-section=\"description\"> <h2>Description<\/h2> <p>Si vous souhaitez r\u00e9v\u00e9ler votre note \u00e9lev\u00e9e et convaincre les visiteurs de votre site Web que vos produits ou services valent la peine d&rsquo;\u00eatre achet\u00e9s, Elfsight Yelp Reviews sera le bon choix. Avec notre widget, vous int\u00e9grerez rapidement les avis des clients de Yelp dans votre site Web avec des informations sur leurs auteurs, les trierez pour n&rsquo;afficher que les meilleurs, ajouterez des notes et un bouton de demande d&rsquo;avis qui dirigera les gens vers votre compte Yelp, afin qu&rsquo;ils puissent partagent leur avis. <\/p><div class=\"faq\" data-component=\"FAQ\"> <div class=\"faq-item\">\r\n\t\t\t\t\t<div class=\"faq-item-question\">\r\n\t\t\t\t\t\t<h3 class=\"faq-item-question-text\">O\u00f9 puis-je afficher le widget Avis<\/h3>\r\n\r\n\t\t\t\t\t\t<div class=\"faq-item-question-icon\"><\/div>\r\n\t\t\t\t\t<\/div>\r\n\r\n\t\t\t\t\t<div class=\"faq-item-answer\">\r\n\t\t\t\t\t\t<div class=\"faq-item-answer-text\"> <p>Ce widget peut \u00eatre affich\u00e9 sur n&rsquo;importe quelle page, sur laquelle vous souhaitez impressionner les utilisateurs par votre grande appr\u00e9ciation et votre popularit\u00e9 parmi les clients. Si vous en avez besoin sur toutes les pages de votre site, vous pouvez facilement l&rsquo;ins\u00e9rer dans le mod\u00e8le de site Web. <\/p><\/div>\r\n\t\t\t\t\t<\/div>\r\n\t\t\t\t<\/div> <div class=\"faq-item\">\r\n\t\t\t\t\t<div class=\"faq-item-question\">\r\n\t\t\t\t\t\t<h3 class=\"faq-item-question-text\">Quels sont les avantages d'avoir un widget Avis pour moi ? <\/h3>\r\n\r\n\t\t\t\t\t\t<div class=\"faq-item-question-icon\"><\/div>\r\n\t\t\t\t\t<\/div>\r\n\r\n\t\t\t\t\t<div class=\"faq-item-answer\">\r\n\t\t\t\t\t\t<div class=\"faq-item-answer-text\"> <p>Les avis de personnes r\u00e9elles semblent parfaitement cr\u00e9dibles \u00e0 vos clients potentiels et signifient pour eux que votre entreprise est fiable. Une note \u00e9lev\u00e9e et de bonnes critiques peuvent contribuer \u00e0 augmenter les ventes sur votre site Web. De plus, le bouton actif peut contribuer \u00e0 davantage d\u2019avis d\u2019utilisateurs li\u00e9s \u00e0 vos offres ou services sur Yelp. <\/p> <\/div>\r\n\t\t\t\t\t<\/div>\r\n\t\t\t\t<\/div> <div class=\"faq-item\">\r\n\t\t\t\t\t<div class=\"faq-item-question\">\r\n\t\t\t\t\t\t<h3 class=\"faq-item-question-text\">Comment int\u00e9grer le widget Avis pour Yelp sur mon site Drupal ? <\/h3>\r\n\r\n\t\t\t\t\t\t<div class=\"faq-item-question-icon\"><\/div>\r\n\t\t\t\t\t<\/div>\r\n\r\n\t\t\t\t\t<div class=\"faq-item-answer\">\r\n\t\t\t\t\t\t<div class=\"faq-item-answer-text\"> <p>Cela ne prend qu&rsquo;une minute de votre temps pour le configurer. Le processus d&rsquo;int\u00e9gration est ultra-rapide, gratuit et sans codage. <\/p> <p>Le widget Elfsight Reviews peut \u00eatre ins\u00e9r\u00e9 dans votre site via notre service ou via la place de march\u00e9. Vous pouvez comparer tous les d\u00e9tails des deux options et d\u00e9cider laquelle est la v\u00f4tre. <\/p><\/div>\r\n\t\t\t\t\t<\/div>\r\n\t\t\t\t<\/div> <\/div> <\/div> <div class=\"application-platform-content-item-features application-platform-content-item\" id=\"features\" data-nav-section=\"features\"> <h2>Fonctionnalit\u00e9s<\/h2> <p>Pour avoir une meilleure id\u00e9e du widget, consultez la liste de ses principaux les fonctions. Ils rendent le widget plus efficace pour vous\u00a0: <\/p> <ul> <li>Trois filtres pr\u00e9d\u00e9finis\u00a0: par type, exclusion par et nombre d&rsquo;avis \u00e0 afficher\u00a0; <\/li> <li>4 mises en page pr\u00eates \u00e0 l&#8217;emploi\u00a0: liste, grille, ma\u00e7onnerie et curseur\u00a0; <\/li> <li>Une option pour afficher ou masquer l&rsquo;en-t\u00eate du widget\u00a0; <\/li> <li>Le bouton permettant de demander un avis redirige les visiteurs vers la page Yelp\u00a0; <\/li> <li>6 \u00e9l\u00e9ments personnalisables de l&rsquo;interface\u00a0: nom et photo de l&rsquo;auteur, texte de recommandation, date de publication, ic\u00f4ne Yelp et note par \u00e9toiles\u00a0; <\/li> <li>Deux sc\u00e9narios possibles apr\u00e8s le rejet d&rsquo;une demande d&rsquo;avis\u00a0: r\u00e9v\u00e9ler votre message ou masquer le bouton. <\/li> <\/ul><p><a href=\"#demo\">Notre d\u00e9mo en direct vous pr\u00e9sentera une liste compl\u00e8te des fonctionnalit\u00e9s<\/a><\/p> <\/div> <div class=\"application-platform-content-item-installation  application-platform-content-item\" id=\"installation \" data-nav-section=\"installation \"> <h2>Voici comment ajouter les avis Yelp \u00e0 votre page Drupal<\/h2> <p>Suivez simplement les instructions ci-dessous pour int\u00e9grer le module sur Drupal.<\/p> <ol><li><b>Ouvrez notre \u00e9diteur gratuit et commencez \u00e0 cr\u00e9er votre module unique. <\/b><br> Choisissez le design et les options souhait\u00e9s du widget et appliquez les modifications. <\/li> <li><b>Obtenez le code individuel r\u00e9v\u00e9l\u00e9 dans la bo\u00eete sur les applications Elfsight. <\/b><br> Une fois la g\u00e9n\u00e9ration de votre module personnel d&rsquo;avis Yelp termin\u00e9e, copiez le code personnel dans la fen\u00eatre contextuelle qui appara\u00eet et enregistrez-le pour une occasion ult\u00e9rieure. <\/li> <li><b>Commencez \u00e0 utiliser l&rsquo;outil sur le site Drupal. <\/b><br> Ajoutez le code que vous avez copi\u00e9 r\u00e9cemment dans votre site et appliquez les modifications. <\/li> <li><b>L&rsquo;installation est enti\u00e8rement effectu\u00e9e. <\/b><br> Acc\u00e9dez \u00e0 votre site pour voir comment fonctionne le plugin. <\/li><\/ol><p>Vous n&rsquo;arrivez toujours pas \u00e0 vous d\u00e9cider\u00a0? Ou avez-vous des questions \u00e0 poser ? Envoyez simplement une demande \u00e0 notre service client pour vous aider \u00e0 r\u00e9soudre tout probl\u00e8me. <\/p> <\/div>","protected":false},"excerpt":{"rendered":"","protected":false},"author":9,"featured_media":0,"parent":1899,"menu_order":0,"comment_status":"closed","ping_status":"closed","template":"templates\/template-application-platform.php","meta":{"publish_to_discourse":"","publish_post_category":"","wpdc_auto_publish_overridden":"","wpdc_topic_tags":"","wpdc_pin_topic":"","wpdc_pin_until":"","discourse_post_id":"","discourse_permalink":"","wpdc_publishing_response":"","wpdc_publishing_error":"","footnotes":""},"class_list":["post-11149","page","type-page","status-publish","hentry"],"yoast_head":"<!-- This site is optimized with the Yoast SEO plugin v25.3.1 - https:\/\/yoast.com\/wordpress\/plugins\/seo\/ -->\n<title>Ajoutez le module Yelp Reviews \u00e0 votre site Drupal (rapide et facile)<\/title>\n<meta name=\"description\" content=\"Il est simple et rapide de cr\u00e9er votre widget Yelp Reviews et de le publier sur votre site Web Drupal. Le support client Elfsight est gratuit.\" \/>\n<meta name=\"robots\" content=\"index, follow, max-snippet:-1, max-image-preview:large, max-video-preview:-1\" \/>\n<link rel=\"canonical\" href=\"https:\/\/elfsight.com\/fr\/yelp-reviews-widget\/drupal\/\" \/>\n<meta property=\"og:locale\" content=\"fr_FR\" \/>\n<meta property=\"og:type\" content=\"article\" \/>\n<meta property=\"og:title\" content=\"Ajoutez le module Yelp Reviews \u00e0 votre site Drupal (rapide et facile)\" \/>\n<meta property=\"og:description\" content=\"Il est simple et rapide de cr\u00e9er votre widget Yelp Reviews et de le publier sur votre site Web Drupal. Le support client Elfsight est gratuit.\" \/>\n<meta property=\"og:url\" content=\"https:\/\/elfsight.com\/fr\/yelp-reviews-widget\/drupal\/\" \/>\n<meta property=\"og:site_name\" content=\"Elfsight FR\" \/>\n<meta property=\"article:modified_time\" content=\"2025-07-10T15:04:15+00:00\" \/>\n<meta name=\"twitter:card\" content=\"summary_large_image\" \/>\n<meta name=\"twitter:label1\" content=\"Dur\u00e9e de lecture estim\u00e9e\" \/>\n\t<meta name=\"twitter:data1\" content=\"3 minutes\" \/>\n<!-- \/ Yoast SEO plugin. -->","yoast_head_json":{"title":"Ajoutez le module Yelp Reviews \u00e0 votre site Drupal (rapide et facile)","description":"Il est simple et rapide de cr\u00e9er votre widget Yelp Reviews et de le publier sur votre site Web Drupal. Le support client Elfsight est gratuit.","robots":{"index":"index","follow":"follow","max-snippet":"max-snippet:-1","max-image-preview":"max-image-preview:large","max-video-preview":"max-video-preview:-1"},"canonical":"https:\/\/elfsight.com\/fr\/yelp-reviews-widget\/drupal\/","og_locale":"fr_FR","og_type":"article","og_title":"Ajoutez le module Yelp Reviews \u00e0 votre site Drupal (rapide et facile)","og_description":"Il est simple et rapide de cr\u00e9er votre widget Yelp Reviews et de le publier sur votre site Web Drupal. Le support client Elfsight est gratuit.","og_url":"https:\/\/elfsight.com\/fr\/yelp-reviews-widget\/drupal\/","og_site_name":"Elfsight FR","article_modified_time":"2025-07-10T15:04:15+00:00","twitter_card":"summary_large_image","twitter_misc":{"Dur\u00e9e de lecture estim\u00e9e":"3 minutes"},"schema":{"@context":"https:\/\/schema.org","@graph":[{"@type":"WebPage","@id":"https:\/\/elfsight.com\/fr\/yelp-reviews-widget\/drupal\/","url":"https:\/\/elfsight.com\/fr\/yelp-reviews-widget\/drupal\/","name":"Ajoutez le module Yelp Reviews \u00e0 votre site Drupal (rapide et facile)","isPartOf":{"@id":"https:\/\/elfsight.com\/fr\/#website"},"datePublished":"1970-01-01T00:00:00+00:00","dateModified":"2025-07-10T15:04:15+00:00","description":"Il est simple et rapide de cr\u00e9er votre widget Yelp Reviews et de le publier sur votre site Web Drupal. Le support client Elfsight est gratuit.","breadcrumb":{"@id":"https:\/\/elfsight.com\/fr\/yelp-reviews-widget\/drupal\/#breadcrumb"},"inLanguage":"fr-FR","potentialAction":[{"@type":"ReadAction","target":["https:\/\/elfsight.com\/fr\/yelp-reviews-widget\/drupal\/"]}]},{"@type":"BreadcrumbList","@id":"https:\/\/elfsight.com\/fr\/yelp-reviews-widget\/drupal\/#breadcrumb","itemListElement":[{"@type":"ListItem","position":1,"name":"Home","item":"https:\/\/elfsight.com\/fr\/"},{"@type":"ListItem","position":2,"name":"Yelp Reviews","item":"https:\/\/elfsight.com\/fr\/yelp-reviews-widget\/"},{"@type":"ListItem","position":3,"name":"Yelp Reviews &#8211; Drupal"}]},{"@type":"WebSite","@id":"https:\/\/elfsight.com\/fr\/#website","url":"https:\/\/elfsight.com\/fr\/","name":"Elfsight FR","description":"","potentialAction":[{"@type":"SearchAction","target":{"@type":"EntryPoint","urlTemplate":"https:\/\/elfsight.com\/fr\/?s={search_term_string}"},"query-input":{"@type":"PropertyValueSpecification","valueRequired":true,"valueName":"search_term_string"}}],"inLanguage":"fr-FR"}]}},"meta_box":{"industry":"","seo_heading":"","heading":"","description":"","cta_heading":"","cta_description":"","application":"1891","h1":"Module Avis Drupal Yelp","h1_caption":"Pr\u00e9sentez les avis des clients de Yelp pour renforcer votre cr\u00e9dibilit\u00e9 et fournir sans effort une preuve sociale de votre entreprise sur votre site Web Drupal.","application_category":[],"applications_title":"","applications_request_title":"","applications_request_button_text":"","hero_text":"","hero_video":"","hero_video_schema_markup":"","selling_points_title":"","selling_points_caption":"","selling_points":[],"selling_points_cta_text":"","features_title":"","features":"","ed_cta_examples_text":"","ed_cta_examples_hidden":"","ed_cta_demo_text":"","ed_cta_demo_hidden":"","why_caption":"","why_editor_title":"","why_editor_text":"","why_team_title":"","why_team_text":"","why_service_title":"","why_service_text":"","template_catalog_visible":"","template_catalog_title":"","template_catalog_text":"","template_catalog_categories_visible":"","demo_title":"Cr\u00e9ez votre module Avis Yelp","demo_caption":"Configurez vos avis Yelp et ajoutez-les \u00e0 votre site Drupal gratuitement !","default_faq_hidden":"","app_template_category":[],"platform":"351","template_public_id":"","codecanyon_url":"","codecanyon_item_id":"","codecanyon_price":"","pricing_caption":"","pricing_elfsight_apps_hide_column":"","pricing_elfsight_apps_url":"","pricing_codecanyon_price_caption":"","integration_category":[],"integration_request_title":"","integration_request_cta":"","integration_platform":"","integrations":[],"platform_category":[],"video_schema_markup":"","price":"\u00e0 partir de 0$ \/ mois","trial":"","benefits":[{"text":"Service d'installation gratuit"},{"text":"Support client comp\u00e9tent"},{"text":"Garantie de remboursement de 14 jours"},{"text":"Am\u00e9liorations gratuites et continues"}],"button_url":"","button_target_blank":"","button_nofollow":"","attributes":[{"name":"Installations","content":"10,000 - 100,000"},{"name":"Sensible","content":"Oui"},{"name":"Navigateurs compatibles","content":"IE11, Firefox, Safari, Opera, Chrome, Edge"}],"tags":[],"tags_disable_links":"","hide_more_platforms":"","video_object":"","demo_hide_cta":"","demo_hide_cloud_options":"","pricing_title":"","pricing":[{"pricing_icon":"platform","pricing_title":"Elfsight Apps","pricing_title_caption":"Logiciel multiplateforme","pricing_price":"from $0 \/ month","pricing_price_caption":"commencez avec un forfait gratuit","pricing_benefits":[{"text":"Sites Web illimit\u00e9s"},{"text":"Un support d\u00e9di\u00e9 et bien document\u00e9"},{"text":"Assistance \u00e0 l'installation gratuite"},{"text":"Offre sp\u00e9ciale pour plusieurs applications"}],"pricing_button_text":"Ajouter au site Web","pricing_button_url":"#demo"}],"related_apps_title":"","related_apps_hidden":"","author":"","image":[],"title":"","job":"","social_networks":[]},"_links":{"self":[{"href":"https:\/\/elfsight.com\/fr\/wp-json\/wp\/v2\/pages\/11149","targetHints":{"allow":["GET"]}}],"collection":[{"href":"https:\/\/elfsight.com\/fr\/wp-json\/wp\/v2\/pages"}],"about":[{"href":"https:\/\/elfsight.com\/fr\/wp-json\/wp\/v2\/types\/page"}],"author":[{"embeddable":true,"href":"https:\/\/elfsight.com\/fr\/wp-json\/wp\/v2\/users\/9"}],"replies":[{"embeddable":true,"href":"https:\/\/elfsight.com\/fr\/wp-json\/wp\/v2\/comments?post=11149"}],"version-history":[{"count":1,"href":"https:\/\/elfsight.com\/fr\/wp-json\/wp\/v2\/pages\/11149\/revisions"}],"predecessor-version":[{"id":11153,"href":"https:\/\/elfsight.com\/fr\/wp-json\/wp\/v2\/pages\/11149\/revisions\/11153"}],"up":[{"embeddable":true,"href":"https:\/\/elfsight.com\/fr\/wp-json\/wp\/v2\/pages\/1899"}],"wp:attachment":[{"href":"https:\/\/elfsight.com\/fr\/wp-json\/wp\/v2\/media?parent=11149"}],"curies":[{"name":"wp","href":"https:\/\/api.w.org\/{rel}","templated":true}]}}