{"id":11147,"date":"1970-01-01T00:00:00","date_gmt":"1970-01-01T00:00:00","guid":{"rendered":"https:\/\/elfsight.com\/fr\/?page_id=11147"},"modified":"2025-07-10T15:04:59","modified_gmt":"2025-07-10T15:04:59","slug":"joomla","status":"publish","type":"page","link":"https:\/\/elfsight.com\/fr\/yelp-reviews-widget\/joomla\/","title":{"rendered":"Yelp Reviews &#8211; Joomla"},"content":{"rendered":"<div class=\"application-platform-content-item-description application-platform-content-item\" id=\"description\" data-nav-section=\"description\"> <h2>Description<\/h2> <p>Si vous souhaitez afficher votre note \u00e9lev\u00e9e et convaincre les visiteurs du site que vos offres pr\u00e9sentent un bon rapport qualit\u00e9-prix, Le widget Elfsight Yelp Reviews vous convient parfaitement. Gr\u00e2ce \u00e0 cet outil, vous ins\u00e9rerez rapidement les avis des clients de Yelp dans votre site avec des d\u00e9tails sur leurs auteurs, les filtrerez pour d\u00e9montrer uniquement les positifs, ajouterez des notes et un bouton de demande d&rsquo;avis qui dirigera les utilisateurs sur votre page Yelp, o\u00f9 ils pourront en ajouter un de plus. revoir. <\/p><div class=\"faq\" data-component=\"FAQ\"> <div class=\"faq-item\">\r\n\t\t\t\t\t<div class=\"faq-item-question\">\r\n\t\t\t\t\t\t<h3 class=\"faq-item-question-text\">O\u00f9 sur mon site puis-je installer le widget Avis<\/h3>\r\n\r\n\t\t\t\t\t\t<div class=\"faq-item-question-icon\"><\/div>\r\n\t\t\t\t\t<\/div>\r\n\r\n\t\t\t\t\t<div class=\"faq-item-answer\">\r\n\t\t\t\t\t\t<div class=\"faq-item-answer-text\"> <p>Le widget peut \u00eatre configur\u00e9 sur n&rsquo;importe quelle page Web, o\u00f9 vous souhaitez afficher votre note \u00e9lev\u00e9e et votre popularit\u00e9 aupr\u00e8s des clients. . Si vous souhaitez afficher le widget sur toutes les pages de votre site, vous pouvez facilement l&rsquo;introduire dans le mod\u00e8le de site Web. <\/p><\/div>\r\n\t\t\t\t\t<\/div>\r\n\t\t\t\t<\/div> <div class=\"faq-item\">\r\n\t\t\t\t\t<div class=\"faq-item-question\">\r\n\t\t\t\t\t\t<h3 class=\"faq-item-question-text\">Quels avantages cela m'apporte ? <\/h3>\r\n\r\n\t\t\t\t\t\t<div class=\"faq-item-question-icon\"><\/div>\r\n\t\t\t\t\t<\/div>\r\n\r\n\t\t\t\t\t<div class=\"faq-item-answer\">\r\n\t\t\t\t\t\t<div class=\"faq-item-answer-text\"> <p>Les avis de personnes r\u00e9elles semblent extr\u00eamement fiables aux clients de votre site et signifient pour eux que votre entreprise est un partenaire fiable. Des notes \u00e9lev\u00e9es et des avis positifs peuvent contribuer \u00e0 augmenter les achats sur votre site. De plus, le bouton actif peut contribuer \u00e0 davantage d\u2019avis d\u2019utilisateurs sur votre entreprise sur Yelp. <\/p> <\/div>\r\n\t\t\t\t\t<\/div>\r\n\t\t\t\t<\/div> <div class=\"faq-item\">\r\n\t\t\t\t\t<div class=\"faq-item-question\">\r\n\t\t\t\t\t\t<h3 class=\"faq-item-question-text\">Comment puis-je int\u00e9grer le widget Avis de Yelp \u00e0 mon site Web Joomla ? <\/h3>\r\n\r\n\t\t\t\t\t\t<div class=\"faq-item-question-icon\"><\/div>\r\n\t\t\t\t\t<\/div>\r\n\r\n\t\t\t\t\t<div class=\"faq-item-answer\">\r\n\t\t\t\t\t\t<div class=\"faq-item-answer-text\"> <p>Cela ne prend que deux minutes de votre temps pour commencer \u00e0 utiliser le widget. C\u2019est extr\u00eamement rapide, gratuit et ne n\u00e9cessite aucun codage. <\/p> <p>Le widget Elfsight Reviews peut \u00eatre configur\u00e9 via notre service ou sur le march\u00e9. Vous pouvez comparer les deux options et choisir la v\u00f4tre. <\/p><\/div>\r\n\t\t\t\t\t<\/div>\r\n\t\t\t\t<\/div> <\/div> <\/div> <div class=\"application-platform-content-item-features application-platform-content-item\" id=\"features\" data-nav-section=\"features\"> <h2>Fonctionnalit\u00e9s<\/h2> <p>Pour avoir une compr\u00e9hension compl\u00e8te du widget, vous pouvez \u00e9tudier la liste des les fonctionnalit\u00e9s essentielles. Ils rendent notre widget vraiment efficace pour vous\u00a0: <\/p> <ul> <li>Trois types de filtres\u00a0: par type, exclusion par et quantit\u00e9 d&rsquo;avis \u00e0 afficher\u00a0; <\/li> <li>4\u00a0dispositions disponibles\u00a0: liste, grille, ma\u00e7onnerie et curseur\u00a0; <\/li> <li>Une option permettant d&rsquo;activer\/d\u00e9sactiver l&rsquo;en-t\u00eate du widget\u00a0; <\/li> <li>Le bouton permettant de demander un avis redirige les clients vers votre page Yelp\u00a0; <\/li> <li>Six \u00e9l\u00e9ments flexibles des avis\u00a0: nom et photo de l&rsquo;auteur, texte de recommandation, date de publication, ic\u00f4ne Yelp et note par \u00e9toiles\u00a0; <\/li> <li>Deux sc\u00e9narios possibles de refus de demande d&rsquo;avis : afficher un message personnalis\u00e9 ou masquer le bouton. <\/li> <\/ul><p><a href=\"#demo\">Notre d\u00e9mo en direct vous montrera plus de fonctionnalit\u00e9s<\/a><\/p> <\/div> <div class=\"application-platform-content-item-installation application-platform-content-item\" id=\"installation\" data-nav-section=\"installation\"> <h2>Voici comment int\u00e9grer les avis Yelp dans votre site Joomla<\/h2> <p>Suivez simplement les instructions ci-dessous pour activer l&rsquo;extension Yelp Reviews sur Joomla.<\/p> <ol><li><b>Effectuez notre service gratuit configurateur et commencez \u00e0 cr\u00e9er votre widget personnalis\u00e9. <\/b><br> Choisissez la forme et la fonctionnalit\u00e9 pr\u00e9f\u00e9rables de l&rsquo;extension et appliquez les corrections. <\/li> <li><b>Acqu\u00e9rez votre code unique expos\u00e9 dans le formulaire sp\u00e9cial sur Elfsight Apps. <\/b><br> Une fois la cr\u00e9ation de votre outil termin\u00e9e, copiez le code individuel dans la fen\u00eatre qui appara\u00eet et conservez-le pour une occasion ult\u00e9rieure. <\/li> <li><b>Commencez \u00e0 utiliser l&rsquo;outil sur le site Web Joomla. <\/b><br> Int\u00e9grez le code copi\u00e9 auparavant dans votre site et appliquez les ajustements. <\/li> <li><b>Fait\u00a0! L&rsquo;int\u00e9gration est pleinement r\u00e9alis\u00e9e. <\/b><br> Acc\u00e9dez \u00e0 votre page pour voir en action comment fonctionne l&rsquo;outil. <\/li><\/ol><p>Toujours instable\u00a0? Ou vous \u00eates tomb\u00e9 sur quelque chose ? Envoyez ensuite une demande \u00e0 notre \u00e9quipe d&rsquo;assistance\u00a0; nous r\u00e9glerons tout probl\u00e8me. <\/p> <\/div>","protected":false},"excerpt":{"rendered":"","protected":false},"author":9,"featured_media":0,"parent":1899,"menu_order":0,"comment_status":"closed","ping_status":"closed","template":"templates\/template-application-platform.php","meta":{"publish_to_discourse":"","publish_post_category":"","wpdc_auto_publish_overridden":"","wpdc_topic_tags":"","wpdc_pin_topic":"","wpdc_pin_until":"","discourse_post_id":"","discourse_permalink":"","wpdc_publishing_response":"","wpdc_publishing_error":"","footnotes":""},"class_list":["post-11147","page","type-page","status-publish","hentry"],"yoast_head":"<!-- This site is optimized with the Yoast SEO plugin v25.3.1 - https:\/\/yoast.com\/wordpress\/plugins\/seo\/ -->\n<title>Ajouter l&#039;extension Yelp Reviews \u00e0 votre site Web Joomla (2025)<\/title>\n<meta name=\"description\" content=\"Avec Elfsight, cr\u00e9ez vos avis Yelp et affichez-les sur votre site Web Joomla rapidement et facilement. Nous offrons un service client gratuit et d&#039;autres bonus.\" \/>\n<meta name=\"robots\" content=\"index, follow, max-snippet:-1, max-image-preview:large, max-video-preview:-1\" \/>\n<link rel=\"canonical\" href=\"https:\/\/elfsight.com\/fr\/yelp-reviews-widget\/joomla\/\" \/>\n<meta property=\"og:locale\" content=\"fr_FR\" \/>\n<meta property=\"og:type\" content=\"article\" \/>\n<meta property=\"og:title\" content=\"Ajouter l&#039;extension Yelp Reviews \u00e0 votre site Web Joomla (2025)\" \/>\n<meta property=\"og:description\" content=\"Avec Elfsight, cr\u00e9ez vos avis Yelp et affichez-les sur votre site Web Joomla rapidement et facilement. Nous offrons un service client gratuit et d&#039;autres bonus.\" \/>\n<meta property=\"og:url\" content=\"https:\/\/elfsight.com\/fr\/yelp-reviews-widget\/joomla\/\" \/>\n<meta property=\"og:site_name\" content=\"Elfsight FR\" \/>\n<meta property=\"article:modified_time\" content=\"2025-07-10T15:04:59+00:00\" \/>\n<meta name=\"twitter:card\" content=\"summary_large_image\" \/>\n<meta name=\"twitter:label1\" content=\"Dur\u00e9e de lecture estim\u00e9e\" \/>\n\t<meta name=\"twitter:data1\" content=\"3 minutes\" \/>\n<!-- \/ Yoast SEO plugin. -->","yoast_head_json":{"title":"Ajouter l'extension Yelp Reviews \u00e0 votre site Web Joomla (2025)","description":"Avec Elfsight, cr\u00e9ez vos avis Yelp et affichez-les sur votre site Web Joomla rapidement et facilement. Nous offrons un service client gratuit et d'autres bonus.","robots":{"index":"index","follow":"follow","max-snippet":"max-snippet:-1","max-image-preview":"max-image-preview:large","max-video-preview":"max-video-preview:-1"},"canonical":"https:\/\/elfsight.com\/fr\/yelp-reviews-widget\/joomla\/","og_locale":"fr_FR","og_type":"article","og_title":"Ajouter l'extension Yelp Reviews \u00e0 votre site Web Joomla (2025)","og_description":"Avec Elfsight, cr\u00e9ez vos avis Yelp et affichez-les sur votre site Web Joomla rapidement et facilement. Nous offrons un service client gratuit et d'autres bonus.","og_url":"https:\/\/elfsight.com\/fr\/yelp-reviews-widget\/joomla\/","og_site_name":"Elfsight FR","article_modified_time":"2025-07-10T15:04:59+00:00","twitter_card":"summary_large_image","twitter_misc":{"Dur\u00e9e de lecture estim\u00e9e":"3 minutes"},"schema":{"@context":"https:\/\/schema.org","@graph":[{"@type":"WebPage","@id":"https:\/\/elfsight.com\/fr\/yelp-reviews-widget\/joomla\/","url":"https:\/\/elfsight.com\/fr\/yelp-reviews-widget\/joomla\/","name":"Ajouter l'extension Yelp Reviews \u00e0 votre site Web Joomla (2025)","isPartOf":{"@id":"https:\/\/elfsight.com\/fr\/#website"},"datePublished":"1970-01-01T00:00:00+00:00","dateModified":"2025-07-10T15:04:59+00:00","description":"Avec Elfsight, cr\u00e9ez vos avis Yelp et affichez-les sur votre site Web Joomla rapidement et facilement. Nous offrons un service client gratuit et d'autres bonus.","breadcrumb":{"@id":"https:\/\/elfsight.com\/fr\/yelp-reviews-widget\/joomla\/#breadcrumb"},"inLanguage":"fr-FR","potentialAction":[{"@type":"ReadAction","target":["https:\/\/elfsight.com\/fr\/yelp-reviews-widget\/joomla\/"]}]},{"@type":"BreadcrumbList","@id":"https:\/\/elfsight.com\/fr\/yelp-reviews-widget\/joomla\/#breadcrumb","itemListElement":[{"@type":"ListItem","position":1,"name":"Home","item":"https:\/\/elfsight.com\/fr\/"},{"@type":"ListItem","position":2,"name":"Yelp Reviews","item":"https:\/\/elfsight.com\/fr\/yelp-reviews-widget\/"},{"@type":"ListItem","position":3,"name":"Yelp Reviews &#8211; Joomla"}]},{"@type":"WebSite","@id":"https:\/\/elfsight.com\/fr\/#website","url":"https:\/\/elfsight.com\/fr\/","name":"Elfsight FR","description":"","potentialAction":[{"@type":"SearchAction","target":{"@type":"EntryPoint","urlTemplate":"https:\/\/elfsight.com\/fr\/?s={search_term_string}"},"query-input":{"@type":"PropertyValueSpecification","valueRequired":true,"valueName":"search_term_string"}}],"inLanguage":"fr-FR"}]}},"meta_box":{"industry":"","seo_heading":"","heading":"","description":"","cta_heading":"","cta_description":"","application":"1891","h1":"Extension Joomla Yelp Avis","h1_caption":"Pr\u00e9sentez les avis des clients de Yelp pour renforcer votre cr\u00e9dibilit\u00e9 et fournir une preuve sociale de votre entreprise sur votre site Web Joomla sans effort.","application_category":[],"applications_title":"","applications_request_title":"","applications_request_button_text":"","hero_text":"","hero_video":"","hero_video_schema_markup":"","selling_points_title":"","selling_points_caption":"","selling_points":[],"selling_points_cta_text":"","features_title":"","features":"","ed_cta_examples_text":"","ed_cta_examples_hidden":"","ed_cta_demo_text":"","ed_cta_demo_hidden":"","why_caption":"","why_editor_title":"","why_editor_text":"","why_team_title":"","why_team_text":"","why_service_title":"","why_service_text":"","template_catalog_visible":"","template_catalog_title":"","template_catalog_text":"","template_catalog_categories_visible":"","demo_title":"Cr\u00e9ez votre plugin Yelp Reviews","demo_caption":"Configurez vos avis Yelp et ajoutez-les \u00e0 votre site Web Joomla gratuitement !","default_faq_hidden":"","app_template_category":[],"platform":"354","template_public_id":"","codecanyon_url":"","codecanyon_item_id":"","codecanyon_price":"","pricing_caption":"","pricing_elfsight_apps_hide_column":"","pricing_elfsight_apps_url":"","pricing_codecanyon_price_caption":"","integration_category":[],"integration_request_title":"","integration_request_cta":"","integration_platform":"","integrations":[],"platform_category":[],"video_schema_markup":"","price":"\u00e0 partir de 0$ \/ mois","trial":"","benefits":[{"text":"Aide \u00e0 l'installation gratuite"},{"text":"Support client exp\u00e9riment\u00e9"},{"text":"Garantie de remboursement de 14 jours"},{"text":"D\u00e9veloppement continu"}],"button_url":"","button_target_blank":"","button_nofollow":"","attributes":[{"name":"Installations","content":"10,000 - 100,000"},{"name":"Sensible","content":"Oui"},{"name":"Navigateurs compatibles","content":"IE11, Firefox, Safari, Opera, Chrome, Edge"}],"tags":[],"tags_disable_links":"","hide_more_platforms":"","video_object":"","demo_hide_cta":"","demo_hide_cloud_options":"","pricing_title":"","pricing":[{"pricing_icon":"platform","pricing_title":"Elfsight Apps","pricing_title_caption":"Logiciel ind\u00e9pendant de la plate-forme","pricing_price":"from $0 \/ month","pricing_price_caption":"commencez avec un forfait gratuit","pricing_benefits":[{"text":"Domaines illimit\u00e9s"},{"text":"Assistance d\u00e9di\u00e9e et ponctuelle"},{"text":"Service d'installation gratuit"},{"text":"Offre \u00e0 dur\u00e9e limit\u00e9e pour plusieurs applications"}],"pricing_button_text":"Ajouter au site Web","pricing_button_url":"#demo"}],"related_apps_title":"","related_apps_hidden":"","author":"","image":[],"title":"","job":"","social_networks":[]},"_links":{"self":[{"href":"https:\/\/elfsight.com\/fr\/wp-json\/wp\/v2\/pages\/11147","targetHints":{"allow":["GET"]}}],"collection":[{"href":"https:\/\/elfsight.com\/fr\/wp-json\/wp\/v2\/pages"}],"about":[{"href":"https:\/\/elfsight.com\/fr\/wp-json\/wp\/v2\/types\/page"}],"author":[{"embeddable":true,"href":"https:\/\/elfsight.com\/fr\/wp-json\/wp\/v2\/users\/9"}],"replies":[{"embeddable":true,"href":"https:\/\/elfsight.com\/fr\/wp-json\/wp\/v2\/comments?post=11147"}],"version-history":[{"count":1,"href":"https:\/\/elfsight.com\/fr\/wp-json\/wp\/v2\/pages\/11147\/revisions"}],"predecessor-version":[{"id":11151,"href":"https:\/\/elfsight.com\/fr\/wp-json\/wp\/v2\/pages\/11147\/revisions\/11151"}],"up":[{"embeddable":true,"href":"https:\/\/elfsight.com\/fr\/wp-json\/wp\/v2\/pages\/1899"}],"wp:attachment":[{"href":"https:\/\/elfsight.com\/fr\/wp-json\/wp\/v2\/media?parent=11147"}],"curies":[{"name":"wp","href":"https:\/\/api.w.org\/{rel}","templated":true}]}}