{"id":11146,"date":"1970-01-01T00:00:00","date_gmt":"1970-01-01T00:00:00","guid":{"rendered":"https:\/\/elfsight.com\/fr\/?page_id=11146"},"modified":"2025-07-10T15:05:20","modified_gmt":"2025-07-10T15:05:20","slug":"magento","status":"publish","type":"page","link":"https:\/\/elfsight.com\/fr\/yelp-reviews-widget\/magento\/","title":{"rendered":"Yelp Reviews &#8211; Magento"},"content":{"rendered":"<div class=\"application-platform-content-item-description application-platform-content-item\" id=\"description\" data-nav-section=\"description\"> <h2>Description<\/h2> <p>Si vous souhaitez prouver votre bonne note et convaincre les visiteurs que vos offres pr\u00e9sentent un bon rapport qualit\u00e9\/prix, Elfsight Le widget Yelp Reviews est exactement ce dont vous avez besoin. En utilisant ce widget, vous ins\u00e9rerez facilement les avis des utilisateurs de Yelp sur votre site avec des informations sur leurs auteurs, utiliserez des filtres pour afficher uniquement les bons, afficherez les notes et un bouton de redirection qui dirigera les gens sur votre compte Yelp, o\u00f9 ils pourront laisser leur revoir. <\/p><div class=\"faq\" data-component=\"FAQ\"> <div class=\"faq-item\">\r\n\t\t\t\t\t<div class=\"faq-item-question\">\r\n\t\t\t\t\t\t<h3 class=\"faq-item-question-text\">O\u00f9 puis-je int\u00e9grer le widget<\/h3>\r\n\r\n\t\t\t\t\t\t<div class=\"faq-item-question-icon\"><\/div>\r\n\t\t\t\t\t<\/div>\r\n\r\n\t\t\t\t\t<div class=\"faq-item-answer\">\r\n\t\t\t\t\t\t<div class=\"faq-item-answer-text\"> <p>Vous pouvez ajouter le widget \u00e0 n&rsquo;importe quelle page du site, ou le mettre dans le mod\u00e8le, dans ce cas il sera r\u00e9v\u00e9l\u00e9 sur toutes les pages. Les avis sont efficaces sur les pages de produits ou sur la page \u00c0 propos de nous, o\u00f9 vous devez vous vanter que vos offres sont appr\u00e9ci\u00e9es des gens. <\/p><\/div>\r\n\t\t\t\t\t<\/div>\r\n\t\t\t\t<\/div> <div class=\"faq-item\">\r\n\t\t\t\t\t<div class=\"faq-item-question\">\r\n\t\t\t\t\t\t<h3 class=\"faq-item-question-text\">Comment pourrais-je b\u00e9n\u00e9ficier de ce plugin ? <\/h3>\r\n\r\n\t\t\t\t\t\t<div class=\"faq-item-question-icon\"><\/div>\r\n\t\t\t\t\t<\/div>\r\n\r\n\t\t\t\t\t<div class=\"faq-item-answer\">\r\n\t\t\t\t\t\t<div class=\"faq-item-answer-text\"> <p>Les avis laiss\u00e9s par de vraies personnes semblent parfaitement dignes de confiance aux visiteurs de votre site Web et leur prouvent que vous pouvez faire confiance \u00e0 votre entreprise. Une note \u00e9lev\u00e9e et de bonnes critiques peuvent contribuer \u00e0 augmenter les achats sur votre site Web. De plus, le bouton actif peut contribuer \u00e0 obtenir davantage d&rsquo;avis de clients sur votre entreprise sur Yelp. <\/p> <\/div>\r\n\t\t\t\t\t<\/div>\r\n\t\t\t\t<\/div> <div class=\"faq-item\">\r\n\t\t\t\t\t<div class=\"faq-item-question\">\r\n\t\t\t\t\t\t<h3 class=\"faq-item-question-text\">Comment puis-je int\u00e9grer le widget Avis de Yelp \u00e0 mon site Web Magento ? <\/h3>\r\n\r\n\t\t\t\t\t\t<div class=\"faq-item-question-icon\"><\/div>\r\n\t\t\t\t\t<\/div>\r\n\r\n\t\t\t\t\t<div class=\"faq-item-answer\">\r\n\t\t\t\t\t\t<div class=\"faq-item-answer-text\"> <p>La configuration ne prend que deux minutes de votre temps. L&rsquo;int\u00e9gration est tr\u00e8s rapide, gratuite et sans codage. <\/p> <p>Le widget Elfsight Reviews peut \u00eatre introduit sur notre service ou via le march\u00e9. Ici, vous pouvez d\u00e9couvrir les deux variantes et choisir la v\u00f4tre. <\/p><\/div>\r\n\t\t\t\t\t<\/div>\r\n\t\t\t\t<\/div> <\/div> <\/div> <div class=\"application-platform-content-item-features application-platform-content-item\" id=\"features\" data-nav-section=\"features\"> <h2>Fonctionnalit\u00e9s<\/h2> <p>Pour mieux comprendre le widget Avis, d\u00e9couvrez la liste de ses principaux caract\u00e9ristiques. Ils rendent le widget incroyablement avantageux pour vous\u00a0: <\/p> <ul> <li>3 filtres disponibles\u00a0: par type, exclusion par et nombre d&rsquo;avis \u00e0 afficher\u00a0; <\/li> <li>4\u00a0dispositions disponibles\u00a0: liste, grille, ma\u00e7onnerie et curseur\u00a0; <\/li> <li> En-t\u00eate enti\u00e8rement flexible du widget\u00a0; <\/li> <li>Le bouton permettant de demander un avis redirige les clients vers la page Yelp\u00a0; <\/li> <li>Six \u00e9l\u00e9ments flexibles du widget\u00a0: nom et photo de l&rsquo;auteur, recommandation, date de partage, ic\u00f4ne Yelp et note par \u00e9toiles\u00a0; <\/li> <li>Deux alternatives au sc\u00e9nario apr\u00e8s refus d&rsquo;une demande de r\u00e9vision\u00a0: d\u00e9montrer votre message ou masquer le bouton. <\/li> <\/ul><p><a href=\"#demo\">La d\u00e9mo en direct vous r\u00e9v\u00e9lera plus de fonctionnalit\u00e9s<\/a><\/p> <\/div> <div class=\"application-platform-content-item-installation application-platform-content-item\" id=\"installation\" data-nav-section=\"installation\"> <h2>D\u00e9couvrez comment int\u00e9grer les avis Yelp \u00e0 votre site Web Magento<\/h2> <p>Appliquez simplement les instructions ci-dessous pour int\u00e9grer l&rsquo;extension sur Magento.<\/p> <ol><li><b>Utilisez notre configurateur gratuit et d\u00e9marrez cr\u00e9er votre extension sur mesure. <\/b><br> Recherchez la conception et les fonctionnalit\u00e9s pr\u00e9f\u00e9r\u00e9es de l&rsquo;extension Yelp Reviews et appliquez les corrections. <\/li> <li><b>Acqu\u00e9rez votre code individuel r\u00e9v\u00e9l\u00e9 dans la fen\u00eatre des applications Elfsight. <\/b><br> Juste apr\u00e8s la cr\u00e9ation de votre extension, copiez le code personnel dans la fen\u00eatre contextuelle qui appara\u00eet et conservez-le pour une utilisation ult\u00e9rieure. <\/li> <li><b>Entrez sur l&rsquo;utilisation du widget sur votre site Web Magento. <\/b><br> Ins\u00e9rez le code copi\u00e9 r\u00e9cemment dans votre site Web et enregistrez les corrections. <\/li> <li><b>Fait\u00a0! La configuration est termin\u00e9e avec succ\u00e8s. <\/b><br> Acc\u00e9dez \u00e0 votre site pour voir comment fonctionne l&rsquo;outil. <\/li><\/ol><p>Vous n&rsquo;arrivez toujours pas \u00e0 prendre une d\u00e9cision\u00a0? Ou vous \u00eates tomb\u00e9 sur quelque chose ? Une seule demande \u00e0 notre \u00e9quipe d\u2019assistance vous aidera \u00e0 r\u00e9soudre chaque probl\u00e8me. <\/p> <\/div>","protected":false},"excerpt":{"rendered":"","protected":false},"author":9,"featured_media":0,"parent":1899,"menu_order":0,"comment_status":"closed","ping_status":"closed","template":"templates\/template-application-platform.php","meta":{"publish_to_discourse":"","publish_post_category":"","wpdc_auto_publish_overridden":"","wpdc_topic_tags":"","wpdc_pin_topic":"","wpdc_pin_until":"","discourse_post_id":"","discourse_permalink":"","wpdc_publishing_response":"","wpdc_publishing_error":"","footnotes":""},"class_list":["post-11146","page","type-page","status-publish","hentry"],"yoast_head":"<!-- This site is optimized with the Yoast SEO plugin v25.3.1 - https:\/\/yoast.com\/wordpress\/plugins\/seo\/ -->\n<title>Ajoutez l&#039;extension Yelp Reviews \u00e0 votre site Web Magento (rapide et facile)<\/title>\n<meta name=\"description\" content=\"Il est parfaitement simple de cr\u00e9er votre widget Yelp Reviews et de l&#039;afficher sur le site Web de Magento. Le service client Elfsight est gratuit.\" \/>\n<meta name=\"robots\" content=\"index, follow, max-snippet:-1, max-image-preview:large, max-video-preview:-1\" \/>\n<link rel=\"canonical\" href=\"https:\/\/elfsight.com\/fr\/yelp-reviews-widget\/magento\/\" \/>\n<meta property=\"og:locale\" content=\"fr_FR\" \/>\n<meta property=\"og:type\" content=\"article\" \/>\n<meta property=\"og:title\" content=\"Ajoutez l&#039;extension Yelp Reviews \u00e0 votre site Web Magento (rapide et facile)\" \/>\n<meta property=\"og:description\" content=\"Il est parfaitement simple de cr\u00e9er votre widget Yelp Reviews et de l&#039;afficher sur le site Web de Magento. Le service client Elfsight est gratuit.\" \/>\n<meta property=\"og:url\" content=\"https:\/\/elfsight.com\/fr\/yelp-reviews-widget\/magento\/\" \/>\n<meta property=\"og:site_name\" content=\"Elfsight FR\" \/>\n<meta property=\"article:modified_time\" content=\"2025-07-10T15:05:20+00:00\" \/>\n<meta name=\"twitter:card\" content=\"summary_large_image\" \/>\n<meta name=\"twitter:label1\" content=\"Dur\u00e9e de lecture estim\u00e9e\" \/>\n\t<meta name=\"twitter:data1\" content=\"3 minutes\" \/>\n<!-- \/ Yoast SEO plugin. -->","yoast_head_json":{"title":"Ajoutez l'extension Yelp Reviews \u00e0 votre site Web Magento (rapide et facile)","description":"Il est parfaitement simple de cr\u00e9er votre widget Yelp Reviews et de l'afficher sur le site Web de Magento. Le service client Elfsight est gratuit.","robots":{"index":"index","follow":"follow","max-snippet":"max-snippet:-1","max-image-preview":"max-image-preview:large","max-video-preview":"max-video-preview:-1"},"canonical":"https:\/\/elfsight.com\/fr\/yelp-reviews-widget\/magento\/","og_locale":"fr_FR","og_type":"article","og_title":"Ajoutez l'extension Yelp Reviews \u00e0 votre site Web Magento (rapide et facile)","og_description":"Il est parfaitement simple de cr\u00e9er votre widget Yelp Reviews et de l'afficher sur le site Web de Magento. Le service client Elfsight est gratuit.","og_url":"https:\/\/elfsight.com\/fr\/yelp-reviews-widget\/magento\/","og_site_name":"Elfsight FR","article_modified_time":"2025-07-10T15:05:20+00:00","twitter_card":"summary_large_image","twitter_misc":{"Dur\u00e9e de lecture estim\u00e9e":"3 minutes"},"schema":{"@context":"https:\/\/schema.org","@graph":[{"@type":"WebPage","@id":"https:\/\/elfsight.com\/fr\/yelp-reviews-widget\/magento\/","url":"https:\/\/elfsight.com\/fr\/yelp-reviews-widget\/magento\/","name":"Ajoutez l'extension Yelp Reviews \u00e0 votre site Web Magento (rapide et facile)","isPartOf":{"@id":"https:\/\/elfsight.com\/fr\/#website"},"datePublished":"1970-01-01T00:00:00+00:00","dateModified":"2025-07-10T15:05:20+00:00","description":"Il est parfaitement simple de cr\u00e9er votre widget Yelp Reviews et de l'afficher sur le site Web de Magento. Le service client Elfsight est gratuit.","breadcrumb":{"@id":"https:\/\/elfsight.com\/fr\/yelp-reviews-widget\/magento\/#breadcrumb"},"inLanguage":"fr-FR","potentialAction":[{"@type":"ReadAction","target":["https:\/\/elfsight.com\/fr\/yelp-reviews-widget\/magento\/"]}]},{"@type":"BreadcrumbList","@id":"https:\/\/elfsight.com\/fr\/yelp-reviews-widget\/magento\/#breadcrumb","itemListElement":[{"@type":"ListItem","position":1,"name":"Home","item":"https:\/\/elfsight.com\/fr\/"},{"@type":"ListItem","position":2,"name":"Yelp Reviews","item":"https:\/\/elfsight.com\/fr\/yelp-reviews-widget\/"},{"@type":"ListItem","position":3,"name":"Yelp Reviews &#8211; Magento"}]},{"@type":"WebSite","@id":"https:\/\/elfsight.com\/fr\/#website","url":"https:\/\/elfsight.com\/fr\/","name":"Elfsight FR","description":"","potentialAction":[{"@type":"SearchAction","target":{"@type":"EntryPoint","urlTemplate":"https:\/\/elfsight.com\/fr\/?s={search_term_string}"},"query-input":{"@type":"PropertyValueSpecification","valueRequired":true,"valueName":"search_term_string"}}],"inLanguage":"fr-FR"}]}},"meta_box":{"industry":"","seo_heading":"","heading":"","description":"","cta_heading":"","cta_description":"","application":"1891","h1":"Extension des avis Magento Yelp","h1_caption":"Pr\u00e9sentez les avis des clients de Yelp pour renforcer votre cr\u00e9dibilit\u00e9 et fournir sans effort une preuve sociale de votre entreprise sur votre site Web Magento.","application_category":[],"applications_title":"","applications_request_title":"","applications_request_button_text":"","hero_text":"","hero_video":"","hero_video_schema_markup":"","selling_points_title":"","selling_points_caption":"","selling_points":[],"selling_points_cta_text":"","features_title":"","features":"","ed_cta_examples_text":"","ed_cta_examples_hidden":"","ed_cta_demo_text":"","ed_cta_demo_hidden":"","why_caption":"","why_editor_title":"","why_editor_text":"","why_team_title":"","why_team_text":"","why_service_title":"","why_service_text":"","template_catalog_visible":"","template_catalog_title":"","template_catalog_text":"","template_catalog_categories_visible":"","demo_title":"Cr\u00e9ez votre extension Yelp Avis","demo_caption":"Configurez vos avis Yelp et ajoutez-les \u00e0 votre site Web Magento gratuitement\u00a0!","default_faq_hidden":"","app_template_category":[],"platform":"357","template_public_id":"","codecanyon_url":"","codecanyon_item_id":"","codecanyon_price":"","pricing_caption":"","pricing_elfsight_apps_hide_column":"","pricing_elfsight_apps_url":"","pricing_codecanyon_price_caption":"","integration_category":[],"integration_request_title":"","integration_request_cta":"","integration_platform":"","integrations":[],"platform_category":[],"video_schema_markup":"","price":"\u00e0 partir de 0$ \/ mois","trial":"","benefits":[{"text":"Service d'installation gratuit"},{"text":"Assistance premium"},{"text":"Service client efficace"},{"text":"Mises \u00e0 jour gratuites \u00e0 vie"}],"button_url":"","button_target_blank":"","button_nofollow":"","attributes":[{"name":"Installations","content":"10,000 - 100,000"},{"name":"Sensible","content":"Oui"},{"name":"Navigateurs compatibles","content":"Firefox, Safari, Opera, Chrome, Edge"}],"tags":[],"tags_disable_links":"","hide_more_platforms":"","video_object":"","demo_hide_cta":"","demo_hide_cloud_options":"","pricing_title":"","pricing":[{"pricing_icon":"platform","pricing_title":"Elfsight Apps","pricing_title_caption":"Solution num\u00e9rique multiplateforme","pricing_price":"from $0 \/ month","pricing_price_caption":"commencez avec un forfait gratuit","pricing_benefits":[{"text":"Domaines illimit\u00e9s"},{"text":"Assistance 24h\/24 et 7j\/7"},{"text":"Service d'installation gratuit"},{"text":"Conception flexible"}],"pricing_button_text":"Ajouter au site Web","pricing_button_url":"#demo"}],"related_apps_title":"","related_apps_hidden":"","author":"","image":[],"title":"","job":"","social_networks":[]},"_links":{"self":[{"href":"https:\/\/elfsight.com\/fr\/wp-json\/wp\/v2\/pages\/11146","targetHints":{"allow":["GET"]}}],"collection":[{"href":"https:\/\/elfsight.com\/fr\/wp-json\/wp\/v2\/pages"}],"about":[{"href":"https:\/\/elfsight.com\/fr\/wp-json\/wp\/v2\/types\/page"}],"author":[{"embeddable":true,"href":"https:\/\/elfsight.com\/fr\/wp-json\/wp\/v2\/users\/9"}],"replies":[{"embeddable":true,"href":"https:\/\/elfsight.com\/fr\/wp-json\/wp\/v2\/comments?post=11146"}],"version-history":[{"count":1,"href":"https:\/\/elfsight.com\/fr\/wp-json\/wp\/v2\/pages\/11146\/revisions"}],"predecessor-version":[{"id":11150,"href":"https:\/\/elfsight.com\/fr\/wp-json\/wp\/v2\/pages\/11146\/revisions\/11150"}],"up":[{"embeddable":true,"href":"https:\/\/elfsight.com\/fr\/wp-json\/wp\/v2\/pages\/1899"}],"wp:attachment":[{"href":"https:\/\/elfsight.com\/fr\/wp-json\/wp\/v2\/media?parent=11146"}],"curies":[{"name":"wp","href":"https:\/\/api.w.org\/{rel}","templated":true}]}}