{"id":11140,"date":"1970-01-01T00:00:00","date_gmt":"1970-01-01T00:00:00","guid":{"rendered":"https:\/\/elfsight.com\/fr\/?page_id=11140"},"modified":"2025-07-10T15:05:38","modified_gmt":"2025-07-10T15:05:38","slug":"opencart","status":"publish","type":"page","link":"https:\/\/elfsight.com\/fr\/yelp-reviews-widget\/opencart\/","title":{"rendered":"Yelp Reviews &#8211; OpenCart"},"content":{"rendered":"<div class=\"application-platform-content-item-description application-platform-content-item\" id=\"description\" data-nav-section=\"description\"> <h2>Description<\/h2> <p>Elfsight Yelp Reviews est un outil intuitif, qui vous permettra de publier facilement des avis sur le site Web. \u00e0 propos de vos offres \u00e0 partir de publications sur Yelp. Avec notre extension, vous pouvez appliquer des filtres pour trier les avis ind\u00e9sirables, vanter vos notes par \u00e9toiles et num\u00e9ros sur Yelp, afficher des informations sur les auteurs et un bouton qui am\u00e8nera les visiteurs \u00e0 laisser un avis sur Yelp. Elfsight Yelp Reviews vous aidera \u00e0 d\u00e9montrer votre haute preuve sociale sur votre site Web personnel et \u00e0 attirer de nouvelles ventes. <\/p><div class=\"faq\" data-component=\"FAQ\"> <div class=\"faq-item\">\r\n\t\t\t\t\t<div class=\"faq-item-question\">\r\n\t\t\t\t\t\t<h3 class=\"faq-item-question-text\">O\u00f9 puis-je la publier ?<\/h3>\r\n\r\n\t\t\t\t\t\t<div class=\"faq-item-question-icon\"><\/div>\r\n\t\t\t\t\t<\/div>\r\n\r\n\t\t\t\t\t<div class=\"faq-item-answer\">\r\n\t\t\t\t\t\t<div class=\"faq-item-answer-text\"> <p>Cette extension peut \u00eatre plac\u00e9e sur n&rsquo;importe quelle page, o\u00f9 vous souhaitez d\u00e9montrer votre grande appr\u00e9ciation et votre popularit\u00e9 aupr\u00e8s des clients. Si vous en avez besoin sur toutes les pages du site, vous pouvez simplement l&rsquo;ins\u00e9rer dans le mod\u00e8le du site Web. <\/p><\/div>\r\n\t\t\t\t\t<\/div>\r\n\t\t\t\t<\/div> <div class=\"faq-item\">\r\n\t\t\t\t\t<div class=\"faq-item-question\">\r\n\t\t\t\t\t\t<h3 class=\"faq-item-question-text\">Comment b\u00e9n\u00e9ficier de l'extension Avis ? <\/h3>\r\n\r\n\t\t\t\t\t\t<div class=\"faq-item-question-icon\"><\/div>\r\n\t\t\t\t\t<\/div>\r\n\r\n\t\t\t\t\t<div class=\"faq-item-answer\">\r\n\t\t\t\t\t\t<div class=\"faq-item-answer-text\"> <p>Les avis ajout\u00e9s par de vraies personnes sont parfaitement cr\u00e9dibles aux yeux des visiteurs de votre site et leur d\u00e9montrent que votre entreprise est un partenaire fiable. Une note \u00e9lev\u00e9e et des impressions positives peuvent contribuer \u00e0 augmenter le niveau d&rsquo;achats sur votre site. De plus, le bouton actif peut contribuer \u00e0 obtenir davantage d&rsquo;avis de clients li\u00e9s \u00e0 votre entreprise sur Yelp. <\/p> <\/div>\r\n\t\t\t\t\t<\/div>\r\n\t\t\t\t<\/div> <div class=\"faq-item\">\r\n\t\t\t\t\t<div class=\"faq-item-question\">\r\n\t\t\t\t\t\t<h3 class=\"faq-item-question-text\">Comment int\u00e9grer les avis de l'extension Yelp sur mon site Web OpenCart ? <\/h3>\r\n\r\n\t\t\t\t\t\t<div class=\"faq-item-question-icon\"><\/div>\r\n\t\t\t\t\t<\/div>\r\n\r\n\t\t\t\t\t<div class=\"faq-item-answer\">\r\n\t\t\t\t\t\t<div class=\"faq-item-answer-text\"> <p>Cela ne prendra qu&rsquo;une minute de votre temps pour commencer \u00e0 utiliser le widget. L\u2019int\u00e9gration est vraiment rapide, gratuite et ne n\u00e9cessite aucun codage. <\/p> <p>L&rsquo;extension Elfsight Reviews peut \u00eatre ins\u00e9r\u00e9e dans votre site via notre service ou via la place de march\u00e9. Vous pouvez comparer les avantages des deux variantes et choisir la v\u00f4tre. <\/p><\/div>\r\n\t\t\t\t\t<\/div>\r\n\t\t\t\t<\/div> <\/div> <\/div> <div class=\"application-platform-content-item-features application-platform-content-item\" id=\"features\" data-nav-section=\"features\"> <h2>Fonctionnalit\u00e9s<\/h2> <p>Afin de vous faire une id\u00e9e claire de l&rsquo;extension Reviews, vous pouvez \u00e9tudier les liste des traits essentiels. Ils rendent ce widget incroyablement efficace pour votre entreprise\u00a0: <\/p> <ul> <li>3 filtres pr\u00e9d\u00e9finis\u00a0: par type, exclusion par et quantit\u00e9 d&rsquo;avis \u00e0 afficher\u00a0; <\/li> <li>4 variantes de mises en page\u00a0: Liste, Grille, Ma\u00e7onnerie et Slider\u00a0; <\/li> <li> En-t\u00eate enti\u00e8rement flexible du widget\u00a0; <\/li> <li>Le bouton permettant de demander un avis dirige les visiteurs vers la page Yelp\u00a0; <\/li> <li>6 \u00e9l\u00e9ments flexibles du widget\u00a0: nom et photo de l&rsquo;auteur, recommandation, date, ic\u00f4ne Yelp et note par \u00e9toiles\u00a0; <\/li> <li>Deux options de sc\u00e9narios de refus de demande d&rsquo;avis\u00a0: afficher un message texte ou masquer le bouton. <\/li> <\/ul><p><a href=\"#demo\">D\u00e9couvrez plus de fonctionnalit\u00e9s dans notre d\u00e9mo en direct<\/a><\/p> <\/div> <div class=\"application-platform-content-item-installation application-platform-content-item\" id=\"installation\" data-nav-section=\"installation\"> <h2> Voyons comment int\u00e9grer l&rsquo;extension Yelp Reviews sur votre site Web OpenCart<\/h2> <p>Suivez simplement les instructions ci-dessous pour ins\u00e9rer l&rsquo;extension sur OpenCart.<\/p> <ol><li><b>Effectuez notre \u00e9diteur gratuit et commencez \u00e0 fa\u00e7onner votre instrument sur mesure. <\/b><br> Choisissez l&rsquo;apparence et les fonctionnalit\u00e9s appropri\u00e9es des avis Yelp et appliquez les corrections. <\/li> <li><b>Copiez le code unique expos\u00e9 dans la case sur les applications Elfsight. <\/b><br> Une fois la configuration de votre outil termin\u00e9e, copiez le code individuel dans la case qui appara\u00eet et enregistrez-le pour une utilisation ult\u00e9rieure. <\/li> <li><b>Entrez sur l&rsquo;utilisation du widget sur votre site Web OpenCart. <\/b><br> Ajoutez le code que vous avez enregistr\u00e9 r\u00e9cemment sur votre site Web et enregistrez les am\u00e9liorations. <\/li> <li><b>Vous avez termin\u00e9\u00a0! L&rsquo;int\u00e9gration est effectu\u00e9e avec succ\u00e8s. <\/b><br> Acc\u00e9dez \u00e0 votre site pour v\u00e9rifier les performances de l&rsquo;outil. <\/li><\/ol> <p>Vous avez encore des doutes sur quelque chose\u00a0? Ou vous avez des questions ? Une simple demande \u00e0 notre \u00e9quipe d&rsquo;assistance vous aidera \u00e0 r\u00e9pondre \u00e0 toutes vos questions. <\/p> <\/div>","protected":false},"excerpt":{"rendered":"","protected":false},"author":9,"featured_media":0,"parent":1899,"menu_order":0,"comment_status":"closed","ping_status":"closed","template":"templates\/template-application-platform.php","meta":{"publish_to_discourse":"","publish_post_category":"","wpdc_auto_publish_overridden":"","wpdc_topic_tags":"","wpdc_pin_topic":"","wpdc_pin_until":"","discourse_post_id":"","discourse_permalink":"","wpdc_publishing_response":"","wpdc_publishing_error":"","footnotes":""},"class_list":["post-11140","page","type-page","status-publish","hentry"],"yoast_head":"<!-- This site is optimized with the Yoast SEO plugin v25.3.1 - https:\/\/yoast.com\/wordpress\/plugins\/seo\/ -->\n<title>Ajoutez l&#039;extension Yelp Reviews \u00e0 votre site Web OpenCart (2026)<\/title>\n<meta name=\"description\" content=\"Voici une possibilit\u00e9 de cr\u00e9er un widget Yelp Reviews et de l&#039;int\u00e9grer \u00e0 votre site Web OpenCart. B\u00e9n\u00e9ficiez d&#039;un support client gratuit et d&#039;autres bonus d&#039;Elfsight.\" \/>\n<meta name=\"robots\" content=\"index, follow, max-snippet:-1, max-image-preview:large, max-video-preview:-1\" \/>\n<link rel=\"canonical\" href=\"https:\/\/elfsight.com\/fr\/yelp-reviews-widget\/opencart\/\" \/>\n<meta property=\"og:locale\" content=\"fr_FR\" \/>\n<meta property=\"og:type\" content=\"article\" \/>\n<meta property=\"og:title\" content=\"Ajoutez l&#039;extension Yelp Reviews \u00e0 votre site Web OpenCart (2026)\" \/>\n<meta property=\"og:description\" content=\"Voici une possibilit\u00e9 de cr\u00e9er un widget Yelp Reviews et de l&#039;int\u00e9grer \u00e0 votre site Web OpenCart. B\u00e9n\u00e9ficiez d&#039;un support client gratuit et d&#039;autres bonus d&#039;Elfsight.\" \/>\n<meta property=\"og:url\" content=\"https:\/\/elfsight.com\/fr\/yelp-reviews-widget\/opencart\/\" \/>\n<meta property=\"og:site_name\" content=\"Elfsight FR\" \/>\n<meta property=\"article:modified_time\" content=\"2025-07-10T15:05:38+00:00\" \/>\n<meta name=\"twitter:card\" content=\"summary_large_image\" \/>\n<meta name=\"twitter:label1\" content=\"Dur\u00e9e de lecture estim\u00e9e\" \/>\n\t<meta name=\"twitter:data1\" content=\"3 minutes\" \/>\n<!-- \/ Yoast SEO plugin. -->","yoast_head_json":{"title":"Ajoutez l'extension Yelp Reviews \u00e0 votre site Web OpenCart (2026)","description":"Voici une possibilit\u00e9 de cr\u00e9er un widget Yelp Reviews et de l'int\u00e9grer \u00e0 votre site Web OpenCart. B\u00e9n\u00e9ficiez d'un support client gratuit et d'autres bonus d'Elfsight.","robots":{"index":"index","follow":"follow","max-snippet":"max-snippet:-1","max-image-preview":"max-image-preview:large","max-video-preview":"max-video-preview:-1"},"canonical":"https:\/\/elfsight.com\/fr\/yelp-reviews-widget\/opencart\/","og_locale":"fr_FR","og_type":"article","og_title":"Ajoutez l'extension Yelp Reviews \u00e0 votre site Web OpenCart (2026)","og_description":"Voici une possibilit\u00e9 de cr\u00e9er un widget Yelp Reviews et de l'int\u00e9grer \u00e0 votre site Web OpenCart. B\u00e9n\u00e9ficiez d'un support client gratuit et d'autres bonus d'Elfsight.","og_url":"https:\/\/elfsight.com\/fr\/yelp-reviews-widget\/opencart\/","og_site_name":"Elfsight FR","article_modified_time":"2025-07-10T15:05:38+00:00","twitter_card":"summary_large_image","twitter_misc":{"Dur\u00e9e de lecture estim\u00e9e":"3 minutes"},"schema":{"@context":"https:\/\/schema.org","@graph":[{"@type":"WebPage","@id":"https:\/\/elfsight.com\/fr\/yelp-reviews-widget\/opencart\/","url":"https:\/\/elfsight.com\/fr\/yelp-reviews-widget\/opencart\/","name":"Ajoutez l'extension Yelp Reviews \u00e0 votre site Web OpenCart (2026)","isPartOf":{"@id":"https:\/\/elfsight.com\/fr\/#website"},"datePublished":"1970-01-01T00:00:00+00:00","dateModified":"2025-07-10T15:05:38+00:00","description":"Voici une possibilit\u00e9 de cr\u00e9er un widget Yelp Reviews et de l'int\u00e9grer \u00e0 votre site Web OpenCart. B\u00e9n\u00e9ficiez d'un support client gratuit et d'autres bonus d'Elfsight.","breadcrumb":{"@id":"https:\/\/elfsight.com\/fr\/yelp-reviews-widget\/opencart\/#breadcrumb"},"inLanguage":"fr-FR","potentialAction":[{"@type":"ReadAction","target":["https:\/\/elfsight.com\/fr\/yelp-reviews-widget\/opencart\/"]}]},{"@type":"BreadcrumbList","@id":"https:\/\/elfsight.com\/fr\/yelp-reviews-widget\/opencart\/#breadcrumb","itemListElement":[{"@type":"ListItem","position":1,"name":"Home","item":"https:\/\/elfsight.com\/fr\/"},{"@type":"ListItem","position":2,"name":"Yelp Reviews","item":"https:\/\/elfsight.com\/fr\/yelp-reviews-widget\/"},{"@type":"ListItem","position":3,"name":"Yelp Reviews &#8211; OpenCart"}]},{"@type":"WebSite","@id":"https:\/\/elfsight.com\/fr\/#website","url":"https:\/\/elfsight.com\/fr\/","name":"Elfsight FR","description":"","potentialAction":[{"@type":"SearchAction","target":{"@type":"EntryPoint","urlTemplate":"https:\/\/elfsight.com\/fr\/?s={search_term_string}"},"query-input":{"@type":"PropertyValueSpecification","valueRequired":true,"valueName":"search_term_string"}}],"inLanguage":"fr-FR"}]}},"meta_box":{"industry":"","seo_heading":"","heading":"","description":"","cta_heading":"","cta_description":"","application":"1891","h1":"Extension des avis OpenCart Yelp","h1_caption":"Pr\u00e9sentez les avis des clients de Yelp pour renforcer votre cr\u00e9dibilit\u00e9 et fournir sans effort une preuve sociale de votre entreprise sur votre site Web Opencart.","application_category":[],"applications_title":"","applications_request_title":"","applications_request_button_text":"","hero_text":"","hero_video":"","hero_video_schema_markup":"","selling_points_title":"","selling_points_caption":"","selling_points":[],"selling_points_cta_text":"","features_title":"","features":"","ed_cta_examples_text":"","ed_cta_examples_hidden":"","ed_cta_demo_text":"","ed_cta_demo_hidden":"","why_caption":"","why_editor_title":"","why_editor_text":"","why_team_title":"","why_team_text":"","why_service_title":"","why_service_text":"","template_catalog_visible":"","template_catalog_title":"","template_catalog_text":"","template_catalog_categories_visible":"","demo_title":"Cr\u00e9ez votre extension Yelp Avis","demo_caption":"Configurez vos avis Yelp et ajoutez-les \u00e0 votre site Web OpenCart gratuitement\u00a0!","default_faq_hidden":"","app_template_category":[],"platform":"359","template_public_id":"","codecanyon_url":"","codecanyon_item_id":"","codecanyon_price":"","pricing_caption":"","pricing_elfsight_apps_hide_column":"","pricing_elfsight_apps_url":"","pricing_codecanyon_price_caption":"","integration_category":[],"integration_request_title":"","integration_request_cta":"","integration_platform":"","integrations":[],"platform_category":[],"video_schema_markup":"","price":"\u00e0 partir de 0$ \/ mois","trial":"","benefits":[{"text":"Assistance \u00e0 l'installation gratuite"},{"text":"Service client professionnel"},{"text":"Garantie de remboursement de 14 jours"},{"text":"Mise \u00e0 jour constante"}],"button_url":"","button_target_blank":"","button_nofollow":"","attributes":[{"name":"Installations","content":"10,000 - 100,000"},{"name":"Sensible","content":"Oui"},{"name":"Navigateurs compatibles","content":"Chrome, Edge, Opera, Safari, Firefox"}],"tags":[],"tags_disable_links":"","hide_more_platforms":"","video_object":"","demo_hide_cta":"","demo_hide_cloud_options":"","pricing_title":"","pricing":[{"pricing_icon":"platform","pricing_title":"Elfsight Apps","pricing_title_caption":"Logiciel ind\u00e9pendant de la plate-forme qui convient \u00e0 n'importe quel site Web","pricing_price":"from $0 \/ month","pricing_price_caption":"commencez avec un forfait gratuit","pricing_benefits":[{"text":"Sites Web illimit\u00e9s"},{"text":"Accompagnement professionnel"},{"text":"Aide \u00e0 l'installation gratuite"},{"text":"Offre sp\u00e9ciale pour plusieurs applications"}],"pricing_button_text":"Ajouter au site Web","pricing_button_url":"#demo"}],"related_apps_title":"","related_apps_hidden":"","author":"","image":[],"title":"","job":"","social_networks":[]},"_links":{"self":[{"href":"https:\/\/elfsight.com\/fr\/wp-json\/wp\/v2\/pages\/11140","targetHints":{"allow":["GET"]}}],"collection":[{"href":"https:\/\/elfsight.com\/fr\/wp-json\/wp\/v2\/pages"}],"about":[{"href":"https:\/\/elfsight.com\/fr\/wp-json\/wp\/v2\/types\/page"}],"author":[{"embeddable":true,"href":"https:\/\/elfsight.com\/fr\/wp-json\/wp\/v2\/users\/9"}],"replies":[{"embeddable":true,"href":"https:\/\/elfsight.com\/fr\/wp-json\/wp\/v2\/comments?post=11140"}],"version-history":[{"count":1,"href":"https:\/\/elfsight.com\/fr\/wp-json\/wp\/v2\/pages\/11140\/revisions"}],"predecessor-version":[{"id":11144,"href":"https:\/\/elfsight.com\/fr\/wp-json\/wp\/v2\/pages\/11140\/revisions\/11144"}],"up":[{"embeddable":true,"href":"https:\/\/elfsight.com\/fr\/wp-json\/wp\/v2\/pages\/1899"}],"wp:attachment":[{"href":"https:\/\/elfsight.com\/fr\/wp-json\/wp\/v2\/media?parent=11140"}],"curies":[{"name":"wp","href":"https:\/\/api.w.org\/{rel}","templated":true}]}}