{"id":11133,"date":"1970-01-01T00:00:00","date_gmt":"1970-01-01T00:00:00","guid":{"rendered":"https:\/\/elfsight.com\/fr\/?page_id=11133"},"modified":"2025-07-10T15:04:20","modified_gmt":"2025-07-10T15:04:20","slug":"elementor","status":"publish","type":"page","link":"https:\/\/elfsight.com\/fr\/yelp-reviews-widget\/elementor\/","title":{"rendered":"Yelp Reviews &#8211; Elementor"},"content":{"rendered":"<div class=\"application-platform-content-item-description application-platform-content-item\" id=\"description\" data-nav-section=\"description\"> <h2>Int\u00e9grer les avis Yelp sur Elementor avec le widget Elfsight<\/h2> <p>Elfsight Yelp Reviews est un outil simple qui vous aide \u00e0 ins\u00e9rer des le site examine vos produits ou services par les utilisateurs de Yelp. Avec ce widget, vous pouvez utiliser des filtres pour trier les avis ind\u00e9sirables, r\u00e9v\u00e9ler vos notes par \u00e9toiles et num\u00e9ros sur Yelp, ajouter des informations sur les auteurs et ajouter un bouton qui aidera les visiteurs \u00e0 laisser leur avis sur Yelp. Le widget Elfsight Yelp Reviews vous aidera \u00e0 afficher votre preuve sociale parfaite sur le site et \u00e0 augmenter vos ventes.<\/p><\/div><div class=\"application-platform-content-item-features application-platform-content-item\" id=\"features\" data-nav-section=\"features\"> <h2>Principales fonctionnalit\u00e9s du widget Yelp Reviews<\/h2> <p>V\u00e9rifiez toutes les caract\u00e9ristiques fonctionnelles du plugin. Ils sont disponibles directement dans l&rsquo;\u00e9diteur et vous aideront \u00e0 construire le widget adapt\u00e9 \u00e0 vos besoins.<\/p> <ul> <li>3 filtres disponibles\u00a0: par type, exclusion par et nombre d&rsquo;avis \u00e0 afficher\u00a0; <\/li> <li>Quatre mises en page disponibles\u00a0: liste, grille, ma\u00e7onnerie et curseur\u00a0; <\/li> <li> En-t\u00eate enti\u00e8rement flexible du widget\u00a0; <\/li> <li>Le bouton de demande de r\u00e9vision dirige les visiteurs vers la page Yelp\u00a0; <\/li> <li>Six \u00e9l\u00e9ments r\u00e9glables des avis\u00a0: nom et photo de l&rsquo;auteur, recommandation, date de partage, ic\u00f4ne Yelp et note par \u00e9toiles\u00a0; <\/li> <li>Deux options de sc\u00e9narios apr\u00e8s refus d&rsquo;une demande de r\u00e9vision\u00a0: afficher un message personnalis\u00e9 ou masquer le bouton. <\/li> <\/ul><p><a href=\"#demo\">Vous pouvez tester toutes les fonctionnalit\u00e9s du widget directement dans la d\u00e9mo<\/a><\/p> <\/div> <div class=\"application-platform-content-item-installation application-platform-content-item\" id=\"installation\" data-nav-section=\"installation\"> <h2>Comment puis-je ajouter des avis Yelp \u00e0 mon site Elementor\u00a0?<\/h2> <div class=\"video-container\"><iframe width=\"720\" height=\"405\" src=\"https:\/\/www.youtube.com\/embed\/EWIsWT2RDH4\" frameborder=\"0\" allowfullscreen=\"\"><\/iframe><\/div><p>Pour commencer \u00e0 utiliser le widget, suivez simplement les instructions ci-dessous.<\/p> <ol><li><b>Cr\u00e9ez votre plugin Yelp unique<\/b><br> \u00c0 l&rsquo;aide de notre configurateur gratuit, cr\u00e9ez un plugin avec une mise en page et des fonctionnalit\u00e9s s\u00e9lectionn\u00e9es. <\/li><li><b>Obtenir le code individuel pour afficher le plugin<\/b><br> Apr\u00e8s avoir configur\u00e9 votre widget, vous obtiendrez le code d&rsquo;installation dans la fen\u00eatre qui appara\u00eet sur Elfsight Apps. Copiez-le. <\/li> <li><b>Ajoutez le plugin sur votre site Web Elementor<\/b><br> D\u00e9finissez l&rsquo;endroit o\u00f9 vous pr\u00e9voyez d&rsquo;int\u00e9grer le plugin et ajoutez-y le code copi\u00e9. Enregistrez les modifications. <\/li> <li><b>L&rsquo;installation est termin\u00e9e<\/b><br> Acc\u00e9dez \u00e0 votre site Web pour v\u00e9rifier votre plugin.<\/li> <\/ol><p>Vous \u00eates invit\u00e9s \u00e0 entrer en contact avec Elfsight support client au cas o\u00f9 vous auriez besoin d&rsquo;aide ou si vous avez quelque chose \u00e0 demander. Nos sp\u00e9cialistes se feront un plaisir de r\u00e9pondre \u00e0 chaque demande.<\/p><div class=\"faq\" data-component=\"FAQ\"> <div class=\"faq-item\">\r\n\t\t\t\t\t<div class=\"faq-item-question\">\r\n\t\t\t\t\t\t<h3 class=\"faq-item-question-text\">Comment ajouter des avis de Yelp \u00e0 mon site Web Elementor sans comp\u00e9tences en codage ?<\/h3>\r\n\r\n\t\t\t\t\t\t<div class=\"faq-item-question-icon\"><\/div>\r\n\t\t\t\t\t<\/div>\r\n\r\n\t\t\t\t\t<div class=\"faq-item-answer\">\r\n\t\t\t\t\t\t<div class=\"faq-item-answer-text\"> <p>Elfsight fournit une solution SaaS qui vous permet cr\u00e9ez vous-m\u00eame un widget Avis de Yelp, voyez \u00e0 quel point le processus est simple\u00a0: travaillez directement dans l&rsquo;\u00e9diteur en ligne pour cr\u00e9er un widget Avis de Yelp que vous aimeriez voir sur votre site Web Elementor. Choisissez l&rsquo;un des mod\u00e8les pr\u00e9d\u00e9finis et ajustez les param\u00e8tres des avis de Yelp, ajoutez votre contenu, modifiez la disposition et la couleur des \u00e9l\u00e9ments sans aucune comp\u00e9tence en codage. Enregistrez les avis de Yelp et copiez son code d&rsquo;installation, que vous pouvez facilement coller sur votre site Web Elementor sans acheter de version payante. Gr\u00e2ce \u00e0 notre \u00e9diteur intuitif, tout internaute peut cr\u00e9er en ligne un widget Avis \u00e0 partir de Yelp et l&rsquo;int\u00e9grer facilement \u00e0 son site Web Elementor. Il n&rsquo;est pas n\u00e9cessaire de payer ou de saisir les informations d&rsquo;identification de votre carte pour acc\u00e9der au service. Si vous rencontrez des probl\u00e8mes \u00e0 n&rsquo;importe quelle \u00e9tape, n&rsquo;h\u00e9sitez pas \u00e0 contacter notre \u00e9quipe d&rsquo;assistance technique.<\/p> <\/div>\r\n\t\t\t\t\t<\/div>\r\n\t\t\t\t<\/div> <\/div> <\/div>","protected":false},"excerpt":{"rendered":"","protected":false},"author":9,"featured_media":0,"parent":1899,"menu_order":0,"comment_status":"closed","ping_status":"closed","template":"templates\/template-application-platform.php","meta":{"publish_to_discourse":"","publish_post_category":"","wpdc_auto_publish_overridden":"","wpdc_topic_tags":"","wpdc_pin_topic":"","wpdc_pin_until":"","discourse_post_id":"","discourse_permalink":"","wpdc_publishing_response":"","wpdc_publishing_error":"","footnotes":""},"class_list":["post-11133","page","type-page","status-publish","hentry"],"yoast_head":"<!-- This site is optimized with the Yoast SEO plugin v25.3.1 - https:\/\/yoast.com\/wordpress\/plugins\/seo\/ -->\n<title>Ajoutez le widget Yelp Reviews \u00e0 votre site Web Elementor (en 2 minutes)<\/title>\n<meta name=\"description\" content=\"Il n\u2019y a aucun probl\u00e8me \u00e0 fa\u00e7onner votre widget Yelp Reviews et \u00e0 l\u2019afficher sur votre site Web Elementor. Le service client Elfsight est gratuit et rapide.\" \/>\n<meta name=\"robots\" content=\"index, follow, max-snippet:-1, max-image-preview:large, max-video-preview:-1\" \/>\n<link rel=\"canonical\" href=\"https:\/\/elfsight.com\/fr\/yelp-reviews-widget\/elementor\/\" \/>\n<meta property=\"og:locale\" content=\"fr_FR\" \/>\n<meta property=\"og:type\" content=\"article\" \/>\n<meta property=\"og:title\" content=\"Ajoutez le widget Yelp Reviews \u00e0 votre site Web Elementor (en 2 minutes)\" \/>\n<meta property=\"og:description\" content=\"Il n\u2019y a aucun probl\u00e8me \u00e0 fa\u00e7onner votre widget Yelp Reviews et \u00e0 l\u2019afficher sur votre site Web Elementor. Le service client Elfsight est gratuit et rapide.\" \/>\n<meta property=\"og:url\" content=\"https:\/\/elfsight.com\/fr\/yelp-reviews-widget\/elementor\/\" \/>\n<meta property=\"og:site_name\" content=\"Elfsight FR\" \/>\n<meta property=\"article:modified_time\" content=\"2025-07-10T15:04:20+00:00\" \/>\n<meta name=\"twitter:card\" content=\"summary_large_image\" \/>\n<meta name=\"twitter:label1\" content=\"Dur\u00e9e de lecture estim\u00e9e\" \/>\n\t<meta name=\"twitter:data1\" content=\"3 minutes\" \/>\n<!-- \/ Yoast SEO plugin. -->","yoast_head_json":{"title":"Ajoutez le widget Yelp Reviews \u00e0 votre site Web Elementor (en 2 minutes)","description":"Il n\u2019y a aucun probl\u00e8me \u00e0 fa\u00e7onner votre widget Yelp Reviews et \u00e0 l\u2019afficher sur votre site Web Elementor. Le service client Elfsight est gratuit et rapide.","robots":{"index":"index","follow":"follow","max-snippet":"max-snippet:-1","max-image-preview":"max-image-preview:large","max-video-preview":"max-video-preview:-1"},"canonical":"https:\/\/elfsight.com\/fr\/yelp-reviews-widget\/elementor\/","og_locale":"fr_FR","og_type":"article","og_title":"Ajoutez le widget Yelp Reviews \u00e0 votre site Web Elementor (en 2 minutes)","og_description":"Il n\u2019y a aucun probl\u00e8me \u00e0 fa\u00e7onner votre widget Yelp Reviews et \u00e0 l\u2019afficher sur votre site Web Elementor. Le service client Elfsight est gratuit et rapide.","og_url":"https:\/\/elfsight.com\/fr\/yelp-reviews-widget\/elementor\/","og_site_name":"Elfsight FR","article_modified_time":"2025-07-10T15:04:20+00:00","twitter_card":"summary_large_image","twitter_misc":{"Dur\u00e9e de lecture estim\u00e9e":"3 minutes"},"schema":{"@context":"https:\/\/schema.org","@graph":[{"@type":"WebPage","@id":"https:\/\/elfsight.com\/fr\/yelp-reviews-widget\/elementor\/","url":"https:\/\/elfsight.com\/fr\/yelp-reviews-widget\/elementor\/","name":"Ajoutez le widget Yelp Reviews \u00e0 votre site Web Elementor (en 2 minutes)","isPartOf":{"@id":"https:\/\/elfsight.com\/fr\/#website"},"datePublished":"1970-01-01T00:00:00+00:00","dateModified":"2025-07-10T15:04:20+00:00","description":"Il n\u2019y a aucun probl\u00e8me \u00e0 fa\u00e7onner votre widget Yelp Reviews et \u00e0 l\u2019afficher sur votre site Web Elementor. Le service client Elfsight est gratuit et rapide.","breadcrumb":{"@id":"https:\/\/elfsight.com\/fr\/yelp-reviews-widget\/elementor\/#breadcrumb"},"inLanguage":"fr-FR","potentialAction":[{"@type":"ReadAction","target":["https:\/\/elfsight.com\/fr\/yelp-reviews-widget\/elementor\/"]}]},{"@type":"BreadcrumbList","@id":"https:\/\/elfsight.com\/fr\/yelp-reviews-widget\/elementor\/#breadcrumb","itemListElement":[{"@type":"ListItem","position":1,"name":"Home","item":"https:\/\/elfsight.com\/fr\/"},{"@type":"ListItem","position":2,"name":"Yelp Reviews","item":"https:\/\/elfsight.com\/fr\/yelp-reviews-widget\/"},{"@type":"ListItem","position":3,"name":"Yelp Reviews &#8211; Elementor"}]},{"@type":"WebSite","@id":"https:\/\/elfsight.com\/fr\/#website","url":"https:\/\/elfsight.com\/fr\/","name":"Elfsight FR","description":"","potentialAction":[{"@type":"SearchAction","target":{"@type":"EntryPoint","urlTemplate":"https:\/\/elfsight.com\/fr\/?s={search_term_string}"},"query-input":{"@type":"PropertyValueSpecification","valueRequired":true,"valueName":"search_term_string"}}],"inLanguage":"fr-FR"}]}},"meta_box":{"industry":"","seo_heading":"","heading":"","description":"","cta_heading":"","cta_description":"","application":"1891","h1":"Avis sur Yelp chez Elementor","h1_caption":"Pr\u00e9sentez les avis des clients de Yelp pour renforcer votre cr\u00e9dibilit\u00e9 et fournir sans effort une preuve sociale de votre entreprise sur votre site Web Elementor.","application_category":[],"applications_title":"","applications_request_title":"","applications_request_button_text":"","hero_text":"","hero_video":"","hero_video_schema_markup":"","selling_points_title":"","selling_points_caption":"","selling_points":[],"selling_points_cta_text":"","features_title":"","features":"","ed_cta_examples_text":"","ed_cta_examples_hidden":"","ed_cta_demo_text":"","ed_cta_demo_hidden":"","why_caption":"","why_editor_title":"","why_editor_text":"","why_team_title":"","why_team_text":"","why_service_title":"","why_service_text":"","template_catalog_visible":"","template_catalog_title":"","template_catalog_text":"","template_catalog_categories_visible":"","demo_title":"Cr\u00e9ez votre widget Avis Yelp","demo_caption":"Configurez vos avis Yelp et ajoutez-les \u00e0 votre site Web Elementor gratuitement\u00a0!","default_faq_hidden":"","app_template_category":[],"platform":"385","template_public_id":"","codecanyon_url":"","codecanyon_item_id":"","codecanyon_price":"","pricing_caption":"","pricing_elfsight_apps_hide_column":"","pricing_elfsight_apps_url":"","pricing_codecanyon_price_caption":"","integration_category":[],"integration_request_title":"","integration_request_cta":"","integration_platform":"","integrations":[],"platform_category":[],"video_schema_markup":"","price":"\u00e0 partir de 0$ \/ mois","trial":"","benefits":[{"text":"Aide \u00e0 l'installation gratuite"},{"text":"Assistance premium"},{"text":"Garantie de remboursement de 14 jours"},{"text":"Futures mises \u00e0 jour gratuites"}],"button_url":"","button_target_blank":"","button_nofollow":"","attributes":[{"name":"Installations","content":"10,000 - 100,000"},{"name":"Sensible","content":"Oui"},{"name":"Navigateurs compatibles","content":"Firefox, Safari, Opera, Chrome, Edge"}],"tags":[],"tags_disable_links":"","hide_more_platforms":"","video_object":"","demo_hide_cta":"","demo_hide_cloud_options":"","pricing_title":"","pricing":[{"pricing_icon":"platform","pricing_title":"Elfsight Apps","pricing_title_caption":"Logiciel multiplateforme","pricing_price":"from $0 \/ month","pricing_price_caption":"commencez avec un forfait gratuit","pricing_benefits":[{"text":"Sites Web illimit\u00e9s"},{"text":"Assistance client gratuite"},{"text":"Aide \u00e0 l'installation gratuite"},{"text":"Prix \u200b\u200b\u00e0 attraper pour plusieurs applications"}],"pricing_button_text":"Ajouter au site Web","pricing_button_url":"#demo"}],"related_apps_title":"","related_apps_hidden":"","author":"","image":[],"title":"","job":"","social_networks":[]},"_links":{"self":[{"href":"https:\/\/elfsight.com\/fr\/wp-json\/wp\/v2\/pages\/11133","targetHints":{"allow":["GET"]}}],"collection":[{"href":"https:\/\/elfsight.com\/fr\/wp-json\/wp\/v2\/pages"}],"about":[{"href":"https:\/\/elfsight.com\/fr\/wp-json\/wp\/v2\/types\/page"}],"author":[{"embeddable":true,"href":"https:\/\/elfsight.com\/fr\/wp-json\/wp\/v2\/users\/9"}],"replies":[{"embeddable":true,"href":"https:\/\/elfsight.com\/fr\/wp-json\/wp\/v2\/comments?post=11133"}],"version-history":[{"count":2,"href":"https:\/\/elfsight.com\/fr\/wp-json\/wp\/v2\/pages\/11133\/revisions"}],"predecessor-version":[{"id":14593,"href":"https:\/\/elfsight.com\/fr\/wp-json\/wp\/v2\/pages\/11133\/revisions\/14593"}],"up":[{"embeddable":true,"href":"https:\/\/elfsight.com\/fr\/wp-json\/wp\/v2\/pages\/1899"}],"wp:attachment":[{"href":"https:\/\/elfsight.com\/fr\/wp-json\/wp\/v2\/media?parent=11133"}],"curies":[{"name":"wp","href":"https:\/\/api.w.org\/{rel}","templated":true}]}}