{"id":11122,"date":"1970-01-01T00:00:00","date_gmt":"1970-01-01T00:00:00","guid":{"rendered":"https:\/\/elfsight.com\/fr\/?page_id=11122"},"modified":"2025-07-10T15:05:46","modified_gmt":"2025-07-10T15:05:46","slug":"prestashop","status":"publish","type":"page","link":"https:\/\/elfsight.com\/fr\/yelp-reviews-widget\/prestashop\/","title":{"rendered":"Yelp Reviews &#8211; PrestaShop"},"content":{"rendered":"<div class=\"application-platform-content-item-description application-platform-content-item\" id=\"description\" data-nav-section=\"description\"> <h2>Description<\/h2> <p>Les avis Yelp sont un instrument pratique vous offrant la possibilit\u00e9 de pr\u00e9senter les t\u00e9moignages sur vos offres directement sur votre site de tous les sites d\u2019\u00e9valuation r\u00e9put\u00e9s. En utilisant notre module compl\u00e9mentaire, vous parviendrez \u00e0 utiliser des filtres pour masquer les avis ind\u00e9sirables, \u00e0 afficher votre note par \u00e9toiles et votre note quantitative \u00e0 partir de votre page sur n&rsquo;importe quel site d&rsquo;avis, \u00e0 ajouter des donn\u00e9es sur les cr\u00e9ateurs des avis et \u00e0 ajouter un bouton CTA qui motivera les utilisateurs. laisser leurs pens\u00e9es. Le module compl\u00e9mentaire Elfsight Yelp Reviews vous incitera \u00e0 pr\u00e9senter votre excellente preuve sociale directement sur le site Web et \u00e0 commencer \u00e0 recevoir plus de nouvelles ventes. <\/p><p><b>Essayez Yelp Reviews pour atteindre vos objectifs e-commerce plus rapidement\u00a0! <\/b><\/p> <\/div> <div class=\"application-platform-content-item-features application-platform-content-item\" id=\"features\" data-nav-section=\"features\"> <h2>Le widget poss\u00e8de des fonctionnalit\u00e9s pratiques et simples, d\u00e9couvrez-en quelques-unes\u00a0: <\/h2> <ul><li>Int\u00e9grez les avis des clients de Compte Yelp<\/li><li>Trois types de filtres\u00a0: quantit\u00e9 d&rsquo;avis, par type et exclusion par<\/li><li>Quatre types de mise en page\u00a0: Grille, Ma\u00e7onnerie, Slider et Liste<\/li><li>glisser types de navigation et de fl\u00e8ches dans la disposition Slider<\/li><li>D\u00e9finir la vitesse de lecture automatique et la vitesse de glissement<\/li><li>S\u00e9lectionner le type de pagination dans la disposition Slider<\/li><li>Bouton d&rsquo;appel \u00e0 l&rsquo;action pour attirer de nouveaux utilisateurs avis sur la page Yelp<\/li><li>Trois mod\u00e8les d&rsquo;avis\u00a0: Classique, Spotlight, Bulle<\/li><li>Six \u00e9l\u00e9ments flexibles des avis\u00a0: photo et recommandation, ic\u00f4ne Yelp, nom de l&rsquo;auteur, nombre d&rsquo;\u00e9toiles et date<\/li><li>Une option pour modifier la taille de la police du texte de r\u00e9vision<\/li><\/ul><p><a href=\"#demo\">Vous pouvez d\u00e9couvrir ce que propose le widget en essayant la d\u00e9mo<\/a><\/p> <\/div> <div class=\"application-platform-content-item-installation application-platform-content-item\" id=\"installation\" data-nav-section=\"installation\"> <h2>Comment ajouter des avis Yelp \u00e0 mon site PrestaShop ? <\/h2> <p>Appliquez simplement les instructions ci-dessous pour ins\u00e9rer le widget. <\/p> <ol><li><b>Utilisez notre configurateur gratuit et commencez \u00e0 cr\u00e9er votre module compl\u00e9mentaire unique. <\/b><br> Recherchez l&rsquo;interface et les options pr\u00e9f\u00e9r\u00e9es de l&rsquo;outil et appliquez les corrections. <\/li> <li><b>Copiez le code individuel expos\u00e9 dans la fen\u00eatre sur les applications Elfsight. <\/b><br> Juste une fois la g\u00e9n\u00e9ration de votre outil termin\u00e9e, copiez le code personnel de la bo\u00eete qui appara\u00eet et enregistrez-le pour de futures occasions. <\/li> <li><b>Initier l&rsquo;utilisation de l&rsquo;outil sur le site PrestaShop. <\/b><br> Ajoutez le code copi\u00e9 pr\u00e9c\u00e9demment dans votre page d&rsquo;accueil et appliquez les modifications. <\/li> <li><b>Fait\u00a0! L&rsquo;int\u00e9gration s&rsquo;est termin\u00e9e avec succ\u00e8s. <\/b><br> Acc\u00e9dez \u00e0 votre site Web pour voir comment fonctionne l&rsquo;addon. <\/li><\/ol> <p>Si vous \u00eates confront\u00e9 \u00e0 des demandes de renseignements ou \u00e0 des obstacles, n&rsquo;h\u00e9sitez pas \u00e0 contacter notre \u00e9quipe d&rsquo;assistance. Nos consultants ont h\u00e2te de vous aider avec toutes les difficult\u00e9s que vous pourriez rencontrer avec le widget. <\/p> <div class=\"faq\" data-component=\"FAQ\"> <div class=\"faq-item\">\r\n\t\t\t\t\t<div class=\"faq-item-question\">\r\n\t\t\t\t\t\t<h3 class=\"faq-item-question-text\">Comment puis-je ajouter des avis de Yelp \u00e0 mon site PrestaShop sans comp\u00e9tences en codage ?<\/h3>\r\n\r\n\t\t\t\t\t\t<div class=\"faq-item-question-icon\"><\/div>\r\n\t\t\t\t\t<\/div>\r\n\r\n\t\t\t\t\t<div class=\"faq-item-answer\">\r\n\t\t\t\t\t\t<div class=\"faq-item-answer-text\"> <p>Elfsight fournit une solution SaaS qui vous permet de cr\u00e9er vous-m\u00eame un widget Avis de Yelp, voyez comment Le processus est simple\u00a0: travaillez directement dans l&rsquo;\u00e9diteur en ligne pour cr\u00e9er un widget Avis depuis Yelp que vous aimeriez voir sur votre site Web PrestaShop. Choisissez l&rsquo;un des mod\u00e8les pr\u00e9d\u00e9finis et ajustez les param\u00e8tres des avis de Yelp, ajoutez votre contenu, modifiez la mise en page et la palette de couleurs sans comp\u00e9tences en codage. Enregistrez les avis de Yelp et copiez son code d&rsquo;installation, que vous pouvez facilement int\u00e9grer \u00e0 votre site Web PrestaShop sans avoir besoin d&rsquo;acheter un forfait payant. Avec notre \u00e9diteur intuitif, tout internaute peut cr\u00e9er un widget Avis \u00e0 partir de Yelp en ligne et l&rsquo;int\u00e9grer facilement \u00e0 son site PrestaShop. Il n&rsquo;est pas n\u00e9cessaire de payer ou de saisir les informations d&rsquo;identification de votre carte pour acc\u00e9der au service. Si vous rencontrez des probl\u00e8mes \u00e0 n&rsquo;importe quelle \u00e9tape, n&rsquo;h\u00e9sitez pas \u00e0 contacter notre \u00e9quipe d&rsquo;assistance technique.<\/p> <\/div>\r\n\t\t\t\t\t<\/div>\r\n\t\t\t\t<\/div> <\/div> <\/div>","protected":false},"excerpt":{"rendered":"","protected":false},"author":9,"featured_media":0,"parent":1899,"menu_order":0,"comment_status":"closed","ping_status":"closed","template":"templates\/template-application-platform.php","meta":{"publish_to_discourse":"","publish_post_category":"","wpdc_auto_publish_overridden":"","wpdc_topic_tags":"","wpdc_pin_topic":"","wpdc_pin_until":"","discourse_post_id":"","discourse_permalink":"","wpdc_publishing_response":"","wpdc_publishing_error":"","footnotes":""},"class_list":["post-11122","page","type-page","status-publish","hentry"],"yoast_head":"<!-- This site is optimized with the Yoast SEO plugin v25.3.1 - https:\/\/yoast.com\/wordpress\/plugins\/seo\/ -->\n<title>Ajoutez le module compl\u00e9mentaire Yelp Reviews \u00e0 votre site PrestaShop (en 2 minutes)<\/title>\n<meta name=\"description\" content=\"C&#039;est un jeu d&#039;enfant de cr\u00e9er votre module compl\u00e9mentaire Yelp Reviews et de l&#039;ajouter sur le site Web PrestaShop. Le support client Elfsight est gratuit.\" \/>\n<meta name=\"robots\" content=\"index, follow, max-snippet:-1, max-image-preview:large, max-video-preview:-1\" \/>\n<link rel=\"canonical\" href=\"https:\/\/elfsight.com\/fr\/yelp-reviews-widget\/prestashop\/\" \/>\n<meta property=\"og:locale\" content=\"fr_FR\" \/>\n<meta property=\"og:type\" content=\"article\" \/>\n<meta property=\"og:title\" content=\"Ajoutez le module compl\u00e9mentaire Yelp Reviews \u00e0 votre site PrestaShop (en 2 minutes)\" \/>\n<meta property=\"og:description\" content=\"C&#039;est un jeu d&#039;enfant de cr\u00e9er votre module compl\u00e9mentaire Yelp Reviews et de l&#039;ajouter sur le site Web PrestaShop. Le support client Elfsight est gratuit.\" \/>\n<meta property=\"og:url\" content=\"https:\/\/elfsight.com\/fr\/yelp-reviews-widget\/prestashop\/\" \/>\n<meta property=\"og:site_name\" content=\"Elfsight FR\" \/>\n<meta property=\"article:modified_time\" content=\"2025-07-10T15:05:46+00:00\" \/>\n<meta name=\"twitter:card\" content=\"summary_large_image\" \/>\n<meta name=\"twitter:label1\" content=\"Dur\u00e9e de lecture estim\u00e9e\" \/>\n\t<meta name=\"twitter:data1\" content=\"3 minutes\" \/>\n<!-- \/ Yoast SEO plugin. -->","yoast_head_json":{"title":"Ajoutez le module compl\u00e9mentaire Yelp Reviews \u00e0 votre site PrestaShop (en 2 minutes)","description":"C'est un jeu d'enfant de cr\u00e9er votre module compl\u00e9mentaire Yelp Reviews et de l'ajouter sur le site Web PrestaShop. Le support client Elfsight est gratuit.","robots":{"index":"index","follow":"follow","max-snippet":"max-snippet:-1","max-image-preview":"max-image-preview:large","max-video-preview":"max-video-preview:-1"},"canonical":"https:\/\/elfsight.com\/fr\/yelp-reviews-widget\/prestashop\/","og_locale":"fr_FR","og_type":"article","og_title":"Ajoutez le module compl\u00e9mentaire Yelp Reviews \u00e0 votre site PrestaShop (en 2 minutes)","og_description":"C'est un jeu d'enfant de cr\u00e9er votre module compl\u00e9mentaire Yelp Reviews et de l'ajouter sur le site Web PrestaShop. Le support client Elfsight est gratuit.","og_url":"https:\/\/elfsight.com\/fr\/yelp-reviews-widget\/prestashop\/","og_site_name":"Elfsight FR","article_modified_time":"2025-07-10T15:05:46+00:00","twitter_card":"summary_large_image","twitter_misc":{"Dur\u00e9e de lecture estim\u00e9e":"3 minutes"},"schema":{"@context":"https:\/\/schema.org","@graph":[{"@type":"WebPage","@id":"https:\/\/elfsight.com\/fr\/yelp-reviews-widget\/prestashop\/","url":"https:\/\/elfsight.com\/fr\/yelp-reviews-widget\/prestashop\/","name":"Ajoutez le module compl\u00e9mentaire Yelp Reviews \u00e0 votre site PrestaShop (en 2 minutes)","isPartOf":{"@id":"https:\/\/elfsight.com\/fr\/#website"},"datePublished":"1970-01-01T00:00:00+00:00","dateModified":"2025-07-10T15:05:46+00:00","description":"C'est un jeu d'enfant de cr\u00e9er votre module compl\u00e9mentaire Yelp Reviews et de l'ajouter sur le site Web PrestaShop. Le support client Elfsight est gratuit.","breadcrumb":{"@id":"https:\/\/elfsight.com\/fr\/yelp-reviews-widget\/prestashop\/#breadcrumb"},"inLanguage":"fr-FR","potentialAction":[{"@type":"ReadAction","target":["https:\/\/elfsight.com\/fr\/yelp-reviews-widget\/prestashop\/"]}]},{"@type":"BreadcrumbList","@id":"https:\/\/elfsight.com\/fr\/yelp-reviews-widget\/prestashop\/#breadcrumb","itemListElement":[{"@type":"ListItem","position":1,"name":"Home","item":"https:\/\/elfsight.com\/fr\/"},{"@type":"ListItem","position":2,"name":"Yelp Reviews","item":"https:\/\/elfsight.com\/fr\/yelp-reviews-widget\/"},{"@type":"ListItem","position":3,"name":"Yelp Reviews &#8211; PrestaShop"}]},{"@type":"WebSite","@id":"https:\/\/elfsight.com\/fr\/#website","url":"https:\/\/elfsight.com\/fr\/","name":"Elfsight FR","description":"","potentialAction":[{"@type":"SearchAction","target":{"@type":"EntryPoint","urlTemplate":"https:\/\/elfsight.com\/fr\/?s={search_term_string}"},"query-input":{"@type":"PropertyValueSpecification","valueRequired":true,"valueName":"search_term_string"}}],"inLanguage":"fr-FR"}]}},"meta_box":{"industry":"","seo_heading":"","heading":"","description":"","cta_heading":"","cta_description":"","application":"1891","h1":"Module compl\u00e9mentaire d'avis PrestaShop Yelp","h1_caption":"Pr\u00e9sentez les avis des clients de Yelp pour renforcer votre cr\u00e9dibilit\u00e9 et fournir sans effort une preuve sociale de votre entreprise sur votre site Web Prestashop.","application_category":[],"applications_title":"","applications_request_title":"","applications_request_button_text":"","hero_text":"","hero_video":"","hero_video_schema_markup":"","selling_points_title":"","selling_points_caption":"","selling_points":[],"selling_points_cta_text":"","features_title":"","features":"","ed_cta_examples_text":"","ed_cta_examples_hidden":"","ed_cta_demo_text":"","ed_cta_demo_hidden":"","why_caption":"","why_editor_title":"","why_editor_text":"","why_team_title":"","why_team_text":"","why_service_title":"","why_service_text":"","template_catalog_visible":"","template_catalog_title":"","template_catalog_text":"","template_catalog_categories_visible":"","demo_title":"Cr\u00e9ez votre module compl\u00e9mentaire Yelp Reviews","demo_caption":"Configurez vos avis Yelp et ajoutez-le \u00e0 votre site PrestaShop gratuitement !","default_faq_hidden":"","app_template_category":[],"platform":"3190","template_public_id":"","codecanyon_url":"","codecanyon_item_id":"","codecanyon_price":"","pricing_caption":"","pricing_elfsight_apps_hide_column":"","pricing_elfsight_apps_url":"","pricing_codecanyon_price_caption":"","integration_category":[],"integration_request_title":"","integration_request_cta":"","integration_platform":"","integrations":[],"platform_category":[],"video_schema_markup":"","price":"\u00e0 partir de 0$ \/ mois","trial":"","benefits":[{"text":"Assistance \u00e0 l'installation gratuite"},{"text":"Support client exceptionnel"},{"text":"Garantie de remboursement de 14 jours"},{"text":"Mises \u00e0 jour gratuites en continu"}],"button_url":"","button_target_blank":"","button_nofollow":"","attributes":[{"name":"Installations","content":"10,000 - 100,000"},{"name":"Sensible","content":"Oui"},{"name":"Navigateurs compatibles","content":"Firefox, Safari, Opera, Chrome, Edge"}],"tags":[],"tags_disable_links":"","hide_more_platforms":"","video_object":"","demo_hide_cta":"","demo_hide_cloud_options":"","pricing_title":"","pricing":[{"pricing_icon":"platform","pricing_title":"Elfsight Apps","pricing_title_caption":"Solution num\u00e9rique ind\u00e9pendante de la plateforme qui fonctionne sur n'importe quel site","pricing_price":"from $0 \/ month","pricing_price_caption":"commencez avec un forfait gratuit","pricing_benefits":[{"text":"Sites Web illimit\u00e9s"},{"text":"Assistance d\u00e9di\u00e9e et ponctuelle"},{"text":"Service d'installation gratuit"},{"text":"Conception flexible"}],"pricing_button_text":"Ajouter au site Web","pricing_button_url":"#demo"}],"related_apps_title":"","related_apps_hidden":"","author":"","image":[],"title":"","job":"","social_networks":[]},"_links":{"self":[{"href":"https:\/\/elfsight.com\/fr\/wp-json\/wp\/v2\/pages\/11122","targetHints":{"allow":["GET"]}}],"collection":[{"href":"https:\/\/elfsight.com\/fr\/wp-json\/wp\/v2\/pages"}],"about":[{"href":"https:\/\/elfsight.com\/fr\/wp-json\/wp\/v2\/types\/page"}],"author":[{"embeddable":true,"href":"https:\/\/elfsight.com\/fr\/wp-json\/wp\/v2\/users\/9"}],"replies":[{"embeddable":true,"href":"https:\/\/elfsight.com\/fr\/wp-json\/wp\/v2\/comments?post=11122"}],"version-history":[{"count":1,"href":"https:\/\/elfsight.com\/fr\/wp-json\/wp\/v2\/pages\/11122\/revisions"}],"predecessor-version":[{"id":11126,"href":"https:\/\/elfsight.com\/fr\/wp-json\/wp\/v2\/pages\/11122\/revisions\/11126"}],"up":[{"embeddable":true,"href":"https:\/\/elfsight.com\/fr\/wp-json\/wp\/v2\/pages\/1899"}],"wp:attachment":[{"href":"https:\/\/elfsight.com\/fr\/wp-json\/wp\/v2\/media?parent=11122"}],"curies":[{"name":"wp","href":"https:\/\/api.w.org\/{rel}","templated":true}]}}