{"id":11061,"date":"1970-01-01T00:00:00","date_gmt":"1970-01-01T00:00:00","guid":{"rendered":"https:\/\/elfsight.com\/fr\/?page_id=11061"},"modified":"2025-07-10T14:10:32","modified_gmt":"2025-07-10T14:10:32","slug":"bigcommerce","status":"publish","type":"page","link":"https:\/\/elfsight.com\/fr\/weather-widget\/bigcommerce\/","title":{"rendered":"Weather &#8211; BigCommerce"},"content":{"rendered":"<div class=\"application-platform-content-item-description application-platform-content-item\" id=\"description\" data-nav-section=\"description\"><h2>Description<\/h2><p>Elfsight Weather est un plugin de site Web utile et facilement personnalisable pour afficher la m\u00e9t\u00e9o actuelle pour une zone choisie. Ajoutez un emplacement par le nom, le code postal ou les coordonn\u00e9es. Les visiteurs du site Web peuvent d\u00e9sormais voir les informations mises \u00e0 jour sur la temp\u00e9rature, la pression atmosph\u00e9rique, l&rsquo;humidit\u00e9 et la m\u00e9t\u00e9o active. Le widget a la possibilit\u00e9 d&rsquo;afficher les pr\u00e9visions pour la semaine ou pour les 12 prochaines heures. Le widget comprend \u00e9galement des images d&rsquo;arri\u00e8re-plan th\u00e9matiques et la possibilit\u00e9 de peindre l&rsquo;arri\u00e8re-plan de n&rsquo;importe quelle couleur. <\/p><p><b>Augmentez les ventes de produits saisonniers affichant des pr\u00e9visions m\u00e9t\u00e9orologiques pr\u00e9cises sur votre site\u00a0Web\u00a0! <\/b><\/p><\/div><div class=\"application-platform-content-item-features application-platform-content-item\" id=\"features\" data-nav-section=\"features\"><p>V\u00e9rifiez toutes les fonctionnalit\u00e9s du widget M\u00e9t\u00e9o. Ils sont disponibles directement dans l&rsquo;\u00e9diteur et vous aideront \u00e0 configurer le widget sp\u00e9cialement pour vos besoins. <\/p><ul><li>Trois m\u00e9thodes pour ajouter le lieu\u00a0: le nom, le code postal et les coordonn\u00e9es\u00a0; <\/li><li>Plus de 30\u00a0langues incluses pour afficher les donn\u00e9es m\u00e9t\u00e9orologiques dans la langue de votre public\u00a0; <\/li><li>5 types de configuration de widget pour diff\u00e9rents cas d&rsquo;utilisation\u00a0; <\/li><li>La possibilit\u00e9 d&rsquo;afficher les pr\u00e9visions quotidiennes pour une semaine avec des dates\u00a0; <\/li><li>Afficher la m\u00e9t\u00e9o horaire pour les douze heures les plus proches.<\/li><\/ul><p><a href=\"#demo\">D\u00e9couvrez comment fonctionnent toutes les fonctionnalit\u00e9s, dans notre d\u00e9mo<\/a> <\/p><\/div><div class=\"application-platform-content-item-installation application-platform-content-item\" id=\"installation\" data-nav-section=\"installation\"><h2>Comment ajouter l&rsquo;application M\u00e9t\u00e9o au site BigCommerce\u00a0? <\/h2><div class=\"video-container\"><iframe width=\"720\" height=\"405\" src=\"https:\/\/www.youtube.com\/embed\/BaMQXvHomzk\" frameborder=\"0\" allowfullscreen=\"\"><\/iframe><\/div><p>Appliquez simplement les instructions ci-dessous pour ajouter l&rsquo;outil sur BigCommerce.<\/p> <ol><li><b>G\u00e9rez notre d\u00e9mo gratuite et commencez \u00e0 cr\u00e9er votre application personnalis\u00e9e. <\/b><br> Choisissez la forme et la fonctionnalit\u00e9 pr\u00e9f\u00e9r\u00e9es du widget et appliquez les modifications. <\/li> <li><b>Obtenez votre code unique affich\u00e9 dans le formulaire sp\u00e9cial sur Elfsight Apps. <\/b><br> Juste apr\u00e8s la g\u00e9n\u00e9ration de votre application m\u00e9t\u00e9o personnelle, copiez le code exclusif dans la fen\u00eatre contextuelle qui appara\u00eet et enregistrez-le pour une utilisation ult\u00e9rieure. <\/li> <li><b>Commencez \u00e0 utiliser l&rsquo;outil sur votre site BigCommerce. <\/b><br> Int\u00e9grez le code enregistr\u00e9 r\u00e9cemment dans votre site Web et enregistrez les corrections. <\/li> <li><b>L&rsquo;installation est effectu\u00e9e avec succ\u00e8s. <\/b><br> Visitez votre site pour examiner comment fonctionne le plugin. <\/li><\/ol><p>N&rsquo;h\u00e9sitez pas \u00e0 contacter le service d&rsquo;assistance d&rsquo;Elfsight si vous avez besoin de conseils ou si vous avez des questions. Nous vous donnerons un coup de main pour chaque demande.<\/p><div class=\"faq\" data-component=\"FAQ\"><div class=\"faq-item\">\r\n\t\t\t\t\t<div class=\"faq-item-question\">\r\n\t\t\t\t\t\t<h3 class=\"faq-item-question-text\">De quelle mani\u00e8re puis-je int\u00e9grer M\u00e9t\u00e9o \u00e0 mon site BigCommerce sans exp\u00e9rience en codage ?<\/h3>\r\n\r\n\t\t\t\t\t\t<div class=\"faq-item-question-icon\"><\/div>\r\n\t\t\t\t\t<\/div>\r\n\r\n\t\t\t\t\t<div class=\"faq-item-answer\">\r\n\t\t\t\t\t\t<div class=\"faq-item-answer-text\"> <p>La soci\u00e9t\u00e9 Elfsight pr\u00e9sente une solution SaaS qui permet aux utilisateurs de cr\u00e9er eux-m\u00eames un widget M\u00e9t\u00e9o, d\u00e9couvrez \u00e0 quel point le processus est simple\u00a0: commencez \u00e0 travailler directement dans l&rsquo;\u00e9diteur en direct pour cr\u00e9er un plugin M\u00e9t\u00e9o que vous souhaitez int\u00e9grer sur le site Web BigCommerce. Cliquez sur l&rsquo;un des mod\u00e8les pr\u00eats \u00e0 l&#8217;emploi et modifiez les param\u00e8tres m\u00e9t\u00e9o, modifiez la disposition et la couleur des \u00e9l\u00e9ments, y compris votre contenu, sans aucune connaissance en codage. Cliquez pour enregistrer les param\u00e8tres que vous avez d\u00e9finis dans Weather et obtenir le code d&rsquo;installation du plugin, qui peut \u00eatre coll\u00e9 sur la page d&rsquo;accueil de %platform% sans avoir besoin d&rsquo;acheter un forfait payant. Avec le configurateur intuitif, chaque internaute peut cr\u00e9er un widget m\u00e9t\u00e9o en ligne et l&rsquo;ajouter facilement au site Web BigCommerce. Il n&rsquo;est pas n\u00e9cessaire de souscrire un abonnement payant ou de saisir les informations d&rsquo;identification de votre carte pour acc\u00e9der \u00e0 Elfsight Editor. Si vous rencontrez des obstacles de quelque nature que ce soit, contactez notre service client.<\/p> <\/div>\r\n\t\t\t\t\t<\/div>\r\n\t\t\t\t<\/div> <\/div><\/div>","protected":false},"excerpt":{"rendered":"","protected":false},"author":9,"featured_media":0,"parent":2497,"menu_order":0,"comment_status":"closed","ping_status":"closed","template":"templates\/template-application-platform.php","meta":{"publish_to_discourse":"","publish_post_category":"","wpdc_auto_publish_overridden":"","wpdc_topic_tags":"","wpdc_pin_topic":"","wpdc_pin_until":"","discourse_post_id":"","discourse_permalink":"","wpdc_publishing_response":"","wpdc_publishing_error":"","footnotes":""},"class_list":["post-11061","page","type-page","status-publish","hentry"],"yoast_head":"<!-- This site is optimized with the Yoast SEO plugin v25.3.1 - https:\/\/yoast.com\/wordpress\/plugins\/seo\/ -->\n<title>Widget m\u00e9t\u00e9o \u2013 Ajouter l&#039;application M\u00e9t\u00e9o au site Web BigCommerce [2025]<\/title>\n<meta name=\"description\" content=\"Voici une opportunit\u00e9 de cr\u00e9er un widget M\u00e9t\u00e9o et de l&#039;ajouter \u00e0 votre site Web BigCommerce. B\u00e9n\u00e9ficiez d&#039;une assistance client gratuite et d&#039;autres avantages d&#039;Elfsight.\" \/>\n<meta name=\"robots\" content=\"index, follow, max-snippet:-1, max-image-preview:large, max-video-preview:-1\" \/>\n<link rel=\"canonical\" href=\"https:\/\/elfsight.com\/fr\/weather-widget\/bigcommerce\/\" \/>\n<meta property=\"og:locale\" content=\"fr_FR\" \/>\n<meta property=\"og:type\" content=\"article\" \/>\n<meta property=\"og:title\" content=\"Widget m\u00e9t\u00e9o \u2013 Ajouter l&#039;application M\u00e9t\u00e9o au site Web BigCommerce [2025]\" \/>\n<meta property=\"og:description\" content=\"Voici une opportunit\u00e9 de cr\u00e9er un widget M\u00e9t\u00e9o et de l&#039;ajouter \u00e0 votre site Web BigCommerce. B\u00e9n\u00e9ficiez d&#039;une assistance client gratuite et d&#039;autres avantages d&#039;Elfsight.\" \/>\n<meta property=\"og:url\" content=\"https:\/\/elfsight.com\/fr\/weather-widget\/bigcommerce\/\" \/>\n<meta property=\"og:site_name\" content=\"Elfsight FR\" \/>\n<meta property=\"article:modified_time\" content=\"2025-07-10T14:10:32+00:00\" \/>\n<meta name=\"twitter:card\" content=\"summary_large_image\" \/>\n<meta name=\"twitter:label1\" content=\"Dur\u00e9e de lecture estim\u00e9e\" \/>\n\t<meta name=\"twitter:data1\" content=\"3 minutes\" \/>\n<!-- \/ Yoast SEO plugin. -->","yoast_head_json":{"title":"Widget m\u00e9t\u00e9o \u2013 Ajouter l'application M\u00e9t\u00e9o au site Web BigCommerce [2025]","description":"Voici une opportunit\u00e9 de cr\u00e9er un widget M\u00e9t\u00e9o et de l'ajouter \u00e0 votre site Web BigCommerce. B\u00e9n\u00e9ficiez d'une assistance client gratuite et d'autres avantages d'Elfsight.","robots":{"index":"index","follow":"follow","max-snippet":"max-snippet:-1","max-image-preview":"max-image-preview:large","max-video-preview":"max-video-preview:-1"},"canonical":"https:\/\/elfsight.com\/fr\/weather-widget\/bigcommerce\/","og_locale":"fr_FR","og_type":"article","og_title":"Widget m\u00e9t\u00e9o \u2013 Ajouter l'application M\u00e9t\u00e9o au site Web BigCommerce [2025]","og_description":"Voici une opportunit\u00e9 de cr\u00e9er un widget M\u00e9t\u00e9o et de l'ajouter \u00e0 votre site Web BigCommerce. B\u00e9n\u00e9ficiez d'une assistance client gratuite et d'autres avantages d'Elfsight.","og_url":"https:\/\/elfsight.com\/fr\/weather-widget\/bigcommerce\/","og_site_name":"Elfsight FR","article_modified_time":"2025-07-10T14:10:32+00:00","twitter_card":"summary_large_image","twitter_misc":{"Dur\u00e9e de lecture estim\u00e9e":"3 minutes"},"schema":{"@context":"https:\/\/schema.org","@graph":[{"@type":"WebPage","@id":"https:\/\/elfsight.com\/fr\/weather-widget\/bigcommerce\/","url":"https:\/\/elfsight.com\/fr\/weather-widget\/bigcommerce\/","name":"Widget m\u00e9t\u00e9o \u2013 Ajouter l'application M\u00e9t\u00e9o au site Web BigCommerce [2025]","isPartOf":{"@id":"https:\/\/elfsight.com\/fr\/#website"},"datePublished":"1970-01-01T00:00:00+00:00","dateModified":"2025-07-10T14:10:32+00:00","description":"Voici une opportunit\u00e9 de cr\u00e9er un widget M\u00e9t\u00e9o et de l'ajouter \u00e0 votre site Web BigCommerce. B\u00e9n\u00e9ficiez d'une assistance client gratuite et d'autres avantages d'Elfsight.","breadcrumb":{"@id":"https:\/\/elfsight.com\/fr\/weather-widget\/bigcommerce\/#breadcrumb"},"inLanguage":"fr-FR","potentialAction":[{"@type":"ReadAction","target":["https:\/\/elfsight.com\/fr\/weather-widget\/bigcommerce\/"]}]},{"@type":"BreadcrumbList","@id":"https:\/\/elfsight.com\/fr\/weather-widget\/bigcommerce\/#breadcrumb","itemListElement":[{"@type":"ListItem","position":1,"name":"Home","item":"https:\/\/elfsight.com\/fr\/"},{"@type":"ListItem","position":2,"name":"Weather","item":"https:\/\/elfsight.com\/fr\/weather-widget\/"},{"@type":"ListItem","position":3,"name":"Weather &#8211; BigCommerce"}]},{"@type":"WebSite","@id":"https:\/\/elfsight.com\/fr\/#website","url":"https:\/\/elfsight.com\/fr\/","name":"Elfsight FR","description":"","potentialAction":[{"@type":"SearchAction","target":{"@type":"EntryPoint","urlTemplate":"https:\/\/elfsight.com\/fr\/?s={search_term_string}"},"query-input":{"@type":"PropertyValueSpecification","valueRequired":true,"valueName":"search_term_string"}}],"inLanguage":"fr-FR"}]}},"meta_box":{"industry":"","seo_heading":"","heading":"","description":"","cta_heading":"","cta_description":"","application":"2496","h1":"Application M\u00e9t\u00e9o BigCommerce","h1_caption":"Affichez les informations m\u00e9t\u00e9orologiques actuelles pour n'importe quel endroit de votre site Web pour impliquer sans effort votre public local ou voyageur dans votre site Web BigCommerce.","application_category":[],"applications_title":"","applications_request_title":"","applications_request_button_text":"","hero_text":"","hero_video":"","hero_video_schema_markup":"","selling_points_title":"","selling_points_caption":"","selling_points":[],"selling_points_cta_text":"","features_title":"","features":"","ed_cta_examples_text":"","ed_cta_examples_hidden":"","ed_cta_demo_text":"","ed_cta_demo_hidden":"","why_caption":"","why_editor_title":"","why_editor_text":"","why_team_title":"","why_team_text":"","why_service_title":"","why_service_text":"","template_catalog_visible":"","template_catalog_title":"","template_catalog_text":"","template_catalog_categories_visible":"","demo_title":"Cr\u00e9ez votre application M\u00e9t\u00e9o","demo_caption":"Configurez votre m\u00e9t\u00e9o et ajoutez-la gratuitement \u00e0 votre site Web BigCommerce\u00a0!","default_faq_hidden":"","app_template_category":[],"platform":"347","template_public_id":"","codecanyon_url":"","codecanyon_item_id":"","codecanyon_price":"","pricing_caption":"","pricing_elfsight_apps_hide_column":"","pricing_elfsight_apps_url":"","pricing_codecanyon_price_caption":"","integration_category":[],"integration_request_title":"","integration_request_cta":"","integration_platform":"","integrations":[],"platform_category":[],"video_schema_markup":"","price":"\u00e0 partir de 0$ \/ mois","trial":"","benefits":[{"text":"Aide \u00e0 l'installation gratuite"},{"text":"Service client efficace"},{"text":"Garantie de remboursement de 14 jours"},{"text":"Mise \u00e0 jour constante"}],"button_url":"","button_target_blank":"","button_nofollow":"","attributes":[{"name":"Installations","content":"10,000 - 100,000"},{"name":"Sensible","content":"Oui"},{"name":"Navigateurs compatibles","content":"Firefox, Safari, Opera, Chrome, Edge"}],"tags":[],"tags_disable_links":"","hide_more_platforms":"","video_object":"","demo_hide_cta":"","demo_hide_cloud_options":"","pricing_title":"","pricing":[{"pricing_icon":"platform","pricing_title":"Elfsight Apps","pricing_title_caption":"Version multiplateforme adapt\u00e9e \u00e0 n'importe quel site Web","pricing_price":"from $0 \/ month","pricing_price_caption":"commencez avec un forfait gratuit","pricing_benefits":[{"text":"Sites Web illimit\u00e9s"},{"text":"Support rapide et bien document\u00e9"},{"text":"Assistance \u00e0 l'installation gratuite"},{"text":"Conception flexible"}],"pricing_button_text":"Ajouter au site Web","pricing_button_url":"#demo"}],"related_apps_title":"","related_apps_hidden":"","author":"","image":[],"title":"","job":"","social_networks":[]},"_links":{"self":[{"href":"https:\/\/elfsight.com\/fr\/wp-json\/wp\/v2\/pages\/11061","targetHints":{"allow":["GET"]}}],"collection":[{"href":"https:\/\/elfsight.com\/fr\/wp-json\/wp\/v2\/pages"}],"about":[{"href":"https:\/\/elfsight.com\/fr\/wp-json\/wp\/v2\/types\/page"}],"author":[{"embeddable":true,"href":"https:\/\/elfsight.com\/fr\/wp-json\/wp\/v2\/users\/9"}],"replies":[{"embeddable":true,"href":"https:\/\/elfsight.com\/fr\/wp-json\/wp\/v2\/comments?post=11061"}],"version-history":[{"count":1,"href":"https:\/\/elfsight.com\/fr\/wp-json\/wp\/v2\/pages\/11061\/revisions"}],"predecessor-version":[{"id":11065,"href":"https:\/\/elfsight.com\/fr\/wp-json\/wp\/v2\/pages\/11061\/revisions\/11065"}],"up":[{"embeddable":true,"href":"https:\/\/elfsight.com\/fr\/wp-json\/wp\/v2\/pages\/2497"}],"wp:attachment":[{"href":"https:\/\/elfsight.com\/fr\/wp-json\/wp\/v2\/media?parent=11061"}],"curies":[{"name":"wp","href":"https:\/\/api.w.org\/{rel}","templated":true}]}}