{"id":11060,"date":"1970-01-01T00:00:00","date_gmt":"1970-01-01T00:00:00","guid":{"rendered":"https:\/\/elfsight.com\/fr\/?page_id=11060"},"modified":"2025-07-10T14:10:37","modified_gmt":"2025-07-10T14:10:37","slug":"blogger","status":"publish","type":"page","link":"https:\/\/elfsight.com\/fr\/weather-widget\/blogger\/","title":{"rendered":"Weather &#8211; Blogger"},"content":{"rendered":"<div class=\"application-platform-content-item-description application-platform-content-item\" id=\"description\" data-nav-section=\"description\"><h2>Description<\/h2><p>Elfsight Weather est un widget de site Web simple et hautement adaptatif qui affiche la situation m\u00e9t\u00e9orologique pertinente pour un emplacement s\u00e9lectionn\u00e9. Entrez un lieu par le titre, le code postal ou les coordonn\u00e9es. Vos utilisateurs pourront voir les derni\u00e8res donn\u00e9es sur la temp\u00e9rature, la pression atmosph\u00e9rique, l\u2019humidit\u00e9 et les \u00e9l\u00e9ments m\u00e9t\u00e9orologiques. Vous pouvez \u00e9galement afficher les pr\u00e9visions pour la semaine \u00e0 venir ou pour les douze prochaines heures. Le widget propose \u00e9galement des images d&rsquo;arri\u00e8re-plan th\u00e9matiques et la possibilit\u00e9 d&rsquo;appliquer des couleurs personnalis\u00e9es. <\/p><p><b>Offrez une exp\u00e9rience client am\u00e9lior\u00e9e avec un widget m\u00e9t\u00e9o pratique sur votre page. <\/b><\/p><\/div><div class=\"application-platform-content-item-features application-platform-content-item\" id=\"features\" data-nav-section=\"features\"><p>Voir tous les traits fonctionnels du widget M\u00e9t\u00e9o. Vous pouvez les g\u00e9rer directement dans l&rsquo;\u00e9diteur et ils vous aideront \u00e0 cr\u00e9er le widget adapt\u00e9 \u00e0 votre cas d&rsquo;utilisation. <\/p><ul><li>Trois m\u00e9thodes pour saisir le lieu\u00a0: par le nom, le code postal et les coordonn\u00e9es\u00a0; <\/li><li>Plus de 30 langues incluses pour afficher les informations m\u00e9t\u00e9o dans votre langue maternelle\u00a0; <\/li><li>5 types de configuration de widget pour diff\u00e9rents cas d&rsquo;utilisation\u00a0; <\/li><li>L&rsquo;option pour afficher les pr\u00e9visions quotidiennes pour la semaine \u00e0 venir avec les dates\u00a0; <\/li><li>D\u00e9montrer les pr\u00e9visions horaires pour les douze heures les plus proches. <\/li><\/ul><p><a href=\"#demo\">Essayez toutes les autres fonctions de la d\u00e9mo<\/a><\/p><\/div><div class=\"application-platform-content-item-installation application-platform-content-item\" id=\"installation\" data-nav-section=\"installation\"><h2> Comment int\u00e9grer le widget M\u00e9t\u00e9o sur mon site Blogger\u00a0? <\/h2><div class=\"video-container\"><iframe width=\"720\" height=\"405\" src=\"https:\/\/www.youtube.com\/embed\/XdxdJ0iQ5h8\" frameborder=\"0\" allowfullscreen=\"\"><\/iframe><\/div><p>Pour int\u00e9grer le plugin, suivez simplement quelques \u00e9tapes rapides<\/p><ol><li><b>G\u00e9n\u00e9rez votre plugin M\u00e9t\u00e9o personnalis\u00e9<\/b><br>\u00c0 l&rsquo;aide de notre d\u00e9mo gratuite, configurez un plugin avec une apparence et des fonctionnalit\u00e9s pr\u00e9f\u00e9r\u00e9es. <\/li> <li><b>Acqu\u00e9rir le code personnel pour installer le plugin<\/b><br>Apr\u00e8s avoir cr\u00e9\u00e9 votre widget, vous recevrez votre code personnel dans la notification contextuelle sur Elfsight Apps. Copiez le code. <\/li> <li><b>Int\u00e9grez le plugin \u00e0 votre site Blogger<\/b><br>Allez \u00e0 l&rsquo;endroit o\u00f9 vous souhaitez ajouter le plugin et ins\u00e9rez-y le code enregistr\u00e9. Publiez les modifications. <\/li> <li><b>Vous avez effectu\u00e9 l&rsquo;installation avec succ\u00e8s<\/b><br>Visitez le site pour jeter un \u0153il \u00e0 votre widget. <\/li><\/ol><p>Vous \u00eates invit\u00e9s \u00e0 vous adresser \u00e0 notre service client lorsque vous avez besoin d&rsquo;aide ou que vous rencontrez des probl\u00e8mes. Nous serons heureux de r\u00e9pondre \u00e0 chaque demande. <\/p><div class=\"faq\" data-component=\"FAQ\"><div class=\"faq-item\">\r\n\t\t\t\t\t<div class=\"faq-item-question\">\r\n\t\t\t\t\t\t<h3 class=\"faq-item-question-text\">Existe-t-il une option pour ajouter M\u00e9t\u00e9o \u00e0 mon site Blogger sans aucune connaissance en codage ?<\/h3>\r\n\r\n\t\t\t\t\t\t<div class=\"faq-item-question-icon\"><\/div>\r\n\t\t\t\t\t<\/div>\r\n\r\n\t\t\t\t\t<div class=\"faq-item-answer\">\r\n\t\t\t\t\t\t<div class=\"faq-item-answer-text\"> <p>Elfsight propose une solution qui permet \u00e0 un large public d&rsquo;\u00e9tablir vous-m\u00eame un plugin M\u00e9t\u00e9o, regardez les instructions simples\u00a0: acc\u00e9dez \u00e0 l&rsquo;\u00e9diteur en direct pour cr\u00e9er une application m\u00e9t\u00e9o que vous souhaitez ajouter sur votre page d&rsquo;accueil Blogger. Cliquez sur l&rsquo;un des mod\u00e8les pr\u00e9d\u00e9finis et modifiez les param\u00e8tres m\u00e9t\u00e9o, changez la mise en page et les sch\u00e9mas de couleurs pour inclure votre contenu, sans connaissances en codage. Cliquez pour enregistrer les param\u00e8tres que vous avez d\u00e9finis dans M\u00e9t\u00e9o et copier le code d&rsquo;installation, qui peut \u00eatre inclus sur le site Web Blogger sans avoir besoin d&rsquo;acheter un abonnement payant. \u00c0 l&rsquo;aide de l&rsquo;\u00e9diteur intuitif, tout utilisateur Web peut cr\u00e9er un widget M\u00e9t\u00e9o et l&rsquo;ajouter sans effort \u00e0 sa page Web Blogger. Il n&rsquo;est pas n\u00e9cessaire de payer ou de soumettre les informations d&rsquo;identification de votre carte pour acc\u00e9der \u00e0 notre service. Si vous rencontrez des probl\u00e8mes de quelque nature que ce soit, n&rsquo;h\u00e9sitez pas \u00e0 contacter notre \u00e9quipe d&rsquo;assistance.<\/p> <\/div>\r\n\t\t\t\t\t<\/div>\r\n\t\t\t\t<\/div> <\/div><\/div>","protected":false},"excerpt":{"rendered":"","protected":false},"author":9,"featured_media":0,"parent":2497,"menu_order":0,"comment_status":"closed","ping_status":"closed","template":"templates\/template-application-platform.php","meta":{"publish_to_discourse":"","publish_post_category":"","wpdc_auto_publish_overridden":"","wpdc_topic_tags":"","wpdc_pin_topic":"","wpdc_pin_until":"","discourse_post_id":"","discourse_permalink":"","wpdc_publishing_response":"","wpdc_publishing_error":"","footnotes":""},"class_list":["post-11060","page","type-page","status-publish","hentry"],"yoast_head":"<!-- This site is optimized with the Yoast SEO plugin v25.3.1 - https:\/\/yoast.com\/wordpress\/plugins\/seo\/ -->\n<title>Widget m\u00e9t\u00e9o \u2014 Ajoutez l&#039;application M\u00e9t\u00e9o au site Web Blogger (gratuit et rapide)<\/title>\n<meta name=\"description\" content=\"Avec Elfsight, cr\u00e9ez votre plugin M\u00e9t\u00e9o et publiez-le sur votre site Blogger. Nous avons un service client gratuit et d&#039;autres bonus.\" \/>\n<meta name=\"robots\" content=\"index, follow, max-snippet:-1, max-image-preview:large, max-video-preview:-1\" \/>\n<link rel=\"canonical\" href=\"https:\/\/elfsight.com\/fr\/weather-widget\/blogger\/\" \/>\n<meta property=\"og:locale\" content=\"fr_FR\" \/>\n<meta property=\"og:type\" content=\"article\" \/>\n<meta property=\"og:title\" content=\"Widget m\u00e9t\u00e9o \u2014 Ajoutez l&#039;application M\u00e9t\u00e9o au site Web Blogger (gratuit et rapide)\" \/>\n<meta property=\"og:description\" content=\"Avec Elfsight, cr\u00e9ez votre plugin M\u00e9t\u00e9o et publiez-le sur votre site Blogger. Nous avons un service client gratuit et d&#039;autres bonus.\" \/>\n<meta property=\"og:url\" content=\"https:\/\/elfsight.com\/fr\/weather-widget\/blogger\/\" \/>\n<meta property=\"og:site_name\" content=\"Elfsight FR\" \/>\n<meta property=\"article:modified_time\" content=\"2025-07-10T14:10:37+00:00\" \/>\n<meta name=\"twitter:card\" content=\"summary_large_image\" \/>\n<meta name=\"twitter:label1\" content=\"Dur\u00e9e de lecture estim\u00e9e\" \/>\n\t<meta name=\"twitter:data1\" content=\"3 minutes\" \/>\n<!-- \/ Yoast SEO plugin. -->","yoast_head_json":{"title":"Widget m\u00e9t\u00e9o \u2014 Ajoutez l'application M\u00e9t\u00e9o au site Web Blogger (gratuit et rapide)","description":"Avec Elfsight, cr\u00e9ez votre plugin M\u00e9t\u00e9o et publiez-le sur votre site Blogger. Nous avons un service client gratuit et d'autres bonus.","robots":{"index":"index","follow":"follow","max-snippet":"max-snippet:-1","max-image-preview":"max-image-preview:large","max-video-preview":"max-video-preview:-1"},"canonical":"https:\/\/elfsight.com\/fr\/weather-widget\/blogger\/","og_locale":"fr_FR","og_type":"article","og_title":"Widget m\u00e9t\u00e9o \u2014 Ajoutez l'application M\u00e9t\u00e9o au site Web Blogger (gratuit et rapide)","og_description":"Avec Elfsight, cr\u00e9ez votre plugin M\u00e9t\u00e9o et publiez-le sur votre site Blogger. Nous avons un service client gratuit et d'autres bonus.","og_url":"https:\/\/elfsight.com\/fr\/weather-widget\/blogger\/","og_site_name":"Elfsight FR","article_modified_time":"2025-07-10T14:10:37+00:00","twitter_card":"summary_large_image","twitter_misc":{"Dur\u00e9e de lecture estim\u00e9e":"3 minutes"},"schema":{"@context":"https:\/\/schema.org","@graph":[{"@type":"WebPage","@id":"https:\/\/elfsight.com\/fr\/weather-widget\/blogger\/","url":"https:\/\/elfsight.com\/fr\/weather-widget\/blogger\/","name":"Widget m\u00e9t\u00e9o \u2014 Ajoutez l'application M\u00e9t\u00e9o au site Web Blogger (gratuit et rapide)","isPartOf":{"@id":"https:\/\/elfsight.com\/fr\/#website"},"datePublished":"1970-01-01T00:00:00+00:00","dateModified":"2025-07-10T14:10:37+00:00","description":"Avec Elfsight, cr\u00e9ez votre plugin M\u00e9t\u00e9o et publiez-le sur votre site Blogger. Nous avons un service client gratuit et d'autres bonus.","breadcrumb":{"@id":"https:\/\/elfsight.com\/fr\/weather-widget\/blogger\/#breadcrumb"},"inLanguage":"fr-FR","potentialAction":[{"@type":"ReadAction","target":["https:\/\/elfsight.com\/fr\/weather-widget\/blogger\/"]}]},{"@type":"BreadcrumbList","@id":"https:\/\/elfsight.com\/fr\/weather-widget\/blogger\/#breadcrumb","itemListElement":[{"@type":"ListItem","position":1,"name":"Home","item":"https:\/\/elfsight.com\/fr\/"},{"@type":"ListItem","position":2,"name":"Weather","item":"https:\/\/elfsight.com\/fr\/weather-widget\/"},{"@type":"ListItem","position":3,"name":"Weather &#8211; Blogger"}]},{"@type":"WebSite","@id":"https:\/\/elfsight.com\/fr\/#website","url":"https:\/\/elfsight.com\/fr\/","name":"Elfsight FR","description":"","potentialAction":[{"@type":"SearchAction","target":{"@type":"EntryPoint","urlTemplate":"https:\/\/elfsight.com\/fr\/?s={search_term_string}"},"query-input":{"@type":"PropertyValueSpecification","valueRequired":true,"valueName":"search_term_string"}}],"inLanguage":"fr-FR"}]}},"meta_box":{"industry":"","seo_heading":"","heading":"","description":"","cta_heading":"","cta_description":"","application":"2496","h1":"Widget M\u00e9t\u00e9o Blogger","h1_caption":"Affichez les informations m\u00e9t\u00e9orologiques actuelles pour n'importe quel endroit de votre site Web pour impliquer sans effort votre public local ou voyageur dans votre site Web Blogger.","application_category":[],"applications_title":"","applications_request_title":"","applications_request_button_text":"","hero_text":"","hero_video":"","hero_video_schema_markup":"","selling_points_title":"","selling_points_caption":"","selling_points":[],"selling_points_cta_text":"","features_title":"","features":"","ed_cta_examples_text":"","ed_cta_examples_hidden":"","ed_cta_demo_text":"","ed_cta_demo_hidden":"","why_caption":"","why_editor_title":"","why_editor_text":"","why_team_title":"","why_team_text":"","why_service_title":"","why_service_text":"","template_catalog_visible":"","template_catalog_title":"","template_catalog_text":"","template_catalog_categories_visible":"","demo_title":"Cr\u00e9ez votre widget M\u00e9t\u00e9o","demo_caption":"Configurez votre m\u00e9t\u00e9o et ajoutez-la gratuitement \u00e0 votre site Web Blogger\u00a0!","default_faq_hidden":"","app_template_category":[],"platform":"348","template_public_id":"","codecanyon_url":"","codecanyon_item_id":"","codecanyon_price":"","pricing_caption":"","pricing_elfsight_apps_hide_column":"","pricing_elfsight_apps_url":"","pricing_codecanyon_price_caption":"","integration_category":[],"integration_request_title":"","integration_request_cta":"","integration_platform":"","integrations":[],"platform_category":[],"video_schema_markup":"","price":"\u00e0 partir de 0$ \/ mois","trial":"","benefits":[{"text":"Service d'installation gratuit"},{"text":"Service client efficace"},{"text":"Garantie de remboursement de 14 jours"},{"text":"D\u00e9veloppement continu"}],"button_url":"","button_target_blank":"","button_nofollow":"","attributes":[{"name":"Installations","content":"10,000 - 100,000"},{"name":"Sensible","content":"Oui"},{"name":"Navigateurs compatibles","content":"Firefox, Safari, Opera, Chrome, Edge"}],"tags":[],"tags_disable_links":"","hide_more_platforms":"","video_object":"","demo_hide_cta":"","demo_hide_cloud_options":"","pricing_title":"","pricing":[{"pricing_icon":"platform","pricing_title":"Elfsight Apps","pricing_title_caption":"Version multiplateforme qui fonctionne sur n'importe quel site Web","pricing_price":"from $0 \/ month","pricing_price_caption":"commencez avec un forfait gratuit","pricing_benefits":[{"text":"Sites Web illimit\u00e9s"},{"text":"Assistance client 24h\/24 et 7j\/7"},{"text":"Aide \u00e0 l'installation gratuite"},{"text":"Enti\u00e8rement personnalisable"}],"pricing_button_text":"Ajouter au site Web","pricing_button_url":"#demo"}],"related_apps_title":"","related_apps_hidden":"","author":"","image":[],"title":"","job":"","social_networks":[]},"_links":{"self":[{"href":"https:\/\/elfsight.com\/fr\/wp-json\/wp\/v2\/pages\/11060","targetHints":{"allow":["GET"]}}],"collection":[{"href":"https:\/\/elfsight.com\/fr\/wp-json\/wp\/v2\/pages"}],"about":[{"href":"https:\/\/elfsight.com\/fr\/wp-json\/wp\/v2\/types\/page"}],"author":[{"embeddable":true,"href":"https:\/\/elfsight.com\/fr\/wp-json\/wp\/v2\/users\/9"}],"replies":[{"embeddable":true,"href":"https:\/\/elfsight.com\/fr\/wp-json\/wp\/v2\/comments?post=11060"}],"version-history":[{"count":1,"href":"https:\/\/elfsight.com\/fr\/wp-json\/wp\/v2\/pages\/11060\/revisions"}],"predecessor-version":[{"id":11064,"href":"https:\/\/elfsight.com\/fr\/wp-json\/wp\/v2\/pages\/11060\/revisions\/11064"}],"up":[{"embeddable":true,"href":"https:\/\/elfsight.com\/fr\/wp-json\/wp\/v2\/pages\/2497"}],"wp:attachment":[{"href":"https:\/\/elfsight.com\/fr\/wp-json\/wp\/v2\/media?parent=11060"}],"curies":[{"name":"wp","href":"https:\/\/api.w.org\/{rel}","templated":true}]}}