{"id":11059,"date":"1970-01-01T00:00:00","date_gmt":"1970-01-01T00:00:00","guid":{"rendered":"https:\/\/elfsight.com\/fr\/?page_id=11059"},"modified":"2025-07-10T14:10:42","modified_gmt":"2025-07-10T14:10:42","slug":"drupal","status":"publish","type":"page","link":"https:\/\/elfsight.com\/fr\/weather-widget\/drupal\/","title":{"rendered":"Weather &#8211; Drupal"},"content":{"rendered":"<div class=\"application-platform-content-item-description application-platform-content-item\" id=\"description\" data-nav-section=\"description\"><h2>Description<\/h2><p>Le widget Elfsight Weather est un plugin de site Web rapide et r\u00e9glable permettant d&rsquo;afficher les informations m\u00e9t\u00e9orologiques fra\u00eeches pour tout point requis sur la carte. Ins\u00e9rez un quartier en utilisant le nom, le code postal ou les coordonn\u00e9es. Le public du site Web peut d\u00e9sormais consulter les derni\u00e8res informations sur la temp\u00e9rature, la pression, le pourcentage d&rsquo;humidit\u00e9 et la m\u00e9t\u00e9o active. Notre widget comprend une fonctionnalit\u00e9 permettant d&rsquo;afficher des pr\u00e9visions horaires ou quotidiennes. Vous pouvez personnaliser l&rsquo;interface en utilisant un arri\u00e8re-plan sur le th\u00e8me de la m\u00e9t\u00e9o et la fonctionnalit\u00e9 permettant de choisir vos propres couleurs. <\/p><p><b>Am\u00e9liorez l&rsquo;exp\u00e9rience utilisateur avec un widget m\u00e9t\u00e9o informatif sur votre site Web. <\/b><\/p><\/div><div class=\"faq\" data-component=\"FAQ\"><div class=\"faq-item\">\r\n\t\t\t\t\t<div class=\"faq-item-question\">\r\n\t\t\t\t\t\t<h3 class=\"faq-item-question-text\">Comment ajouter le widget M\u00e9t\u00e9o \u00e0 une page Drupal ?<\/h3>\r\n\r\n\t\t\t\t\t\t<div class=\"faq-item-question-icon\"><\/div>\r\n\t\t\t\t\t<\/div>\r\n\r\n\t\t\t\t\t<div class=\"faq-item-answer\">\r\n\t\t\t\t\t\t<div class=\"faq-item-answer-text\"><p>Le processus prendra plusieurs minutes et ne n\u00e9cessitera jamais aucune comp\u00e9tence en programmation. Tout d&rsquo;abord, vous devez personnaliser votre module m\u00e9t\u00e9o\u00a0: \u00e9teindre ou activer la temp\u00e9rature, choisir un emplacement personnalis\u00e9, int\u00e9grer le code postal d&rsquo;une ville et obtenir la m\u00e9t\u00e9o locale en direct. Copiez le code d&rsquo;installation dans la fen\u00eatre contextuelle, collez-le \u00e0 l&rsquo;endroit requis de votre page Web, et le tour est jou\u00e9\u00a0! &#8211; vous obtiendrez votre module m\u00e9t\u00e9o en direct sur Drupal.<\/p><p>Vous souhaitez en savoir plus sur l&rsquo;installation sur d&rsquo;autres plateformes ? Vous \u00eates invit\u00e9s \u00e0 le faire <a href=\"https:\/\/elfsight.com\/tutorials\/how-to-add-weather-widget\/#how-to-add-weather-to-drupal\">sur cette page<\/a>.<\/p><\/div>\r\n\t\t\t\t\t<\/div>\r\n\t\t\t\t<\/div><div class=\"faq-item\">\r\n\t\t\t\t\t<div class=\"faq-item-question\">\r\n\t\t\t\t\t\t<h3 class=\"faq-item-question-text\">Ai-je la possibilit\u00e9 de voir \u00e0 quoi ressemblera le widget sur un site ?<\/h3>\r\n\r\n\t\t\t\t\t\t<div class=\"faq-item-question-icon\"><\/div>\r\n\t\t\t\t\t<\/div>\r\n\r\n\t\t\t\t\t<div class=\"faq-item-answer\">\r\n\t\t\t\t\t\t<div class=\"faq-item-answer-text\"><p>Certainement\u00a0! Dans le processus de d\u00e9veloppement du plugin m\u00e9t\u00e9o Drupal <a href=\"https:\/\/elfsight.com\/weather-widget\/#demo\">dans l&rsquo;\u00e9diteur en ligne gratuit<\/a>, vous verrez tous les changements sur la droite. Votre widget m\u00e9t\u00e9o aura exactement le m\u00eame aspect que celui que vous aurez sur un site Drupal. <\/p><\/div>\r\n\t\t\t\t\t<\/div>\r\n\t\t\t\t<\/div><div class=\"faq-item\">\r\n\t\t\t\t\t<div class=\"faq-item-question\">\r\n\t\t\t\t\t\t<h3 class=\"faq-item-question-text\">Quels autres widgets sont essentiels pour un site Web Drupal ?<\/h3>\r\n\r\n\t\t\t\t\t\t<div class=\"faq-item-question-icon\"><\/div>\r\n\t\t\t\t\t<\/div>\r\n\r\n\t\t\t\t\t<div class=\"faq-item-answer\">\r\n\t\t\t\t\t\t<div class=\"faq-item-answer-text\"><p>Vous pouvez obtenir des tonnes d&rsquo;outils utiles pour Drupal dans Elfsight. Par exemple, vous pouvez obtenir un <a href=\"https:\/\/elfsight.com\/whatsapp-chat-widget\/drupal\/\">WhatsApp Chat<\/a>, un <a href=\"https:\/\/elfsight.com \/online-form-builder\/drupal\/\">Form Builder<\/a>, un <a href=\"https:\/\/elfsight.com\/pdf-embed-widget\/drupal\/\">PDF Embed<\/a> et <a href=\"https:\/\/elfsight.com\/instagram-feed-instashow\/drupal\/\">Flux Instagram<\/a>. De plus, vous pouvez obtenir un <a href=\"https:\/\/elfsight.com\/event-calendar-widget\/drupal\/\">Calendrier des \u00e9v\u00e9nements<\/a> pour partager ce qui se passe dans votre entreprise sous la forme d&rsquo;un calendrier. .<\/p><\/div>\r\n\t\t\t\t\t<\/div>\r\n\t\t\t\t<\/div><\/div><div class=\"application-platform-content-item-features application-platform-content-item\" id=\"features\" data-nav-section=\"features\"><p>Voici une liste de toutes les fonctions du widget M\u00e9t\u00e9o. Ils sont disponibles directement dans l&rsquo;\u00e9diteur et vous aideront \u00e0 fa\u00e7onner le widget exactement pour votre cas d&rsquo;utilisation. <\/p><ul><li>3 mani\u00e8res d&rsquo;ajouter le lieu : le nom, le code postal ou les coordonn\u00e9es ; <\/li><li>Plus de 30\u00a0langues prises en charge pour afficher les informations m\u00e9t\u00e9orologiques dans la langue parl\u00e9e par votre public\u00a0; <\/li><li>Cinq variantes de configuration du widget pour divers cas d&rsquo;utilisation\u00a0; <\/li><li>La capacit\u00e9 de d\u00e9montrer les pr\u00e9visions quotidiennes pour la semaine \u00e0 venir avec des dates\u00a0; <\/li><li>Afficher la m\u00e9t\u00e9o heure par heure pour les 12 prochaines heures. <\/li><\/ul><p><a href=\"#demo\">Vous pouvez tester toutes les caract\u00e9ristiques fonctionnelles du widget directement dans la d\u00e9mo<\/a><\/p><\/div><div class=\"application-platform-content-item-installation application-platform-content-item\" id=\"installation\" data-nav-section=\"installation\"><h2>Comment ajouter le module M\u00e9t\u00e9o au site Drupal ? <\/h2><p>Suivez simplement plusieurs \u00e9tapes d\u00e9crites ci-dessous pour int\u00e9grer l&rsquo;outil sur Drupal.<\/p> <ol><li><b>Ex\u00e9cutez notre configurateur gratuit et commencez \u00e0 cr\u00e9er votre module M\u00e9t\u00e9o unique. <\/b><br> Sp\u00e9cifiez la forme et les sp\u00e9cifications pr\u00e9f\u00e9rables du module et enregistrez les modifications. <\/li> <li><b>Acqu\u00e9rir le code unique qui appara\u00eet dans la case sur Elfsight Apps. <\/b><br> Une fois la g\u00e9n\u00e9ration de votre module termin\u00e9e, copiez le code exclusif dans la popup apparue et conservez-le pour une utilisation ult\u00e9rieure. <\/li> <li><b>Entrez sur l&rsquo;utilisation de l&rsquo;outil sur le site Web Drupal. <\/b><br> Placez le code copi\u00e9 r\u00e9cemment dans votre site Web et enregistrez les am\u00e9liorations. <\/li> <li><b>Vous avez termin\u00e9\u00a0! L&rsquo;int\u00e9gration est r\u00e9alis\u00e9e avec succ\u00e8s. <\/b><br> Acc\u00e9dez \u00e0 votre page pour observer le fonctionnement de l&rsquo;outil. <\/li><\/ol><p>N&rsquo;h\u00e9sitez pas \u00e0 contacter le support client d&rsquo;Elfsight si vous avez besoin d&rsquo;aide ou si vous avez des questions. Nos sp\u00e9cialistes vous donneront un coup de main pour chaque demande. <\/p><\/div>","protected":false},"excerpt":{"rendered":"","protected":false},"author":9,"featured_media":0,"parent":2497,"menu_order":0,"comment_status":"closed","ping_status":"closed","template":"templates\/template-application-platform.php","meta":{"publish_to_discourse":"","publish_post_category":"","wpdc_auto_publish_overridden":"","wpdc_topic_tags":"","wpdc_pin_topic":"","wpdc_pin_until":"","discourse_post_id":"","discourse_permalink":"","wpdc_publishing_response":"","wpdc_publishing_error":"","footnotes":""},"class_list":["post-11059","page","type-page","status-publish","hentry"],"yoast_head":"<!-- This site is optimized with the Yoast SEO plugin v25.3.1 - https:\/\/yoast.com\/wordpress\/plugins\/seo\/ -->\n<title>Widget m\u00e9t\u00e9o \u2014 Ajoutez l&#039;application M\u00e9t\u00e9o au site Web Drupal (gratuit et rapide)<\/title>\n<meta name=\"description\" content=\"Cr\u00e9ez et ajoutez une application m\u00e9t\u00e9o r\u00e9active sur votre site Drupal. Le support client Elfsight est gratuit et rapide.\" \/>\n<meta name=\"robots\" content=\"index, follow, max-snippet:-1, max-image-preview:large, max-video-preview:-1\" \/>\n<link rel=\"canonical\" href=\"https:\/\/elfsight.com\/fr\/weather-widget\/drupal\/\" \/>\n<meta property=\"og:locale\" content=\"fr_FR\" \/>\n<meta property=\"og:type\" content=\"article\" \/>\n<meta property=\"og:title\" content=\"Widget m\u00e9t\u00e9o \u2014 Ajoutez l&#039;application M\u00e9t\u00e9o au site Web Drupal (gratuit et rapide)\" \/>\n<meta property=\"og:description\" content=\"Cr\u00e9ez et ajoutez une application m\u00e9t\u00e9o r\u00e9active sur votre site Drupal. Le support client Elfsight est gratuit et rapide.\" \/>\n<meta property=\"og:url\" content=\"https:\/\/elfsight.com\/fr\/weather-widget\/drupal\/\" \/>\n<meta property=\"og:site_name\" content=\"Elfsight FR\" \/>\n<meta property=\"article:modified_time\" content=\"2025-07-10T14:10:42+00:00\" \/>\n<meta name=\"twitter:card\" content=\"summary_large_image\" \/>\n<meta name=\"twitter:label1\" content=\"Dur\u00e9e de lecture estim\u00e9e\" \/>\n\t<meta name=\"twitter:data1\" content=\"4 minutes\" \/>\n<!-- \/ Yoast SEO plugin. -->","yoast_head_json":{"title":"Widget m\u00e9t\u00e9o \u2014 Ajoutez l'application M\u00e9t\u00e9o au site Web Drupal (gratuit et rapide)","description":"Cr\u00e9ez et ajoutez une application m\u00e9t\u00e9o r\u00e9active sur votre site Drupal. Le support client Elfsight est gratuit et rapide.","robots":{"index":"index","follow":"follow","max-snippet":"max-snippet:-1","max-image-preview":"max-image-preview:large","max-video-preview":"max-video-preview:-1"},"canonical":"https:\/\/elfsight.com\/fr\/weather-widget\/drupal\/","og_locale":"fr_FR","og_type":"article","og_title":"Widget m\u00e9t\u00e9o \u2014 Ajoutez l'application M\u00e9t\u00e9o au site Web Drupal (gratuit et rapide)","og_description":"Cr\u00e9ez et ajoutez une application m\u00e9t\u00e9o r\u00e9active sur votre site Drupal. Le support client Elfsight est gratuit et rapide.","og_url":"https:\/\/elfsight.com\/fr\/weather-widget\/drupal\/","og_site_name":"Elfsight FR","article_modified_time":"2025-07-10T14:10:42+00:00","twitter_card":"summary_large_image","twitter_misc":{"Dur\u00e9e de lecture estim\u00e9e":"4 minutes"},"schema":{"@context":"https:\/\/schema.org","@graph":[{"@type":"WebPage","@id":"https:\/\/elfsight.com\/fr\/weather-widget\/drupal\/","url":"https:\/\/elfsight.com\/fr\/weather-widget\/drupal\/","name":"Widget m\u00e9t\u00e9o \u2014 Ajoutez l'application M\u00e9t\u00e9o au site Web Drupal (gratuit et rapide)","isPartOf":{"@id":"https:\/\/elfsight.com\/fr\/#website"},"datePublished":"1970-01-01T00:00:00+00:00","dateModified":"2025-07-10T14:10:42+00:00","description":"Cr\u00e9ez et ajoutez une application m\u00e9t\u00e9o r\u00e9active sur votre site Drupal. Le support client Elfsight est gratuit et rapide.","breadcrumb":{"@id":"https:\/\/elfsight.com\/fr\/weather-widget\/drupal\/#breadcrumb"},"inLanguage":"fr-FR","potentialAction":[{"@type":"ReadAction","target":["https:\/\/elfsight.com\/fr\/weather-widget\/drupal\/"]}]},{"@type":"BreadcrumbList","@id":"https:\/\/elfsight.com\/fr\/weather-widget\/drupal\/#breadcrumb","itemListElement":[{"@type":"ListItem","position":1,"name":"Home","item":"https:\/\/elfsight.com\/fr\/"},{"@type":"ListItem","position":2,"name":"Weather","item":"https:\/\/elfsight.com\/fr\/weather-widget\/"},{"@type":"ListItem","position":3,"name":"Weather &#8211; Drupal"}]},{"@type":"WebSite","@id":"https:\/\/elfsight.com\/fr\/#website","url":"https:\/\/elfsight.com\/fr\/","name":"Elfsight FR","description":"","potentialAction":[{"@type":"SearchAction","target":{"@type":"EntryPoint","urlTemplate":"https:\/\/elfsight.com\/fr\/?s={search_term_string}"},"query-input":{"@type":"PropertyValueSpecification","valueRequired":true,"valueName":"search_term_string"}}],"inLanguage":"fr-FR"}]}},"meta_box":{"industry":"","seo_heading":"","heading":"","description":"","cta_heading":"","cta_description":"","application":"2496","h1":"Module M\u00e9t\u00e9o Drupal","h1_caption":"Affichez les informations m\u00e9t\u00e9orologiques actuelles pour n'importe quel endroit de votre site Web pour impliquer sans effort votre public local ou voyageur dans votre site Web Drupal.","application_category":[],"applications_title":"","applications_request_title":"","applications_request_button_text":"","hero_text":"","hero_video":"","hero_video_schema_markup":"","selling_points_title":"","selling_points_caption":"","selling_points":[],"selling_points_cta_text":"","features_title":"","features":"","ed_cta_examples_text":"","ed_cta_examples_hidden":"","ed_cta_demo_text":"","ed_cta_demo_hidden":"","why_caption":"","why_editor_title":"","why_editor_text":"","why_team_title":"","why_team_text":"","why_service_title":"","why_service_text":"","template_catalog_visible":"","template_catalog_title":"","template_catalog_text":"","template_catalog_categories_visible":"","demo_title":"Cr\u00e9ez votre module M\u00e9t\u00e9o","demo_caption":"Configurez votre M\u00e9t\u00e9o et ajoutez-la gratuitement \u00e0 votre site Drupal !","default_faq_hidden":"","app_template_category":[],"platform":"351","template_public_id":"","codecanyon_url":"","codecanyon_item_id":"","codecanyon_price":"","pricing_caption":"","pricing_elfsight_apps_hide_column":"","pricing_elfsight_apps_url":"","pricing_codecanyon_price_caption":"","integration_category":[],"integration_request_title":"","integration_request_cta":"","integration_platform":"","integrations":[],"platform_category":[],"video_schema_markup":"","price":"\u00e0 partir de 0$ \/ mois","trial":"","benefits":[{"text":"Aide \u00e0 l'installation gratuite"},{"text":"Service client professionnel"},{"text":"Garantie de remboursement de 14 jours"},{"text":"D\u00e9veloppement continu"}],"button_url":"","button_target_blank":"","button_nofollow":"","attributes":[{"name":"Installations","content":"10,000 - 100,000"},{"name":"Sensible","content":"Oui"},{"name":"Navigateurs compatibles","content":"Firefox, Safari, Opera, Chrome, Edge"}],"tags":[],"tags_disable_links":"","hide_more_platforms":"","video_object":"","demo_hide_cta":"","demo_hide_cloud_options":"","pricing_title":"","pricing":[{"pricing_icon":"platform","pricing_title":"Elfsight Apps","pricing_title_caption":"Solution ind\u00e9pendante de la plateforme","pricing_price":"from $0 \/ month","pricing_price_caption":"commencez avec un forfait gratuit","pricing_benefits":[{"text":"Domaines illimit\u00e9s"},{"text":"Assistance rapide de l'entreprise"},{"text":"Assistance \u00e0 l'installation gratuite"},{"text":"Tr\u00e8s bonne affaire pour plusieurs applications"}],"pricing_button_text":"Ajouter au site Web","pricing_button_url":"#demo"}],"related_apps_title":"","related_apps_hidden":"","author":"","image":[],"title":"","job":"","social_networks":[]},"_links":{"self":[{"href":"https:\/\/elfsight.com\/fr\/wp-json\/wp\/v2\/pages\/11059","targetHints":{"allow":["GET"]}}],"collection":[{"href":"https:\/\/elfsight.com\/fr\/wp-json\/wp\/v2\/pages"}],"about":[{"href":"https:\/\/elfsight.com\/fr\/wp-json\/wp\/v2\/types\/page"}],"author":[{"embeddable":true,"href":"https:\/\/elfsight.com\/fr\/wp-json\/wp\/v2\/users\/9"}],"replies":[{"embeddable":true,"href":"https:\/\/elfsight.com\/fr\/wp-json\/wp\/v2\/comments?post=11059"}],"version-history":[{"count":1,"href":"https:\/\/elfsight.com\/fr\/wp-json\/wp\/v2\/pages\/11059\/revisions"}],"predecessor-version":[{"id":11063,"href":"https:\/\/elfsight.com\/fr\/wp-json\/wp\/v2\/pages\/11059\/revisions\/11063"}],"up":[{"embeddable":true,"href":"https:\/\/elfsight.com\/fr\/wp-json\/wp\/v2\/pages\/2497"}],"wp:attachment":[{"href":"https:\/\/elfsight.com\/fr\/wp-json\/wp\/v2\/media?parent=11059"}],"curies":[{"name":"wp","href":"https:\/\/api.w.org\/{rel}","templated":true}]}}