{"id":11053,"date":"1970-01-01T00:00:00","date_gmt":"1970-01-01T00:00:00","guid":{"rendered":"https:\/\/elfsight.com\/fr\/?page_id=11053"},"modified":"2025-01-10T13:57:40","modified_gmt":"2025-01-10T13:57:40","slug":"joomla","status":"publish","type":"page","link":"https:\/\/elfsight.com\/fr\/weather-widget\/joomla\/","title":{"rendered":"Weather &#8211; Joomla"},"content":{"rendered":"\n<div class=\"application-platform-content-item-description application-platform-content-item\" id=\"description\" data-nav-section=\"description\">\n  <h2>Description<\/h2>\n  <p>Le widget M\u00e9t\u00e9o Elfsight est un outil simple et hautement personnalisable permettant d&rsquo;afficher les derni\u00e8res pr\u00e9visions m\u00e9t\u00e9orologiques pour un emplacement choisi sur votre site Web. Il vous suffit d&rsquo;entrer un lieu via son nom, son code postal ou ses coordonn\u00e9es g\u00e9ographiques. Vos visiteurs pourront alors consulter les informations actualis\u00e9es sur la temp\u00e9rature, la pression atmosph\u00e9rique, l&rsquo;humidit\u00e9, ainsi que les conditions climatiques. Vous avez aussi la possibilit\u00e9 d&rsquo;afficher les pr\u00e9visions horaires ou quotidiennes. Personnalisez l&rsquo;interface en ajoutant des images d&rsquo;arri\u00e8re-plan sur le th\u00e8me de la m\u00e9t\u00e9o et en modifiant les couleurs d&rsquo;arri\u00e8re-plan selon vos pr\u00e9f\u00e9rences.<\/p>\n  <p><b>Offrez une meilleure exp\u00e9rience client en ajoutant un widget m\u00e9t\u00e9o informatif sur votre site.<\/b><\/p>\n<\/div>\n\n<div class=\"faq\" data-component=\"FAQ\">\n  <div class=\"faq-item\">\r\n\t\t\t\t\t<div class=\"faq-item-question\">\r\n\t\t\t\t\t\t<h3 class=\"faq-item-question-text\">Quels autres modules sont indispensables pour un site Joomla ?<\/h3>\r\n\r\n\t\t\t\t\t\t<div class=\"faq-item-question-icon\"><\/div>\r\n\t\t\t\t\t<\/div>\r\n\r\n\t\t\t\t\t<div class=\"faq-item-answer\">\r\n\t\t\t\t\t\t<div class=\"faq-item-answer-text\">\n    <p>Vous pouvez trouver tout type de plugin sur Elfsight, allant des discussions aux galeries et critiques. Par exemple, vous pouvez ajouter un <a href=\"https:\/\/elfsight.com\/all-in-one-chat-widget\/joomla\/\">Chat tout-en-un<\/a> ou <a href=\"https:\/\/elfsight.com\/whatsapp-chat-widget\/joomla\/\">WhatsApp Chat<\/a> pour communiquer facilement avec les utilisateurs, <a href=\"https:\/\/elfsight.com\/pdf-embed-widget\/joomla\/\">PDF Embed<\/a> pour pr\u00e9senter des documents officiels ou des menus de restaurant, ou encore un <a href=\"https:\/\/elfsight.com\/instagram-feed-instashow\/joomla\/\">Flux Instagram<\/a> pour partager vos superbes photos Instagram directement sur le site Web.<\/p>\n    <p>Quoi qu&rsquo;il en soit, n&rsquo;oubliez pas que vous pouvez choisir l&rsquo;outil qui correspond \u00e0 vos besoins et am\u00e9liorer votre site Web en quelques secondes seulement !<\/p>\n  <\/div>\r\n\t\t\t\t\t<\/div>\r\n\t\t\t\t<\/div>\n  \n  <div class=\"faq-item\">\r\n\t\t\t\t\t<div class=\"faq-item-question\">\r\n\t\t\t\t\t\t<h3 class=\"faq-item-question-text\">Comment ajouter l'extension M\u00e9t\u00e9o \u00e0 un site Joomla ?<\/h3>\r\n\r\n\t\t\t\t\t\t<div class=\"faq-item-question-icon\"><\/div>\r\n\t\t\t\t\t<\/div>\r\n\r\n\t\t\t\t\t<div class=\"faq-item-answer\">\r\n\t\t\t\t\t\t<div class=\"faq-item-answer-text\">\n    <p>L&rsquo;installation ne prendra qu&rsquo;une minute ! Personnalisez le widget m\u00e9t\u00e9o pour votre site Joomla dans le configurateur gratuit, entrez un code postal ou le nom d&rsquo;une ville pour afficher les pr\u00e9visions locales, et affichez les informations sur la temp\u00e9rature, la pression, le vent et l&rsquo;humidit\u00e9.<\/p>\n    <p>Copiez votre code d&rsquo;installation et collez-le \u00e0 l&rsquo;endroit n\u00e9cessaire dans le backend du site Joomla. <b>Et voil\u00e0 ! L&rsquo;installation du widget m\u00e9t\u00e9o sur Joomla est termin\u00e9e !<\/b> Vous pouvez consulter un guide complet pour l&rsquo;int\u00e9gration de l&rsquo;extension m\u00e9t\u00e9o Joomla sur cette <a href=\"https:\/\/elfsight.com\/tutorials\/how-to-add-weather-widget\/#how-to-add-weather-to-joomla\">page<\/a>.<\/p>\n  <\/div>\r\n\t\t\t\t\t<\/div>\r\n\t\t\t\t<\/div>\n  \n  <div class=\"faq-item\">\r\n\t\t\t\t\t<div class=\"faq-item-question\">\r\n\t\t\t\t\t\t<h3 class=\"faq-item-question-text\">Puis-je voir \u00e0 quoi ressemblera le widget sur un site ?<\/h3>\r\n\r\n\t\t\t\t\t\t<div class=\"faq-item-question-icon\"><\/div>\r\n\t\t\t\t\t<\/div>\r\n\r\n\t\t\t\t\t<div class=\"faq-item-answer\">\r\n\t\t\t\t\t\t<div class=\"faq-item-answer-text\">\n    <p>Oui, bien s\u00fbr ! Pendant le processus de cr\u00e9ation de l&rsquo;extension m\u00e9t\u00e9o Joomla, <a href=\"https:\/\/elfsight.com\/weather-widget\/#demo\">dans le g\u00e9n\u00e9rateur de widgets en ligne gratuit<\/a>, vous pourrez voir \u00e0 quoi ressemblera le widget sur votre site. Les pr\u00e9visions m\u00e9t\u00e9orologiques que vous ajouterez seront identiques \u00e0 celles affich\u00e9es sur votre site Web Joomla.<\/p>\n  <\/div>\r\n\t\t\t\t\t<\/div>\r\n\t\t\t\t<\/div>\n<\/div>\n\n<div class=\"application-platform-content-item-features application-platform-content-item\" id=\"features\" data-nav-section=\"features\">\n  <h2>Fonctionnalit\u00e9s du widget M\u00e9t\u00e9o<\/h2>\n  <p>Voici une liste des principales fonctionnalit\u00e9s du widget M\u00e9t\u00e9o. Vous pouvez les configurer directement dans l&rsquo;\u00e9diteur, ce qui vous permettra de cr\u00e9er le widget le plus adapt\u00e9 \u00e0 vos besoins.<\/p>\n  <ul>\n    <li>Trois m\u00e9thodes pour ajouter un lieu : par le nom, le code postal ou les coordonn\u00e9es g\u00e9ographiques.<\/li>\n    <li>Plus de 30 langues disponibles pour afficher les informations m\u00e9t\u00e9orologiques dans la langue de votre public.<\/li>\n    <li>Cinq types de configuration de widget pour diff\u00e9rents cas d&rsquo;utilisation.<\/li>\n    <li>Option d&rsquo;affichage des pr\u00e9visions quotidiennes pour la semaine \u00e0 venir, avec les dates.<\/li>\n    <li>Affichage des pr\u00e9visions m\u00e9t\u00e9orologiques horaires pour les 12 prochaines heures.<\/li>\n  <\/ul>\n  <p><a href=\"#demo\">Testez toutes les fonctionnalit\u00e9s du widget dans notre d\u00e9mo en ligne<\/a><\/p>\n<\/div>\n\n<div class=\"application-platform-content-item-installation application-platform-content-item\" id=\"installation\" data-nav-section=\"installation\"><\/div>\n  <h2>Comment int\u00e9grer le widget M\u00e9t\u00e9o sur mon site Joomla ?<\/h2>\n  <p>Suivez ces \u00e9tapes simples pour commencer \u00e0 utiliser l&rsquo;outil sur Joomla :<\/p>\n  <ol>\n    <li><b>Utilisez notre configurateur gratuit et commencez \u00e0 personnaliser votre widget.<\/b><br> Choisissez l&rsquo;apparence et les fonctionnalit\u00e9s que vous pr\u00e9f\u00e9rez, puis appliquez les modifications.<\/li>\n    <li><b>Obtenez votre code unique dans la fen\u00eatre Elfsight Apps.<\/b><br> Une fois la configuration termin\u00e9e, copiez votre code d&rsquo;int\u00e9gration et enregistrez-le pour une utilisation future.<\/li>\n    <li><b>Ajoutez le code \u00e0 votre site Joomla.<\/b><br> Collez le code que vous avez copi\u00e9 dans l&rsquo;endroit souhait\u00e9 sur votre site et appliquez les modifications.<\/li>\n    <li><b>F\u00e9licitations ! L&rsquo;int\u00e9gration est termin\u00e9e avec succ\u00e8s.<\/b><br> Visitez votre site pour v\u00e9rifier que le widget fonctionne correctement.<\/li>\n  <\/ol>\n  <p>Si vous avez des questions ou des probl\u00e8mes, n&rsquo;h\u00e9sitez pas \u00e0 contacter notre service client. Nous serons heureux de vous aider avec toute demande.<\/p>\n\n\n","protected":false},"excerpt":{"rendered":"Comment int\u00e9grer le widget M\u00e9t\u00e9o sur mon site Joomla ? Suivez ces \u00e9tapes simples pour commencer \u00e0 utiliser l&rsquo;outil sur Joomla : Utilisez notre configurateur gratuit et commencez \u00e0 personnaliser votre widget. Choisissez l&rsquo;apparence et les fonctionnalit\u00e9s que vous pr\u00e9f\u00e9rez, puis appliquez les modifications. Obtenez votre code unique dans la&#8230;","protected":false},"author":9,"featured_media":0,"parent":2497,"menu_order":0,"comment_status":"closed","ping_status":"closed","template":"templates\/template-application-platform.php","meta":{"publish_to_discourse":"","publish_post_category":"","wpdc_auto_publish_overridden":"","wpdc_topic_tags":"","wpdc_pin_topic":"","wpdc_pin_until":"","discourse_post_id":"","discourse_permalink":"","wpdc_publishing_response":"","wpdc_publishing_error":"","footnotes":""},"class_list":["post-11053","page","type-page","status-publish","hentry"],"yoast_head":"<!-- This site is optimized with the Yoast SEO plugin v25.3.1 - https:\/\/yoast.com\/wordpress\/plugins\/seo\/ -->\n<title>Widget m\u00e9t\u00e9o \u2014 Ajoutez un module M\u00e9t\u00e9o au site Web Joomla (gratuit et rapide)<\/title>\n<meta name=\"description\" content=\"Cr\u00e9ez une extension M\u00e9t\u00e9o et publiez-la sur votre site Joomla avec Elfsight. Nous disposons d&#039;un support client gratuit et de plus de bonus.\" \/>\n<meta name=\"robots\" content=\"index, follow, max-snippet:-1, max-image-preview:large, max-video-preview:-1\" \/>\n<link rel=\"canonical\" href=\"https:\/\/elfsight.com\/fr\/weather-widget\/joomla\/\" \/>\n<meta property=\"og:locale\" content=\"fr_FR\" \/>\n<meta property=\"og:type\" content=\"article\" \/>\n<meta property=\"og:title\" content=\"Widget m\u00e9t\u00e9o \u2014 Ajoutez un module M\u00e9t\u00e9o au site Web Joomla (gratuit et rapide)\" \/>\n<meta property=\"og:description\" content=\"Cr\u00e9ez une extension M\u00e9t\u00e9o et publiez-la sur votre site Joomla avec Elfsight. Nous disposons d&#039;un support client gratuit et de plus de bonus.\" \/>\n<meta property=\"og:url\" content=\"https:\/\/elfsight.com\/fr\/weather-widget\/joomla\/\" \/>\n<meta property=\"og:site_name\" content=\"Elfsight FR\" \/>\n<meta property=\"article:modified_time\" content=\"2025-01-10T13:57:40+00:00\" \/>\n<meta name=\"twitter:card\" content=\"summary_large_image\" \/>\n<meta name=\"twitter:label1\" content=\"Dur\u00e9e de lecture estim\u00e9e\" \/>\n\t<meta name=\"twitter:data1\" content=\"4 minutes\" \/>\n<!-- \/ Yoast SEO plugin. -->","yoast_head_json":{"title":"Widget m\u00e9t\u00e9o \u2014 Ajoutez un module M\u00e9t\u00e9o au site Web Joomla (gratuit et rapide)","description":"Cr\u00e9ez une extension M\u00e9t\u00e9o et publiez-la sur votre site Joomla avec Elfsight. Nous disposons d'un support client gratuit et de plus de bonus.","robots":{"index":"index","follow":"follow","max-snippet":"max-snippet:-1","max-image-preview":"max-image-preview:large","max-video-preview":"max-video-preview:-1"},"canonical":"https:\/\/elfsight.com\/fr\/weather-widget\/joomla\/","og_locale":"fr_FR","og_type":"article","og_title":"Widget m\u00e9t\u00e9o \u2014 Ajoutez un module M\u00e9t\u00e9o au site Web Joomla (gratuit et rapide)","og_description":"Cr\u00e9ez une extension M\u00e9t\u00e9o et publiez-la sur votre site Joomla avec Elfsight. Nous disposons d'un support client gratuit et de plus de bonus.","og_url":"https:\/\/elfsight.com\/fr\/weather-widget\/joomla\/","og_site_name":"Elfsight FR","article_modified_time":"2025-01-10T13:57:40+00:00","twitter_card":"summary_large_image","twitter_misc":{"Dur\u00e9e de lecture estim\u00e9e":"4 minutes"},"schema":{"@context":"https:\/\/schema.org","@graph":[{"@type":"WebPage","@id":"https:\/\/elfsight.com\/fr\/weather-widget\/joomla\/","url":"https:\/\/elfsight.com\/fr\/weather-widget\/joomla\/","name":"Widget m\u00e9t\u00e9o \u2014 Ajoutez un module M\u00e9t\u00e9o au site Web Joomla (gratuit et rapide)","isPartOf":{"@id":"https:\/\/elfsight.com\/fr\/#website"},"datePublished":"1970-01-01T00:00:00+00:00","dateModified":"2025-01-10T13:57:40+00:00","description":"Cr\u00e9ez une extension M\u00e9t\u00e9o et publiez-la sur votre site Joomla avec Elfsight. Nous disposons d'un support client gratuit et de plus de bonus.","breadcrumb":{"@id":"https:\/\/elfsight.com\/fr\/weather-widget\/joomla\/#breadcrumb"},"inLanguage":"fr-FR","potentialAction":[{"@type":"ReadAction","target":["https:\/\/elfsight.com\/fr\/weather-widget\/joomla\/"]}]},{"@type":"BreadcrumbList","@id":"https:\/\/elfsight.com\/fr\/weather-widget\/joomla\/#breadcrumb","itemListElement":[{"@type":"ListItem","position":1,"name":"Home","item":"https:\/\/elfsight.com\/fr\/"},{"@type":"ListItem","position":2,"name":"Weather","item":"https:\/\/elfsight.com\/fr\/weather-widget\/"},{"@type":"ListItem","position":3,"name":"Weather &#8211; Joomla"}]},{"@type":"WebSite","@id":"https:\/\/elfsight.com\/fr\/#website","url":"https:\/\/elfsight.com\/fr\/","name":"Elfsight FR","description":"","potentialAction":[{"@type":"SearchAction","target":{"@type":"EntryPoint","urlTemplate":"https:\/\/elfsight.com\/fr\/?s={search_term_string}"},"query-input":{"@type":"PropertyValueSpecification","valueRequired":true,"valueName":"search_term_string"}}],"inLanguage":"fr-FR"}]}},"meta_box":{"industry":"","seo_heading":"","heading":"","description":"","cta_heading":"","cta_description":"","application":"2496","h1":"Widget M\u00e9t\u00e9o Joomla","h1_caption":"Affichez les informations m\u00e9t\u00e9orologiques actuelles pour n'importe quel endroit de votre site Web afin d'impliquer sans effort votre public local ou voyageur dans votre site Web Joomla.","application_category":[],"applications_title":"","applications_request_title":"","applications_request_button_text":"","hero_text":"","hero_video":"","hero_video_schema_markup":"","selling_points_title":"","selling_points_caption":"","selling_points":[],"selling_points_cta_text":"","features_title":"","features":"","ed_cta_examples_text":"","ed_cta_examples_hidden":"","ed_cta_demo_text":"","ed_cta_demo_hidden":"","why_caption":"","why_editor_title":"","why_editor_text":"","why_team_title":"","why_team_text":"","why_service_title":"","why_service_text":"","template_catalog_visible":"0","template_catalog_title":"","template_catalog_text":"","template_catalog_categories_visible":"","demo_title":"Cr\u00e9ez votre plugin M\u00e9t\u00e9o","demo_caption":"Configurez votre M\u00e9t\u00e9o et ajoutez-la \u00e0 votre site Joomla gratuitement !","default_faq_hidden":"","app_template_category":[],"platform":"354","template_public_id":"","codecanyon_url":"","codecanyon_item_id":"","codecanyon_price":"","pricing_caption":"","pricing_elfsight_apps_hide_column":"","pricing_elfsight_apps_url":"","pricing_codecanyon_price_caption":"","integration_category":[],"integration_request_title":"","integration_request_cta":"","integration_platform":"","integrations":[],"platform_category":[],"video_schema_markup":"","price":"\u00e0 partir de 0$ \/ mois","trial":"","benefits":[{"text":"Assistance \u00e0 l'installation gratuite"},{"text":"Assistance premium"},{"text":"Garantie de remboursement de 14 jours"},{"text":"Am\u00e9liorations gratuites \u00e0 vie"}],"button_url":"","button_target_blank":"0","button_nofollow":"0","attributes":[{"name":"Installations","content":"10,000 - 100,000"},{"name":"Sensible","content":"Oui"},{"name":"Navigateurs compatibles","content":"IE11, Firefox, Safari, Opera, Chrome, Edge"}],"tags":[],"tags_disable_links":"0","hide_more_platforms":"","video_object":"","demo_hide_cta":"0","demo_hide_cloud_options":"0","pricing_title":"","pricing":[{"pricing_icon":"platform","pricing_title":"Elfsight Apps","pricing_title_caption":"Version ind\u00e9pendante de la plate-forme qui convient \u00e0 n'importe quel site Web","pricing_price":"from $0 \/ month","pricing_price_caption":"commencez avec un forfait gratuit","pricing_benefits":[{"text":"Domaines illimit\u00e9s"},{"text":"Support client professionnel"},{"text":"Service d'installation gratuit"},{"text":"Offre sp\u00e9ciale pour plusieurs applications"}],"pricing_button_text":"Ajouter au site Web","pricing_button_url":"#demo"}],"related_apps_title":"","related_apps_hidden":"0","author":"","image":[],"title":"","job":"","social_networks":[]},"_links":{"self":[{"href":"https:\/\/elfsight.com\/fr\/wp-json\/wp\/v2\/pages\/11053","targetHints":{"allow":["GET"]}}],"collection":[{"href":"https:\/\/elfsight.com\/fr\/wp-json\/wp\/v2\/pages"}],"about":[{"href":"https:\/\/elfsight.com\/fr\/wp-json\/wp\/v2\/types\/page"}],"author":[{"embeddable":true,"href":"https:\/\/elfsight.com\/fr\/wp-json\/wp\/v2\/users\/9"}],"replies":[{"embeddable":true,"href":"https:\/\/elfsight.com\/fr\/wp-json\/wp\/v2\/comments?post=11053"}],"version-history":[{"count":2,"href":"https:\/\/elfsight.com\/fr\/wp-json\/wp\/v2\/pages\/11053\/revisions"}],"predecessor-version":[{"id":16137,"href":"https:\/\/elfsight.com\/fr\/wp-json\/wp\/v2\/pages\/11053\/revisions\/16137"}],"up":[{"embeddable":true,"href":"https:\/\/elfsight.com\/fr\/wp-json\/wp\/v2\/pages\/2497"}],"wp:attachment":[{"href":"https:\/\/elfsight.com\/fr\/wp-json\/wp\/v2\/media?parent=11053"}],"curies":[{"name":"wp","href":"https:\/\/api.w.org\/{rel}","templated":true}]}}