{"id":11051,"date":"1970-01-01T00:00:00","date_gmt":"1970-01-01T00:00:00","guid":{"rendered":"https:\/\/elfsight.com\/fr\/?page_id=11051"},"modified":"2025-07-10T14:11:54","modified_gmt":"2025-07-10T14:11:54","slug":"magento","status":"publish","type":"page","link":"https:\/\/elfsight.com\/fr\/weather-widget\/magento\/","title":{"rendered":"Weather &#8211; Magento"},"content":{"rendered":"<div class=\"application-platform-content-item-description application-platform-content-item\" id=\"description\" data-nav-section=\"description\"><h2>Description<\/h2><p>Elfsight Weather est un plugin de site Web simple et personnalisable permettant de pr\u00e9senter les informations m\u00e9t\u00e9orologiques pertinentes pour une zone s\u00e9lectionn\u00e9e. Entrez un emplacement en utilisant le nom, le code postal ou les coordonn\u00e9es. Vos utilisateurs verront les derni\u00e8res informations sur la temp\u00e9rature, la pression atmosph\u00e9rique, le pourcentage d\u2019humidit\u00e9 et la m\u00e9t\u00e9o active. Vous pouvez \u00e9galement afficher les pr\u00e9visions pour la semaine ou pour les 12 prochaines heures. Le widget comprend \u00e9galement des images d&rsquo;arri\u00e8re-plan th\u00e9matiques et la fonctionnalit\u00e9 permettant de peindre l&rsquo;arri\u00e8re-plan de n&rsquo;importe quelle couleur. <\/p><p><b>Facilitez la recherche pour les clients de la date de leur \u00e9v\u00e9nement en plein air, avec la m\u00e9t\u00e9o toujours en vue\u00a0! <\/b><\/p><\/div><div class=\"application-platform-content-item-features application-platform-content-item\" id=\"features\" data-nav-section=\"features\"><p>Voir toutes les fonctions du widget M\u00e9t\u00e9o. Vous pouvez les d\u00e9finir directement dans l&rsquo;\u00e9diteur et ils vous aideront \u00e0 configurer le widget exactement pour votre cas d&rsquo;utilisation. <\/p><ul><li>3 m\u00e9thodes pour ajouter le lieu\u00a0: le nom, le code postal et les coordonn\u00e9es\u00a0; <\/li><li>Plus de 30\u00a0langues incluses pour afficher les informations m\u00e9t\u00e9o dans la langue parl\u00e9e par votre public\u00a0; <\/li><li>5 variantes de configuration du widget pour divers cas d&rsquo;utilisation\u00a0; <\/li><li>La possibilit\u00e9 d&rsquo;ajouter les pr\u00e9visions quotidiennes pour la semaine \u00e0 venir avec des dates\u00a0; <\/li><li>Ajoutez des pr\u00e9visions heure par heure pour les douze prochaines heures. <\/li><\/ul><p><a href=\"#demo\">D\u00e9couvrez comment fonctionnent toutes les fonctionnalit\u00e9s, dans notre d\u00e9mo<\/a><\/p><\/div><div class=\"application-platform-content-item-installation application-platform-content-item\" id=\"installation\" data-nav-section=\"installation\"> <h2>Comment puis-je int\u00e9grer l&rsquo;extension M\u00e9t\u00e9o au site Web Magento\u00a0? <\/h2><p>Suivez simplement quelques \u00e9tapes ci-dessous pour int\u00e9grer le widget sur Magento.<\/p> <ol><li><b>G\u00e9rez notre d\u00e9mo gratuite et commencez \u00e0 cr\u00e9er votre extension M\u00e9t\u00e9o personnalis\u00e9e. <\/b><br> Choisissez la conception et les fonctionnalit\u00e9s souhait\u00e9es de l&rsquo;outil et appliquez les modifications. <\/li> <li><b>Obtenez votre code individuel qui appara\u00eet dans la bo\u00eete sur les applications Elfsight. <\/b><br> Juste apr\u00e8s la cr\u00e9ation de votre widget, copiez le code exclusif dans la bo\u00eete qui appara\u00eet et enregistrez-le pour vos besoins futurs. <\/li> <li><b>Commencez \u00e0 utiliser l&rsquo;outil sur votre page d&rsquo;accueil Magento. <\/b><br> Collez le code copi\u00e9 r\u00e9cemment dans votre site Web et enregistrez les corrections. <\/li> <li><b>L&rsquo;installation est enti\u00e8rement termin\u00e9e. <\/b><br> Acc\u00e9dez \u00e0 votre site Web pour voir comment fonctionne l&rsquo;extension. <\/li><\/ol><p>Vous \u00eates invit\u00e9s \u00e0 contacter notre service client si vous avez besoin d&rsquo;aide ou si vous rencontrez des probl\u00e8mes. Nous vous donnerons un coup de main pour chaque demande. <\/p><div class=\"faq\" data-component=\"FAQ\"><div class=\"faq-item\">\r\n\t\t\t\t\t<div class=\"faq-item-question\">\r\n\t\t\t\t\t\t<h3 class=\"faq-item-question-text\">Comment puis-je ajouter M\u00e9t\u00e9o \u00e0 ma page Web Magento sans aucune connaissance en codage ?<\/h3>\r\n\r\n\t\t\t\t\t\t<div class=\"faq-item-question-icon\"><\/div>\r\n\t\t\t\t\t<\/div>\r\n\r\n\t\t\t\t\t<div class=\"faq-item-answer\">\r\n\t\t\t\t\t\t<div class=\"faq-item-answer-text\"> <p>La soci\u00e9t\u00e9 Elfsight pr\u00e9sente une solution qui permet \u00e0 un large public de cr\u00e9er vous-m\u00eame un plugin M\u00e9t\u00e9o, voyez \u00e0 quel point il est facile le processus est le suivant\u00a0: acc\u00e9dez \u00e0 l&rsquo;\u00e9diteur en ligne pour cr\u00e9er un widget M\u00e9t\u00e9o que vous souhaitez int\u00e9grer sur Magento. Cliquez sur l&rsquo;un des mod\u00e8les pr\u00eats \u00e0 l&#8217;emploi et modifiez les param\u00e8tres m\u00e9t\u00e9o, transformez la mise en page et la palette de couleurs, ajoutez votre contenu, sans aucun codage. Enregistrez les param\u00e8tres que vous avez d\u00e9finis dans M\u00e9t\u00e9o et copiez le code du widget pour l&rsquo;int\u00e9gration, qui peut \u00eatre facilement coll\u00e9 dans la page Web Magento sans acheter de version payante. Gr\u00e2ce \u00e0 notre configurateur facile \u00e0 utiliser, chaque utilisateur Web peut cr\u00e9er une section M\u00e9t\u00e9o et l&rsquo;ajouter sans effort au site Web Magento. Vous ne devez pas payer ni saisir les informations d&rsquo;identification de votre carte pour acc\u00e9der \u00e0 notre service. Si vous rencontrez des probl\u00e8mes \u00e0 n&rsquo;importe quelle \u00e9tape, n&rsquo;h\u00e9sitez pas \u00e0 en parler \u00e0 notre \u00e9quipe d&rsquo;assistance.<\/p> <\/div>\r\n\t\t\t\t\t<\/div>\r\n\t\t\t\t<\/div> <\/div><\/div>","protected":false},"excerpt":{"rendered":"","protected":false},"author":9,"featured_media":0,"parent":2497,"menu_order":0,"comment_status":"closed","ping_status":"closed","template":"templates\/template-application-platform.php","meta":{"publish_to_discourse":"","publish_post_category":"","wpdc_auto_publish_overridden":"","wpdc_topic_tags":"","wpdc_pin_topic":"","wpdc_pin_until":"","discourse_post_id":"","discourse_permalink":"","wpdc_publishing_response":"","wpdc_publishing_error":"","footnotes":""},"class_list":["post-11051","page","type-page","status-publish","hentry"],"yoast_head":"<!-- This site is optimized with the Yoast SEO plugin v25.3.1 - https:\/\/yoast.com\/wordpress\/plugins\/seo\/ -->\n<title>Ajouter l&#039;extension M\u00e9t\u00e9o au site Web Magento (gratuit et rapide)<\/title>\n<meta name=\"description\" content=\"Avec Elfsight, fa\u00e7onnez votre extension M\u00e9t\u00e9o et placez-la rapidement sur votre site Magento. Nous avons un support client gratuit et plus de bonus.\" \/>\n<meta name=\"robots\" content=\"index, follow, max-snippet:-1, max-image-preview:large, max-video-preview:-1\" \/>\n<link rel=\"canonical\" href=\"https:\/\/elfsight.com\/fr\/weather-widget\/magento\/\" \/>\n<meta property=\"og:locale\" content=\"fr_FR\" \/>\n<meta property=\"og:type\" content=\"article\" \/>\n<meta property=\"og:title\" content=\"Ajouter l&#039;extension M\u00e9t\u00e9o au site Web Magento (gratuit et rapide)\" \/>\n<meta property=\"og:description\" content=\"Avec Elfsight, fa\u00e7onnez votre extension M\u00e9t\u00e9o et placez-la rapidement sur votre site Magento. Nous avons un support client gratuit et plus de bonus.\" \/>\n<meta property=\"og:url\" content=\"https:\/\/elfsight.com\/fr\/weather-widget\/magento\/\" \/>\n<meta property=\"og:site_name\" content=\"Elfsight FR\" \/>\n<meta property=\"article:modified_time\" content=\"2025-07-10T14:11:54+00:00\" \/>\n<meta name=\"twitter:card\" content=\"summary_large_image\" \/>\n<meta name=\"twitter:label1\" content=\"Dur\u00e9e de lecture estim\u00e9e\" \/>\n\t<meta name=\"twitter:data1\" content=\"3 minutes\" \/>\n<!-- \/ Yoast SEO plugin. -->","yoast_head_json":{"title":"Ajouter l'extension M\u00e9t\u00e9o au site Web Magento (gratuit et rapide)","description":"Avec Elfsight, fa\u00e7onnez votre extension M\u00e9t\u00e9o et placez-la rapidement sur votre site Magento. Nous avons un support client gratuit et plus de bonus.","robots":{"index":"index","follow":"follow","max-snippet":"max-snippet:-1","max-image-preview":"max-image-preview:large","max-video-preview":"max-video-preview:-1"},"canonical":"https:\/\/elfsight.com\/fr\/weather-widget\/magento\/","og_locale":"fr_FR","og_type":"article","og_title":"Ajouter l'extension M\u00e9t\u00e9o au site Web Magento (gratuit et rapide)","og_description":"Avec Elfsight, fa\u00e7onnez votre extension M\u00e9t\u00e9o et placez-la rapidement sur votre site Magento. Nous avons un support client gratuit et plus de bonus.","og_url":"https:\/\/elfsight.com\/fr\/weather-widget\/magento\/","og_site_name":"Elfsight FR","article_modified_time":"2025-07-10T14:11:54+00:00","twitter_card":"summary_large_image","twitter_misc":{"Dur\u00e9e de lecture estim\u00e9e":"3 minutes"},"schema":{"@context":"https:\/\/schema.org","@graph":[{"@type":"WebPage","@id":"https:\/\/elfsight.com\/fr\/weather-widget\/magento\/","url":"https:\/\/elfsight.com\/fr\/weather-widget\/magento\/","name":"Ajouter l'extension M\u00e9t\u00e9o au site Web Magento (gratuit et rapide)","isPartOf":{"@id":"https:\/\/elfsight.com\/fr\/#website"},"datePublished":"1970-01-01T00:00:00+00:00","dateModified":"2025-07-10T14:11:54+00:00","description":"Avec Elfsight, fa\u00e7onnez votre extension M\u00e9t\u00e9o et placez-la rapidement sur votre site Magento. Nous avons un support client gratuit et plus de bonus.","breadcrumb":{"@id":"https:\/\/elfsight.com\/fr\/weather-widget\/magento\/#breadcrumb"},"inLanguage":"fr-FR","potentialAction":[{"@type":"ReadAction","target":["https:\/\/elfsight.com\/fr\/weather-widget\/magento\/"]}]},{"@type":"BreadcrumbList","@id":"https:\/\/elfsight.com\/fr\/weather-widget\/magento\/#breadcrumb","itemListElement":[{"@type":"ListItem","position":1,"name":"Home","item":"https:\/\/elfsight.com\/fr\/"},{"@type":"ListItem","position":2,"name":"Weather","item":"https:\/\/elfsight.com\/fr\/weather-widget\/"},{"@type":"ListItem","position":3,"name":"Weather &#8211; Magento"}]},{"@type":"WebSite","@id":"https:\/\/elfsight.com\/fr\/#website","url":"https:\/\/elfsight.com\/fr\/","name":"Elfsight FR","description":"","potentialAction":[{"@type":"SearchAction","target":{"@type":"EntryPoint","urlTemplate":"https:\/\/elfsight.com\/fr\/?s={search_term_string}"},"query-input":{"@type":"PropertyValueSpecification","valueRequired":true,"valueName":"search_term_string"}}],"inLanguage":"fr-FR"}]}},"meta_box":{"industry":"","seo_heading":"","heading":"","description":"","cta_heading":"","cta_description":"","application":"2496","h1":"Extension m\u00e9t\u00e9o Magento","h1_caption":"Affichez les informations m\u00e9t\u00e9orologiques actuelles pour n'importe quel endroit de votre site Web pour impliquer sans effort votre public local ou voyageur dans votre site Web Magento.","application_category":[],"applications_title":"","applications_request_title":"","applications_request_button_text":"","hero_text":"","hero_video":"","hero_video_schema_markup":"","selling_points_title":"","selling_points_caption":"","selling_points":[],"selling_points_cta_text":"","features_title":"","features":"","ed_cta_examples_text":"","ed_cta_examples_hidden":"","ed_cta_demo_text":"","ed_cta_demo_hidden":"","why_caption":"","why_editor_title":"","why_editor_text":"","why_team_title":"","why_team_text":"","why_service_title":"","why_service_text":"","template_catalog_visible":"","template_catalog_title":"","template_catalog_text":"","template_catalog_categories_visible":"","demo_title":"Cr\u00e9ez votre extension M\u00e9t\u00e9o","demo_caption":"Configurez votre M\u00e9t\u00e9o et ajoutez-la \u00e0 votre site Magento gratuitement !","default_faq_hidden":"","app_template_category":[],"platform":"357","template_public_id":"","codecanyon_url":"","codecanyon_item_id":"","codecanyon_price":"","pricing_caption":"","pricing_elfsight_apps_hide_column":"","pricing_elfsight_apps_url":"","pricing_codecanyon_price_caption":"","integration_category":[],"integration_request_title":"","integration_request_cta":"","integration_platform":"","integrations":[],"platform_category":[],"video_schema_markup":"","price":"\u00e0 partir de 0$ \/ mois","trial":"","benefits":[{"text":"Service d'installation gratuit"},{"text":"Soutien exceptionnel"},{"text":"Garantie de remboursement de 14 jours"},{"text":"Am\u00e9liorations r\u00e9guli\u00e8res"}],"button_url":"","button_target_blank":"","button_nofollow":"","attributes":[{"name":"Installations","content":"10,000 - 100,000"},{"name":"Sensible","content":"Oui"},{"name":"Navigateurs compatibles","content":"Firefox, Safari, Opera, Chrome, Edge"}],"tags":[],"tags_disable_links":"","hide_more_platforms":"","video_object":"","demo_hide_cta":"","demo_hide_cloud_options":"","pricing_title":"","pricing":[{"pricing_icon":"platform","pricing_title":"Elfsight Apps","pricing_title_caption":"Logiciel multiplateforme qui fonctionne sur n'importe quel site Web","pricing_price":"from $0 \/ month","pricing_price_caption":"commencez avec un forfait gratuit","pricing_benefits":[{"text":"Sites Web illimit\u00e9s"},{"text":"Accompagnement professionnel et bien document\u00e9"},{"text":"Assistance \u00e0 l'installation gratuite"},{"text":"100% personnalisable"}],"pricing_button_text":"Ajouter au site Web","pricing_button_url":"#demo"}],"related_apps_title":"","related_apps_hidden":"","author":"","image":[],"title":"","job":"","social_networks":[]},"_links":{"self":[{"href":"https:\/\/elfsight.com\/fr\/wp-json\/wp\/v2\/pages\/11051","targetHints":{"allow":["GET"]}}],"collection":[{"href":"https:\/\/elfsight.com\/fr\/wp-json\/wp\/v2\/pages"}],"about":[{"href":"https:\/\/elfsight.com\/fr\/wp-json\/wp\/v2\/types\/page"}],"author":[{"embeddable":true,"href":"https:\/\/elfsight.com\/fr\/wp-json\/wp\/v2\/users\/9"}],"replies":[{"embeddable":true,"href":"https:\/\/elfsight.com\/fr\/wp-json\/wp\/v2\/comments?post=11051"}],"version-history":[{"count":1,"href":"https:\/\/elfsight.com\/fr\/wp-json\/wp\/v2\/pages\/11051\/revisions"}],"predecessor-version":[{"id":11055,"href":"https:\/\/elfsight.com\/fr\/wp-json\/wp\/v2\/pages\/11051\/revisions\/11055"}],"up":[{"embeddable":true,"href":"https:\/\/elfsight.com\/fr\/wp-json\/wp\/v2\/pages\/2497"}],"wp:attachment":[{"href":"https:\/\/elfsight.com\/fr\/wp-json\/wp\/v2\/media?parent=11051"}],"curies":[{"name":"wp","href":"https:\/\/api.w.org\/{rel}","templated":true}]}}