{"id":11050,"date":"1970-01-01T00:00:00","date_gmt":"1970-01-01T00:00:00","guid":{"rendered":"https:\/\/elfsight.com\/fr\/?page_id=11050"},"modified":"2025-07-10T14:11:28","modified_gmt":"2025-07-10T14:11:28","slug":"iframe","status":"publish","type":"page","link":"https:\/\/elfsight.com\/fr\/weather-widget\/iframe\/","title":{"rendered":"Weather &#8211; iFrame"},"content":{"rendered":"<div class=\"application-platform-content-item-description application-platform-content-item\" id=\"description\" data-nav-section=\"description\"><h2>Int\u00e9grer la m\u00e9t\u00e9o sur iFrame avec le widget Elfsight<\/h2><p>Elfsight Weather est un plugin de site Web simple et tr\u00e8s adaptatif pour d\u00e9montrer la m\u00e9t\u00e9o actuelle. perspectives m\u00e9t\u00e9orologiques pour n\u2019importe quelle r\u00e9gion. Ins\u00e9rez un emplacement en utilisant le titre, le ZIP ou les coordonn\u00e9es. Le public du site Web peut d\u00e9sormais voir les donn\u00e9es mises \u00e0 jour sur la temp\u00e9rature, la pression, l\u2019humidit\u00e9 et la m\u00e9t\u00e9o active. Notre widget propose une fonctionnalit\u00e9 permettant de d\u00e9montrer des pr\u00e9visions horaires ou quotidiennes. Le widget comprend \u00e9galement des images d&rsquo;arri\u00e8re-plan th\u00e9matiques et la fonctionnalit\u00e9 permettant d&rsquo;appliquer vos propres couleurs. <\/p><p><b>Offrez une exp\u00e9rience client am\u00e9lior\u00e9e avec un widget m\u00e9t\u00e9o informatif sur votre site. <\/b><\/p><\/div><div class=\"application-platform-content-item-features application-platform-content-item\" id=\"features\" data-nav-section=\"features\"><p>V\u00e9rifiez toutes les fonctionnalit\u00e9s du widget M\u00e9t\u00e9o. Ils sont disponibles directement dans l&rsquo;\u00e9diteur et vous aideront \u00e0 configurer le widget adapt\u00e9 \u00e0 votre cas. <\/p><ul><li>3 fa\u00e7ons d&rsquo;ajouter l&#8217;emplacement\u00a0: le nom, le code postal et les coordonn\u00e9es\u00a0; <\/li><li>Plus de 30 langues incluses pour afficher les informations m\u00e9t\u00e9orologiques dans votre langue maternelle\u00a0; <\/li><li>Cinq types de configuration de widget pour divers cas d&rsquo;utilisation\u00a0; <\/li><li>La possibilit\u00e9 d&rsquo;ajouter les pr\u00e9visions quotidiennes pour une semaine avec des dates\u00a0; <\/li><li>Affichez la m\u00e9t\u00e9o heure par heure pour les douze heures les plus proches. <\/li><\/ul><p><a href=\"#demo\">Testez toutes les autres fonctions de la d\u00e9mo<\/a><\/p><\/div><div class=\"application-platform-content-item-installation application-platform-content-item\" id=\"installation\" data-nav-section=\"installation\"><h2> Comment int\u00e9grer le widget M\u00e9t\u00e9o au site Web iFrame\u00a0? <\/h2><p>Pour int\u00e9grer le plugin, suivez simplement les instructions ci-dessous<\/p><ol><li><b>Cr\u00e9ez votre plugin M\u00e9t\u00e9o unique<\/b><br>Avec l&rsquo;aide de notre d\u00e9mo gratuite, configurez un plugin avec une composition et des fonctionnalit\u00e9s pr\u00e9f\u00e9r\u00e9es. <\/li> <li><b>Acqu\u00e9rir le code individuel pour int\u00e9grer le plugin<\/b><br>Apr\u00e8s avoir personnalis\u00e9 votre widget, vous obtiendrez le code unique de la notification contextuelle sur les applications Elfsight. Copiez le code. <\/li> <li><b> Int\u00e9grez le plugin sur votre site iFrame<\/b><br>Allez dans la zone o\u00f9 vous devez placer le plugin et collez-y le code enregistr\u00e9. Enregistrez les modifications. <\/li> <li><b>L&rsquo;int\u00e9gration est r\u00e9ussie\u00a0! <\/b><br>Entrez votre site Web pour afficher votre plugin. <\/li><\/ol><p>Prenez une minute pour contacter notre service d&rsquo;assistance si vous avez besoin de notre aide ou si vous avez des questions. Nous vous donnerons un coup de main pour chaque demande. <\/p><div class=\"faq\" data-component=\"FAQ\"><div class=\"faq-item\">\r\n\t\t\t\t\t<div class=\"faq-item-question\">\r\n\t\t\t\t\t\t<h3 class=\"faq-item-question-text\">Comment ajouter M\u00e9t\u00e9o \u00e0 ma page Web iFrame sans codage ?<\/h3>\r\n\r\n\t\t\t\t\t\t<div class=\"faq-item-question-icon\"><\/div>\r\n\t\t\t\t\t<\/div>\r\n\r\n\t\t\t\t\t<div class=\"faq-item-answer\">\r\n\t\t\t\t\t\t<div class=\"faq-item-answer-text\"> <p>La soci\u00e9t\u00e9 Elfsight propose une solution Cloud qui permet aux propri\u00e9taires de sites de cr\u00e9er vous-m\u00eame un plugin M\u00e9t\u00e9o, regardez le processus simple instructions\u00a0: Acc\u00e9dez \u00e0 l&rsquo;\u00e9diteur en direct pour cr\u00e9er un widget M\u00e9t\u00e9o que vous souhaitez inclure sur la page d&rsquo;accueil d&rsquo;iFrame. S\u00e9lectionnez l&rsquo;un des mod\u00e8les pr\u00e9d\u00e9finis et modifiez les param\u00e8tres m\u00e9t\u00e9o, incluez votre contenu, modifiez la disposition et la couleur des \u00e9l\u00e9ments sans aucune connaissance en codage. Cliquez pour enregistrer la m\u00e9t\u00e9o et copier le code du plugin \u00e0 int\u00e9grer, que vous pouvez facilement coller dans le site iFrame sans avoir besoin d&rsquo;acheter un abonnement payant. Avec l&rsquo;aide de notre configurateur facile \u00e0 utiliser, chaque internaute peut cr\u00e9er un plugin M\u00e9t\u00e9o en ligne et l&rsquo;inclure sans effort dans n&rsquo;importe quelle page Web iFrame. Vous ne devez pas payer ni soumettre les informations d&rsquo;identification de votre carte pour acc\u00e9der \u00e0 notre \u00e9diteur. Si vous rencontrez des obstacles de quelque nature que ce soit, n&rsquo;h\u00e9sitez pas \u00e0 contacter notre \u00e9quipe d&rsquo;assistance.<\/p> <\/div>\r\n\t\t\t\t\t<\/div>\r\n\t\t\t\t<\/div> <\/div><\/div>","protected":false},"excerpt":{"rendered":"","protected":false},"author":9,"featured_media":0,"parent":2497,"menu_order":0,"comment_status":"closed","ping_status":"closed","template":"templates\/template-application-platform.php","meta":{"publish_to_discourse":"","publish_post_category":"","wpdc_auto_publish_overridden":"","wpdc_topic_tags":"","wpdc_pin_topic":"","wpdc_pin_until":"","discourse_post_id":"","discourse_permalink":"","wpdc_publishing_response":"","wpdc_publishing_error":"","footnotes":""},"class_list":["post-11050","page","type-page","status-publish","hentry"],"yoast_head":"<!-- This site is optimized with the Yoast SEO plugin v25.3.1 - https:\/\/yoast.com\/wordpress\/plugins\/seo\/ -->\n<title>Widget m\u00e9t\u00e9o \u2014 Ajoutez un widget m\u00e9t\u00e9o au site Web iFrame (gratuit et rapide)<\/title>\n<meta name=\"description\" content=\"Voici une opportunit\u00e9 de cr\u00e9er un widget M\u00e9t\u00e9o et de l\u2019ajouter \u00e0 votre site Web iFrame rapidement et facilement. B\u00e9n\u00e9ficiez d\u2019une assistance client gratuite et d\u2019autres avantages d\u2019Elfsight.\" \/>\n<meta name=\"robots\" content=\"index, follow, max-snippet:-1, max-image-preview:large, max-video-preview:-1\" \/>\n<link rel=\"canonical\" href=\"https:\/\/elfsight.com\/fr\/weather-widget\/iframe\/\" \/>\n<meta property=\"og:locale\" content=\"fr_FR\" \/>\n<meta property=\"og:type\" content=\"article\" \/>\n<meta property=\"og:title\" content=\"Widget m\u00e9t\u00e9o \u2014 Ajoutez un widget m\u00e9t\u00e9o au site Web iFrame (gratuit et rapide)\" \/>\n<meta property=\"og:description\" content=\"Voici une opportunit\u00e9 de cr\u00e9er un widget M\u00e9t\u00e9o et de l\u2019ajouter \u00e0 votre site Web iFrame rapidement et facilement. B\u00e9n\u00e9ficiez d\u2019une assistance client gratuite et d\u2019autres avantages d\u2019Elfsight.\" \/>\n<meta property=\"og:url\" content=\"https:\/\/elfsight.com\/fr\/weather-widget\/iframe\/\" \/>\n<meta property=\"og:site_name\" content=\"Elfsight FR\" \/>\n<meta property=\"article:modified_time\" content=\"2025-07-10T14:11:28+00:00\" \/>\n<meta name=\"twitter:card\" content=\"summary_large_image\" \/>\n<meta name=\"twitter:label1\" content=\"Dur\u00e9e de lecture estim\u00e9e\" \/>\n\t<meta name=\"twitter:data1\" content=\"3 minutes\" \/>\n<!-- \/ Yoast SEO plugin. -->","yoast_head_json":{"title":"Widget m\u00e9t\u00e9o \u2014 Ajoutez un widget m\u00e9t\u00e9o au site Web iFrame (gratuit et rapide)","description":"Voici une opportunit\u00e9 de cr\u00e9er un widget M\u00e9t\u00e9o et de l\u2019ajouter \u00e0 votre site Web iFrame rapidement et facilement. B\u00e9n\u00e9ficiez d\u2019une assistance client gratuite et d\u2019autres avantages d\u2019Elfsight.","robots":{"index":"index","follow":"follow","max-snippet":"max-snippet:-1","max-image-preview":"max-image-preview:large","max-video-preview":"max-video-preview:-1"},"canonical":"https:\/\/elfsight.com\/fr\/weather-widget\/iframe\/","og_locale":"fr_FR","og_type":"article","og_title":"Widget m\u00e9t\u00e9o \u2014 Ajoutez un widget m\u00e9t\u00e9o au site Web iFrame (gratuit et rapide)","og_description":"Voici une opportunit\u00e9 de cr\u00e9er un widget M\u00e9t\u00e9o et de l\u2019ajouter \u00e0 votre site Web iFrame rapidement et facilement. B\u00e9n\u00e9ficiez d\u2019une assistance client gratuite et d\u2019autres avantages d\u2019Elfsight.","og_url":"https:\/\/elfsight.com\/fr\/weather-widget\/iframe\/","og_site_name":"Elfsight FR","article_modified_time":"2025-07-10T14:11:28+00:00","twitter_card":"summary_large_image","twitter_misc":{"Dur\u00e9e de lecture estim\u00e9e":"3 minutes"},"schema":{"@context":"https:\/\/schema.org","@graph":[{"@type":"WebPage","@id":"https:\/\/elfsight.com\/fr\/weather-widget\/iframe\/","url":"https:\/\/elfsight.com\/fr\/weather-widget\/iframe\/","name":"Widget m\u00e9t\u00e9o \u2014 Ajoutez un widget m\u00e9t\u00e9o au site Web iFrame (gratuit et rapide)","isPartOf":{"@id":"https:\/\/elfsight.com\/fr\/#website"},"datePublished":"1970-01-01T00:00:00+00:00","dateModified":"2025-07-10T14:11:28+00:00","description":"Voici une opportunit\u00e9 de cr\u00e9er un widget M\u00e9t\u00e9o et de l\u2019ajouter \u00e0 votre site Web iFrame rapidement et facilement. B\u00e9n\u00e9ficiez d\u2019une assistance client gratuite et d\u2019autres avantages d\u2019Elfsight.","breadcrumb":{"@id":"https:\/\/elfsight.com\/fr\/weather-widget\/iframe\/#breadcrumb"},"inLanguage":"fr-FR","potentialAction":[{"@type":"ReadAction","target":["https:\/\/elfsight.com\/fr\/weather-widget\/iframe\/"]}]},{"@type":"BreadcrumbList","@id":"https:\/\/elfsight.com\/fr\/weather-widget\/iframe\/#breadcrumb","itemListElement":[{"@type":"ListItem","position":1,"name":"Home","item":"https:\/\/elfsight.com\/fr\/"},{"@type":"ListItem","position":2,"name":"Weather","item":"https:\/\/elfsight.com\/fr\/weather-widget\/"},{"@type":"ListItem","position":3,"name":"Weather &#8211; iFrame"}]},{"@type":"WebSite","@id":"https:\/\/elfsight.com\/fr\/#website","url":"https:\/\/elfsight.com\/fr\/","name":"Elfsight FR","description":"","potentialAction":[{"@type":"SearchAction","target":{"@type":"EntryPoint","urlTemplate":"https:\/\/elfsight.com\/fr\/?s={search_term_string}"},"query-input":{"@type":"PropertyValueSpecification","valueRequired":true,"valueName":"search_term_string"}}],"inLanguage":"fr-FR"}]}},"meta_box":{"industry":"","seo_heading":"","heading":"","description":"","cta_heading":"","cta_description":"","application":"2496","h1":"Widget M\u00e9t\u00e9o iFrame","h1_caption":"Affichez les informations m\u00e9t\u00e9orologiques actuelles pour n'importe quel endroit de votre site Web pour impliquer sans effort votre public local ou voyageur dans votre site Web iFrame.","application_category":[],"applications_title":"","applications_request_title":"","applications_request_button_text":"","hero_text":"","hero_video":"","hero_video_schema_markup":"","selling_points_title":"","selling_points_caption":"","selling_points":[],"selling_points_cta_text":"","features_title":"","features":"","ed_cta_examples_text":"","ed_cta_examples_hidden":"","ed_cta_demo_text":"","ed_cta_demo_hidden":"","why_caption":"","why_editor_title":"","why_editor_text":"","why_team_title":"","why_team_text":"","why_service_title":"","why_service_text":"","template_catalog_visible":"","template_catalog_title":"","template_catalog_text":"","template_catalog_categories_visible":"","demo_title":"Cr\u00e9ez votre widget M\u00e9t\u00e9o","demo_caption":"Configurez votre M\u00e9t\u00e9o et ajoutez-la \u00e0 votre site Web iFrame gratuitement\u00a0!","default_faq_hidden":"","app_template_category":[],"platform":"371","template_public_id":"","codecanyon_url":"","codecanyon_item_id":"","codecanyon_price":"","pricing_caption":"","pricing_elfsight_apps_hide_column":"","pricing_elfsight_apps_url":"","pricing_codecanyon_price_caption":"","integration_category":[],"integration_request_title":"","integration_request_cta":"","integration_platform":"","integrations":[],"platform_category":[],"video_schema_markup":"","price":"\u00e0 partir de 0$ \/ mois","trial":"","benefits":[{"text":"Assistance \u00e0 l'installation gratuite"},{"text":"Un soutien exceptionnel"},{"text":"Garantie de remboursement de 14 jours"},{"text":"Am\u00e9liorations r\u00e9guli\u00e8res"}],"button_url":"","button_target_blank":"","button_nofollow":"","attributes":[{"name":"Installations","content":"10,000 - 100,000"},{"name":"Sensible","content":"Oui"},{"name":"Navigateurs compatibles","content":"Opera, Chrome, Safari, Firefox, Edge"}],"tags":[],"tags_disable_links":"","hide_more_platforms":"","video_object":"","demo_hide_cta":"","demo_hide_cloud_options":"","pricing_title":"","pricing":[{"pricing_icon":"platform","pricing_title":"Elfsight Apps","pricing_title_caption":"Solution num\u00e9rique ind\u00e9pendante de la plateforme qui s'adapte \u00e0 n'importe quel site Web","pricing_price":"from $0 \/ month","pricing_price_caption":"commencez avec un forfait gratuit","pricing_benefits":[{"text":"Nombre illimit\u00e9 de domaines"},{"text":"Support client d\u00e9di\u00e9"},{"text":"Assistance \u00e0 l'installation gratuite"},{"text":"Offre sp\u00e9ciale pour plusieurs applications"}],"pricing_button_text":"Ajouter au site Web","pricing_button_url":"#demo"}],"related_apps_title":"","related_apps_hidden":"","author":"","image":[],"title":"","job":"","social_networks":[]},"_links":{"self":[{"href":"https:\/\/elfsight.com\/fr\/wp-json\/wp\/v2\/pages\/11050","targetHints":{"allow":["GET"]}}],"collection":[{"href":"https:\/\/elfsight.com\/fr\/wp-json\/wp\/v2\/pages"}],"about":[{"href":"https:\/\/elfsight.com\/fr\/wp-json\/wp\/v2\/types\/page"}],"author":[{"embeddable":true,"href":"https:\/\/elfsight.com\/fr\/wp-json\/wp\/v2\/users\/9"}],"replies":[{"embeddable":true,"href":"https:\/\/elfsight.com\/fr\/wp-json\/wp\/v2\/comments?post=11050"}],"version-history":[{"count":1,"href":"https:\/\/elfsight.com\/fr\/wp-json\/wp\/v2\/pages\/11050\/revisions"}],"predecessor-version":[{"id":11054,"href":"https:\/\/elfsight.com\/fr\/wp-json\/wp\/v2\/pages\/11050\/revisions\/11054"}],"up":[{"embeddable":true,"href":"https:\/\/elfsight.com\/fr\/wp-json\/wp\/v2\/pages\/2497"}],"wp:attachment":[{"href":"https:\/\/elfsight.com\/fr\/wp-json\/wp\/v2\/media?parent=11050"}],"curies":[{"name":"wp","href":"https:\/\/api.w.org\/{rel}","templated":true}]}}