{"id":11045,"date":"1970-01-01T00:00:00","date_gmt":"1970-01-01T00:00:00","guid":{"rendered":"https:\/\/elfsight.com\/fr\/?page_id=11045"},"modified":"2025-07-10T14:11:22","modified_gmt":"2025-07-10T14:11:22","slug":"html","status":"publish","type":"page","link":"https:\/\/elfsight.com\/fr\/weather-widget\/html\/","title":{"rendered":"Weather &#8211; HTML"},"content":{"rendered":"<div class=\"application-platform-content-item-description application-platform-content-item\" id=\"description\" data-nav-section=\"description\"><h2>Description<\/h2><p>Elfsight Weather est un plugin de site Web rapide et tr\u00e8s ajustable qui montre les conditions m\u00e9t\u00e9orologiques pertinentes pour un emplacement s\u00e9lectionn\u00e9. Ins\u00e9rez un quartier en utilisant le titre, le code postal ou les coordonn\u00e9es. Le public du site Web verra les derni\u00e8res informations sur la temp\u00e9rature, la pression atmosph\u00e9rique, l\u2019humidit\u00e9 et les \u00e9l\u00e9ments m\u00e9t\u00e9orologiques. Il existe une fonctionnalit\u00e9 permettant de pr\u00e9senter les pr\u00e9visions pour la semaine \u00e0 venir ou pour les douze prochaines heures. Le widget comprend \u00e9galement un arri\u00e8re-plan sur le th\u00e8me de la m\u00e9t\u00e9o et la fonctionnalit\u00e9 permettant de choisir n&rsquo;importe quelle couleur.<\/p><p><b>Obtenez une exp\u00e9rience utilisateur am\u00e9lior\u00e9e avec un widget m\u00e9t\u00e9o informatif sur votre page. <\/b><\/p><\/div><div class=\"application-platform-content-item-features application-platform-content-item\" id=\"features\" data-nav-section=\"features\"><p>Ici vous pouvez voir toutes les fonctionnalit\u00e9s du widget M\u00e9t\u00e9o. Ils sont disponibles directement dans l&rsquo;\u00e9diteur et vous aideront \u00e0 configurer le widget le plus adapt\u00e9 \u00e0 vos besoins. <\/p><ul><li>Trois fa\u00e7ons de saisir le lieu\u00a0: par le nom, le code postal ou les coordonn\u00e9es\u00a0; <\/li><li>Plus de 30\u00a0langues incluses pour afficher les informations m\u00e9t\u00e9orologiques dans la langue parl\u00e9e par votre public\u00a0; <\/li><li>Cinq variantes de configuration du widget pour divers cas d&rsquo;utilisation\u00a0; <\/li><li>La possibilit\u00e9 d&rsquo;afficher les pr\u00e9visions quotidiennes pour la semaine \u00e0 venir avec les dates\u00a0; <\/li><li>Ajoutez des pr\u00e9visions horaires pour les douze heures les plus proches. <\/li><\/ul><p><a href=\"#demo\">Vous pouvez tester toutes les fonctionnalit\u00e9s du widget directement dans la d\u00e9mo<\/a><\/p><\/div><div class=\"application-platform-content-item-installation application-platform-content-item\" id=\"installation\" data-nav-section=\"installation\"> <h2>Comment int\u00e9grer le widget M\u00e9t\u00e9o sur un site Web HTML\u00a0? <\/h2><div class=\"video-container\"><iframe width=\"720\" height=\"405\" src=\"https:\/\/www.youtube.com\/embed\/6qg5cwDirLM\" allowfullscreen=\"\"><\/iframe><\/div><p>Pour int\u00e9grer le plugin, suivez les instructions ci-dessous<\/p><ol><li><b>Cr\u00e9ez votre plugin M\u00e9t\u00e9o personnel<\/b><br>G\u00e9rez notre configurateur gratuit, cr\u00e9ez un plugin avec un design et des caract\u00e9ristiques fonctionnelles pr\u00e9f\u00e9rables. <\/li> <li><b>Obtenir le code personnel pour publier le plugin<\/b><br>Apr\u00e8s avoir configur\u00e9 votre widget, vous obtiendrez votre code d&rsquo;installation depuis la fen\u00eatre apparue sur Elfsight Apps. Copiez ce code. <\/li> <li><b>Ajoutez le plugin sur votre site HTML<\/b><br>Trouvez la zone o\u00f9 vous pr\u00e9voyez d&rsquo;afficher le plugin et ajoutez-y le code enregistr\u00e9. Publier les r\u00e9sultats. <\/li> <li><b>La configuration est termin\u00e9e<\/b><br>Entrez sur votre site pour voir votre plugin. <\/li><\/ol><p>N&rsquo;h\u00e9sitez pas \u00e0 vous adresser \u00e0 notre service client si vous avez besoin de conseils ou si vous avez des questions. Nos sp\u00e9cialistes se feront un plaisir de r\u00e9pondre \u00e0 chaque demande. <\/p><div class=\"faq\" data-component=\"FAQ\"><div class=\"faq-item\">\r\n\t\t\t\t\t<div class=\"faq-item-question\">\r\n\t\t\t\t\t\t<h3 class=\"faq-item-question-text\">Comment ajouter M\u00e9t\u00e9o \u00e0 ma page d'accueil HTML sans aucune connaissance en codage ?<\/h3>\r\n\r\n\t\t\t\t\t\t<div class=\"faq-item-question-icon\"><\/div>\r\n\t\t\t\t\t<\/div>\r\n\r\n\t\t\t\t\t<div class=\"faq-item-answer\">\r\n\t\t\t\t\t\t<div class=\"faq-item-answer-text\"> <p>Elfsight propose une solution qui permet aux utilisateurs de cr\u00e9er eux-m\u00eames un widget M\u00e9t\u00e9o. D\u00e9couvrez les \u00e9tapes simples\u00a0: Aller \u00e0 la d\u00e9mo en ligne pour g\u00e9n\u00e9rer une application m\u00e9t\u00e9o que vous souhaitez voir appara\u00eetre sur une page Web HTML. Choisissez l&rsquo;un de nos mod\u00e8les pr\u00e9d\u00e9finis et modifiez les param\u00e8tres m\u00e9t\u00e9o, modifiez la disposition et la couleur des \u00e9l\u00e9ments et mettez \u00e0 jour votre contenu, sans connaissances en codage. Enregistrez la m\u00e9t\u00e9o et copiez le code d&rsquo;installation du widget qui peut \u00eatre inclus dans la page d&rsquo;accueil HTML sans avoir besoin d&rsquo;acheter un forfait payant. Gr\u00e2ce \u00e0 notre \u00e9diteur facile \u00e0 utiliser, tout utilisateur Web peut \u00e9tablir la m\u00e9t\u00e9o en ligne et l&rsquo;inclure sans effort dans une page Web HTML. Il n&rsquo;est pas n\u00e9cessaire de payer ou de divulguer les donn\u00e9es de votre carte pour acc\u00e9der au service Elfsight. Si vous rencontrez des probl\u00e8mes \u00e0 n&rsquo;importe quelle \u00e9tape, n&rsquo;h\u00e9sitez pas et contactez notre service client.<\/p> <\/div>\r\n\t\t\t\t\t<\/div>\r\n\t\t\t\t<\/div> <\/div><\/div>","protected":false},"excerpt":{"rendered":"","protected":false},"author":9,"featured_media":0,"parent":2497,"menu_order":0,"comment_status":"closed","ping_status":"closed","template":"templates\/template-application-platform.php","meta":{"publish_to_discourse":"","publish_post_category":"","wpdc_auto_publish_overridden":"","wpdc_topic_tags":"","wpdc_pin_topic":"","wpdc_pin_until":"","discourse_post_id":"","discourse_permalink":"","wpdc_publishing_response":"","wpdc_publishing_error":"","footnotes":""},"class_list":["post-11045","page","type-page","status-publish","hentry"],"yoast_head":"<!-- This site is optimized with the Yoast SEO plugin v25.3.1 - https:\/\/yoast.com\/wordpress\/plugins\/seo\/ -->\n<title>Widget m\u00e9t\u00e9o \u2014 Ajoutez l&#039;application M\u00e9t\u00e9o au site Web HTML (gratuit et rapide)<\/title>\n<meta name=\"description\" content=\"Voici une opportunit\u00e9 de cr\u00e9er un widget M\u00e9t\u00e9o et de l&#039;ajouter \u00e0 votre site Web HTML. B\u00e9n\u00e9ficiez d&#039;une assistance client gratuite et d&#039;autres avantages d&#039;Elfsight.\" \/>\n<meta name=\"robots\" content=\"index, follow, max-snippet:-1, max-image-preview:large, max-video-preview:-1\" \/>\n<link rel=\"canonical\" href=\"https:\/\/elfsight.com\/fr\/weather-widget\/html\/\" \/>\n<meta property=\"og:locale\" content=\"fr_FR\" \/>\n<meta property=\"og:type\" content=\"article\" \/>\n<meta property=\"og:title\" content=\"Widget m\u00e9t\u00e9o \u2014 Ajoutez l&#039;application M\u00e9t\u00e9o au site Web HTML (gratuit et rapide)\" \/>\n<meta property=\"og:description\" content=\"Voici une opportunit\u00e9 de cr\u00e9er un widget M\u00e9t\u00e9o et de l&#039;ajouter \u00e0 votre site Web HTML. B\u00e9n\u00e9ficiez d&#039;une assistance client gratuite et d&#039;autres avantages d&#039;Elfsight.\" \/>\n<meta property=\"og:url\" content=\"https:\/\/elfsight.com\/fr\/weather-widget\/html\/\" \/>\n<meta property=\"og:site_name\" content=\"Elfsight FR\" \/>\n<meta property=\"article:modified_time\" content=\"2025-07-10T14:11:22+00:00\" \/>\n<meta name=\"twitter:card\" content=\"summary_large_image\" \/>\n<meta name=\"twitter:label1\" content=\"Dur\u00e9e de lecture estim\u00e9e\" \/>\n\t<meta name=\"twitter:data1\" content=\"3 minutes\" \/>\n<!-- \/ Yoast SEO plugin. -->","yoast_head_json":{"title":"Widget m\u00e9t\u00e9o \u2014 Ajoutez l'application M\u00e9t\u00e9o au site Web HTML (gratuit et rapide)","description":"Voici une opportunit\u00e9 de cr\u00e9er un widget M\u00e9t\u00e9o et de l'ajouter \u00e0 votre site Web HTML. B\u00e9n\u00e9ficiez d'une assistance client gratuite et d'autres avantages d'Elfsight.","robots":{"index":"index","follow":"follow","max-snippet":"max-snippet:-1","max-image-preview":"max-image-preview:large","max-video-preview":"max-video-preview:-1"},"canonical":"https:\/\/elfsight.com\/fr\/weather-widget\/html\/","og_locale":"fr_FR","og_type":"article","og_title":"Widget m\u00e9t\u00e9o \u2014 Ajoutez l'application M\u00e9t\u00e9o au site Web HTML (gratuit et rapide)","og_description":"Voici une opportunit\u00e9 de cr\u00e9er un widget M\u00e9t\u00e9o et de l'ajouter \u00e0 votre site Web HTML. B\u00e9n\u00e9ficiez d'une assistance client gratuite et d'autres avantages d'Elfsight.","og_url":"https:\/\/elfsight.com\/fr\/weather-widget\/html\/","og_site_name":"Elfsight FR","article_modified_time":"2025-07-10T14:11:22+00:00","twitter_card":"summary_large_image","twitter_misc":{"Dur\u00e9e de lecture estim\u00e9e":"3 minutes"},"schema":{"@context":"https:\/\/schema.org","@graph":[{"@type":"WebPage","@id":"https:\/\/elfsight.com\/fr\/weather-widget\/html\/","url":"https:\/\/elfsight.com\/fr\/weather-widget\/html\/","name":"Widget m\u00e9t\u00e9o \u2014 Ajoutez l'application M\u00e9t\u00e9o au site Web HTML (gratuit et rapide)","isPartOf":{"@id":"https:\/\/elfsight.com\/fr\/#website"},"datePublished":"1970-01-01T00:00:00+00:00","dateModified":"2025-07-10T14:11:22+00:00","description":"Voici une opportunit\u00e9 de cr\u00e9er un widget M\u00e9t\u00e9o et de l'ajouter \u00e0 votre site Web HTML. B\u00e9n\u00e9ficiez d'une assistance client gratuite et d'autres avantages d'Elfsight.","breadcrumb":{"@id":"https:\/\/elfsight.com\/fr\/weather-widget\/html\/#breadcrumb"},"inLanguage":"fr-FR","potentialAction":[{"@type":"ReadAction","target":["https:\/\/elfsight.com\/fr\/weather-widget\/html\/"]}]},{"@type":"BreadcrumbList","@id":"https:\/\/elfsight.com\/fr\/weather-widget\/html\/#breadcrumb","itemListElement":[{"@type":"ListItem","position":1,"name":"Home","item":"https:\/\/elfsight.com\/fr\/"},{"@type":"ListItem","position":2,"name":"Weather","item":"https:\/\/elfsight.com\/fr\/weather-widget\/"},{"@type":"ListItem","position":3,"name":"Weather &#8211; HTML"}]},{"@type":"WebSite","@id":"https:\/\/elfsight.com\/fr\/#website","url":"https:\/\/elfsight.com\/fr\/","name":"Elfsight FR","description":"","potentialAction":[{"@type":"SearchAction","target":{"@type":"EntryPoint","urlTemplate":"https:\/\/elfsight.com\/fr\/?s={search_term_string}"},"query-input":{"@type":"PropertyValueSpecification","valueRequired":true,"valueName":"search_term_string"}}],"inLanguage":"fr-FR"}]}},"meta_box":{"industry":"","seo_heading":"","heading":"","description":"","cta_heading":"","cta_description":"","application":"2496","h1":"Widget m\u00e9t\u00e9o HTML","h1_caption":"Affichez les informations m\u00e9t\u00e9orologiques actuelles pour n'importe quel endroit de votre site Web afin d'impliquer sans effort votre public local ou voyageur dans votre site Web HTML.","application_category":[],"applications_title":"","applications_request_title":"","applications_request_button_text":"","hero_text":"","hero_video":"","hero_video_schema_markup":"","selling_points_title":"","selling_points_caption":"","selling_points":[],"selling_points_cta_text":"","features_title":"","features":"","ed_cta_examples_text":"","ed_cta_examples_hidden":"","ed_cta_demo_text":"","ed_cta_demo_hidden":"","why_caption":"","why_editor_title":"","why_editor_text":"","why_team_title":"","why_team_text":"","why_service_title":"","why_service_text":"","template_catalog_visible":"","template_catalog_title":"","template_catalog_text":"","template_catalog_categories_visible":"","demo_title":"Cr\u00e9ez votre widget M\u00e9t\u00e9o","demo_caption":"Configurez votre M\u00e9t\u00e9o et ajoutez-la \u00e0 votre site HTML gratuitement !","default_faq_hidden":"","app_template_category":[],"platform":"352","template_public_id":"","codecanyon_url":"","codecanyon_item_id":"","codecanyon_price":"","pricing_caption":"","pricing_elfsight_apps_hide_column":"","pricing_elfsight_apps_url":"","pricing_codecanyon_price_caption":"","integration_category":[],"integration_request_title":"","integration_request_cta":"","integration_platform":"","integrations":[],"platform_category":[],"video_schema_markup":"","price":"\u00e0 partir de 0$ \/ mois","trial":"","benefits":[{"text":"Aide \u00e0 l'installation gratuite"},{"text":"Aide \u00e0 l'installation gratuite"},{"text":"Garantie de remboursement de 14 jours"},{"text":"Am\u00e9liorations continues"}],"button_url":"","button_target_blank":"","button_nofollow":"","attributes":[{"name":"Installations","content":"10,000 - 100,000"},{"name":"Sensible","content":"Oui"},{"name":"Navigateurs compatibles","content":"Firefox, Safari, Opera, Chrome, Edge"}],"tags":[],"tags_disable_links":"","hide_more_platforms":"","video_object":"","demo_hide_cta":"","demo_hide_cloud_options":"","pricing_title":"","pricing":[{"pricing_icon":"platform","pricing_title":"Elfsight Apps","pricing_title_caption":"Version ind\u00e9pendante de la plate-forme qui fonctionne sur n'importe quel site","pricing_price":"from $0 \/ month","pricing_price_caption":"commencez avec un forfait gratuit","pricing_benefits":[{"text":"Domaines illimit\u00e9s"},{"text":"Assistance client gratuite"},{"text":"Service d'installation gratuit"},{"text":"Prix \u200b\u200bsp\u00e9cial pour plusieurs applications"}],"pricing_button_text":"Ajouter au site Web","pricing_button_url":"#demo"}],"related_apps_title":"","related_apps_hidden":"","author":"","image":[],"title":"","job":"","social_networks":[]},"_links":{"self":[{"href":"https:\/\/elfsight.com\/fr\/wp-json\/wp\/v2\/pages\/11045","targetHints":{"allow":["GET"]}}],"collection":[{"href":"https:\/\/elfsight.com\/fr\/wp-json\/wp\/v2\/pages"}],"about":[{"href":"https:\/\/elfsight.com\/fr\/wp-json\/wp\/v2\/types\/page"}],"author":[{"embeddable":true,"href":"https:\/\/elfsight.com\/fr\/wp-json\/wp\/v2\/users\/9"}],"replies":[{"embeddable":true,"href":"https:\/\/elfsight.com\/fr\/wp-json\/wp\/v2\/comments?post=11045"}],"version-history":[{"count":1,"href":"https:\/\/elfsight.com\/fr\/wp-json\/wp\/v2\/pages\/11045\/revisions"}],"predecessor-version":[{"id":11049,"href":"https:\/\/elfsight.com\/fr\/wp-json\/wp\/v2\/pages\/11045\/revisions\/11049"}],"up":[{"embeddable":true,"href":"https:\/\/elfsight.com\/fr\/wp-json\/wp\/v2\/pages\/2497"}],"wp:attachment":[{"href":"https:\/\/elfsight.com\/fr\/wp-json\/wp\/v2\/media?parent=11045"}],"curies":[{"name":"wp","href":"https:\/\/api.w.org\/{rel}","templated":true}]}}