{"id":11043,"date":"1970-01-01T00:00:00","date_gmt":"1970-01-01T00:00:00","guid":{"rendered":"https:\/\/elfsight.com\/fr\/?page_id=11043"},"modified":"2025-07-10T14:12:08","modified_gmt":"2025-07-10T14:12:08","slug":"opencart","status":"publish","type":"page","link":"https:\/\/elfsight.com\/fr\/weather-widget\/opencart\/","title":{"rendered":"Weather &#8211; OpenCart"},"content":{"rendered":"<div class=\"application-platform-content-item-description application-platform-content-item\" id=\"description\" data-nav-section=\"description\"><h2>Description<\/h2><p>Elfsight Weather est un widget de site Web simple et tr\u00e8s ajustable, qui affiche les pr\u00e9visions m\u00e9t\u00e9orologiques \u00e0 jour. pour n&rsquo;importe quel domaine. Ajoutez l&#8217;emplacement en utilisant le nom, le code postal ou les coordonn\u00e9es. Les visiteurs du site Web v\u00e9rifieront les nouvelles donn\u00e9es sur la temp\u00e9rature, la pression, le pourcentage d\u2019humidit\u00e9 et la m\u00e9t\u00e9o active. Il existe une fonctionnalit\u00e9 pour afficher les pr\u00e9visions horaires ou quotidiennes. Vous pouvez ajuster l&rsquo;interface \u00e0 l&rsquo;aide d&rsquo;images d&rsquo;arri\u00e8re-plan sur le th\u00e8me de la m\u00e9t\u00e9o et de la possibilit\u00e9 de choisir vos propres couleurs. <\/p><p><b>Facilitez la r\u00e9servation de votre voyage aux clients avec la m\u00e9t\u00e9o \u00e0 port\u00e9e de vue ! <\/b><\/p><\/div><div class=\"application-platform-content-item-features application-platform-content-item\" id=\"features\" data-nav-section=\"features\"><p>Voici une liste de toutes les fonctionnalit\u00e9s du widget M\u00e9t\u00e9o. Vous pouvez les d\u00e9finir directement dans l&rsquo;\u00e9diteur et ils vous aideront \u00e0 fa\u00e7onner le widget sp\u00e9cialement pour vos besoins. <\/p><ul><li>Trois fa\u00e7ons de saisir le lieu\u00a0: le nom, le code postal ou les coordonn\u00e9es\u00a0; <\/li><li>Plus de 30\u00a0langues incluses pour afficher les informations m\u00e9t\u00e9orologiques dans votre langue maternelle\u00a0; <\/li><li>Cinq variantes de configuration du widget pour diff\u00e9rents cas d&rsquo;utilisation\u00a0; <\/li><li>La possibilit\u00e9 d&rsquo;afficher les pr\u00e9visions quotidiennes pour une semaine avec des dates\u00a0; <\/li><li>Afficher les pr\u00e9visions horaires pour les douze heures les plus proches. <\/li><\/ul><p><a href=\"#demo\">D\u00e9couvrez comment fonctionnent toutes les fonctionnalit\u00e9s, dans notre d\u00e9mo<\/a><\/p><\/div><div class=\"application-platform-content-item-installation application-platform-content-item\" id=\"installation\" data-nav-section=\"installation\"> <h2>Comment ajouter l&rsquo;extension M\u00e9t\u00e9o \u00e0 mon site Web OpenCart\u00a0? <\/h2><p>Pour ins\u00e9rer le widget, suivez simplement ces \u00e9tapes rapides<\/p><ol><li><b>Lancez notre \u00e9diteur gratuit et commencez \u00e0 cr\u00e9er votre extension M\u00e9t\u00e9o personnalis\u00e9e. <\/b><br> Choisissez l&rsquo;apparence et les performances pr\u00e9f\u00e9rables de l&rsquo;extension et appliquez toutes les modifications. <\/li> <li><b>Copiez votre code unique qui appara\u00eet dans la case sur les applications Elfsight. <\/b><br> D\u00e8s que la configuration de votre extension est termin\u00e9e, copiez votre code dans la zone qui appara\u00eet et conservez-le pour un besoin ult\u00e9rieur. <\/li> <li><b>Initiez l&rsquo;utilisation de l&rsquo;extension sur votre page Web OpenCart. <\/b><br> Int\u00e9grez le code copi\u00e9 r\u00e9cemment dans votre site Web et appliquez les am\u00e9liorations. <\/li> <li><b>L&rsquo;installation est enti\u00e8rement termin\u00e9e. <\/b><br> Visitez votre site pour visualiser le fonctionnement de l&rsquo;extension. <\/li><\/ol><p>N&rsquo;h\u00e9sitez pas \u00e0 contacter le support client d&rsquo;Elfsight lorsque vous avez besoin d&rsquo;aide ou si vous avez des questions. Nos sp\u00e9cialistes se feront un plaisir de r\u00e9pondre \u00e0 chaque demande. <\/p><div class=\"faq\" data-component=\"FAQ\"><div class=\"faq-item\">\r\n\t\t\t\t\t<div class=\"faq-item-question\">\r\n\t\t\t\t\t\t<h3 class=\"faq-item-question-text\">Existe-t-il une m\u00e9thode pour ajouter M\u00e9t\u00e9o \u00e0 ma page d'accueil OpenCart sans comp\u00e9tences en codage ?<\/h3>\r\n\r\n\t\t\t\t\t\t<div class=\"faq-item-question-icon\"><\/div>\r\n\t\t\t\t\t<\/div>\r\n\r\n\t\t\t\t\t<div class=\"faq-item-answer\">\r\n\t\t\t\t\t\t<div class=\"faq-item-answer-text\"> <p>La soci\u00e9t\u00e9 Elfsight pr\u00e9sente une solution Cloud qui vous permet de cr\u00e9er vous-m\u00eame un plugin M\u00e9t\u00e9o, regardez le processus simple guide\u00a0: Acc\u00e9dez \u00e0 la d\u00e9mo en ligne pour cr\u00e9er un widget M\u00e9t\u00e9o que vous souhaitez int\u00e9grer sur OpenCart. S\u00e9lectionnez l&rsquo;un des nombreux mod\u00e8les pr\u00e9d\u00e9finis et adaptez les param\u00e8tres M\u00e9t\u00e9o, modifiez la disposition et la couleur des \u00e9l\u00e9ments et mettez \u00e0 jour votre contenu, sans aucune comp\u00e9tence en codage. Cliquez pour enregistrer les param\u00e8tres que vous avez d\u00e9finis dans Weather et obtenir le code du plugin pour l&rsquo;installation, qui peut \u00eatre facilement inclus dans la page Web OpenCart \u00e0 l&rsquo;aide d&rsquo;un plan gratuit. En travaillant dans l&rsquo;\u00e9diteur simple, tout utilisateur Web peut g\u00e9n\u00e9rer une application m\u00e9t\u00e9o et l&rsquo;int\u00e9grer facilement \u00e0 la page d&rsquo;accueil d&rsquo;OpenCart. Il n&rsquo;est pas n\u00e9cessaire d&rsquo;obtenir un forfait payant ou de saisir les donn\u00e9es de votre carte pour acc\u00e9der au service. Si vous rencontrez des obstacles \u00e0 n&rsquo;importe quelle \u00e9tape, n&rsquo;h\u00e9sitez pas \u00e0 parler \u00e0 notre \u00e9quipe d&rsquo;assistance technique.<\/p> <\/div>\r\n\t\t\t\t\t<\/div>\r\n\t\t\t\t<\/div> <\/div><\/div>","protected":false},"excerpt":{"rendered":"","protected":false},"author":9,"featured_media":0,"parent":2497,"menu_order":0,"comment_status":"closed","ping_status":"closed","template":"templates\/template-application-platform.php","meta":{"publish_to_discourse":"","publish_post_category":"","wpdc_auto_publish_overridden":"","wpdc_topic_tags":"","wpdc_pin_topic":"","wpdc_pin_until":"","discourse_post_id":"","discourse_permalink":"","wpdc_publishing_response":"","wpdc_publishing_error":"","footnotes":""},"class_list":["post-11043","page","type-page","status-publish","hentry"],"yoast_head":"<!-- This site is optimized with the Yoast SEO plugin v25.3.1 - https:\/\/yoast.com\/wordpress\/plugins\/seo\/ -->\n<title>Widget m\u00e9t\u00e9o \u2014 Ajoutez l&#039;application M\u00e9t\u00e9o au site Web OpenCart (gratuit et rapide)<\/title>\n<meta name=\"description\" content=\"Cr\u00e9ez un design et int\u00e9grez simplement votre widget M\u00e9t\u00e9o et affichez-le sur le site Web OpenCart. Le support client Elfsight est gratuit.\" \/>\n<meta name=\"robots\" content=\"index, follow, max-snippet:-1, max-image-preview:large, max-video-preview:-1\" \/>\n<link rel=\"canonical\" href=\"https:\/\/elfsight.com\/fr\/weather-widget\/opencart\/\" \/>\n<meta property=\"og:locale\" content=\"fr_FR\" \/>\n<meta property=\"og:type\" content=\"article\" \/>\n<meta property=\"og:title\" content=\"Widget m\u00e9t\u00e9o \u2014 Ajoutez l&#039;application M\u00e9t\u00e9o au site Web OpenCart (gratuit et rapide)\" \/>\n<meta property=\"og:description\" content=\"Cr\u00e9ez un design et int\u00e9grez simplement votre widget M\u00e9t\u00e9o et affichez-le sur le site Web OpenCart. Le support client Elfsight est gratuit.\" \/>\n<meta property=\"og:url\" content=\"https:\/\/elfsight.com\/fr\/weather-widget\/opencart\/\" \/>\n<meta property=\"og:site_name\" content=\"Elfsight FR\" \/>\n<meta property=\"article:modified_time\" content=\"2025-07-10T14:12:08+00:00\" \/>\n<meta name=\"twitter:card\" content=\"summary_large_image\" \/>\n<meta name=\"twitter:label1\" content=\"Dur\u00e9e de lecture estim\u00e9e\" \/>\n\t<meta name=\"twitter:data1\" content=\"3 minutes\" \/>\n<!-- \/ Yoast SEO plugin. -->","yoast_head_json":{"title":"Widget m\u00e9t\u00e9o \u2014 Ajoutez l'application M\u00e9t\u00e9o au site Web OpenCart (gratuit et rapide)","description":"Cr\u00e9ez un design et int\u00e9grez simplement votre widget M\u00e9t\u00e9o et affichez-le sur le site Web OpenCart. Le support client Elfsight est gratuit.","robots":{"index":"index","follow":"follow","max-snippet":"max-snippet:-1","max-image-preview":"max-image-preview:large","max-video-preview":"max-video-preview:-1"},"canonical":"https:\/\/elfsight.com\/fr\/weather-widget\/opencart\/","og_locale":"fr_FR","og_type":"article","og_title":"Widget m\u00e9t\u00e9o \u2014 Ajoutez l'application M\u00e9t\u00e9o au site Web OpenCart (gratuit et rapide)","og_description":"Cr\u00e9ez un design et int\u00e9grez simplement votre widget M\u00e9t\u00e9o et affichez-le sur le site Web OpenCart. Le support client Elfsight est gratuit.","og_url":"https:\/\/elfsight.com\/fr\/weather-widget\/opencart\/","og_site_name":"Elfsight FR","article_modified_time":"2025-07-10T14:12:08+00:00","twitter_card":"summary_large_image","twitter_misc":{"Dur\u00e9e de lecture estim\u00e9e":"3 minutes"},"schema":{"@context":"https:\/\/schema.org","@graph":[{"@type":"WebPage","@id":"https:\/\/elfsight.com\/fr\/weather-widget\/opencart\/","url":"https:\/\/elfsight.com\/fr\/weather-widget\/opencart\/","name":"Widget m\u00e9t\u00e9o \u2014 Ajoutez l'application M\u00e9t\u00e9o au site Web OpenCart (gratuit et rapide)","isPartOf":{"@id":"https:\/\/elfsight.com\/fr\/#website"},"datePublished":"1970-01-01T00:00:00+00:00","dateModified":"2025-07-10T14:12:08+00:00","description":"Cr\u00e9ez un design et int\u00e9grez simplement votre widget M\u00e9t\u00e9o et affichez-le sur le site Web OpenCart. Le support client Elfsight est gratuit.","breadcrumb":{"@id":"https:\/\/elfsight.com\/fr\/weather-widget\/opencart\/#breadcrumb"},"inLanguage":"fr-FR","potentialAction":[{"@type":"ReadAction","target":["https:\/\/elfsight.com\/fr\/weather-widget\/opencart\/"]}]},{"@type":"BreadcrumbList","@id":"https:\/\/elfsight.com\/fr\/weather-widget\/opencart\/#breadcrumb","itemListElement":[{"@type":"ListItem","position":1,"name":"Home","item":"https:\/\/elfsight.com\/fr\/"},{"@type":"ListItem","position":2,"name":"Weather","item":"https:\/\/elfsight.com\/fr\/weather-widget\/"},{"@type":"ListItem","position":3,"name":"Weather &#8211; OpenCart"}]},{"@type":"WebSite","@id":"https:\/\/elfsight.com\/fr\/#website","url":"https:\/\/elfsight.com\/fr\/","name":"Elfsight FR","description":"","potentialAction":[{"@type":"SearchAction","target":{"@type":"EntryPoint","urlTemplate":"https:\/\/elfsight.com\/fr\/?s={search_term_string}"},"query-input":{"@type":"PropertyValueSpecification","valueRequired":true,"valueName":"search_term_string"}}],"inLanguage":"fr-FR"}]}},"meta_box":{"industry":"","seo_heading":"","heading":"","description":"","cta_heading":"","cta_description":"","application":"2496","h1":"Extension m\u00e9t\u00e9o OpenCart","h1_caption":"Affichez les informations m\u00e9t\u00e9orologiques actuelles pour n'importe quel endroit de votre site Web pour impliquer sans effort votre public local ou voyageur dans votre site Web Opencart.","application_category":[],"applications_title":"","applications_request_title":"","applications_request_button_text":"","hero_text":"","hero_video":"","hero_video_schema_markup":"","selling_points_title":"","selling_points_caption":"","selling_points":[],"selling_points_cta_text":"","features_title":"","features":"","ed_cta_examples_text":"","ed_cta_examples_hidden":"","ed_cta_demo_text":"","ed_cta_demo_hidden":"","why_caption":"","why_editor_title":"","why_editor_text":"","why_team_title":"","why_team_text":"","why_service_title":"","why_service_text":"","template_catalog_visible":"","template_catalog_title":"","template_catalog_text":"","template_catalog_categories_visible":"","demo_title":"Cr\u00e9ez votre extension M\u00e9t\u00e9o","demo_caption":"Configurez votre m\u00e9t\u00e9o et ajoutez-la gratuitement \u00e0 votre site Web OpenCart\u00a0!","default_faq_hidden":"","app_template_category":[],"platform":"359","template_public_id":"","codecanyon_url":"","codecanyon_item_id":"","codecanyon_price":"","pricing_caption":"","pricing_elfsight_apps_hide_column":"","pricing_elfsight_apps_url":"","pricing_codecanyon_price_caption":"","integration_category":[],"integration_request_title":"","integration_request_cta":"","integration_platform":"","integrations":[],"platform_category":[],"video_schema_markup":"","price":"\u00e0 partir de 0$ \/ mois","trial":"","benefits":[{"text":"Service d'installation gratuit"},{"text":"Service client efficace"},{"text":"Garantie de remboursement de 14 jours"},{"text":"Am\u00e9liorations gratuites et continues"}],"button_url":"","button_target_blank":"","button_nofollow":"","attributes":[{"name":"Installations","content":"10,000 - 100,000"},{"name":"Sensible","content":"Oui"},{"name":"Navigateurs compatibles","content":"Opera, Safari, Edge, Firefox, Chrome"}],"tags":[],"tags_disable_links":"","hide_more_platforms":"","video_object":"","demo_hide_cta":"","demo_hide_cloud_options":"","pricing_title":"","pricing":[{"pricing_icon":"platform","pricing_title":"Elfsight Apps","pricing_title_caption":"Solution num\u00e9rique multiplateforme","pricing_price":"from $0 \/ month","pricing_price_caption":"commencez avec un forfait gratuit","pricing_benefits":[{"text":"Sites Web illimit\u00e9s"},{"text":"Assistance gratuite et ponctuelle"},{"text":"Assistance \u00e0 l'installation gratuite"},{"text":"100% personnalisable"}],"pricing_button_text":"Ajouter au site Web","pricing_button_url":"#demo"}],"related_apps_title":"","related_apps_hidden":"","author":"","image":[],"title":"","job":"","social_networks":[]},"_links":{"self":[{"href":"https:\/\/elfsight.com\/fr\/wp-json\/wp\/v2\/pages\/11043","targetHints":{"allow":["GET"]}}],"collection":[{"href":"https:\/\/elfsight.com\/fr\/wp-json\/wp\/v2\/pages"}],"about":[{"href":"https:\/\/elfsight.com\/fr\/wp-json\/wp\/v2\/types\/page"}],"author":[{"embeddable":true,"href":"https:\/\/elfsight.com\/fr\/wp-json\/wp\/v2\/users\/9"}],"replies":[{"embeddable":true,"href":"https:\/\/elfsight.com\/fr\/wp-json\/wp\/v2\/comments?post=11043"}],"version-history":[{"count":1,"href":"https:\/\/elfsight.com\/fr\/wp-json\/wp\/v2\/pages\/11043\/revisions"}],"predecessor-version":[{"id":11047,"href":"https:\/\/elfsight.com\/fr\/wp-json\/wp\/v2\/pages\/11043\/revisions\/11047"}],"up":[{"embeddable":true,"href":"https:\/\/elfsight.com\/fr\/wp-json\/wp\/v2\/pages\/2497"}],"wp:attachment":[{"href":"https:\/\/elfsight.com\/fr\/wp-json\/wp\/v2\/media?parent=11043"}],"curies":[{"name":"wp","href":"https:\/\/api.w.org\/{rel}","templated":true}]}}