{"id":11042,"date":"1970-01-01T00:00:00","date_gmt":"1970-01-01T00:00:00","guid":{"rendered":"https:\/\/elfsight.com\/fr\/?page_id=11042"},"modified":"2025-07-10T14:12:20","modified_gmt":"2025-07-10T14:12:20","slug":"shopify","status":"publish","type":"page","link":"https:\/\/elfsight.com\/fr\/weather-widget\/shopify\/","title":{"rendered":"Weather &#8211; Shopify"},"content":{"rendered":"<div class=\"application-platform-content-item-description application-platform-content-item\" id=\"description\" data-nav-section=\"description\"><h2>Int\u00e9grez la m\u00e9t\u00e9o sur Shopify avec le widget Elfsight<\/h2><p>Elfsight Weather est un widget de site Web rapide et tr\u00e8s adaptatif pour afficher les informations pertinentes. pr\u00e9visions m\u00e9t\u00e9orologiques pour un emplacement s\u00e9lectionn\u00e9. Ins\u00e9rez l&#8217;emplacement par le titre, le code postal ou les coordonn\u00e9es. Vos utilisateurs v\u00e9rifieront les nouvelles informations sur la temp\u00e9rature, la pression, l&rsquo;humidit\u00e9 et la m\u00e9t\u00e9o active. Il existe une option pour afficher les pr\u00e9visions horaires ou quotidiennes. Vous pouvez personnaliser l&rsquo;interface en utilisant un arri\u00e8re-plan th\u00e9matique et la possibilit\u00e9 de choisir n&rsquo;importe quelle couleur. <\/p><p><b>Permettez aux clients de planifier facilement leur voyage avec les pr\u00e9visions m\u00e9t\u00e9orologiques toujours \u00e0 port\u00e9e de main\u00a0! <\/b><\/p><\/div><div class=\"application-platform-content-item-features application-platform-content-item\" id=\"features\" data-nav-section=\"features\"><p>Ici vous pouvez voir toutes les fonctions du widget M\u00e9t\u00e9o. Ils sont disponibles directement dans l&rsquo;\u00e9diteur et vous aideront \u00e0 cr\u00e9er le widget adapt\u00e9 \u00e0 votre cas. <\/p><ul><li>3 m\u00e9thodes de saisie du lieu\u00a0: le nom, le code postal ou les coordonn\u00e9es\u00a0; <\/li><li>Plus de 30 langues incluses pour afficher les d\u00e9tails m\u00e9t\u00e9orologiques dans votre langue maternelle\u00a0; <\/li><li>5 variantes de configuration du widget pour diff\u00e9rents cas d&rsquo;utilisation\u00a0; <\/li><li>L&rsquo;option pour afficher les pr\u00e9visions quotidiennes pour la semaine \u00e0 venir avec les dates\u00a0; <\/li><li>D\u00e9montrez la m\u00e9t\u00e9o heure par heure pour les douze prochaines heures. <\/li><\/ul><p><a href=\"#demo\">Essayez toutes les autres fonctions de la d\u00e9mo<\/a><\/p><\/div><div class=\"application-platform-content-item-installation application-platform-content-item\" id=\"installation\" data-nav-section=\"installation\"><h2> Comment int\u00e9grer l&rsquo;application M\u00e9t\u00e9o sur Shopify ? <\/h2><div class=\"video-container\"><iframe width=\"720\" height=\"405\" src=\"https:\/\/www.youtube.com\/embed\/_1AL1BgluKc\" frameborder=\"0\" allowfullscreen=\"\"><\/iframe><\/div><p>Pour introduire le widget M\u00e9t\u00e9o, suivez les \u00e9tapes rapides suivantes<\/p><ol><li><b>Configurez l&rsquo;application<\/b><br>Acc\u00e9dez \u00e0 Site Shopify et acc\u00e9dez \u00e0 la page de l&rsquo;application. Cliquez sur le bouton \u00ab\u00a0Obtenir\u00a0\u00bb pour int\u00e9grer l&rsquo;application sur votre site Web. <\/li><li><b>Configurer les param\u00e8tres de l&rsquo;application<\/b><br>D\u00e9finir les donn\u00e9es de l&rsquo;application : contenu et options de l&rsquo;interface. Une fois la personnalisation termin\u00e9e, vous recevrez un code d&rsquo;installation individuel. Copiez le code pour une utilisation ult\u00e9rieure. <\/li><li><b>Ajoutez l&rsquo;application \u00e0 la page<\/b><br>Entrez dans la section \u00ab\u00a0Pages\u00a0\u00bb et ouvrez la page pour afficher l&rsquo;application. \u00c0 c\u00f4t\u00e9 de cela, int\u00e9grez le code en mode HTML et publiez les modifications. <\/li><li><b>Fait\u00a0! <\/b><br>Visitez votre site Web pour v\u00e9rifier votre nouvelle application\u00a0! <\/li><\/ol><p>N&rsquo;h\u00e9sitez pas \u00e0 communiquer avec notre service client si vous avez besoin de conseils ou si vous avez quelque chose \u00e0 demander. Nos sp\u00e9cialistes se feront un plaisir de r\u00e9pondre \u00e0 chaque demande. <\/p><div class=\"faq\" data-component=\"FAQ\"><div class=\"faq-item\">\r\n\t\t\t\t\t<div class=\"faq-item-question\">\r\n\t\t\t\t\t\t<h3 class=\"faq-item-question-text\">Quelles autres applications sont n\u00e9cessaires pour un site Web Shopify ?<\/h3>\r\n\r\n\t\t\t\t\t\t<div class=\"faq-item-question-icon\"><\/div>\r\n\t\t\t\t\t<\/div>\r\n\r\n\t\t\t\t\t<div class=\"faq-item-answer\">\r\n\t\t\t\t\t\t<div class=\"faq-item-answer-text\"><p>Shopify lui-m\u00eame propose de nombreux instruments pour am\u00e9liorer les sites Web de commerce \u00e9lectronique. Si vous souhaitez rendre votre Shopify encore plus puissant, vous pouvez utiliser les applications Elfsight.<\/p><p>Par exemple, il existe <a href=\"https:\/\/elfsight.com\/google-reviews-widget\/ shopify\/\">Avis Google<\/a>, <a href=\"https:\/\/elfsight.com\/slider-widget\/shopify\/\">Slider<\/a> et <a href=\"https:\/\/elfsight. com\/instagram-feed-instashow\/shopify\/\">Instagram Feed<\/a> qui vous convient. Vous pouvez \u00e9galement trouver <a href=\"https:\/\/elfsight.com\/pdf-embed-widget\/shopify\/\">PDF Embed<\/a> et <a href=\"https:\/\/elfsight.com\/logo- showcase-widget\/shopify\/\">Logo Showcase<\/a>, et bien d&rsquo;autres pour mettre \u00e0 niveau un site Web Shopify.<\/p><\/div>\r\n\t\t\t\t\t<\/div>\r\n\t\t\t\t<\/div><div class=\"faq-item\">\r\n\t\t\t\t\t<div class=\"faq-item-question\">\r\n\t\t\t\t\t\t<h3 class=\"faq-item-question-text\">Comment int\u00e9grer le widget M\u00e9t\u00e9o sur un Page Shopify ?<\/h3>\r\n\r\n\t\t\t\t\t\t<div class=\"faq-item-question-icon\"><\/div>\r\n\t\t\t\t\t<\/div>\r\n\r\n\t\t\t\t\t<div class=\"faq-item-answer\">\r\n\t\t\t\t\t\t<div class=\"faq-item-answer-text\"><p>L&rsquo;installation prendra environ quelques secondes. Vous ajouterez simplement un emplacement personnalis\u00e9, activerez ou d\u00e9sactiverez les chiffres de temp\u00e9rature dans le configurateur en ligne gratuit et obtiendrez un code d&rsquo;installation.<\/p><p>De plus, vous devez simplement coller le code dans le bloc de code requis sur un page Web n\u00e9cessaire. C&rsquo;est \u00e7a! Votre application M\u00e9t\u00e9o appara\u00eetra d\u00e8s que possible sur un site Web Shopify\u00a0! Cependant, si vous avez besoin d&rsquo;en savoir plus sur l&rsquo;installation, vous \u00eates toujours libre de le faire <a href=\"https:\/\/elfsight.com\/tutorials\/how-to-add-weather-widget\/#how-to-add -weather-to-shopify\">sur cette page<\/a>.<\/p><\/div>\r\n\t\t\t\t\t<\/div>\r\n\t\t\t\t<\/div><div class=\"faq-item\">\r\n\t\t\t\t\t<div class=\"faq-item-question\">\r\n\t\t\t\t\t\t<h3 class=\"faq-item-question-text\">Puis-je voir \u00e0 quoi ressemblera le widget sur mon site ?<\/h3>\r\n\r\n\t\t\t\t\t\t<div class=\"faq-item-question-icon\"><\/div>\r\n\t\t\t\t\t<\/div>\r\n\r\n\t\t\t\t\t<div class=\"faq-item-answer\">\r\n\t\t\t\t\t\t<div class=\"faq-item-answer-text\"><p> Certainement ! En train de modifier l&rsquo;application m\u00e9t\u00e9o Shopify <a href=\"https:\/\/elfsight.com\/weather-widget\/#demo\">dans l&rsquo;\u00e9diteur en ligne gratuit<\/a>, vous verrez toutes les configurations dans la partie droite de l&rsquo;\u00e9diteur. Le widget m\u00e9t\u00e9o aura exactement le m\u00eame aspect que celui que vous aurez sur un site Web Shopify.<\/p><\/div>\r\n\t\t\t\t\t<\/div>\r\n\t\t\t\t<\/div><\/div><\/div>","protected":false},"excerpt":{"rendered":"","protected":false},"author":9,"featured_media":0,"parent":2497,"menu_order":0,"comment_status":"closed","ping_status":"closed","template":"templates\/template-application-platform.php","meta":{"publish_to_discourse":"","publish_post_category":"","wpdc_auto_publish_overridden":"","wpdc_topic_tags":"","wpdc_pin_topic":"","wpdc_pin_until":"","discourse_post_id":"","discourse_permalink":"","wpdc_publishing_response":"","wpdc_publishing_error":"","footnotes":""},"class_list":["post-11042","page","type-page","status-publish","hentry"],"yoast_head":"<!-- This site is optimized with the Yoast SEO plugin v25.3.1 - https:\/\/yoast.com\/wordpress\/plugins\/seo\/ -->\n<title>Widget m\u00e9t\u00e9o \u2014 Ajoutez l&#039;application M\u00e9t\u00e9o au site Web Shopify (gratuit et rapide)<\/title>\n<meta name=\"description\" content=\"Voici une opportunit\u00e9 de cr\u00e9er un plugin M\u00e9t\u00e9o et de l&#039;int\u00e9grer \u00e0 votre site Web Shopify. B\u00e9n\u00e9ficiez d&#039;un service client gratuit et d&#039;autres bonus d&#039;Elfsight.\" \/>\n<meta name=\"robots\" content=\"index, follow, max-snippet:-1, max-image-preview:large, max-video-preview:-1\" \/>\n<link rel=\"canonical\" href=\"https:\/\/elfsight.com\/fr\/weather-widget\/shopify\/\" \/>\n<meta property=\"og:locale\" content=\"fr_FR\" \/>\n<meta property=\"og:type\" content=\"article\" \/>\n<meta property=\"og:title\" content=\"Widget m\u00e9t\u00e9o \u2014 Ajoutez l&#039;application M\u00e9t\u00e9o au site Web Shopify (gratuit et rapide)\" \/>\n<meta property=\"og:description\" content=\"Voici une opportunit\u00e9 de cr\u00e9er un plugin M\u00e9t\u00e9o et de l&#039;int\u00e9grer \u00e0 votre site Web Shopify. B\u00e9n\u00e9ficiez d&#039;un service client gratuit et d&#039;autres bonus d&#039;Elfsight.\" \/>\n<meta property=\"og:url\" content=\"https:\/\/elfsight.com\/fr\/weather-widget\/shopify\/\" \/>\n<meta property=\"og:site_name\" content=\"Elfsight FR\" \/>\n<meta property=\"article:modified_time\" content=\"2025-07-10T14:12:20+00:00\" \/>\n<meta name=\"twitter:card\" content=\"summary_large_image\" \/>\n<meta name=\"twitter:label1\" content=\"Dur\u00e9e de lecture estim\u00e9e\" \/>\n\t<meta name=\"twitter:data1\" content=\"3 minutes\" \/>\n<!-- \/ Yoast SEO plugin. -->","yoast_head_json":{"title":"Widget m\u00e9t\u00e9o \u2014 Ajoutez l'application M\u00e9t\u00e9o au site Web Shopify (gratuit et rapide)","description":"Voici une opportunit\u00e9 de cr\u00e9er un plugin M\u00e9t\u00e9o et de l'int\u00e9grer \u00e0 votre site Web Shopify. B\u00e9n\u00e9ficiez d'un service client gratuit et d'autres bonus d'Elfsight.","robots":{"index":"index","follow":"follow","max-snippet":"max-snippet:-1","max-image-preview":"max-image-preview:large","max-video-preview":"max-video-preview:-1"},"canonical":"https:\/\/elfsight.com\/fr\/weather-widget\/shopify\/","og_locale":"fr_FR","og_type":"article","og_title":"Widget m\u00e9t\u00e9o \u2014 Ajoutez l'application M\u00e9t\u00e9o au site Web Shopify (gratuit et rapide)","og_description":"Voici une opportunit\u00e9 de cr\u00e9er un plugin M\u00e9t\u00e9o et de l'int\u00e9grer \u00e0 votre site Web Shopify. B\u00e9n\u00e9ficiez d'un service client gratuit et d'autres bonus d'Elfsight.","og_url":"https:\/\/elfsight.com\/fr\/weather-widget\/shopify\/","og_site_name":"Elfsight FR","article_modified_time":"2025-07-10T14:12:20+00:00","twitter_card":"summary_large_image","twitter_misc":{"Dur\u00e9e de lecture estim\u00e9e":"3 minutes"},"schema":{"@context":"https:\/\/schema.org","@graph":[{"@type":"WebPage","@id":"https:\/\/elfsight.com\/fr\/weather-widget\/shopify\/","url":"https:\/\/elfsight.com\/fr\/weather-widget\/shopify\/","name":"Widget m\u00e9t\u00e9o \u2014 Ajoutez l'application M\u00e9t\u00e9o au site Web Shopify (gratuit et rapide)","isPartOf":{"@id":"https:\/\/elfsight.com\/fr\/#website"},"datePublished":"1970-01-01T00:00:00+00:00","dateModified":"2025-07-10T14:12:20+00:00","description":"Voici une opportunit\u00e9 de cr\u00e9er un plugin M\u00e9t\u00e9o et de l'int\u00e9grer \u00e0 votre site Web Shopify. B\u00e9n\u00e9ficiez d'un service client gratuit et d'autres bonus d'Elfsight.","breadcrumb":{"@id":"https:\/\/elfsight.com\/fr\/weather-widget\/shopify\/#breadcrumb"},"inLanguage":"fr-FR","potentialAction":[{"@type":"ReadAction","target":["https:\/\/elfsight.com\/fr\/weather-widget\/shopify\/"]}]},{"@type":"BreadcrumbList","@id":"https:\/\/elfsight.com\/fr\/weather-widget\/shopify\/#breadcrumb","itemListElement":[{"@type":"ListItem","position":1,"name":"Home","item":"https:\/\/elfsight.com\/fr\/"},{"@type":"ListItem","position":2,"name":"Weather","item":"https:\/\/elfsight.com\/fr\/weather-widget\/"},{"@type":"ListItem","position":3,"name":"Weather &#8211; Shopify"}]},{"@type":"WebSite","@id":"https:\/\/elfsight.com\/fr\/#website","url":"https:\/\/elfsight.com\/fr\/","name":"Elfsight FR","description":"","potentialAction":[{"@type":"SearchAction","target":{"@type":"EntryPoint","urlTemplate":"https:\/\/elfsight.com\/fr\/?s={search_term_string}"},"query-input":{"@type":"PropertyValueSpecification","valueRequired":true,"valueName":"search_term_string"}}],"inLanguage":"fr-FR"}]}},"meta_box":{"industry":"","seo_heading":"","heading":"","description":"","cta_heading":"","cta_description":"","application":"2496","h1":"Application M\u00e9t\u00e9o Shopify","h1_caption":"Affichez les informations m\u00e9t\u00e9orologiques actuelles pour n'importe quel endroit de votre site Web pour impliquer sans effort votre public local ou voyageur dans votre site Web Shopify.","application_category":[],"applications_title":"","applications_request_title":"","applications_request_button_text":"","hero_text":"","hero_video":"","hero_video_schema_markup":"","selling_points_title":"","selling_points_caption":"","selling_points":[],"selling_points_cta_text":"","features_title":"","features":"","ed_cta_examples_text":"","ed_cta_examples_hidden":"","ed_cta_demo_text":"","ed_cta_demo_hidden":"","why_caption":"","why_editor_title":"","why_editor_text":"","why_team_title":"","why_team_text":"","why_service_title":"","why_service_text":"","template_catalog_visible":"","template_catalog_title":"","template_catalog_text":"","template_catalog_categories_visible":"","demo_title":"Cr\u00e9ez votre application M\u00e9t\u00e9o","demo_caption":"Configurez votre m\u00e9t\u00e9o et ajoutez-la \u00e0 votre site Web Shopify gratuitement\u00a0!","default_faq_hidden":"","app_template_category":[],"platform":"360","template_public_id":"","codecanyon_url":"","codecanyon_item_id":"","codecanyon_price":"","pricing_caption":"","pricing_elfsight_apps_hide_column":"","pricing_elfsight_apps_url":"","pricing_codecanyon_price_caption":"","integration_category":[],"integration_request_title":"","integration_request_cta":"","integration_platform":"","integrations":[],"platform_category":[],"video_schema_markup":"","price":"\u00e0 partir de 0$ \/ mois","trial":"","benefits":[{"text":"Service d'installation gratuit"},{"text":"Assistance premium"},{"text":"Garantie de remboursement de 14 jours"},{"text":"Mises \u00e0 jour gratuites et continues"}],"button_url":"","button_target_blank":"","button_nofollow":"","attributes":[{"name":"Installations","content":"10,000 - 100,000"},{"name":"Sensible","content":"Oui"},{"name":"Navigateurs compatibles","content":"Firefox, Safari, Opera, Chrome, Edge"}],"tags":[],"tags_disable_links":"","hide_more_platforms":"","video_object":"","demo_hide_cta":"","demo_hide_cloud_options":"","pricing_title":"","pricing":[{"pricing_icon":"cloud","pricing_title":"Elfsight Apps","pricing_title_caption":"Version multiplateforme qui fonctionne sur n'importe quel site Web","pricing_price":"from $0 \/ month","pricing_price_caption":"commencez avec un forfait gratuit","pricing_benefits":[{"text":"Sites Web illimit\u00e9s"},{"text":"Assistance premium"},{"text":"Service d'installation gratuit"},{"text":"Offre sp\u00e9ciale pour plusieurs applications"}],"pricing_button_text":"Ajouter au site Web","pricing_button_url":"#demo"}],"related_apps_title":"","related_apps_hidden":"","author":"","image":[],"title":"","job":"","social_networks":[]},"_links":{"self":[{"href":"https:\/\/elfsight.com\/fr\/wp-json\/wp\/v2\/pages\/11042","targetHints":{"allow":["GET"]}}],"collection":[{"href":"https:\/\/elfsight.com\/fr\/wp-json\/wp\/v2\/pages"}],"about":[{"href":"https:\/\/elfsight.com\/fr\/wp-json\/wp\/v2\/types\/page"}],"author":[{"embeddable":true,"href":"https:\/\/elfsight.com\/fr\/wp-json\/wp\/v2\/users\/9"}],"replies":[{"embeddable":true,"href":"https:\/\/elfsight.com\/fr\/wp-json\/wp\/v2\/comments?post=11042"}],"version-history":[{"count":1,"href":"https:\/\/elfsight.com\/fr\/wp-json\/wp\/v2\/pages\/11042\/revisions"}],"predecessor-version":[{"id":11046,"href":"https:\/\/elfsight.com\/fr\/wp-json\/wp\/v2\/pages\/11042\/revisions\/11046"}],"up":[{"embeddable":true,"href":"https:\/\/elfsight.com\/fr\/wp-json\/wp\/v2\/pages\/2497"}],"wp:attachment":[{"href":"https:\/\/elfsight.com\/fr\/wp-json\/wp\/v2\/media?parent=11042"}],"curies":[{"name":"wp","href":"https:\/\/api.w.org\/{rel}","templated":true}]}}