{"id":11037,"date":"1970-01-01T00:00:00","date_gmt":"1970-01-01T00:00:00","guid":{"rendered":"https:\/\/elfsight.com\/fr\/?page_id=11037"},"modified":"2025-07-10T14:12:26","modified_gmt":"2025-07-10T14:12:26","slug":"squarespace","status":"publish","type":"page","link":"https:\/\/elfsight.com\/fr\/weather-widget\/squarespace\/","title":{"rendered":"Weather &#8211; Squarespace"},"content":{"rendered":"<div class=\"application-platform-content-item-description application-platform-content-item\" id=\"description\" data-nav-section=\"description\"><h2>Int\u00e9grez la m\u00e9t\u00e9o sur Squarespace avec le widget Elfsight<\/h2><p>Elfsight Weather est un widget de site Web utile et tr\u00e8s personnalisable pour offrir \u00e0 votre audience avec la m\u00e9t\u00e9o actuelle pour une zone s\u00e9lectionn\u00e9e. Ajoutez un lieu par le nom, le code postal ou les coordonn\u00e9es. Vos utilisateurs v\u00e9rifieront les nouvelles donn\u00e9es sur la temp\u00e9rature, la pression, l\u2019humidit\u00e9 et la m\u00e9t\u00e9o active. Vous pouvez \u00e9galement afficher des pr\u00e9visions horaires ou quotidiennes. Le widget comprend \u00e9galement un arri\u00e8re-plan th\u00e9matique et la possibilit\u00e9 de choisir vos propres couleurs. <\/p><p><b>Obtenez une exp\u00e9rience client plus pratique en ayant un widget m\u00e9t\u00e9o informatif sur votre page. <\/b><\/p><\/div><div class=\"application-platform-content-item-features application-platform-content-item\" id=\"features\" data-nav-section=\"features\"><p>V\u00e9rifiez une liste de toutes les fonctions du widget M\u00e9t\u00e9o. Ils sont disponibles directement dans l&rsquo;\u00e9diteur et vous aideront \u00e0 cr\u00e9er le widget exactement adapt\u00e9 \u00e0 vos besoins. <\/p><ul><li>Trois m\u00e9thodes pour ajouter le lieu\u00a0: le nom, le code postal et les coordonn\u00e9es\u00a0; <\/li><li>Plus de 30\u00a0langues incluses pour afficher les d\u00e9tails m\u00e9t\u00e9orologiques dans votre langue maternelle\u00a0; <\/li><li>Cinq variantes de configuration du widget pour divers cas d&rsquo;utilisation\u00a0; <\/li><li>La possibilit\u00e9 d&rsquo;afficher les pr\u00e9visions quotidiennes pour la semaine \u00e0 venir avec les dates\u00a0; <\/li><li>Afficher les pr\u00e9visions horaires pour les 12 prochaines heures. <\/li><\/ul><p><a href=\"#demo\">D\u00e9couvrez comment fonctionnent toutes les fonctionnalit\u00e9s, dans notre d\u00e9mo<\/a><\/p><\/div><div class=\"application-platform-content-item-installation application-platform-content-item\" id=\"installation\" data-nav-section=\"installation\"> <h2>Comment int\u00e9grer le plugin M\u00e9t\u00e9o \u00e0 mon site Web Squarespace\u00a0? <\/h2><div class=\"video-container\"><iframe width=\"720\" height=\"405\" src=\"https:\/\/www.youtube.com\/embed\/UZDQaamI_pQ\" frameborder=\"0\" allowfullscreen=\"\"><\/iframe><\/div><p>Pour introduire le widget, suivez simplement les instructions ci-dessous<\/p><ol><li><b>Construisez votre plugin M\u00e9t\u00e9o unique<\/b><br>En utilisant notre d\u00e9mo gratuite, g\u00e9n\u00e9rez un plugin avec une composition et des fonctions personnalis\u00e9es. <\/li> <li><b>Copiez le code individuel pour int\u00e9grer le plugin<\/b><br>Apr\u00e8s avoir configur\u00e9 votre widget, vous obtiendrez le code d&rsquo;installation \u00e0 partir de la notification apparaissant sur Elfsight Apps. Copiez-le pour une utilisation future. <\/li> <li><b>Ajoutez le plugin sur votre site Web Squarespace<\/b><br>Choisissez l&rsquo;endroit o\u00f9 vous pr\u00e9voyez de placer le plugin et ins\u00e9rez-y le code copi\u00e9. Appliquez les r\u00e9sultats. <\/li> <li><b>Vous avez enti\u00e8rement effectu\u00e9 l&rsquo;installation<\/b><br>Visitez votre page Web pour v\u00e9rifier votre plugin. <\/li><\/ol> <p>N&rsquo;h\u00e9sitez pas \u00e0 contacter le service client si vous avez besoin d&rsquo;aide ou si vous rencontrez des probl\u00e8mes. Nous vous donnerons un coup de main pour chaque demande. <\/p><div class=\"faq\" data-component=\"FAQ\"><div class=\"faq-item\">\r\n\t\t\t\t\t<div class=\"faq-item-question\">\r\n\t\t\t\t\t\t<h3 class=\"faq-item-question-text\">De quelle mani\u00e8re est-il possible d'ajouter M\u00e9t\u00e9o \u00e0 ma page web Squarespace sans codage ?<\/h3>\r\n\r\n\t\t\t\t\t\t<div class=\"faq-item-question-icon\"><\/div>\r\n\t\t\t\t\t<\/div>\r\n\r\n\t\t\t\t\t<div class=\"faq-item-answer\">\r\n\t\t\t\t\t\t<div class=\"faq-item-answer-text\"> <p>La soci\u00e9t\u00e9 Elfsight propose une solution Cloud qui vous permet de g\u00e9n\u00e9rer vous-m\u00eame un plugin M\u00e9t\u00e9o , d\u00e9couvrez le guide simple : Travaillez directement dans l&rsquo;\u00e9diteur en ligne pour cr\u00e9er un widget M\u00e9t\u00e9o que vous souhaitez int\u00e9grer sur le site Squarespace. Choisissez l&rsquo;un des mod\u00e8les pr\u00e9d\u00e9finis et modifiez les param\u00e8tres m\u00e9t\u00e9o, transformez la mise en page et la palette de couleurs et mettez \u00e0 jour votre contenu, sans aucune comp\u00e9tence en codage. Enregistrez la m\u00e9t\u00e9o et obtenez le code d&rsquo;installation du plugin, qui peut \u00eatre facilement inclus dans votre site Squarespace \u00e0 l&rsquo;aide d&rsquo;un plan gratuit. En travaillant dans notre configurateur simple, chaque internaute peut cr\u00e9er une m\u00e9t\u00e9o en ligne et l&rsquo;ajouter \u00e0 n&rsquo;importe quel site Web Squarespace. Vous ne devez pas payer ni saisir les donn\u00e9es de votre carte pour acc\u00e9der au service Elfsight. Si vous rencontrez des probl\u00e8mes \u00e0 n&rsquo;importe quelle \u00e9tape, n&rsquo;h\u00e9sitez pas \u00e0 parler \u00e0 notre support technique client.<\/p> <\/div>\r\n\t\t\t\t\t<\/div>\r\n\t\t\t\t<\/div> <\/div><\/div>","protected":false},"excerpt":{"rendered":"","protected":false},"author":9,"featured_media":0,"parent":2497,"menu_order":0,"comment_status":"closed","ping_status":"closed","template":"templates\/template-application-platform.php","meta":{"publish_to_discourse":"","publish_post_category":"","wpdc_auto_publish_overridden":"","wpdc_topic_tags":"","wpdc_pin_topic":"","wpdc_pin_until":"","discourse_post_id":"","discourse_permalink":"","wpdc_publishing_response":"","wpdc_publishing_error":"","footnotes":""},"class_list":["post-11037","page","type-page","status-publish","hentry"],"yoast_head":"<!-- This site is optimized with the Yoast SEO plugin v25.3.1 - https:\/\/yoast.com\/wordpress\/plugins\/seo\/ -->\n<title>Ajouter le plugin M\u00e9t\u00e9o au site Web Squarespace (gratuit et rapide)<\/title>\n<meta name=\"description\" content=\"C\u2019est absolument simple de cr\u00e9er votre plugin M\u00e9t\u00e9o et de le publier sur votre site Squarespace. Le service client Elfsight est gratuit.\" \/>\n<meta name=\"robots\" content=\"index, follow, max-snippet:-1, max-image-preview:large, max-video-preview:-1\" \/>\n<link rel=\"canonical\" href=\"https:\/\/elfsight.com\/fr\/weather-widget\/squarespace\/\" \/>\n<meta property=\"og:locale\" content=\"fr_FR\" \/>\n<meta property=\"og:type\" content=\"article\" \/>\n<meta property=\"og:title\" content=\"Ajouter le plugin M\u00e9t\u00e9o au site Web Squarespace (gratuit et rapide)\" \/>\n<meta property=\"og:description\" content=\"C\u2019est absolument simple de cr\u00e9er votre plugin M\u00e9t\u00e9o et de le publier sur votre site Squarespace. Le service client Elfsight est gratuit.\" \/>\n<meta property=\"og:url\" content=\"https:\/\/elfsight.com\/fr\/weather-widget\/squarespace\/\" \/>\n<meta property=\"og:site_name\" content=\"Elfsight FR\" \/>\n<meta property=\"article:modified_time\" content=\"2025-07-10T14:12:26+00:00\" \/>\n<meta name=\"twitter:card\" content=\"summary_large_image\" \/>\n<meta name=\"twitter:label1\" content=\"Dur\u00e9e de lecture estim\u00e9e\" \/>\n\t<meta name=\"twitter:data1\" content=\"3 minutes\" \/>\n<!-- \/ Yoast SEO plugin. -->","yoast_head_json":{"title":"Ajouter le plugin M\u00e9t\u00e9o au site Web Squarespace (gratuit et rapide)","description":"C\u2019est absolument simple de cr\u00e9er votre plugin M\u00e9t\u00e9o et de le publier sur votre site Squarespace. Le service client Elfsight est gratuit.","robots":{"index":"index","follow":"follow","max-snippet":"max-snippet:-1","max-image-preview":"max-image-preview:large","max-video-preview":"max-video-preview:-1"},"canonical":"https:\/\/elfsight.com\/fr\/weather-widget\/squarespace\/","og_locale":"fr_FR","og_type":"article","og_title":"Ajouter le plugin M\u00e9t\u00e9o au site Web Squarespace (gratuit et rapide)","og_description":"C\u2019est absolument simple de cr\u00e9er votre plugin M\u00e9t\u00e9o et de le publier sur votre site Squarespace. Le service client Elfsight est gratuit.","og_url":"https:\/\/elfsight.com\/fr\/weather-widget\/squarespace\/","og_site_name":"Elfsight FR","article_modified_time":"2025-07-10T14:12:26+00:00","twitter_card":"summary_large_image","twitter_misc":{"Dur\u00e9e de lecture estim\u00e9e":"3 minutes"},"schema":{"@context":"https:\/\/schema.org","@graph":[{"@type":"WebPage","@id":"https:\/\/elfsight.com\/fr\/weather-widget\/squarespace\/","url":"https:\/\/elfsight.com\/fr\/weather-widget\/squarespace\/","name":"Ajouter le plugin M\u00e9t\u00e9o au site Web Squarespace (gratuit et rapide)","isPartOf":{"@id":"https:\/\/elfsight.com\/fr\/#website"},"datePublished":"1970-01-01T00:00:00+00:00","dateModified":"2025-07-10T14:12:26+00:00","description":"C\u2019est absolument simple de cr\u00e9er votre plugin M\u00e9t\u00e9o et de le publier sur votre site Squarespace. Le service client Elfsight est gratuit.","breadcrumb":{"@id":"https:\/\/elfsight.com\/fr\/weather-widget\/squarespace\/#breadcrumb"},"inLanguage":"fr-FR","potentialAction":[{"@type":"ReadAction","target":["https:\/\/elfsight.com\/fr\/weather-widget\/squarespace\/"]}]},{"@type":"BreadcrumbList","@id":"https:\/\/elfsight.com\/fr\/weather-widget\/squarespace\/#breadcrumb","itemListElement":[{"@type":"ListItem","position":1,"name":"Home","item":"https:\/\/elfsight.com\/fr\/"},{"@type":"ListItem","position":2,"name":"Weather","item":"https:\/\/elfsight.com\/fr\/weather-widget\/"},{"@type":"ListItem","position":3,"name":"Weather &#8211; Squarespace"}]},{"@type":"WebSite","@id":"https:\/\/elfsight.com\/fr\/#website","url":"https:\/\/elfsight.com\/fr\/","name":"Elfsight FR","description":"","potentialAction":[{"@type":"SearchAction","target":{"@type":"EntryPoint","urlTemplate":"https:\/\/elfsight.com\/fr\/?s={search_term_string}"},"query-input":{"@type":"PropertyValueSpecification","valueRequired":true,"valueName":"search_term_string"}}],"inLanguage":"fr-FR"}]}},"meta_box":{"industry":"","seo_heading":"","heading":"","description":"","cta_heading":"","cta_description":"","application":"2496","h1":"Plugin M\u00e9t\u00e9o Squarespace","h1_caption":"Affichez les informations m\u00e9t\u00e9orologiques actuelles pour n'importe quel endroit de votre site Web pour impliquer sans effort votre public local ou voyageur dans votre site Web Squarespace.","application_category":[],"applications_title":"","applications_request_title":"","applications_request_button_text":"","hero_text":"","hero_video":"","hero_video_schema_markup":"","selling_points_title":"","selling_points_caption":"","selling_points":[],"selling_points_cta_text":"","features_title":"","features":"","ed_cta_examples_text":"","ed_cta_examples_hidden":"","ed_cta_demo_text":"","ed_cta_demo_hidden":"","why_caption":"","why_editor_title":"","why_editor_text":"","why_team_title":"","why_team_text":"","why_service_title":"","why_service_text":"","template_catalog_visible":"","template_catalog_title":"","template_catalog_text":"","template_catalog_categories_visible":"","demo_title":"Cr\u00e9ez votre plugin M\u00e9t\u00e9o","demo_caption":"Configurez votre M\u00e9t\u00e9o et ajoutez-la gratuitement \u00e0 votre site Web Squarespace\u00a0!","default_faq_hidden":"","app_template_category":[],"platform":"361","template_public_id":"","codecanyon_url":"","codecanyon_item_id":"","codecanyon_price":"","pricing_caption":"","pricing_elfsight_apps_hide_column":"","pricing_elfsight_apps_url":"","pricing_codecanyon_price_caption":"","integration_category":[],"integration_request_title":"","integration_request_cta":"","integration_platform":"","integrations":[],"platform_category":[],"video_schema_markup":"","price":"\u00e0 partir de 0$ \/ mois","trial":"","benefits":[{"text":"Service d'installation gratuit"},{"text":"Soutien exceptionnel"},{"text":"Garantie de remboursement de 14 jours"},{"text":"Am\u00e9liorations gratuites et continues"}],"button_url":"","button_target_blank":"","button_nofollow":"","attributes":[{"name":"Installations","content":"10,000 - 100,000"},{"name":"Sensible","content":"Id\u00e9al pour les mobiles"},{"name":"Navigateurs compatibles","content":"Firefox, Safari, Opera, Chrome, Edge"}],"tags":[],"tags_disable_links":"","hide_more_platforms":"","video_object":"","demo_hide_cta":"","demo_hide_cloud_options":"","pricing_title":"","pricing":[{"pricing_icon":"platform","pricing_title":"Elfsight Apps","pricing_title_caption":"Version ind\u00e9pendante de la plate-forme qui convient \u00e0 n'importe quel site","pricing_price":"from $0 \/ month","pricing_price_caption":"commencez avec un forfait gratuit","pricing_benefits":[{"text":"Sites Web illimit\u00e9s"},{"text":"Assistance d\u00e9di\u00e9e, ponctuelle et bien document\u00e9e"},{"text":"Service d'installation gratuit"},{"text":"100% personnalisable"}],"pricing_button_text":"Ajouter au site Web","pricing_button_url":"#demo"}],"related_apps_title":"","related_apps_hidden":"","author":"","image":[],"title":"","job":"","social_networks":[]},"_links":{"self":[{"href":"https:\/\/elfsight.com\/fr\/wp-json\/wp\/v2\/pages\/11037","targetHints":{"allow":["GET"]}}],"collection":[{"href":"https:\/\/elfsight.com\/fr\/wp-json\/wp\/v2\/pages"}],"about":[{"href":"https:\/\/elfsight.com\/fr\/wp-json\/wp\/v2\/types\/page"}],"author":[{"embeddable":true,"href":"https:\/\/elfsight.com\/fr\/wp-json\/wp\/v2\/users\/9"}],"replies":[{"embeddable":true,"href":"https:\/\/elfsight.com\/fr\/wp-json\/wp\/v2\/comments?post=11037"}],"version-history":[{"count":1,"href":"https:\/\/elfsight.com\/fr\/wp-json\/wp\/v2\/pages\/11037\/revisions"}],"predecessor-version":[{"id":11041,"href":"https:\/\/elfsight.com\/fr\/wp-json\/wp\/v2\/pages\/11037\/revisions\/11041"}],"up":[{"embeddable":true,"href":"https:\/\/elfsight.com\/fr\/wp-json\/wp\/v2\/pages\/2497"}],"wp:attachment":[{"href":"https:\/\/elfsight.com\/fr\/wp-json\/wp\/v2\/media?parent=11037"}],"curies":[{"name":"wp","href":"https:\/\/api.w.org\/{rel}","templated":true}]}}