{"id":11036,"date":"1970-01-01T00:00:00","date_gmt":"1970-01-01T00:00:00","guid":{"rendered":"https:\/\/elfsight.com\/fr\/?page_id=11036"},"modified":"2025-07-10T14:12:41","modified_gmt":"2025-07-10T14:12:41","slug":"webflow","status":"publish","type":"page","link":"https:\/\/elfsight.com\/fr\/weather-widget\/webflow\/","title":{"rendered":"Weather &#8211; Webflow"},"content":{"rendered":"<div class=\"application-platform-content-item-description application-platform-content-item\" id=\"description\" data-nav-section=\"description\"><h2>Int\u00e9grer la m\u00e9t\u00e9o sur Webflow avec le widget Elfsight<\/h2><p>Elfsight Weather est un widget de site Web simple et adaptatif permettant d&rsquo;afficher les situation m\u00e9t\u00e9orologique \u00e0 jour pour une zone s\u00e9lectionn\u00e9e. Entrez un emplacement par le nom, le code postal ou les coordonn\u00e9es. L\u2019audience du site Web v\u00e9rifiera la temp\u00e9rature, la pression, l\u2019humidit\u00e9 et la m\u00e9t\u00e9o active. Vous pouvez \u00e9galement afficher des pr\u00e9visions horaires ou quotidiennes. Le widget propose \u00e9galement des images d&rsquo;arri\u00e8re-plan th\u00e9matiques et la possibilit\u00e9 de peindre l&rsquo;arri\u00e8re-plan avec vos propres couleurs. <\/p><p><b>Faites en sorte que vos clients puissent organiser des \u00e9v\u00e9nements ext\u00e9rieurs avec les pr\u00e9visions m\u00e9t\u00e9orologiques toujours \u00e0 port\u00e9e de vue\u00a0! <\/b><\/p><\/div><div class=\"application-platform-content-item-features application-platform-content-item\" id=\"features\" data-nav-section=\"features\"><p>V\u00e9rifiez toutes les caract\u00e9ristiques fonctionnelles du widget M\u00e9t\u00e9o. Ils sont disponibles directement dans l&rsquo;\u00e9diteur et vous aideront \u00e0 fa\u00e7onner le widget en fonction de votre cas d&rsquo;utilisation. <\/p><ul><li>Trois fa\u00e7ons de saisir le lieu\u00a0: par le nom, le code postal ou les coordonn\u00e9es\u00a0; <\/li><li>Plus de 30 langues incluses pour afficher les donn\u00e9es m\u00e9t\u00e9orologiques dans la langue de votre public\u00a0; <\/li><li>Cinq types de configuration de widget pour diff\u00e9rents cas d&rsquo;utilisation\u00a0; <\/li><li>L&rsquo;option pour afficher les pr\u00e9visions quotidiennes pour la semaine \u00e0 venir avec les dates\u00a0; <\/li><li>D\u00e9montrer les pr\u00e9visions horaires pour les douze heures les plus proches. <\/li><\/ul><p><a href=\"#demo\">V\u00e9rifiez le fonctionnement de toutes les fonctionnalit\u00e9s dans notre d\u00e9mo<\/a><\/p><\/div><div class=\"application-platform-content-item-installation application-platform-content-item\" id=\"installation\" data-nav-section=\"installation\"> <h2>Comment int\u00e9grer le widget M\u00e9t\u00e9o sur Webflow\u00a0? <\/h2><div class=\"video-container\"><iframe width=\"720\" height=\"405\" src=\"https:\/\/www.youtube.com\/embed\/1m5Mv24DjHk\" frameborder=\"0\" allowfullscreen=\"\"><\/iframe><\/div><p>Pour ajouter un plugin, suivez simplement les instructions ci-dessous<\/p><ol><li><b>Concevez votre plugin M\u00e9t\u00e9o personnalis\u00e9<\/b><br>En utilisant notre \u00e9diteur gratuit, g\u00e9n\u00e9rez un plugin avec un design personnalis\u00e9 et des caract\u00e9ristiques fonctionnelles. <\/li> <li><b>Copiez le code personnel pour afficher le plugin<\/b><br>Apr\u00e8s avoir configur\u00e9 votre widget, vous obtiendrez votre code personnel \u00e0 partir de la notification contextuelle sur Elfsight Apps. Copiez le code pour une utilisation ult\u00e9rieure. <\/li> <li><b>Publiez le plugin sur votre site Web Webflow<\/b><br>Trouvez la zone o\u00f9 placer le plugin et ajoutez-y le code copi\u00e9. Appliquez les r\u00e9sultats. <\/li> <li><b>L&rsquo;int\u00e9gration est r\u00e9ussie\u00a0! <\/b><br>Allez sur la page Web pour voir votre travail. <\/li><\/ol> <p>N&rsquo;h\u00e9sitez pas \u00e0 contacter notre assistance client lorsque vous avez besoin d&rsquo;aide ou si vous avez des questions. Nous serons heureux de r\u00e9pondre \u00e0 chaque demande. <\/p><div class=\"faq\" data-component=\"FAQ\"><div class=\"faq-item\">\r\n\t\t\t\t\t<div class=\"faq-item-question\">\r\n\t\t\t\t\t\t<h3 class=\"faq-item-question-text\">De quelle mani\u00e8re est-il possible d'ajouter M\u00e9t\u00e9o \u00e0 mon site Webflow sans aucune connaissance en codage ?<\/h3>\r\n\r\n\t\t\t\t\t\t<div class=\"faq-item-question-icon\"><\/div>\r\n\t\t\t\t\t<\/div>\r\n\r\n\t\t\t\t\t<div class=\"faq-item-answer\">\r\n\t\t\t\t\t\t<div class=\"faq-item-answer-text\"> <p>La soci\u00e9t\u00e9 Elfsight pr\u00e9sente une solution SaaS qui permet aux utilisateurs de g\u00e9n\u00e9rer eux-m\u00eames une section M\u00e9t\u00e9o, d\u00e9couvrez \u00e0 quel point le processus est simple\u00a0: acc\u00e9dez \u00e0 la d\u00e9mo en ligne pour cr\u00e9er une section M\u00e9t\u00e9o que vous souhaitez int\u00e9grer sur votre page d&rsquo;accueil Webflow. S\u00e9lectionnez l&rsquo;un des mod\u00e8les pr\u00eats \u00e0 l&#8217;emploi et modifiez les param\u00e8tres m\u00e9t\u00e9o, modifiez la mise en page et les couleurs et mettez \u00e0 jour votre contenu, sans codage. Enregistrez les param\u00e8tres que vous avez d\u00e9finis dans M\u00e9t\u00e9o et obtenez le code d&rsquo;installation qui peut \u00eatre facilement inclus dans la page Web Webflow sans acheter de forfait payant. \u00c0 l&rsquo;aide de notre \u00e9diteur simple, chaque utilisateur Web peut cr\u00e9er un plugin M\u00e9t\u00e9o et le coller simplement sur son site Web Webflow. Vous ne devez pas souscrire \u00e0 un forfait payant ni divulguer les donn\u00e9es de votre carte pour acc\u00e9der \u00e0 notre service. Si vous rencontrez des probl\u00e8mes de quelque nature que ce soit, n&rsquo;h\u00e9sitez pas \u00e0 contacter notre \u00e9quipe d&rsquo;assistance technique.<\/p> <\/div>\r\n\t\t\t\t\t<\/div>\r\n\t\t\t\t<\/div> <\/div><\/div><!-- \/wp:html - &gt; \/wp:html -->","protected":false},"excerpt":{"rendered":"","protected":false},"author":9,"featured_media":0,"parent":2497,"menu_order":0,"comment_status":"closed","ping_status":"closed","template":"templates\/template-application-platform.php","meta":{"publish_to_discourse":"","publish_post_category":"","wpdc_auto_publish_overridden":"","wpdc_topic_tags":"","wpdc_pin_topic":"","wpdc_pin_until":"","discourse_post_id":"","discourse_permalink":"","wpdc_publishing_response":"","wpdc_publishing_error":"","footnotes":""},"class_list":["post-11036","page","type-page","status-publish","hentry"],"yoast_head":"<!-- This site is optimized with the Yoast SEO plugin v25.3.1 - https:\/\/yoast.com\/wordpress\/plugins\/seo\/ -->\n<title>Ajouter un widget M\u00e9t\u00e9o au site Web Webflow (gratuit et rapide)<\/title>\n<meta name=\"description\" content=\"Voici une opportunit\u00e9 de cr\u00e9er un widget M\u00e9t\u00e9o et de l&#039;afficher sur votre site Web Webflow. Vous b\u00e9n\u00e9ficierez d&#039;un service client gratuit et d&#039;autres bonus d&#039;Elfsight.\" \/>\n<meta name=\"robots\" content=\"index, follow, max-snippet:-1, max-image-preview:large, max-video-preview:-1\" \/>\n<link rel=\"canonical\" href=\"https:\/\/elfsight.com\/fr\/weather-widget\/webflow\/\" \/>\n<meta property=\"og:locale\" content=\"fr_FR\" \/>\n<meta property=\"og:type\" content=\"article\" \/>\n<meta property=\"og:title\" content=\"Ajouter un widget M\u00e9t\u00e9o au site Web Webflow (gratuit et rapide)\" \/>\n<meta property=\"og:description\" content=\"Voici une opportunit\u00e9 de cr\u00e9er un widget M\u00e9t\u00e9o et de l&#039;afficher sur votre site Web Webflow. Vous b\u00e9n\u00e9ficierez d&#039;un service client gratuit et d&#039;autres bonus d&#039;Elfsight.\" \/>\n<meta property=\"og:url\" content=\"https:\/\/elfsight.com\/fr\/weather-widget\/webflow\/\" \/>\n<meta property=\"og:site_name\" content=\"Elfsight FR\" \/>\n<meta property=\"article:modified_time\" content=\"2025-07-10T14:12:41+00:00\" \/>\n<meta name=\"twitter:card\" content=\"summary_large_image\" \/>\n<meta name=\"twitter:label1\" content=\"Dur\u00e9e de lecture estim\u00e9e\" \/>\n\t<meta name=\"twitter:data1\" content=\"3 minutes\" \/>\n<!-- \/ Yoast SEO plugin. -->","yoast_head_json":{"title":"Ajouter un widget M\u00e9t\u00e9o au site Web Webflow (gratuit et rapide)","description":"Voici une opportunit\u00e9 de cr\u00e9er un widget M\u00e9t\u00e9o et de l'afficher sur votre site Web Webflow. Vous b\u00e9n\u00e9ficierez d'un service client gratuit et d'autres bonus d'Elfsight.","robots":{"index":"index","follow":"follow","max-snippet":"max-snippet:-1","max-image-preview":"max-image-preview:large","max-video-preview":"max-video-preview:-1"},"canonical":"https:\/\/elfsight.com\/fr\/weather-widget\/webflow\/","og_locale":"fr_FR","og_type":"article","og_title":"Ajouter un widget M\u00e9t\u00e9o au site Web Webflow (gratuit et rapide)","og_description":"Voici une opportunit\u00e9 de cr\u00e9er un widget M\u00e9t\u00e9o et de l'afficher sur votre site Web Webflow. Vous b\u00e9n\u00e9ficierez d'un service client gratuit et d'autres bonus d'Elfsight.","og_url":"https:\/\/elfsight.com\/fr\/weather-widget\/webflow\/","og_site_name":"Elfsight FR","article_modified_time":"2025-07-10T14:12:41+00:00","twitter_card":"summary_large_image","twitter_misc":{"Dur\u00e9e de lecture estim\u00e9e":"3 minutes"},"schema":{"@context":"https:\/\/schema.org","@graph":[{"@type":"WebPage","@id":"https:\/\/elfsight.com\/fr\/weather-widget\/webflow\/","url":"https:\/\/elfsight.com\/fr\/weather-widget\/webflow\/","name":"Ajouter un widget M\u00e9t\u00e9o au site Web Webflow (gratuit et rapide)","isPartOf":{"@id":"https:\/\/elfsight.com\/fr\/#website"},"datePublished":"1970-01-01T00:00:00+00:00","dateModified":"2025-07-10T14:12:41+00:00","description":"Voici une opportunit\u00e9 de cr\u00e9er un widget M\u00e9t\u00e9o et de l'afficher sur votre site Web Webflow. Vous b\u00e9n\u00e9ficierez d'un service client gratuit et d'autres bonus d'Elfsight.","breadcrumb":{"@id":"https:\/\/elfsight.com\/fr\/weather-widget\/webflow\/#breadcrumb"},"inLanguage":"fr-FR","potentialAction":[{"@type":"ReadAction","target":["https:\/\/elfsight.com\/fr\/weather-widget\/webflow\/"]}]},{"@type":"BreadcrumbList","@id":"https:\/\/elfsight.com\/fr\/weather-widget\/webflow\/#breadcrumb","itemListElement":[{"@type":"ListItem","position":1,"name":"Home","item":"https:\/\/elfsight.com\/fr\/"},{"@type":"ListItem","position":2,"name":"Weather","item":"https:\/\/elfsight.com\/fr\/weather-widget\/"},{"@type":"ListItem","position":3,"name":"Weather &#8211; Webflow"}]},{"@type":"WebSite","@id":"https:\/\/elfsight.com\/fr\/#website","url":"https:\/\/elfsight.com\/fr\/","name":"Elfsight FR","description":"","potentialAction":[{"@type":"SearchAction","target":{"@type":"EntryPoint","urlTemplate":"https:\/\/elfsight.com\/fr\/?s={search_term_string}"},"query-input":{"@type":"PropertyValueSpecification","valueRequired":true,"valueName":"search_term_string"}}],"inLanguage":"fr-FR"}]}},"meta_box":{"industry":"","seo_heading":"","heading":"","description":"","cta_heading":"","cta_description":"","application":"2496","h1":"Widget m\u00e9t\u00e9o Webflow","h1_caption":"Affichez les informations m\u00e9t\u00e9orologiques actuelles pour n'importe quel endroit de votre site Web pour impliquer sans effort votre public local ou voyageur dans votre site Web Webflow.","application_category":[],"applications_title":"","applications_request_title":"","applications_request_button_text":"","hero_text":"","hero_video":"","hero_video_schema_markup":"","selling_points_title":"","selling_points_caption":"","selling_points":[],"selling_points_cta_text":"","features_title":"","features":"","ed_cta_examples_text":"","ed_cta_examples_hidden":"","ed_cta_demo_text":"","ed_cta_demo_hidden":"","why_caption":"","why_editor_title":"","why_editor_text":"","why_team_title":"","why_team_text":"","why_service_title":"","why_service_text":"","template_catalog_visible":"","template_catalog_title":"","template_catalog_text":"","template_catalog_categories_visible":"","demo_title":"Cr\u00e9ez votre widget M\u00e9t\u00e9o","demo_caption":"Configurez votre M\u00e9t\u00e9o et ajoutez-la gratuitement \u00e0 votre site Webflow\u00a0!","default_faq_hidden":"","app_template_category":[],"platform":"362","template_public_id":"","codecanyon_url":"","codecanyon_item_id":"","codecanyon_price":"","pricing_caption":"","pricing_elfsight_apps_hide_column":"","pricing_elfsight_apps_url":"","pricing_codecanyon_price_caption":"","integration_category":[],"integration_request_title":"","integration_request_cta":"","integration_platform":"","integrations":[],"platform_category":[],"video_schema_markup":"","price":"\u00e0 partir de 0$ \/ mois","trial":"","benefits":[{"text":"Service d'installation gratuit"},{"text":"Assistance client haut de gamme"},{"text":"Garantie de remboursement de 14 jours"},{"text":"Am\u00e9liorations gratuites \u00e0 vie"}],"button_url":"","button_target_blank":"","button_nofollow":"","attributes":[{"name":"Installations","content":"10,000 - 100,000"},{"name":"Sensible","content":"Oui"},{"name":"Navigateurs compatibles","content":"Firefox, Chrome, Opera, Safari, Edge"}],"tags":[],"tags_disable_links":"","hide_more_platforms":"","video_object":"","demo_hide_cta":"","demo_hide_cloud_options":"","pricing_title":"","pricing":[{"pricing_icon":"platform","pricing_title":"Elfsight Apps","pricing_title_caption":"Solution multiplateforme adapt\u00e9e \u00e0 n'importe quel site Web","pricing_price":"from $0 \/ month","pricing_price_caption":"commencez avec un forfait gratuit","pricing_benefits":[{"text":"Domaines illimit\u00e9s"},{"text":"Assistance premium et ponctuelle"},{"text":"Assistance \u00e0 l'installation gratuite"},{"text":"Offre sp\u00e9ciale pour plusieurs applications"}],"pricing_button_text":"Ajouter au site Web","pricing_button_url":"#demo"}],"related_apps_title":"","related_apps_hidden":"","author":"","image":[],"title":"","job":"","social_networks":[]},"_links":{"self":[{"href":"https:\/\/elfsight.com\/fr\/wp-json\/wp\/v2\/pages\/11036","targetHints":{"allow":["GET"]}}],"collection":[{"href":"https:\/\/elfsight.com\/fr\/wp-json\/wp\/v2\/pages"}],"about":[{"href":"https:\/\/elfsight.com\/fr\/wp-json\/wp\/v2\/types\/page"}],"author":[{"embeddable":true,"href":"https:\/\/elfsight.com\/fr\/wp-json\/wp\/v2\/users\/9"}],"replies":[{"embeddable":true,"href":"https:\/\/elfsight.com\/fr\/wp-json\/wp\/v2\/comments?post=11036"}],"version-history":[{"count":1,"href":"https:\/\/elfsight.com\/fr\/wp-json\/wp\/v2\/pages\/11036\/revisions"}],"predecessor-version":[{"id":11040,"href":"https:\/\/elfsight.com\/fr\/wp-json\/wp\/v2\/pages\/11036\/revisions\/11040"}],"up":[{"embeddable":true,"href":"https:\/\/elfsight.com\/fr\/wp-json\/wp\/v2\/pages\/2497"}],"wp:attachment":[{"href":"https:\/\/elfsight.com\/fr\/wp-json\/wp\/v2\/media?parent=11036"}],"curies":[{"name":"wp","href":"https:\/\/api.w.org\/{rel}","templated":true}]}}