{"id":11035,"date":"1970-01-01T00:00:00","date_gmt":"1970-01-01T00:00:00","guid":{"rendered":"https:\/\/elfsight.com\/fr\/?page_id=11035"},"modified":"2025-07-10T14:12:55","modified_gmt":"2025-07-10T14:12:55","slug":"webnode","status":"publish","type":"page","link":"https:\/\/elfsight.com\/fr\/weather-widget\/webnode\/","title":{"rendered":"Weather &#8211; Webnode"},"content":{"rendered":"<div class=\"application-platform-content-item-description application-platform-content-item\" id=\"description\" data-nav-section=\"description\"><h2>Description<\/h2><p>Elfsight Weather est un plugin de site Web rapide et facilement personnalisable qui affiche la m\u00e9t\u00e9o \u00e0 jour pour tout point sur la carte. Ajoutez un emplacement par le nom, le code postal ou les coordonn\u00e9es. Votre public verra les informations mises \u00e0 jour sur la temp\u00e9rature, la pression, le pourcentage d&rsquo;humidit\u00e9 et la m\u00e9t\u00e9o active. Vous pouvez \u00e9galement d\u00e9montrer des pr\u00e9visions horaires ou quotidiennes. Le widget propose \u00e9galement des images d&rsquo;arri\u00e8re-plan sur le th\u00e8me de la m\u00e9t\u00e9o et la possibilit\u00e9 de choisir vos propres couleurs. <\/p><p><b>Permettez aux clients de rechercher facilement la date des \u00e9v\u00e9nements en plein air avec les pr\u00e9visions m\u00e9t\u00e9orologiques toujours \u00e0 port\u00e9e de main\u00a0! <\/b><\/p><\/div><div class=\"application-platform-content-item-features application-platform-content-item\" id=\"features\" data-nav-section=\"features\"><p>Voir tous les traits fonctionnels du widget M\u00e9t\u00e9o. Ils sont disponibles directement dans l&rsquo;\u00e9diteur et vous aideront \u00e0 cr\u00e9er le widget adapt\u00e9 \u00e0 vos besoins. <\/p><ul><li>3 mani\u00e8res de saisir le lieu\u00a0: par le nom, le code postal et les coordonn\u00e9es\u00a0; <\/li><li>Plus de 30\u00a0langues prises en charge pour afficher les d\u00e9tails m\u00e9t\u00e9orologiques dans la langue parl\u00e9e par votre public\u00a0; <\/li><li>5 variantes de configuration du widget pour divers cas d&rsquo;utilisation\u00a0; <\/li><li>La possibilit\u00e9 d&rsquo;ajouter les pr\u00e9visions quotidiennes pour la semaine \u00e0 venir avec des dates\u00a0; <\/li><li>Ajoutez la m\u00e9t\u00e9o horaire pour les 12 heures les plus proches. <\/li><\/ul><p><a href=\"#demo\">Testez toutes les autres fonctions de la d\u00e9mo<\/a><\/p><\/div><div class=\"application-platform-content-item-installation application-platform-content-item\" id=\"installation\" data-nav-section=\"installation\"><h2> Comment puis-je ajouter un widget M\u00e9t\u00e9o \u00e0 mon site Webnode ? <\/h2><p>Pour ajouter le plugin, suivez simplement ces \u00e9tapes rapides<\/p><ol><li><b>Cr\u00e9ez votre plugin M\u00e9t\u00e9o unique<\/b><br>Au moyen de notre configurateur gratuit, configurez un plugin avec un design personnalis\u00e9 et ajoutez l&#8217;emplacement. <\/li> <li><b>Copiez le code individuel pour configurer le plugin<\/b><br>Apr\u00e8s avoir cr\u00e9\u00e9 votre widget, vous obtiendrez le code unique dans la notification contextuelle sur Elfsight Apps. Copiez le code. <\/li> <li><b>Publiez le plugin sur votre site Webnode<\/b><br>D\u00e9finissez la zone dans laquelle vous souhaitez afficher le plugin et ins\u00e9rez-y le code enregistr\u00e9. Publiez les modifications. <\/li> <li><b>La configuration est r\u00e9ussie\u00a0! <\/b><br>Visitez le site Web pour jeter un \u0153il \u00e0 votre widget. <\/li><\/ol> <p>N&rsquo;h\u00e9sitez pas \u00e0 vous adresser \u00e0 notre service client si vous avez besoin de conseils ou si vous avez quelque chose \u00e0 demander. Nos sp\u00e9cialistes se feront un plaisir de r\u00e9pondre \u00e0 chaque demande. <\/p><div class=\"faq\" data-component=\"FAQ\"><div class=\"faq-item\">\r\n\t\t\t\t\t<div class=\"faq-item-question\">\r\n\t\t\t\t\t\t<h3 class=\"faq-item-question-text\">Existe-t-il une option pour int\u00e9grer M\u00e9t\u00e9o sur mon site Webnode sans exp\u00e9rience en codage ?<\/h3>\r\n\r\n\t\t\t\t\t\t<div class=\"faq-item-question-icon\"><\/div>\r\n\t\t\t\t\t<\/div>\r\n\r\n\t\t\t\t\t<div class=\"faq-item-answer\">\r\n\t\t\t\t\t\t<div class=\"faq-item-answer-text\"> <p>Elfsight fournit une solution qui vous permet de cr\u00e9er vous-m\u00eame une section M\u00e9t\u00e9o, voyez \u00e0 quel point c&rsquo;est simple : Travaillez dans la d\u00e9mo en direct pour g\u00e9n\u00e9rer un plugin M\u00e9t\u00e9o que vous souhaitez int\u00e9grer sur votre page Web Webnode. S\u00e9lectionnez l&rsquo;un des mod\u00e8les pr\u00e9d\u00e9finis et modifiez les param\u00e8tres m\u00e9t\u00e9o, ajoutez votre contenu, transformez la mise en page et la palette de couleurs sans codage. Cliquez pour enregistrer les param\u00e8tres que vous avez d\u00e9finis dans M\u00e9t\u00e9o et copier le code d&rsquo;installation, que vous pouvez int\u00e9grer dans la page Web Webnode sans avoir besoin d&rsquo;acheter un abonnement payant. \u00c0 l&rsquo;aide du configurateur facile \u00e0 utiliser, tout internaute peut cr\u00e9er une application m\u00e9t\u00e9o en ligne et la coller facilement sur la page Web Webnode. Il n&rsquo;est pas n\u00e9cessaire d&rsquo;obtenir un forfait payant ou de saisir les informations d&rsquo;identification de votre carte pour acc\u00e9der au service Elfsight. Si vous rencontrez des probl\u00e8mes \u00e0 un moment donn\u00e9, n&rsquo;h\u00e9sitez pas \u00e0 contacter notre \u00e9quipe d&rsquo;assistance technique.<\/p> <\/div>\r\n\t\t\t\t\t<\/div>\r\n\t\t\t\t<\/div> <\/div><\/div>","protected":false},"excerpt":{"rendered":"","protected":false},"author":9,"featured_media":0,"parent":2497,"menu_order":0,"comment_status":"closed","ping_status":"closed","template":"templates\/template-application-platform.php","meta":{"publish_to_discourse":"","publish_post_category":"","wpdc_auto_publish_overridden":"","wpdc_topic_tags":"","wpdc_pin_topic":"","wpdc_pin_until":"","discourse_post_id":"","discourse_permalink":"","wpdc_publishing_response":"","wpdc_publishing_error":"","footnotes":""},"class_list":["post-11035","page","type-page","status-publish","hentry"],"yoast_head":"<!-- This site is optimized with the Yoast SEO plugin v25.3.1 - https:\/\/yoast.com\/wordpress\/plugins\/seo\/ -->\n<title>Ajouter un widget M\u00e9t\u00e9o au site Webnode (gratuit et rapide)<\/title>\n<meta name=\"description\" content=\"Avec Elfsight, fa\u00e7onnez votre widget M\u00e9t\u00e9o et affichez-le sur le site Webnode en un rien de temps. Nous offrons un service client gratuit et plus de bonus.\" \/>\n<meta name=\"robots\" content=\"index, follow, max-snippet:-1, max-image-preview:large, max-video-preview:-1\" \/>\n<link rel=\"canonical\" href=\"https:\/\/elfsight.com\/fr\/weather-widget\/webnode\/\" \/>\n<meta property=\"og:locale\" content=\"fr_FR\" \/>\n<meta property=\"og:type\" content=\"article\" \/>\n<meta property=\"og:title\" content=\"Ajouter un widget M\u00e9t\u00e9o au site Webnode (gratuit et rapide)\" \/>\n<meta property=\"og:description\" content=\"Avec Elfsight, fa\u00e7onnez votre widget M\u00e9t\u00e9o et affichez-le sur le site Webnode en un rien de temps. Nous offrons un service client gratuit et plus de bonus.\" \/>\n<meta property=\"og:url\" content=\"https:\/\/elfsight.com\/fr\/weather-widget\/webnode\/\" \/>\n<meta property=\"og:site_name\" content=\"Elfsight FR\" \/>\n<meta property=\"article:modified_time\" content=\"2025-07-10T14:12:55+00:00\" \/>\n<meta name=\"twitter:card\" content=\"summary_large_image\" \/>\n<meta name=\"twitter:label1\" content=\"Dur\u00e9e de lecture estim\u00e9e\" \/>\n\t<meta name=\"twitter:data1\" content=\"3 minutes\" \/>\n<!-- \/ Yoast SEO plugin. -->","yoast_head_json":{"title":"Ajouter un widget M\u00e9t\u00e9o au site Webnode (gratuit et rapide)","description":"Avec Elfsight, fa\u00e7onnez votre widget M\u00e9t\u00e9o et affichez-le sur le site Webnode en un rien de temps. Nous offrons un service client gratuit et plus de bonus.","robots":{"index":"index","follow":"follow","max-snippet":"max-snippet:-1","max-image-preview":"max-image-preview:large","max-video-preview":"max-video-preview:-1"},"canonical":"https:\/\/elfsight.com\/fr\/weather-widget\/webnode\/","og_locale":"fr_FR","og_type":"article","og_title":"Ajouter un widget M\u00e9t\u00e9o au site Webnode (gratuit et rapide)","og_description":"Avec Elfsight, fa\u00e7onnez votre widget M\u00e9t\u00e9o et affichez-le sur le site Webnode en un rien de temps. Nous offrons un service client gratuit et plus de bonus.","og_url":"https:\/\/elfsight.com\/fr\/weather-widget\/webnode\/","og_site_name":"Elfsight FR","article_modified_time":"2025-07-10T14:12:55+00:00","twitter_card":"summary_large_image","twitter_misc":{"Dur\u00e9e de lecture estim\u00e9e":"3 minutes"},"schema":{"@context":"https:\/\/schema.org","@graph":[{"@type":"WebPage","@id":"https:\/\/elfsight.com\/fr\/weather-widget\/webnode\/","url":"https:\/\/elfsight.com\/fr\/weather-widget\/webnode\/","name":"Ajouter un widget M\u00e9t\u00e9o au site Webnode (gratuit et rapide)","isPartOf":{"@id":"https:\/\/elfsight.com\/fr\/#website"},"datePublished":"1970-01-01T00:00:00+00:00","dateModified":"2025-07-10T14:12:55+00:00","description":"Avec Elfsight, fa\u00e7onnez votre widget M\u00e9t\u00e9o et affichez-le sur le site Webnode en un rien de temps. Nous offrons un service client gratuit et plus de bonus.","breadcrumb":{"@id":"https:\/\/elfsight.com\/fr\/weather-widget\/webnode\/#breadcrumb"},"inLanguage":"fr-FR","potentialAction":[{"@type":"ReadAction","target":["https:\/\/elfsight.com\/fr\/weather-widget\/webnode\/"]}]},{"@type":"BreadcrumbList","@id":"https:\/\/elfsight.com\/fr\/weather-widget\/webnode\/#breadcrumb","itemListElement":[{"@type":"ListItem","position":1,"name":"Home","item":"https:\/\/elfsight.com\/fr\/"},{"@type":"ListItem","position":2,"name":"Weather","item":"https:\/\/elfsight.com\/fr\/weather-widget\/"},{"@type":"ListItem","position":3,"name":"Weather &#8211; Webnode"}]},{"@type":"WebSite","@id":"https:\/\/elfsight.com\/fr\/#website","url":"https:\/\/elfsight.com\/fr\/","name":"Elfsight FR","description":"","potentialAction":[{"@type":"SearchAction","target":{"@type":"EntryPoint","urlTemplate":"https:\/\/elfsight.com\/fr\/?s={search_term_string}"},"query-input":{"@type":"PropertyValueSpecification","valueRequired":true,"valueName":"search_term_string"}}],"inLanguage":"fr-FR"}]}},"meta_box":{"industry":"","seo_heading":"","heading":"","description":"","cta_heading":"","cta_description":"","application":"2496","h1":"Widget M\u00e9t\u00e9o Webnode","h1_caption":"Affichez les informations m\u00e9t\u00e9orologiques actuelles pour n'importe quel endroit de votre site Web pour impliquer sans effort votre public local ou voyageur dans votre site Web Webnode.","application_category":[],"applications_title":"","applications_request_title":"","applications_request_button_text":"","hero_text":"","hero_video":"","hero_video_schema_markup":"","selling_points_title":"","selling_points_caption":"","selling_points":[],"selling_points_cta_text":"","features_title":"","features":"","ed_cta_examples_text":"","ed_cta_examples_hidden":"","ed_cta_demo_text":"","ed_cta_demo_hidden":"","why_caption":"","why_editor_title":"","why_editor_text":"","why_team_title":"","why_team_text":"","why_service_title":"","why_service_text":"","template_catalog_visible":"","template_catalog_title":"","template_catalog_text":"","template_catalog_categories_visible":"","demo_title":"Cr\u00e9ez votre widget M\u00e9t\u00e9o","demo_caption":"Configurez votre M\u00e9t\u00e9o et ajoutez-la gratuitement \u00e0 votre site Webnode !","default_faq_hidden":"","app_template_category":[],"platform":"364","template_public_id":"","codecanyon_url":"","codecanyon_item_id":"","codecanyon_price":"","pricing_caption":"","pricing_elfsight_apps_hide_column":"","pricing_elfsight_apps_url":"","pricing_codecanyon_price_caption":"","integration_category":[],"integration_request_title":"","integration_request_cta":"","integration_platform":"","integrations":[],"platform_category":[],"video_schema_markup":"","price":"\u00e0 partir de 0$ \/ mois","trial":"","benefits":[{"text":"Aide \u00e0 l'installation gratuite"},{"text":"Service client professionnel"},{"text":"Garantie de remboursement de 14 jours"},{"text":"Mises \u00e0 jour r\u00e9guli\u00e8res"}],"button_url":"","button_target_blank":"","button_nofollow":"","attributes":[{"name":"Installations","content":"10,000 - 100,000"},{"name":"Sensible","content":"Oui"},{"name":"Navigateurs compatibles","content":"Firefox, Safari, Opera, Chrome, Edge"}],"tags":[],"tags_disable_links":"","hide_more_platforms":"","video_object":"","demo_hide_cta":"","demo_hide_cloud_options":"","pricing_title":"","pricing":[{"pricing_icon":"platform","pricing_title":"Elfsight Apps","pricing_title_caption":"Solution num\u00e9rique multiplateforme","pricing_price":"from $0 \/ month","pricing_price_caption":"commencez avec un forfait gratuit","pricing_benefits":[{"text":"Domaines illimit\u00e9s"},{"text":"Assistance premium"},{"text":"Service d'installation gratuit"},{"text":"Offre sp\u00e9ciale pour plusieurs applications"}],"pricing_button_text":"Ajouter au site Web","pricing_button_url":"#demo"}],"related_apps_title":"","related_apps_hidden":"","author":"","image":[],"title":"","job":"","social_networks":[]},"_links":{"self":[{"href":"https:\/\/elfsight.com\/fr\/wp-json\/wp\/v2\/pages\/11035","targetHints":{"allow":["GET"]}}],"collection":[{"href":"https:\/\/elfsight.com\/fr\/wp-json\/wp\/v2\/pages"}],"about":[{"href":"https:\/\/elfsight.com\/fr\/wp-json\/wp\/v2\/types\/page"}],"author":[{"embeddable":true,"href":"https:\/\/elfsight.com\/fr\/wp-json\/wp\/v2\/users\/9"}],"replies":[{"embeddable":true,"href":"https:\/\/elfsight.com\/fr\/wp-json\/wp\/v2\/comments?post=11035"}],"version-history":[{"count":1,"href":"https:\/\/elfsight.com\/fr\/wp-json\/wp\/v2\/pages\/11035\/revisions"}],"predecessor-version":[{"id":11039,"href":"https:\/\/elfsight.com\/fr\/wp-json\/wp\/v2\/pages\/11035\/revisions\/11039"}],"up":[{"embeddable":true,"href":"https:\/\/elfsight.com\/fr\/wp-json\/wp\/v2\/pages\/2497"}],"wp:attachment":[{"href":"https:\/\/elfsight.com\/fr\/wp-json\/wp\/v2\/media?parent=11035"}],"curies":[{"name":"wp","href":"https:\/\/api.w.org\/{rel}","templated":true}]}}