{"id":11029,"date":"1970-01-01T00:00:00","date_gmt":"1970-01-01T00:00:00","guid":{"rendered":"https:\/\/elfsight.com\/fr\/?page_id=11029"},"modified":"2025-07-10T14:13:06","modified_gmt":"2025-07-10T14:13:06","slug":"wix","status":"publish","type":"page","link":"https:\/\/elfsight.com\/fr\/weather-widget\/wix\/","title":{"rendered":"Weather &#8211; Wix"},"content":{"rendered":"<div class=\"application-platform-content-item-description application-platform-content-item\" id=\"description\" data-nav-section=\"description\"><h2>Description<\/h2><p>Le widget M\u00e9t\u00e9o Elfsight est un widget de site Web simple et personnalisable affichant les pr\u00e9visions m\u00e9t\u00e9orologiques \u00e0 jour pour tout emplacement requis. Ajoutez un emplacement en utilisant le nom, le code postal ou les coordonn\u00e9es. Les visiteurs du site Web pourront voir des informations r\u00e9centes sur la temp\u00e9rature, la pression atmosph\u00e9rique, le pourcentage d\u2019humidit\u00e9 et la m\u00e9t\u00e9o active. Vous pouvez \u00e9galement afficher les pr\u00e9visions pour la semaine ou pour les douze prochaines heures. Le widget propose \u00e9galement un arri\u00e8re-plan th\u00e9matique et la possibilit\u00e9 de choisir n&rsquo;importe quelle couleur. <\/p><p><b>Augmentez les ventes de produits d\u00e9pendants de la m\u00e9t\u00e9o en fournissant des pr\u00e9visions m\u00e9t\u00e9orologiques pertinentes sur votre site\u00a0! <\/b><\/p><\/div><div class=\"application-platform-content-item-features application-platform-content-item\" id=\"features\" data-nav-section=\"features\"><p>Ici vous pouvez voir tous les traits fonctionnels du widget M\u00e9t\u00e9o. Vous pouvez les g\u00e9rer directement dans l&rsquo;\u00e9diteur et ils vous aideront \u00e0 construire le widget adapt\u00e9 \u00e0 vos besoins. <\/p><ul><li>3 m\u00e9thodes pour ajouter l&#8217;emplacement\u00a0: le nom, le code postal ou les coordonn\u00e9es\u00a0; <\/li><li>Plus de 30\u00a0langues incluses pour afficher les informations m\u00e9t\u00e9o dans la langue parl\u00e9e par votre public\u00a0; <\/li><li>5 types de configuration de widget pour diff\u00e9rents cas d&rsquo;utilisation\u00a0; <\/li><li>La possibilit\u00e9 d&rsquo;afficher les pr\u00e9visions quotidiennes pour la semaine \u00e0 venir avec les dates\u00a0; <\/li><li>D\u00e9montrer la m\u00e9t\u00e9o horaire pour les 12 prochaines heures. <\/li><\/ul><p><a href=\"#demo\">V\u00e9rifiez le fonctionnement de toutes les fonctionnalit\u00e9s dans notre d\u00e9mo<\/a><\/p><\/div><div class=\"application-platform-content-item-installation application-platform-content-item\" id=\"installation\" data-nav-section=\"installation\"> <h2>Comment ajouter l&rsquo;application M\u00e9t\u00e9o au site Wix\u00a0? <\/h2><div class=\"video-container\"><iframe width=\"720\" height=\"405\" src=\"https:\/\/www.youtube.com\/embed\/WKJgqnycTPs\" frameborder=\"0\" allowfullscreen=\"\"><\/iframe><\/div><p>Pour introduire le widget, suivez les instructions ci-dessous<\/p><ol><li><b>Concevez votre widget m\u00e9t\u00e9o personnalis\u00e9<\/b><br>G\u00e9rez notre d\u00e9mo, obtenez un plugin avec une apparence et des param\u00e8tres personnalis\u00e9s. <\/li> <li><b>Recevez le code individuel pour publier le plugin<\/b><br>Apr\u00e8s avoir cr\u00e9\u00e9 votre widget, vous recevrez un code unique de la notification apparaissant sur Elfsight Apps. Copiez le code pour une utilisation ult\u00e9rieure. <\/li> <li><b>Publiez le plugin sur votre site Wix<\/b><br>S\u00e9lectionnez l&rsquo;endroit o\u00f9 vous pr\u00e9voyez d&rsquo;int\u00e9grer le plugin et ins\u00e9rez-y le code copi\u00e9. Enregistrez les r\u00e9sultats. <\/li> <li><b>La configuration est termin\u00e9e<\/b><br>Visitez votre boutique pour voir votre nouveau widget. <\/li><\/ol> <p>N&rsquo;h\u00e9sitez pas \u00e0 contacter le service client d&rsquo;Elfsight lorsque vous avez besoin d&rsquo;aide ou si vous avez des questions. Nous serons heureux de r\u00e9pondre \u00e0 chaque demande. <\/p><div class=\"faq\" data-component=\"FAQ\"><div class=\"faq-item\">\r\n\t\t\t\t\t<div class=\"faq-item-question\">\r\n\t\t\t\t\t\t<h3 class=\"faq-item-question-text\">Comment ajouter le widget M\u00e9t\u00e9o \u00e0 Wix ?<\/h3>\r\n\r\n\t\t\t\t\t\t<div class=\"faq-item-question-icon\"><\/div>\r\n\t\t\t\t\t<\/div>\r\n\r\n\t\t\t\t\t<div class=\"faq-item-answer\">\r\n\t\t\t\t\t\t<div class=\"faq-item-answer-text\"><p>Tout d&rsquo;abord, d\u00e9finissez votre emplacement et activez ou d\u00e9sactivez l&rsquo;option pour afficher la temp\u00e9rature dans le configurateur en ligne gratuit. Copiez ensuite un code d&rsquo;installation dans la fen\u00eatre contextuelle et collez-le dans le bloc requis sur votre site Wix. C&rsquo;est \u00e7a! Tu est parfait! Votre fen\u00eatre m\u00e9t\u00e9o anim\u00e9e appara\u00eetra sur un site Web.<\/p><p><a href=\"https:\/\/elfsight.com\/tutorials\/how-to-add-weather-widget\/#how-to-add-weather -to-wix\">Voici une instruction<\/a> sur la fa\u00e7on d&rsquo;installer le widget sur d&rsquo;autres plateformes, et plus particuli\u00e8rement sur Wix, profitez-en.<\/p><\/div>\r\n\t\t\t\t\t<\/div>\r\n\t\t\t\t<\/div><div class=\"faq-item\">\r\n\t\t\t\t\t<div class=\"faq-item-question\">\r\n\t\t\t\t\t\t<h3 class=\"faq-item-question-text\">Y a-t-il une chance de voir \u00e0 quoi ressemblera le widget sur un site Web ?<\/h3>\r\n\r\n\t\t\t\t\t\t<div class=\"faq-item-question-icon\"><\/div>\r\n\t\t\t\t\t<\/div>\r\n\r\n\t\t\t\t\t<div class=\"faq-item-answer\">\r\n\t\t\t\t\t\t<div class=\"faq-item-answer-text\"><p>Certainement\u00a0! Lors de la cr\u00e9ation du plugin m\u00e9t\u00e9o Wix dans le <a href=\"https:\/\/elfsight.com\/weather-widget\/#demo\">g\u00e9n\u00e9rateur de widgets en ligne<\/a>, vous prendrez en compte toutes les r\u00e9visions dans la partie droite du \u00e9diteur. Votre widget m\u00e9t\u00e9o ressemblera exactement \u00e0 ce que vous aurez sur votre site Wix. <\/p><\/div>\r\n\t\t\t\t\t<\/div>\r\n\t\t\t\t<\/div><div class=\"faq-item\">\r\n\t\t\t\t\t<div class=\"faq-item-question\">\r\n\t\t\t\t\t\t<h3 class=\"faq-item-question-text\">Quels autres widgets sont indispensables pour un site Wix ?<\/h3>\r\n\r\n\t\t\t\t\t\t<div class=\"faq-item-question-icon\"><\/div>\r\n\t\t\t\t\t<\/div>\r\n\r\n\t\t\t\t\t<div class=\"faq-item-answer\">\r\n\t\t\t\t\t\t<div class=\"faq-item-answer-text\"><p>Wix propose des tonnes d&rsquo;outils de commerce \u00e9lectronique pour tout type de site Web. Cependant, si vous souhaitez \u00e9largir encore les fonctionnalit\u00e9s de votre site Web, vous pouvez le faire au moyen des widgets Elfsight.<\/p><p>Par exemple, vous pouvez ajouter un <a href=\"https:\/\/elfsight. com\/pdf-embed-widget\/wix\/\">PDF Embed<\/a>, un <a href=\"https:\/\/elfsight.com\/instagram-feed-instashow\/wix\/\">Flux Instagram<\/a>, ou <a href=\"https:\/\/elfsight.com\/google-reviews-widget\/wix\/\">Avis Google<\/a>. De plus, vous avez la possibilit\u00e9 de choisir un <a href=\"https:\/\/elfsight.com\/whatsapp-chat-widget\/wix\/\">WhatsApp Chat<\/a> ou un <a href=\"https:\/\/ elfsight.com\/popup-widget\/wix\/\">Popup<\/a> pour engager encore plus les visiteurs. Dans tous les cas, vous pourrez trouver n&rsquo;importe quelle solution pour votre site Web dans le catalogue Elfsight.<\/p><\/div>\r\n\t\t\t\t\t<\/div>\r\n\t\t\t\t<\/div><\/div><\/div>","protected":false},"excerpt":{"rendered":"","protected":false},"author":9,"featured_media":0,"parent":2497,"menu_order":0,"comment_status":"closed","ping_status":"closed","template":"templates\/template-application-platform.php","meta":{"publish_to_discourse":"","publish_post_category":"","wpdc_auto_publish_overridden":"","wpdc_topic_tags":"","wpdc_pin_topic":"","wpdc_pin_until":"","discourse_post_id":"","discourse_permalink":"","wpdc_publishing_response":"","wpdc_publishing_error":"","footnotes":""},"class_list":["post-11029","page","type-page","status-publish","hentry"],"yoast_head":"<!-- This site is optimized with the Yoast SEO plugin v25.3.1 - https:\/\/yoast.com\/wordpress\/plugins\/seo\/ -->\n<title>Widget m\u00e9t\u00e9o \u2014 Ajoutez l&#039;application M\u00e9t\u00e9o au site Web Wix (gratuit et rapide)<\/title>\n<meta name=\"description\" content=\"Il est facile de cr\u00e9er votre plugin M\u00e9t\u00e9o r\u00e9actif et de l&#039;afficher sur votre site Web Wix. Le support client Elfsight est gratuit et rapide.\" \/>\n<meta name=\"robots\" content=\"index, follow, max-snippet:-1, max-image-preview:large, max-video-preview:-1\" \/>\n<link rel=\"canonical\" href=\"https:\/\/elfsight.com\/fr\/weather-widget\/wix\/\" \/>\n<meta property=\"og:locale\" content=\"fr_FR\" \/>\n<meta property=\"og:type\" content=\"article\" \/>\n<meta property=\"og:title\" content=\"Widget m\u00e9t\u00e9o \u2014 Ajoutez l&#039;application M\u00e9t\u00e9o au site Web Wix (gratuit et rapide)\" \/>\n<meta property=\"og:description\" content=\"Il est facile de cr\u00e9er votre plugin M\u00e9t\u00e9o r\u00e9actif et de l&#039;afficher sur votre site Web Wix. Le support client Elfsight est gratuit et rapide.\" \/>\n<meta property=\"og:url\" content=\"https:\/\/elfsight.com\/fr\/weather-widget\/wix\/\" \/>\n<meta property=\"og:site_name\" content=\"Elfsight FR\" \/>\n<meta property=\"article:modified_time\" content=\"2025-07-10T14:13:06+00:00\" \/>\n<meta name=\"twitter:card\" content=\"summary_large_image\" \/>\n<meta name=\"twitter:label1\" content=\"Dur\u00e9e de lecture estim\u00e9e\" \/>\n\t<meta name=\"twitter:data1\" content=\"3 minutes\" \/>\n<!-- \/ Yoast SEO plugin. -->","yoast_head_json":{"title":"Widget m\u00e9t\u00e9o \u2014 Ajoutez l'application M\u00e9t\u00e9o au site Web Wix (gratuit et rapide)","description":"Il est facile de cr\u00e9er votre plugin M\u00e9t\u00e9o r\u00e9actif et de l'afficher sur votre site Web Wix. Le support client Elfsight est gratuit et rapide.","robots":{"index":"index","follow":"follow","max-snippet":"max-snippet:-1","max-image-preview":"max-image-preview:large","max-video-preview":"max-video-preview:-1"},"canonical":"https:\/\/elfsight.com\/fr\/weather-widget\/wix\/","og_locale":"fr_FR","og_type":"article","og_title":"Widget m\u00e9t\u00e9o \u2014 Ajoutez l'application M\u00e9t\u00e9o au site Web Wix (gratuit et rapide)","og_description":"Il est facile de cr\u00e9er votre plugin M\u00e9t\u00e9o r\u00e9actif et de l'afficher sur votre site Web Wix. Le support client Elfsight est gratuit et rapide.","og_url":"https:\/\/elfsight.com\/fr\/weather-widget\/wix\/","og_site_name":"Elfsight FR","article_modified_time":"2025-07-10T14:13:06+00:00","twitter_card":"summary_large_image","twitter_misc":{"Dur\u00e9e de lecture estim\u00e9e":"3 minutes"},"schema":{"@context":"https:\/\/schema.org","@graph":[{"@type":"WebPage","@id":"https:\/\/elfsight.com\/fr\/weather-widget\/wix\/","url":"https:\/\/elfsight.com\/fr\/weather-widget\/wix\/","name":"Widget m\u00e9t\u00e9o \u2014 Ajoutez l'application M\u00e9t\u00e9o au site Web Wix (gratuit et rapide)","isPartOf":{"@id":"https:\/\/elfsight.com\/fr\/#website"},"datePublished":"1970-01-01T00:00:00+00:00","dateModified":"2025-07-10T14:13:06+00:00","description":"Il est facile de cr\u00e9er votre plugin M\u00e9t\u00e9o r\u00e9actif et de l'afficher sur votre site Web Wix. Le support client Elfsight est gratuit et rapide.","breadcrumb":{"@id":"https:\/\/elfsight.com\/fr\/weather-widget\/wix\/#breadcrumb"},"inLanguage":"fr-FR","potentialAction":[{"@type":"ReadAction","target":["https:\/\/elfsight.com\/fr\/weather-widget\/wix\/"]}]},{"@type":"BreadcrumbList","@id":"https:\/\/elfsight.com\/fr\/weather-widget\/wix\/#breadcrumb","itemListElement":[{"@type":"ListItem","position":1,"name":"Home","item":"https:\/\/elfsight.com\/fr\/"},{"@type":"ListItem","position":2,"name":"Weather","item":"https:\/\/elfsight.com\/fr\/weather-widget\/"},{"@type":"ListItem","position":3,"name":"Weather &#8211; Wix"}]},{"@type":"WebSite","@id":"https:\/\/elfsight.com\/fr\/#website","url":"https:\/\/elfsight.com\/fr\/","name":"Elfsight FR","description":"","potentialAction":[{"@type":"SearchAction","target":{"@type":"EntryPoint","urlTemplate":"https:\/\/elfsight.com\/fr\/?s={search_term_string}"},"query-input":{"@type":"PropertyValueSpecification","valueRequired":true,"valueName":"search_term_string"}}],"inLanguage":"fr-FR"}]}},"meta_box":{"industry":"","seo_heading":"","heading":"","description":"","cta_heading":"","cta_description":"","application":"2496","h1":"Application Wix M\u00e9t\u00e9o","h1_caption":"Affichez les informations m\u00e9t\u00e9orologiques actuelles pour n'importe quel endroit de votre site Web pour impliquer facilement votre public local ou voyageur dans votre site Web Wix.","application_category":[],"applications_title":"","applications_request_title":"","applications_request_button_text":"","hero_text":"","hero_video":"","hero_video_schema_markup":"","selling_points_title":"","selling_points_caption":"","selling_points":[],"selling_points_cta_text":"","features_title":"","features":"","ed_cta_examples_text":"","ed_cta_examples_hidden":"","ed_cta_demo_text":"","ed_cta_demo_hidden":"","why_caption":"","why_editor_title":"","why_editor_text":"","why_team_title":"","why_team_text":"","why_service_title":"","why_service_text":"","template_catalog_visible":"","template_catalog_title":"","template_catalog_text":"","template_catalog_categories_visible":"","demo_title":"Cr\u00e9ez votre application M\u00e9t\u00e9o","demo_caption":"Configurez votre M\u00e9t\u00e9o et ajoutez-la \u00e0 votre site Wix gratuitement !","default_faq_hidden":"","app_template_category":[],"platform":"345","template_public_id":"","codecanyon_url":"","codecanyon_item_id":"","codecanyon_price":"","pricing_caption":"","pricing_elfsight_apps_hide_column":"","pricing_elfsight_apps_url":"","pricing_codecanyon_price_caption":"","integration_category":[],"integration_request_title":"","integration_request_cta":"","integration_platform":"","integrations":[],"platform_category":[],"video_schema_markup":"","price":"\u00e0 partir de 0$ \/ mois","trial":"","benefits":[{"text":"Aide \u00e0 l'installation gratuite"},{"text":"Un soutien exceptionnel"},{"text":"Garantie de remboursement de 14 jours"},{"text":"D\u00e9veloppement continu"}],"button_url":"","button_target_blank":"","button_nofollow":"","attributes":[{"name":"Installations","content":"10,000 - 100,000"},{"name":"Sensible","content":"Oui"},{"name":"Navigateurs compatibles","content":"Firefox, Safari, Opera, Chrome, Edge"}],"tags":[],"tags_disable_links":"","hide_more_platforms":"","video_object":"","demo_hide_cta":"","demo_hide_cloud_options":"","pricing_title":"","pricing":[{"pricing_icon":"platform","pricing_title":"Elfsight Apps","pricing_title_caption":"Logiciel ind\u00e9pendant de la plate-forme qui s'adapte \u00e0 n'importe quel site","pricing_price":"from $0 \/ month","pricing_price_caption":"commencez avec un forfait gratuit","pricing_benefits":[{"text":"Sites Web illimit\u00e9s"},{"text":"Support client d\u00e9di\u00e9"},{"text":"Service d'installation gratuit"},{"text":"Offre sp\u00e9ciale pour plusieurs applications"}],"pricing_button_text":"Ajouter au site Web","pricing_button_url":"#demo"}],"related_apps_title":"","related_apps_hidden":"","author":"","image":[],"title":"","job":"","social_networks":[]},"_links":{"self":[{"href":"https:\/\/elfsight.com\/fr\/wp-json\/wp\/v2\/pages\/11029","targetHints":{"allow":["GET"]}}],"collection":[{"href":"https:\/\/elfsight.com\/fr\/wp-json\/wp\/v2\/pages"}],"about":[{"href":"https:\/\/elfsight.com\/fr\/wp-json\/wp\/v2\/types\/page"}],"author":[{"embeddable":true,"href":"https:\/\/elfsight.com\/fr\/wp-json\/wp\/v2\/users\/9"}],"replies":[{"embeddable":true,"href":"https:\/\/elfsight.com\/fr\/wp-json\/wp\/v2\/comments?post=11029"}],"version-history":[{"count":1,"href":"https:\/\/elfsight.com\/fr\/wp-json\/wp\/v2\/pages\/11029\/revisions"}],"predecessor-version":[{"id":11033,"href":"https:\/\/elfsight.com\/fr\/wp-json\/wp\/v2\/pages\/11029\/revisions\/11033"}],"up":[{"embeddable":true,"href":"https:\/\/elfsight.com\/fr\/wp-json\/wp\/v2\/pages\/2497"}],"wp:attachment":[{"href":"https:\/\/elfsight.com\/fr\/wp-json\/wp\/v2\/media?parent=11029"}],"curies":[{"name":"wp","href":"https:\/\/api.w.org\/{rel}","templated":true}]}}