{"id":11027,"date":"1970-01-01T00:00:00","date_gmt":"1970-01-01T00:00:00","guid":{"rendered":"https:\/\/elfsight.com\/fr\/?page_id=11027"},"modified":"2025-07-10T14:11:01","modified_gmt":"2025-07-10T14:11:01","slug":"facebook","status":"publish","type":"page","link":"https:\/\/elfsight.com\/fr\/weather-widget\/facebook\/","title":{"rendered":"Weather &#8211; Facebook Page"},"content":{"rendered":"<div class=\"application-platform-content-item-description application-platform-content-item\" id=\"description\" data-nav-section=\"description\"><h2>Description<\/h2><p>Elfsight Weather est un widget de site Web simple et facilement adaptable pour afficher la situation m\u00e9t\u00e9orologique pertinente pour n&rsquo;importe quelle zone requise. Entrez un lieu par le titre, le code postal ou les coordonn\u00e9es. Les visiteurs du site Web v\u00e9rifieront les nouvelles informations sur la temp\u00e9rature, la pression atmosph\u00e9rique, l\u2019humidit\u00e9 et les \u00e9l\u00e9ments m\u00e9t\u00e9orologiques. Notre widget propose une option pour afficher les pr\u00e9visions horaires ou quotidiennes. Vous pouvez ajuster l&rsquo;interface \u00e0 l&rsquo;aide d&rsquo;images d&rsquo;arri\u00e8re-plan th\u00e9matiques et de la possibilit\u00e9 d&rsquo;appliquer des couleurs personnalis\u00e9es. <\/p><p><b>Augmentez les ventes de produits saisonniers avec des pr\u00e9visions m\u00e9t\u00e9o pertinentes sur votre site\u00a0! <\/b><\/p><\/div><div class=\"application-platform-content-item-features application-platform-content-item\" id=\"features\" data-nav-section=\"features\"><p>V\u00e9rifiez une liste de toutes les caract\u00e9ristiques fonctionnelles du widget M\u00e9t\u00e9o Facebook. Vous pouvez les ajuster directement dans l&rsquo;\u00e9diteur et ils vous aideront \u00e0 construire le widget sp\u00e9cialement pour vos besoins. <\/p><ul><li>3 fa\u00e7ons d&rsquo;ajouter le lieu\u00a0: le nom, le code postal et les coordonn\u00e9es\u00a0; <\/li><li>Plus de 30\u00a0langues prises en charge pour afficher les donn\u00e9es m\u00e9t\u00e9orologiques dans la langue de votre public\u00a0; <\/li><li>5 variantes de configuration du widget pour diff\u00e9rents cas d&rsquo;utilisation\u00a0; <\/li><li>L&rsquo;option d&rsquo;afficher les pr\u00e9visions quotidiennes pour une semaine avec des dates\u00a0; <\/li><li>Ajoutez des pr\u00e9visions horaires pour les 12 heures les plus proches. <\/li><\/ul><p><a href=\"#demo\">Testez toutes les autres fonctions de la d\u00e9mo<\/a><\/p><\/div><div class=\"application-platform-content-item-installation application-platform-content-item\" id=\"installation\" data-nav-section=\"installation\"><h2> Comment puis-je ajouter la m\u00e9t\u00e9o \u00e0 la page Facebook ? <\/h2><p>Pour introduire le widget M\u00e9t\u00e9o, suivez simplement les instructions ci-dessous<\/p><ol><li><b>G\u00e9n\u00e9rez votre widget M\u00e9t\u00e9o personnalis\u00e9<\/b><br>Gr\u00e2ce \u00e0 notre d\u00e9mo gratuite, fa\u00e7onnez un plugin avec une interface et des param\u00e8tres pr\u00e9f\u00e9r\u00e9s. <\/li> <li><b>Obtenez le code individuel pour installer le widget<\/b><br>Apr\u00e8s avoir g\u00e9n\u00e9r\u00e9 votre widget, vous obtiendrez votre code d&rsquo;installation dans la fen\u00eatre contextuelle des applications Elfsight. Copiez le code. <\/li><li><b>Ajoutez l&rsquo;onglet M\u00e9t\u00e9o \u00e0 la page Facebook<\/b><br> Cr\u00e9ez votre onglet Facebook personnalis\u00e9. Ins\u00e9rez le code que vous avez re\u00e7u sur les applications elfsight dans l&rsquo;onglet. Si vous rencontrez des probl\u00e8mes, consultez simplement notre guide sur <a href=\"https:\/\/elfsight.com\/blog\/how-to-add-custom-tab-to-facebook-page\/\" target=\"_blank\" rel=\"noopener noreferrer\">cr\u00e9ation d&rsquo;un onglet Facebook personnalis\u00e9<\/a><\/li> <li><b>La configuration est termin\u00e9e<\/b><br>Visitez votre page pour v\u00e9rifier votre widget. <\/li><\/ol> <p>N&rsquo;h\u00e9sitez pas \u00e0 contacter le service d&rsquo;assistance si vous avez besoin d&rsquo;aide ou si vous rencontrez des probl\u00e8mes. Nous vous donnerons un coup de main pour chaque demande. <\/p><div class=\"faq\" data-component=\"FAQ\"><div class=\"faq-item\">\r\n\t\t\t\t\t<div class=\"faq-item-question\">\r\n\t\t\t\t\t\t<h3 class=\"faq-item-question-text\">Comment puis-je ajouter la M\u00e9t\u00e9o \u00e0 ma page web Facebook sans comp\u00e9tences en codage ?<\/h3>\r\n\r\n\t\t\t\t\t\t<div class=\"faq-item-question-icon\"><\/div>\r\n\t\t\t\t\t<\/div>\r\n\r\n\t\t\t\t\t<div class=\"faq-item-answer\">\r\n\t\t\t\t\t\t<div class=\"faq-item-answer-text\"> <p>Elfsight propose une solution SaaS qui vous permet de cr\u00e9er vous-m\u00eame un widget M\u00e9t\u00e9o, d\u00e9couvrez comment C&rsquo;est simple\u00a0: commencez \u00e0 travailler directement dans la d\u00e9mo en direct pour cr\u00e9er une section M\u00e9t\u00e9o que vous souhaitez inclure sur la page d&rsquo;accueil de la page Facebook. Choisissez l&rsquo;un des mod\u00e8les pr\u00e9d\u00e9finis et modifiez les param\u00e8tres m\u00e9t\u00e9o, modifiez la mise en page et la palette de couleurs et ajoutez votre contenu, sans exp\u00e9rience en codage. Enregistrez les param\u00e8tres que vous avez d\u00e9finis dans M\u00e9t\u00e9o et obtenez le code d&rsquo;un widget \u00e0 int\u00e9grer, qui peut \u00eatre int\u00e9gr\u00e9 gratuitement dans la page d&rsquo;accueil de la page Facebook. En travaillant dans le configurateur intuitif, chaque internaute peut \u00e9tablir la m\u00e9t\u00e9o en ligne et l&rsquo;inclure sans effort sur la page d&rsquo;accueil de la page Facebook. Il n&rsquo;est pas n\u00e9cessaire de payer ou de divulguer les informations d&rsquo;identification de votre carte pour acc\u00e9der \u00e0 notre \u00e9diteur. Si vous rencontrez des probl\u00e8mes de quelque nature que ce soit, contactez notre support technique client.<\/p> <\/div>\r\n\t\t\t\t\t<\/div>\r\n\t\t\t\t<\/div> <\/div><\/div>","protected":false},"excerpt":{"rendered":"","protected":false},"author":9,"featured_media":0,"parent":2497,"menu_order":0,"comment_status":"closed","ping_status":"closed","template":"templates\/template-application-platform.php","meta":{"publish_to_discourse":"","publish_post_category":"","wpdc_auto_publish_overridden":"","wpdc_topic_tags":"","wpdc_pin_topic":"","wpdc_pin_until":"","discourse_post_id":"","discourse_permalink":"","wpdc_publishing_response":"","wpdc_publishing_error":"","footnotes":""},"class_list":["post-11027","page","type-page","status-publish","hentry"],"yoast_head":"<!-- This site is optimized with the Yoast SEO plugin v25.3.1 - https:\/\/yoast.com\/wordpress\/plugins\/seo\/ -->\n<title>Ajouter un widget M\u00e9t\u00e9o \u00e0 l&#039;onglet de la page Facebook (gratuit et rapide)<\/title>\n<meta name=\"description\" content=\"Il est facile de cr\u00e9er votre widget M\u00e9t\u00e9o et de l\u2019ajouter \u00e0 l\u2019onglet de votre page Facebook. Le support client Elfsight est gratuit et rapide.\" \/>\n<meta name=\"robots\" content=\"index, follow, max-snippet:-1, max-image-preview:large, max-video-preview:-1\" \/>\n<link rel=\"canonical\" href=\"https:\/\/elfsight.com\/fr\/weather-widget\/facebook\/\" \/>\n<meta property=\"og:locale\" content=\"fr_FR\" \/>\n<meta property=\"og:type\" content=\"article\" \/>\n<meta property=\"og:title\" content=\"Ajouter un widget M\u00e9t\u00e9o \u00e0 l&#039;onglet de la page Facebook (gratuit et rapide)\" \/>\n<meta property=\"og:description\" content=\"Il est facile de cr\u00e9er votre widget M\u00e9t\u00e9o et de l\u2019ajouter \u00e0 l\u2019onglet de votre page Facebook. Le support client Elfsight est gratuit et rapide.\" \/>\n<meta property=\"og:url\" content=\"https:\/\/elfsight.com\/fr\/weather-widget\/facebook\/\" \/>\n<meta property=\"og:site_name\" content=\"Elfsight FR\" \/>\n<meta property=\"article:modified_time\" content=\"2025-07-10T14:11:01+00:00\" \/>\n<meta name=\"twitter:card\" content=\"summary_large_image\" \/>\n<meta name=\"twitter:label1\" content=\"Dur\u00e9e de lecture estim\u00e9e\" \/>\n\t<meta name=\"twitter:data1\" content=\"3 minutes\" \/>\n<!-- \/ Yoast SEO plugin. -->","yoast_head_json":{"title":"Ajouter un widget M\u00e9t\u00e9o \u00e0 l'onglet de la page Facebook (gratuit et rapide)","description":"Il est facile de cr\u00e9er votre widget M\u00e9t\u00e9o et de l\u2019ajouter \u00e0 l\u2019onglet de votre page Facebook. Le support client Elfsight est gratuit et rapide.","robots":{"index":"index","follow":"follow","max-snippet":"max-snippet:-1","max-image-preview":"max-image-preview:large","max-video-preview":"max-video-preview:-1"},"canonical":"https:\/\/elfsight.com\/fr\/weather-widget\/facebook\/","og_locale":"fr_FR","og_type":"article","og_title":"Ajouter un widget M\u00e9t\u00e9o \u00e0 l'onglet de la page Facebook (gratuit et rapide)","og_description":"Il est facile de cr\u00e9er votre widget M\u00e9t\u00e9o et de l\u2019ajouter \u00e0 l\u2019onglet de votre page Facebook. Le support client Elfsight est gratuit et rapide.","og_url":"https:\/\/elfsight.com\/fr\/weather-widget\/facebook\/","og_site_name":"Elfsight FR","article_modified_time":"2025-07-10T14:11:01+00:00","twitter_card":"summary_large_image","twitter_misc":{"Dur\u00e9e de lecture estim\u00e9e":"3 minutes"},"schema":{"@context":"https:\/\/schema.org","@graph":[{"@type":"WebPage","@id":"https:\/\/elfsight.com\/fr\/weather-widget\/facebook\/","url":"https:\/\/elfsight.com\/fr\/weather-widget\/facebook\/","name":"Ajouter un widget M\u00e9t\u00e9o \u00e0 l'onglet de la page Facebook (gratuit et rapide)","isPartOf":{"@id":"https:\/\/elfsight.com\/fr\/#website"},"datePublished":"1970-01-01T00:00:00+00:00","dateModified":"2025-07-10T14:11:01+00:00","description":"Il est facile de cr\u00e9er votre widget M\u00e9t\u00e9o et de l\u2019ajouter \u00e0 l\u2019onglet de votre page Facebook. Le support client Elfsight est gratuit et rapide.","breadcrumb":{"@id":"https:\/\/elfsight.com\/fr\/weather-widget\/facebook\/#breadcrumb"},"inLanguage":"fr-FR","potentialAction":[{"@type":"ReadAction","target":["https:\/\/elfsight.com\/fr\/weather-widget\/facebook\/"]}]},{"@type":"BreadcrumbList","@id":"https:\/\/elfsight.com\/fr\/weather-widget\/facebook\/#breadcrumb","itemListElement":[{"@type":"ListItem","position":1,"name":"Home","item":"https:\/\/elfsight.com\/fr\/"},{"@type":"ListItem","position":2,"name":"Weather","item":"https:\/\/elfsight.com\/fr\/weather-widget\/"},{"@type":"ListItem","position":3,"name":"Weather &#8211; Facebook Page"}]},{"@type":"WebSite","@id":"https:\/\/elfsight.com\/fr\/#website","url":"https:\/\/elfsight.com\/fr\/","name":"Elfsight FR","description":"","potentialAction":[{"@type":"SearchAction","target":{"@type":"EntryPoint","urlTemplate":"https:\/\/elfsight.com\/fr\/?s={search_term_string}"},"query-input":{"@type":"PropertyValueSpecification","valueRequired":true,"valueName":"search_term_string"}}],"inLanguage":"fr-FR"}]}},"meta_box":{"industry":"","seo_heading":"","heading":"","description":"","cta_heading":"","cta_description":"","application":"2496","h1":"Widget m\u00e9t\u00e9o pour page Facebook","h1_caption":"Affichez les informations m\u00e9t\u00e9orologiques actuelles pour n'importe quel endroit de votre site Web pour impliquer sans effort votre public local ou voyageur dans votre site Web de page Facebook.","application_category":[],"applications_title":"","applications_request_title":"","applications_request_button_text":"","hero_text":"","hero_video":"","hero_video_schema_markup":"","selling_points_title":"","selling_points_caption":"","selling_points":[],"selling_points_cta_text":"","features_title":"","features":"","ed_cta_examples_text":"","ed_cta_examples_hidden":"","ed_cta_demo_text":"","ed_cta_demo_hidden":"","why_caption":"","why_editor_title":"","why_editor_text":"","why_team_title":"","why_team_text":"","why_service_title":"","why_service_text":"","template_catalog_visible":"","template_catalog_title":"","template_catalog_text":"","template_catalog_categories_visible":"","demo_title":"Cr\u00e9ez votre widget M\u00e9t\u00e9o","demo_caption":"Configurez votre m\u00e9t\u00e9o et ajoutez-la gratuitement \u00e0 votre page Facebook\u00a0!","default_faq_hidden":"","app_template_category":[],"platform":"394","template_public_id":"","codecanyon_url":"","codecanyon_item_id":"","codecanyon_price":"","pricing_caption":"","pricing_elfsight_apps_hide_column":"","pricing_elfsight_apps_url":"","pricing_codecanyon_price_caption":"","integration_category":[],"integration_request_title":"","integration_request_cta":"","integration_platform":"","integrations":[],"platform_category":[],"video_schema_markup":"","price":"\u00e0 partir de 0$ \/ mois","trial":"","benefits":[{"text":"Aide \u00e0 l'installation gratuite"},{"text":"Service client comp\u00e9tent"},{"text":"Garantie de remboursement de 14 jours"},{"text":"Am\u00e9liorations gratuites et continues"}],"button_url":"","button_target_blank":"","button_nofollow":"","attributes":[{"name":"Installations","content":"10,000 - 100,000"},{"name":"Sensible","content":"Oui"},{"name":"Navigateurs compatibles","content":"Firefox, Edge, Safari, Chrome, Opera"}],"tags":[],"tags_disable_links":"","hide_more_platforms":"","video_object":"","demo_hide_cta":"","demo_hide_cloud_options":"","pricing_title":"","pricing":[{"pricing_icon":"platform","pricing_title":"Elfsight Apps","pricing_title_caption":"Version multiplateforme","pricing_price":"from $0 \/ month","pricing_price_caption":"commencez avec un forfait gratuit","pricing_benefits":[{"text":"Sites Web illimit\u00e9s"},{"text":"Assistance rapide de l'entreprise"},{"text":"Assistance \u00e0 l'installation gratuite"},{"text":"Tr\u00e8s bonne affaire pour plusieurs applications"}],"pricing_button_text":"Ajouter au site Web","pricing_button_url":"#demo"}],"related_apps_title":"","related_apps_hidden":"","author":"","image":[],"title":"","job":"","social_networks":[]},"_links":{"self":[{"href":"https:\/\/elfsight.com\/fr\/wp-json\/wp\/v2\/pages\/11027","targetHints":{"allow":["GET"]}}],"collection":[{"href":"https:\/\/elfsight.com\/fr\/wp-json\/wp\/v2\/pages"}],"about":[{"href":"https:\/\/elfsight.com\/fr\/wp-json\/wp\/v2\/types\/page"}],"author":[{"embeddable":true,"href":"https:\/\/elfsight.com\/fr\/wp-json\/wp\/v2\/users\/9"}],"replies":[{"embeddable":true,"href":"https:\/\/elfsight.com\/fr\/wp-json\/wp\/v2\/comments?post=11027"}],"version-history":[{"count":1,"href":"https:\/\/elfsight.com\/fr\/wp-json\/wp\/v2\/pages\/11027\/revisions"}],"predecessor-version":[{"id":11031,"href":"https:\/\/elfsight.com\/fr\/wp-json\/wp\/v2\/pages\/11027\/revisions\/11031"}],"up":[{"embeddable":true,"href":"https:\/\/elfsight.com\/fr\/wp-json\/wp\/v2\/pages\/2497"}],"wp:attachment":[{"href":"https:\/\/elfsight.com\/fr\/wp-json\/wp\/v2\/media?parent=11027"}],"curies":[{"name":"wp","href":"https:\/\/api.w.org\/{rel}","templated":true}]}}